{"id":4938,"date":"2020-05-13T16:06:15","date_gmt":"2020-05-13T14:06:15","guid":{"rendered":"https:\/\/mantenimientosinformaticos.net\/canarytools\/producto\/analizador-de-gases-multifuncion\/"},"modified":"2020-05-13T16:06:15","modified_gmt":"2020-05-13T14:06:15","slug":"analizador-de-gases-multifuncion","status":"publish","type":"product","link":"https:\/\/mantenimientosinformaticos.net\/canarytools\/producto\/analizador-de-gases-multifuncion\/","title":{"rendered":"REF.:SPEK TRA 3000.  Analizador de gases multifunci\u00f3n"},"content":{"rendered":"","protected":false},"excerpt":{"rendered":"<p style=\"margin-bottom:0cm;line-height:100%;\">Analizador de gases multifunci\u00f3n con medicaciones de CO, CO2, HC corregido, c\u00e1lculo lambda, preparado para NOX, con funciones para m\u00faltiples pruebas. R\u00e1pido calentamiento 60 segundo. Base de datos incorporada con valores te\u00f3ricos y realesen pantalla. Software gr\u00e1fico con pantallas de control del sistema y m\u00faltiples posibilidad de visualizaci\u00f3n. Realizaci\u00f3n de pruebas especiales, balance por cilindros, prueba de estado culata, v\u00e1lvulas y segmentos, rendimiento catalizador y tomas de aire.<\/p><\/p>\n","protected":false},"featured_media":4937,"comment_status":"open","ping_status":"closed","template":"","meta":[],"product_cat":[619,540],"product_tag":[],"class_list":{"0":"post-4938","1":"product","2":"type-product","3":"status-publish","4":"has-post-thumbnail","6":"product_cat-comprobador-de-fugas-de-sistemas-turbo","7":"product_cat-comprobadores","9":"first","10":"outofstock","11":"shipping-taxable","12":"purchasable","13":"product-type-simple"},"yoast_head":"<!-- This site is optimized with the Yoast SEO plugin v22.7 - https:\/\/yoast.com\/wordpress\/plugins\/seo\/ -->\n<title>REF.:SPEK TRA 3000. Analizador de gases multifunci\u00f3n - Canarytools S.L.<\/title>\n<meta name=\"robots\" content=\"index, follow, max-snippet:-1, max-image-preview:large, max-video-preview:-1\" \/>\n<link rel=\"canonical\" href=\"https:\/\/mantenimientosinformaticos.net\/canarytools\/producto\/analizador-de-gases-multifuncion\/\" \/>\n<meta property=\"og:locale\" content=\"es_ES\" \/>\n<meta property=\"og:type\" content=\"article\" \/>\n<meta property=\"og:title\" content=\"REF.:SPEK TRA 3000. Analizador de gases multifunci\u00f3n - Canarytools S.L.\" \/>\n<meta property=\"og:description\" content=\"Analizador de gases multifunci\u00f3n con medicaciones de CO, CO2, HC corregido, c\u00e1lculo lambda, preparado para NOX, con funciones para m\u00faltiples pruebas. R\u00e1pido calentamiento 60 segundo. Base de datos incorporada con valores te\u00f3ricos y realesen pantalla. Software gr\u00e1fico con pantallas de control del sistema y m\u00faltiples posibilidad de visualizaci\u00f3n. Realizaci\u00f3n de pruebas especiales, balance por cilindros, prueba de estado culata, v\u00e1lvulas y segmentos, rendimiento catalizador y tomas de aire.\" \/>\n<meta property=\"og:url\" content=\"https:\/\/mantenimientosinformaticos.net\/canarytools\/producto\/analizador-de-gases-multifuncion\/\" \/>\n<meta property=\"og:site_name\" content=\"Canarytools S.L.\" \/>\n<meta property=\"og:image\" content=\"https:\/\/mantenimientosinformaticos.net\/canarytools\/wp-content\/uploads\/2020\/05\/589-REF.SPEK-TRA-3000.-Analizador-de-gases-multifuncion.jpg\" \/>\n\t<meta property=\"og:image:width\" content=\"959\" \/>\n\t<meta property=\"og:image:height\" content=\"991\" \/>\n\t<meta property=\"og:image:type\" content=\"image\/jpeg\" \/>\n<meta name=\"twitter:card\" content=\"summary_large_image\" \/>\n<script type=\"application\/ld+json\" class=\"yoast-schema-graph\">{\"@context\":\"https:\/\/schema.org\",\"@graph\":[{\"@type\":\"WebPage\",\"@id\":\"https:\/\/mantenimientosinformaticos.net\/canarytools\/producto\/analizador-de-gases-multifuncion\/\",\"url\":\"https:\/\/mantenimientosinformaticos.net\/canarytools\/producto\/analizador-de-gases-multifuncion\/\",\"name\":\"REF.:SPEK TRA 3000. Analizador de gases multifunci\u00f3n - Canarytools S.L.\",\"isPartOf\":{\"@id\":\"https:\/\/mantenimientosinformaticos.net\/canarytools\/#website\"},\"primaryImageOfPage\":{\"@id\":\"https:\/\/mantenimientosinformaticos.net\/canarytools\/producto\/analizador-de-gases-multifuncion\/#primaryimage\"},\"image\":{\"@id\":\"https:\/\/mantenimientosinformaticos.net\/canarytools\/producto\/analizador-de-gases-multifuncion\/#primaryimage\"},\"thumbnailUrl\":\"https:\/\/mantenimientosinformaticos.net\/canarytools\/wp-content\/uploads\/2020\/05\/589-REF.SPEK-TRA-3000.-Analizador-de-gases-multifuncion.jpg\",\"datePublished\":\"2020-05-13T14:06:15+00:00\",\"dateModified\":\"2020-05-13T14:06:15+00:00\",\"breadcrumb\":{\"@id\":\"https:\/\/mantenimientosinformaticos.net\/canarytools\/producto\/analizador-de-gases-multifuncion\/#breadcrumb\"},\"inLanguage\":\"es\",\"potentialAction\":[{\"@type\":\"ReadAction\",\"target\":[\"https:\/\/mantenimientosinformaticos.net\/canarytools\/producto\/analizador-de-gases-multifuncion\/\"]}]},{\"@type\":\"ImageObject\",\"inLanguage\":\"es\",\"@id\":\"https:\/\/mantenimientosinformaticos.net\/canarytools\/producto\/analizador-de-gases-multifuncion\/#primaryimage\",\"url\":\"https:\/\/mantenimientosinformaticos.net\/canarytools\/wp-content\/uploads\/2020\/05\/589-REF.SPEK-TRA-3000.-Analizador-de-gases-multifuncion.jpg\",\"contentUrl\":\"https:\/\/mantenimientosinformaticos.net\/canarytools\/wp-content\/uploads\/2020\/05\/589-REF.SPEK-TRA-3000.-Analizador-de-gases-multifuncion.jpg\",\"width\":959,\"height\":991,\"caption\":\"REF.:SPEK TRA 3000. Analizador de gases multifunci\u00f3n\"},{\"@type\":\"BreadcrumbList\",\"@id\":\"https:\/\/mantenimientosinformaticos.net\/canarytools\/producto\/analizador-de-gases-multifuncion\/#breadcrumb\",\"itemListElement\":[{\"@type\":\"ListItem\",\"position\":1,\"name\":\"Portada\",\"item\":\"https:\/\/mantenimientosinformaticos.net\/canarytools\/\"},{\"@type\":\"ListItem\",\"position\":2,\"name\":\"Tienda\",\"item\":\"https:\/\/mantenimientosinformaticos.net\/canarytools\/tienda\/\"},{\"@type\":\"ListItem\",\"position\":3,\"name\":\"REF.:SPEK TRA 3000. Analizador de gases multifunci\u00f3n\"}]},{\"@type\":\"WebSite\",\"@id\":\"https:\/\/mantenimientosinformaticos.net\/canarytools\/#website\",\"url\":\"https:\/\/mantenimientosinformaticos.net\/canarytools\/\",\"name\":\"Canarytools S.L.\",\"description\":\"Herramientas y M\u00e1quinas\",\"publisher\":{\"@id\":\"https:\/\/mantenimientosinformaticos.net\/canarytools\/#\/schema\/person\/355e32754b03bb24b681f1b6917e49bf\"},\"potentialAction\":[{\"@type\":\"SearchAction\",\"target\":{\"@type\":\"EntryPoint\",\"urlTemplate\":\"https:\/\/mantenimientosinformaticos.net\/canarytools\/?s={search_term_string}\"},\"query-input\":\"required name=search_term_string\"}],\"inLanguage\":\"es\"},{\"@type\":[\"Person\",\"Organization\"],\"@id\":\"https:\/\/mantenimientosinformaticos.net\/canarytools\/#\/schema\/person\/355e32754b03bb24b681f1b6917e49bf\",\"name\":\"canarytools.xnetdigital\",\"image\":{\"@type\":\"ImageObject\",\"inLanguage\":\"es\",\"@id\":\"https:\/\/mantenimientosinformaticos.net\/canarytools\/#\/schema\/person\/image\/\",\"url\":\"https:\/\/mantenimientosinformaticos.net\/canarytools\/wp-content\/uploads\/2023\/12\/canary-tools-logo.png\",\"contentUrl\":\"https:\/\/mantenimientosinformaticos.net\/canarytools\/wp-content\/uploads\/2023\/12\/canary-tools-logo.png\",\"width\":1302,\"height\":440,\"caption\":\"canarytools.xnetdigital\"},\"logo\":{\"@id\":\"https:\/\/mantenimientosinformaticos.net\/canarytools\/#\/schema\/person\/image\/\"},\"sameAs\":[\"https:\/\/mantenimientosinformaticos.net\/canarytools\"]}]}<\/script>\n<!-- \/ Yoast SEO plugin. -->","yoast_head_json":{"title":"REF.:SPEK TRA 3000. Analizador de gases multifunci\u00f3n - Canarytools S.L.","robots":{"index":"index","follow":"follow","max-snippet":"max-snippet:-1","max-image-preview":"max-image-preview:large","max-video-preview":"max-video-preview:-1"},"canonical":"https:\/\/mantenimientosinformaticos.net\/canarytools\/producto\/analizador-de-gases-multifuncion\/","og_locale":"es_ES","og_type":"article","og_title":"REF.:SPEK TRA 3000. Analizador de gases multifunci\u00f3n - Canarytools S.L.","og_description":"Analizador de gases multifunci\u00f3n con medicaciones de CO, CO2, HC corregido, c\u00e1lculo lambda, preparado para NOX, con funciones para m\u00faltiples pruebas. R\u00e1pido calentamiento 60 segundo. Base de datos incorporada con valores te\u00f3ricos y realesen pantalla. Software gr\u00e1fico con pantallas de control del sistema y m\u00faltiples posibilidad de visualizaci\u00f3n. Realizaci\u00f3n de pruebas especiales, balance por cilindros, prueba de estado culata, v\u00e1lvulas y segmentos, rendimiento catalizador y tomas de aire.","og_url":"https:\/\/mantenimientosinformaticos.net\/canarytools\/producto\/analizador-de-gases-multifuncion\/","og_site_name":"Canarytools S.L.","og_image":[{"width":959,"height":991,"url":"https:\/\/mantenimientosinformaticos.net\/canarytools\/wp-content\/uploads\/2020\/05\/589-REF.SPEK-TRA-3000.-Analizador-de-gases-multifuncion.jpg","type":"image\/jpeg"}],"twitter_card":"summary_large_image","schema":{"@context":"https:\/\/schema.org","@graph":[{"@type":"WebPage","@id":"https:\/\/mantenimientosinformaticos.net\/canarytools\/producto\/analizador-de-gases-multifuncion\/","url":"https:\/\/mantenimientosinformaticos.net\/canarytools\/producto\/analizador-de-gases-multifuncion\/","name":"REF.:SPEK TRA 3000. Analizador de gases multifunci\u00f3n - Canarytools S.L.","isPartOf":{"@id":"https:\/\/mantenimientosinformaticos.net\/canarytools\/#website"},"primaryImageOfPage":{"@id":"https:\/\/mantenimientosinformaticos.net\/canarytools\/producto\/analizador-de-gases-multifuncion\/#primaryimage"},"image":{"@id":"https:\/\/mantenimientosinformaticos.net\/canarytools\/producto\/analizador-de-gases-multifuncion\/#primaryimage"},"thumbnailUrl":"https:\/\/mantenimientosinformaticos.net\/canarytools\/wp-content\/uploads\/2020\/05\/589-REF.SPEK-TRA-3000.-Analizador-de-gases-multifuncion.jpg","datePublished":"2020-05-13T14:06:15+00:00","dateModified":"2020-05-13T14:06:15+00:00","breadcrumb":{"@id":"https:\/\/mantenimientosinformaticos.net\/canarytools\/producto\/analizador-de-gases-multifuncion\/#breadcrumb"},"inLanguage":"es","potentialAction":[{"@type":"ReadAction","target":["https:\/\/mantenimientosinformaticos.net\/canarytools\/producto\/analizador-de-gases-multifuncion\/"]}]},{"@type":"ImageObject","inLanguage":"es","@id":"https:\/\/mantenimientosinformaticos.net\/canarytools\/producto\/analizador-de-gases-multifuncion\/#primaryimage","url":"https:\/\/mantenimientosinformaticos.net\/canarytools\/wp-content\/uploads\/2020\/05\/589-REF.SPEK-TRA-3000.-Analizador-de-gases-multifuncion.jpg","contentUrl":"https:\/\/mantenimientosinformaticos.net\/canarytools\/wp-content\/uploads\/2020\/05\/589-REF.SPEK-TRA-3000.-Analizador-de-gases-multifuncion.jpg","width":959,"height":991,"caption":"REF.:SPEK TRA 3000. Analizador de gases multifunci\u00f3n"},{"@type":"BreadcrumbList","@id":"https:\/\/mantenimientosinformaticos.net\/canarytools\/producto\/analizador-de-gases-multifuncion\/#breadcrumb","itemListElement":[{"@type":"ListItem","position":1,"name":"Portada","item":"https:\/\/mantenimientosinformaticos.net\/canarytools\/"},{"@type":"ListItem","position":2,"name":"Tienda","item":"https:\/\/mantenimientosinformaticos.net\/canarytools\/tienda\/"},{"@type":"ListItem","position":3,"name":"REF.:SPEK TRA 3000. Analizador de gases multifunci\u00f3n"}]},{"@type":"WebSite","@id":"https:\/\/mantenimientosinformaticos.net\/canarytools\/#website","url":"https:\/\/mantenimientosinformaticos.net\/canarytools\/","name":"Canarytools S.L.","description":"Herramientas y M\u00e1quinas","publisher":{"@id":"https:\/\/mantenimientosinformaticos.net\/canarytools\/#\/schema\/person\/355e32754b03bb24b681f1b6917e49bf"},"potentialAction":[{"@type":"SearchAction","target":{"@type":"EntryPoint","urlTemplate":"https:\/\/mantenimientosinformaticos.net\/canarytools\/?s={search_term_string}"},"query-input":"required name=search_term_string"}],"inLanguage":"es"},{"@type":["Person","Organization"],"@id":"https:\/\/mantenimientosinformaticos.net\/canarytools\/#\/schema\/person\/355e32754b03bb24b681f1b6917e49bf","name":"canarytools.xnetdigital","image":{"@type":"ImageObject","inLanguage":"es","@id":"https:\/\/mantenimientosinformaticos.net\/canarytools\/#\/schema\/person\/image\/","url":"https:\/\/mantenimientosinformaticos.net\/canarytools\/wp-content\/uploads\/2023\/12\/canary-tools-logo.png","contentUrl":"https:\/\/mantenimientosinformaticos.net\/canarytools\/wp-content\/uploads\/2023\/12\/canary-tools-logo.png","width":1302,"height":440,"caption":"canarytools.xnetdigital"},"logo":{"@id":"https:\/\/mantenimientosinformaticos.net\/canarytools\/#\/schema\/person\/image\/"},"sameAs":["https:\/\/mantenimientosinformaticos.net\/canarytools"]}]}},"_links":{"self":[{"href":"https:\/\/mantenimientosinformaticos.net\/canarytools\/wp-json\/wp\/v2\/product\/4938","targetHints":{"allow":["GET"]}}],"collection":[{"href":"https:\/\/mantenimientosinformaticos.net\/canarytools\/wp-json\/wp\/v2\/product"}],"about":[{"href":"https:\/\/mantenimientosinformaticos.net\/canarytools\/wp-json\/wp\/v2\/types\/product"}],"replies":[{"embeddable":true,"href":"https:\/\/mantenimientosinformaticos.net\/canarytools\/wp-json\/wp\/v2\/comments?post=4938"}],"wp:featuredmedia":[{"embeddable":true,"href":"https:\/\/mantenimientosinformaticos.net\/canarytools\/wp-json\/wp\/v2\/media\/4937"}],"wp:attachment":[{"href":"https:\/\/mantenimientosinformaticos.net\/canarytools\/wp-json\/wp\/v2\/media?parent=4938"}],"wp:term":[{"taxonomy":"product_cat","embeddable":true,"href":"https:\/\/mantenimientosinformaticos.net\/canarytools\/wp-json\/wp\/v2\/product_cat?post=4938"},{"taxonomy":"product_tag","embeddable":true,"href":"https:\/\/mantenimientosinformaticos.net\/canarytools\/wp-json\/wp\/v2\/product_tag?post=4938"}],"curies":[{"name":"wp","href":"https:\/\/api.w.org\/{rel}","templated":true}]}}