{"id":4934,"date":"2020-05-13T13:18:32","date_gmt":"2020-05-13T11:18:32","guid":{"rendered":"https:\/\/mantenimientosinformaticos.net\/canarytools\/producto\/maxidiag-md808pro\/"},"modified":"2020-05-13T13:18:32","modified_gmt":"2020-05-13T11:18:32","slug":"maxidiag-md808pro","status":"publish","type":"product","link":"https:\/\/mantenimientosinformaticos.net\/canarytools\/producto\/maxidiag-md808pro\/","title":{"rendered":"REF.:MD808 PRO   MaxiDiag MD808Pro"},"content":{"rendered":"<ul class=\"ul-product-features\" style=\"margin:0px 0px 10px 25px;padding:0px;color:#b40004;font-family:Arial, Helvetica, sans-serif;font-size:14px;line-height:20px;background-color:#ffffff;\">\n<li style=\"margin:0px;padding:0px;\"><span style=\"margin:0px;padding:0px;color:#333333;\">Soporta funciones Leer\/Borrar C\u00f3digos y Datos en Vivo en TODOS los sistemas.<\/span><\/li>\n<li style=\"margin:0px;padding:0px;\"><span style=\"margin:0px;padding:0px;color:#333333;\">Lee y borra c\u00f3digos de fallo, controla y comprueba sistemas BMS\/Oil Reset\/SRS\/EPB\/DPF.<\/span><\/li>\n<li style=\"margin:0px;padding:0px;\"><span style=\"margin:0px;padding:0px;color:#333333;\">Soporta reset del aceite.<\/span><\/li>\n<li style=\"margin:0px;padding:0px;\"><span style=\"margin:0px;padding:0px;color:#333333;\">Soporta registro y reset de bater\u00edas.<\/span><\/li>\n<li style=\"margin:0px;padding:0px;\"><span style=\"margin:0px;padding:0px;color:#333333;\">Servicio filtro part\u00edculas incluyendo regeneraci\u00f3n forzada.<\/span><\/li>\n<li style=\"margin:0px;padding:0px;\"><span style=\"margin:0px;padding:0px;color:#333333;\">Funcionalidad reset Sensor \u00c1ngulo de Giro (SAS).<\/span><\/li>\n<li style=\"margin:0px;padding:0px;\"><span style=\"margin:0px;padding:0px;color:#333333;\">Reaprende zapata EPB tras sustituci\u00f3n.<\/span><\/li>\n<li style=\"margin:0px;padding:0px;\"><span style=\"margin:0px;padding:0px;color:#333333;\">Resetea kil\u00f3metros e intervalos aceite.<\/span><\/li>\n<li style=\"margin:0px;padding:0px;\"><span style=\"margin:0px;padding:0px;color:#333333;\">Apaga luz aviso EPB.<\/span><\/li>\n<li style=\"margin:0px;padding:0px;\"><span style=\"margin:0px;padding:0px;color:#333333;\">Realiza comprobaci\u00f3n de monitor O2, monitor a bordo, disponibilidad de monitores y componentes.<\/span><\/li>\n<li style=\"margin:0px;padding:0px;\"><span style=\"margin:0px;padding:0px;color:#333333;\">Imprime informes de diagnosis v\u00eda conexi\u00f3n PC.<\/span><\/li>\n<li style=\"margin:0px;padding:0px;\"><span style=\"margin:0px;padding:0px;color:#333333;\">Cobertura OBD II munidal de marcas y modelos americanos, asi\u00e1ticos y europeos.<\/span><\/li>\n<li style=\"margin:0px;padding:0px;\"><span style=\"margin:0px;padding:0px;color:#333333;\">Soporta todos los protocolos OBD II, los 10 modos de prueba y el modo mejorado OBD II 6.<\/span><\/li>\n<\/ul>\n","protected":false},"excerpt":{"rendered":"<p><span style=\"color:#333333;font-family:Arial, Helvetica, sans-serif;font-size:14px;line-height:20px;background-color:#ffffff;\">Sumamente funcional, el MaxiDiag MD808Pro proporciona una cobertura de m\u00e1s de 40 marcas y ofrece diagnosis para los m\u00f3dulos m\u00e1s comunes, tales como OBD, Transmisi\u00f3n, ABS, Airbag, EPB, Reinicio del Mantenimiento del Aceite, algunos TPMS, algunos Sensores de Control de la Direcci\u00f3n, Climatizador, Audio y otros. El MOT Pro trabaja con veh\u00edculos de hasta 2012 con nuestro software actualizable patentado<\/span><\/p>\n","protected":false},"featured_media":4933,"comment_status":"open","ping_status":"closed","template":"","meta":[],"product_cat":[492,557],"product_tag":[],"class_list":{"0":"post-4934","1":"product","2":"type-product","3":"status-publish","4":"has-post-thumbnail","6":"product_cat-equipo-de-talleres","7":"product_cat-diagnosis-profesional","9":"first","10":"onbackorder","11":"shipping-taxable","12":"purchasable","13":"product-type-simple"},"yoast_head":"<!-- This site is optimized with the Yoast SEO plugin v22.7 - https:\/\/yoast.com\/wordpress\/plugins\/seo\/ -->\n<title>REF.:MD808 PRO  MaxiDiag MD808Pro - Canarytools S.L.<\/title>\n<meta name=\"robots\" content=\"index, follow, max-snippet:-1, max-image-preview:large, max-video-preview:-1\" \/>\n<link rel=\"canonical\" href=\"https:\/\/mantenimientosinformaticos.net\/canarytools\/producto\/maxidiag-md808pro\/\" \/>\n<meta property=\"og:locale\" content=\"es_ES\" \/>\n<meta property=\"og:type\" content=\"article\" \/>\n<meta property=\"og:title\" content=\"REF.:MD808 PRO  MaxiDiag MD808Pro - Canarytools S.L.\" \/>\n<meta property=\"og:description\" content=\"Sumamente funcional, el MaxiDiag MD808Pro proporciona una cobertura de m\u00e1s de 40 marcas y ofrece diagnosis para los m\u00f3dulos m\u00e1s comunes, tales como OBD, Transmisi\u00f3n, ABS, Airbag, EPB, Reinicio del Mantenimiento del Aceite, algunos TPMS, algunos Sensores de Control de la Direcci\u00f3n, Climatizador, Audio y otros. El MOT Pro trabaja con veh\u00edculos de hasta 2012 con nuestro software actualizable patentado\" \/>\n<meta property=\"og:url\" content=\"https:\/\/mantenimientosinformaticos.net\/canarytools\/producto\/maxidiag-md808pro\/\" \/>\n<meta property=\"og:site_name\" content=\"Canarytools S.L.\" \/>\n<meta property=\"og:image\" content=\"https:\/\/mantenimientosinformaticos.net\/canarytools\/wp-content\/uploads\/2020\/05\/584-REF.MD808-PRO-MaxiDiag-MD808Pro.jpg\" \/>\n\t<meta property=\"og:image:width\" content=\"774\" \/>\n\t<meta property=\"og:image:height\" content=\"954\" \/>\n\t<meta property=\"og:image:type\" content=\"image\/jpeg\" \/>\n<meta name=\"twitter:card\" content=\"summary_large_image\" \/>\n<meta name=\"twitter:label1\" content=\"Tiempo de lectura\" \/>\n\t<meta name=\"twitter:data1\" content=\"1 minuto\" \/>\n<script type=\"application\/ld+json\" class=\"yoast-schema-graph\">{\"@context\":\"https:\/\/schema.org\",\"@graph\":[{\"@type\":\"WebPage\",\"@id\":\"https:\/\/mantenimientosinformaticos.net\/canarytools\/producto\/maxidiag-md808pro\/\",\"url\":\"https:\/\/mantenimientosinformaticos.net\/canarytools\/producto\/maxidiag-md808pro\/\",\"name\":\"REF.:MD808 PRO MaxiDiag MD808Pro - Canarytools S.L.\",\"isPartOf\":{\"@id\":\"https:\/\/mantenimientosinformaticos.net\/canarytools\/#website\"},\"primaryImageOfPage\":{\"@id\":\"https:\/\/mantenimientosinformaticos.net\/canarytools\/producto\/maxidiag-md808pro\/#primaryimage\"},\"image\":{\"@id\":\"https:\/\/mantenimientosinformaticos.net\/canarytools\/producto\/maxidiag-md808pro\/#primaryimage\"},\"thumbnailUrl\":\"https:\/\/mantenimientosinformaticos.net\/canarytools\/wp-content\/uploads\/2020\/05\/584-REF.MD808-PRO-MaxiDiag-MD808Pro.jpg\",\"datePublished\":\"2020-05-13T11:18:32+00:00\",\"dateModified\":\"2020-05-13T11:18:32+00:00\",\"breadcrumb\":{\"@id\":\"https:\/\/mantenimientosinformaticos.net\/canarytools\/producto\/maxidiag-md808pro\/#breadcrumb\"},\"inLanguage\":\"es\",\"potentialAction\":[{\"@type\":\"ReadAction\",\"target\":[\"https:\/\/mantenimientosinformaticos.net\/canarytools\/producto\/maxidiag-md808pro\/\"]}]},{\"@type\":\"ImageObject\",\"inLanguage\":\"es\",\"@id\":\"https:\/\/mantenimientosinformaticos.net\/canarytools\/producto\/maxidiag-md808pro\/#primaryimage\",\"url\":\"https:\/\/mantenimientosinformaticos.net\/canarytools\/wp-content\/uploads\/2020\/05\/584-REF.MD808-PRO-MaxiDiag-MD808Pro.jpg\",\"contentUrl\":\"https:\/\/mantenimientosinformaticos.net\/canarytools\/wp-content\/uploads\/2020\/05\/584-REF.MD808-PRO-MaxiDiag-MD808Pro.jpg\",\"width\":774,\"height\":954,\"caption\":\"REF.:MD808 PRO MaxiDiag MD808Pro\"},{\"@type\":\"BreadcrumbList\",\"@id\":\"https:\/\/mantenimientosinformaticos.net\/canarytools\/producto\/maxidiag-md808pro\/#breadcrumb\",\"itemListElement\":[{\"@type\":\"ListItem\",\"position\":1,\"name\":\"Portada\",\"item\":\"https:\/\/mantenimientosinformaticos.net\/canarytools\/\"},{\"@type\":\"ListItem\",\"position\":2,\"name\":\"Tienda\",\"item\":\"https:\/\/mantenimientosinformaticos.net\/canarytools\/tienda\/\"},{\"@type\":\"ListItem\",\"position\":3,\"name\":\"REF.:MD808 PRO MaxiDiag MD808Pro\"}]},{\"@type\":\"WebSite\",\"@id\":\"https:\/\/mantenimientosinformaticos.net\/canarytools\/#website\",\"url\":\"https:\/\/mantenimientosinformaticos.net\/canarytools\/\",\"name\":\"Canarytools S.L.\",\"description\":\"Herramientas y M\u00e1quinas\",\"publisher\":{\"@id\":\"https:\/\/mantenimientosinformaticos.net\/canarytools\/#\/schema\/person\/355e32754b03bb24b681f1b6917e49bf\"},\"potentialAction\":[{\"@type\":\"SearchAction\",\"target\":{\"@type\":\"EntryPoint\",\"urlTemplate\":\"https:\/\/mantenimientosinformaticos.net\/canarytools\/?s={search_term_string}\"},\"query-input\":\"required name=search_term_string\"}],\"inLanguage\":\"es\"},{\"@type\":[\"Person\",\"Organization\"],\"@id\":\"https:\/\/mantenimientosinformaticos.net\/canarytools\/#\/schema\/person\/355e32754b03bb24b681f1b6917e49bf\",\"name\":\"canarytools.xnetdigital\",\"image\":{\"@type\":\"ImageObject\",\"inLanguage\":\"es\",\"@id\":\"https:\/\/mantenimientosinformaticos.net\/canarytools\/#\/schema\/person\/image\/\",\"url\":\"https:\/\/mantenimientosinformaticos.net\/canarytools\/wp-content\/uploads\/2023\/12\/canary-tools-logo.png\",\"contentUrl\":\"https:\/\/mantenimientosinformaticos.net\/canarytools\/wp-content\/uploads\/2023\/12\/canary-tools-logo.png\",\"width\":1302,\"height\":440,\"caption\":\"canarytools.xnetdigital\"},\"logo\":{\"@id\":\"https:\/\/mantenimientosinformaticos.net\/canarytools\/#\/schema\/person\/image\/\"},\"sameAs\":[\"https:\/\/mantenimientosinformaticos.net\/canarytools\"]}]}<\/script>\n<!-- \/ Yoast SEO plugin. -->","yoast_head_json":{"title":"REF.:MD808 PRO  MaxiDiag MD808Pro - Canarytools S.L.","robots":{"index":"index","follow":"follow","max-snippet":"max-snippet:-1","max-image-preview":"max-image-preview:large","max-video-preview":"max-video-preview:-1"},"canonical":"https:\/\/mantenimientosinformaticos.net\/canarytools\/producto\/maxidiag-md808pro\/","og_locale":"es_ES","og_type":"article","og_title":"REF.:MD808 PRO  MaxiDiag MD808Pro - Canarytools S.L.","og_description":"Sumamente funcional, el MaxiDiag MD808Pro proporciona una cobertura de m\u00e1s de 40 marcas y ofrece diagnosis para los m\u00f3dulos m\u00e1s comunes, tales como OBD, Transmisi\u00f3n, ABS, Airbag, EPB, Reinicio del Mantenimiento del Aceite, algunos TPMS, algunos Sensores de Control de la Direcci\u00f3n, Climatizador, Audio y otros. El MOT Pro trabaja con veh\u00edculos de hasta 2012 con nuestro software actualizable patentado","og_url":"https:\/\/mantenimientosinformaticos.net\/canarytools\/producto\/maxidiag-md808pro\/","og_site_name":"Canarytools S.L.","og_image":[{"width":774,"height":954,"url":"https:\/\/mantenimientosinformaticos.net\/canarytools\/wp-content\/uploads\/2020\/05\/584-REF.MD808-PRO-MaxiDiag-MD808Pro.jpg","type":"image\/jpeg"}],"twitter_card":"summary_large_image","twitter_misc":{"Tiempo de lectura":"1 minuto"},"schema":{"@context":"https:\/\/schema.org","@graph":[{"@type":"WebPage","@id":"https:\/\/mantenimientosinformaticos.net\/canarytools\/producto\/maxidiag-md808pro\/","url":"https:\/\/mantenimientosinformaticos.net\/canarytools\/producto\/maxidiag-md808pro\/","name":"REF.:MD808 PRO MaxiDiag MD808Pro - Canarytools S.L.","isPartOf":{"@id":"https:\/\/mantenimientosinformaticos.net\/canarytools\/#website"},"primaryImageOfPage":{"@id":"https:\/\/mantenimientosinformaticos.net\/canarytools\/producto\/maxidiag-md808pro\/#primaryimage"},"image":{"@id":"https:\/\/mantenimientosinformaticos.net\/canarytools\/producto\/maxidiag-md808pro\/#primaryimage"},"thumbnailUrl":"https:\/\/mantenimientosinformaticos.net\/canarytools\/wp-content\/uploads\/2020\/05\/584-REF.MD808-PRO-MaxiDiag-MD808Pro.jpg","datePublished":"2020-05-13T11:18:32+00:00","dateModified":"2020-05-13T11:18:32+00:00","breadcrumb":{"@id":"https:\/\/mantenimientosinformaticos.net\/canarytools\/producto\/maxidiag-md808pro\/#breadcrumb"},"inLanguage":"es","potentialAction":[{"@type":"ReadAction","target":["https:\/\/mantenimientosinformaticos.net\/canarytools\/producto\/maxidiag-md808pro\/"]}]},{"@type":"ImageObject","inLanguage":"es","@id":"https:\/\/mantenimientosinformaticos.net\/canarytools\/producto\/maxidiag-md808pro\/#primaryimage","url":"https:\/\/mantenimientosinformaticos.net\/canarytools\/wp-content\/uploads\/2020\/05\/584-REF.MD808-PRO-MaxiDiag-MD808Pro.jpg","contentUrl":"https:\/\/mantenimientosinformaticos.net\/canarytools\/wp-content\/uploads\/2020\/05\/584-REF.MD808-PRO-MaxiDiag-MD808Pro.jpg","width":774,"height":954,"caption":"REF.:MD808 PRO MaxiDiag MD808Pro"},{"@type":"BreadcrumbList","@id":"https:\/\/mantenimientosinformaticos.net\/canarytools\/producto\/maxidiag-md808pro\/#breadcrumb","itemListElement":[{"@type":"ListItem","position":1,"name":"Portada","item":"https:\/\/mantenimientosinformaticos.net\/canarytools\/"},{"@type":"ListItem","position":2,"name":"Tienda","item":"https:\/\/mantenimientosinformaticos.net\/canarytools\/tienda\/"},{"@type":"ListItem","position":3,"name":"REF.:MD808 PRO MaxiDiag MD808Pro"}]},{"@type":"WebSite","@id":"https:\/\/mantenimientosinformaticos.net\/canarytools\/#website","url":"https:\/\/mantenimientosinformaticos.net\/canarytools\/","name":"Canarytools S.L.","description":"Herramientas y M\u00e1quinas","publisher":{"@id":"https:\/\/mantenimientosinformaticos.net\/canarytools\/#\/schema\/person\/355e32754b03bb24b681f1b6917e49bf"},"potentialAction":[{"@type":"SearchAction","target":{"@type":"EntryPoint","urlTemplate":"https:\/\/mantenimientosinformaticos.net\/canarytools\/?s={search_term_string}"},"query-input":"required name=search_term_string"}],"inLanguage":"es"},{"@type":["Person","Organization"],"@id":"https:\/\/mantenimientosinformaticos.net\/canarytools\/#\/schema\/person\/355e32754b03bb24b681f1b6917e49bf","name":"canarytools.xnetdigital","image":{"@type":"ImageObject","inLanguage":"es","@id":"https:\/\/mantenimientosinformaticos.net\/canarytools\/#\/schema\/person\/image\/","url":"https:\/\/mantenimientosinformaticos.net\/canarytools\/wp-content\/uploads\/2023\/12\/canary-tools-logo.png","contentUrl":"https:\/\/mantenimientosinformaticos.net\/canarytools\/wp-content\/uploads\/2023\/12\/canary-tools-logo.png","width":1302,"height":440,"caption":"canarytools.xnetdigital"},"logo":{"@id":"https:\/\/mantenimientosinformaticos.net\/canarytools\/#\/schema\/person\/image\/"},"sameAs":["https:\/\/mantenimientosinformaticos.net\/canarytools"]}]}},"_links":{"self":[{"href":"https:\/\/mantenimientosinformaticos.net\/canarytools\/wp-json\/wp\/v2\/product\/4934","targetHints":{"allow":["GET"]}}],"collection":[{"href":"https:\/\/mantenimientosinformaticos.net\/canarytools\/wp-json\/wp\/v2\/product"}],"about":[{"href":"https:\/\/mantenimientosinformaticos.net\/canarytools\/wp-json\/wp\/v2\/types\/product"}],"replies":[{"embeddable":true,"href":"https:\/\/mantenimientosinformaticos.net\/canarytools\/wp-json\/wp\/v2\/comments?post=4934"}],"wp:featuredmedia":[{"embeddable":true,"href":"https:\/\/mantenimientosinformaticos.net\/canarytools\/wp-json\/wp\/v2\/media\/4933"}],"wp:attachment":[{"href":"https:\/\/mantenimientosinformaticos.net\/canarytools\/wp-json\/wp\/v2\/media?parent=4934"}],"wp:term":[{"taxonomy":"product_cat","embeddable":true,"href":"https:\/\/mantenimientosinformaticos.net\/canarytools\/wp-json\/wp\/v2\/product_cat?post=4934"},{"taxonomy":"product_tag","embeddable":true,"href":"https:\/\/mantenimientosinformaticos.net\/canarytools\/wp-json\/wp\/v2\/product_tag?post=4934"}],"curies":[{"name":"wp","href":"https:\/\/api.w.org\/{rel}","templated":true}]}}