{"id":4932,"date":"2020-05-13T13:16:05","date_gmt":"2020-05-13T11:16:05","guid":{"rendered":"https:\/\/mantenimientosinformaticos.net\/canarytools\/producto\/maxidas-ds808\/"},"modified":"2020-05-13T13:16:05","modified_gmt":"2020-05-13T11:16:05","slug":"maxidas-ds808","status":"publish","type":"product","link":"https:\/\/mantenimientosinformaticos.net\/canarytools\/producto\/maxidas-ds808\/","title":{"rendered":"MaxiDAS DS808"},"content":{"rendered":"<ul class=\"ul-product-features\" style=\"margin:0px 0px 10px 25px;padding:0px;color:#b40004;font-family:Arial, Helvetica, sans-serif;font-size:14px;line-height:20px;background-color:#ffffff;\">\n<li style=\"margin:0px;padding:0px;\"><span style=\"margin:0px;padding:0px;color:#333333;\">Amplia cobertura para m\u00e1s de 80 marcas de veh\u00edculos europeas, asi\u00e1ticas y americanas.<\/span><\/li>\n<li style=\"margin:0px;padding:0px;\"><span style=\"margin:0px;padding:0px;color:#333333;\">Cobertura de sistemas excepcional para todos los sistemas electr\u00f3nicos.<\/span><\/li>\n<li style=\"margin:0px;padding:0px;\"><span style=\"margin:0px;padding:0px;color:#333333;\">Funciones completas para c\u00f3digos, datos en vivo, pruebas activas, informaci\u00f3n de ECUs, adaptaciones, emparejamientos, etc.<\/span><\/li>\n<li style=\"margin:0px;padding:0px;\"><span style=\"margin:0px;padding:0px;color:#333333;\">Tecnolog\u00eda AutoVIN para identificar veh\u00edculos f\u00e1cilmente.<\/span><\/li>\n<li style=\"margin:0px;padding:0px;\"><span style=\"margin:0px;padding:0px;color:#333333;\">Actualizaciones del sistema y del software autom\u00e1ticas con notificaciones en tiempo real.<\/span><\/li>\n<li style=\"margin:0px;padding:0px;\"><span style=\"margin:0px;padding:0px;color:#333333;\">Funci\u00f3n especial de soporte t\u00e9cnico por control remoto.<\/span><\/li>\n<li style=\"margin:0px;padding:0px;\"><span style=\"margin:0px;padding:0px;color:#333333;\">Comunidad MaxiFix en la nube que proporciona una amplia base de datos de diagnosis, consejos t\u00e9cnicos y reparaciones completas.<\/span><\/li>\n<li style=\"margin:0px;padding:0px;\"><span style=\"margin:0px;padding:0px;color:#333333;\">Funci\u00f3n Data Logging para enviar registros de diagnosis a Autel y solucionar posibles errores en el software.<\/span><\/li>\n<li style=\"margin:0px;padding:0px;\"><span style=\"margin:0px;padding:0px;color:#333333;\">Funci\u00f3n Multitarea para gestionar los trabajos del taller y mantener bien organizados todos los archivos de datos, la informaci\u00f3n de los clientes y los registros de veh\u00edculos.<\/span><\/li>\n<li style=\"margin:0px;padding:0px;\"><span style=\"margin:0px;padding:0px;color:#333333;\">Sistema de gesti\u00f3n de datos para administrar aplicaciones del programa interno y revisar datos.<\/span><\/li>\n<\/ul>\n","protected":false},"excerpt":{"rendered":"<p><span style=\"color:#333333;font-family:Arial, Helvetica, sans-serif;font-size:14px;line-height:20px;background-color:#ffffff;\">Basada en el sistema operativo Android, la MaxiDAS DS808 ofrece una extensa cobertura de diagnosis a nivel original. Con su r\u00e1pido procesador de cuatro n\u00facleos, la DS808 le proporciona una diagnosis f\u00e1cil y eficaz. Cuenta con una interfaz intuitiva que dinamiza mucho su uso, y su pantalla t\u00e1ctil LCD de 7\u201d con definici\u00f3n 1024 x 600 la convierte en el dispositivo de diagnosis ideal.<\/span><\/p>\n","protected":false},"featured_media":4931,"comment_status":"open","ping_status":"closed","template":"","meta":[],"product_cat":[492,557],"product_tag":[],"class_list":{"0":"post-4932","1":"product","2":"type-product","3":"status-publish","4":"has-post-thumbnail","6":"product_cat-equipo-de-talleres","7":"product_cat-diagnosis-profesional","9":"first","10":"instock","11":"shipping-taxable","12":"purchasable","13":"product-type-simple"},"yoast_head":"<!-- This site is optimized with the Yoast SEO plugin v22.7 - https:\/\/yoast.com\/wordpress\/plugins\/seo\/ -->\n<title>MaxiDAS DS808 - Canarytools S.L.<\/title>\n<meta name=\"robots\" content=\"index, follow, max-snippet:-1, max-image-preview:large, max-video-preview:-1\" \/>\n<link rel=\"canonical\" href=\"https:\/\/mantenimientosinformaticos.net\/canarytools\/producto\/maxidas-ds808\/\" \/>\n<meta property=\"og:locale\" content=\"es_ES\" \/>\n<meta property=\"og:type\" content=\"article\" \/>\n<meta property=\"og:title\" content=\"MaxiDAS DS808 - Canarytools S.L.\" \/>\n<meta property=\"og:description\" content=\"Basada en el sistema operativo Android, la MaxiDAS DS808 ofrece una extensa cobertura de diagnosis a nivel original. Con su r\u00e1pido procesador de cuatro n\u00facleos, la DS808 le proporciona una diagnosis f\u00e1cil y eficaz. Cuenta con una interfaz intuitiva que dinamiza mucho su uso, y su pantalla t\u00e1ctil LCD de 7\u201d con definici\u00f3n 1024 x 600 la convierte en el dispositivo de diagnosis ideal.\" \/>\n<meta property=\"og:url\" content=\"https:\/\/mantenimientosinformaticos.net\/canarytools\/producto\/maxidas-ds808\/\" \/>\n<meta property=\"og:site_name\" content=\"Canarytools S.L.\" \/>\n<meta property=\"og:image\" content=\"https:\/\/mantenimientosinformaticos.net\/canarytools\/wp-content\/uploads\/2020\/05\/583-MaxiDAS-DS808.jpg\" \/>\n\t<meta property=\"og:image:width\" content=\"1000\" \/>\n\t<meta property=\"og:image:height\" content=\"1000\" \/>\n\t<meta property=\"og:image:type\" content=\"image\/jpeg\" \/>\n<meta name=\"twitter:card\" content=\"summary_large_image\" \/>\n<meta name=\"twitter:label1\" content=\"Tiempo de lectura\" \/>\n\t<meta name=\"twitter:data1\" content=\"1 minuto\" \/>\n<script type=\"application\/ld+json\" class=\"yoast-schema-graph\">{\"@context\":\"https:\/\/schema.org\",\"@graph\":[{\"@type\":\"WebPage\",\"@id\":\"https:\/\/mantenimientosinformaticos.net\/canarytools\/producto\/maxidas-ds808\/\",\"url\":\"https:\/\/mantenimientosinformaticos.net\/canarytools\/producto\/maxidas-ds808\/\",\"name\":\"MaxiDAS DS808 - Canarytools S.L.\",\"isPartOf\":{\"@id\":\"https:\/\/mantenimientosinformaticos.net\/canarytools\/#website\"},\"primaryImageOfPage\":{\"@id\":\"https:\/\/mantenimientosinformaticos.net\/canarytools\/producto\/maxidas-ds808\/#primaryimage\"},\"image\":{\"@id\":\"https:\/\/mantenimientosinformaticos.net\/canarytools\/producto\/maxidas-ds808\/#primaryimage\"},\"thumbnailUrl\":\"https:\/\/mantenimientosinformaticos.net\/canarytools\/wp-content\/uploads\/2020\/05\/583-MaxiDAS-DS808.jpg\",\"datePublished\":\"2020-05-13T11:16:05+00:00\",\"dateModified\":\"2020-05-13T11:16:05+00:00\",\"breadcrumb\":{\"@id\":\"https:\/\/mantenimientosinformaticos.net\/canarytools\/producto\/maxidas-ds808\/#breadcrumb\"},\"inLanguage\":\"es\",\"potentialAction\":[{\"@type\":\"ReadAction\",\"target\":[\"https:\/\/mantenimientosinformaticos.net\/canarytools\/producto\/maxidas-ds808\/\"]}]},{\"@type\":\"ImageObject\",\"inLanguage\":\"es\",\"@id\":\"https:\/\/mantenimientosinformaticos.net\/canarytools\/producto\/maxidas-ds808\/#primaryimage\",\"url\":\"https:\/\/mantenimientosinformaticos.net\/canarytools\/wp-content\/uploads\/2020\/05\/583-MaxiDAS-DS808.jpg\",\"contentUrl\":\"https:\/\/mantenimientosinformaticos.net\/canarytools\/wp-content\/uploads\/2020\/05\/583-MaxiDAS-DS808.jpg\",\"width\":1000,\"height\":1000,\"caption\":\"MaxiDAS DS808\"},{\"@type\":\"BreadcrumbList\",\"@id\":\"https:\/\/mantenimientosinformaticos.net\/canarytools\/producto\/maxidas-ds808\/#breadcrumb\",\"itemListElement\":[{\"@type\":\"ListItem\",\"position\":1,\"name\":\"Portada\",\"item\":\"https:\/\/mantenimientosinformaticos.net\/canarytools\/\"},{\"@type\":\"ListItem\",\"position\":2,\"name\":\"Tienda\",\"item\":\"https:\/\/mantenimientosinformaticos.net\/canarytools\/tienda\/\"},{\"@type\":\"ListItem\",\"position\":3,\"name\":\"MaxiDAS DS808\"}]},{\"@type\":\"WebSite\",\"@id\":\"https:\/\/mantenimientosinformaticos.net\/canarytools\/#website\",\"url\":\"https:\/\/mantenimientosinformaticos.net\/canarytools\/\",\"name\":\"Canarytools S.L.\",\"description\":\"Herramientas y M\u00e1quinas\",\"publisher\":{\"@id\":\"https:\/\/mantenimientosinformaticos.net\/canarytools\/#\/schema\/person\/355e32754b03bb24b681f1b6917e49bf\"},\"potentialAction\":[{\"@type\":\"SearchAction\",\"target\":{\"@type\":\"EntryPoint\",\"urlTemplate\":\"https:\/\/mantenimientosinformaticos.net\/canarytools\/?s={search_term_string}\"},\"query-input\":\"required name=search_term_string\"}],\"inLanguage\":\"es\"},{\"@type\":[\"Person\",\"Organization\"],\"@id\":\"https:\/\/mantenimientosinformaticos.net\/canarytools\/#\/schema\/person\/355e32754b03bb24b681f1b6917e49bf\",\"name\":\"canarytools.xnetdigital\",\"image\":{\"@type\":\"ImageObject\",\"inLanguage\":\"es\",\"@id\":\"https:\/\/mantenimientosinformaticos.net\/canarytools\/#\/schema\/person\/image\/\",\"url\":\"https:\/\/mantenimientosinformaticos.net\/canarytools\/wp-content\/uploads\/2023\/12\/canary-tools-logo.png\",\"contentUrl\":\"https:\/\/mantenimientosinformaticos.net\/canarytools\/wp-content\/uploads\/2023\/12\/canary-tools-logo.png\",\"width\":1302,\"height\":440,\"caption\":\"canarytools.xnetdigital\"},\"logo\":{\"@id\":\"https:\/\/mantenimientosinformaticos.net\/canarytools\/#\/schema\/person\/image\/\"},\"sameAs\":[\"https:\/\/mantenimientosinformaticos.net\/canarytools\"]}]}<\/script>\n<!-- \/ Yoast SEO plugin. -->","yoast_head_json":{"title":"MaxiDAS DS808 - Canarytools S.L.","robots":{"index":"index","follow":"follow","max-snippet":"max-snippet:-1","max-image-preview":"max-image-preview:large","max-video-preview":"max-video-preview:-1"},"canonical":"https:\/\/mantenimientosinformaticos.net\/canarytools\/producto\/maxidas-ds808\/","og_locale":"es_ES","og_type":"article","og_title":"MaxiDAS DS808 - Canarytools S.L.","og_description":"Basada en el sistema operativo Android, la MaxiDAS DS808 ofrece una extensa cobertura de diagnosis a nivel original. Con su r\u00e1pido procesador de cuatro n\u00facleos, la DS808 le proporciona una diagnosis f\u00e1cil y eficaz. Cuenta con una interfaz intuitiva que dinamiza mucho su uso, y su pantalla t\u00e1ctil LCD de 7\u201d con definici\u00f3n 1024 x 600 la convierte en el dispositivo de diagnosis ideal.","og_url":"https:\/\/mantenimientosinformaticos.net\/canarytools\/producto\/maxidas-ds808\/","og_site_name":"Canarytools S.L.","og_image":[{"width":1000,"height":1000,"url":"https:\/\/mantenimientosinformaticos.net\/canarytools\/wp-content\/uploads\/2020\/05\/583-MaxiDAS-DS808.jpg","type":"image\/jpeg"}],"twitter_card":"summary_large_image","twitter_misc":{"Tiempo de lectura":"1 minuto"},"schema":{"@context":"https:\/\/schema.org","@graph":[{"@type":"WebPage","@id":"https:\/\/mantenimientosinformaticos.net\/canarytools\/producto\/maxidas-ds808\/","url":"https:\/\/mantenimientosinformaticos.net\/canarytools\/producto\/maxidas-ds808\/","name":"MaxiDAS DS808 - Canarytools S.L.","isPartOf":{"@id":"https:\/\/mantenimientosinformaticos.net\/canarytools\/#website"},"primaryImageOfPage":{"@id":"https:\/\/mantenimientosinformaticos.net\/canarytools\/producto\/maxidas-ds808\/#primaryimage"},"image":{"@id":"https:\/\/mantenimientosinformaticos.net\/canarytools\/producto\/maxidas-ds808\/#primaryimage"},"thumbnailUrl":"https:\/\/mantenimientosinformaticos.net\/canarytools\/wp-content\/uploads\/2020\/05\/583-MaxiDAS-DS808.jpg","datePublished":"2020-05-13T11:16:05+00:00","dateModified":"2020-05-13T11:16:05+00:00","breadcrumb":{"@id":"https:\/\/mantenimientosinformaticos.net\/canarytools\/producto\/maxidas-ds808\/#breadcrumb"},"inLanguage":"es","potentialAction":[{"@type":"ReadAction","target":["https:\/\/mantenimientosinformaticos.net\/canarytools\/producto\/maxidas-ds808\/"]}]},{"@type":"ImageObject","inLanguage":"es","@id":"https:\/\/mantenimientosinformaticos.net\/canarytools\/producto\/maxidas-ds808\/#primaryimage","url":"https:\/\/mantenimientosinformaticos.net\/canarytools\/wp-content\/uploads\/2020\/05\/583-MaxiDAS-DS808.jpg","contentUrl":"https:\/\/mantenimientosinformaticos.net\/canarytools\/wp-content\/uploads\/2020\/05\/583-MaxiDAS-DS808.jpg","width":1000,"height":1000,"caption":"MaxiDAS DS808"},{"@type":"BreadcrumbList","@id":"https:\/\/mantenimientosinformaticos.net\/canarytools\/producto\/maxidas-ds808\/#breadcrumb","itemListElement":[{"@type":"ListItem","position":1,"name":"Portada","item":"https:\/\/mantenimientosinformaticos.net\/canarytools\/"},{"@type":"ListItem","position":2,"name":"Tienda","item":"https:\/\/mantenimientosinformaticos.net\/canarytools\/tienda\/"},{"@type":"ListItem","position":3,"name":"MaxiDAS DS808"}]},{"@type":"WebSite","@id":"https:\/\/mantenimientosinformaticos.net\/canarytools\/#website","url":"https:\/\/mantenimientosinformaticos.net\/canarytools\/","name":"Canarytools S.L.","description":"Herramientas y M\u00e1quinas","publisher":{"@id":"https:\/\/mantenimientosinformaticos.net\/canarytools\/#\/schema\/person\/355e32754b03bb24b681f1b6917e49bf"},"potentialAction":[{"@type":"SearchAction","target":{"@type":"EntryPoint","urlTemplate":"https:\/\/mantenimientosinformaticos.net\/canarytools\/?s={search_term_string}"},"query-input":"required name=search_term_string"}],"inLanguage":"es"},{"@type":["Person","Organization"],"@id":"https:\/\/mantenimientosinformaticos.net\/canarytools\/#\/schema\/person\/355e32754b03bb24b681f1b6917e49bf","name":"canarytools.xnetdigital","image":{"@type":"ImageObject","inLanguage":"es","@id":"https:\/\/mantenimientosinformaticos.net\/canarytools\/#\/schema\/person\/image\/","url":"https:\/\/mantenimientosinformaticos.net\/canarytools\/wp-content\/uploads\/2023\/12\/canary-tools-logo.png","contentUrl":"https:\/\/mantenimientosinformaticos.net\/canarytools\/wp-content\/uploads\/2023\/12\/canary-tools-logo.png","width":1302,"height":440,"caption":"canarytools.xnetdigital"},"logo":{"@id":"https:\/\/mantenimientosinformaticos.net\/canarytools\/#\/schema\/person\/image\/"},"sameAs":["https:\/\/mantenimientosinformaticos.net\/canarytools"]}]}},"_links":{"self":[{"href":"https:\/\/mantenimientosinformaticos.net\/canarytools\/wp-json\/wp\/v2\/product\/4932","targetHints":{"allow":["GET"]}}],"collection":[{"href":"https:\/\/mantenimientosinformaticos.net\/canarytools\/wp-json\/wp\/v2\/product"}],"about":[{"href":"https:\/\/mantenimientosinformaticos.net\/canarytools\/wp-json\/wp\/v2\/types\/product"}],"replies":[{"embeddable":true,"href":"https:\/\/mantenimientosinformaticos.net\/canarytools\/wp-json\/wp\/v2\/comments?post=4932"}],"wp:featuredmedia":[{"embeddable":true,"href":"https:\/\/mantenimientosinformaticos.net\/canarytools\/wp-json\/wp\/v2\/media\/4931"}],"wp:attachment":[{"href":"https:\/\/mantenimientosinformaticos.net\/canarytools\/wp-json\/wp\/v2\/media?parent=4932"}],"wp:term":[{"taxonomy":"product_cat","embeddable":true,"href":"https:\/\/mantenimientosinformaticos.net\/canarytools\/wp-json\/wp\/v2\/product_cat?post=4932"},{"taxonomy":"product_tag","embeddable":true,"href":"https:\/\/mantenimientosinformaticos.net\/canarytools\/wp-json\/wp\/v2\/product_tag?post=4932"}],"curies":[{"name":"wp","href":"https:\/\/api.w.org\/{rel}","templated":true}]}}