{"id":4925,"date":"2024-05-17T13:42:21","date_gmt":"2024-05-17T11:42:21","guid":{"rendered":"https:\/\/mantenimientosinformaticos.net\/canarytools\/?post_type=product&#038;p=4925"},"modified":"2024-05-17T13:42:21","modified_gmt":"2024-05-17T11:42:21","slug":"maxisys-ms906","status":"publish","type":"product","link":"https:\/\/mantenimientosinformaticos.net\/canarytools\/producto\/maxisys-ms906\/","title":{"rendered":"MaxiSys MS906"},"content":{"rendered":"<ul>\n<li><span style=\"color: #333333; font-family: Arial, Helvetica, sans-serif; font-size: 14px; line-height: 20px; background-color: #ffffff;\">Procesador Samsung Exynos Hexa-core extraordinariamente poderoso.<\/span><\/li>\n<li><span style=\"color: #333333; font-family: Arial, Helvetica, sans-serif; font-size: 14px; line-height: 20px; background-color: #ffffff;\">Pantalla de 8.0\u201d 1024&#215;768 capacitiva multi-Touch retroiluminada por LED con tecnolog\u00eda IPS.<\/span><\/li>\n<li><span style=\"color: #333333; font-family: Arial, Helvetica, sans-serif; font-size: 14px; line-height: 20px; background-color: #ffffff;\">SSD de 32GB interno para un mejor rendimiento.<\/span><\/li>\n<li><span style=\"color: #333333; font-family: Arial, Helvetica, sans-serif; font-size: 14px; line-height: 20px; background-color: #ffffff;\">Extremadamente f\u00e1cil de usar con una interfaz integrada de comunicaciones del veh\u00edculo.<\/span><\/li>\n<li><span style=\"color: #333333; font-family: Arial, Helvetica, sans-serif; font-size: 14px; line-height: 20px; background-color: #ffffff;\">C\u00e1mara posterior integrada de 8-megapixeles con enfoque autom\u00e1tico y flash.<\/span><\/li>\n<li><span style=\"color: #333333; font-family: Arial, Helvetica, sans-serif; font-size: 14px; line-height: 20px; background-color: #ffffff;\">Wi-Fi 802.11b\/g\/n para obtener acceso a los recursos web favoritos.<\/span><\/li>\n<li><span style=\"color: #333333; font-family: Arial, Helvetica, sans-serif; font-size: 14px; line-height: 20px; background-color: #ffffff;\">Dise\u00f1o exclusivo, ergon\u00f3mico y robusto con cubierta s\u00f3lida y protecci\u00f3n de caucho.<\/span><\/li>\n<li><span style=\"color: #333333; font-family: Arial, Helvetica, sans-serif; font-size: 14px; line-height: 20px; background-color: #ffffff;\">Bater\u00eda de iones de litio recargable incorporada para hasta 6 horas de funcionamiento continuo.<\/span><\/li>\n<li><span style=\"color: #333333; font-family: Arial, Helvetica, sans-serif; font-size: 14px; line-height: 20px; background-color: #ffffff;\">Sistema operativo Android de c\u00f3digo abierto para encendido r\u00e1pido y opciones multifunci\u00f3n.<\/span><\/li>\n<li><span style=\"color: #333333; font-family: Arial, Helvetica, sans-serif; font-size: 14px; line-height: 20px; background-color: #ffffff;\">Navegaci\u00f3n intuitiva sencilla para simplificar y acelerar las b\u00fasquedas.<\/span><\/li>\n<li><span style=\"color: #333333; font-family: Arial, Helvetica, sans-serif; font-size: 14px; line-height: 20px; background-color: #ffffff;\">Amplia cobertura de veh\u00edculos para m\u00e1s de 80 fabricantes de Estados Unidos, Asia y Europa.<\/span><\/li>\n<li><span style=\"color: #333333; font-family: Arial, Helvetica, sans-serif; font-size: 14px; line-height: 20px; background-color: #ffffff;\">Amplia cobertura de nivel OE para todos los sistemas electr\u00f3nicos.<\/span><\/li>\n<li><span style=\"color: #333333; font-family: Arial, Helvetica, sans-serif; font-size: 14px; line-height: 20px; background-color: #ffffff;\">Capacidad completa para c\u00f3digos, datos en tiempo real, pruebas activas, informaci\u00f3n de la ECU, adaptaciones, etc.<\/span><\/li>\n<li><span style=\"color: #333333; font-family: Arial, Helvetica, sans-serif; font-size: 14px; line-height: 20px; background-color: #ffffff;\">Tecnolog\u00eda inteligente AutoVIN para identificar veh\u00edculos f\u00e1cilmente.<\/span><\/li>\n<li><span style=\"color: #333333; font-family: Arial, Helvetica, sans-serif; font-size: 14px; line-height: 20px; background-color: #ffffff;\">Actualizaciones autom\u00e1ticas por Wi-Fi disponibles para las nuevas versiones de software y el sistema.<\/span><\/li>\n<li><span style=\"color: #333333; font-family: Arial, Helvetica, sans-serif; font-size: 14px; line-height: 20px; background-color: #ffffff;\">Asistencia t\u00e9cnica remota todo el tiempo desde cualquier lugar.<\/span><\/li>\n<li><span style=\"color: #333333; font-family: Arial, Helvetica, sans-serif; font-size: 14px; line-height: 20px; background-color: #ffffff;\">Comunidad MaxiFix en l\u00ednea basada en la nube la cual ofrece una amplia base de datos sobre consejos de diagn\u00f3stico y reparaciones.<\/span><\/li>\n<li><span style=\"color: #333333; font-family: Arial, Helvetica, sans-serif; font-size: 14px; line-height: 20px; background-color: #ffffff;\">Sesiones interactivas de registro de datos que permiten el contacto directo con el soporte t\u00e9cnico de Autel para la soluci\u00f3n problemas y errores de diagn\u00f3stico.<\/span><\/li>\n<li><span style=\"color: #333333; font-family: Arial, Helvetica, sans-serif; font-size: 14px; line-height: 20px; background-color: #ffffff;\">Ventana multitarea dise\u00f1ada para el manejo ideal de las operaciones del taller y mantener todos los archivos de datos, informaci\u00f3n de clientes y registros de veh\u00edculos organizados correctamente.<\/span><\/li>\n<\/ul>\n","protected":false},"excerpt":{"rendered":"<p><span style=\"color: #333333; font-family: Arial, Helvetica, sans-serif; font-size: 14px; line-height: 20px; background-color: #ffffff;\">El MaxiSys MS906 est\u00e1 basado en el Sistema operativo Android y se caracteriza por tener una mejor cobertura de diagn\u00f3sticos de nivel OE a un precio accesible. Construido con un procesador core-6 Exynos 5260 (1.3 GHz quad-core ARM Cortex-A7 + 1.7 GHz dual-core ARM Cortex-A15), disco duro de 32G SSD y pantalla tactil HD de 8\u201d, MaxiSys MS906 provee eficientemente un diagn\u00f3stico y an\u00e1lisis comprensivo del veh\u00edculo.<\/span><\/p>\n","protected":false},"featured_media":7772,"comment_status":"open","ping_status":"closed","template":"","meta":[],"product_cat":[490,492,557],"product_tag":[],"class_list":{"0":"post-4925","1":"product","2":"type-product","3":"status-publish","4":"has-post-thumbnail","6":"product_cat-inicio","7":"product_cat-equipo-de-talleres","8":"product_cat-diagnosis-profesional","9":"yith_product_brand-autel","11":"first","12":"instock","13":"shipping-taxable","14":"purchasable","15":"product-type-simple"},"yoast_head":"<!-- This site is optimized with the Yoast SEO plugin v22.7 - https:\/\/yoast.com\/wordpress\/plugins\/seo\/ -->\n<title>MaxiSys MS906 - Canarytools S.L.<\/title>\n<meta name=\"robots\" content=\"index, follow, max-snippet:-1, max-image-preview:large, max-video-preview:-1\" \/>\n<link rel=\"canonical\" href=\"https:\/\/mantenimientosinformaticos.net\/canarytools\/producto\/maxisys-ms906\/\" \/>\n<meta property=\"og:locale\" content=\"es_ES\" \/>\n<meta property=\"og:type\" content=\"article\" \/>\n<meta property=\"og:title\" content=\"MaxiSys MS906 - Canarytools S.L.\" \/>\n<meta property=\"og:description\" content=\"El MaxiSys MS906 est\u00e1 basado en el Sistema operativo Android y se caracteriza por tener una mejor cobertura de diagn\u00f3sticos de nivel OE a un precio accesible. Construido con un procesador core-6 Exynos 5260 (1.3 GHz quad-core ARM Cortex-A7 + 1.7 GHz dual-core ARM Cortex-A15), disco duro de 32G SSD y pantalla tactil HD de 8\u201d, MaxiSys MS906 provee eficientemente un diagn\u00f3stico y an\u00e1lisis comprensivo del veh\u00edculo.\" \/>\n<meta property=\"og:url\" content=\"https:\/\/mantenimientosinformaticos.net\/canarytools\/producto\/maxisys-ms906\/\" \/>\n<meta property=\"og:site_name\" content=\"Canarytools S.L.\" \/>\n<meta property=\"og:image\" content=\"https:\/\/mantenimientosinformaticos.net\/canarytools\/wp-content\/uploads\/2024\/03\/40fc442e-c367-4702-8338-cbaf631ddaeb.png\" \/>\n\t<meta property=\"og:image:width\" content=\"600\" \/>\n\t<meta property=\"og:image:height\" content=\"531\" \/>\n\t<meta property=\"og:image:type\" content=\"image\/png\" \/>\n<meta name=\"twitter:card\" content=\"summary_large_image\" \/>\n<meta name=\"twitter:label1\" content=\"Tiempo de lectura\" \/>\n\t<meta name=\"twitter:data1\" content=\"2 minutos\" \/>\n<script type=\"application\/ld+json\" class=\"yoast-schema-graph\">{\"@context\":\"https:\/\/schema.org\",\"@graph\":[{\"@type\":\"WebPage\",\"@id\":\"https:\/\/mantenimientosinformaticos.net\/canarytools\/producto\/maxisys-ms906\/\",\"url\":\"https:\/\/mantenimientosinformaticos.net\/canarytools\/producto\/maxisys-ms906\/\",\"name\":\"MaxiSys MS906 - Canarytools S.L.\",\"isPartOf\":{\"@id\":\"https:\/\/mantenimientosinformaticos.net\/canarytools\/#website\"},\"primaryImageOfPage\":{\"@id\":\"https:\/\/mantenimientosinformaticos.net\/canarytools\/producto\/maxisys-ms906\/#primaryimage\"},\"image\":{\"@id\":\"https:\/\/mantenimientosinformaticos.net\/canarytools\/producto\/maxisys-ms906\/#primaryimage\"},\"thumbnailUrl\":\"https:\/\/mantenimientosinformaticos.net\/canarytools\/wp-content\/uploads\/2024\/03\/40fc442e-c367-4702-8338-cbaf631ddaeb.png\",\"datePublished\":\"2024-05-17T11:42:21+00:00\",\"dateModified\":\"2024-05-17T11:42:21+00:00\",\"breadcrumb\":{\"@id\":\"https:\/\/mantenimientosinformaticos.net\/canarytools\/producto\/maxisys-ms906\/#breadcrumb\"},\"inLanguage\":\"es\",\"potentialAction\":[{\"@type\":\"ReadAction\",\"target\":[\"https:\/\/mantenimientosinformaticos.net\/canarytools\/producto\/maxisys-ms906\/\"]}]},{\"@type\":\"ImageObject\",\"inLanguage\":\"es\",\"@id\":\"https:\/\/mantenimientosinformaticos.net\/canarytools\/producto\/maxisys-ms906\/#primaryimage\",\"url\":\"https:\/\/mantenimientosinformaticos.net\/canarytools\/wp-content\/uploads\/2024\/03\/40fc442e-c367-4702-8338-cbaf631ddaeb.png\",\"contentUrl\":\"https:\/\/mantenimientosinformaticos.net\/canarytools\/wp-content\/uploads\/2024\/03\/40fc442e-c367-4702-8338-cbaf631ddaeb.png\",\"width\":600,\"height\":531},{\"@type\":\"BreadcrumbList\",\"@id\":\"https:\/\/mantenimientosinformaticos.net\/canarytools\/producto\/maxisys-ms906\/#breadcrumb\",\"itemListElement\":[{\"@type\":\"ListItem\",\"position\":1,\"name\":\"Portada\",\"item\":\"https:\/\/mantenimientosinformaticos.net\/canarytools\/\"},{\"@type\":\"ListItem\",\"position\":2,\"name\":\"Tienda\",\"item\":\"https:\/\/mantenimientosinformaticos.net\/canarytools\/tienda\/\"},{\"@type\":\"ListItem\",\"position\":3,\"name\":\"MaxiSys MS906\"}]},{\"@type\":\"WebSite\",\"@id\":\"https:\/\/mantenimientosinformaticos.net\/canarytools\/#website\",\"url\":\"https:\/\/mantenimientosinformaticos.net\/canarytools\/\",\"name\":\"Canarytools S.L.\",\"description\":\"Herramientas y M\u00e1quinas\",\"publisher\":{\"@id\":\"https:\/\/mantenimientosinformaticos.net\/canarytools\/#\/schema\/person\/355e32754b03bb24b681f1b6917e49bf\"},\"potentialAction\":[{\"@type\":\"SearchAction\",\"target\":{\"@type\":\"EntryPoint\",\"urlTemplate\":\"https:\/\/mantenimientosinformaticos.net\/canarytools\/?s={search_term_string}\"},\"query-input\":\"required name=search_term_string\"}],\"inLanguage\":\"es\"},{\"@type\":[\"Person\",\"Organization\"],\"@id\":\"https:\/\/mantenimientosinformaticos.net\/canarytools\/#\/schema\/person\/355e32754b03bb24b681f1b6917e49bf\",\"name\":\"canarytools.xnetdigital\",\"image\":{\"@type\":\"ImageObject\",\"inLanguage\":\"es\",\"@id\":\"https:\/\/mantenimientosinformaticos.net\/canarytools\/#\/schema\/person\/image\/\",\"url\":\"https:\/\/mantenimientosinformaticos.net\/canarytools\/wp-content\/uploads\/2023\/12\/canary-tools-logo.png\",\"contentUrl\":\"https:\/\/mantenimientosinformaticos.net\/canarytools\/wp-content\/uploads\/2023\/12\/canary-tools-logo.png\",\"width\":1302,\"height\":440,\"caption\":\"canarytools.xnetdigital\"},\"logo\":{\"@id\":\"https:\/\/mantenimientosinformaticos.net\/canarytools\/#\/schema\/person\/image\/\"},\"sameAs\":[\"https:\/\/mantenimientosinformaticos.net\/canarytools\"]}]}<\/script>\n<!-- \/ Yoast SEO plugin. -->","yoast_head_json":{"title":"MaxiSys MS906 - Canarytools S.L.","robots":{"index":"index","follow":"follow","max-snippet":"max-snippet:-1","max-image-preview":"max-image-preview:large","max-video-preview":"max-video-preview:-1"},"canonical":"https:\/\/mantenimientosinformaticos.net\/canarytools\/producto\/maxisys-ms906\/","og_locale":"es_ES","og_type":"article","og_title":"MaxiSys MS906 - Canarytools S.L.","og_description":"El MaxiSys MS906 est\u00e1 basado en el Sistema operativo Android y se caracteriza por tener una mejor cobertura de diagn\u00f3sticos de nivel OE a un precio accesible. Construido con un procesador core-6 Exynos 5260 (1.3 GHz quad-core ARM Cortex-A7 + 1.7 GHz dual-core ARM Cortex-A15), disco duro de 32G SSD y pantalla tactil HD de 8\u201d, MaxiSys MS906 provee eficientemente un diagn\u00f3stico y an\u00e1lisis comprensivo del veh\u00edculo.","og_url":"https:\/\/mantenimientosinformaticos.net\/canarytools\/producto\/maxisys-ms906\/","og_site_name":"Canarytools S.L.","og_image":[{"width":600,"height":531,"url":"https:\/\/mantenimientosinformaticos.net\/canarytools\/wp-content\/uploads\/2024\/03\/40fc442e-c367-4702-8338-cbaf631ddaeb.png","type":"image\/png"}],"twitter_card":"summary_large_image","twitter_misc":{"Tiempo de lectura":"2 minutos"},"schema":{"@context":"https:\/\/schema.org","@graph":[{"@type":"WebPage","@id":"https:\/\/mantenimientosinformaticos.net\/canarytools\/producto\/maxisys-ms906\/","url":"https:\/\/mantenimientosinformaticos.net\/canarytools\/producto\/maxisys-ms906\/","name":"MaxiSys MS906 - Canarytools S.L.","isPartOf":{"@id":"https:\/\/mantenimientosinformaticos.net\/canarytools\/#website"},"primaryImageOfPage":{"@id":"https:\/\/mantenimientosinformaticos.net\/canarytools\/producto\/maxisys-ms906\/#primaryimage"},"image":{"@id":"https:\/\/mantenimientosinformaticos.net\/canarytools\/producto\/maxisys-ms906\/#primaryimage"},"thumbnailUrl":"https:\/\/mantenimientosinformaticos.net\/canarytools\/wp-content\/uploads\/2024\/03\/40fc442e-c367-4702-8338-cbaf631ddaeb.png","datePublished":"2024-05-17T11:42:21+00:00","dateModified":"2024-05-17T11:42:21+00:00","breadcrumb":{"@id":"https:\/\/mantenimientosinformaticos.net\/canarytools\/producto\/maxisys-ms906\/#breadcrumb"},"inLanguage":"es","potentialAction":[{"@type":"ReadAction","target":["https:\/\/mantenimientosinformaticos.net\/canarytools\/producto\/maxisys-ms906\/"]}]},{"@type":"ImageObject","inLanguage":"es","@id":"https:\/\/mantenimientosinformaticos.net\/canarytools\/producto\/maxisys-ms906\/#primaryimage","url":"https:\/\/mantenimientosinformaticos.net\/canarytools\/wp-content\/uploads\/2024\/03\/40fc442e-c367-4702-8338-cbaf631ddaeb.png","contentUrl":"https:\/\/mantenimientosinformaticos.net\/canarytools\/wp-content\/uploads\/2024\/03\/40fc442e-c367-4702-8338-cbaf631ddaeb.png","width":600,"height":531},{"@type":"BreadcrumbList","@id":"https:\/\/mantenimientosinformaticos.net\/canarytools\/producto\/maxisys-ms906\/#breadcrumb","itemListElement":[{"@type":"ListItem","position":1,"name":"Portada","item":"https:\/\/mantenimientosinformaticos.net\/canarytools\/"},{"@type":"ListItem","position":2,"name":"Tienda","item":"https:\/\/mantenimientosinformaticos.net\/canarytools\/tienda\/"},{"@type":"ListItem","position":3,"name":"MaxiSys MS906"}]},{"@type":"WebSite","@id":"https:\/\/mantenimientosinformaticos.net\/canarytools\/#website","url":"https:\/\/mantenimientosinformaticos.net\/canarytools\/","name":"Canarytools S.L.","description":"Herramientas y M\u00e1quinas","publisher":{"@id":"https:\/\/mantenimientosinformaticos.net\/canarytools\/#\/schema\/person\/355e32754b03bb24b681f1b6917e49bf"},"potentialAction":[{"@type":"SearchAction","target":{"@type":"EntryPoint","urlTemplate":"https:\/\/mantenimientosinformaticos.net\/canarytools\/?s={search_term_string}"},"query-input":"required name=search_term_string"}],"inLanguage":"es"},{"@type":["Person","Organization"],"@id":"https:\/\/mantenimientosinformaticos.net\/canarytools\/#\/schema\/person\/355e32754b03bb24b681f1b6917e49bf","name":"canarytools.xnetdigital","image":{"@type":"ImageObject","inLanguage":"es","@id":"https:\/\/mantenimientosinformaticos.net\/canarytools\/#\/schema\/person\/image\/","url":"https:\/\/mantenimientosinformaticos.net\/canarytools\/wp-content\/uploads\/2023\/12\/canary-tools-logo.png","contentUrl":"https:\/\/mantenimientosinformaticos.net\/canarytools\/wp-content\/uploads\/2023\/12\/canary-tools-logo.png","width":1302,"height":440,"caption":"canarytools.xnetdigital"},"logo":{"@id":"https:\/\/mantenimientosinformaticos.net\/canarytools\/#\/schema\/person\/image\/"},"sameAs":["https:\/\/mantenimientosinformaticos.net\/canarytools"]}]}},"_links":{"self":[{"href":"https:\/\/mantenimientosinformaticos.net\/canarytools\/wp-json\/wp\/v2\/product\/4925","targetHints":{"allow":["GET"]}}],"collection":[{"href":"https:\/\/mantenimientosinformaticos.net\/canarytools\/wp-json\/wp\/v2\/product"}],"about":[{"href":"https:\/\/mantenimientosinformaticos.net\/canarytools\/wp-json\/wp\/v2\/types\/product"}],"replies":[{"embeddable":true,"href":"https:\/\/mantenimientosinformaticos.net\/canarytools\/wp-json\/wp\/v2\/comments?post=4925"}],"wp:featuredmedia":[{"embeddable":true,"href":"https:\/\/mantenimientosinformaticos.net\/canarytools\/wp-json\/wp\/v2\/media\/7772"}],"wp:attachment":[{"href":"https:\/\/mantenimientosinformaticos.net\/canarytools\/wp-json\/wp\/v2\/media?parent=4925"}],"wp:term":[{"taxonomy":"product_cat","embeddable":true,"href":"https:\/\/mantenimientosinformaticos.net\/canarytools\/wp-json\/wp\/v2\/product_cat?post=4925"},{"taxonomy":"product_tag","embeddable":true,"href":"https:\/\/mantenimientosinformaticos.net\/canarytools\/wp-json\/wp\/v2\/product_tag?post=4925"}],"curies":[{"name":"wp","href":"https:\/\/api.w.org\/{rel}","templated":true}]}}