{"id":4894,"date":"2020-05-13T10:30:52","date_gmt":"2020-05-13T08:30:52","guid":{"rendered":"https:\/\/mantenimientosinformaticos.net\/canarytools\/producto\/aspirador-recuperacion-aceite-usado\/"},"modified":"2020-05-13T10:30:52","modified_gmt":"2020-05-13T08:30:52","slug":"aspirador-recuperacion-aceite-usado","status":"publish","type":"product","link":"https:\/\/mantenimientosinformaticos.net\/canarytools\/producto\/aspirador-recuperacion-aceite-usado\/","title":{"rendered":"REF.:T657090.       Aspirador recuperaci\u00f3n aceite usado"},"content":{"rendered":"<p>Capacidad del tanque \u00a065 l<br \/>Tiempo de succi\u00f3n \u00a02 min<br \/>Capacidad de absorci\u00f3n de aceite \u00a08 l<br \/>Longitud de la paja \u00a02 m<br \/>Poner la longitud del tubo 2 m<br \/>Succi\u00f3n de presi\u00f3n de gas 1.5-2 l\/min<\/p>\n","protected":false},"excerpt":{"rendered":"<p><em><span style=\"color:#222222;\"><span style=\"font-family:inherit;\"><span style=\"font-size:small;\"><span lang=\"es-es\" xml:lang=\"es-es\"><span style=\"font-style:normal;\">Ideal para el cambio r\u00e1pido de aceite del motor de cualquier veh\u00edculo de motor. El aceite antiguo se drena por gravedad, a trav\u00e9s del recipiente de 15 litros, y por succi\u00f3n con las sondas suministradas. La capacidad previa de 8 litros puede utilizarse para una succi\u00f3n r\u00e1pida e independiente. Su transparencia permite que la cantidad y calidad del aceite aspirado se verifique de inmediato. Despu\u00e9s de la despresurizaci\u00f3n, el escurridor funciona sin necesidad de una conexi\u00f3n continua al sistema de aire comprimido. Chupar aceite caliente a 70-90 \u00baC<\/span><\/span><\/span><\/span><\/span><\/em><\/p>\n","protected":false},"featured_media":4893,"comment_status":"open","ping_status":"closed","template":"","meta":[],"product_cat":[492,555],"product_tag":[],"class_list":{"0":"post-4894","1":"product","2":"type-product","3":"status-publish","4":"has-post-thumbnail","6":"product_cat-equipo-de-talleres","7":"product_cat-equipo-de-lubricacion","9":"first","10":"instock","11":"shipping-taxable","12":"purchasable","13":"product-type-simple"},"yoast_head":"<!-- This site is optimized with the Yoast SEO plugin v22.7 - https:\/\/yoast.com\/wordpress\/plugins\/seo\/ -->\n<title>REF.:T657090.    Aspirador recuperaci\u00f3n aceite usado - Canarytools S.L.<\/title>\n<meta name=\"robots\" content=\"index, follow, max-snippet:-1, max-image-preview:large, max-video-preview:-1\" \/>\n<link rel=\"canonical\" href=\"https:\/\/mantenimientosinformaticos.net\/canarytools\/producto\/aspirador-recuperacion-aceite-usado\/\" \/>\n<meta property=\"og:locale\" content=\"es_ES\" \/>\n<meta property=\"og:type\" content=\"article\" \/>\n<meta property=\"og:title\" content=\"REF.:T657090.    Aspirador recuperaci\u00f3n aceite usado - Canarytools S.L.\" \/>\n<meta property=\"og:description\" content=\"Ideal para el cambio r\u00e1pido de aceite del motor de cualquier veh\u00edculo de motor. El aceite antiguo se drena por gravedad, a trav\u00e9s del recipiente de 15 litros, y por succi\u00f3n con las sondas suministradas. La capacidad previa de 8 litros puede utilizarse para una succi\u00f3n r\u00e1pida e independiente. Su transparencia permite que la cantidad y calidad del aceite aspirado se verifique de inmediato. Despu\u00e9s de la despresurizaci\u00f3n, el escurridor funciona sin necesidad de una conexi\u00f3n continua al sistema de aire comprimido. Chupar aceite caliente a 70-90 \u00baC\" \/>\n<meta property=\"og:url\" content=\"https:\/\/mantenimientosinformaticos.net\/canarytools\/producto\/aspirador-recuperacion-aceite-usado\/\" \/>\n<meta property=\"og:site_name\" content=\"Canarytools S.L.\" \/>\n<meta property=\"og:image\" content=\"https:\/\/mantenimientosinformaticos.net\/canarytools\/wp-content\/uploads\/2020\/05\/562-REF.T657090.-Aspirador-recuperacion-aceite-usado.jpg\" \/>\n\t<meta property=\"og:image:width\" content=\"195\" \/>\n\t<meta property=\"og:image:height\" content=\"379\" \/>\n\t<meta property=\"og:image:type\" content=\"image\/jpeg\" \/>\n<meta name=\"twitter:card\" content=\"summary_large_image\" \/>\n<script type=\"application\/ld+json\" class=\"yoast-schema-graph\">{\"@context\":\"https:\/\/schema.org\",\"@graph\":[{\"@type\":\"WebPage\",\"@id\":\"https:\/\/mantenimientosinformaticos.net\/canarytools\/producto\/aspirador-recuperacion-aceite-usado\/\",\"url\":\"https:\/\/mantenimientosinformaticos.net\/canarytools\/producto\/aspirador-recuperacion-aceite-usado\/\",\"name\":\"REF.:T657090. Aspirador recuperaci\u00f3n aceite usado - Canarytools S.L.\",\"isPartOf\":{\"@id\":\"https:\/\/mantenimientosinformaticos.net\/canarytools\/#website\"},\"primaryImageOfPage\":{\"@id\":\"https:\/\/mantenimientosinformaticos.net\/canarytools\/producto\/aspirador-recuperacion-aceite-usado\/#primaryimage\"},\"image\":{\"@id\":\"https:\/\/mantenimientosinformaticos.net\/canarytools\/producto\/aspirador-recuperacion-aceite-usado\/#primaryimage\"},\"thumbnailUrl\":\"https:\/\/mantenimientosinformaticos.net\/canarytools\/wp-content\/uploads\/2020\/05\/562-REF.T657090.-Aspirador-recuperacion-aceite-usado.jpg\",\"datePublished\":\"2020-05-13T08:30:52+00:00\",\"dateModified\":\"2020-05-13T08:30:52+00:00\",\"breadcrumb\":{\"@id\":\"https:\/\/mantenimientosinformaticos.net\/canarytools\/producto\/aspirador-recuperacion-aceite-usado\/#breadcrumb\"},\"inLanguage\":\"es\",\"potentialAction\":[{\"@type\":\"ReadAction\",\"target\":[\"https:\/\/mantenimientosinformaticos.net\/canarytools\/producto\/aspirador-recuperacion-aceite-usado\/\"]}]},{\"@type\":\"ImageObject\",\"inLanguage\":\"es\",\"@id\":\"https:\/\/mantenimientosinformaticos.net\/canarytools\/producto\/aspirador-recuperacion-aceite-usado\/#primaryimage\",\"url\":\"https:\/\/mantenimientosinformaticos.net\/canarytools\/wp-content\/uploads\/2020\/05\/562-REF.T657090.-Aspirador-recuperacion-aceite-usado.jpg\",\"contentUrl\":\"https:\/\/mantenimientosinformaticos.net\/canarytools\/wp-content\/uploads\/2020\/05\/562-REF.T657090.-Aspirador-recuperacion-aceite-usado.jpg\",\"width\":195,\"height\":379,\"caption\":\"REF.:T657090. Aspirador recuperaci\u00f3n aceite usado\"},{\"@type\":\"BreadcrumbList\",\"@id\":\"https:\/\/mantenimientosinformaticos.net\/canarytools\/producto\/aspirador-recuperacion-aceite-usado\/#breadcrumb\",\"itemListElement\":[{\"@type\":\"ListItem\",\"position\":1,\"name\":\"Portada\",\"item\":\"https:\/\/mantenimientosinformaticos.net\/canarytools\/\"},{\"@type\":\"ListItem\",\"position\":2,\"name\":\"Tienda\",\"item\":\"https:\/\/mantenimientosinformaticos.net\/canarytools\/tienda\/\"},{\"@type\":\"ListItem\",\"position\":3,\"name\":\"REF.:T657090. Aspirador recuperaci\u00f3n aceite usado\"}]},{\"@type\":\"WebSite\",\"@id\":\"https:\/\/mantenimientosinformaticos.net\/canarytools\/#website\",\"url\":\"https:\/\/mantenimientosinformaticos.net\/canarytools\/\",\"name\":\"Canarytools S.L.\",\"description\":\"Herramientas y M\u00e1quinas\",\"publisher\":{\"@id\":\"https:\/\/mantenimientosinformaticos.net\/canarytools\/#\/schema\/person\/355e32754b03bb24b681f1b6917e49bf\"},\"potentialAction\":[{\"@type\":\"SearchAction\",\"target\":{\"@type\":\"EntryPoint\",\"urlTemplate\":\"https:\/\/mantenimientosinformaticos.net\/canarytools\/?s={search_term_string}\"},\"query-input\":\"required name=search_term_string\"}],\"inLanguage\":\"es\"},{\"@type\":[\"Person\",\"Organization\"],\"@id\":\"https:\/\/mantenimientosinformaticos.net\/canarytools\/#\/schema\/person\/355e32754b03bb24b681f1b6917e49bf\",\"name\":\"canarytools.xnetdigital\",\"image\":{\"@type\":\"ImageObject\",\"inLanguage\":\"es\",\"@id\":\"https:\/\/mantenimientosinformaticos.net\/canarytools\/#\/schema\/person\/image\/\",\"url\":\"https:\/\/mantenimientosinformaticos.net\/canarytools\/wp-content\/uploads\/2023\/12\/canary-tools-logo.png\",\"contentUrl\":\"https:\/\/mantenimientosinformaticos.net\/canarytools\/wp-content\/uploads\/2023\/12\/canary-tools-logo.png\",\"width\":1302,\"height\":440,\"caption\":\"canarytools.xnetdigital\"},\"logo\":{\"@id\":\"https:\/\/mantenimientosinformaticos.net\/canarytools\/#\/schema\/person\/image\/\"},\"sameAs\":[\"https:\/\/mantenimientosinformaticos.net\/canarytools\"]}]}<\/script>\n<!-- \/ Yoast SEO plugin. -->","yoast_head_json":{"title":"REF.:T657090.    Aspirador recuperaci\u00f3n aceite usado - Canarytools S.L.","robots":{"index":"index","follow":"follow","max-snippet":"max-snippet:-1","max-image-preview":"max-image-preview:large","max-video-preview":"max-video-preview:-1"},"canonical":"https:\/\/mantenimientosinformaticos.net\/canarytools\/producto\/aspirador-recuperacion-aceite-usado\/","og_locale":"es_ES","og_type":"article","og_title":"REF.:T657090.    Aspirador recuperaci\u00f3n aceite usado - Canarytools S.L.","og_description":"Ideal para el cambio r\u00e1pido de aceite del motor de cualquier veh\u00edculo de motor. El aceite antiguo se drena por gravedad, a trav\u00e9s del recipiente de 15 litros, y por succi\u00f3n con las sondas suministradas. La capacidad previa de 8 litros puede utilizarse para una succi\u00f3n r\u00e1pida e independiente. Su transparencia permite que la cantidad y calidad del aceite aspirado se verifique de inmediato. Despu\u00e9s de la despresurizaci\u00f3n, el escurridor funciona sin necesidad de una conexi\u00f3n continua al sistema de aire comprimido. Chupar aceite caliente a 70-90 \u00baC","og_url":"https:\/\/mantenimientosinformaticos.net\/canarytools\/producto\/aspirador-recuperacion-aceite-usado\/","og_site_name":"Canarytools S.L.","og_image":[{"width":195,"height":379,"url":"https:\/\/mantenimientosinformaticos.net\/canarytools\/wp-content\/uploads\/2020\/05\/562-REF.T657090.-Aspirador-recuperacion-aceite-usado.jpg","type":"image\/jpeg"}],"twitter_card":"summary_large_image","schema":{"@context":"https:\/\/schema.org","@graph":[{"@type":"WebPage","@id":"https:\/\/mantenimientosinformaticos.net\/canarytools\/producto\/aspirador-recuperacion-aceite-usado\/","url":"https:\/\/mantenimientosinformaticos.net\/canarytools\/producto\/aspirador-recuperacion-aceite-usado\/","name":"REF.:T657090. Aspirador recuperaci\u00f3n aceite usado - Canarytools S.L.","isPartOf":{"@id":"https:\/\/mantenimientosinformaticos.net\/canarytools\/#website"},"primaryImageOfPage":{"@id":"https:\/\/mantenimientosinformaticos.net\/canarytools\/producto\/aspirador-recuperacion-aceite-usado\/#primaryimage"},"image":{"@id":"https:\/\/mantenimientosinformaticos.net\/canarytools\/producto\/aspirador-recuperacion-aceite-usado\/#primaryimage"},"thumbnailUrl":"https:\/\/mantenimientosinformaticos.net\/canarytools\/wp-content\/uploads\/2020\/05\/562-REF.T657090.-Aspirador-recuperacion-aceite-usado.jpg","datePublished":"2020-05-13T08:30:52+00:00","dateModified":"2020-05-13T08:30:52+00:00","breadcrumb":{"@id":"https:\/\/mantenimientosinformaticos.net\/canarytools\/producto\/aspirador-recuperacion-aceite-usado\/#breadcrumb"},"inLanguage":"es","potentialAction":[{"@type":"ReadAction","target":["https:\/\/mantenimientosinformaticos.net\/canarytools\/producto\/aspirador-recuperacion-aceite-usado\/"]}]},{"@type":"ImageObject","inLanguage":"es","@id":"https:\/\/mantenimientosinformaticos.net\/canarytools\/producto\/aspirador-recuperacion-aceite-usado\/#primaryimage","url":"https:\/\/mantenimientosinformaticos.net\/canarytools\/wp-content\/uploads\/2020\/05\/562-REF.T657090.-Aspirador-recuperacion-aceite-usado.jpg","contentUrl":"https:\/\/mantenimientosinformaticos.net\/canarytools\/wp-content\/uploads\/2020\/05\/562-REF.T657090.-Aspirador-recuperacion-aceite-usado.jpg","width":195,"height":379,"caption":"REF.:T657090. Aspirador recuperaci\u00f3n aceite usado"},{"@type":"BreadcrumbList","@id":"https:\/\/mantenimientosinformaticos.net\/canarytools\/producto\/aspirador-recuperacion-aceite-usado\/#breadcrumb","itemListElement":[{"@type":"ListItem","position":1,"name":"Portada","item":"https:\/\/mantenimientosinformaticos.net\/canarytools\/"},{"@type":"ListItem","position":2,"name":"Tienda","item":"https:\/\/mantenimientosinformaticos.net\/canarytools\/tienda\/"},{"@type":"ListItem","position":3,"name":"REF.:T657090. Aspirador recuperaci\u00f3n aceite usado"}]},{"@type":"WebSite","@id":"https:\/\/mantenimientosinformaticos.net\/canarytools\/#website","url":"https:\/\/mantenimientosinformaticos.net\/canarytools\/","name":"Canarytools S.L.","description":"Herramientas y M\u00e1quinas","publisher":{"@id":"https:\/\/mantenimientosinformaticos.net\/canarytools\/#\/schema\/person\/355e32754b03bb24b681f1b6917e49bf"},"potentialAction":[{"@type":"SearchAction","target":{"@type":"EntryPoint","urlTemplate":"https:\/\/mantenimientosinformaticos.net\/canarytools\/?s={search_term_string}"},"query-input":"required name=search_term_string"}],"inLanguage":"es"},{"@type":["Person","Organization"],"@id":"https:\/\/mantenimientosinformaticos.net\/canarytools\/#\/schema\/person\/355e32754b03bb24b681f1b6917e49bf","name":"canarytools.xnetdigital","image":{"@type":"ImageObject","inLanguage":"es","@id":"https:\/\/mantenimientosinformaticos.net\/canarytools\/#\/schema\/person\/image\/","url":"https:\/\/mantenimientosinformaticos.net\/canarytools\/wp-content\/uploads\/2023\/12\/canary-tools-logo.png","contentUrl":"https:\/\/mantenimientosinformaticos.net\/canarytools\/wp-content\/uploads\/2023\/12\/canary-tools-logo.png","width":1302,"height":440,"caption":"canarytools.xnetdigital"},"logo":{"@id":"https:\/\/mantenimientosinformaticos.net\/canarytools\/#\/schema\/person\/image\/"},"sameAs":["https:\/\/mantenimientosinformaticos.net\/canarytools"]}]}},"_links":{"self":[{"href":"https:\/\/mantenimientosinformaticos.net\/canarytools\/wp-json\/wp\/v2\/product\/4894","targetHints":{"allow":["GET"]}}],"collection":[{"href":"https:\/\/mantenimientosinformaticos.net\/canarytools\/wp-json\/wp\/v2\/product"}],"about":[{"href":"https:\/\/mantenimientosinformaticos.net\/canarytools\/wp-json\/wp\/v2\/types\/product"}],"replies":[{"embeddable":true,"href":"https:\/\/mantenimientosinformaticos.net\/canarytools\/wp-json\/wp\/v2\/comments?post=4894"}],"wp:featuredmedia":[{"embeddable":true,"href":"https:\/\/mantenimientosinformaticos.net\/canarytools\/wp-json\/wp\/v2\/media\/4893"}],"wp:attachment":[{"href":"https:\/\/mantenimientosinformaticos.net\/canarytools\/wp-json\/wp\/v2\/media?parent=4894"}],"wp:term":[{"taxonomy":"product_cat","embeddable":true,"href":"https:\/\/mantenimientosinformaticos.net\/canarytools\/wp-json\/wp\/v2\/product_cat?post=4894"},{"taxonomy":"product_tag","embeddable":true,"href":"https:\/\/mantenimientosinformaticos.net\/canarytools\/wp-json\/wp\/v2\/product_tag?post=4894"}],"curies":[{"name":"wp","href":"https:\/\/api.w.org\/{rel}","templated":true}]}}