{"id":4828,"date":"2020-05-12T19:14:54","date_gmt":"2020-05-12T17:14:54","guid":{"rendered":"https:\/\/mantenimientosinformaticos.net\/canarytools\/producto\/soporte-de-motor-y-caja-de-cambios-690-1050-mm\/"},"modified":"2020-05-12T19:14:54","modified_gmt":"2020-05-12T17:14:54","slug":"soporte-de-motor-y-caja-de-cambios-690-1050-mm","status":"publish","type":"product","link":"https:\/\/mantenimientosinformaticos.net\/canarytools\/producto\/soporte-de-motor-y-caja-de-cambios-690-1050-mm\/","title":{"rendered":"REF.:8606      Soporte de motor y caja de cambios 690 &#8211; 1050 mm"},"content":{"rendered":"","protected":false},"excerpt":{"rendered":"<div class=\"productDescriptionContent\">asegura el apoyo del motor o la caja de cambios durante el ensamblaje<br \/>necesario para, por ej. desmontar el soporte del motor, correa dentada y cambiar el embrague<br \/>resistente construcci\u00f3n de tubo cuadrado de acero<br \/>patas y platos de apoyo regulables y bloqueables en altura<br \/>ganchos de retenci\u00f3n giratorios, ajustables en altura mediante volante<br \/>travesa\u00f1o y gancho de retenci\u00f3n deslizantes y bloqueables<br \/>plato de apoyo con almohadilla de goma antideslizante<br \/>adecuado especialmente en parachoques con gran \u00e1ngulo, donde es muy dif\u00edcil el montaje del puente del motor<br \/>se puede utilizar en muchos veh\u00edculos<br \/>longitud de vigas longitudinales de 690 a 1050 mm<br \/>distancia m\u00e1x. de retenci\u00f3n del gancho 500 mm<br \/>distancia de la pata de apoyo de las vigas transversales 450 mm<\/div>\n","protected":false},"featured_media":4827,"comment_status":"open","ping_status":"closed","template":"","meta":[],"product_cat":[492,521,525],"product_tag":[],"class_list":{"0":"post-4828","1":"product","2":"type-product","3":"status-publish","4":"has-post-thumbnail","6":"product_cat-equipo-de-talleres","7":"product_cat-soporte-de-motor","8":"product_cat-plataformas-moviles","10":"first","11":"onbackorder","12":"shipping-taxable","13":"purchasable","14":"product-type-simple"},"yoast_head":"<!-- This site is optimized with the Yoast SEO plugin v22.7 - https:\/\/yoast.com\/wordpress\/plugins\/seo\/ -->\n<title>REF.:8606   Soporte de motor y caja de cambios 690 - 1050 mm - Canarytools S.L.<\/title>\n<meta name=\"robots\" content=\"index, follow, max-snippet:-1, max-image-preview:large, max-video-preview:-1\" \/>\n<link rel=\"canonical\" href=\"https:\/\/mantenimientosinformaticos.net\/canarytools\/producto\/soporte-de-motor-y-caja-de-cambios-690-1050-mm\/\" \/>\n<meta property=\"og:locale\" content=\"es_ES\" \/>\n<meta property=\"og:type\" content=\"article\" \/>\n<meta property=\"og:title\" content=\"REF.:8606   Soporte de motor y caja de cambios 690 - 1050 mm - Canarytools S.L.\" \/>\n<meta property=\"og:description\" content=\"asegura el apoyo del motor o la caja de cambios durante el ensamblajenecesario para, por ej. desmontar el soporte del motor, correa dentada y cambiar el embragueresistente construcci\u00f3n de tubo cuadrado de aceropatas y platos de apoyo regulables y bloqueables en alturaganchos de retenci\u00f3n giratorios, ajustables en altura mediante volantetravesa\u00f1o y gancho de retenci\u00f3n deslizantes y bloqueablesplato de apoyo con almohadilla de goma antideslizanteadecuado especialmente en parachoques con gran \u00e1ngulo, donde es muy dif\u00edcil el montaje del puente del motorse puede utilizar en muchos veh\u00edculoslongitud de vigas longitudinales de 690 a 1050 mmdistancia m\u00e1x. de retenci\u00f3n del gancho 500 mmdistancia de la pata de apoyo de las vigas transversales 450 mm\" \/>\n<meta property=\"og:url\" content=\"https:\/\/mantenimientosinformaticos.net\/canarytools\/producto\/soporte-de-motor-y-caja-de-cambios-690-1050-mm\/\" \/>\n<meta property=\"og:site_name\" content=\"Canarytools S.L.\" \/>\n<meta property=\"og:image\" content=\"https:\/\/mantenimientosinformaticos.net\/canarytools\/wp-content\/uploads\/2020\/05\/525-REF.8606-Soporte-de-motor-y-caja-de-cambios-690-1050-mm.jpg\" \/>\n\t<meta property=\"og:image:width\" content=\"591\" \/>\n\t<meta property=\"og:image:height\" content=\"476\" \/>\n\t<meta property=\"og:image:type\" content=\"image\/jpeg\" \/>\n<meta name=\"twitter:card\" content=\"summary_large_image\" \/>\n<script type=\"application\/ld+json\" class=\"yoast-schema-graph\">{\"@context\":\"https:\/\/schema.org\",\"@graph\":[{\"@type\":\"WebPage\",\"@id\":\"https:\/\/mantenimientosinformaticos.net\/canarytools\/producto\/soporte-de-motor-y-caja-de-cambios-690-1050-mm\/\",\"url\":\"https:\/\/mantenimientosinformaticos.net\/canarytools\/producto\/soporte-de-motor-y-caja-de-cambios-690-1050-mm\/\",\"name\":\"REF.:8606 Soporte de motor y caja de cambios 690 - 1050 mm - Canarytools S.L.\",\"isPartOf\":{\"@id\":\"https:\/\/mantenimientosinformaticos.net\/canarytools\/#website\"},\"primaryImageOfPage\":{\"@id\":\"https:\/\/mantenimientosinformaticos.net\/canarytools\/producto\/soporte-de-motor-y-caja-de-cambios-690-1050-mm\/#primaryimage\"},\"image\":{\"@id\":\"https:\/\/mantenimientosinformaticos.net\/canarytools\/producto\/soporte-de-motor-y-caja-de-cambios-690-1050-mm\/#primaryimage\"},\"thumbnailUrl\":\"https:\/\/mantenimientosinformaticos.net\/canarytools\/wp-content\/uploads\/2020\/05\/525-REF.8606-Soporte-de-motor-y-caja-de-cambios-690-1050-mm.jpg\",\"datePublished\":\"2020-05-12T17:14:54+00:00\",\"dateModified\":\"2020-05-12T17:14:54+00:00\",\"breadcrumb\":{\"@id\":\"https:\/\/mantenimientosinformaticos.net\/canarytools\/producto\/soporte-de-motor-y-caja-de-cambios-690-1050-mm\/#breadcrumb\"},\"inLanguage\":\"es\",\"potentialAction\":[{\"@type\":\"ReadAction\",\"target\":[\"https:\/\/mantenimientosinformaticos.net\/canarytools\/producto\/soporte-de-motor-y-caja-de-cambios-690-1050-mm\/\"]}]},{\"@type\":\"ImageObject\",\"inLanguage\":\"es\",\"@id\":\"https:\/\/mantenimientosinformaticos.net\/canarytools\/producto\/soporte-de-motor-y-caja-de-cambios-690-1050-mm\/#primaryimage\",\"url\":\"https:\/\/mantenimientosinformaticos.net\/canarytools\/wp-content\/uploads\/2020\/05\/525-REF.8606-Soporte-de-motor-y-caja-de-cambios-690-1050-mm.jpg\",\"contentUrl\":\"https:\/\/mantenimientosinformaticos.net\/canarytools\/wp-content\/uploads\/2020\/05\/525-REF.8606-Soporte-de-motor-y-caja-de-cambios-690-1050-mm.jpg\",\"width\":591,\"height\":476,\"caption\":\"REF.:8606 Soporte de motor y caja de cambios 690 - 1050 mm\"},{\"@type\":\"BreadcrumbList\",\"@id\":\"https:\/\/mantenimientosinformaticos.net\/canarytools\/producto\/soporte-de-motor-y-caja-de-cambios-690-1050-mm\/#breadcrumb\",\"itemListElement\":[{\"@type\":\"ListItem\",\"position\":1,\"name\":\"Portada\",\"item\":\"https:\/\/mantenimientosinformaticos.net\/canarytools\/\"},{\"@type\":\"ListItem\",\"position\":2,\"name\":\"Tienda\",\"item\":\"https:\/\/mantenimientosinformaticos.net\/canarytools\/tienda\/\"},{\"@type\":\"ListItem\",\"position\":3,\"name\":\"REF.:8606 Soporte de motor y caja de cambios 690 &#8211; 1050 mm\"}]},{\"@type\":\"WebSite\",\"@id\":\"https:\/\/mantenimientosinformaticos.net\/canarytools\/#website\",\"url\":\"https:\/\/mantenimientosinformaticos.net\/canarytools\/\",\"name\":\"Canarytools S.L.\",\"description\":\"Herramientas y M\u00e1quinas\",\"publisher\":{\"@id\":\"https:\/\/mantenimientosinformaticos.net\/canarytools\/#\/schema\/person\/355e32754b03bb24b681f1b6917e49bf\"},\"potentialAction\":[{\"@type\":\"SearchAction\",\"target\":{\"@type\":\"EntryPoint\",\"urlTemplate\":\"https:\/\/mantenimientosinformaticos.net\/canarytools\/?s={search_term_string}\"},\"query-input\":\"required name=search_term_string\"}],\"inLanguage\":\"es\"},{\"@type\":[\"Person\",\"Organization\"],\"@id\":\"https:\/\/mantenimientosinformaticos.net\/canarytools\/#\/schema\/person\/355e32754b03bb24b681f1b6917e49bf\",\"name\":\"canarytools.xnetdigital\",\"image\":{\"@type\":\"ImageObject\",\"inLanguage\":\"es\",\"@id\":\"https:\/\/mantenimientosinformaticos.net\/canarytools\/#\/schema\/person\/image\/\",\"url\":\"https:\/\/mantenimientosinformaticos.net\/canarytools\/wp-content\/uploads\/2023\/12\/canary-tools-logo.png\",\"contentUrl\":\"https:\/\/mantenimientosinformaticos.net\/canarytools\/wp-content\/uploads\/2023\/12\/canary-tools-logo.png\",\"width\":1302,\"height\":440,\"caption\":\"canarytools.xnetdigital\"},\"logo\":{\"@id\":\"https:\/\/mantenimientosinformaticos.net\/canarytools\/#\/schema\/person\/image\/\"},\"sameAs\":[\"https:\/\/mantenimientosinformaticos.net\/canarytools\"]}]}<\/script>\n<!-- \/ Yoast SEO plugin. -->","yoast_head_json":{"title":"REF.:8606   Soporte de motor y caja de cambios 690 - 1050 mm - Canarytools S.L.","robots":{"index":"index","follow":"follow","max-snippet":"max-snippet:-1","max-image-preview":"max-image-preview:large","max-video-preview":"max-video-preview:-1"},"canonical":"https:\/\/mantenimientosinformaticos.net\/canarytools\/producto\/soporte-de-motor-y-caja-de-cambios-690-1050-mm\/","og_locale":"es_ES","og_type":"article","og_title":"REF.:8606   Soporte de motor y caja de cambios 690 - 1050 mm - Canarytools S.L.","og_description":"asegura el apoyo del motor o la caja de cambios durante el ensamblajenecesario para, por ej. desmontar el soporte del motor, correa dentada y cambiar el embragueresistente construcci\u00f3n de tubo cuadrado de aceropatas y platos de apoyo regulables y bloqueables en alturaganchos de retenci\u00f3n giratorios, ajustables en altura mediante volantetravesa\u00f1o y gancho de retenci\u00f3n deslizantes y bloqueablesplato de apoyo con almohadilla de goma antideslizanteadecuado especialmente en parachoques con gran \u00e1ngulo, donde es muy dif\u00edcil el montaje del puente del motorse puede utilizar en muchos veh\u00edculoslongitud de vigas longitudinales de 690 a 1050 mmdistancia m\u00e1x. de retenci\u00f3n del gancho 500 mmdistancia de la pata de apoyo de las vigas transversales 450 mm","og_url":"https:\/\/mantenimientosinformaticos.net\/canarytools\/producto\/soporte-de-motor-y-caja-de-cambios-690-1050-mm\/","og_site_name":"Canarytools S.L.","og_image":[{"width":591,"height":476,"url":"https:\/\/mantenimientosinformaticos.net\/canarytools\/wp-content\/uploads\/2020\/05\/525-REF.8606-Soporte-de-motor-y-caja-de-cambios-690-1050-mm.jpg","type":"image\/jpeg"}],"twitter_card":"summary_large_image","schema":{"@context":"https:\/\/schema.org","@graph":[{"@type":"WebPage","@id":"https:\/\/mantenimientosinformaticos.net\/canarytools\/producto\/soporte-de-motor-y-caja-de-cambios-690-1050-mm\/","url":"https:\/\/mantenimientosinformaticos.net\/canarytools\/producto\/soporte-de-motor-y-caja-de-cambios-690-1050-mm\/","name":"REF.:8606 Soporte de motor y caja de cambios 690 - 1050 mm - Canarytools S.L.","isPartOf":{"@id":"https:\/\/mantenimientosinformaticos.net\/canarytools\/#website"},"primaryImageOfPage":{"@id":"https:\/\/mantenimientosinformaticos.net\/canarytools\/producto\/soporte-de-motor-y-caja-de-cambios-690-1050-mm\/#primaryimage"},"image":{"@id":"https:\/\/mantenimientosinformaticos.net\/canarytools\/producto\/soporte-de-motor-y-caja-de-cambios-690-1050-mm\/#primaryimage"},"thumbnailUrl":"https:\/\/mantenimientosinformaticos.net\/canarytools\/wp-content\/uploads\/2020\/05\/525-REF.8606-Soporte-de-motor-y-caja-de-cambios-690-1050-mm.jpg","datePublished":"2020-05-12T17:14:54+00:00","dateModified":"2020-05-12T17:14:54+00:00","breadcrumb":{"@id":"https:\/\/mantenimientosinformaticos.net\/canarytools\/producto\/soporte-de-motor-y-caja-de-cambios-690-1050-mm\/#breadcrumb"},"inLanguage":"es","potentialAction":[{"@type":"ReadAction","target":["https:\/\/mantenimientosinformaticos.net\/canarytools\/producto\/soporte-de-motor-y-caja-de-cambios-690-1050-mm\/"]}]},{"@type":"ImageObject","inLanguage":"es","@id":"https:\/\/mantenimientosinformaticos.net\/canarytools\/producto\/soporte-de-motor-y-caja-de-cambios-690-1050-mm\/#primaryimage","url":"https:\/\/mantenimientosinformaticos.net\/canarytools\/wp-content\/uploads\/2020\/05\/525-REF.8606-Soporte-de-motor-y-caja-de-cambios-690-1050-mm.jpg","contentUrl":"https:\/\/mantenimientosinformaticos.net\/canarytools\/wp-content\/uploads\/2020\/05\/525-REF.8606-Soporte-de-motor-y-caja-de-cambios-690-1050-mm.jpg","width":591,"height":476,"caption":"REF.:8606 Soporte de motor y caja de cambios 690 - 1050 mm"},{"@type":"BreadcrumbList","@id":"https:\/\/mantenimientosinformaticos.net\/canarytools\/producto\/soporte-de-motor-y-caja-de-cambios-690-1050-mm\/#breadcrumb","itemListElement":[{"@type":"ListItem","position":1,"name":"Portada","item":"https:\/\/mantenimientosinformaticos.net\/canarytools\/"},{"@type":"ListItem","position":2,"name":"Tienda","item":"https:\/\/mantenimientosinformaticos.net\/canarytools\/tienda\/"},{"@type":"ListItem","position":3,"name":"REF.:8606 Soporte de motor y caja de cambios 690 &#8211; 1050 mm"}]},{"@type":"WebSite","@id":"https:\/\/mantenimientosinformaticos.net\/canarytools\/#website","url":"https:\/\/mantenimientosinformaticos.net\/canarytools\/","name":"Canarytools S.L.","description":"Herramientas y M\u00e1quinas","publisher":{"@id":"https:\/\/mantenimientosinformaticos.net\/canarytools\/#\/schema\/person\/355e32754b03bb24b681f1b6917e49bf"},"potentialAction":[{"@type":"SearchAction","target":{"@type":"EntryPoint","urlTemplate":"https:\/\/mantenimientosinformaticos.net\/canarytools\/?s={search_term_string}"},"query-input":"required name=search_term_string"}],"inLanguage":"es"},{"@type":["Person","Organization"],"@id":"https:\/\/mantenimientosinformaticos.net\/canarytools\/#\/schema\/person\/355e32754b03bb24b681f1b6917e49bf","name":"canarytools.xnetdigital","image":{"@type":"ImageObject","inLanguage":"es","@id":"https:\/\/mantenimientosinformaticos.net\/canarytools\/#\/schema\/person\/image\/","url":"https:\/\/mantenimientosinformaticos.net\/canarytools\/wp-content\/uploads\/2023\/12\/canary-tools-logo.png","contentUrl":"https:\/\/mantenimientosinformaticos.net\/canarytools\/wp-content\/uploads\/2023\/12\/canary-tools-logo.png","width":1302,"height":440,"caption":"canarytools.xnetdigital"},"logo":{"@id":"https:\/\/mantenimientosinformaticos.net\/canarytools\/#\/schema\/person\/image\/"},"sameAs":["https:\/\/mantenimientosinformaticos.net\/canarytools"]}]}},"_links":{"self":[{"href":"https:\/\/mantenimientosinformaticos.net\/canarytools\/wp-json\/wp\/v2\/product\/4828","targetHints":{"allow":["GET"]}}],"collection":[{"href":"https:\/\/mantenimientosinformaticos.net\/canarytools\/wp-json\/wp\/v2\/product"}],"about":[{"href":"https:\/\/mantenimientosinformaticos.net\/canarytools\/wp-json\/wp\/v2\/types\/product"}],"replies":[{"embeddable":true,"href":"https:\/\/mantenimientosinformaticos.net\/canarytools\/wp-json\/wp\/v2\/comments?post=4828"}],"wp:featuredmedia":[{"embeddable":true,"href":"https:\/\/mantenimientosinformaticos.net\/canarytools\/wp-json\/wp\/v2\/media\/4827"}],"wp:attachment":[{"href":"https:\/\/mantenimientosinformaticos.net\/canarytools\/wp-json\/wp\/v2\/media?parent=4828"}],"wp:term":[{"taxonomy":"product_cat","embeddable":true,"href":"https:\/\/mantenimientosinformaticos.net\/canarytools\/wp-json\/wp\/v2\/product_cat?post=4828"},{"taxonomy":"product_tag","embeddable":true,"href":"https:\/\/mantenimientosinformaticos.net\/canarytools\/wp-json\/wp\/v2\/product_tag?post=4828"}],"curies":[{"name":"wp","href":"https:\/\/api.w.org\/{rel}","templated":true}]}}