{"id":4808,"date":"2020-05-12T17:39:58","date_gmt":"2020-05-12T15:39:58","guid":{"rendered":"https:\/\/mantenimientosinformaticos.net\/canarytools\/producto\/grua-de-taller-plegable-mega-650-kg\/"},"modified":"2020-05-12T17:39:58","modified_gmt":"2020-05-12T15:39:58","slug":"grua-de-taller-plegable-mega-650-kg","status":"publish","type":"product","link":"https:\/\/mantenimientosinformaticos.net\/canarytools\/producto\/grua-de-taller-plegable-mega-650-kg\/","title":{"rendered":"REF.:CRV10.     Gr\u00faa de taller plegable MEGA 1000 kg"},"content":{"rendered":"","protected":false},"excerpt":{"rendered":"<p>Disponen de ruedas de poliamida que facilitan la maniobrabilidad, no da\u00f1an el suelo de garaje, no se oxidan y son silenciosas.<\/p>\n<p>Su brazo elevador extensible, las ruedas giratorias y el gancho de seguridad pivotante facilitan el acceso a la carga y su maniobrabilidad.<\/p>\n<p>El brazo extensible cambia de posici\u00f3n con solo pulsar un bot\u00f3n. Con asa y ventanas de gu\u00eda de posici\u00f3n.<\/p>\n<p>Protecciones de goma que evitan posibles da\u00f1os en los veh\u00edculos o en las patas de la gr\u00faas.<\/p>\n<p>Gracias a la posici\u00f3n de las ruedas giratorias, las ruedas delanteras no trabajan en vacio, lo que permite una m\u00e1xima maniobrabilidad son carga. Las ruedas delanteras apenas tocan el suelo cuando la guia est\u00e1 con carga<\/p>\n","protected":false},"featured_media":4807,"comment_status":"open","ping_status":"closed","template":"","meta":[],"product_cat":[513,492],"product_tag":[],"class_list":{"0":"post-4808","1":"product","2":"type-product","3":"status-publish","4":"has-post-thumbnail","6":"product_cat-gruas-de-taller","7":"product_cat-equipo-de-talleres","9":"first","10":"onbackorder","11":"shipping-taxable","12":"purchasable","13":"product-type-simple"},"yoast_head":"<!-- This site is optimized with the Yoast SEO plugin v22.7 - https:\/\/yoast.com\/wordpress\/plugins\/seo\/ -->\n<title>REF.:CRV10.   Gr\u00faa de taller plegable MEGA 1000 kg - Canarytools S.L.<\/title>\n<meta name=\"robots\" content=\"index, follow, max-snippet:-1, max-image-preview:large, max-video-preview:-1\" \/>\n<link rel=\"canonical\" href=\"https:\/\/mantenimientosinformaticos.net\/canarytools\/producto\/grua-de-taller-plegable-mega-650-kg\/\" \/>\n<meta property=\"og:locale\" content=\"es_ES\" \/>\n<meta property=\"og:type\" content=\"article\" \/>\n<meta property=\"og:title\" content=\"REF.:CRV10.   Gr\u00faa de taller plegable MEGA 1000 kg - Canarytools S.L.\" \/>\n<meta property=\"og:description\" content=\"Disponen de ruedas de poliamida que facilitan la maniobrabilidad, no da\u00f1an el suelo de garaje, no se oxidan y son silenciosas. Su brazo elevador extensible, las ruedas giratorias y el gancho de seguridad pivotante facilitan el acceso a la carga y su maniobrabilidad. El brazo extensible cambia de posici\u00f3n con solo pulsar un bot\u00f3n. Con asa y ventanas de gu\u00eda de posici\u00f3n. Protecciones de goma que evitan posibles da\u00f1os en los veh\u00edculos o en las patas de la gr\u00faas. Gracias a la posici\u00f3n de las ruedas giratorias, las ruedas delanteras no trabajan en vacio, lo que permite una m\u00e1xima maniobrabilidad son carga. Las ruedas delanteras apenas tocan el suelo cuando la guia est\u00e1 con carga\" \/>\n<meta property=\"og:url\" content=\"https:\/\/mantenimientosinformaticos.net\/canarytools\/producto\/grua-de-taller-plegable-mega-650-kg\/\" \/>\n<meta property=\"og:site_name\" content=\"Canarytools S.L.\" \/>\n<meta property=\"og:image\" content=\"https:\/\/mantenimientosinformaticos.net\/canarytools\/wp-content\/uploads\/2020\/05\/515-REF.CRV10.-Grua-de-taller-plegable-MEGA-1000-kg.jpg\" \/>\n\t<meta property=\"og:image:width\" content=\"1138\" \/>\n\t<meta property=\"og:image:height\" content=\"1121\" \/>\n\t<meta property=\"og:image:type\" content=\"image\/jpeg\" \/>\n<meta name=\"twitter:card\" content=\"summary_large_image\" \/>\n<script type=\"application\/ld+json\" class=\"yoast-schema-graph\">{\"@context\":\"https:\/\/schema.org\",\"@graph\":[{\"@type\":\"WebPage\",\"@id\":\"https:\/\/mantenimientosinformaticos.net\/canarytools\/producto\/grua-de-taller-plegable-mega-650-kg\/\",\"url\":\"https:\/\/mantenimientosinformaticos.net\/canarytools\/producto\/grua-de-taller-plegable-mega-650-kg\/\",\"name\":\"REF.:CRV10. Gr\u00faa de taller plegable MEGA 1000 kg - Canarytools S.L.\",\"isPartOf\":{\"@id\":\"https:\/\/mantenimientosinformaticos.net\/canarytools\/#website\"},\"primaryImageOfPage\":{\"@id\":\"https:\/\/mantenimientosinformaticos.net\/canarytools\/producto\/grua-de-taller-plegable-mega-650-kg\/#primaryimage\"},\"image\":{\"@id\":\"https:\/\/mantenimientosinformaticos.net\/canarytools\/producto\/grua-de-taller-plegable-mega-650-kg\/#primaryimage\"},\"thumbnailUrl\":\"https:\/\/mantenimientosinformaticos.net\/canarytools\/wp-content\/uploads\/2020\/05\/515-REF.CRV10.-Grua-de-taller-plegable-MEGA-1000-kg.jpg\",\"datePublished\":\"2020-05-12T15:39:58+00:00\",\"dateModified\":\"2020-05-12T15:39:58+00:00\",\"breadcrumb\":{\"@id\":\"https:\/\/mantenimientosinformaticos.net\/canarytools\/producto\/grua-de-taller-plegable-mega-650-kg\/#breadcrumb\"},\"inLanguage\":\"es\",\"potentialAction\":[{\"@type\":\"ReadAction\",\"target\":[\"https:\/\/mantenimientosinformaticos.net\/canarytools\/producto\/grua-de-taller-plegable-mega-650-kg\/\"]}]},{\"@type\":\"ImageObject\",\"inLanguage\":\"es\",\"@id\":\"https:\/\/mantenimientosinformaticos.net\/canarytools\/producto\/grua-de-taller-plegable-mega-650-kg\/#primaryimage\",\"url\":\"https:\/\/mantenimientosinformaticos.net\/canarytools\/wp-content\/uploads\/2020\/05\/515-REF.CRV10.-Grua-de-taller-plegable-MEGA-1000-kg.jpg\",\"contentUrl\":\"https:\/\/mantenimientosinformaticos.net\/canarytools\/wp-content\/uploads\/2020\/05\/515-REF.CRV10.-Grua-de-taller-plegable-MEGA-1000-kg.jpg\",\"width\":1138,\"height\":1121,\"caption\":\"REF.:CRV10. Gr\u00faa de taller plegable MEGA 1000 kg\"},{\"@type\":\"BreadcrumbList\",\"@id\":\"https:\/\/mantenimientosinformaticos.net\/canarytools\/producto\/grua-de-taller-plegable-mega-650-kg\/#breadcrumb\",\"itemListElement\":[{\"@type\":\"ListItem\",\"position\":1,\"name\":\"Portada\",\"item\":\"https:\/\/mantenimientosinformaticos.net\/canarytools\/\"},{\"@type\":\"ListItem\",\"position\":2,\"name\":\"Tienda\",\"item\":\"https:\/\/mantenimientosinformaticos.net\/canarytools\/tienda\/\"},{\"@type\":\"ListItem\",\"position\":3,\"name\":\"REF.:CRV10. Gr\u00faa de taller plegable MEGA 1000 kg\"}]},{\"@type\":\"WebSite\",\"@id\":\"https:\/\/mantenimientosinformaticos.net\/canarytools\/#website\",\"url\":\"https:\/\/mantenimientosinformaticos.net\/canarytools\/\",\"name\":\"Canarytools S.L.\",\"description\":\"Herramientas y M\u00e1quinas\",\"publisher\":{\"@id\":\"https:\/\/mantenimientosinformaticos.net\/canarytools\/#\/schema\/person\/355e32754b03bb24b681f1b6917e49bf\"},\"potentialAction\":[{\"@type\":\"SearchAction\",\"target\":{\"@type\":\"EntryPoint\",\"urlTemplate\":\"https:\/\/mantenimientosinformaticos.net\/canarytools\/?s={search_term_string}\"},\"query-input\":\"required name=search_term_string\"}],\"inLanguage\":\"es\"},{\"@type\":[\"Person\",\"Organization\"],\"@id\":\"https:\/\/mantenimientosinformaticos.net\/canarytools\/#\/schema\/person\/355e32754b03bb24b681f1b6917e49bf\",\"name\":\"canarytools.xnetdigital\",\"image\":{\"@type\":\"ImageObject\",\"inLanguage\":\"es\",\"@id\":\"https:\/\/mantenimientosinformaticos.net\/canarytools\/#\/schema\/person\/image\/\",\"url\":\"https:\/\/mantenimientosinformaticos.net\/canarytools\/wp-content\/uploads\/2023\/12\/canary-tools-logo.png\",\"contentUrl\":\"https:\/\/mantenimientosinformaticos.net\/canarytools\/wp-content\/uploads\/2023\/12\/canary-tools-logo.png\",\"width\":1302,\"height\":440,\"caption\":\"canarytools.xnetdigital\"},\"logo\":{\"@id\":\"https:\/\/mantenimientosinformaticos.net\/canarytools\/#\/schema\/person\/image\/\"},\"sameAs\":[\"https:\/\/mantenimientosinformaticos.net\/canarytools\"]}]}<\/script>\n<!-- \/ Yoast SEO plugin. -->","yoast_head_json":{"title":"REF.:CRV10.   Gr\u00faa de taller plegable MEGA 1000 kg - Canarytools S.L.","robots":{"index":"index","follow":"follow","max-snippet":"max-snippet:-1","max-image-preview":"max-image-preview:large","max-video-preview":"max-video-preview:-1"},"canonical":"https:\/\/mantenimientosinformaticos.net\/canarytools\/producto\/grua-de-taller-plegable-mega-650-kg\/","og_locale":"es_ES","og_type":"article","og_title":"REF.:CRV10.   Gr\u00faa de taller plegable MEGA 1000 kg - Canarytools S.L.","og_description":"Disponen de ruedas de poliamida que facilitan la maniobrabilidad, no da\u00f1an el suelo de garaje, no se oxidan y son silenciosas. Su brazo elevador extensible, las ruedas giratorias y el gancho de seguridad pivotante facilitan el acceso a la carga y su maniobrabilidad. El brazo extensible cambia de posici\u00f3n con solo pulsar un bot\u00f3n. Con asa y ventanas de gu\u00eda de posici\u00f3n. Protecciones de goma que evitan posibles da\u00f1os en los veh\u00edculos o en las patas de la gr\u00faas. Gracias a la posici\u00f3n de las ruedas giratorias, las ruedas delanteras no trabajan en vacio, lo que permite una m\u00e1xima maniobrabilidad son carga. Las ruedas delanteras apenas tocan el suelo cuando la guia est\u00e1 con carga","og_url":"https:\/\/mantenimientosinformaticos.net\/canarytools\/producto\/grua-de-taller-plegable-mega-650-kg\/","og_site_name":"Canarytools S.L.","og_image":[{"width":1138,"height":1121,"url":"https:\/\/mantenimientosinformaticos.net\/canarytools\/wp-content\/uploads\/2020\/05\/515-REF.CRV10.-Grua-de-taller-plegable-MEGA-1000-kg.jpg","type":"image\/jpeg"}],"twitter_card":"summary_large_image","schema":{"@context":"https:\/\/schema.org","@graph":[{"@type":"WebPage","@id":"https:\/\/mantenimientosinformaticos.net\/canarytools\/producto\/grua-de-taller-plegable-mega-650-kg\/","url":"https:\/\/mantenimientosinformaticos.net\/canarytools\/producto\/grua-de-taller-plegable-mega-650-kg\/","name":"REF.:CRV10. Gr\u00faa de taller plegable MEGA 1000 kg - Canarytools S.L.","isPartOf":{"@id":"https:\/\/mantenimientosinformaticos.net\/canarytools\/#website"},"primaryImageOfPage":{"@id":"https:\/\/mantenimientosinformaticos.net\/canarytools\/producto\/grua-de-taller-plegable-mega-650-kg\/#primaryimage"},"image":{"@id":"https:\/\/mantenimientosinformaticos.net\/canarytools\/producto\/grua-de-taller-plegable-mega-650-kg\/#primaryimage"},"thumbnailUrl":"https:\/\/mantenimientosinformaticos.net\/canarytools\/wp-content\/uploads\/2020\/05\/515-REF.CRV10.-Grua-de-taller-plegable-MEGA-1000-kg.jpg","datePublished":"2020-05-12T15:39:58+00:00","dateModified":"2020-05-12T15:39:58+00:00","breadcrumb":{"@id":"https:\/\/mantenimientosinformaticos.net\/canarytools\/producto\/grua-de-taller-plegable-mega-650-kg\/#breadcrumb"},"inLanguage":"es","potentialAction":[{"@type":"ReadAction","target":["https:\/\/mantenimientosinformaticos.net\/canarytools\/producto\/grua-de-taller-plegable-mega-650-kg\/"]}]},{"@type":"ImageObject","inLanguage":"es","@id":"https:\/\/mantenimientosinformaticos.net\/canarytools\/producto\/grua-de-taller-plegable-mega-650-kg\/#primaryimage","url":"https:\/\/mantenimientosinformaticos.net\/canarytools\/wp-content\/uploads\/2020\/05\/515-REF.CRV10.-Grua-de-taller-plegable-MEGA-1000-kg.jpg","contentUrl":"https:\/\/mantenimientosinformaticos.net\/canarytools\/wp-content\/uploads\/2020\/05\/515-REF.CRV10.-Grua-de-taller-plegable-MEGA-1000-kg.jpg","width":1138,"height":1121,"caption":"REF.:CRV10. Gr\u00faa de taller plegable MEGA 1000 kg"},{"@type":"BreadcrumbList","@id":"https:\/\/mantenimientosinformaticos.net\/canarytools\/producto\/grua-de-taller-plegable-mega-650-kg\/#breadcrumb","itemListElement":[{"@type":"ListItem","position":1,"name":"Portada","item":"https:\/\/mantenimientosinformaticos.net\/canarytools\/"},{"@type":"ListItem","position":2,"name":"Tienda","item":"https:\/\/mantenimientosinformaticos.net\/canarytools\/tienda\/"},{"@type":"ListItem","position":3,"name":"REF.:CRV10. Gr\u00faa de taller plegable MEGA 1000 kg"}]},{"@type":"WebSite","@id":"https:\/\/mantenimientosinformaticos.net\/canarytools\/#website","url":"https:\/\/mantenimientosinformaticos.net\/canarytools\/","name":"Canarytools S.L.","description":"Herramientas y M\u00e1quinas","publisher":{"@id":"https:\/\/mantenimientosinformaticos.net\/canarytools\/#\/schema\/person\/355e32754b03bb24b681f1b6917e49bf"},"potentialAction":[{"@type":"SearchAction","target":{"@type":"EntryPoint","urlTemplate":"https:\/\/mantenimientosinformaticos.net\/canarytools\/?s={search_term_string}"},"query-input":"required name=search_term_string"}],"inLanguage":"es"},{"@type":["Person","Organization"],"@id":"https:\/\/mantenimientosinformaticos.net\/canarytools\/#\/schema\/person\/355e32754b03bb24b681f1b6917e49bf","name":"canarytools.xnetdigital","image":{"@type":"ImageObject","inLanguage":"es","@id":"https:\/\/mantenimientosinformaticos.net\/canarytools\/#\/schema\/person\/image\/","url":"https:\/\/mantenimientosinformaticos.net\/canarytools\/wp-content\/uploads\/2023\/12\/canary-tools-logo.png","contentUrl":"https:\/\/mantenimientosinformaticos.net\/canarytools\/wp-content\/uploads\/2023\/12\/canary-tools-logo.png","width":1302,"height":440,"caption":"canarytools.xnetdigital"},"logo":{"@id":"https:\/\/mantenimientosinformaticos.net\/canarytools\/#\/schema\/person\/image\/"},"sameAs":["https:\/\/mantenimientosinformaticos.net\/canarytools"]}]}},"_links":{"self":[{"href":"https:\/\/mantenimientosinformaticos.net\/canarytools\/wp-json\/wp\/v2\/product\/4808","targetHints":{"allow":["GET"]}}],"collection":[{"href":"https:\/\/mantenimientosinformaticos.net\/canarytools\/wp-json\/wp\/v2\/product"}],"about":[{"href":"https:\/\/mantenimientosinformaticos.net\/canarytools\/wp-json\/wp\/v2\/types\/product"}],"replies":[{"embeddable":true,"href":"https:\/\/mantenimientosinformaticos.net\/canarytools\/wp-json\/wp\/v2\/comments?post=4808"}],"wp:featuredmedia":[{"embeddable":true,"href":"https:\/\/mantenimientosinformaticos.net\/canarytools\/wp-json\/wp\/v2\/media\/4807"}],"wp:attachment":[{"href":"https:\/\/mantenimientosinformaticos.net\/canarytools\/wp-json\/wp\/v2\/media?parent=4808"}],"wp:term":[{"taxonomy":"product_cat","embeddable":true,"href":"https:\/\/mantenimientosinformaticos.net\/canarytools\/wp-json\/wp\/v2\/product_cat?post=4808"},{"taxonomy":"product_tag","embeddable":true,"href":"https:\/\/mantenimientosinformaticos.net\/canarytools\/wp-json\/wp\/v2\/product_tag?post=4808"}],"curies":[{"name":"wp","href":"https:\/\/api.w.org\/{rel}","templated":true}]}}