{"id":4778,"date":"2020-05-12T16:36:11","date_gmt":"2020-05-12T14:36:11","guid":{"rendered":"https:\/\/mantenimientosinformaticos.net\/canarytools\/producto\/taladro-neumatico-con-mandril-de-cierre-rapido-de-10-mm\/"},"modified":"2020-05-12T16:36:11","modified_gmt":"2020-05-12T14:36:11","slug":"taladro-neumatico-con-mandril-de-cierre-rapido-de-10-mm","status":"publish","type":"product","link":"https:\/\/mantenimientosinformaticos.net\/canarytools\/producto\/taladro-neumatico-con-mandril-de-cierre-rapido-de-10-mm\/","title":{"rendered":"REF.:8852.     Taladro neum\u00e1tico con mandril de cierre r\u00e1pido de 10 mm"},"content":{"rendered":"","protected":false},"excerpt":{"rendered":"<div class=\"productDescriptionContent\">tama\u00f1o del mandril 0,8 &#8211; 10 mm<br \/>n\u00famero m\u00e1x. de revoluciones 1800 rpm<br \/>consumo de aire: 170 l\/min (6 cfm)<br \/>presi\u00f3n de trabajo 6,3 bar (90 psi)<br \/>conexi\u00f3n de aire 6,3 mm (1\/4&#8243;)<br \/>\u00d8 de manguera recomendado: 10 mm (3\/8&#8243;)<br \/>longitud 197 mm<br \/>peso 1,13 kg<br \/>nivel de ruido LpA = 98 dB(A) \/ LwA = 101,2 dB(A)<br \/>vibraci\u00f3n ahd = 4,8 m\/s\u00b2 \/ K = 1,5 m\/s\u00b2<\/div>\n","protected":false},"featured_media":4777,"comment_status":"open","ping_status":"closed","template":"","meta":[],"product_cat":[522,494],"product_tag":[],"class_list":{"0":"post-4778","1":"product","2":"type-product","3":"status-publish","4":"has-post-thumbnail","6":"product_cat-taladro-neumatico","7":"product_cat-herramientas-neumaticas","9":"first","10":"instock","11":"shipping-taxable","12":"purchasable","13":"product-type-simple"},"yoast_head":"<!-- This site is optimized with the Yoast SEO plugin v22.7 - https:\/\/yoast.com\/wordpress\/plugins\/seo\/ -->\n<title>REF.:8852.   Taladro neum\u00e1tico con mandril de cierre r\u00e1pido de 10 mm - Canarytools S.L.<\/title>\n<meta name=\"robots\" content=\"index, follow, max-snippet:-1, max-image-preview:large, max-video-preview:-1\" \/>\n<link rel=\"canonical\" href=\"https:\/\/mantenimientosinformaticos.net\/canarytools\/producto\/taladro-neumatico-con-mandril-de-cierre-rapido-de-10-mm\/\" \/>\n<meta property=\"og:locale\" content=\"es_ES\" \/>\n<meta property=\"og:type\" content=\"article\" \/>\n<meta property=\"og:title\" content=\"REF.:8852.   Taladro neum\u00e1tico con mandril de cierre r\u00e1pido de 10 mm - Canarytools S.L.\" \/>\n<meta property=\"og:description\" content=\"tama\u00f1o del mandril 0,8 - 10 mmn\u00famero m\u00e1x. de revoluciones 1800 rpmconsumo de aire: 170 l\/min (6 cfm)presi\u00f3n de trabajo 6,3 bar (90 psi)conexi\u00f3n de aire 6,3 mm (1\/4&quot;)\u00d8 de manguera recomendado: 10 mm (3\/8&quot;)longitud 197 mmpeso 1,13 kgnivel de ruido LpA = 98 dB(A) \/ LwA = 101,2 dB(A)vibraci\u00f3n ahd = 4,8 m\/s\u00b2 \/ K = 1,5 m\/s\u00b2\" \/>\n<meta property=\"og:url\" content=\"https:\/\/mantenimientosinformaticos.net\/canarytools\/producto\/taladro-neumatico-con-mandril-de-cierre-rapido-de-10-mm\/\" \/>\n<meta property=\"og:site_name\" content=\"Canarytools S.L.\" \/>\n<meta property=\"og:image\" content=\"https:\/\/mantenimientosinformaticos.net\/canarytools\/wp-content\/uploads\/2020\/05\/500-REF.8852.-Taladro-neumatico-con-mandril-de-cierre-rapido-de-10-mm.jpg\" \/>\n\t<meta property=\"og:image:width\" content=\"540\" \/>\n\t<meta property=\"og:image:height\" content=\"333\" \/>\n\t<meta property=\"og:image:type\" content=\"image\/jpeg\" \/>\n<meta name=\"twitter:card\" content=\"summary_large_image\" \/>\n<script type=\"application\/ld+json\" class=\"yoast-schema-graph\">{\"@context\":\"https:\/\/schema.org\",\"@graph\":[{\"@type\":\"WebPage\",\"@id\":\"https:\/\/mantenimientosinformaticos.net\/canarytools\/producto\/taladro-neumatico-con-mandril-de-cierre-rapido-de-10-mm\/\",\"url\":\"https:\/\/mantenimientosinformaticos.net\/canarytools\/producto\/taladro-neumatico-con-mandril-de-cierre-rapido-de-10-mm\/\",\"name\":\"REF.:8852. Taladro neum\u00e1tico con mandril de cierre r\u00e1pido de 10 mm - Canarytools S.L.\",\"isPartOf\":{\"@id\":\"https:\/\/mantenimientosinformaticos.net\/canarytools\/#website\"},\"primaryImageOfPage\":{\"@id\":\"https:\/\/mantenimientosinformaticos.net\/canarytools\/producto\/taladro-neumatico-con-mandril-de-cierre-rapido-de-10-mm\/#primaryimage\"},\"image\":{\"@id\":\"https:\/\/mantenimientosinformaticos.net\/canarytools\/producto\/taladro-neumatico-con-mandril-de-cierre-rapido-de-10-mm\/#primaryimage\"},\"thumbnailUrl\":\"https:\/\/mantenimientosinformaticos.net\/canarytools\/wp-content\/uploads\/2020\/05\/500-REF.8852.-Taladro-neumatico-con-mandril-de-cierre-rapido-de-10-mm.jpg\",\"datePublished\":\"2020-05-12T14:36:11+00:00\",\"dateModified\":\"2020-05-12T14:36:11+00:00\",\"breadcrumb\":{\"@id\":\"https:\/\/mantenimientosinformaticos.net\/canarytools\/producto\/taladro-neumatico-con-mandril-de-cierre-rapido-de-10-mm\/#breadcrumb\"},\"inLanguage\":\"es\",\"potentialAction\":[{\"@type\":\"ReadAction\",\"target\":[\"https:\/\/mantenimientosinformaticos.net\/canarytools\/producto\/taladro-neumatico-con-mandril-de-cierre-rapido-de-10-mm\/\"]}]},{\"@type\":\"ImageObject\",\"inLanguage\":\"es\",\"@id\":\"https:\/\/mantenimientosinformaticos.net\/canarytools\/producto\/taladro-neumatico-con-mandril-de-cierre-rapido-de-10-mm\/#primaryimage\",\"url\":\"https:\/\/mantenimientosinformaticos.net\/canarytools\/wp-content\/uploads\/2020\/05\/500-REF.8852.-Taladro-neumatico-con-mandril-de-cierre-rapido-de-10-mm.jpg\",\"contentUrl\":\"https:\/\/mantenimientosinformaticos.net\/canarytools\/wp-content\/uploads\/2020\/05\/500-REF.8852.-Taladro-neumatico-con-mandril-de-cierre-rapido-de-10-mm.jpg\",\"width\":540,\"height\":333,\"caption\":\"REF.:8852. Taladro neum\u00e1tico con mandril de cierre r\u00e1pido de 10 mm\"},{\"@type\":\"BreadcrumbList\",\"@id\":\"https:\/\/mantenimientosinformaticos.net\/canarytools\/producto\/taladro-neumatico-con-mandril-de-cierre-rapido-de-10-mm\/#breadcrumb\",\"itemListElement\":[{\"@type\":\"ListItem\",\"position\":1,\"name\":\"Portada\",\"item\":\"https:\/\/mantenimientosinformaticos.net\/canarytools\/\"},{\"@type\":\"ListItem\",\"position\":2,\"name\":\"Tienda\",\"item\":\"https:\/\/mantenimientosinformaticos.net\/canarytools\/tienda\/\"},{\"@type\":\"ListItem\",\"position\":3,\"name\":\"REF.:8852. Taladro neum\u00e1tico con mandril de cierre r\u00e1pido de 10 mm\"}]},{\"@type\":\"WebSite\",\"@id\":\"https:\/\/mantenimientosinformaticos.net\/canarytools\/#website\",\"url\":\"https:\/\/mantenimientosinformaticos.net\/canarytools\/\",\"name\":\"Canarytools S.L.\",\"description\":\"Herramientas y M\u00e1quinas\",\"publisher\":{\"@id\":\"https:\/\/mantenimientosinformaticos.net\/canarytools\/#\/schema\/person\/355e32754b03bb24b681f1b6917e49bf\"},\"potentialAction\":[{\"@type\":\"SearchAction\",\"target\":{\"@type\":\"EntryPoint\",\"urlTemplate\":\"https:\/\/mantenimientosinformaticos.net\/canarytools\/?s={search_term_string}\"},\"query-input\":\"required name=search_term_string\"}],\"inLanguage\":\"es\"},{\"@type\":[\"Person\",\"Organization\"],\"@id\":\"https:\/\/mantenimientosinformaticos.net\/canarytools\/#\/schema\/person\/355e32754b03bb24b681f1b6917e49bf\",\"name\":\"canarytools.xnetdigital\",\"image\":{\"@type\":\"ImageObject\",\"inLanguage\":\"es\",\"@id\":\"https:\/\/mantenimientosinformaticos.net\/canarytools\/#\/schema\/person\/image\/\",\"url\":\"https:\/\/mantenimientosinformaticos.net\/canarytools\/wp-content\/uploads\/2023\/12\/canary-tools-logo.png\",\"contentUrl\":\"https:\/\/mantenimientosinformaticos.net\/canarytools\/wp-content\/uploads\/2023\/12\/canary-tools-logo.png\",\"width\":1302,\"height\":440,\"caption\":\"canarytools.xnetdigital\"},\"logo\":{\"@id\":\"https:\/\/mantenimientosinformaticos.net\/canarytools\/#\/schema\/person\/image\/\"},\"sameAs\":[\"https:\/\/mantenimientosinformaticos.net\/canarytools\"]}]}<\/script>\n<!-- \/ Yoast SEO plugin. -->","yoast_head_json":{"title":"REF.:8852.   Taladro neum\u00e1tico con mandril de cierre r\u00e1pido de 10 mm - Canarytools S.L.","robots":{"index":"index","follow":"follow","max-snippet":"max-snippet:-1","max-image-preview":"max-image-preview:large","max-video-preview":"max-video-preview:-1"},"canonical":"https:\/\/mantenimientosinformaticos.net\/canarytools\/producto\/taladro-neumatico-con-mandril-de-cierre-rapido-de-10-mm\/","og_locale":"es_ES","og_type":"article","og_title":"REF.:8852.   Taladro neum\u00e1tico con mandril de cierre r\u00e1pido de 10 mm - Canarytools S.L.","og_description":"tama\u00f1o del mandril 0,8 - 10 mmn\u00famero m\u00e1x. de revoluciones 1800 rpmconsumo de aire: 170 l\/min (6 cfm)presi\u00f3n de trabajo 6,3 bar (90 psi)conexi\u00f3n de aire 6,3 mm (1\/4\")\u00d8 de manguera recomendado: 10 mm (3\/8\")longitud 197 mmpeso 1,13 kgnivel de ruido LpA = 98 dB(A) \/ LwA = 101,2 dB(A)vibraci\u00f3n ahd = 4,8 m\/s\u00b2 \/ K = 1,5 m\/s\u00b2","og_url":"https:\/\/mantenimientosinformaticos.net\/canarytools\/producto\/taladro-neumatico-con-mandril-de-cierre-rapido-de-10-mm\/","og_site_name":"Canarytools S.L.","og_image":[{"width":540,"height":333,"url":"https:\/\/mantenimientosinformaticos.net\/canarytools\/wp-content\/uploads\/2020\/05\/500-REF.8852.-Taladro-neumatico-con-mandril-de-cierre-rapido-de-10-mm.jpg","type":"image\/jpeg"}],"twitter_card":"summary_large_image","schema":{"@context":"https:\/\/schema.org","@graph":[{"@type":"WebPage","@id":"https:\/\/mantenimientosinformaticos.net\/canarytools\/producto\/taladro-neumatico-con-mandril-de-cierre-rapido-de-10-mm\/","url":"https:\/\/mantenimientosinformaticos.net\/canarytools\/producto\/taladro-neumatico-con-mandril-de-cierre-rapido-de-10-mm\/","name":"REF.:8852. Taladro neum\u00e1tico con mandril de cierre r\u00e1pido de 10 mm - Canarytools S.L.","isPartOf":{"@id":"https:\/\/mantenimientosinformaticos.net\/canarytools\/#website"},"primaryImageOfPage":{"@id":"https:\/\/mantenimientosinformaticos.net\/canarytools\/producto\/taladro-neumatico-con-mandril-de-cierre-rapido-de-10-mm\/#primaryimage"},"image":{"@id":"https:\/\/mantenimientosinformaticos.net\/canarytools\/producto\/taladro-neumatico-con-mandril-de-cierre-rapido-de-10-mm\/#primaryimage"},"thumbnailUrl":"https:\/\/mantenimientosinformaticos.net\/canarytools\/wp-content\/uploads\/2020\/05\/500-REF.8852.-Taladro-neumatico-con-mandril-de-cierre-rapido-de-10-mm.jpg","datePublished":"2020-05-12T14:36:11+00:00","dateModified":"2020-05-12T14:36:11+00:00","breadcrumb":{"@id":"https:\/\/mantenimientosinformaticos.net\/canarytools\/producto\/taladro-neumatico-con-mandril-de-cierre-rapido-de-10-mm\/#breadcrumb"},"inLanguage":"es","potentialAction":[{"@type":"ReadAction","target":["https:\/\/mantenimientosinformaticos.net\/canarytools\/producto\/taladro-neumatico-con-mandril-de-cierre-rapido-de-10-mm\/"]}]},{"@type":"ImageObject","inLanguage":"es","@id":"https:\/\/mantenimientosinformaticos.net\/canarytools\/producto\/taladro-neumatico-con-mandril-de-cierre-rapido-de-10-mm\/#primaryimage","url":"https:\/\/mantenimientosinformaticos.net\/canarytools\/wp-content\/uploads\/2020\/05\/500-REF.8852.-Taladro-neumatico-con-mandril-de-cierre-rapido-de-10-mm.jpg","contentUrl":"https:\/\/mantenimientosinformaticos.net\/canarytools\/wp-content\/uploads\/2020\/05\/500-REF.8852.-Taladro-neumatico-con-mandril-de-cierre-rapido-de-10-mm.jpg","width":540,"height":333,"caption":"REF.:8852. Taladro neum\u00e1tico con mandril de cierre r\u00e1pido de 10 mm"},{"@type":"BreadcrumbList","@id":"https:\/\/mantenimientosinformaticos.net\/canarytools\/producto\/taladro-neumatico-con-mandril-de-cierre-rapido-de-10-mm\/#breadcrumb","itemListElement":[{"@type":"ListItem","position":1,"name":"Portada","item":"https:\/\/mantenimientosinformaticos.net\/canarytools\/"},{"@type":"ListItem","position":2,"name":"Tienda","item":"https:\/\/mantenimientosinformaticos.net\/canarytools\/tienda\/"},{"@type":"ListItem","position":3,"name":"REF.:8852. Taladro neum\u00e1tico con mandril de cierre r\u00e1pido de 10 mm"}]},{"@type":"WebSite","@id":"https:\/\/mantenimientosinformaticos.net\/canarytools\/#website","url":"https:\/\/mantenimientosinformaticos.net\/canarytools\/","name":"Canarytools S.L.","description":"Herramientas y M\u00e1quinas","publisher":{"@id":"https:\/\/mantenimientosinformaticos.net\/canarytools\/#\/schema\/person\/355e32754b03bb24b681f1b6917e49bf"},"potentialAction":[{"@type":"SearchAction","target":{"@type":"EntryPoint","urlTemplate":"https:\/\/mantenimientosinformaticos.net\/canarytools\/?s={search_term_string}"},"query-input":"required name=search_term_string"}],"inLanguage":"es"},{"@type":["Person","Organization"],"@id":"https:\/\/mantenimientosinformaticos.net\/canarytools\/#\/schema\/person\/355e32754b03bb24b681f1b6917e49bf","name":"canarytools.xnetdigital","image":{"@type":"ImageObject","inLanguage":"es","@id":"https:\/\/mantenimientosinformaticos.net\/canarytools\/#\/schema\/person\/image\/","url":"https:\/\/mantenimientosinformaticos.net\/canarytools\/wp-content\/uploads\/2023\/12\/canary-tools-logo.png","contentUrl":"https:\/\/mantenimientosinformaticos.net\/canarytools\/wp-content\/uploads\/2023\/12\/canary-tools-logo.png","width":1302,"height":440,"caption":"canarytools.xnetdigital"},"logo":{"@id":"https:\/\/mantenimientosinformaticos.net\/canarytools\/#\/schema\/person\/image\/"},"sameAs":["https:\/\/mantenimientosinformaticos.net\/canarytools"]}]}},"_links":{"self":[{"href":"https:\/\/mantenimientosinformaticos.net\/canarytools\/wp-json\/wp\/v2\/product\/4778","targetHints":{"allow":["GET"]}}],"collection":[{"href":"https:\/\/mantenimientosinformaticos.net\/canarytools\/wp-json\/wp\/v2\/product"}],"about":[{"href":"https:\/\/mantenimientosinformaticos.net\/canarytools\/wp-json\/wp\/v2\/types\/product"}],"replies":[{"embeddable":true,"href":"https:\/\/mantenimientosinformaticos.net\/canarytools\/wp-json\/wp\/v2\/comments?post=4778"}],"wp:featuredmedia":[{"embeddable":true,"href":"https:\/\/mantenimientosinformaticos.net\/canarytools\/wp-json\/wp\/v2\/media\/4777"}],"wp:attachment":[{"href":"https:\/\/mantenimientosinformaticos.net\/canarytools\/wp-json\/wp\/v2\/media?parent=4778"}],"wp:term":[{"taxonomy":"product_cat","embeddable":true,"href":"https:\/\/mantenimientosinformaticos.net\/canarytools\/wp-json\/wp\/v2\/product_cat?post=4778"},{"taxonomy":"product_tag","embeddable":true,"href":"https:\/\/mantenimientosinformaticos.net\/canarytools\/wp-json\/wp\/v2\/product_tag?post=4778"}],"curies":[{"name":"wp","href":"https:\/\/api.w.org\/{rel}","templated":true}]}}