{"id":4772,"date":"2020-05-12T16:03:24","date_gmt":"2020-05-12T14:03:24","guid":{"rendered":"https:\/\/mantenimientosinformaticos.net\/canarytools\/producto\/carraca-neumatica-14-50-mn\/"},"modified":"2020-05-12T16:03:24","modified_gmt":"2020-05-12T14:03:24","slug":"carraca-neumatica-14-50-mn","status":"publish","type":"product","link":"https:\/\/mantenimientosinformaticos.net\/canarytools\/producto\/carraca-neumatica-14-50-mn\/","title":{"rendered":"REF.:NE261.     Carraca neum\u00e1tica 1\/4&#8243; 50 Mn"},"content":{"rendered":"","protected":false},"excerpt":{"rendered":"<p>Velocidad de rotaci\u00f3n RPM : 230<br \/>Par M\u00e1ximo Nm : 50<br \/>Par M\u00e1ximo ft.lb : 37<br \/>Consumo de aire CFM : 4.6<br \/>Consumo de aire l\/min : 130<br \/>Presi\u00f3n de aire BAR : 6.3<br \/>Presi\u00f3n de aire PSI : 90<br \/>Entrada de aire : 1\/4&#8243;<br \/>Sonido DBA : 88<br \/>Largo (mm) : 160<br \/>N\u00edvel de vibraciones (m\/s\u00b2) : 3<br \/>Peso (g) : 500<\/p>\n","protected":false},"featured_media":4771,"comment_status":"open","ping_status":"closed","template":"","meta":[],"product_cat":[514,494],"product_tag":[],"class_list":{"0":"post-4772","1":"product","2":"type-product","3":"status-publish","4":"has-post-thumbnail","6":"product_cat-carraca-neumatica","7":"product_cat-herramientas-neumaticas","9":"first","10":"onbackorder","11":"shipping-taxable","12":"purchasable","13":"product-type-simple"},"yoast_head":"<!-- This site is optimized with the Yoast SEO plugin v22.7 - https:\/\/yoast.com\/wordpress\/plugins\/seo\/ -->\n<title>REF.:NE261.   Carraca neum\u00e1tica 1\/4&quot; 50 Mn - Canarytools S.L.<\/title>\n<meta name=\"robots\" content=\"index, follow, max-snippet:-1, max-image-preview:large, max-video-preview:-1\" \/>\n<link rel=\"canonical\" href=\"https:\/\/mantenimientosinformaticos.net\/canarytools\/producto\/carraca-neumatica-14-50-mn\/\" \/>\n<meta property=\"og:locale\" content=\"es_ES\" \/>\n<meta property=\"og:type\" content=\"article\" \/>\n<meta property=\"og:title\" content=\"REF.:NE261.   Carraca neum\u00e1tica 1\/4&quot; 50 Mn - Canarytools S.L.\" \/>\n<meta property=\"og:description\" content=\"Velocidad de rotaci\u00f3n RPM : 230Par M\u00e1ximo Nm : 50Par M\u00e1ximo ft.lb : 37Consumo de aire CFM : 4.6Consumo de aire l\/min : 130Presi\u00f3n de aire BAR : 6.3Presi\u00f3n de aire PSI : 90Entrada de aire : 1\/4&quot;Sonido DBA : 88Largo (mm) : 160N\u00edvel de vibraciones (m\/s\u00b2) : 3Peso (g) : 500\" \/>\n<meta property=\"og:url\" content=\"https:\/\/mantenimientosinformaticos.net\/canarytools\/producto\/carraca-neumatica-14-50-mn\/\" \/>\n<meta property=\"og:site_name\" content=\"Canarytools S.L.\" \/>\n<meta property=\"og:image\" content=\"https:\/\/mantenimientosinformaticos.net\/canarytools\/wp-content\/uploads\/2020\/05\/496-REF.NE261.-Carraca-neumatica-14-50-Mn.jpg\" \/>\n\t<meta property=\"og:image:width\" content=\"776\" \/>\n\t<meta property=\"og:image:height\" content=\"255\" \/>\n\t<meta property=\"og:image:type\" content=\"image\/jpeg\" \/>\n<meta name=\"twitter:card\" content=\"summary_large_image\" \/>\n<script type=\"application\/ld+json\" class=\"yoast-schema-graph\">{\"@context\":\"https:\/\/schema.org\",\"@graph\":[{\"@type\":\"WebPage\",\"@id\":\"https:\/\/mantenimientosinformaticos.net\/canarytools\/producto\/carraca-neumatica-14-50-mn\/\",\"url\":\"https:\/\/mantenimientosinformaticos.net\/canarytools\/producto\/carraca-neumatica-14-50-mn\/\",\"name\":\"REF.:NE261. Carraca neum\u00e1tica 1\/4\\\" 50 Mn - Canarytools S.L.\",\"isPartOf\":{\"@id\":\"https:\/\/mantenimientosinformaticos.net\/canarytools\/#website\"},\"primaryImageOfPage\":{\"@id\":\"https:\/\/mantenimientosinformaticos.net\/canarytools\/producto\/carraca-neumatica-14-50-mn\/#primaryimage\"},\"image\":{\"@id\":\"https:\/\/mantenimientosinformaticos.net\/canarytools\/producto\/carraca-neumatica-14-50-mn\/#primaryimage\"},\"thumbnailUrl\":\"https:\/\/mantenimientosinformaticos.net\/canarytools\/wp-content\/uploads\/2020\/05\/496-REF.NE261.-Carraca-neumatica-14-50-Mn.jpg\",\"datePublished\":\"2020-05-12T14:03:24+00:00\",\"dateModified\":\"2020-05-12T14:03:24+00:00\",\"breadcrumb\":{\"@id\":\"https:\/\/mantenimientosinformaticos.net\/canarytools\/producto\/carraca-neumatica-14-50-mn\/#breadcrumb\"},\"inLanguage\":\"es\",\"potentialAction\":[{\"@type\":\"ReadAction\",\"target\":[\"https:\/\/mantenimientosinformaticos.net\/canarytools\/producto\/carraca-neumatica-14-50-mn\/\"]}]},{\"@type\":\"ImageObject\",\"inLanguage\":\"es\",\"@id\":\"https:\/\/mantenimientosinformaticos.net\/canarytools\/producto\/carraca-neumatica-14-50-mn\/#primaryimage\",\"url\":\"https:\/\/mantenimientosinformaticos.net\/canarytools\/wp-content\/uploads\/2020\/05\/496-REF.NE261.-Carraca-neumatica-14-50-Mn.jpg\",\"contentUrl\":\"https:\/\/mantenimientosinformaticos.net\/canarytools\/wp-content\/uploads\/2020\/05\/496-REF.NE261.-Carraca-neumatica-14-50-Mn.jpg\",\"width\":776,\"height\":255,\"caption\":\"REF.:NE261. Carraca neum\u00e1tica 1\/4\\\" 50 Mn\"},{\"@type\":\"BreadcrumbList\",\"@id\":\"https:\/\/mantenimientosinformaticos.net\/canarytools\/producto\/carraca-neumatica-14-50-mn\/#breadcrumb\",\"itemListElement\":[{\"@type\":\"ListItem\",\"position\":1,\"name\":\"Portada\",\"item\":\"https:\/\/mantenimientosinformaticos.net\/canarytools\/\"},{\"@type\":\"ListItem\",\"position\":2,\"name\":\"Tienda\",\"item\":\"https:\/\/mantenimientosinformaticos.net\/canarytools\/tienda\/\"},{\"@type\":\"ListItem\",\"position\":3,\"name\":\"REF.:NE261. Carraca neum\u00e1tica 1\/4&#8243; 50 Mn\"}]},{\"@type\":\"WebSite\",\"@id\":\"https:\/\/mantenimientosinformaticos.net\/canarytools\/#website\",\"url\":\"https:\/\/mantenimientosinformaticos.net\/canarytools\/\",\"name\":\"Canarytools S.L.\",\"description\":\"Herramientas y M\u00e1quinas\",\"publisher\":{\"@id\":\"https:\/\/mantenimientosinformaticos.net\/canarytools\/#\/schema\/person\/355e32754b03bb24b681f1b6917e49bf\"},\"potentialAction\":[{\"@type\":\"SearchAction\",\"target\":{\"@type\":\"EntryPoint\",\"urlTemplate\":\"https:\/\/mantenimientosinformaticos.net\/canarytools\/?s={search_term_string}\"},\"query-input\":\"required name=search_term_string\"}],\"inLanguage\":\"es\"},{\"@type\":[\"Person\",\"Organization\"],\"@id\":\"https:\/\/mantenimientosinformaticos.net\/canarytools\/#\/schema\/person\/355e32754b03bb24b681f1b6917e49bf\",\"name\":\"canarytools.xnetdigital\",\"image\":{\"@type\":\"ImageObject\",\"inLanguage\":\"es\",\"@id\":\"https:\/\/mantenimientosinformaticos.net\/canarytools\/#\/schema\/person\/image\/\",\"url\":\"https:\/\/mantenimientosinformaticos.net\/canarytools\/wp-content\/uploads\/2023\/12\/canary-tools-logo.png\",\"contentUrl\":\"https:\/\/mantenimientosinformaticos.net\/canarytools\/wp-content\/uploads\/2023\/12\/canary-tools-logo.png\",\"width\":1302,\"height\":440,\"caption\":\"canarytools.xnetdigital\"},\"logo\":{\"@id\":\"https:\/\/mantenimientosinformaticos.net\/canarytools\/#\/schema\/person\/image\/\"},\"sameAs\":[\"https:\/\/mantenimientosinformaticos.net\/canarytools\"]}]}<\/script>\n<!-- \/ Yoast SEO plugin. -->","yoast_head_json":{"title":"REF.:NE261.   Carraca neum\u00e1tica 1\/4\" 50 Mn - Canarytools S.L.","robots":{"index":"index","follow":"follow","max-snippet":"max-snippet:-1","max-image-preview":"max-image-preview:large","max-video-preview":"max-video-preview:-1"},"canonical":"https:\/\/mantenimientosinformaticos.net\/canarytools\/producto\/carraca-neumatica-14-50-mn\/","og_locale":"es_ES","og_type":"article","og_title":"REF.:NE261.   Carraca neum\u00e1tica 1\/4\" 50 Mn - Canarytools S.L.","og_description":"Velocidad de rotaci\u00f3n RPM : 230Par M\u00e1ximo Nm : 50Par M\u00e1ximo ft.lb : 37Consumo de aire CFM : 4.6Consumo de aire l\/min : 130Presi\u00f3n de aire BAR : 6.3Presi\u00f3n de aire PSI : 90Entrada de aire : 1\/4\"Sonido DBA : 88Largo (mm) : 160N\u00edvel de vibraciones (m\/s\u00b2) : 3Peso (g) : 500","og_url":"https:\/\/mantenimientosinformaticos.net\/canarytools\/producto\/carraca-neumatica-14-50-mn\/","og_site_name":"Canarytools S.L.","og_image":[{"width":776,"height":255,"url":"https:\/\/mantenimientosinformaticos.net\/canarytools\/wp-content\/uploads\/2020\/05\/496-REF.NE261.-Carraca-neumatica-14-50-Mn.jpg","type":"image\/jpeg"}],"twitter_card":"summary_large_image","schema":{"@context":"https:\/\/schema.org","@graph":[{"@type":"WebPage","@id":"https:\/\/mantenimientosinformaticos.net\/canarytools\/producto\/carraca-neumatica-14-50-mn\/","url":"https:\/\/mantenimientosinformaticos.net\/canarytools\/producto\/carraca-neumatica-14-50-mn\/","name":"REF.:NE261. Carraca neum\u00e1tica 1\/4\" 50 Mn - Canarytools S.L.","isPartOf":{"@id":"https:\/\/mantenimientosinformaticos.net\/canarytools\/#website"},"primaryImageOfPage":{"@id":"https:\/\/mantenimientosinformaticos.net\/canarytools\/producto\/carraca-neumatica-14-50-mn\/#primaryimage"},"image":{"@id":"https:\/\/mantenimientosinformaticos.net\/canarytools\/producto\/carraca-neumatica-14-50-mn\/#primaryimage"},"thumbnailUrl":"https:\/\/mantenimientosinformaticos.net\/canarytools\/wp-content\/uploads\/2020\/05\/496-REF.NE261.-Carraca-neumatica-14-50-Mn.jpg","datePublished":"2020-05-12T14:03:24+00:00","dateModified":"2020-05-12T14:03:24+00:00","breadcrumb":{"@id":"https:\/\/mantenimientosinformaticos.net\/canarytools\/producto\/carraca-neumatica-14-50-mn\/#breadcrumb"},"inLanguage":"es","potentialAction":[{"@type":"ReadAction","target":["https:\/\/mantenimientosinformaticos.net\/canarytools\/producto\/carraca-neumatica-14-50-mn\/"]}]},{"@type":"ImageObject","inLanguage":"es","@id":"https:\/\/mantenimientosinformaticos.net\/canarytools\/producto\/carraca-neumatica-14-50-mn\/#primaryimage","url":"https:\/\/mantenimientosinformaticos.net\/canarytools\/wp-content\/uploads\/2020\/05\/496-REF.NE261.-Carraca-neumatica-14-50-Mn.jpg","contentUrl":"https:\/\/mantenimientosinformaticos.net\/canarytools\/wp-content\/uploads\/2020\/05\/496-REF.NE261.-Carraca-neumatica-14-50-Mn.jpg","width":776,"height":255,"caption":"REF.:NE261. Carraca neum\u00e1tica 1\/4\" 50 Mn"},{"@type":"BreadcrumbList","@id":"https:\/\/mantenimientosinformaticos.net\/canarytools\/producto\/carraca-neumatica-14-50-mn\/#breadcrumb","itemListElement":[{"@type":"ListItem","position":1,"name":"Portada","item":"https:\/\/mantenimientosinformaticos.net\/canarytools\/"},{"@type":"ListItem","position":2,"name":"Tienda","item":"https:\/\/mantenimientosinformaticos.net\/canarytools\/tienda\/"},{"@type":"ListItem","position":3,"name":"REF.:NE261. Carraca neum\u00e1tica 1\/4&#8243; 50 Mn"}]},{"@type":"WebSite","@id":"https:\/\/mantenimientosinformaticos.net\/canarytools\/#website","url":"https:\/\/mantenimientosinformaticos.net\/canarytools\/","name":"Canarytools S.L.","description":"Herramientas y M\u00e1quinas","publisher":{"@id":"https:\/\/mantenimientosinformaticos.net\/canarytools\/#\/schema\/person\/355e32754b03bb24b681f1b6917e49bf"},"potentialAction":[{"@type":"SearchAction","target":{"@type":"EntryPoint","urlTemplate":"https:\/\/mantenimientosinformaticos.net\/canarytools\/?s={search_term_string}"},"query-input":"required name=search_term_string"}],"inLanguage":"es"},{"@type":["Person","Organization"],"@id":"https:\/\/mantenimientosinformaticos.net\/canarytools\/#\/schema\/person\/355e32754b03bb24b681f1b6917e49bf","name":"canarytools.xnetdigital","image":{"@type":"ImageObject","inLanguage":"es","@id":"https:\/\/mantenimientosinformaticos.net\/canarytools\/#\/schema\/person\/image\/","url":"https:\/\/mantenimientosinformaticos.net\/canarytools\/wp-content\/uploads\/2023\/12\/canary-tools-logo.png","contentUrl":"https:\/\/mantenimientosinformaticos.net\/canarytools\/wp-content\/uploads\/2023\/12\/canary-tools-logo.png","width":1302,"height":440,"caption":"canarytools.xnetdigital"},"logo":{"@id":"https:\/\/mantenimientosinformaticos.net\/canarytools\/#\/schema\/person\/image\/"},"sameAs":["https:\/\/mantenimientosinformaticos.net\/canarytools"]}]}},"_links":{"self":[{"href":"https:\/\/mantenimientosinformaticos.net\/canarytools\/wp-json\/wp\/v2\/product\/4772","targetHints":{"allow":["GET"]}}],"collection":[{"href":"https:\/\/mantenimientosinformaticos.net\/canarytools\/wp-json\/wp\/v2\/product"}],"about":[{"href":"https:\/\/mantenimientosinformaticos.net\/canarytools\/wp-json\/wp\/v2\/types\/product"}],"replies":[{"embeddable":true,"href":"https:\/\/mantenimientosinformaticos.net\/canarytools\/wp-json\/wp\/v2\/comments?post=4772"}],"wp:featuredmedia":[{"embeddable":true,"href":"https:\/\/mantenimientosinformaticos.net\/canarytools\/wp-json\/wp\/v2\/media\/4771"}],"wp:attachment":[{"href":"https:\/\/mantenimientosinformaticos.net\/canarytools\/wp-json\/wp\/v2\/media?parent=4772"}],"wp:term":[{"taxonomy":"product_cat","embeddable":true,"href":"https:\/\/mantenimientosinformaticos.net\/canarytools\/wp-json\/wp\/v2\/product_cat?post=4772"},{"taxonomy":"product_tag","embeddable":true,"href":"https:\/\/mantenimientosinformaticos.net\/canarytools\/wp-json\/wp\/v2\/product_tag?post=4772"}],"curies":[{"name":"wp","href":"https:\/\/api.w.org\/{rel}","templated":true}]}}