{"id":4744,"date":"2020-05-12T13:26:56","date_gmt":"2020-05-12T11:26:56","guid":{"rendered":"https:\/\/mantenimientosinformaticos.net\/canarytools\/producto\/pistola-neumatica-de-impacto-25-mm-1-2169-nm\/"},"modified":"2025-05-27T09:46:20","modified_gmt":"2025-05-27T07:46:20","slug":"pistola-neumatica-de-impacto-25-mm-1-2169-nm","status":"publish","type":"product","link":"https:\/\/mantenimientosinformaticos.net\/canarytools\/producto\/pistola-neumatica-de-impacto-25-mm-1-2169-nm\/","title":{"rendered":"REF.:3240.       Pistola neum\u00e1tica de impacto 25 mm (1&#8243;) 2169 Nm"},"content":{"rendered":"","protected":false},"excerpt":{"rendered":"<ul style=\"margin: 0px 0px 20px; list-style: none; padding: 0px; color: #58595b; font-family: 'PT Sans', 'Helvetica Neue', Helvetica, Arial, sans-serif; font-size: 14px; line-height: 20px; background-color: #ffffff;\">\n<li>presi\u00f3n de aire necesaria 6,2 bar<\/li>\n<li>consumo de aire 380 l\/min<\/li>\n<li>m\u00e1x. revoluciones (sin carga) 3900 rpm<\/li>\n<li>par de giro\n<ul style=\"margin: 0px 0px 0px 20px; list-style: none; padding: 0px;\">\n<li>nivel 1: 1288 Nm<\/li>\n<li>nivel 2: 1762 Nm<\/li>\n<li>nivel 3: 2033 Nm<\/li>\n<\/ul>\n<\/li>\n<li>m\u00e1x. par de apriete despu\u00e9s de 15 segundos 2200 Nm<\/li>\n<li>peso 14,8 kg<\/li>\n<\/ul>\n","protected":false},"featured_media":7782,"comment_status":"open","ping_status":"closed","template":"","meta":[],"product_cat":[503,494],"product_tag":[],"class_list":{"0":"post-4744","1":"product","2":"type-product","3":"status-publish","4":"has-post-thumbnail","6":"product_cat-llave-de-impacto","7":"product_cat-herramientas-neumaticas","9":"first","10":"onbackorder","11":"shipping-taxable","12":"purchasable","13":"product-type-simple"},"yoast_head":"<!-- This site is optimized with the Yoast SEO plugin v22.7 - https:\/\/yoast.com\/wordpress\/plugins\/seo\/ -->\n<title>REF.:3240.    Pistola neum\u00e1tica de impacto 25 mm (1&quot;) 2169 Nm - Canarytools S.L.<\/title>\n<meta name=\"robots\" content=\"index, follow, max-snippet:-1, max-image-preview:large, max-video-preview:-1\" \/>\n<link rel=\"canonical\" href=\"https:\/\/mantenimientosinformaticos.net\/canarytools\/producto\/pistola-neumatica-de-impacto-25-mm-1-2169-nm\/\" \/>\n<meta property=\"og:locale\" content=\"es_ES\" \/>\n<meta property=\"og:type\" content=\"article\" \/>\n<meta property=\"og:title\" content=\"REF.:3240.    Pistola neum\u00e1tica de impacto 25 mm (1&quot;) 2169 Nm - Canarytools S.L.\" \/>\n<meta property=\"og:description\" content=\"presi\u00f3n de aire necesaria 6,2 bar  consumo de aire 380 l\/min  m\u00e1x. revoluciones (sin carga) 3900 rpm  par de giro   nivel 1: 1288 Nm  nivel 2: 1762 Nm  nivel 3: 2033 Nm    m\u00e1x. par de apriete despu\u00e9s de 15 segundos 2200 Nm  peso 14,8 kg\" \/>\n<meta property=\"og:url\" content=\"https:\/\/mantenimientosinformaticos.net\/canarytools\/producto\/pistola-neumatica-de-impacto-25-mm-1-2169-nm\/\" \/>\n<meta property=\"og:site_name\" content=\"Canarytools S.L.\" \/>\n<meta property=\"article:modified_time\" content=\"2025-05-27T07:46:20+00:00\" \/>\n<meta property=\"og:image\" content=\"https:\/\/mantenimientosinformaticos.net\/canarytools\/wp-content\/uploads\/2020\/05\/admin-ajax-1-Editada-1.png\" \/>\n\t<meta property=\"og:image:width\" content=\"335\" \/>\n\t<meta property=\"og:image:height\" content=\"196\" \/>\n\t<meta property=\"og:image:type\" content=\"image\/png\" \/>\n<meta name=\"twitter:card\" content=\"summary_large_image\" \/>\n<meta name=\"twitter:label1\" content=\"Tiempo de lectura\" \/>\n\t<meta name=\"twitter:data1\" content=\"1 minuto\" \/>\n<script type=\"application\/ld+json\" class=\"yoast-schema-graph\">{\"@context\":\"https:\/\/schema.org\",\"@graph\":[{\"@type\":\"WebPage\",\"@id\":\"https:\/\/mantenimientosinformaticos.net\/canarytools\/producto\/pistola-neumatica-de-impacto-25-mm-1-2169-nm\/\",\"url\":\"https:\/\/mantenimientosinformaticos.net\/canarytools\/producto\/pistola-neumatica-de-impacto-25-mm-1-2169-nm\/\",\"name\":\"REF.:3240. Pistola neum\u00e1tica de impacto 25 mm (1\\\") 2169 Nm - Canarytools S.L.\",\"isPartOf\":{\"@id\":\"https:\/\/mantenimientosinformaticos.net\/canarytools\/#website\"},\"primaryImageOfPage\":{\"@id\":\"https:\/\/mantenimientosinformaticos.net\/canarytools\/producto\/pistola-neumatica-de-impacto-25-mm-1-2169-nm\/#primaryimage\"},\"image\":{\"@id\":\"https:\/\/mantenimientosinformaticos.net\/canarytools\/producto\/pistola-neumatica-de-impacto-25-mm-1-2169-nm\/#primaryimage\"},\"thumbnailUrl\":\"https:\/\/mantenimientosinformaticos.net\/canarytools\/wp-content\/uploads\/2020\/05\/admin-ajax-1-Editada-1.png\",\"datePublished\":\"2020-05-12T11:26:56+00:00\",\"dateModified\":\"2025-05-27T07:46:20+00:00\",\"breadcrumb\":{\"@id\":\"https:\/\/mantenimientosinformaticos.net\/canarytools\/producto\/pistola-neumatica-de-impacto-25-mm-1-2169-nm\/#breadcrumb\"},\"inLanguage\":\"es\",\"potentialAction\":[{\"@type\":\"ReadAction\",\"target\":[\"https:\/\/mantenimientosinformaticos.net\/canarytools\/producto\/pistola-neumatica-de-impacto-25-mm-1-2169-nm\/\"]}]},{\"@type\":\"ImageObject\",\"inLanguage\":\"es\",\"@id\":\"https:\/\/mantenimientosinformaticos.net\/canarytools\/producto\/pistola-neumatica-de-impacto-25-mm-1-2169-nm\/#primaryimage\",\"url\":\"https:\/\/mantenimientosinformaticos.net\/canarytools\/wp-content\/uploads\/2020\/05\/admin-ajax-1-Editada-1.png\",\"contentUrl\":\"https:\/\/mantenimientosinformaticos.net\/canarytools\/wp-content\/uploads\/2020\/05\/admin-ajax-1-Editada-1.png\",\"width\":335,\"height\":196,\"caption\":\"REF.:3240. Pistola neum\u00e1tica de impacto 25 mm (1\\\") 2169 Nm\"},{\"@type\":\"BreadcrumbList\",\"@id\":\"https:\/\/mantenimientosinformaticos.net\/canarytools\/producto\/pistola-neumatica-de-impacto-25-mm-1-2169-nm\/#breadcrumb\",\"itemListElement\":[{\"@type\":\"ListItem\",\"position\":1,\"name\":\"Portada\",\"item\":\"https:\/\/mantenimientosinformaticos.net\/canarytools\/\"},{\"@type\":\"ListItem\",\"position\":2,\"name\":\"Tienda\",\"item\":\"https:\/\/mantenimientosinformaticos.net\/canarytools\/tienda\/\"},{\"@type\":\"ListItem\",\"position\":3,\"name\":\"REF.:3240. Pistola neum\u00e1tica de impacto 25 mm (1&#8243;) 2169 Nm\"}]},{\"@type\":\"WebSite\",\"@id\":\"https:\/\/mantenimientosinformaticos.net\/canarytools\/#website\",\"url\":\"https:\/\/mantenimientosinformaticos.net\/canarytools\/\",\"name\":\"Canarytools S.L.\",\"description\":\"Herramientas y M\u00e1quinas\",\"publisher\":{\"@id\":\"https:\/\/mantenimientosinformaticos.net\/canarytools\/#\/schema\/person\/355e32754b03bb24b681f1b6917e49bf\"},\"potentialAction\":[{\"@type\":\"SearchAction\",\"target\":{\"@type\":\"EntryPoint\",\"urlTemplate\":\"https:\/\/mantenimientosinformaticos.net\/canarytools\/?s={search_term_string}\"},\"query-input\":\"required name=search_term_string\"}],\"inLanguage\":\"es\"},{\"@type\":[\"Person\",\"Organization\"],\"@id\":\"https:\/\/mantenimientosinformaticos.net\/canarytools\/#\/schema\/person\/355e32754b03bb24b681f1b6917e49bf\",\"name\":\"canarytools.xnetdigital\",\"image\":{\"@type\":\"ImageObject\",\"inLanguage\":\"es\",\"@id\":\"https:\/\/mantenimientosinformaticos.net\/canarytools\/#\/schema\/person\/image\/\",\"url\":\"https:\/\/mantenimientosinformaticos.net\/canarytools\/wp-content\/uploads\/2023\/12\/canary-tools-logo.png\",\"contentUrl\":\"https:\/\/mantenimientosinformaticos.net\/canarytools\/wp-content\/uploads\/2023\/12\/canary-tools-logo.png\",\"width\":1302,\"height\":440,\"caption\":\"canarytools.xnetdigital\"},\"logo\":{\"@id\":\"https:\/\/mantenimientosinformaticos.net\/canarytools\/#\/schema\/person\/image\/\"},\"sameAs\":[\"https:\/\/mantenimientosinformaticos.net\/canarytools\"]}]}<\/script>\n<!-- \/ Yoast SEO plugin. -->","yoast_head_json":{"title":"REF.:3240.    Pistola neum\u00e1tica de impacto 25 mm (1\") 2169 Nm - Canarytools S.L.","robots":{"index":"index","follow":"follow","max-snippet":"max-snippet:-1","max-image-preview":"max-image-preview:large","max-video-preview":"max-video-preview:-1"},"canonical":"https:\/\/mantenimientosinformaticos.net\/canarytools\/producto\/pistola-neumatica-de-impacto-25-mm-1-2169-nm\/","og_locale":"es_ES","og_type":"article","og_title":"REF.:3240.    Pistola neum\u00e1tica de impacto 25 mm (1\") 2169 Nm - Canarytools S.L.","og_description":"presi\u00f3n de aire necesaria 6,2 bar  consumo de aire 380 l\/min  m\u00e1x. revoluciones (sin carga) 3900 rpm  par de giro   nivel 1: 1288 Nm  nivel 2: 1762 Nm  nivel 3: 2033 Nm    m\u00e1x. par de apriete despu\u00e9s de 15 segundos 2200 Nm  peso 14,8 kg","og_url":"https:\/\/mantenimientosinformaticos.net\/canarytools\/producto\/pistola-neumatica-de-impacto-25-mm-1-2169-nm\/","og_site_name":"Canarytools S.L.","article_modified_time":"2025-05-27T07:46:20+00:00","og_image":[{"width":335,"height":196,"url":"https:\/\/mantenimientosinformaticos.net\/canarytools\/wp-content\/uploads\/2020\/05\/admin-ajax-1-Editada-1.png","type":"image\/png"}],"twitter_card":"summary_large_image","twitter_misc":{"Tiempo de lectura":"1 minuto"},"schema":{"@context":"https:\/\/schema.org","@graph":[{"@type":"WebPage","@id":"https:\/\/mantenimientosinformaticos.net\/canarytools\/producto\/pistola-neumatica-de-impacto-25-mm-1-2169-nm\/","url":"https:\/\/mantenimientosinformaticos.net\/canarytools\/producto\/pistola-neumatica-de-impacto-25-mm-1-2169-nm\/","name":"REF.:3240. Pistola neum\u00e1tica de impacto 25 mm (1\") 2169 Nm - Canarytools S.L.","isPartOf":{"@id":"https:\/\/mantenimientosinformaticos.net\/canarytools\/#website"},"primaryImageOfPage":{"@id":"https:\/\/mantenimientosinformaticos.net\/canarytools\/producto\/pistola-neumatica-de-impacto-25-mm-1-2169-nm\/#primaryimage"},"image":{"@id":"https:\/\/mantenimientosinformaticos.net\/canarytools\/producto\/pistola-neumatica-de-impacto-25-mm-1-2169-nm\/#primaryimage"},"thumbnailUrl":"https:\/\/mantenimientosinformaticos.net\/canarytools\/wp-content\/uploads\/2020\/05\/admin-ajax-1-Editada-1.png","datePublished":"2020-05-12T11:26:56+00:00","dateModified":"2025-05-27T07:46:20+00:00","breadcrumb":{"@id":"https:\/\/mantenimientosinformaticos.net\/canarytools\/producto\/pistola-neumatica-de-impacto-25-mm-1-2169-nm\/#breadcrumb"},"inLanguage":"es","potentialAction":[{"@type":"ReadAction","target":["https:\/\/mantenimientosinformaticos.net\/canarytools\/producto\/pistola-neumatica-de-impacto-25-mm-1-2169-nm\/"]}]},{"@type":"ImageObject","inLanguage":"es","@id":"https:\/\/mantenimientosinformaticos.net\/canarytools\/producto\/pistola-neumatica-de-impacto-25-mm-1-2169-nm\/#primaryimage","url":"https:\/\/mantenimientosinformaticos.net\/canarytools\/wp-content\/uploads\/2020\/05\/admin-ajax-1-Editada-1.png","contentUrl":"https:\/\/mantenimientosinformaticos.net\/canarytools\/wp-content\/uploads\/2020\/05\/admin-ajax-1-Editada-1.png","width":335,"height":196,"caption":"REF.:3240. Pistola neum\u00e1tica de impacto 25 mm (1\") 2169 Nm"},{"@type":"BreadcrumbList","@id":"https:\/\/mantenimientosinformaticos.net\/canarytools\/producto\/pistola-neumatica-de-impacto-25-mm-1-2169-nm\/#breadcrumb","itemListElement":[{"@type":"ListItem","position":1,"name":"Portada","item":"https:\/\/mantenimientosinformaticos.net\/canarytools\/"},{"@type":"ListItem","position":2,"name":"Tienda","item":"https:\/\/mantenimientosinformaticos.net\/canarytools\/tienda\/"},{"@type":"ListItem","position":3,"name":"REF.:3240. Pistola neum\u00e1tica de impacto 25 mm (1&#8243;) 2169 Nm"}]},{"@type":"WebSite","@id":"https:\/\/mantenimientosinformaticos.net\/canarytools\/#website","url":"https:\/\/mantenimientosinformaticos.net\/canarytools\/","name":"Canarytools S.L.","description":"Herramientas y M\u00e1quinas","publisher":{"@id":"https:\/\/mantenimientosinformaticos.net\/canarytools\/#\/schema\/person\/355e32754b03bb24b681f1b6917e49bf"},"potentialAction":[{"@type":"SearchAction","target":{"@type":"EntryPoint","urlTemplate":"https:\/\/mantenimientosinformaticos.net\/canarytools\/?s={search_term_string}"},"query-input":"required name=search_term_string"}],"inLanguage":"es"},{"@type":["Person","Organization"],"@id":"https:\/\/mantenimientosinformaticos.net\/canarytools\/#\/schema\/person\/355e32754b03bb24b681f1b6917e49bf","name":"canarytools.xnetdigital","image":{"@type":"ImageObject","inLanguage":"es","@id":"https:\/\/mantenimientosinformaticos.net\/canarytools\/#\/schema\/person\/image\/","url":"https:\/\/mantenimientosinformaticos.net\/canarytools\/wp-content\/uploads\/2023\/12\/canary-tools-logo.png","contentUrl":"https:\/\/mantenimientosinformaticos.net\/canarytools\/wp-content\/uploads\/2023\/12\/canary-tools-logo.png","width":1302,"height":440,"caption":"canarytools.xnetdigital"},"logo":{"@id":"https:\/\/mantenimientosinformaticos.net\/canarytools\/#\/schema\/person\/image\/"},"sameAs":["https:\/\/mantenimientosinformaticos.net\/canarytools"]}]}},"_links":{"self":[{"href":"https:\/\/mantenimientosinformaticos.net\/canarytools\/wp-json\/wp\/v2\/product\/4744","targetHints":{"allow":["GET"]}}],"collection":[{"href":"https:\/\/mantenimientosinformaticos.net\/canarytools\/wp-json\/wp\/v2\/product"}],"about":[{"href":"https:\/\/mantenimientosinformaticos.net\/canarytools\/wp-json\/wp\/v2\/types\/product"}],"replies":[{"embeddable":true,"href":"https:\/\/mantenimientosinformaticos.net\/canarytools\/wp-json\/wp\/v2\/comments?post=4744"}],"wp:featuredmedia":[{"embeddable":true,"href":"https:\/\/mantenimientosinformaticos.net\/canarytools\/wp-json\/wp\/v2\/media\/7782"}],"wp:attachment":[{"href":"https:\/\/mantenimientosinformaticos.net\/canarytools\/wp-json\/wp\/v2\/media?parent=4744"}],"wp:term":[{"taxonomy":"product_cat","embeddable":true,"href":"https:\/\/mantenimientosinformaticos.net\/canarytools\/wp-json\/wp\/v2\/product_cat?post=4744"},{"taxonomy":"product_tag","embeddable":true,"href":"https:\/\/mantenimientosinformaticos.net\/canarytools\/wp-json\/wp\/v2\/product_tag?post=4744"}],"curies":[{"name":"wp","href":"https:\/\/api.w.org\/{rel}","templated":true}]}}