{"id":4671,"date":"2020-05-11T21:53:40","date_gmt":"2020-05-11T19:53:40","guid":{"rendered":"https:\/\/mantenimientosinformaticos.net\/canarytools\/producto\/extractor-de-juntas-homocineticas-de-las-ruedas-delanteras\/"},"modified":"2020-05-11T21:53:40","modified_gmt":"2020-05-11T19:53:40","slug":"extractor-de-juntas-homocineticas-de-las-ruedas-delanteras","status":"publish","type":"product","link":"https:\/\/mantenimientosinformaticos.net\/canarytools\/producto\/extractor-de-juntas-homocineticas-de-las-ruedas-delanteras\/","title":{"rendered":"REF.:1518.  Extractor de juntas homocin\u00e9ticas de las ruedas delanteras"},"content":{"rendered":"","protected":false},"excerpt":{"rendered":"<div class=\"productDescriptionContent\">para extraer juntas homocin\u00e9ticas en ejes de transmisi\u00f3n delanteros<br \/>adecuado para todo tipo de veh\u00edculos est\u00e1ndar (excepto Seat)<br \/>marco extra ancho para juntas grandes<br \/>mand\u00edbulas antideslizantes y ajustables<br \/>ancho de la herramienta (interior) 99 mm<br \/>longitud de la herramienta (interior) 204 mm<\/div>\n","protected":false},"featured_media":4670,"comment_status":"open","ping_status":"closed","template":"","meta":[],"product_cat":[592,491,528],"product_tag":[],"class_list":{"0":"post-4671","1":"product","2":"type-product","3":"status-publish","4":"has-post-thumbnail","6":"product_cat-eje-transmision","7":"product_cat-herramientas-especiales-para-automoviles","8":"product_cat-transmision-ejes-direccion","10":"first","11":"instock","12":"shipping-taxable","13":"purchasable","14":"product-type-simple"},"yoast_head":"<!-- This site is optimized with the Yoast SEO plugin v22.7 - https:\/\/yoast.com\/wordpress\/plugins\/seo\/ -->\n<title>REF.:1518. Extractor de juntas homocin\u00e9ticas de las ruedas delanteras - Canarytools S.L.<\/title>\n<meta name=\"robots\" content=\"index, follow, max-snippet:-1, max-image-preview:large, max-video-preview:-1\" \/>\n<link rel=\"canonical\" href=\"https:\/\/mantenimientosinformaticos.net\/canarytools\/producto\/extractor-de-juntas-homocineticas-de-las-ruedas-delanteras\/\" \/>\n<meta property=\"og:locale\" content=\"es_ES\" \/>\n<meta property=\"og:type\" content=\"article\" \/>\n<meta property=\"og:title\" content=\"REF.:1518. Extractor de juntas homocin\u00e9ticas de las ruedas delanteras - Canarytools S.L.\" \/>\n<meta property=\"og:description\" content=\"para extraer juntas homocin\u00e9ticas en ejes de transmisi\u00f3n delanterosadecuado para todo tipo de veh\u00edculos est\u00e1ndar (excepto Seat)marco extra ancho para juntas grandesmand\u00edbulas antideslizantes y ajustablesancho de la herramienta (interior) 99 mmlongitud de la herramienta (interior) 204 mm\" \/>\n<meta property=\"og:url\" content=\"https:\/\/mantenimientosinformaticos.net\/canarytools\/producto\/extractor-de-juntas-homocineticas-de-las-ruedas-delanteras\/\" \/>\n<meta property=\"og:site_name\" content=\"Canarytools S.L.\" \/>\n<meta property=\"og:image\" content=\"https:\/\/mantenimientosinformaticos.net\/canarytools\/wp-content\/uploads\/2020\/05\/444-REF.1518.-Extractor-de-juntas-homocineticas-de-las-ruedas-delanteras.jpg\" \/>\n\t<meta property=\"og:image:width\" content=\"500\" \/>\n\t<meta property=\"og:image:height\" content=\"343\" \/>\n\t<meta property=\"og:image:type\" content=\"image\/jpeg\" \/>\n<meta name=\"twitter:card\" content=\"summary_large_image\" \/>\n<script type=\"application\/ld+json\" class=\"yoast-schema-graph\">{\"@context\":\"https:\/\/schema.org\",\"@graph\":[{\"@type\":\"WebPage\",\"@id\":\"https:\/\/mantenimientosinformaticos.net\/canarytools\/producto\/extractor-de-juntas-homocineticas-de-las-ruedas-delanteras\/\",\"url\":\"https:\/\/mantenimientosinformaticos.net\/canarytools\/producto\/extractor-de-juntas-homocineticas-de-las-ruedas-delanteras\/\",\"name\":\"REF.:1518. Extractor de juntas homocin\u00e9ticas de las ruedas delanteras - Canarytools S.L.\",\"isPartOf\":{\"@id\":\"https:\/\/mantenimientosinformaticos.net\/canarytools\/#website\"},\"primaryImageOfPage\":{\"@id\":\"https:\/\/mantenimientosinformaticos.net\/canarytools\/producto\/extractor-de-juntas-homocineticas-de-las-ruedas-delanteras\/#primaryimage\"},\"image\":{\"@id\":\"https:\/\/mantenimientosinformaticos.net\/canarytools\/producto\/extractor-de-juntas-homocineticas-de-las-ruedas-delanteras\/#primaryimage\"},\"thumbnailUrl\":\"https:\/\/mantenimientosinformaticos.net\/canarytools\/wp-content\/uploads\/2020\/05\/444-REF.1518.-Extractor-de-juntas-homocineticas-de-las-ruedas-delanteras.jpg\",\"datePublished\":\"2020-05-11T19:53:40+00:00\",\"dateModified\":\"2020-05-11T19:53:40+00:00\",\"breadcrumb\":{\"@id\":\"https:\/\/mantenimientosinformaticos.net\/canarytools\/producto\/extractor-de-juntas-homocineticas-de-las-ruedas-delanteras\/#breadcrumb\"},\"inLanguage\":\"es\",\"potentialAction\":[{\"@type\":\"ReadAction\",\"target\":[\"https:\/\/mantenimientosinformaticos.net\/canarytools\/producto\/extractor-de-juntas-homocineticas-de-las-ruedas-delanteras\/\"]}]},{\"@type\":\"ImageObject\",\"inLanguage\":\"es\",\"@id\":\"https:\/\/mantenimientosinformaticos.net\/canarytools\/producto\/extractor-de-juntas-homocineticas-de-las-ruedas-delanteras\/#primaryimage\",\"url\":\"https:\/\/mantenimientosinformaticos.net\/canarytools\/wp-content\/uploads\/2020\/05\/444-REF.1518.-Extractor-de-juntas-homocineticas-de-las-ruedas-delanteras.jpg\",\"contentUrl\":\"https:\/\/mantenimientosinformaticos.net\/canarytools\/wp-content\/uploads\/2020\/05\/444-REF.1518.-Extractor-de-juntas-homocineticas-de-las-ruedas-delanteras.jpg\",\"width\":500,\"height\":343,\"caption\":\"REF.:1518. Extractor de juntas homocin\u00e9ticas de las ruedas delanteras\"},{\"@type\":\"BreadcrumbList\",\"@id\":\"https:\/\/mantenimientosinformaticos.net\/canarytools\/producto\/extractor-de-juntas-homocineticas-de-las-ruedas-delanteras\/#breadcrumb\",\"itemListElement\":[{\"@type\":\"ListItem\",\"position\":1,\"name\":\"Portada\",\"item\":\"https:\/\/mantenimientosinformaticos.net\/canarytools\/\"},{\"@type\":\"ListItem\",\"position\":2,\"name\":\"Tienda\",\"item\":\"https:\/\/mantenimientosinformaticos.net\/canarytools\/tienda\/\"},{\"@type\":\"ListItem\",\"position\":3,\"name\":\"REF.:1518. Extractor de juntas homocin\u00e9ticas de las ruedas delanteras\"}]},{\"@type\":\"WebSite\",\"@id\":\"https:\/\/mantenimientosinformaticos.net\/canarytools\/#website\",\"url\":\"https:\/\/mantenimientosinformaticos.net\/canarytools\/\",\"name\":\"Canarytools S.L.\",\"description\":\"Herramientas y M\u00e1quinas\",\"publisher\":{\"@id\":\"https:\/\/mantenimientosinformaticos.net\/canarytools\/#\/schema\/person\/355e32754b03bb24b681f1b6917e49bf\"},\"potentialAction\":[{\"@type\":\"SearchAction\",\"target\":{\"@type\":\"EntryPoint\",\"urlTemplate\":\"https:\/\/mantenimientosinformaticos.net\/canarytools\/?s={search_term_string}\"},\"query-input\":\"required name=search_term_string\"}],\"inLanguage\":\"es\"},{\"@type\":[\"Person\",\"Organization\"],\"@id\":\"https:\/\/mantenimientosinformaticos.net\/canarytools\/#\/schema\/person\/355e32754b03bb24b681f1b6917e49bf\",\"name\":\"canarytools.xnetdigital\",\"image\":{\"@type\":\"ImageObject\",\"inLanguage\":\"es\",\"@id\":\"https:\/\/mantenimientosinformaticos.net\/canarytools\/#\/schema\/person\/image\/\",\"url\":\"https:\/\/mantenimientosinformaticos.net\/canarytools\/wp-content\/uploads\/2023\/12\/canary-tools-logo.png\",\"contentUrl\":\"https:\/\/mantenimientosinformaticos.net\/canarytools\/wp-content\/uploads\/2023\/12\/canary-tools-logo.png\",\"width\":1302,\"height\":440,\"caption\":\"canarytools.xnetdigital\"},\"logo\":{\"@id\":\"https:\/\/mantenimientosinformaticos.net\/canarytools\/#\/schema\/person\/image\/\"},\"sameAs\":[\"https:\/\/mantenimientosinformaticos.net\/canarytools\"]}]}<\/script>\n<!-- \/ Yoast SEO plugin. -->","yoast_head_json":{"title":"REF.:1518. Extractor de juntas homocin\u00e9ticas de las ruedas delanteras - Canarytools S.L.","robots":{"index":"index","follow":"follow","max-snippet":"max-snippet:-1","max-image-preview":"max-image-preview:large","max-video-preview":"max-video-preview:-1"},"canonical":"https:\/\/mantenimientosinformaticos.net\/canarytools\/producto\/extractor-de-juntas-homocineticas-de-las-ruedas-delanteras\/","og_locale":"es_ES","og_type":"article","og_title":"REF.:1518. Extractor de juntas homocin\u00e9ticas de las ruedas delanteras - Canarytools S.L.","og_description":"para extraer juntas homocin\u00e9ticas en ejes de transmisi\u00f3n delanterosadecuado para todo tipo de veh\u00edculos est\u00e1ndar (excepto Seat)marco extra ancho para juntas grandesmand\u00edbulas antideslizantes y ajustablesancho de la herramienta (interior) 99 mmlongitud de la herramienta (interior) 204 mm","og_url":"https:\/\/mantenimientosinformaticos.net\/canarytools\/producto\/extractor-de-juntas-homocineticas-de-las-ruedas-delanteras\/","og_site_name":"Canarytools S.L.","og_image":[{"width":500,"height":343,"url":"https:\/\/mantenimientosinformaticos.net\/canarytools\/wp-content\/uploads\/2020\/05\/444-REF.1518.-Extractor-de-juntas-homocineticas-de-las-ruedas-delanteras.jpg","type":"image\/jpeg"}],"twitter_card":"summary_large_image","schema":{"@context":"https:\/\/schema.org","@graph":[{"@type":"WebPage","@id":"https:\/\/mantenimientosinformaticos.net\/canarytools\/producto\/extractor-de-juntas-homocineticas-de-las-ruedas-delanteras\/","url":"https:\/\/mantenimientosinformaticos.net\/canarytools\/producto\/extractor-de-juntas-homocineticas-de-las-ruedas-delanteras\/","name":"REF.:1518. Extractor de juntas homocin\u00e9ticas de las ruedas delanteras - Canarytools S.L.","isPartOf":{"@id":"https:\/\/mantenimientosinformaticos.net\/canarytools\/#website"},"primaryImageOfPage":{"@id":"https:\/\/mantenimientosinformaticos.net\/canarytools\/producto\/extractor-de-juntas-homocineticas-de-las-ruedas-delanteras\/#primaryimage"},"image":{"@id":"https:\/\/mantenimientosinformaticos.net\/canarytools\/producto\/extractor-de-juntas-homocineticas-de-las-ruedas-delanteras\/#primaryimage"},"thumbnailUrl":"https:\/\/mantenimientosinformaticos.net\/canarytools\/wp-content\/uploads\/2020\/05\/444-REF.1518.-Extractor-de-juntas-homocineticas-de-las-ruedas-delanteras.jpg","datePublished":"2020-05-11T19:53:40+00:00","dateModified":"2020-05-11T19:53:40+00:00","breadcrumb":{"@id":"https:\/\/mantenimientosinformaticos.net\/canarytools\/producto\/extractor-de-juntas-homocineticas-de-las-ruedas-delanteras\/#breadcrumb"},"inLanguage":"es","potentialAction":[{"@type":"ReadAction","target":["https:\/\/mantenimientosinformaticos.net\/canarytools\/producto\/extractor-de-juntas-homocineticas-de-las-ruedas-delanteras\/"]}]},{"@type":"ImageObject","inLanguage":"es","@id":"https:\/\/mantenimientosinformaticos.net\/canarytools\/producto\/extractor-de-juntas-homocineticas-de-las-ruedas-delanteras\/#primaryimage","url":"https:\/\/mantenimientosinformaticos.net\/canarytools\/wp-content\/uploads\/2020\/05\/444-REF.1518.-Extractor-de-juntas-homocineticas-de-las-ruedas-delanteras.jpg","contentUrl":"https:\/\/mantenimientosinformaticos.net\/canarytools\/wp-content\/uploads\/2020\/05\/444-REF.1518.-Extractor-de-juntas-homocineticas-de-las-ruedas-delanteras.jpg","width":500,"height":343,"caption":"REF.:1518. Extractor de juntas homocin\u00e9ticas de las ruedas delanteras"},{"@type":"BreadcrumbList","@id":"https:\/\/mantenimientosinformaticos.net\/canarytools\/producto\/extractor-de-juntas-homocineticas-de-las-ruedas-delanteras\/#breadcrumb","itemListElement":[{"@type":"ListItem","position":1,"name":"Portada","item":"https:\/\/mantenimientosinformaticos.net\/canarytools\/"},{"@type":"ListItem","position":2,"name":"Tienda","item":"https:\/\/mantenimientosinformaticos.net\/canarytools\/tienda\/"},{"@type":"ListItem","position":3,"name":"REF.:1518. Extractor de juntas homocin\u00e9ticas de las ruedas delanteras"}]},{"@type":"WebSite","@id":"https:\/\/mantenimientosinformaticos.net\/canarytools\/#website","url":"https:\/\/mantenimientosinformaticos.net\/canarytools\/","name":"Canarytools S.L.","description":"Herramientas y M\u00e1quinas","publisher":{"@id":"https:\/\/mantenimientosinformaticos.net\/canarytools\/#\/schema\/person\/355e32754b03bb24b681f1b6917e49bf"},"potentialAction":[{"@type":"SearchAction","target":{"@type":"EntryPoint","urlTemplate":"https:\/\/mantenimientosinformaticos.net\/canarytools\/?s={search_term_string}"},"query-input":"required name=search_term_string"}],"inLanguage":"es"},{"@type":["Person","Organization"],"@id":"https:\/\/mantenimientosinformaticos.net\/canarytools\/#\/schema\/person\/355e32754b03bb24b681f1b6917e49bf","name":"canarytools.xnetdigital","image":{"@type":"ImageObject","inLanguage":"es","@id":"https:\/\/mantenimientosinformaticos.net\/canarytools\/#\/schema\/person\/image\/","url":"https:\/\/mantenimientosinformaticos.net\/canarytools\/wp-content\/uploads\/2023\/12\/canary-tools-logo.png","contentUrl":"https:\/\/mantenimientosinformaticos.net\/canarytools\/wp-content\/uploads\/2023\/12\/canary-tools-logo.png","width":1302,"height":440,"caption":"canarytools.xnetdigital"},"logo":{"@id":"https:\/\/mantenimientosinformaticos.net\/canarytools\/#\/schema\/person\/image\/"},"sameAs":["https:\/\/mantenimientosinformaticos.net\/canarytools"]}]}},"_links":{"self":[{"href":"https:\/\/mantenimientosinformaticos.net\/canarytools\/wp-json\/wp\/v2\/product\/4671","targetHints":{"allow":["GET"]}}],"collection":[{"href":"https:\/\/mantenimientosinformaticos.net\/canarytools\/wp-json\/wp\/v2\/product"}],"about":[{"href":"https:\/\/mantenimientosinformaticos.net\/canarytools\/wp-json\/wp\/v2\/types\/product"}],"replies":[{"embeddable":true,"href":"https:\/\/mantenimientosinformaticos.net\/canarytools\/wp-json\/wp\/v2\/comments?post=4671"}],"wp:featuredmedia":[{"embeddable":true,"href":"https:\/\/mantenimientosinformaticos.net\/canarytools\/wp-json\/wp\/v2\/media\/4670"}],"wp:attachment":[{"href":"https:\/\/mantenimientosinformaticos.net\/canarytools\/wp-json\/wp\/v2\/media?parent=4671"}],"wp:term":[{"taxonomy":"product_cat","embeddable":true,"href":"https:\/\/mantenimientosinformaticos.net\/canarytools\/wp-json\/wp\/v2\/product_cat?post=4671"},{"taxonomy":"product_tag","embeddable":true,"href":"https:\/\/mantenimientosinformaticos.net\/canarytools\/wp-json\/wp\/v2\/product_tag?post=4671"}],"curies":[{"name":"wp","href":"https:\/\/api.w.org\/{rel}","templated":true}]}}