{"id":4632,"date":"2020-05-11T20:47:44","date_gmt":"2020-05-11T18:47:44","guid":{"rendered":"https:\/\/mantenimientosinformaticos.net\/canarytools\/producto\/llave-de-amortiguador-para-el-amortiguador-trasero-mercedes-benz\/"},"modified":"2020-05-11T20:47:44","modified_gmt":"2020-05-11T18:47:44","slug":"llave-de-amortiguador-para-el-amortiguador-trasero-mercedes-benz","status":"publish","type":"product","link":"https:\/\/mantenimientosinformaticos.net\/canarytools\/producto\/llave-de-amortiguador-para-el-amortiguador-trasero-mercedes-benz\/","title":{"rendered":"8307.   Llave de amortiguador para el amortiguador trasero Mercedes-Benz"},"content":{"rendered":"","protected":false},"excerpt":{"rendered":"<div class=\"productDescriptionContent\">para soltar la parte superior del amortiguador trasero<br \/>el hueco en la parte delantera de la llave de espigas permite sujetar el v\u00e1stago del pist\u00f3n<br \/>v\u00e1stago cubierto de pl\u00e1stico para evitar da\u00f1os en la pintura<br \/>adecuado para Mercedes-Benz modelo 211T, eje trasero (Station Wagon Clase E)<br \/>para tuercas con adaptador de 3 pines<\/div>\n","protected":false},"featured_media":4631,"comment_status":"open","ping_status":"closed","template":"","meta":[],"product_cat":[596,491,528],"product_tag":[],"class_list":{"0":"post-4632","1":"product","2":"type-product","3":"status-publish","4":"has-post-thumbnail","6":"product_cat-armotiguacion","7":"product_cat-herramientas-especiales-para-automoviles","8":"product_cat-transmision-ejes-direccion","10":"first","11":"instock","12":"shipping-taxable","13":"purchasable","14":"product-type-simple"},"yoast_head":"<!-- This site is optimized with the Yoast SEO plugin v22.7 - https:\/\/yoast.com\/wordpress\/plugins\/seo\/ -->\n<title>8307.  Llave de amortiguador para el amortiguador trasero Mercedes-Benz - Canarytools S.L.<\/title>\n<meta name=\"robots\" content=\"index, follow, max-snippet:-1, max-image-preview:large, max-video-preview:-1\" \/>\n<link rel=\"canonical\" href=\"https:\/\/mantenimientosinformaticos.net\/canarytools\/producto\/llave-de-amortiguador-para-el-amortiguador-trasero-mercedes-benz\/\" \/>\n<meta property=\"og:locale\" content=\"es_ES\" \/>\n<meta property=\"og:type\" content=\"article\" \/>\n<meta property=\"og:title\" content=\"8307.  Llave de amortiguador para el amortiguador trasero Mercedes-Benz - Canarytools S.L.\" \/>\n<meta property=\"og:description\" content=\"para soltar la parte superior del amortiguador traseroel hueco en la parte delantera de la llave de espigas permite sujetar el v\u00e1stago del pist\u00f3nv\u00e1stago cubierto de pl\u00e1stico para evitar da\u00f1os en la pinturaadecuado para Mercedes-Benz modelo 211T, eje trasero (Station Wagon Clase E)para tuercas con adaptador de 3 pines\" \/>\n<meta property=\"og:url\" content=\"https:\/\/mantenimientosinformaticos.net\/canarytools\/producto\/llave-de-amortiguador-para-el-amortiguador-trasero-mercedes-benz\/\" \/>\n<meta property=\"og:site_name\" content=\"Canarytools S.L.\" \/>\n<meta property=\"og:image\" content=\"https:\/\/mantenimientosinformaticos.net\/canarytools\/wp-content\/uploads\/2020\/05\/424-8307.-Llave-de-amortiguador-para-el-amortiguador-trasero-Mercedes-Benz.jpg\" \/>\n\t<meta property=\"og:image:width\" content=\"450\" \/>\n\t<meta property=\"og:image:height\" content=\"400\" \/>\n\t<meta property=\"og:image:type\" content=\"image\/jpeg\" \/>\n<meta name=\"twitter:card\" content=\"summary_large_image\" \/>\n<script type=\"application\/ld+json\" class=\"yoast-schema-graph\">{\"@context\":\"https:\/\/schema.org\",\"@graph\":[{\"@type\":\"WebPage\",\"@id\":\"https:\/\/mantenimientosinformaticos.net\/canarytools\/producto\/llave-de-amortiguador-para-el-amortiguador-trasero-mercedes-benz\/\",\"url\":\"https:\/\/mantenimientosinformaticos.net\/canarytools\/producto\/llave-de-amortiguador-para-el-amortiguador-trasero-mercedes-benz\/\",\"name\":\"8307. Llave de amortiguador para el amortiguador trasero Mercedes-Benz - Canarytools S.L.\",\"isPartOf\":{\"@id\":\"https:\/\/mantenimientosinformaticos.net\/canarytools\/#website\"},\"primaryImageOfPage\":{\"@id\":\"https:\/\/mantenimientosinformaticos.net\/canarytools\/producto\/llave-de-amortiguador-para-el-amortiguador-trasero-mercedes-benz\/#primaryimage\"},\"image\":{\"@id\":\"https:\/\/mantenimientosinformaticos.net\/canarytools\/producto\/llave-de-amortiguador-para-el-amortiguador-trasero-mercedes-benz\/#primaryimage\"},\"thumbnailUrl\":\"https:\/\/mantenimientosinformaticos.net\/canarytools\/wp-content\/uploads\/2020\/05\/424-8307.-Llave-de-amortiguador-para-el-amortiguador-trasero-Mercedes-Benz.jpg\",\"datePublished\":\"2020-05-11T18:47:44+00:00\",\"dateModified\":\"2020-05-11T18:47:44+00:00\",\"breadcrumb\":{\"@id\":\"https:\/\/mantenimientosinformaticos.net\/canarytools\/producto\/llave-de-amortiguador-para-el-amortiguador-trasero-mercedes-benz\/#breadcrumb\"},\"inLanguage\":\"es\",\"potentialAction\":[{\"@type\":\"ReadAction\",\"target\":[\"https:\/\/mantenimientosinformaticos.net\/canarytools\/producto\/llave-de-amortiguador-para-el-amortiguador-trasero-mercedes-benz\/\"]}]},{\"@type\":\"ImageObject\",\"inLanguage\":\"es\",\"@id\":\"https:\/\/mantenimientosinformaticos.net\/canarytools\/producto\/llave-de-amortiguador-para-el-amortiguador-trasero-mercedes-benz\/#primaryimage\",\"url\":\"https:\/\/mantenimientosinformaticos.net\/canarytools\/wp-content\/uploads\/2020\/05\/424-8307.-Llave-de-amortiguador-para-el-amortiguador-trasero-Mercedes-Benz.jpg\",\"contentUrl\":\"https:\/\/mantenimientosinformaticos.net\/canarytools\/wp-content\/uploads\/2020\/05\/424-8307.-Llave-de-amortiguador-para-el-amortiguador-trasero-Mercedes-Benz.jpg\",\"width\":450,\"height\":400,\"caption\":\"8307. Llave de amortiguador para el amortiguador trasero Mercedes-Benz\"},{\"@type\":\"BreadcrumbList\",\"@id\":\"https:\/\/mantenimientosinformaticos.net\/canarytools\/producto\/llave-de-amortiguador-para-el-amortiguador-trasero-mercedes-benz\/#breadcrumb\",\"itemListElement\":[{\"@type\":\"ListItem\",\"position\":1,\"name\":\"Portada\",\"item\":\"https:\/\/mantenimientosinformaticos.net\/canarytools\/\"},{\"@type\":\"ListItem\",\"position\":2,\"name\":\"Tienda\",\"item\":\"https:\/\/mantenimientosinformaticos.net\/canarytools\/tienda\/\"},{\"@type\":\"ListItem\",\"position\":3,\"name\":\"8307. Llave de amortiguador para el amortiguador trasero Mercedes-Benz\"}]},{\"@type\":\"WebSite\",\"@id\":\"https:\/\/mantenimientosinformaticos.net\/canarytools\/#website\",\"url\":\"https:\/\/mantenimientosinformaticos.net\/canarytools\/\",\"name\":\"Canarytools S.L.\",\"description\":\"Herramientas y M\u00e1quinas\",\"publisher\":{\"@id\":\"https:\/\/mantenimientosinformaticos.net\/canarytools\/#\/schema\/person\/355e32754b03bb24b681f1b6917e49bf\"},\"potentialAction\":[{\"@type\":\"SearchAction\",\"target\":{\"@type\":\"EntryPoint\",\"urlTemplate\":\"https:\/\/mantenimientosinformaticos.net\/canarytools\/?s={search_term_string}\"},\"query-input\":\"required name=search_term_string\"}],\"inLanguage\":\"es\"},{\"@type\":[\"Person\",\"Organization\"],\"@id\":\"https:\/\/mantenimientosinformaticos.net\/canarytools\/#\/schema\/person\/355e32754b03bb24b681f1b6917e49bf\",\"name\":\"canarytools.xnetdigital\",\"image\":{\"@type\":\"ImageObject\",\"inLanguage\":\"es\",\"@id\":\"https:\/\/mantenimientosinformaticos.net\/canarytools\/#\/schema\/person\/image\/\",\"url\":\"https:\/\/mantenimientosinformaticos.net\/canarytools\/wp-content\/uploads\/2023\/12\/canary-tools-logo.png\",\"contentUrl\":\"https:\/\/mantenimientosinformaticos.net\/canarytools\/wp-content\/uploads\/2023\/12\/canary-tools-logo.png\",\"width\":1302,\"height\":440,\"caption\":\"canarytools.xnetdigital\"},\"logo\":{\"@id\":\"https:\/\/mantenimientosinformaticos.net\/canarytools\/#\/schema\/person\/image\/\"},\"sameAs\":[\"https:\/\/mantenimientosinformaticos.net\/canarytools\"]}]}<\/script>\n<!-- \/ Yoast SEO plugin. -->","yoast_head_json":{"title":"8307.  Llave de amortiguador para el amortiguador trasero Mercedes-Benz - Canarytools S.L.","robots":{"index":"index","follow":"follow","max-snippet":"max-snippet:-1","max-image-preview":"max-image-preview:large","max-video-preview":"max-video-preview:-1"},"canonical":"https:\/\/mantenimientosinformaticos.net\/canarytools\/producto\/llave-de-amortiguador-para-el-amortiguador-trasero-mercedes-benz\/","og_locale":"es_ES","og_type":"article","og_title":"8307.  Llave de amortiguador para el amortiguador trasero Mercedes-Benz - Canarytools S.L.","og_description":"para soltar la parte superior del amortiguador traseroel hueco en la parte delantera de la llave de espigas permite sujetar el v\u00e1stago del pist\u00f3nv\u00e1stago cubierto de pl\u00e1stico para evitar da\u00f1os en la pinturaadecuado para Mercedes-Benz modelo 211T, eje trasero (Station Wagon Clase E)para tuercas con adaptador de 3 pines","og_url":"https:\/\/mantenimientosinformaticos.net\/canarytools\/producto\/llave-de-amortiguador-para-el-amortiguador-trasero-mercedes-benz\/","og_site_name":"Canarytools S.L.","og_image":[{"width":450,"height":400,"url":"https:\/\/mantenimientosinformaticos.net\/canarytools\/wp-content\/uploads\/2020\/05\/424-8307.-Llave-de-amortiguador-para-el-amortiguador-trasero-Mercedes-Benz.jpg","type":"image\/jpeg"}],"twitter_card":"summary_large_image","schema":{"@context":"https:\/\/schema.org","@graph":[{"@type":"WebPage","@id":"https:\/\/mantenimientosinformaticos.net\/canarytools\/producto\/llave-de-amortiguador-para-el-amortiguador-trasero-mercedes-benz\/","url":"https:\/\/mantenimientosinformaticos.net\/canarytools\/producto\/llave-de-amortiguador-para-el-amortiguador-trasero-mercedes-benz\/","name":"8307. Llave de amortiguador para el amortiguador trasero Mercedes-Benz - Canarytools S.L.","isPartOf":{"@id":"https:\/\/mantenimientosinformaticos.net\/canarytools\/#website"},"primaryImageOfPage":{"@id":"https:\/\/mantenimientosinformaticos.net\/canarytools\/producto\/llave-de-amortiguador-para-el-amortiguador-trasero-mercedes-benz\/#primaryimage"},"image":{"@id":"https:\/\/mantenimientosinformaticos.net\/canarytools\/producto\/llave-de-amortiguador-para-el-amortiguador-trasero-mercedes-benz\/#primaryimage"},"thumbnailUrl":"https:\/\/mantenimientosinformaticos.net\/canarytools\/wp-content\/uploads\/2020\/05\/424-8307.-Llave-de-amortiguador-para-el-amortiguador-trasero-Mercedes-Benz.jpg","datePublished":"2020-05-11T18:47:44+00:00","dateModified":"2020-05-11T18:47:44+00:00","breadcrumb":{"@id":"https:\/\/mantenimientosinformaticos.net\/canarytools\/producto\/llave-de-amortiguador-para-el-amortiguador-trasero-mercedes-benz\/#breadcrumb"},"inLanguage":"es","potentialAction":[{"@type":"ReadAction","target":["https:\/\/mantenimientosinformaticos.net\/canarytools\/producto\/llave-de-amortiguador-para-el-amortiguador-trasero-mercedes-benz\/"]}]},{"@type":"ImageObject","inLanguage":"es","@id":"https:\/\/mantenimientosinformaticos.net\/canarytools\/producto\/llave-de-amortiguador-para-el-amortiguador-trasero-mercedes-benz\/#primaryimage","url":"https:\/\/mantenimientosinformaticos.net\/canarytools\/wp-content\/uploads\/2020\/05\/424-8307.-Llave-de-amortiguador-para-el-amortiguador-trasero-Mercedes-Benz.jpg","contentUrl":"https:\/\/mantenimientosinformaticos.net\/canarytools\/wp-content\/uploads\/2020\/05\/424-8307.-Llave-de-amortiguador-para-el-amortiguador-trasero-Mercedes-Benz.jpg","width":450,"height":400,"caption":"8307. Llave de amortiguador para el amortiguador trasero Mercedes-Benz"},{"@type":"BreadcrumbList","@id":"https:\/\/mantenimientosinformaticos.net\/canarytools\/producto\/llave-de-amortiguador-para-el-amortiguador-trasero-mercedes-benz\/#breadcrumb","itemListElement":[{"@type":"ListItem","position":1,"name":"Portada","item":"https:\/\/mantenimientosinformaticos.net\/canarytools\/"},{"@type":"ListItem","position":2,"name":"Tienda","item":"https:\/\/mantenimientosinformaticos.net\/canarytools\/tienda\/"},{"@type":"ListItem","position":3,"name":"8307. Llave de amortiguador para el amortiguador trasero Mercedes-Benz"}]},{"@type":"WebSite","@id":"https:\/\/mantenimientosinformaticos.net\/canarytools\/#website","url":"https:\/\/mantenimientosinformaticos.net\/canarytools\/","name":"Canarytools S.L.","description":"Herramientas y M\u00e1quinas","publisher":{"@id":"https:\/\/mantenimientosinformaticos.net\/canarytools\/#\/schema\/person\/355e32754b03bb24b681f1b6917e49bf"},"potentialAction":[{"@type":"SearchAction","target":{"@type":"EntryPoint","urlTemplate":"https:\/\/mantenimientosinformaticos.net\/canarytools\/?s={search_term_string}"},"query-input":"required name=search_term_string"}],"inLanguage":"es"},{"@type":["Person","Organization"],"@id":"https:\/\/mantenimientosinformaticos.net\/canarytools\/#\/schema\/person\/355e32754b03bb24b681f1b6917e49bf","name":"canarytools.xnetdigital","image":{"@type":"ImageObject","inLanguage":"es","@id":"https:\/\/mantenimientosinformaticos.net\/canarytools\/#\/schema\/person\/image\/","url":"https:\/\/mantenimientosinformaticos.net\/canarytools\/wp-content\/uploads\/2023\/12\/canary-tools-logo.png","contentUrl":"https:\/\/mantenimientosinformaticos.net\/canarytools\/wp-content\/uploads\/2023\/12\/canary-tools-logo.png","width":1302,"height":440,"caption":"canarytools.xnetdigital"},"logo":{"@id":"https:\/\/mantenimientosinformaticos.net\/canarytools\/#\/schema\/person\/image\/"},"sameAs":["https:\/\/mantenimientosinformaticos.net\/canarytools"]}]}},"_links":{"self":[{"href":"https:\/\/mantenimientosinformaticos.net\/canarytools\/wp-json\/wp\/v2\/product\/4632","targetHints":{"allow":["GET"]}}],"collection":[{"href":"https:\/\/mantenimientosinformaticos.net\/canarytools\/wp-json\/wp\/v2\/product"}],"about":[{"href":"https:\/\/mantenimientosinformaticos.net\/canarytools\/wp-json\/wp\/v2\/types\/product"}],"replies":[{"embeddable":true,"href":"https:\/\/mantenimientosinformaticos.net\/canarytools\/wp-json\/wp\/v2\/comments?post=4632"}],"wp:featuredmedia":[{"embeddable":true,"href":"https:\/\/mantenimientosinformaticos.net\/canarytools\/wp-json\/wp\/v2\/media\/4631"}],"wp:attachment":[{"href":"https:\/\/mantenimientosinformaticos.net\/canarytools\/wp-json\/wp\/v2\/media?parent=4632"}],"wp:term":[{"taxonomy":"product_cat","embeddable":true,"href":"https:\/\/mantenimientosinformaticos.net\/canarytools\/wp-json\/wp\/v2\/product_cat?post=4632"},{"taxonomy":"product_tag","embeddable":true,"href":"https:\/\/mantenimientosinformaticos.net\/canarytools\/wp-json\/wp\/v2\/product_tag?post=4632"}],"curies":[{"name":"wp","href":"https:\/\/api.w.org\/{rel}","templated":true}]}}