{"id":4626,"date":"2020-05-11T20:37:35","date_gmt":"2020-05-11T18:37:35","guid":{"rendered":"https:\/\/mantenimientosinformaticos.net\/canarytools\/producto\/compresor-de-muelles-de-suspension\/"},"modified":"2020-05-11T20:37:35","modified_gmt":"2020-05-11T18:37:35","slug":"compresor-de-muelles-de-suspension","status":"publish","type":"product","link":"https:\/\/mantenimientosinformaticos.net\/canarytools\/producto\/compresor-de-muelles-de-suspension\/","title":{"rendered":"REF.:H1941.   Compresor de muelles de suspensi\u00f3n"},"content":{"rendered":"","protected":false},"excerpt":{"rendered":"<p>Para muelles con un di\u00e1metro de 80 a 195 mm<br \/> Adecuado para los sistemas de amortiguaci\u00f3n de McPherson<br \/> F\u00e1cil de manipular<br \/> Acero estable<br \/> Los soportes para los muelles se intercambian r\u00e1pidamente, lo que aumenta la seguridad durante la operaci\u00f3n de cambio de muelles<br \/> Pr\u00e1ctico malet\u00edn<br \/> Pieza distanciadora con un desplazamiento de hasta 30 mm en el caso de muelles que se estrechan<br \/> Ajuste progresivo<\/p>\n","protected":false},"featured_media":4625,"comment_status":"open","ping_status":"closed","template":"","meta":[],"product_cat":[596,491,528],"product_tag":[],"class_list":{"0":"post-4626","1":"product","2":"type-product","3":"status-publish","4":"has-post-thumbnail","6":"product_cat-armotiguacion","7":"product_cat-herramientas-especiales-para-automoviles","8":"product_cat-transmision-ejes-direccion","10":"first","11":"onbackorder","12":"shipping-taxable","13":"purchasable","14":"product-type-simple"},"yoast_head":"<!-- This site is optimized with the Yoast SEO plugin v22.7 - https:\/\/yoast.com\/wordpress\/plugins\/seo\/ -->\n<title>REF.:H1941.  Compresor de muelles de suspensi\u00f3n - Canarytools S.L.<\/title>\n<meta name=\"robots\" content=\"index, follow, max-snippet:-1, max-image-preview:large, max-video-preview:-1\" \/>\n<link rel=\"canonical\" href=\"https:\/\/mantenimientosinformaticos.net\/canarytools\/producto\/compresor-de-muelles-de-suspension\/\" \/>\n<meta property=\"og:locale\" content=\"es_ES\" \/>\n<meta property=\"og:type\" content=\"article\" \/>\n<meta property=\"og:title\" content=\"REF.:H1941.  Compresor de muelles de suspensi\u00f3n - Canarytools S.L.\" \/>\n<meta property=\"og:description\" content=\"Para muelles con un di\u00e1metro de 80 a 195 mm Adecuado para los sistemas de amortiguaci\u00f3n de McPherson F\u00e1cil de manipular Acero estable Los soportes para los muelles se intercambian r\u00e1pidamente, lo que aumenta la seguridad durante la operaci\u00f3n de cambio de muelles Pr\u00e1ctico malet\u00edn Pieza distanciadora con un desplazamiento de hasta 30 mm en el caso de muelles que se estrechan Ajuste progresivo\" \/>\n<meta property=\"og:url\" content=\"https:\/\/mantenimientosinformaticos.net\/canarytools\/producto\/compresor-de-muelles-de-suspension\/\" \/>\n<meta property=\"og:site_name\" content=\"Canarytools S.L.\" \/>\n<meta property=\"og:image\" content=\"https:\/\/mantenimientosinformaticos.net\/canarytools\/wp-content\/uploads\/2020\/05\/421-REF.H1941.-Compresor-de-muelles-de-suspension.jpg\" \/>\n\t<meta property=\"og:image:width\" content=\"800\" \/>\n\t<meta property=\"og:image:height\" content=\"800\" \/>\n\t<meta property=\"og:image:type\" content=\"image\/jpeg\" \/>\n<meta name=\"twitter:card\" content=\"summary_large_image\" \/>\n<script type=\"application\/ld+json\" class=\"yoast-schema-graph\">{\"@context\":\"https:\/\/schema.org\",\"@graph\":[{\"@type\":\"WebPage\",\"@id\":\"https:\/\/mantenimientosinformaticos.net\/canarytools\/producto\/compresor-de-muelles-de-suspension\/\",\"url\":\"https:\/\/mantenimientosinformaticos.net\/canarytools\/producto\/compresor-de-muelles-de-suspension\/\",\"name\":\"REF.:H1941. Compresor de muelles de suspensi\u00f3n - Canarytools S.L.\",\"isPartOf\":{\"@id\":\"https:\/\/mantenimientosinformaticos.net\/canarytools\/#website\"},\"primaryImageOfPage\":{\"@id\":\"https:\/\/mantenimientosinformaticos.net\/canarytools\/producto\/compresor-de-muelles-de-suspension\/#primaryimage\"},\"image\":{\"@id\":\"https:\/\/mantenimientosinformaticos.net\/canarytools\/producto\/compresor-de-muelles-de-suspension\/#primaryimage\"},\"thumbnailUrl\":\"https:\/\/mantenimientosinformaticos.net\/canarytools\/wp-content\/uploads\/2020\/05\/421-REF.H1941.-Compresor-de-muelles-de-suspension.jpg\",\"datePublished\":\"2020-05-11T18:37:35+00:00\",\"dateModified\":\"2020-05-11T18:37:35+00:00\",\"breadcrumb\":{\"@id\":\"https:\/\/mantenimientosinformaticos.net\/canarytools\/producto\/compresor-de-muelles-de-suspension\/#breadcrumb\"},\"inLanguage\":\"es\",\"potentialAction\":[{\"@type\":\"ReadAction\",\"target\":[\"https:\/\/mantenimientosinformaticos.net\/canarytools\/producto\/compresor-de-muelles-de-suspension\/\"]}]},{\"@type\":\"ImageObject\",\"inLanguage\":\"es\",\"@id\":\"https:\/\/mantenimientosinformaticos.net\/canarytools\/producto\/compresor-de-muelles-de-suspension\/#primaryimage\",\"url\":\"https:\/\/mantenimientosinformaticos.net\/canarytools\/wp-content\/uploads\/2020\/05\/421-REF.H1941.-Compresor-de-muelles-de-suspension.jpg\",\"contentUrl\":\"https:\/\/mantenimientosinformaticos.net\/canarytools\/wp-content\/uploads\/2020\/05\/421-REF.H1941.-Compresor-de-muelles-de-suspension.jpg\",\"width\":800,\"height\":800,\"caption\":\"REF.:H1941. Compresor de muelles de suspensi\u00f3n\"},{\"@type\":\"BreadcrumbList\",\"@id\":\"https:\/\/mantenimientosinformaticos.net\/canarytools\/producto\/compresor-de-muelles-de-suspension\/#breadcrumb\",\"itemListElement\":[{\"@type\":\"ListItem\",\"position\":1,\"name\":\"Portada\",\"item\":\"https:\/\/mantenimientosinformaticos.net\/canarytools\/\"},{\"@type\":\"ListItem\",\"position\":2,\"name\":\"Tienda\",\"item\":\"https:\/\/mantenimientosinformaticos.net\/canarytools\/tienda\/\"},{\"@type\":\"ListItem\",\"position\":3,\"name\":\"REF.:H1941. Compresor de muelles de suspensi\u00f3n\"}]},{\"@type\":\"WebSite\",\"@id\":\"https:\/\/mantenimientosinformaticos.net\/canarytools\/#website\",\"url\":\"https:\/\/mantenimientosinformaticos.net\/canarytools\/\",\"name\":\"Canarytools S.L.\",\"description\":\"Herramientas y M\u00e1quinas\",\"publisher\":{\"@id\":\"https:\/\/mantenimientosinformaticos.net\/canarytools\/#\/schema\/person\/355e32754b03bb24b681f1b6917e49bf\"},\"potentialAction\":[{\"@type\":\"SearchAction\",\"target\":{\"@type\":\"EntryPoint\",\"urlTemplate\":\"https:\/\/mantenimientosinformaticos.net\/canarytools\/?s={search_term_string}\"},\"query-input\":\"required name=search_term_string\"}],\"inLanguage\":\"es\"},{\"@type\":[\"Person\",\"Organization\"],\"@id\":\"https:\/\/mantenimientosinformaticos.net\/canarytools\/#\/schema\/person\/355e32754b03bb24b681f1b6917e49bf\",\"name\":\"canarytools.xnetdigital\",\"image\":{\"@type\":\"ImageObject\",\"inLanguage\":\"es\",\"@id\":\"https:\/\/mantenimientosinformaticos.net\/canarytools\/#\/schema\/person\/image\/\",\"url\":\"https:\/\/mantenimientosinformaticos.net\/canarytools\/wp-content\/uploads\/2023\/12\/canary-tools-logo.png\",\"contentUrl\":\"https:\/\/mantenimientosinformaticos.net\/canarytools\/wp-content\/uploads\/2023\/12\/canary-tools-logo.png\",\"width\":1302,\"height\":440,\"caption\":\"canarytools.xnetdigital\"},\"logo\":{\"@id\":\"https:\/\/mantenimientosinformaticos.net\/canarytools\/#\/schema\/person\/image\/\"},\"sameAs\":[\"https:\/\/mantenimientosinformaticos.net\/canarytools\"]}]}<\/script>\n<!-- \/ Yoast SEO plugin. -->","yoast_head_json":{"title":"REF.:H1941.  Compresor de muelles de suspensi\u00f3n - Canarytools S.L.","robots":{"index":"index","follow":"follow","max-snippet":"max-snippet:-1","max-image-preview":"max-image-preview:large","max-video-preview":"max-video-preview:-1"},"canonical":"https:\/\/mantenimientosinformaticos.net\/canarytools\/producto\/compresor-de-muelles-de-suspension\/","og_locale":"es_ES","og_type":"article","og_title":"REF.:H1941.  Compresor de muelles de suspensi\u00f3n - Canarytools S.L.","og_description":"Para muelles con un di\u00e1metro de 80 a 195 mm Adecuado para los sistemas de amortiguaci\u00f3n de McPherson F\u00e1cil de manipular Acero estable Los soportes para los muelles se intercambian r\u00e1pidamente, lo que aumenta la seguridad durante la operaci\u00f3n de cambio de muelles Pr\u00e1ctico malet\u00edn Pieza distanciadora con un desplazamiento de hasta 30 mm en el caso de muelles que se estrechan Ajuste progresivo","og_url":"https:\/\/mantenimientosinformaticos.net\/canarytools\/producto\/compresor-de-muelles-de-suspension\/","og_site_name":"Canarytools S.L.","og_image":[{"width":800,"height":800,"url":"https:\/\/mantenimientosinformaticos.net\/canarytools\/wp-content\/uploads\/2020\/05\/421-REF.H1941.-Compresor-de-muelles-de-suspension.jpg","type":"image\/jpeg"}],"twitter_card":"summary_large_image","schema":{"@context":"https:\/\/schema.org","@graph":[{"@type":"WebPage","@id":"https:\/\/mantenimientosinformaticos.net\/canarytools\/producto\/compresor-de-muelles-de-suspension\/","url":"https:\/\/mantenimientosinformaticos.net\/canarytools\/producto\/compresor-de-muelles-de-suspension\/","name":"REF.:H1941. Compresor de muelles de suspensi\u00f3n - Canarytools S.L.","isPartOf":{"@id":"https:\/\/mantenimientosinformaticos.net\/canarytools\/#website"},"primaryImageOfPage":{"@id":"https:\/\/mantenimientosinformaticos.net\/canarytools\/producto\/compresor-de-muelles-de-suspension\/#primaryimage"},"image":{"@id":"https:\/\/mantenimientosinformaticos.net\/canarytools\/producto\/compresor-de-muelles-de-suspension\/#primaryimage"},"thumbnailUrl":"https:\/\/mantenimientosinformaticos.net\/canarytools\/wp-content\/uploads\/2020\/05\/421-REF.H1941.-Compresor-de-muelles-de-suspension.jpg","datePublished":"2020-05-11T18:37:35+00:00","dateModified":"2020-05-11T18:37:35+00:00","breadcrumb":{"@id":"https:\/\/mantenimientosinformaticos.net\/canarytools\/producto\/compresor-de-muelles-de-suspension\/#breadcrumb"},"inLanguage":"es","potentialAction":[{"@type":"ReadAction","target":["https:\/\/mantenimientosinformaticos.net\/canarytools\/producto\/compresor-de-muelles-de-suspension\/"]}]},{"@type":"ImageObject","inLanguage":"es","@id":"https:\/\/mantenimientosinformaticos.net\/canarytools\/producto\/compresor-de-muelles-de-suspension\/#primaryimage","url":"https:\/\/mantenimientosinformaticos.net\/canarytools\/wp-content\/uploads\/2020\/05\/421-REF.H1941.-Compresor-de-muelles-de-suspension.jpg","contentUrl":"https:\/\/mantenimientosinformaticos.net\/canarytools\/wp-content\/uploads\/2020\/05\/421-REF.H1941.-Compresor-de-muelles-de-suspension.jpg","width":800,"height":800,"caption":"REF.:H1941. Compresor de muelles de suspensi\u00f3n"},{"@type":"BreadcrumbList","@id":"https:\/\/mantenimientosinformaticos.net\/canarytools\/producto\/compresor-de-muelles-de-suspension\/#breadcrumb","itemListElement":[{"@type":"ListItem","position":1,"name":"Portada","item":"https:\/\/mantenimientosinformaticos.net\/canarytools\/"},{"@type":"ListItem","position":2,"name":"Tienda","item":"https:\/\/mantenimientosinformaticos.net\/canarytools\/tienda\/"},{"@type":"ListItem","position":3,"name":"REF.:H1941. Compresor de muelles de suspensi\u00f3n"}]},{"@type":"WebSite","@id":"https:\/\/mantenimientosinformaticos.net\/canarytools\/#website","url":"https:\/\/mantenimientosinformaticos.net\/canarytools\/","name":"Canarytools S.L.","description":"Herramientas y M\u00e1quinas","publisher":{"@id":"https:\/\/mantenimientosinformaticos.net\/canarytools\/#\/schema\/person\/355e32754b03bb24b681f1b6917e49bf"},"potentialAction":[{"@type":"SearchAction","target":{"@type":"EntryPoint","urlTemplate":"https:\/\/mantenimientosinformaticos.net\/canarytools\/?s={search_term_string}"},"query-input":"required name=search_term_string"}],"inLanguage":"es"},{"@type":["Person","Organization"],"@id":"https:\/\/mantenimientosinformaticos.net\/canarytools\/#\/schema\/person\/355e32754b03bb24b681f1b6917e49bf","name":"canarytools.xnetdigital","image":{"@type":"ImageObject","inLanguage":"es","@id":"https:\/\/mantenimientosinformaticos.net\/canarytools\/#\/schema\/person\/image\/","url":"https:\/\/mantenimientosinformaticos.net\/canarytools\/wp-content\/uploads\/2023\/12\/canary-tools-logo.png","contentUrl":"https:\/\/mantenimientosinformaticos.net\/canarytools\/wp-content\/uploads\/2023\/12\/canary-tools-logo.png","width":1302,"height":440,"caption":"canarytools.xnetdigital"},"logo":{"@id":"https:\/\/mantenimientosinformaticos.net\/canarytools\/#\/schema\/person\/image\/"},"sameAs":["https:\/\/mantenimientosinformaticos.net\/canarytools"]}]}},"_links":{"self":[{"href":"https:\/\/mantenimientosinformaticos.net\/canarytools\/wp-json\/wp\/v2\/product\/4626","targetHints":{"allow":["GET"]}}],"collection":[{"href":"https:\/\/mantenimientosinformaticos.net\/canarytools\/wp-json\/wp\/v2\/product"}],"about":[{"href":"https:\/\/mantenimientosinformaticos.net\/canarytools\/wp-json\/wp\/v2\/types\/product"}],"replies":[{"embeddable":true,"href":"https:\/\/mantenimientosinformaticos.net\/canarytools\/wp-json\/wp\/v2\/comments?post=4626"}],"wp:featuredmedia":[{"embeddable":true,"href":"https:\/\/mantenimientosinformaticos.net\/canarytools\/wp-json\/wp\/v2\/media\/4625"}],"wp:attachment":[{"href":"https:\/\/mantenimientosinformaticos.net\/canarytools\/wp-json\/wp\/v2\/media?parent=4626"}],"wp:term":[{"taxonomy":"product_cat","embeddable":true,"href":"https:\/\/mantenimientosinformaticos.net\/canarytools\/wp-json\/wp\/v2\/product_cat?post=4626"},{"taxonomy":"product_tag","embeddable":true,"href":"https:\/\/mantenimientosinformaticos.net\/canarytools\/wp-json\/wp\/v2\/product_tag?post=4626"}],"curies":[{"name":"wp","href":"https:\/\/api.w.org\/{rel}","templated":true}]}}