{"id":4593,"date":"2020-05-11T18:53:29","date_gmt":"2020-05-11T16:53:29","guid":{"rendered":"https:\/\/mantenimientosinformaticos.net\/canarytools\/producto\/unidad-para-purgar-aire-del-freno-y-la-extraccion-de-aceite\/"},"modified":"2020-05-11T18:53:29","modified_gmt":"2020-05-11T16:53:29","slug":"unidad-para-purgar-aire-del-freno-y-la-extraccion-de-aceite","status":"publish","type":"product","link":"https:\/\/mantenimientosinformaticos.net\/canarytools\/producto\/unidad-para-purgar-aire-del-freno-y-la-extraccion-de-aceite\/","title":{"rendered":"REF.:3155     Unidad para purgar aire del freno y la extracci\u00f3n de aceite"},"content":{"rendered":"<p>hace posible un cambio de aceite limpio por succi\u00f3n<br \/>apto para el aceite del motor, la transmisi\u00f3n y el eje trasero y para otros l\u00edquidos no corrosivosdi\u00e1metro de la manguera de succi\u00f3n 9,8 &#8211; 8,0 &#8211; 6,7 &#8211; 4,5 mm para succi\u00f3n a trav\u00e9s del tubo de la varilla de nivel de aceiterecipiente de 10 l con base que garantiza la estabilidad, con capacidad para gran cantidad de aceiteapto para succionar aceite por ej. en modelos Smart, pero tambi\u00e9n en cualquier otro veh\u00edculo en el que se deba realizar el cambio de aceite sin usar elevadorcon manguera de silicona especial para purgado de frenos con v\u00e1lvula para manejo con una sola manofacilita el purgado del sistema de frenos en todos los veh\u00edculosla bomba de vac\u00edo manual integrada permite que el purgado de frenos se realice incluso sin una conexi\u00f3n de aire comprimido<\/p>\n","protected":false},"excerpt":{"rendered":"<p>Extractor de aceite y purgado de frenos neum\u00e1tico &#8211; neum\u00e1tica y manual<\/p>\n","protected":false},"featured_media":4592,"comment_status":"open","ping_status":"closed","template":"","meta":[],"product_cat":[602,491,536],"product_tag":[],"class_list":{"0":"post-4593","1":"product","2":"type-product","3":"status-publish","4":"has-post-thumbnail","6":"product_cat-purgadores","7":"product_cat-herramientas-especiales-para-automoviles","8":"product_cat-freno","10":"first","11":"onbackorder","12":"shipping-taxable","13":"purchasable","14":"product-type-simple"},"yoast_head":"<!-- This site is optimized with the Yoast SEO plugin v22.7 - https:\/\/yoast.com\/wordpress\/plugins\/seo\/ -->\n<title>REF.:3155   Unidad para purgar aire del freno y la extracci\u00f3n de aceite - Canarytools S.L.<\/title>\n<meta name=\"robots\" content=\"index, follow, max-snippet:-1, max-image-preview:large, max-video-preview:-1\" \/>\n<link rel=\"canonical\" href=\"https:\/\/mantenimientosinformaticos.net\/canarytools\/producto\/unidad-para-purgar-aire-del-freno-y-la-extraccion-de-aceite\/\" \/>\n<meta property=\"og:locale\" content=\"es_ES\" \/>\n<meta property=\"og:type\" content=\"article\" \/>\n<meta property=\"og:title\" content=\"REF.:3155   Unidad para purgar aire del freno y la extracci\u00f3n de aceite - Canarytools S.L.\" \/>\n<meta property=\"og:description\" content=\"Extractor de aceite y purgado de frenos neum\u00e1tico - neum\u00e1tica y manual\" \/>\n<meta property=\"og:url\" content=\"https:\/\/mantenimientosinformaticos.net\/canarytools\/producto\/unidad-para-purgar-aire-del-freno-y-la-extraccion-de-aceite\/\" \/>\n<meta property=\"og:site_name\" content=\"Canarytools S.L.\" \/>\n<meta property=\"og:image\" content=\"https:\/\/mantenimientosinformaticos.net\/canarytools\/wp-content\/uploads\/2020\/05\/405-REF.3155-Unidad-para-purgar-aire-del-freno-y-la-extraccion-de-aceite.jpg\" \/>\n\t<meta property=\"og:image:width\" content=\"1119\" \/>\n\t<meta property=\"og:image:height\" content=\"1181\" \/>\n\t<meta property=\"og:image:type\" content=\"image\/jpeg\" \/>\n<meta name=\"twitter:card\" content=\"summary_large_image\" \/>\n<meta name=\"twitter:label1\" content=\"Tiempo de lectura\" \/>\n\t<meta name=\"twitter:data1\" content=\"1 minuto\" \/>\n<script type=\"application\/ld+json\" class=\"yoast-schema-graph\">{\"@context\":\"https:\/\/schema.org\",\"@graph\":[{\"@type\":\"WebPage\",\"@id\":\"https:\/\/mantenimientosinformaticos.net\/canarytools\/producto\/unidad-para-purgar-aire-del-freno-y-la-extraccion-de-aceite\/\",\"url\":\"https:\/\/mantenimientosinformaticos.net\/canarytools\/producto\/unidad-para-purgar-aire-del-freno-y-la-extraccion-de-aceite\/\",\"name\":\"REF.:3155 Unidad para purgar aire del freno y la extracci\u00f3n de aceite - Canarytools S.L.\",\"isPartOf\":{\"@id\":\"https:\/\/mantenimientosinformaticos.net\/canarytools\/#website\"},\"primaryImageOfPage\":{\"@id\":\"https:\/\/mantenimientosinformaticos.net\/canarytools\/producto\/unidad-para-purgar-aire-del-freno-y-la-extraccion-de-aceite\/#primaryimage\"},\"image\":{\"@id\":\"https:\/\/mantenimientosinformaticos.net\/canarytools\/producto\/unidad-para-purgar-aire-del-freno-y-la-extraccion-de-aceite\/#primaryimage\"},\"thumbnailUrl\":\"https:\/\/mantenimientosinformaticos.net\/canarytools\/wp-content\/uploads\/2020\/05\/405-REF.3155-Unidad-para-purgar-aire-del-freno-y-la-extraccion-de-aceite.jpg\",\"datePublished\":\"2020-05-11T16:53:29+00:00\",\"dateModified\":\"2020-05-11T16:53:29+00:00\",\"breadcrumb\":{\"@id\":\"https:\/\/mantenimientosinformaticos.net\/canarytools\/producto\/unidad-para-purgar-aire-del-freno-y-la-extraccion-de-aceite\/#breadcrumb\"},\"inLanguage\":\"es\",\"potentialAction\":[{\"@type\":\"ReadAction\",\"target\":[\"https:\/\/mantenimientosinformaticos.net\/canarytools\/producto\/unidad-para-purgar-aire-del-freno-y-la-extraccion-de-aceite\/\"]}]},{\"@type\":\"ImageObject\",\"inLanguage\":\"es\",\"@id\":\"https:\/\/mantenimientosinformaticos.net\/canarytools\/producto\/unidad-para-purgar-aire-del-freno-y-la-extraccion-de-aceite\/#primaryimage\",\"url\":\"https:\/\/mantenimientosinformaticos.net\/canarytools\/wp-content\/uploads\/2020\/05\/405-REF.3155-Unidad-para-purgar-aire-del-freno-y-la-extraccion-de-aceite.jpg\",\"contentUrl\":\"https:\/\/mantenimientosinformaticos.net\/canarytools\/wp-content\/uploads\/2020\/05\/405-REF.3155-Unidad-para-purgar-aire-del-freno-y-la-extraccion-de-aceite.jpg\",\"width\":1119,\"height\":1181,\"caption\":\"REF.:3155 Unidad para purgar aire del freno y la extracci\u00f3n de aceite\"},{\"@type\":\"BreadcrumbList\",\"@id\":\"https:\/\/mantenimientosinformaticos.net\/canarytools\/producto\/unidad-para-purgar-aire-del-freno-y-la-extraccion-de-aceite\/#breadcrumb\",\"itemListElement\":[{\"@type\":\"ListItem\",\"position\":1,\"name\":\"Portada\",\"item\":\"https:\/\/mantenimientosinformaticos.net\/canarytools\/\"},{\"@type\":\"ListItem\",\"position\":2,\"name\":\"Tienda\",\"item\":\"https:\/\/mantenimientosinformaticos.net\/canarytools\/tienda\/\"},{\"@type\":\"ListItem\",\"position\":3,\"name\":\"REF.:3155 Unidad para purgar aire del freno y la extracci\u00f3n de aceite\"}]},{\"@type\":\"WebSite\",\"@id\":\"https:\/\/mantenimientosinformaticos.net\/canarytools\/#website\",\"url\":\"https:\/\/mantenimientosinformaticos.net\/canarytools\/\",\"name\":\"Canarytools S.L.\",\"description\":\"Herramientas y M\u00e1quinas\",\"publisher\":{\"@id\":\"https:\/\/mantenimientosinformaticos.net\/canarytools\/#\/schema\/person\/355e32754b03bb24b681f1b6917e49bf\"},\"potentialAction\":[{\"@type\":\"SearchAction\",\"target\":{\"@type\":\"EntryPoint\",\"urlTemplate\":\"https:\/\/mantenimientosinformaticos.net\/canarytools\/?s={search_term_string}\"},\"query-input\":\"required name=search_term_string\"}],\"inLanguage\":\"es\"},{\"@type\":[\"Person\",\"Organization\"],\"@id\":\"https:\/\/mantenimientosinformaticos.net\/canarytools\/#\/schema\/person\/355e32754b03bb24b681f1b6917e49bf\",\"name\":\"canarytools.xnetdigital\",\"image\":{\"@type\":\"ImageObject\",\"inLanguage\":\"es\",\"@id\":\"https:\/\/mantenimientosinformaticos.net\/canarytools\/#\/schema\/person\/image\/\",\"url\":\"https:\/\/mantenimientosinformaticos.net\/canarytools\/wp-content\/uploads\/2023\/12\/canary-tools-logo.png\",\"contentUrl\":\"https:\/\/mantenimientosinformaticos.net\/canarytools\/wp-content\/uploads\/2023\/12\/canary-tools-logo.png\",\"width\":1302,\"height\":440,\"caption\":\"canarytools.xnetdigital\"},\"logo\":{\"@id\":\"https:\/\/mantenimientosinformaticos.net\/canarytools\/#\/schema\/person\/image\/\"},\"sameAs\":[\"https:\/\/mantenimientosinformaticos.net\/canarytools\"]}]}<\/script>\n<!-- \/ Yoast SEO plugin. -->","yoast_head_json":{"title":"REF.:3155   Unidad para purgar aire del freno y la extracci\u00f3n de aceite - Canarytools S.L.","robots":{"index":"index","follow":"follow","max-snippet":"max-snippet:-1","max-image-preview":"max-image-preview:large","max-video-preview":"max-video-preview:-1"},"canonical":"https:\/\/mantenimientosinformaticos.net\/canarytools\/producto\/unidad-para-purgar-aire-del-freno-y-la-extraccion-de-aceite\/","og_locale":"es_ES","og_type":"article","og_title":"REF.:3155   Unidad para purgar aire del freno y la extracci\u00f3n de aceite - Canarytools S.L.","og_description":"Extractor de aceite y purgado de frenos neum\u00e1tico - neum\u00e1tica y manual","og_url":"https:\/\/mantenimientosinformaticos.net\/canarytools\/producto\/unidad-para-purgar-aire-del-freno-y-la-extraccion-de-aceite\/","og_site_name":"Canarytools S.L.","og_image":[{"width":1119,"height":1181,"url":"https:\/\/mantenimientosinformaticos.net\/canarytools\/wp-content\/uploads\/2020\/05\/405-REF.3155-Unidad-para-purgar-aire-del-freno-y-la-extraccion-de-aceite.jpg","type":"image\/jpeg"}],"twitter_card":"summary_large_image","twitter_misc":{"Tiempo de lectura":"1 minuto"},"schema":{"@context":"https:\/\/schema.org","@graph":[{"@type":"WebPage","@id":"https:\/\/mantenimientosinformaticos.net\/canarytools\/producto\/unidad-para-purgar-aire-del-freno-y-la-extraccion-de-aceite\/","url":"https:\/\/mantenimientosinformaticos.net\/canarytools\/producto\/unidad-para-purgar-aire-del-freno-y-la-extraccion-de-aceite\/","name":"REF.:3155 Unidad para purgar aire del freno y la extracci\u00f3n de aceite - Canarytools S.L.","isPartOf":{"@id":"https:\/\/mantenimientosinformaticos.net\/canarytools\/#website"},"primaryImageOfPage":{"@id":"https:\/\/mantenimientosinformaticos.net\/canarytools\/producto\/unidad-para-purgar-aire-del-freno-y-la-extraccion-de-aceite\/#primaryimage"},"image":{"@id":"https:\/\/mantenimientosinformaticos.net\/canarytools\/producto\/unidad-para-purgar-aire-del-freno-y-la-extraccion-de-aceite\/#primaryimage"},"thumbnailUrl":"https:\/\/mantenimientosinformaticos.net\/canarytools\/wp-content\/uploads\/2020\/05\/405-REF.3155-Unidad-para-purgar-aire-del-freno-y-la-extraccion-de-aceite.jpg","datePublished":"2020-05-11T16:53:29+00:00","dateModified":"2020-05-11T16:53:29+00:00","breadcrumb":{"@id":"https:\/\/mantenimientosinformaticos.net\/canarytools\/producto\/unidad-para-purgar-aire-del-freno-y-la-extraccion-de-aceite\/#breadcrumb"},"inLanguage":"es","potentialAction":[{"@type":"ReadAction","target":["https:\/\/mantenimientosinformaticos.net\/canarytools\/producto\/unidad-para-purgar-aire-del-freno-y-la-extraccion-de-aceite\/"]}]},{"@type":"ImageObject","inLanguage":"es","@id":"https:\/\/mantenimientosinformaticos.net\/canarytools\/producto\/unidad-para-purgar-aire-del-freno-y-la-extraccion-de-aceite\/#primaryimage","url":"https:\/\/mantenimientosinformaticos.net\/canarytools\/wp-content\/uploads\/2020\/05\/405-REF.3155-Unidad-para-purgar-aire-del-freno-y-la-extraccion-de-aceite.jpg","contentUrl":"https:\/\/mantenimientosinformaticos.net\/canarytools\/wp-content\/uploads\/2020\/05\/405-REF.3155-Unidad-para-purgar-aire-del-freno-y-la-extraccion-de-aceite.jpg","width":1119,"height":1181,"caption":"REF.:3155 Unidad para purgar aire del freno y la extracci\u00f3n de aceite"},{"@type":"BreadcrumbList","@id":"https:\/\/mantenimientosinformaticos.net\/canarytools\/producto\/unidad-para-purgar-aire-del-freno-y-la-extraccion-de-aceite\/#breadcrumb","itemListElement":[{"@type":"ListItem","position":1,"name":"Portada","item":"https:\/\/mantenimientosinformaticos.net\/canarytools\/"},{"@type":"ListItem","position":2,"name":"Tienda","item":"https:\/\/mantenimientosinformaticos.net\/canarytools\/tienda\/"},{"@type":"ListItem","position":3,"name":"REF.:3155 Unidad para purgar aire del freno y la extracci\u00f3n de aceite"}]},{"@type":"WebSite","@id":"https:\/\/mantenimientosinformaticos.net\/canarytools\/#website","url":"https:\/\/mantenimientosinformaticos.net\/canarytools\/","name":"Canarytools S.L.","description":"Herramientas y M\u00e1quinas","publisher":{"@id":"https:\/\/mantenimientosinformaticos.net\/canarytools\/#\/schema\/person\/355e32754b03bb24b681f1b6917e49bf"},"potentialAction":[{"@type":"SearchAction","target":{"@type":"EntryPoint","urlTemplate":"https:\/\/mantenimientosinformaticos.net\/canarytools\/?s={search_term_string}"},"query-input":"required name=search_term_string"}],"inLanguage":"es"},{"@type":["Person","Organization"],"@id":"https:\/\/mantenimientosinformaticos.net\/canarytools\/#\/schema\/person\/355e32754b03bb24b681f1b6917e49bf","name":"canarytools.xnetdigital","image":{"@type":"ImageObject","inLanguage":"es","@id":"https:\/\/mantenimientosinformaticos.net\/canarytools\/#\/schema\/person\/image\/","url":"https:\/\/mantenimientosinformaticos.net\/canarytools\/wp-content\/uploads\/2023\/12\/canary-tools-logo.png","contentUrl":"https:\/\/mantenimientosinformaticos.net\/canarytools\/wp-content\/uploads\/2023\/12\/canary-tools-logo.png","width":1302,"height":440,"caption":"canarytools.xnetdigital"},"logo":{"@id":"https:\/\/mantenimientosinformaticos.net\/canarytools\/#\/schema\/person\/image\/"},"sameAs":["https:\/\/mantenimientosinformaticos.net\/canarytools"]}]}},"_links":{"self":[{"href":"https:\/\/mantenimientosinformaticos.net\/canarytools\/wp-json\/wp\/v2\/product\/4593","targetHints":{"allow":["GET"]}}],"collection":[{"href":"https:\/\/mantenimientosinformaticos.net\/canarytools\/wp-json\/wp\/v2\/product"}],"about":[{"href":"https:\/\/mantenimientosinformaticos.net\/canarytools\/wp-json\/wp\/v2\/types\/product"}],"replies":[{"embeddable":true,"href":"https:\/\/mantenimientosinformaticos.net\/canarytools\/wp-json\/wp\/v2\/comments?post=4593"}],"wp:featuredmedia":[{"embeddable":true,"href":"https:\/\/mantenimientosinformaticos.net\/canarytools\/wp-json\/wp\/v2\/media\/4592"}],"wp:attachment":[{"href":"https:\/\/mantenimientosinformaticos.net\/canarytools\/wp-json\/wp\/v2\/media?parent=4593"}],"wp:term":[{"taxonomy":"product_cat","embeddable":true,"href":"https:\/\/mantenimientosinformaticos.net\/canarytools\/wp-json\/wp\/v2\/product_cat?post=4593"},{"taxonomy":"product_tag","embeddable":true,"href":"https:\/\/mantenimientosinformaticos.net\/canarytools\/wp-json\/wp\/v2\/product_tag?post=4593"}],"curies":[{"name":"wp","href":"https:\/\/api.w.org\/{rel}","templated":true}]}}