{"id":4573,"date":"2020-05-11T18:03:11","date_gmt":"2020-05-11T16:03:11","guid":{"rendered":"https:\/\/mantenimientosinformaticos.net\/canarytools\/producto\/adaptador-de-piston-frenos-para-vw-con-frenos-de-mano-electrico\/"},"modified":"2020-05-11T18:03:11","modified_gmt":"2020-05-11T16:03:11","slug":"adaptador-de-piston-frenos-para-vw-con-frenos-de-mano-electrico","status":"publish","type":"product","link":"https:\/\/mantenimientosinformaticos.net\/canarytools\/producto\/adaptador-de-piston-frenos-para-vw-con-frenos-de-mano-electrico\/","title":{"rendered":"REF.:1119-1.   Adaptador de pist\u00f3n frenos para VW con frenos de mano el\u00e9ctrico"},"content":{"rendered":"<p>Versi\u00f3n con 3 pines<br \/>adecuado para eje trasero con freno de mano el\u00e9ctrico:<br \/>Audi A4, A5, A6, A8, Q5, Q7<br \/>Ford Focus, C-Max, S-Max<br \/>Renault Scenic, Megane<br \/>VW Passat, Tiguan<\/p>\n","protected":false},"excerpt":{"rendered":"<p>Adaptador de reposicionamiento de pistones de freno para VAG, Ford, Renault con freno de mano el\u00e9ctrico<\/p>\n","protected":false},"featured_media":4572,"comment_status":"open","ping_status":"closed","template":"","meta":[],"product_cat":[598,491,536],"product_tag":[],"class_list":{"0":"post-4573","1":"product","2":"type-product","3":"status-publish","4":"has-post-thumbnail","6":"product_cat-freno-de-disco","7":"product_cat-herramientas-especiales-para-automoviles","8":"product_cat-freno","10":"first","11":"instock","12":"shipping-taxable","13":"purchasable","14":"product-type-simple"},"yoast_head":"<!-- This site is optimized with the Yoast SEO plugin v22.7 - https:\/\/yoast.com\/wordpress\/plugins\/seo\/ -->\n<title>REF.:1119-1.  Adaptador de pist\u00f3n frenos para VW con frenos de mano el\u00e9ctrico - Canarytools S.L.<\/title>\n<meta name=\"robots\" content=\"index, follow, max-snippet:-1, max-image-preview:large, max-video-preview:-1\" \/>\n<link rel=\"canonical\" href=\"https:\/\/mantenimientosinformaticos.net\/canarytools\/producto\/adaptador-de-piston-frenos-para-vw-con-frenos-de-mano-electrico\/\" \/>\n<meta property=\"og:locale\" content=\"es_ES\" \/>\n<meta property=\"og:type\" content=\"article\" \/>\n<meta property=\"og:title\" content=\"REF.:1119-1.  Adaptador de pist\u00f3n frenos para VW con frenos de mano el\u00e9ctrico - Canarytools S.L.\" \/>\n<meta property=\"og:description\" content=\"Adaptador de reposicionamiento de pistones de freno para VAG, Ford, Renault con freno de mano el\u00e9ctrico\" \/>\n<meta property=\"og:url\" content=\"https:\/\/mantenimientosinformaticos.net\/canarytools\/producto\/adaptador-de-piston-frenos-para-vw-con-frenos-de-mano-electrico\/\" \/>\n<meta property=\"og:site_name\" content=\"Canarytools S.L.\" \/>\n<meta property=\"og:image\" content=\"https:\/\/mantenimientosinformaticos.net\/canarytools\/wp-content\/uploads\/2020\/05\/395-REF.1119-1.-Adaptador-de-piston-frenos-para-VW-con-frenos-de-mano-electrico.jpg\" \/>\n\t<meta property=\"og:image:width\" content=\"1181\" \/>\n\t<meta property=\"og:image:height\" content=\"1057\" \/>\n\t<meta property=\"og:image:type\" content=\"image\/jpeg\" \/>\n<meta name=\"twitter:card\" content=\"summary_large_image\" \/>\n<script type=\"application\/ld+json\" class=\"yoast-schema-graph\">{\"@context\":\"https:\/\/schema.org\",\"@graph\":[{\"@type\":\"WebPage\",\"@id\":\"https:\/\/mantenimientosinformaticos.net\/canarytools\/producto\/adaptador-de-piston-frenos-para-vw-con-frenos-de-mano-electrico\/\",\"url\":\"https:\/\/mantenimientosinformaticos.net\/canarytools\/producto\/adaptador-de-piston-frenos-para-vw-con-frenos-de-mano-electrico\/\",\"name\":\"REF.:1119-1. Adaptador de pist\u00f3n frenos para VW con frenos de mano el\u00e9ctrico - Canarytools S.L.\",\"isPartOf\":{\"@id\":\"https:\/\/mantenimientosinformaticos.net\/canarytools\/#website\"},\"primaryImageOfPage\":{\"@id\":\"https:\/\/mantenimientosinformaticos.net\/canarytools\/producto\/adaptador-de-piston-frenos-para-vw-con-frenos-de-mano-electrico\/#primaryimage\"},\"image\":{\"@id\":\"https:\/\/mantenimientosinformaticos.net\/canarytools\/producto\/adaptador-de-piston-frenos-para-vw-con-frenos-de-mano-electrico\/#primaryimage\"},\"thumbnailUrl\":\"https:\/\/mantenimientosinformaticos.net\/canarytools\/wp-content\/uploads\/2020\/05\/395-REF.1119-1.-Adaptador-de-piston-frenos-para-VW-con-frenos-de-mano-electrico.jpg\",\"datePublished\":\"2020-05-11T16:03:11+00:00\",\"dateModified\":\"2020-05-11T16:03:11+00:00\",\"breadcrumb\":{\"@id\":\"https:\/\/mantenimientosinformaticos.net\/canarytools\/producto\/adaptador-de-piston-frenos-para-vw-con-frenos-de-mano-electrico\/#breadcrumb\"},\"inLanguage\":\"es\",\"potentialAction\":[{\"@type\":\"ReadAction\",\"target\":[\"https:\/\/mantenimientosinformaticos.net\/canarytools\/producto\/adaptador-de-piston-frenos-para-vw-con-frenos-de-mano-electrico\/\"]}]},{\"@type\":\"ImageObject\",\"inLanguage\":\"es\",\"@id\":\"https:\/\/mantenimientosinformaticos.net\/canarytools\/producto\/adaptador-de-piston-frenos-para-vw-con-frenos-de-mano-electrico\/#primaryimage\",\"url\":\"https:\/\/mantenimientosinformaticos.net\/canarytools\/wp-content\/uploads\/2020\/05\/395-REF.1119-1.-Adaptador-de-piston-frenos-para-VW-con-frenos-de-mano-electrico.jpg\",\"contentUrl\":\"https:\/\/mantenimientosinformaticos.net\/canarytools\/wp-content\/uploads\/2020\/05\/395-REF.1119-1.-Adaptador-de-piston-frenos-para-VW-con-frenos-de-mano-electrico.jpg\",\"width\":1181,\"height\":1057,\"caption\":\"REF.:1119-1. Adaptador de pist\u00f3n frenos para VW con frenos de mano el\u00e9ctrico\"},{\"@type\":\"BreadcrumbList\",\"@id\":\"https:\/\/mantenimientosinformaticos.net\/canarytools\/producto\/adaptador-de-piston-frenos-para-vw-con-frenos-de-mano-electrico\/#breadcrumb\",\"itemListElement\":[{\"@type\":\"ListItem\",\"position\":1,\"name\":\"Portada\",\"item\":\"https:\/\/mantenimientosinformaticos.net\/canarytools\/\"},{\"@type\":\"ListItem\",\"position\":2,\"name\":\"Tienda\",\"item\":\"https:\/\/mantenimientosinformaticos.net\/canarytools\/tienda\/\"},{\"@type\":\"ListItem\",\"position\":3,\"name\":\"REF.:1119-1. Adaptador de pist\u00f3n frenos para VW con frenos de mano el\u00e9ctrico\"}]},{\"@type\":\"WebSite\",\"@id\":\"https:\/\/mantenimientosinformaticos.net\/canarytools\/#website\",\"url\":\"https:\/\/mantenimientosinformaticos.net\/canarytools\/\",\"name\":\"Canarytools S.L.\",\"description\":\"Herramientas y M\u00e1quinas\",\"publisher\":{\"@id\":\"https:\/\/mantenimientosinformaticos.net\/canarytools\/#\/schema\/person\/355e32754b03bb24b681f1b6917e49bf\"},\"potentialAction\":[{\"@type\":\"SearchAction\",\"target\":{\"@type\":\"EntryPoint\",\"urlTemplate\":\"https:\/\/mantenimientosinformaticos.net\/canarytools\/?s={search_term_string}\"},\"query-input\":\"required name=search_term_string\"}],\"inLanguage\":\"es\"},{\"@type\":[\"Person\",\"Organization\"],\"@id\":\"https:\/\/mantenimientosinformaticos.net\/canarytools\/#\/schema\/person\/355e32754b03bb24b681f1b6917e49bf\",\"name\":\"canarytools.xnetdigital\",\"image\":{\"@type\":\"ImageObject\",\"inLanguage\":\"es\",\"@id\":\"https:\/\/mantenimientosinformaticos.net\/canarytools\/#\/schema\/person\/image\/\",\"url\":\"https:\/\/mantenimientosinformaticos.net\/canarytools\/wp-content\/uploads\/2023\/12\/canary-tools-logo.png\",\"contentUrl\":\"https:\/\/mantenimientosinformaticos.net\/canarytools\/wp-content\/uploads\/2023\/12\/canary-tools-logo.png\",\"width\":1302,\"height\":440,\"caption\":\"canarytools.xnetdigital\"},\"logo\":{\"@id\":\"https:\/\/mantenimientosinformaticos.net\/canarytools\/#\/schema\/person\/image\/\"},\"sameAs\":[\"https:\/\/mantenimientosinformaticos.net\/canarytools\"]}]}<\/script>\n<!-- \/ Yoast SEO plugin. -->","yoast_head_json":{"title":"REF.:1119-1.  Adaptador de pist\u00f3n frenos para VW con frenos de mano el\u00e9ctrico - Canarytools S.L.","robots":{"index":"index","follow":"follow","max-snippet":"max-snippet:-1","max-image-preview":"max-image-preview:large","max-video-preview":"max-video-preview:-1"},"canonical":"https:\/\/mantenimientosinformaticos.net\/canarytools\/producto\/adaptador-de-piston-frenos-para-vw-con-frenos-de-mano-electrico\/","og_locale":"es_ES","og_type":"article","og_title":"REF.:1119-1.  Adaptador de pist\u00f3n frenos para VW con frenos de mano el\u00e9ctrico - Canarytools S.L.","og_description":"Adaptador de reposicionamiento de pistones de freno para VAG, Ford, Renault con freno de mano el\u00e9ctrico","og_url":"https:\/\/mantenimientosinformaticos.net\/canarytools\/producto\/adaptador-de-piston-frenos-para-vw-con-frenos-de-mano-electrico\/","og_site_name":"Canarytools S.L.","og_image":[{"width":1181,"height":1057,"url":"https:\/\/mantenimientosinformaticos.net\/canarytools\/wp-content\/uploads\/2020\/05\/395-REF.1119-1.-Adaptador-de-piston-frenos-para-VW-con-frenos-de-mano-electrico.jpg","type":"image\/jpeg"}],"twitter_card":"summary_large_image","schema":{"@context":"https:\/\/schema.org","@graph":[{"@type":"WebPage","@id":"https:\/\/mantenimientosinformaticos.net\/canarytools\/producto\/adaptador-de-piston-frenos-para-vw-con-frenos-de-mano-electrico\/","url":"https:\/\/mantenimientosinformaticos.net\/canarytools\/producto\/adaptador-de-piston-frenos-para-vw-con-frenos-de-mano-electrico\/","name":"REF.:1119-1. Adaptador de pist\u00f3n frenos para VW con frenos de mano el\u00e9ctrico - Canarytools S.L.","isPartOf":{"@id":"https:\/\/mantenimientosinformaticos.net\/canarytools\/#website"},"primaryImageOfPage":{"@id":"https:\/\/mantenimientosinformaticos.net\/canarytools\/producto\/adaptador-de-piston-frenos-para-vw-con-frenos-de-mano-electrico\/#primaryimage"},"image":{"@id":"https:\/\/mantenimientosinformaticos.net\/canarytools\/producto\/adaptador-de-piston-frenos-para-vw-con-frenos-de-mano-electrico\/#primaryimage"},"thumbnailUrl":"https:\/\/mantenimientosinformaticos.net\/canarytools\/wp-content\/uploads\/2020\/05\/395-REF.1119-1.-Adaptador-de-piston-frenos-para-VW-con-frenos-de-mano-electrico.jpg","datePublished":"2020-05-11T16:03:11+00:00","dateModified":"2020-05-11T16:03:11+00:00","breadcrumb":{"@id":"https:\/\/mantenimientosinformaticos.net\/canarytools\/producto\/adaptador-de-piston-frenos-para-vw-con-frenos-de-mano-electrico\/#breadcrumb"},"inLanguage":"es","potentialAction":[{"@type":"ReadAction","target":["https:\/\/mantenimientosinformaticos.net\/canarytools\/producto\/adaptador-de-piston-frenos-para-vw-con-frenos-de-mano-electrico\/"]}]},{"@type":"ImageObject","inLanguage":"es","@id":"https:\/\/mantenimientosinformaticos.net\/canarytools\/producto\/adaptador-de-piston-frenos-para-vw-con-frenos-de-mano-electrico\/#primaryimage","url":"https:\/\/mantenimientosinformaticos.net\/canarytools\/wp-content\/uploads\/2020\/05\/395-REF.1119-1.-Adaptador-de-piston-frenos-para-VW-con-frenos-de-mano-electrico.jpg","contentUrl":"https:\/\/mantenimientosinformaticos.net\/canarytools\/wp-content\/uploads\/2020\/05\/395-REF.1119-1.-Adaptador-de-piston-frenos-para-VW-con-frenos-de-mano-electrico.jpg","width":1181,"height":1057,"caption":"REF.:1119-1. Adaptador de pist\u00f3n frenos para VW con frenos de mano el\u00e9ctrico"},{"@type":"BreadcrumbList","@id":"https:\/\/mantenimientosinformaticos.net\/canarytools\/producto\/adaptador-de-piston-frenos-para-vw-con-frenos-de-mano-electrico\/#breadcrumb","itemListElement":[{"@type":"ListItem","position":1,"name":"Portada","item":"https:\/\/mantenimientosinformaticos.net\/canarytools\/"},{"@type":"ListItem","position":2,"name":"Tienda","item":"https:\/\/mantenimientosinformaticos.net\/canarytools\/tienda\/"},{"@type":"ListItem","position":3,"name":"REF.:1119-1. Adaptador de pist\u00f3n frenos para VW con frenos de mano el\u00e9ctrico"}]},{"@type":"WebSite","@id":"https:\/\/mantenimientosinformaticos.net\/canarytools\/#website","url":"https:\/\/mantenimientosinformaticos.net\/canarytools\/","name":"Canarytools S.L.","description":"Herramientas y M\u00e1quinas","publisher":{"@id":"https:\/\/mantenimientosinformaticos.net\/canarytools\/#\/schema\/person\/355e32754b03bb24b681f1b6917e49bf"},"potentialAction":[{"@type":"SearchAction","target":{"@type":"EntryPoint","urlTemplate":"https:\/\/mantenimientosinformaticos.net\/canarytools\/?s={search_term_string}"},"query-input":"required name=search_term_string"}],"inLanguage":"es"},{"@type":["Person","Organization"],"@id":"https:\/\/mantenimientosinformaticos.net\/canarytools\/#\/schema\/person\/355e32754b03bb24b681f1b6917e49bf","name":"canarytools.xnetdigital","image":{"@type":"ImageObject","inLanguage":"es","@id":"https:\/\/mantenimientosinformaticos.net\/canarytools\/#\/schema\/person\/image\/","url":"https:\/\/mantenimientosinformaticos.net\/canarytools\/wp-content\/uploads\/2023\/12\/canary-tools-logo.png","contentUrl":"https:\/\/mantenimientosinformaticos.net\/canarytools\/wp-content\/uploads\/2023\/12\/canary-tools-logo.png","width":1302,"height":440,"caption":"canarytools.xnetdigital"},"logo":{"@id":"https:\/\/mantenimientosinformaticos.net\/canarytools\/#\/schema\/person\/image\/"},"sameAs":["https:\/\/mantenimientosinformaticos.net\/canarytools"]}]}},"_links":{"self":[{"href":"https:\/\/mantenimientosinformaticos.net\/canarytools\/wp-json\/wp\/v2\/product\/4573","targetHints":{"allow":["GET"]}}],"collection":[{"href":"https:\/\/mantenimientosinformaticos.net\/canarytools\/wp-json\/wp\/v2\/product"}],"about":[{"href":"https:\/\/mantenimientosinformaticos.net\/canarytools\/wp-json\/wp\/v2\/types\/product"}],"replies":[{"embeddable":true,"href":"https:\/\/mantenimientosinformaticos.net\/canarytools\/wp-json\/wp\/v2\/comments?post=4573"}],"wp:featuredmedia":[{"embeddable":true,"href":"https:\/\/mantenimientosinformaticos.net\/canarytools\/wp-json\/wp\/v2\/media\/4572"}],"wp:attachment":[{"href":"https:\/\/mantenimientosinformaticos.net\/canarytools\/wp-json\/wp\/v2\/media?parent=4573"}],"wp:term":[{"taxonomy":"product_cat","embeddable":true,"href":"https:\/\/mantenimientosinformaticos.net\/canarytools\/wp-json\/wp\/v2\/product_cat?post=4573"},{"taxonomy":"product_tag","embeddable":true,"href":"https:\/\/mantenimientosinformaticos.net\/canarytools\/wp-json\/wp\/v2\/product_tag?post=4573"}],"curies":[{"name":"wp","href":"https:\/\/api.w.org\/{rel}","templated":true}]}}