{"id":4491,"date":"2020-05-10T22:43:57","date_gmt":"2020-05-10T20:43:57","guid":{"rendered":"https:\/\/mantenimientosinformaticos.net\/canarytools\/producto\/culata-probador-de-fugas\/"},"modified":"2020-05-10T22:43:57","modified_gmt":"2020-05-10T20:43:57","slug":"culata-probador-de-fugas","status":"publish","type":"product","link":"https:\/\/mantenimientosinformaticos.net\/canarytools\/producto\/culata-probador-de-fugas\/","title":{"rendered":"REF.:8037.   Culata probador de fugas"},"content":{"rendered":"<p>para detectar las fugas m\u00e1s peque\u00f1as, como por ej. juntas de culata con fugas, fisuras en el bloque del motor, etc.<br \/>adecuado para motores de gasolina, di\u00e9sel y gas<br \/>permite la detecci\u00f3n de peque\u00f1as cantidades de di\u00f3xido de carbono en el agua de refrigeraci\u00f3n mediante la decoloraci\u00f3n del l\u00edquido de ensayo (azul &#8211; verde &#8211; amarillo)<br \/>permite un diagn\u00f3stico preciso y sencillo<br \/>una vez utilizado el l\u00edquido de ensayo, se puede volver a utilizar para otras pruebas<br \/>recipiente de ensayo con adaptador c\u00f3nico<br \/>l\u00edquido de ensayo 250 ml<br \/>botella vac\u00eda<\/p>\n","protected":false},"excerpt":{"rendered":"<p>Comprobador de fugas de di\u00f3xido de carbono para motores<\/p>\n","protected":false},"featured_media":4490,"comment_status":"open","ping_status":"closed","template":"","meta":[],"product_cat":[608,491],"product_tag":[],"class_list":{"0":"post-4491","1":"product","2":"type-product","3":"status-publish","4":"has-post-thumbnail","6":"product_cat-detector-de-fugas","7":"product_cat-herramientas-especiales-para-automoviles","9":"first","10":"outofstock","11":"shipping-taxable","12":"purchasable","13":"product-type-simple"},"yoast_head":"<!-- This site is optimized with the Yoast SEO plugin v22.7 - https:\/\/yoast.com\/wordpress\/plugins\/seo\/ -->\n<title>REF.:8037.  Culata probador de fugas - Canarytools S.L.<\/title>\n<meta name=\"robots\" content=\"index, follow, max-snippet:-1, max-image-preview:large, max-video-preview:-1\" \/>\n<link rel=\"canonical\" href=\"https:\/\/mantenimientosinformaticos.net\/canarytools\/producto\/culata-probador-de-fugas\/\" \/>\n<meta property=\"og:locale\" content=\"es_ES\" \/>\n<meta property=\"og:type\" content=\"article\" \/>\n<meta property=\"og:title\" content=\"REF.:8037.  Culata probador de fugas - Canarytools S.L.\" \/>\n<meta property=\"og:description\" content=\"Comprobador de fugas de di\u00f3xido de carbono para motores\" \/>\n<meta property=\"og:url\" content=\"https:\/\/mantenimientosinformaticos.net\/canarytools\/producto\/culata-probador-de-fugas\/\" \/>\n<meta property=\"og:site_name\" content=\"Canarytools S.L.\" \/>\n<meta property=\"og:image\" content=\"https:\/\/mantenimientosinformaticos.net\/canarytools\/wp-content\/uploads\/2020\/05\/354-REF.8037.-Culata-probador-de-fugas.jpg\" \/>\n\t<meta property=\"og:image:width\" content=\"750\" \/>\n\t<meta property=\"og:image:height\" content=\"475\" \/>\n\t<meta property=\"og:image:type\" content=\"image\/jpeg\" \/>\n<meta name=\"twitter:card\" content=\"summary_large_image\" \/>\n<script type=\"application\/ld+json\" class=\"yoast-schema-graph\">{\"@context\":\"https:\/\/schema.org\",\"@graph\":[{\"@type\":\"WebPage\",\"@id\":\"https:\/\/mantenimientosinformaticos.net\/canarytools\/producto\/culata-probador-de-fugas\/\",\"url\":\"https:\/\/mantenimientosinformaticos.net\/canarytools\/producto\/culata-probador-de-fugas\/\",\"name\":\"REF.:8037. Culata probador de fugas - Canarytools S.L.\",\"isPartOf\":{\"@id\":\"https:\/\/mantenimientosinformaticos.net\/canarytools\/#website\"},\"primaryImageOfPage\":{\"@id\":\"https:\/\/mantenimientosinformaticos.net\/canarytools\/producto\/culata-probador-de-fugas\/#primaryimage\"},\"image\":{\"@id\":\"https:\/\/mantenimientosinformaticos.net\/canarytools\/producto\/culata-probador-de-fugas\/#primaryimage\"},\"thumbnailUrl\":\"https:\/\/mantenimientosinformaticos.net\/canarytools\/wp-content\/uploads\/2020\/05\/354-REF.8037.-Culata-probador-de-fugas.jpg\",\"datePublished\":\"2020-05-10T20:43:57+00:00\",\"dateModified\":\"2020-05-10T20:43:57+00:00\",\"breadcrumb\":{\"@id\":\"https:\/\/mantenimientosinformaticos.net\/canarytools\/producto\/culata-probador-de-fugas\/#breadcrumb\"},\"inLanguage\":\"es\",\"potentialAction\":[{\"@type\":\"ReadAction\",\"target\":[\"https:\/\/mantenimientosinformaticos.net\/canarytools\/producto\/culata-probador-de-fugas\/\"]}]},{\"@type\":\"ImageObject\",\"inLanguage\":\"es\",\"@id\":\"https:\/\/mantenimientosinformaticos.net\/canarytools\/producto\/culata-probador-de-fugas\/#primaryimage\",\"url\":\"https:\/\/mantenimientosinformaticos.net\/canarytools\/wp-content\/uploads\/2020\/05\/354-REF.8037.-Culata-probador-de-fugas.jpg\",\"contentUrl\":\"https:\/\/mantenimientosinformaticos.net\/canarytools\/wp-content\/uploads\/2020\/05\/354-REF.8037.-Culata-probador-de-fugas.jpg\",\"width\":750,\"height\":475,\"caption\":\"REF.:8037. Culata probador de fugas\"},{\"@type\":\"BreadcrumbList\",\"@id\":\"https:\/\/mantenimientosinformaticos.net\/canarytools\/producto\/culata-probador-de-fugas\/#breadcrumb\",\"itemListElement\":[{\"@type\":\"ListItem\",\"position\":1,\"name\":\"Portada\",\"item\":\"https:\/\/mantenimientosinformaticos.net\/canarytools\/\"},{\"@type\":\"ListItem\",\"position\":2,\"name\":\"Tienda\",\"item\":\"https:\/\/mantenimientosinformaticos.net\/canarytools\/tienda\/\"},{\"@type\":\"ListItem\",\"position\":3,\"name\":\"REF.:8037. Culata probador de fugas\"}]},{\"@type\":\"WebSite\",\"@id\":\"https:\/\/mantenimientosinformaticos.net\/canarytools\/#website\",\"url\":\"https:\/\/mantenimientosinformaticos.net\/canarytools\/\",\"name\":\"Canarytools S.L.\",\"description\":\"Herramientas y M\u00e1quinas\",\"publisher\":{\"@id\":\"https:\/\/mantenimientosinformaticos.net\/canarytools\/#\/schema\/person\/355e32754b03bb24b681f1b6917e49bf\"},\"potentialAction\":[{\"@type\":\"SearchAction\",\"target\":{\"@type\":\"EntryPoint\",\"urlTemplate\":\"https:\/\/mantenimientosinformaticos.net\/canarytools\/?s={search_term_string}\"},\"query-input\":\"required name=search_term_string\"}],\"inLanguage\":\"es\"},{\"@type\":[\"Person\",\"Organization\"],\"@id\":\"https:\/\/mantenimientosinformaticos.net\/canarytools\/#\/schema\/person\/355e32754b03bb24b681f1b6917e49bf\",\"name\":\"canarytools.xnetdigital\",\"image\":{\"@type\":\"ImageObject\",\"inLanguage\":\"es\",\"@id\":\"https:\/\/mantenimientosinformaticos.net\/canarytools\/#\/schema\/person\/image\/\",\"url\":\"https:\/\/mantenimientosinformaticos.net\/canarytools\/wp-content\/uploads\/2023\/12\/canary-tools-logo.png\",\"contentUrl\":\"https:\/\/mantenimientosinformaticos.net\/canarytools\/wp-content\/uploads\/2023\/12\/canary-tools-logo.png\",\"width\":1302,\"height\":440,\"caption\":\"canarytools.xnetdigital\"},\"logo\":{\"@id\":\"https:\/\/mantenimientosinformaticos.net\/canarytools\/#\/schema\/person\/image\/\"},\"sameAs\":[\"https:\/\/mantenimientosinformaticos.net\/canarytools\"]}]}<\/script>\n<!-- \/ Yoast SEO plugin. -->","yoast_head_json":{"title":"REF.:8037.  Culata probador de fugas - Canarytools S.L.","robots":{"index":"index","follow":"follow","max-snippet":"max-snippet:-1","max-image-preview":"max-image-preview:large","max-video-preview":"max-video-preview:-1"},"canonical":"https:\/\/mantenimientosinformaticos.net\/canarytools\/producto\/culata-probador-de-fugas\/","og_locale":"es_ES","og_type":"article","og_title":"REF.:8037.  Culata probador de fugas - Canarytools S.L.","og_description":"Comprobador de fugas de di\u00f3xido de carbono para motores","og_url":"https:\/\/mantenimientosinformaticos.net\/canarytools\/producto\/culata-probador-de-fugas\/","og_site_name":"Canarytools S.L.","og_image":[{"width":750,"height":475,"url":"https:\/\/mantenimientosinformaticos.net\/canarytools\/wp-content\/uploads\/2020\/05\/354-REF.8037.-Culata-probador-de-fugas.jpg","type":"image\/jpeg"}],"twitter_card":"summary_large_image","schema":{"@context":"https:\/\/schema.org","@graph":[{"@type":"WebPage","@id":"https:\/\/mantenimientosinformaticos.net\/canarytools\/producto\/culata-probador-de-fugas\/","url":"https:\/\/mantenimientosinformaticos.net\/canarytools\/producto\/culata-probador-de-fugas\/","name":"REF.:8037. Culata probador de fugas - Canarytools S.L.","isPartOf":{"@id":"https:\/\/mantenimientosinformaticos.net\/canarytools\/#website"},"primaryImageOfPage":{"@id":"https:\/\/mantenimientosinformaticos.net\/canarytools\/producto\/culata-probador-de-fugas\/#primaryimage"},"image":{"@id":"https:\/\/mantenimientosinformaticos.net\/canarytools\/producto\/culata-probador-de-fugas\/#primaryimage"},"thumbnailUrl":"https:\/\/mantenimientosinformaticos.net\/canarytools\/wp-content\/uploads\/2020\/05\/354-REF.8037.-Culata-probador-de-fugas.jpg","datePublished":"2020-05-10T20:43:57+00:00","dateModified":"2020-05-10T20:43:57+00:00","breadcrumb":{"@id":"https:\/\/mantenimientosinformaticos.net\/canarytools\/producto\/culata-probador-de-fugas\/#breadcrumb"},"inLanguage":"es","potentialAction":[{"@type":"ReadAction","target":["https:\/\/mantenimientosinformaticos.net\/canarytools\/producto\/culata-probador-de-fugas\/"]}]},{"@type":"ImageObject","inLanguage":"es","@id":"https:\/\/mantenimientosinformaticos.net\/canarytools\/producto\/culata-probador-de-fugas\/#primaryimage","url":"https:\/\/mantenimientosinformaticos.net\/canarytools\/wp-content\/uploads\/2020\/05\/354-REF.8037.-Culata-probador-de-fugas.jpg","contentUrl":"https:\/\/mantenimientosinformaticos.net\/canarytools\/wp-content\/uploads\/2020\/05\/354-REF.8037.-Culata-probador-de-fugas.jpg","width":750,"height":475,"caption":"REF.:8037. Culata probador de fugas"},{"@type":"BreadcrumbList","@id":"https:\/\/mantenimientosinformaticos.net\/canarytools\/producto\/culata-probador-de-fugas\/#breadcrumb","itemListElement":[{"@type":"ListItem","position":1,"name":"Portada","item":"https:\/\/mantenimientosinformaticos.net\/canarytools\/"},{"@type":"ListItem","position":2,"name":"Tienda","item":"https:\/\/mantenimientosinformaticos.net\/canarytools\/tienda\/"},{"@type":"ListItem","position":3,"name":"REF.:8037. Culata probador de fugas"}]},{"@type":"WebSite","@id":"https:\/\/mantenimientosinformaticos.net\/canarytools\/#website","url":"https:\/\/mantenimientosinformaticos.net\/canarytools\/","name":"Canarytools S.L.","description":"Herramientas y M\u00e1quinas","publisher":{"@id":"https:\/\/mantenimientosinformaticos.net\/canarytools\/#\/schema\/person\/355e32754b03bb24b681f1b6917e49bf"},"potentialAction":[{"@type":"SearchAction","target":{"@type":"EntryPoint","urlTemplate":"https:\/\/mantenimientosinformaticos.net\/canarytools\/?s={search_term_string}"},"query-input":"required name=search_term_string"}],"inLanguage":"es"},{"@type":["Person","Organization"],"@id":"https:\/\/mantenimientosinformaticos.net\/canarytools\/#\/schema\/person\/355e32754b03bb24b681f1b6917e49bf","name":"canarytools.xnetdigital","image":{"@type":"ImageObject","inLanguage":"es","@id":"https:\/\/mantenimientosinformaticos.net\/canarytools\/#\/schema\/person\/image\/","url":"https:\/\/mantenimientosinformaticos.net\/canarytools\/wp-content\/uploads\/2023\/12\/canary-tools-logo.png","contentUrl":"https:\/\/mantenimientosinformaticos.net\/canarytools\/wp-content\/uploads\/2023\/12\/canary-tools-logo.png","width":1302,"height":440,"caption":"canarytools.xnetdigital"},"logo":{"@id":"https:\/\/mantenimientosinformaticos.net\/canarytools\/#\/schema\/person\/image\/"},"sameAs":["https:\/\/mantenimientosinformaticos.net\/canarytools"]}]}},"_links":{"self":[{"href":"https:\/\/mantenimientosinformaticos.net\/canarytools\/wp-json\/wp\/v2\/product\/4491","targetHints":{"allow":["GET"]}}],"collection":[{"href":"https:\/\/mantenimientosinformaticos.net\/canarytools\/wp-json\/wp\/v2\/product"}],"about":[{"href":"https:\/\/mantenimientosinformaticos.net\/canarytools\/wp-json\/wp\/v2\/types\/product"}],"replies":[{"embeddable":true,"href":"https:\/\/mantenimientosinformaticos.net\/canarytools\/wp-json\/wp\/v2\/comments?post=4491"}],"wp:featuredmedia":[{"embeddable":true,"href":"https:\/\/mantenimientosinformaticos.net\/canarytools\/wp-json\/wp\/v2\/media\/4490"}],"wp:attachment":[{"href":"https:\/\/mantenimientosinformaticos.net\/canarytools\/wp-json\/wp\/v2\/media?parent=4491"}],"wp:term":[{"taxonomy":"product_cat","embeddable":true,"href":"https:\/\/mantenimientosinformaticos.net\/canarytools\/wp-json\/wp\/v2\/product_cat?post=4491"},{"taxonomy":"product_tag","embeddable":true,"href":"https:\/\/mantenimientosinformaticos.net\/canarytools\/wp-json\/wp\/v2\/product_tag?post=4491"}],"curies":[{"name":"wp","href":"https:\/\/api.w.org\/{rel}","templated":true}]}}