{"id":4481,"date":"2020-05-10T22:20:38","date_gmt":"2020-05-10T20:20:38","guid":{"rendered":"https:\/\/mantenimientosinformaticos.net\/canarytools\/producto\/juego-22-piezas-para-poleas-de-alternador\/"},"modified":"2020-05-10T22:20:38","modified_gmt":"2020-05-10T20:20:38","slug":"juego-22-piezas-para-poleas-de-alternador","status":"publish","type":"product","link":"https:\/\/mantenimientosinformaticos.net\/canarytools\/producto\/juego-22-piezas-para-poleas-de-alternador\/","title":{"rendered":"REF.:4247.    Juego 22 piezas para poleas de alternador"},"content":{"rendered":"<p><b>contenido de suministro:<\/b><\/p>\n<ul>\n<li>inserto de dientes m\u00faltiples 15 mm, 33 dientes, \u00d817.5 mm<\/li>\n<li>inserto de dientes m\u00faltiples 15 mm, 33 dientes, \u00d819.5 mm<\/li>\n<li>inserci\u00f3n de dientes m\u00faltiples 22 mm, 33 dientes, \u00d819.5 mm<\/li>\n<li>adaptador para llave de polea, 19 mm y 28 mm<\/li>\n<li>adaptador para llave de polea, 22 mm y 28 mm<\/li>\n<li>adaptador de 3 pines, unidad hexagonal externa 38 mm<\/li>\n<li>adaptador de 4 pines, unidad hexagonal externa 17 mm<\/li>\n<li>brocas, longitud 70 mm, hex\u00e1gono de accionamiento 10 mm, hex\u00e1gono 10 mm<\/li>\n<li>brocas, longitud de 75 mm, hex\u00e1gono externo de 10 mm (3\/8&#8243;), conector hexagonal 8 y 10 mm<\/li>\n<li>brocas, longitud 75 mm, hex\u00e1gono externo de accionamiento 10 mm (3\/8&#8243;), dentado interno M8 y M10<\/li>\n<li>brocas, longitud 75 mm, hex\u00e1gono externo de 10 mm (3\/8&#8243;), perfil en T (para Torx) T40 y T50<\/li>\n<li>adaptador de broca con bola de retenci\u00f3n, cuadrado de impulsi\u00f3n 12.5 mm (1\/2&#8243;) &#8211; salida del hex\u00e1gono 10 mm (3\/8&#8243;)<\/li>\n<li>inserto de broca para alternador, unidad hexagonal externa 12 mm, dentado interno (para XZN) M10<\/li>\n<li>inserto de broca, longitud 90 mm, impulsor cuadrado 10 mm (3\/8&#8243;), dentado interno M10, inserto de broca, longitud 110 mm, alojamiento cuadrado de unidad 12.5 mm (1\/2&#8243;), dentado interno M10<\/li>\n<li>inserto de broca, longitud 140 mm, impulsor cuadrado 12.5 mm (1\/2&#8243;), dentado interno M10<\/li>\n<li>inserto de broca, longitud 110 mm, cuadrado de unidad 12.5 mm (1\/2&#8243;), perfil en T (para Torx) T50<\/li>\n<li>inserto especial, unidad hexagonal externa 17 mm<\/li>\n<li>inserto especial, unidad hexagonal externa 21 mm<\/li>\n<li>inserto especial, unidad hexagonal externa 22 mm y 28 mm<\/li>\n<li>incluye adaptador para BMW, Fiat, Ford, Mercedes-Benz, Opel \/ Vauxhall, Porsche, Renault, Toyota, VAG, etc.<\/li>\n<\/ul>\n","protected":false},"excerpt":{"rendered":"<p>juego especial de brocas con llaves combinadas de alternador (tambi\u00e9n para compresores de aire acondicionado) para el montaje y desmontaje de la polea de rueda libre<\/p>\n","protected":false},"featured_media":4480,"comment_status":"open","ping_status":"closed","template":"","meta":[],"product_cat":[491,524],"product_tag":[],"class_list":{"0":"post-4481","1":"product","2":"type-product","3":"status-publish","4":"has-post-thumbnail","6":"product_cat-herramientas-especiales-para-automoviles","7":"product_cat-alternador","9":"first","10":"instock","11":"shipping-taxable","12":"purchasable","13":"product-type-simple"},"yoast_head":"<!-- This site is optimized with the Yoast SEO plugin v22.7 - https:\/\/yoast.com\/wordpress\/plugins\/seo\/ -->\n<title>REF.:4247.  Juego 22 piezas para poleas de alternador - Canarytools S.L.<\/title>\n<meta name=\"robots\" content=\"index, follow, max-snippet:-1, max-image-preview:large, max-video-preview:-1\" \/>\n<link rel=\"canonical\" href=\"https:\/\/mantenimientosinformaticos.net\/canarytools\/producto\/juego-22-piezas-para-poleas-de-alternador\/\" \/>\n<meta property=\"og:locale\" content=\"es_ES\" \/>\n<meta property=\"og:type\" content=\"article\" \/>\n<meta property=\"og:title\" content=\"REF.:4247.  Juego 22 piezas para poleas de alternador - Canarytools S.L.\" \/>\n<meta property=\"og:description\" content=\"juego especial de brocas con llaves combinadas de alternador (tambi\u00e9n para compresores de aire acondicionado) para el montaje y desmontaje de la polea de rueda libre\" \/>\n<meta property=\"og:url\" content=\"https:\/\/mantenimientosinformaticos.net\/canarytools\/producto\/juego-22-piezas-para-poleas-de-alternador\/\" \/>\n<meta property=\"og:site_name\" content=\"Canarytools S.L.\" \/>\n<meta property=\"og:image\" content=\"https:\/\/mantenimientosinformaticos.net\/canarytools\/wp-content\/uploads\/2020\/05\/349-REF.4247.-Juego-22-piezas-para-poleas-de-alternador.jpg\" \/>\n\t<meta property=\"og:image:width\" content=\"450\" \/>\n\t<meta property=\"og:image:height\" content=\"400\" \/>\n\t<meta property=\"og:image:type\" content=\"image\/jpeg\" \/>\n<meta name=\"twitter:card\" content=\"summary_large_image\" \/>\n<meta name=\"twitter:label1\" content=\"Tiempo de lectura\" \/>\n\t<meta name=\"twitter:data1\" content=\"1 minuto\" \/>\n<script type=\"application\/ld+json\" class=\"yoast-schema-graph\">{\"@context\":\"https:\/\/schema.org\",\"@graph\":[{\"@type\":\"WebPage\",\"@id\":\"https:\/\/mantenimientosinformaticos.net\/canarytools\/producto\/juego-22-piezas-para-poleas-de-alternador\/\",\"url\":\"https:\/\/mantenimientosinformaticos.net\/canarytools\/producto\/juego-22-piezas-para-poleas-de-alternador\/\",\"name\":\"REF.:4247. Juego 22 piezas para poleas de alternador - Canarytools S.L.\",\"isPartOf\":{\"@id\":\"https:\/\/mantenimientosinformaticos.net\/canarytools\/#website\"},\"primaryImageOfPage\":{\"@id\":\"https:\/\/mantenimientosinformaticos.net\/canarytools\/producto\/juego-22-piezas-para-poleas-de-alternador\/#primaryimage\"},\"image\":{\"@id\":\"https:\/\/mantenimientosinformaticos.net\/canarytools\/producto\/juego-22-piezas-para-poleas-de-alternador\/#primaryimage\"},\"thumbnailUrl\":\"https:\/\/mantenimientosinformaticos.net\/canarytools\/wp-content\/uploads\/2020\/05\/349-REF.4247.-Juego-22-piezas-para-poleas-de-alternador.jpg\",\"datePublished\":\"2020-05-10T20:20:38+00:00\",\"dateModified\":\"2020-05-10T20:20:38+00:00\",\"breadcrumb\":{\"@id\":\"https:\/\/mantenimientosinformaticos.net\/canarytools\/producto\/juego-22-piezas-para-poleas-de-alternador\/#breadcrumb\"},\"inLanguage\":\"es\",\"potentialAction\":[{\"@type\":\"ReadAction\",\"target\":[\"https:\/\/mantenimientosinformaticos.net\/canarytools\/producto\/juego-22-piezas-para-poleas-de-alternador\/\"]}]},{\"@type\":\"ImageObject\",\"inLanguage\":\"es\",\"@id\":\"https:\/\/mantenimientosinformaticos.net\/canarytools\/producto\/juego-22-piezas-para-poleas-de-alternador\/#primaryimage\",\"url\":\"https:\/\/mantenimientosinformaticos.net\/canarytools\/wp-content\/uploads\/2020\/05\/349-REF.4247.-Juego-22-piezas-para-poleas-de-alternador.jpg\",\"contentUrl\":\"https:\/\/mantenimientosinformaticos.net\/canarytools\/wp-content\/uploads\/2020\/05\/349-REF.4247.-Juego-22-piezas-para-poleas-de-alternador.jpg\",\"width\":450,\"height\":400,\"caption\":\"REF.:4247. Juego 22 piezas para poleas de alternador\"},{\"@type\":\"BreadcrumbList\",\"@id\":\"https:\/\/mantenimientosinformaticos.net\/canarytools\/producto\/juego-22-piezas-para-poleas-de-alternador\/#breadcrumb\",\"itemListElement\":[{\"@type\":\"ListItem\",\"position\":1,\"name\":\"Portada\",\"item\":\"https:\/\/mantenimientosinformaticos.net\/canarytools\/\"},{\"@type\":\"ListItem\",\"position\":2,\"name\":\"Tienda\",\"item\":\"https:\/\/mantenimientosinformaticos.net\/canarytools\/tienda\/\"},{\"@type\":\"ListItem\",\"position\":3,\"name\":\"REF.:4247. Juego 22 piezas para poleas de alternador\"}]},{\"@type\":\"WebSite\",\"@id\":\"https:\/\/mantenimientosinformaticos.net\/canarytools\/#website\",\"url\":\"https:\/\/mantenimientosinformaticos.net\/canarytools\/\",\"name\":\"Canarytools S.L.\",\"description\":\"Herramientas y M\u00e1quinas\",\"publisher\":{\"@id\":\"https:\/\/mantenimientosinformaticos.net\/canarytools\/#\/schema\/person\/355e32754b03bb24b681f1b6917e49bf\"},\"potentialAction\":[{\"@type\":\"SearchAction\",\"target\":{\"@type\":\"EntryPoint\",\"urlTemplate\":\"https:\/\/mantenimientosinformaticos.net\/canarytools\/?s={search_term_string}\"},\"query-input\":\"required name=search_term_string\"}],\"inLanguage\":\"es\"},{\"@type\":[\"Person\",\"Organization\"],\"@id\":\"https:\/\/mantenimientosinformaticos.net\/canarytools\/#\/schema\/person\/355e32754b03bb24b681f1b6917e49bf\",\"name\":\"canarytools.xnetdigital\",\"image\":{\"@type\":\"ImageObject\",\"inLanguage\":\"es\",\"@id\":\"https:\/\/mantenimientosinformaticos.net\/canarytools\/#\/schema\/person\/image\/\",\"url\":\"https:\/\/mantenimientosinformaticos.net\/canarytools\/wp-content\/uploads\/2023\/12\/canary-tools-logo.png\",\"contentUrl\":\"https:\/\/mantenimientosinformaticos.net\/canarytools\/wp-content\/uploads\/2023\/12\/canary-tools-logo.png\",\"width\":1302,\"height\":440,\"caption\":\"canarytools.xnetdigital\"},\"logo\":{\"@id\":\"https:\/\/mantenimientosinformaticos.net\/canarytools\/#\/schema\/person\/image\/\"},\"sameAs\":[\"https:\/\/mantenimientosinformaticos.net\/canarytools\"]}]}<\/script>\n<!-- \/ Yoast SEO plugin. -->","yoast_head_json":{"title":"REF.:4247.  Juego 22 piezas para poleas de alternador - Canarytools S.L.","robots":{"index":"index","follow":"follow","max-snippet":"max-snippet:-1","max-image-preview":"max-image-preview:large","max-video-preview":"max-video-preview:-1"},"canonical":"https:\/\/mantenimientosinformaticos.net\/canarytools\/producto\/juego-22-piezas-para-poleas-de-alternador\/","og_locale":"es_ES","og_type":"article","og_title":"REF.:4247.  Juego 22 piezas para poleas de alternador - Canarytools S.L.","og_description":"juego especial de brocas con llaves combinadas de alternador (tambi\u00e9n para compresores de aire acondicionado) para el montaje y desmontaje de la polea de rueda libre","og_url":"https:\/\/mantenimientosinformaticos.net\/canarytools\/producto\/juego-22-piezas-para-poleas-de-alternador\/","og_site_name":"Canarytools S.L.","og_image":[{"width":450,"height":400,"url":"https:\/\/mantenimientosinformaticos.net\/canarytools\/wp-content\/uploads\/2020\/05\/349-REF.4247.-Juego-22-piezas-para-poleas-de-alternador.jpg","type":"image\/jpeg"}],"twitter_card":"summary_large_image","twitter_misc":{"Tiempo de lectura":"1 minuto"},"schema":{"@context":"https:\/\/schema.org","@graph":[{"@type":"WebPage","@id":"https:\/\/mantenimientosinformaticos.net\/canarytools\/producto\/juego-22-piezas-para-poleas-de-alternador\/","url":"https:\/\/mantenimientosinformaticos.net\/canarytools\/producto\/juego-22-piezas-para-poleas-de-alternador\/","name":"REF.:4247. Juego 22 piezas para poleas de alternador - Canarytools S.L.","isPartOf":{"@id":"https:\/\/mantenimientosinformaticos.net\/canarytools\/#website"},"primaryImageOfPage":{"@id":"https:\/\/mantenimientosinformaticos.net\/canarytools\/producto\/juego-22-piezas-para-poleas-de-alternador\/#primaryimage"},"image":{"@id":"https:\/\/mantenimientosinformaticos.net\/canarytools\/producto\/juego-22-piezas-para-poleas-de-alternador\/#primaryimage"},"thumbnailUrl":"https:\/\/mantenimientosinformaticos.net\/canarytools\/wp-content\/uploads\/2020\/05\/349-REF.4247.-Juego-22-piezas-para-poleas-de-alternador.jpg","datePublished":"2020-05-10T20:20:38+00:00","dateModified":"2020-05-10T20:20:38+00:00","breadcrumb":{"@id":"https:\/\/mantenimientosinformaticos.net\/canarytools\/producto\/juego-22-piezas-para-poleas-de-alternador\/#breadcrumb"},"inLanguage":"es","potentialAction":[{"@type":"ReadAction","target":["https:\/\/mantenimientosinformaticos.net\/canarytools\/producto\/juego-22-piezas-para-poleas-de-alternador\/"]}]},{"@type":"ImageObject","inLanguage":"es","@id":"https:\/\/mantenimientosinformaticos.net\/canarytools\/producto\/juego-22-piezas-para-poleas-de-alternador\/#primaryimage","url":"https:\/\/mantenimientosinformaticos.net\/canarytools\/wp-content\/uploads\/2020\/05\/349-REF.4247.-Juego-22-piezas-para-poleas-de-alternador.jpg","contentUrl":"https:\/\/mantenimientosinformaticos.net\/canarytools\/wp-content\/uploads\/2020\/05\/349-REF.4247.-Juego-22-piezas-para-poleas-de-alternador.jpg","width":450,"height":400,"caption":"REF.:4247. Juego 22 piezas para poleas de alternador"},{"@type":"BreadcrumbList","@id":"https:\/\/mantenimientosinformaticos.net\/canarytools\/producto\/juego-22-piezas-para-poleas-de-alternador\/#breadcrumb","itemListElement":[{"@type":"ListItem","position":1,"name":"Portada","item":"https:\/\/mantenimientosinformaticos.net\/canarytools\/"},{"@type":"ListItem","position":2,"name":"Tienda","item":"https:\/\/mantenimientosinformaticos.net\/canarytools\/tienda\/"},{"@type":"ListItem","position":3,"name":"REF.:4247. Juego 22 piezas para poleas de alternador"}]},{"@type":"WebSite","@id":"https:\/\/mantenimientosinformaticos.net\/canarytools\/#website","url":"https:\/\/mantenimientosinformaticos.net\/canarytools\/","name":"Canarytools S.L.","description":"Herramientas y M\u00e1quinas","publisher":{"@id":"https:\/\/mantenimientosinformaticos.net\/canarytools\/#\/schema\/person\/355e32754b03bb24b681f1b6917e49bf"},"potentialAction":[{"@type":"SearchAction","target":{"@type":"EntryPoint","urlTemplate":"https:\/\/mantenimientosinformaticos.net\/canarytools\/?s={search_term_string}"},"query-input":"required name=search_term_string"}],"inLanguage":"es"},{"@type":["Person","Organization"],"@id":"https:\/\/mantenimientosinformaticos.net\/canarytools\/#\/schema\/person\/355e32754b03bb24b681f1b6917e49bf","name":"canarytools.xnetdigital","image":{"@type":"ImageObject","inLanguage":"es","@id":"https:\/\/mantenimientosinformaticos.net\/canarytools\/#\/schema\/person\/image\/","url":"https:\/\/mantenimientosinformaticos.net\/canarytools\/wp-content\/uploads\/2023\/12\/canary-tools-logo.png","contentUrl":"https:\/\/mantenimientosinformaticos.net\/canarytools\/wp-content\/uploads\/2023\/12\/canary-tools-logo.png","width":1302,"height":440,"caption":"canarytools.xnetdigital"},"logo":{"@id":"https:\/\/mantenimientosinformaticos.net\/canarytools\/#\/schema\/person\/image\/"},"sameAs":["https:\/\/mantenimientosinformaticos.net\/canarytools"]}]}},"_links":{"self":[{"href":"https:\/\/mantenimientosinformaticos.net\/canarytools\/wp-json\/wp\/v2\/product\/4481","targetHints":{"allow":["GET"]}}],"collection":[{"href":"https:\/\/mantenimientosinformaticos.net\/canarytools\/wp-json\/wp\/v2\/product"}],"about":[{"href":"https:\/\/mantenimientosinformaticos.net\/canarytools\/wp-json\/wp\/v2\/types\/product"}],"replies":[{"embeddable":true,"href":"https:\/\/mantenimientosinformaticos.net\/canarytools\/wp-json\/wp\/v2\/comments?post=4481"}],"wp:featuredmedia":[{"embeddable":true,"href":"https:\/\/mantenimientosinformaticos.net\/canarytools\/wp-json\/wp\/v2\/media\/4480"}],"wp:attachment":[{"href":"https:\/\/mantenimientosinformaticos.net\/canarytools\/wp-json\/wp\/v2\/media?parent=4481"}],"wp:term":[{"taxonomy":"product_cat","embeddable":true,"href":"https:\/\/mantenimientosinformaticos.net\/canarytools\/wp-json\/wp\/v2\/product_cat?post=4481"},{"taxonomy":"product_tag","embeddable":true,"href":"https:\/\/mantenimientosinformaticos.net\/canarytools\/wp-json\/wp\/v2\/product_tag?post=4481"}],"curies":[{"name":"wp","href":"https:\/\/api.w.org\/{rel}","templated":true}]}}