{"id":4469,"date":"2020-05-10T21:45:23","date_gmt":"2020-05-10T19:45:23","guid":{"rendered":"https:\/\/mantenimientosinformaticos.net\/canarytools\/producto\/test-parala-comprobacion-de-presiones-en-turbos\/"},"modified":"2020-05-10T21:45:23","modified_gmt":"2020-05-10T19:45:23","slug":"test-parala-comprobacion-de-presiones-en-turbos","status":"publish","type":"product","link":"https:\/\/mantenimientosinformaticos.net\/canarytools\/producto\/test-parala-comprobacion-de-presiones-en-turbos\/","title":{"rendered":"REF.:9069   Test parala comprobaci\u00f3n de presiones en turbos"},"content":{"rendered":"","protected":false},"excerpt":{"rendered":"<ul>\n<li>para probar bombas mec\u00e1nicas de combustible, tuber\u00edas de combustible y para comprobar fugas en v\u00e1lvulas de mariposa, colectores de admisi\u00f3n, mangueras de vac\u00edo, etc.<\/li>\n<li>man\u00f3metro de presi\u00f3n\/vac\u00edo con gancho de suspensi\u00f3n y protecci\u00f3n antigolpes de goma, \u00d8 89 mm<\/li>\n<li>incluye manguera flexible y adaptador<\/li>\n<li>rango de medici\u00f3n de vac\u00edo 0 &#8211; 28 in HG (0 &#8211; 70 cm HG)<\/li>\n<li>rango de medici\u00f3n de presi\u00f3n 0 &#8211; 0.7 kg\/cm\u00b2 (0 &#8211; 10 psig)<\/li>\n<\/ul>\n","protected":false},"featured_media":4468,"comment_status":"open","ping_status":"closed","template":"","meta":[],"product_cat":[619,491],"product_tag":[],"class_list":{"0":"post-4469","1":"product","2":"type-product","3":"status-publish","4":"has-post-thumbnail","6":"product_cat-comprobador-de-fugas-de-sistemas-turbo","7":"product_cat-herramientas-especiales-para-automoviles","9":"first","10":"instock","11":"shipping-taxable","12":"purchasable","13":"product-type-simple"},"yoast_head":"<!-- This site is optimized with the Yoast SEO plugin v22.7 - https:\/\/yoast.com\/wordpress\/plugins\/seo\/ -->\n<title>REF.:9069  Test parala comprobaci\u00f3n de presiones en turbos - Canarytools S.L.<\/title>\n<meta name=\"robots\" content=\"index, follow, max-snippet:-1, max-image-preview:large, max-video-preview:-1\" \/>\n<link rel=\"canonical\" href=\"https:\/\/mantenimientosinformaticos.net\/canarytools\/producto\/test-parala-comprobacion-de-presiones-en-turbos\/\" \/>\n<meta property=\"og:locale\" content=\"es_ES\" \/>\n<meta property=\"og:type\" content=\"article\" \/>\n<meta property=\"og:title\" content=\"REF.:9069  Test parala comprobaci\u00f3n de presiones en turbos - Canarytools S.L.\" \/>\n<meta property=\"og:description\" content=\"para probar bombas mec\u00e1nicas de combustible, tuber\u00edas de combustible y para comprobar fugas en v\u00e1lvulas de mariposa, colectores de admisi\u00f3n, mangueras de vac\u00edo, etc. man\u00f3metro de presi\u00f3n\/vac\u00edo con gancho de suspensi\u00f3n y protecci\u00f3n antigolpes de goma, \u00d8 89 mm incluye manguera flexible y adaptador rango de medici\u00f3n de vac\u00edo 0 - 28 in HG (0 - 70 cm HG) rango de medici\u00f3n de presi\u00f3n 0 - 0.7 kg\/cm\u00b2 (0 - 10 psig)\" \/>\n<meta property=\"og:url\" content=\"https:\/\/mantenimientosinformaticos.net\/canarytools\/producto\/test-parala-comprobacion-de-presiones-en-turbos\/\" \/>\n<meta property=\"og:site_name\" content=\"Canarytools S.L.\" \/>\n<meta property=\"og:image\" content=\"https:\/\/mantenimientosinformaticos.net\/canarytools\/wp-content\/uploads\/2020\/05\/341-REF.9069-Test-parala-comprobacion-de-presiones-en-turbos.jpg\" \/>\n\t<meta property=\"og:image:width\" content=\"450\" \/>\n\t<meta property=\"og:image:height\" content=\"329\" \/>\n\t<meta property=\"og:image:type\" content=\"image\/jpeg\" \/>\n<meta name=\"twitter:card\" content=\"summary_large_image\" \/>\n<script type=\"application\/ld+json\" class=\"yoast-schema-graph\">{\"@context\":\"https:\/\/schema.org\",\"@graph\":[{\"@type\":\"WebPage\",\"@id\":\"https:\/\/mantenimientosinformaticos.net\/canarytools\/producto\/test-parala-comprobacion-de-presiones-en-turbos\/\",\"url\":\"https:\/\/mantenimientosinformaticos.net\/canarytools\/producto\/test-parala-comprobacion-de-presiones-en-turbos\/\",\"name\":\"REF.:9069 Test parala comprobaci\u00f3n de presiones en turbos - Canarytools S.L.\",\"isPartOf\":{\"@id\":\"https:\/\/mantenimientosinformaticos.net\/canarytools\/#website\"},\"primaryImageOfPage\":{\"@id\":\"https:\/\/mantenimientosinformaticos.net\/canarytools\/producto\/test-parala-comprobacion-de-presiones-en-turbos\/#primaryimage\"},\"image\":{\"@id\":\"https:\/\/mantenimientosinformaticos.net\/canarytools\/producto\/test-parala-comprobacion-de-presiones-en-turbos\/#primaryimage\"},\"thumbnailUrl\":\"https:\/\/mantenimientosinformaticos.net\/canarytools\/wp-content\/uploads\/2020\/05\/341-REF.9069-Test-parala-comprobacion-de-presiones-en-turbos.jpg\",\"datePublished\":\"2020-05-10T19:45:23+00:00\",\"dateModified\":\"2020-05-10T19:45:23+00:00\",\"breadcrumb\":{\"@id\":\"https:\/\/mantenimientosinformaticos.net\/canarytools\/producto\/test-parala-comprobacion-de-presiones-en-turbos\/#breadcrumb\"},\"inLanguage\":\"es\",\"potentialAction\":[{\"@type\":\"ReadAction\",\"target\":[\"https:\/\/mantenimientosinformaticos.net\/canarytools\/producto\/test-parala-comprobacion-de-presiones-en-turbos\/\"]}]},{\"@type\":\"ImageObject\",\"inLanguage\":\"es\",\"@id\":\"https:\/\/mantenimientosinformaticos.net\/canarytools\/producto\/test-parala-comprobacion-de-presiones-en-turbos\/#primaryimage\",\"url\":\"https:\/\/mantenimientosinformaticos.net\/canarytools\/wp-content\/uploads\/2020\/05\/341-REF.9069-Test-parala-comprobacion-de-presiones-en-turbos.jpg\",\"contentUrl\":\"https:\/\/mantenimientosinformaticos.net\/canarytools\/wp-content\/uploads\/2020\/05\/341-REF.9069-Test-parala-comprobacion-de-presiones-en-turbos.jpg\",\"width\":450,\"height\":329,\"caption\":\"REF.:9069 Test parala comprobaci\u00f3n de presiones en turbos\"},{\"@type\":\"BreadcrumbList\",\"@id\":\"https:\/\/mantenimientosinformaticos.net\/canarytools\/producto\/test-parala-comprobacion-de-presiones-en-turbos\/#breadcrumb\",\"itemListElement\":[{\"@type\":\"ListItem\",\"position\":1,\"name\":\"Portada\",\"item\":\"https:\/\/mantenimientosinformaticos.net\/canarytools\/\"},{\"@type\":\"ListItem\",\"position\":2,\"name\":\"Tienda\",\"item\":\"https:\/\/mantenimientosinformaticos.net\/canarytools\/tienda\/\"},{\"@type\":\"ListItem\",\"position\":3,\"name\":\"REF.:9069 Test parala comprobaci\u00f3n de presiones en turbos\"}]},{\"@type\":\"WebSite\",\"@id\":\"https:\/\/mantenimientosinformaticos.net\/canarytools\/#website\",\"url\":\"https:\/\/mantenimientosinformaticos.net\/canarytools\/\",\"name\":\"Canarytools S.L.\",\"description\":\"Herramientas y M\u00e1quinas\",\"publisher\":{\"@id\":\"https:\/\/mantenimientosinformaticos.net\/canarytools\/#\/schema\/person\/355e32754b03bb24b681f1b6917e49bf\"},\"potentialAction\":[{\"@type\":\"SearchAction\",\"target\":{\"@type\":\"EntryPoint\",\"urlTemplate\":\"https:\/\/mantenimientosinformaticos.net\/canarytools\/?s={search_term_string}\"},\"query-input\":\"required name=search_term_string\"}],\"inLanguage\":\"es\"},{\"@type\":[\"Person\",\"Organization\"],\"@id\":\"https:\/\/mantenimientosinformaticos.net\/canarytools\/#\/schema\/person\/355e32754b03bb24b681f1b6917e49bf\",\"name\":\"canarytools.xnetdigital\",\"image\":{\"@type\":\"ImageObject\",\"inLanguage\":\"es\",\"@id\":\"https:\/\/mantenimientosinformaticos.net\/canarytools\/#\/schema\/person\/image\/\",\"url\":\"https:\/\/mantenimientosinformaticos.net\/canarytools\/wp-content\/uploads\/2023\/12\/canary-tools-logo.png\",\"contentUrl\":\"https:\/\/mantenimientosinformaticos.net\/canarytools\/wp-content\/uploads\/2023\/12\/canary-tools-logo.png\",\"width\":1302,\"height\":440,\"caption\":\"canarytools.xnetdigital\"},\"logo\":{\"@id\":\"https:\/\/mantenimientosinformaticos.net\/canarytools\/#\/schema\/person\/image\/\"},\"sameAs\":[\"https:\/\/mantenimientosinformaticos.net\/canarytools\"]}]}<\/script>\n<!-- \/ Yoast SEO plugin. -->","yoast_head_json":{"title":"REF.:9069  Test parala comprobaci\u00f3n de presiones en turbos - Canarytools S.L.","robots":{"index":"index","follow":"follow","max-snippet":"max-snippet:-1","max-image-preview":"max-image-preview:large","max-video-preview":"max-video-preview:-1"},"canonical":"https:\/\/mantenimientosinformaticos.net\/canarytools\/producto\/test-parala-comprobacion-de-presiones-en-turbos\/","og_locale":"es_ES","og_type":"article","og_title":"REF.:9069  Test parala comprobaci\u00f3n de presiones en turbos - Canarytools S.L.","og_description":"para probar bombas mec\u00e1nicas de combustible, tuber\u00edas de combustible y para comprobar fugas en v\u00e1lvulas de mariposa, colectores de admisi\u00f3n, mangueras de vac\u00edo, etc. man\u00f3metro de presi\u00f3n\/vac\u00edo con gancho de suspensi\u00f3n y protecci\u00f3n antigolpes de goma, \u00d8 89 mm incluye manguera flexible y adaptador rango de medici\u00f3n de vac\u00edo 0 - 28 in HG (0 - 70 cm HG) rango de medici\u00f3n de presi\u00f3n 0 - 0.7 kg\/cm\u00b2 (0 - 10 psig)","og_url":"https:\/\/mantenimientosinformaticos.net\/canarytools\/producto\/test-parala-comprobacion-de-presiones-en-turbos\/","og_site_name":"Canarytools S.L.","og_image":[{"width":450,"height":329,"url":"https:\/\/mantenimientosinformaticos.net\/canarytools\/wp-content\/uploads\/2020\/05\/341-REF.9069-Test-parala-comprobacion-de-presiones-en-turbos.jpg","type":"image\/jpeg"}],"twitter_card":"summary_large_image","schema":{"@context":"https:\/\/schema.org","@graph":[{"@type":"WebPage","@id":"https:\/\/mantenimientosinformaticos.net\/canarytools\/producto\/test-parala-comprobacion-de-presiones-en-turbos\/","url":"https:\/\/mantenimientosinformaticos.net\/canarytools\/producto\/test-parala-comprobacion-de-presiones-en-turbos\/","name":"REF.:9069 Test parala comprobaci\u00f3n de presiones en turbos - Canarytools S.L.","isPartOf":{"@id":"https:\/\/mantenimientosinformaticos.net\/canarytools\/#website"},"primaryImageOfPage":{"@id":"https:\/\/mantenimientosinformaticos.net\/canarytools\/producto\/test-parala-comprobacion-de-presiones-en-turbos\/#primaryimage"},"image":{"@id":"https:\/\/mantenimientosinformaticos.net\/canarytools\/producto\/test-parala-comprobacion-de-presiones-en-turbos\/#primaryimage"},"thumbnailUrl":"https:\/\/mantenimientosinformaticos.net\/canarytools\/wp-content\/uploads\/2020\/05\/341-REF.9069-Test-parala-comprobacion-de-presiones-en-turbos.jpg","datePublished":"2020-05-10T19:45:23+00:00","dateModified":"2020-05-10T19:45:23+00:00","breadcrumb":{"@id":"https:\/\/mantenimientosinformaticos.net\/canarytools\/producto\/test-parala-comprobacion-de-presiones-en-turbos\/#breadcrumb"},"inLanguage":"es","potentialAction":[{"@type":"ReadAction","target":["https:\/\/mantenimientosinformaticos.net\/canarytools\/producto\/test-parala-comprobacion-de-presiones-en-turbos\/"]}]},{"@type":"ImageObject","inLanguage":"es","@id":"https:\/\/mantenimientosinformaticos.net\/canarytools\/producto\/test-parala-comprobacion-de-presiones-en-turbos\/#primaryimage","url":"https:\/\/mantenimientosinformaticos.net\/canarytools\/wp-content\/uploads\/2020\/05\/341-REF.9069-Test-parala-comprobacion-de-presiones-en-turbos.jpg","contentUrl":"https:\/\/mantenimientosinformaticos.net\/canarytools\/wp-content\/uploads\/2020\/05\/341-REF.9069-Test-parala-comprobacion-de-presiones-en-turbos.jpg","width":450,"height":329,"caption":"REF.:9069 Test parala comprobaci\u00f3n de presiones en turbos"},{"@type":"BreadcrumbList","@id":"https:\/\/mantenimientosinformaticos.net\/canarytools\/producto\/test-parala-comprobacion-de-presiones-en-turbos\/#breadcrumb","itemListElement":[{"@type":"ListItem","position":1,"name":"Portada","item":"https:\/\/mantenimientosinformaticos.net\/canarytools\/"},{"@type":"ListItem","position":2,"name":"Tienda","item":"https:\/\/mantenimientosinformaticos.net\/canarytools\/tienda\/"},{"@type":"ListItem","position":3,"name":"REF.:9069 Test parala comprobaci\u00f3n de presiones en turbos"}]},{"@type":"WebSite","@id":"https:\/\/mantenimientosinformaticos.net\/canarytools\/#website","url":"https:\/\/mantenimientosinformaticos.net\/canarytools\/","name":"Canarytools S.L.","description":"Herramientas y M\u00e1quinas","publisher":{"@id":"https:\/\/mantenimientosinformaticos.net\/canarytools\/#\/schema\/person\/355e32754b03bb24b681f1b6917e49bf"},"potentialAction":[{"@type":"SearchAction","target":{"@type":"EntryPoint","urlTemplate":"https:\/\/mantenimientosinformaticos.net\/canarytools\/?s={search_term_string}"},"query-input":"required name=search_term_string"}],"inLanguage":"es"},{"@type":["Person","Organization"],"@id":"https:\/\/mantenimientosinformaticos.net\/canarytools\/#\/schema\/person\/355e32754b03bb24b681f1b6917e49bf","name":"canarytools.xnetdigital","image":{"@type":"ImageObject","inLanguage":"es","@id":"https:\/\/mantenimientosinformaticos.net\/canarytools\/#\/schema\/person\/image\/","url":"https:\/\/mantenimientosinformaticos.net\/canarytools\/wp-content\/uploads\/2023\/12\/canary-tools-logo.png","contentUrl":"https:\/\/mantenimientosinformaticos.net\/canarytools\/wp-content\/uploads\/2023\/12\/canary-tools-logo.png","width":1302,"height":440,"caption":"canarytools.xnetdigital"},"logo":{"@id":"https:\/\/mantenimientosinformaticos.net\/canarytools\/#\/schema\/person\/image\/"},"sameAs":["https:\/\/mantenimientosinformaticos.net\/canarytools"]}]}},"_links":{"self":[{"href":"https:\/\/mantenimientosinformaticos.net\/canarytools\/wp-json\/wp\/v2\/product\/4469","targetHints":{"allow":["GET"]}}],"collection":[{"href":"https:\/\/mantenimientosinformaticos.net\/canarytools\/wp-json\/wp\/v2\/product"}],"about":[{"href":"https:\/\/mantenimientosinformaticos.net\/canarytools\/wp-json\/wp\/v2\/types\/product"}],"replies":[{"embeddable":true,"href":"https:\/\/mantenimientosinformaticos.net\/canarytools\/wp-json\/wp\/v2\/comments?post=4469"}],"wp:featuredmedia":[{"embeddable":true,"href":"https:\/\/mantenimientosinformaticos.net\/canarytools\/wp-json\/wp\/v2\/media\/4468"}],"wp:attachment":[{"href":"https:\/\/mantenimientosinformaticos.net\/canarytools\/wp-json\/wp\/v2\/media?parent=4469"}],"wp:term":[{"taxonomy":"product_cat","embeddable":true,"href":"https:\/\/mantenimientosinformaticos.net\/canarytools\/wp-json\/wp\/v2\/product_cat?post=4469"},{"taxonomy":"product_tag","embeddable":true,"href":"https:\/\/mantenimientosinformaticos.net\/canarytools\/wp-json\/wp\/v2\/product_tag?post=4469"}],"curies":[{"name":"wp","href":"https:\/\/api.w.org\/{rel}","templated":true}]}}