{"id":4431,"date":"2020-05-10T19:37:09","date_gmt":"2020-05-10T17:37:09","guid":{"rendered":"https:\/\/mantenimientosinformaticos.net\/canarytools\/producto\/juego-de-purgado-cebado-diesel-para-ford-psa-opel-fiat-rover-land-rover-renault-mercedes-benz-12-piezas\/"},"modified":"2020-05-10T19:37:09","modified_gmt":"2020-05-10T17:37:09","slug":"juego-de-purgado-cebado-diesel-para-ford-psa-opel-fiat-rover-land-rover-renault-mercedes-benz-12-piezas","status":"publish","type":"product","link":"https:\/\/mantenimientosinformaticos.net\/canarytools\/producto\/juego-de-purgado-cebado-diesel-para-ford-psa-opel-fiat-rover-land-rover-renault-mercedes-benz-12-piezas\/","title":{"rendered":"Juego de purgado \/ cebado di\u00e9sel para Ford, PSA, Opel, Fiat, Rover, Land Rover, Renault, Mercedes-Benz 12 piezas"},"content":{"rendered":"","protected":false},"excerpt":{"rendered":"<div class=\"productDescriptionContent\">para el purgado del lado de baja presi\u00f3n en sistemas de combustible di\u00e9sel<br \/>es necesario al cambiar los filtros di\u00e9sel, bombas de alta presi\u00f3n y otros componentes del sistema de inyecci\u00f3n di\u00e9sel<br \/>previene defectos en las bombas de alta presi\u00f3n (CDI), que por ej. pueden producirse al cambiar los filtros sin llenado manual<br \/>incluye 6 mangueras adaptadoras diferentes y bomba de mano con v\u00e1lvula<br \/>adecuado para veh\u00edculos de los siguientes fabricantes: Ford, PSA, Opel, Fiat, Rover, Land Rover, Renault, Mercedes-Benz<\/div>\n","protected":false},"featured_media":4430,"comment_status":"open","ping_status":"closed","template":"","meta":[],"product_cat":[591,491,520],"product_tag":[],"class_list":{"0":"post-4431","1":"product","2":"type-product","3":"status-publish","4":"has-post-thumbnail","6":"product_cat-vaciado-llenado","7":"product_cat-herramientas-especiales-para-automoviles","8":"product_cat-servicio-de-aceite","10":"first","11":"instock","12":"shipping-taxable","13":"purchasable","14":"product-type-simple"},"yoast_head":"<!-- This site is optimized with the Yoast SEO plugin v22.7 - https:\/\/yoast.com\/wordpress\/plugins\/seo\/ -->\n<title>Juego de purgado \/ cebado di\u00e9sel para Ford, PSA, Opel, Fiat, Rover, Land Rover, Renault, Mercedes-Benz 12 piezas - Canarytools S.L.<\/title>\n<meta name=\"robots\" content=\"index, follow, max-snippet:-1, max-image-preview:large, max-video-preview:-1\" \/>\n<link rel=\"canonical\" href=\"https:\/\/mantenimientosinformaticos.net\/canarytools\/producto\/juego-de-purgado-cebado-diesel-para-ford-psa-opel-fiat-rover-land-rover-renault-mercedes-benz-12-piezas\/\" \/>\n<meta property=\"og:locale\" content=\"es_ES\" \/>\n<meta property=\"og:type\" content=\"article\" \/>\n<meta property=\"og:title\" content=\"Juego de purgado \/ cebado di\u00e9sel para Ford, PSA, Opel, Fiat, Rover, Land Rover, Renault, Mercedes-Benz 12 piezas - Canarytools S.L.\" \/>\n<meta property=\"og:description\" content=\"para el purgado del lado de baja presi\u00f3n en sistemas de combustible di\u00e9seles necesario al cambiar los filtros di\u00e9sel, bombas de alta presi\u00f3n y otros componentes del sistema de inyecci\u00f3n di\u00e9selpreviene defectos en las bombas de alta presi\u00f3n (CDI), que por ej. pueden producirse al cambiar los filtros sin llenado manualincluye 6 mangueras adaptadoras diferentes y bomba de mano con v\u00e1lvulaadecuado para veh\u00edculos de los siguientes fabricantes: Ford, PSA, Opel, Fiat, Rover, Land Rover, Renault, Mercedes-Benz\" \/>\n<meta property=\"og:url\" content=\"https:\/\/mantenimientosinformaticos.net\/canarytools\/producto\/juego-de-purgado-cebado-diesel-para-ford-psa-opel-fiat-rover-land-rover-renault-mercedes-benz-12-piezas\/\" \/>\n<meta property=\"og:site_name\" content=\"Canarytools S.L.\" \/>\n<meta property=\"og:image\" content=\"https:\/\/mantenimientosinformaticos.net\/canarytools\/wp-content\/uploads\/2020\/05\/322-Juego-de-purgado-cebado-diesel-para-Ford-PSA-Opel-Fiat-Rover-Land-Rover-Renault-Mercedes-Benz-12-piezas.jpg\" \/>\n\t<meta property=\"og:image:width\" content=\"450\" \/>\n\t<meta property=\"og:image:height\" content=\"400\" \/>\n\t<meta property=\"og:image:type\" content=\"image\/jpeg\" \/>\n<meta name=\"twitter:card\" content=\"summary_large_image\" \/>\n<script type=\"application\/ld+json\" class=\"yoast-schema-graph\">{\"@context\":\"https:\/\/schema.org\",\"@graph\":[{\"@type\":\"WebPage\",\"@id\":\"https:\/\/mantenimientosinformaticos.net\/canarytools\/producto\/juego-de-purgado-cebado-diesel-para-ford-psa-opel-fiat-rover-land-rover-renault-mercedes-benz-12-piezas\/\",\"url\":\"https:\/\/mantenimientosinformaticos.net\/canarytools\/producto\/juego-de-purgado-cebado-diesel-para-ford-psa-opel-fiat-rover-land-rover-renault-mercedes-benz-12-piezas\/\",\"name\":\"Juego de purgado \/ cebado di\u00e9sel para Ford, PSA, Opel, Fiat, Rover, Land Rover, Renault, Mercedes-Benz 12 piezas - Canarytools S.L.\",\"isPartOf\":{\"@id\":\"https:\/\/mantenimientosinformaticos.net\/canarytools\/#website\"},\"primaryImageOfPage\":{\"@id\":\"https:\/\/mantenimientosinformaticos.net\/canarytools\/producto\/juego-de-purgado-cebado-diesel-para-ford-psa-opel-fiat-rover-land-rover-renault-mercedes-benz-12-piezas\/#primaryimage\"},\"image\":{\"@id\":\"https:\/\/mantenimientosinformaticos.net\/canarytools\/producto\/juego-de-purgado-cebado-diesel-para-ford-psa-opel-fiat-rover-land-rover-renault-mercedes-benz-12-piezas\/#primaryimage\"},\"thumbnailUrl\":\"https:\/\/mantenimientosinformaticos.net\/canarytools\/wp-content\/uploads\/2020\/05\/322-Juego-de-purgado-cebado-diesel-para-Ford-PSA-Opel-Fiat-Rover-Land-Rover-Renault-Mercedes-Benz-12-piezas.jpg\",\"datePublished\":\"2020-05-10T17:37:09+00:00\",\"dateModified\":\"2020-05-10T17:37:09+00:00\",\"breadcrumb\":{\"@id\":\"https:\/\/mantenimientosinformaticos.net\/canarytools\/producto\/juego-de-purgado-cebado-diesel-para-ford-psa-opel-fiat-rover-land-rover-renault-mercedes-benz-12-piezas\/#breadcrumb\"},\"inLanguage\":\"es\",\"potentialAction\":[{\"@type\":\"ReadAction\",\"target\":[\"https:\/\/mantenimientosinformaticos.net\/canarytools\/producto\/juego-de-purgado-cebado-diesel-para-ford-psa-opel-fiat-rover-land-rover-renault-mercedes-benz-12-piezas\/\"]}]},{\"@type\":\"ImageObject\",\"inLanguage\":\"es\",\"@id\":\"https:\/\/mantenimientosinformaticos.net\/canarytools\/producto\/juego-de-purgado-cebado-diesel-para-ford-psa-opel-fiat-rover-land-rover-renault-mercedes-benz-12-piezas\/#primaryimage\",\"url\":\"https:\/\/mantenimientosinformaticos.net\/canarytools\/wp-content\/uploads\/2020\/05\/322-Juego-de-purgado-cebado-diesel-para-Ford-PSA-Opel-Fiat-Rover-Land-Rover-Renault-Mercedes-Benz-12-piezas.jpg\",\"contentUrl\":\"https:\/\/mantenimientosinformaticos.net\/canarytools\/wp-content\/uploads\/2020\/05\/322-Juego-de-purgado-cebado-diesel-para-Ford-PSA-Opel-Fiat-Rover-Land-Rover-Renault-Mercedes-Benz-12-piezas.jpg\",\"width\":450,\"height\":400,\"caption\":\"Juego de purgado \/ cebado di\u00e9sel para Ford, PSA, Opel, Fiat, Rover, Land Rover, Renault, Mercedes-Benz 12 piezas\"},{\"@type\":\"BreadcrumbList\",\"@id\":\"https:\/\/mantenimientosinformaticos.net\/canarytools\/producto\/juego-de-purgado-cebado-diesel-para-ford-psa-opel-fiat-rover-land-rover-renault-mercedes-benz-12-piezas\/#breadcrumb\",\"itemListElement\":[{\"@type\":\"ListItem\",\"position\":1,\"name\":\"Portada\",\"item\":\"https:\/\/mantenimientosinformaticos.net\/canarytools\/\"},{\"@type\":\"ListItem\",\"position\":2,\"name\":\"Tienda\",\"item\":\"https:\/\/mantenimientosinformaticos.net\/canarytools\/tienda\/\"},{\"@type\":\"ListItem\",\"position\":3,\"name\":\"Juego de purgado \/ cebado di\u00e9sel para Ford, PSA, Opel, Fiat, Rover, Land Rover, Renault, Mercedes-Benz 12 piezas\"}]},{\"@type\":\"WebSite\",\"@id\":\"https:\/\/mantenimientosinformaticos.net\/canarytools\/#website\",\"url\":\"https:\/\/mantenimientosinformaticos.net\/canarytools\/\",\"name\":\"Canarytools S.L.\",\"description\":\"Herramientas y M\u00e1quinas\",\"publisher\":{\"@id\":\"https:\/\/mantenimientosinformaticos.net\/canarytools\/#\/schema\/person\/355e32754b03bb24b681f1b6917e49bf\"},\"potentialAction\":[{\"@type\":\"SearchAction\",\"target\":{\"@type\":\"EntryPoint\",\"urlTemplate\":\"https:\/\/mantenimientosinformaticos.net\/canarytools\/?s={search_term_string}\"},\"query-input\":\"required name=search_term_string\"}],\"inLanguage\":\"es\"},{\"@type\":[\"Person\",\"Organization\"],\"@id\":\"https:\/\/mantenimientosinformaticos.net\/canarytools\/#\/schema\/person\/355e32754b03bb24b681f1b6917e49bf\",\"name\":\"canarytools.xnetdigital\",\"image\":{\"@type\":\"ImageObject\",\"inLanguage\":\"es\",\"@id\":\"https:\/\/mantenimientosinformaticos.net\/canarytools\/#\/schema\/person\/image\/\",\"url\":\"https:\/\/mantenimientosinformaticos.net\/canarytools\/wp-content\/uploads\/2023\/12\/canary-tools-logo.png\",\"contentUrl\":\"https:\/\/mantenimientosinformaticos.net\/canarytools\/wp-content\/uploads\/2023\/12\/canary-tools-logo.png\",\"width\":1302,\"height\":440,\"caption\":\"canarytools.xnetdigital\"},\"logo\":{\"@id\":\"https:\/\/mantenimientosinformaticos.net\/canarytools\/#\/schema\/person\/image\/\"},\"sameAs\":[\"https:\/\/mantenimientosinformaticos.net\/canarytools\"]}]}<\/script>\n<!-- \/ Yoast SEO plugin. -->","yoast_head_json":{"title":"Juego de purgado \/ cebado di\u00e9sel para Ford, PSA, Opel, Fiat, Rover, Land Rover, Renault, Mercedes-Benz 12 piezas - Canarytools S.L.","robots":{"index":"index","follow":"follow","max-snippet":"max-snippet:-1","max-image-preview":"max-image-preview:large","max-video-preview":"max-video-preview:-1"},"canonical":"https:\/\/mantenimientosinformaticos.net\/canarytools\/producto\/juego-de-purgado-cebado-diesel-para-ford-psa-opel-fiat-rover-land-rover-renault-mercedes-benz-12-piezas\/","og_locale":"es_ES","og_type":"article","og_title":"Juego de purgado \/ cebado di\u00e9sel para Ford, PSA, Opel, Fiat, Rover, Land Rover, Renault, Mercedes-Benz 12 piezas - Canarytools S.L.","og_description":"para el purgado del lado de baja presi\u00f3n en sistemas de combustible di\u00e9seles necesario al cambiar los filtros di\u00e9sel, bombas de alta presi\u00f3n y otros componentes del sistema de inyecci\u00f3n di\u00e9selpreviene defectos en las bombas de alta presi\u00f3n (CDI), que por ej. pueden producirse al cambiar los filtros sin llenado manualincluye 6 mangueras adaptadoras diferentes y bomba de mano con v\u00e1lvulaadecuado para veh\u00edculos de los siguientes fabricantes: Ford, PSA, Opel, Fiat, Rover, Land Rover, Renault, Mercedes-Benz","og_url":"https:\/\/mantenimientosinformaticos.net\/canarytools\/producto\/juego-de-purgado-cebado-diesel-para-ford-psa-opel-fiat-rover-land-rover-renault-mercedes-benz-12-piezas\/","og_site_name":"Canarytools S.L.","og_image":[{"width":450,"height":400,"url":"https:\/\/mantenimientosinformaticos.net\/canarytools\/wp-content\/uploads\/2020\/05\/322-Juego-de-purgado-cebado-diesel-para-Ford-PSA-Opel-Fiat-Rover-Land-Rover-Renault-Mercedes-Benz-12-piezas.jpg","type":"image\/jpeg"}],"twitter_card":"summary_large_image","schema":{"@context":"https:\/\/schema.org","@graph":[{"@type":"WebPage","@id":"https:\/\/mantenimientosinformaticos.net\/canarytools\/producto\/juego-de-purgado-cebado-diesel-para-ford-psa-opel-fiat-rover-land-rover-renault-mercedes-benz-12-piezas\/","url":"https:\/\/mantenimientosinformaticos.net\/canarytools\/producto\/juego-de-purgado-cebado-diesel-para-ford-psa-opel-fiat-rover-land-rover-renault-mercedes-benz-12-piezas\/","name":"Juego de purgado \/ cebado di\u00e9sel para Ford, PSA, Opel, Fiat, Rover, Land Rover, Renault, Mercedes-Benz 12 piezas - Canarytools S.L.","isPartOf":{"@id":"https:\/\/mantenimientosinformaticos.net\/canarytools\/#website"},"primaryImageOfPage":{"@id":"https:\/\/mantenimientosinformaticos.net\/canarytools\/producto\/juego-de-purgado-cebado-diesel-para-ford-psa-opel-fiat-rover-land-rover-renault-mercedes-benz-12-piezas\/#primaryimage"},"image":{"@id":"https:\/\/mantenimientosinformaticos.net\/canarytools\/producto\/juego-de-purgado-cebado-diesel-para-ford-psa-opel-fiat-rover-land-rover-renault-mercedes-benz-12-piezas\/#primaryimage"},"thumbnailUrl":"https:\/\/mantenimientosinformaticos.net\/canarytools\/wp-content\/uploads\/2020\/05\/322-Juego-de-purgado-cebado-diesel-para-Ford-PSA-Opel-Fiat-Rover-Land-Rover-Renault-Mercedes-Benz-12-piezas.jpg","datePublished":"2020-05-10T17:37:09+00:00","dateModified":"2020-05-10T17:37:09+00:00","breadcrumb":{"@id":"https:\/\/mantenimientosinformaticos.net\/canarytools\/producto\/juego-de-purgado-cebado-diesel-para-ford-psa-opel-fiat-rover-land-rover-renault-mercedes-benz-12-piezas\/#breadcrumb"},"inLanguage":"es","potentialAction":[{"@type":"ReadAction","target":["https:\/\/mantenimientosinformaticos.net\/canarytools\/producto\/juego-de-purgado-cebado-diesel-para-ford-psa-opel-fiat-rover-land-rover-renault-mercedes-benz-12-piezas\/"]}]},{"@type":"ImageObject","inLanguage":"es","@id":"https:\/\/mantenimientosinformaticos.net\/canarytools\/producto\/juego-de-purgado-cebado-diesel-para-ford-psa-opel-fiat-rover-land-rover-renault-mercedes-benz-12-piezas\/#primaryimage","url":"https:\/\/mantenimientosinformaticos.net\/canarytools\/wp-content\/uploads\/2020\/05\/322-Juego-de-purgado-cebado-diesel-para-Ford-PSA-Opel-Fiat-Rover-Land-Rover-Renault-Mercedes-Benz-12-piezas.jpg","contentUrl":"https:\/\/mantenimientosinformaticos.net\/canarytools\/wp-content\/uploads\/2020\/05\/322-Juego-de-purgado-cebado-diesel-para-Ford-PSA-Opel-Fiat-Rover-Land-Rover-Renault-Mercedes-Benz-12-piezas.jpg","width":450,"height":400,"caption":"Juego de purgado \/ cebado di\u00e9sel para Ford, PSA, Opel, Fiat, Rover, Land Rover, Renault, Mercedes-Benz 12 piezas"},{"@type":"BreadcrumbList","@id":"https:\/\/mantenimientosinformaticos.net\/canarytools\/producto\/juego-de-purgado-cebado-diesel-para-ford-psa-opel-fiat-rover-land-rover-renault-mercedes-benz-12-piezas\/#breadcrumb","itemListElement":[{"@type":"ListItem","position":1,"name":"Portada","item":"https:\/\/mantenimientosinformaticos.net\/canarytools\/"},{"@type":"ListItem","position":2,"name":"Tienda","item":"https:\/\/mantenimientosinformaticos.net\/canarytools\/tienda\/"},{"@type":"ListItem","position":3,"name":"Juego de purgado \/ cebado di\u00e9sel para Ford, PSA, Opel, Fiat, Rover, Land Rover, Renault, Mercedes-Benz 12 piezas"}]},{"@type":"WebSite","@id":"https:\/\/mantenimientosinformaticos.net\/canarytools\/#website","url":"https:\/\/mantenimientosinformaticos.net\/canarytools\/","name":"Canarytools S.L.","description":"Herramientas y M\u00e1quinas","publisher":{"@id":"https:\/\/mantenimientosinformaticos.net\/canarytools\/#\/schema\/person\/355e32754b03bb24b681f1b6917e49bf"},"potentialAction":[{"@type":"SearchAction","target":{"@type":"EntryPoint","urlTemplate":"https:\/\/mantenimientosinformaticos.net\/canarytools\/?s={search_term_string}"},"query-input":"required name=search_term_string"}],"inLanguage":"es"},{"@type":["Person","Organization"],"@id":"https:\/\/mantenimientosinformaticos.net\/canarytools\/#\/schema\/person\/355e32754b03bb24b681f1b6917e49bf","name":"canarytools.xnetdigital","image":{"@type":"ImageObject","inLanguage":"es","@id":"https:\/\/mantenimientosinformaticos.net\/canarytools\/#\/schema\/person\/image\/","url":"https:\/\/mantenimientosinformaticos.net\/canarytools\/wp-content\/uploads\/2023\/12\/canary-tools-logo.png","contentUrl":"https:\/\/mantenimientosinformaticos.net\/canarytools\/wp-content\/uploads\/2023\/12\/canary-tools-logo.png","width":1302,"height":440,"caption":"canarytools.xnetdigital"},"logo":{"@id":"https:\/\/mantenimientosinformaticos.net\/canarytools\/#\/schema\/person\/image\/"},"sameAs":["https:\/\/mantenimientosinformaticos.net\/canarytools"]}]}},"_links":{"self":[{"href":"https:\/\/mantenimientosinformaticos.net\/canarytools\/wp-json\/wp\/v2\/product\/4431","targetHints":{"allow":["GET"]}}],"collection":[{"href":"https:\/\/mantenimientosinformaticos.net\/canarytools\/wp-json\/wp\/v2\/product"}],"about":[{"href":"https:\/\/mantenimientosinformaticos.net\/canarytools\/wp-json\/wp\/v2\/types\/product"}],"replies":[{"embeddable":true,"href":"https:\/\/mantenimientosinformaticos.net\/canarytools\/wp-json\/wp\/v2\/comments?post=4431"}],"wp:featuredmedia":[{"embeddable":true,"href":"https:\/\/mantenimientosinformaticos.net\/canarytools\/wp-json\/wp\/v2\/media\/4430"}],"wp:attachment":[{"href":"https:\/\/mantenimientosinformaticos.net\/canarytools\/wp-json\/wp\/v2\/media?parent=4431"}],"wp:term":[{"taxonomy":"product_cat","embeddable":true,"href":"https:\/\/mantenimientosinformaticos.net\/canarytools\/wp-json\/wp\/v2\/product_cat?post=4431"},{"taxonomy":"product_tag","embeddable":true,"href":"https:\/\/mantenimientosinformaticos.net\/canarytools\/wp-json\/wp\/v2\/product_tag?post=4431"}],"curies":[{"name":"wp","href":"https:\/\/api.w.org\/{rel}","templated":true}]}}