{"id":4427,"date":"2020-05-10T19:33:14","date_gmt":"2020-05-10T17:33:14","guid":{"rendered":"https:\/\/mantenimientosinformaticos.net\/canarytools\/producto\/juego-de-pinzas-para-tubos-155-255-mm\/"},"modified":"2020-05-10T19:33:14","modified_gmt":"2020-05-10T17:33:14","slug":"juego-de-pinzas-para-tubos-155-255-mm","status":"publish","type":"product","link":"https:\/\/mantenimientosinformaticos.net\/canarytools\/producto\/juego-de-pinzas-para-tubos-155-255-mm\/","title":{"rendered":"REF.:1815.  Juego de pinzas para tubos 155-255 mm"},"content":{"rendered":"<p><strong>Contenido de suministro:<\/strong><\/p>\n<ul>\n<li>Pinza para mangueras, 155 mm, adecuado para un di\u00e1metro de manguera de 3 &#8211; 15 mm<\/li>\n<li>Pinza para mangueras, 185 mm, adecuado para un di\u00e1metro de manguera de 6 &#8211; 20 mm<\/li>\n<li>Pinza para mangueras, 255 mm, adecuado para un di\u00e1metro de manguera de 8 &#8211; 45 mm<\/li>\n<\/ul>\n","protected":false},"excerpt":{"rendered":"<p>para estrangular f\u00e1cilmente las mangueras flexibles<br \/>bloqueo ajustable con funci\u00f3n de retenci\u00f3n<br \/>para interrumpir el flujo por completo<br \/>la manguera es apretada contra una superficie de contacto firme sobre un \u00e1rea amplia, evit\u00e1ndose as\u00ed los da\u00f1os en la manguera.<br \/>ideal para trabajos de mantenimiento con gasolina, aceite, agua y anticongelante de radiadores<br \/>protege contra las fugas de gasolina, aceite, agua y anticongelante de radiadores<br \/>ideal para el uso en coches, furgonetas, limusinas de gran capacidad, utilitarios, tractores, maquinaria agr\u00edcola, de construcci\u00f3n y aplicaciones industriales<br \/>resiste la temperatura hasta 160 \u00b0C<br \/>Material: pl\u00e1stico especial<\/p>\n","protected":false},"featured_media":4426,"comment_status":"open","ping_status":"closed","template":"","meta":[],"product_cat":[618,491,520],"product_tag":[],"class_list":{"0":"post-4427","1":"product","2":"type-product","3":"status-publish","4":"has-post-thumbnail","6":"product_cat-alicates-tenazas-y-pinzas-para-filtros-de-aceite","7":"product_cat-herramientas-especiales-para-automoviles","8":"product_cat-servicio-de-aceite","10":"first","11":"instock","12":"shipping-taxable","13":"purchasable","14":"product-type-simple"},"yoast_head":"<!-- This site is optimized with the Yoast SEO plugin v22.7 - https:\/\/yoast.com\/wordpress\/plugins\/seo\/ -->\n<title>REF.:1815. Juego de pinzas para tubos 155-255 mm - Canarytools S.L.<\/title>\n<meta name=\"robots\" content=\"index, follow, max-snippet:-1, max-image-preview:large, max-video-preview:-1\" \/>\n<link rel=\"canonical\" href=\"https:\/\/mantenimientosinformaticos.net\/canarytools\/producto\/juego-de-pinzas-para-tubos-155-255-mm\/\" \/>\n<meta property=\"og:locale\" content=\"es_ES\" \/>\n<meta property=\"og:type\" content=\"article\" \/>\n<meta property=\"og:title\" content=\"REF.:1815. Juego de pinzas para tubos 155-255 mm - Canarytools S.L.\" \/>\n<meta property=\"og:description\" content=\"para estrangular f\u00e1cilmente las mangueras flexiblesbloqueo ajustable con funci\u00f3n de retenci\u00f3npara interrumpir el flujo por completola manguera es apretada contra una superficie de contacto firme sobre un \u00e1rea amplia, evit\u00e1ndose as\u00ed los da\u00f1os en la manguera.ideal para trabajos de mantenimiento con gasolina, aceite, agua y anticongelante de radiadoresprotege contra las fugas de gasolina, aceite, agua y anticongelante de radiadoresideal para el uso en coches, furgonetas, limusinas de gran capacidad, utilitarios, tractores, maquinaria agr\u00edcola, de construcci\u00f3n y aplicaciones industrialesresiste la temperatura hasta 160 \u00b0CMaterial: pl\u00e1stico especial\" \/>\n<meta property=\"og:url\" content=\"https:\/\/mantenimientosinformaticos.net\/canarytools\/producto\/juego-de-pinzas-para-tubos-155-255-mm\/\" \/>\n<meta property=\"og:site_name\" content=\"Canarytools S.L.\" \/>\n<meta property=\"og:image\" content=\"https:\/\/mantenimientosinformaticos.net\/canarytools\/wp-content\/uploads\/2020\/05\/320-REF.1815.-Juego-de-pinzas-para-tubos-155-255-mm.jpg\" \/>\n\t<meta property=\"og:image:width\" content=\"450\" \/>\n\t<meta property=\"og:image:height\" content=\"400\" \/>\n\t<meta property=\"og:image:type\" content=\"image\/jpeg\" \/>\n<meta name=\"twitter:card\" content=\"summary_large_image\" \/>\n<script type=\"application\/ld+json\" class=\"yoast-schema-graph\">{\"@context\":\"https:\/\/schema.org\",\"@graph\":[{\"@type\":\"WebPage\",\"@id\":\"https:\/\/mantenimientosinformaticos.net\/canarytools\/producto\/juego-de-pinzas-para-tubos-155-255-mm\/\",\"url\":\"https:\/\/mantenimientosinformaticos.net\/canarytools\/producto\/juego-de-pinzas-para-tubos-155-255-mm\/\",\"name\":\"REF.:1815. Juego de pinzas para tubos 155-255 mm - Canarytools S.L.\",\"isPartOf\":{\"@id\":\"https:\/\/mantenimientosinformaticos.net\/canarytools\/#website\"},\"primaryImageOfPage\":{\"@id\":\"https:\/\/mantenimientosinformaticos.net\/canarytools\/producto\/juego-de-pinzas-para-tubos-155-255-mm\/#primaryimage\"},\"image\":{\"@id\":\"https:\/\/mantenimientosinformaticos.net\/canarytools\/producto\/juego-de-pinzas-para-tubos-155-255-mm\/#primaryimage\"},\"thumbnailUrl\":\"https:\/\/mantenimientosinformaticos.net\/canarytools\/wp-content\/uploads\/2020\/05\/320-REF.1815.-Juego-de-pinzas-para-tubos-155-255-mm.jpg\",\"datePublished\":\"2020-05-10T17:33:14+00:00\",\"dateModified\":\"2020-05-10T17:33:14+00:00\",\"breadcrumb\":{\"@id\":\"https:\/\/mantenimientosinformaticos.net\/canarytools\/producto\/juego-de-pinzas-para-tubos-155-255-mm\/#breadcrumb\"},\"inLanguage\":\"es\",\"potentialAction\":[{\"@type\":\"ReadAction\",\"target\":[\"https:\/\/mantenimientosinformaticos.net\/canarytools\/producto\/juego-de-pinzas-para-tubos-155-255-mm\/\"]}]},{\"@type\":\"ImageObject\",\"inLanguage\":\"es\",\"@id\":\"https:\/\/mantenimientosinformaticos.net\/canarytools\/producto\/juego-de-pinzas-para-tubos-155-255-mm\/#primaryimage\",\"url\":\"https:\/\/mantenimientosinformaticos.net\/canarytools\/wp-content\/uploads\/2020\/05\/320-REF.1815.-Juego-de-pinzas-para-tubos-155-255-mm.jpg\",\"contentUrl\":\"https:\/\/mantenimientosinformaticos.net\/canarytools\/wp-content\/uploads\/2020\/05\/320-REF.1815.-Juego-de-pinzas-para-tubos-155-255-mm.jpg\",\"width\":450,\"height\":400,\"caption\":\"REF.:1815. Juego de pinzas para tubos 155-255 mm\"},{\"@type\":\"BreadcrumbList\",\"@id\":\"https:\/\/mantenimientosinformaticos.net\/canarytools\/producto\/juego-de-pinzas-para-tubos-155-255-mm\/#breadcrumb\",\"itemListElement\":[{\"@type\":\"ListItem\",\"position\":1,\"name\":\"Portada\",\"item\":\"https:\/\/mantenimientosinformaticos.net\/canarytools\/\"},{\"@type\":\"ListItem\",\"position\":2,\"name\":\"Tienda\",\"item\":\"https:\/\/mantenimientosinformaticos.net\/canarytools\/tienda\/\"},{\"@type\":\"ListItem\",\"position\":3,\"name\":\"REF.:1815. Juego de pinzas para tubos 155-255 mm\"}]},{\"@type\":\"WebSite\",\"@id\":\"https:\/\/mantenimientosinformaticos.net\/canarytools\/#website\",\"url\":\"https:\/\/mantenimientosinformaticos.net\/canarytools\/\",\"name\":\"Canarytools S.L.\",\"description\":\"Herramientas y M\u00e1quinas\",\"publisher\":{\"@id\":\"https:\/\/mantenimientosinformaticos.net\/canarytools\/#\/schema\/person\/355e32754b03bb24b681f1b6917e49bf\"},\"potentialAction\":[{\"@type\":\"SearchAction\",\"target\":{\"@type\":\"EntryPoint\",\"urlTemplate\":\"https:\/\/mantenimientosinformaticos.net\/canarytools\/?s={search_term_string}\"},\"query-input\":\"required name=search_term_string\"}],\"inLanguage\":\"es\"},{\"@type\":[\"Person\",\"Organization\"],\"@id\":\"https:\/\/mantenimientosinformaticos.net\/canarytools\/#\/schema\/person\/355e32754b03bb24b681f1b6917e49bf\",\"name\":\"canarytools.xnetdigital\",\"image\":{\"@type\":\"ImageObject\",\"inLanguage\":\"es\",\"@id\":\"https:\/\/mantenimientosinformaticos.net\/canarytools\/#\/schema\/person\/image\/\",\"url\":\"https:\/\/mantenimientosinformaticos.net\/canarytools\/wp-content\/uploads\/2023\/12\/canary-tools-logo.png\",\"contentUrl\":\"https:\/\/mantenimientosinformaticos.net\/canarytools\/wp-content\/uploads\/2023\/12\/canary-tools-logo.png\",\"width\":1302,\"height\":440,\"caption\":\"canarytools.xnetdigital\"},\"logo\":{\"@id\":\"https:\/\/mantenimientosinformaticos.net\/canarytools\/#\/schema\/person\/image\/\"},\"sameAs\":[\"https:\/\/mantenimientosinformaticos.net\/canarytools\"]}]}<\/script>\n<!-- \/ Yoast SEO plugin. -->","yoast_head_json":{"title":"REF.:1815. Juego de pinzas para tubos 155-255 mm - Canarytools S.L.","robots":{"index":"index","follow":"follow","max-snippet":"max-snippet:-1","max-image-preview":"max-image-preview:large","max-video-preview":"max-video-preview:-1"},"canonical":"https:\/\/mantenimientosinformaticos.net\/canarytools\/producto\/juego-de-pinzas-para-tubos-155-255-mm\/","og_locale":"es_ES","og_type":"article","og_title":"REF.:1815. Juego de pinzas para tubos 155-255 mm - Canarytools S.L.","og_description":"para estrangular f\u00e1cilmente las mangueras flexiblesbloqueo ajustable con funci\u00f3n de retenci\u00f3npara interrumpir el flujo por completola manguera es apretada contra una superficie de contacto firme sobre un \u00e1rea amplia, evit\u00e1ndose as\u00ed los da\u00f1os en la manguera.ideal para trabajos de mantenimiento con gasolina, aceite, agua y anticongelante de radiadoresprotege contra las fugas de gasolina, aceite, agua y anticongelante de radiadoresideal para el uso en coches, furgonetas, limusinas de gran capacidad, utilitarios, tractores, maquinaria agr\u00edcola, de construcci\u00f3n y aplicaciones industrialesresiste la temperatura hasta 160 \u00b0CMaterial: pl\u00e1stico especial","og_url":"https:\/\/mantenimientosinformaticos.net\/canarytools\/producto\/juego-de-pinzas-para-tubos-155-255-mm\/","og_site_name":"Canarytools S.L.","og_image":[{"width":450,"height":400,"url":"https:\/\/mantenimientosinformaticos.net\/canarytools\/wp-content\/uploads\/2020\/05\/320-REF.1815.-Juego-de-pinzas-para-tubos-155-255-mm.jpg","type":"image\/jpeg"}],"twitter_card":"summary_large_image","schema":{"@context":"https:\/\/schema.org","@graph":[{"@type":"WebPage","@id":"https:\/\/mantenimientosinformaticos.net\/canarytools\/producto\/juego-de-pinzas-para-tubos-155-255-mm\/","url":"https:\/\/mantenimientosinformaticos.net\/canarytools\/producto\/juego-de-pinzas-para-tubos-155-255-mm\/","name":"REF.:1815. Juego de pinzas para tubos 155-255 mm - Canarytools S.L.","isPartOf":{"@id":"https:\/\/mantenimientosinformaticos.net\/canarytools\/#website"},"primaryImageOfPage":{"@id":"https:\/\/mantenimientosinformaticos.net\/canarytools\/producto\/juego-de-pinzas-para-tubos-155-255-mm\/#primaryimage"},"image":{"@id":"https:\/\/mantenimientosinformaticos.net\/canarytools\/producto\/juego-de-pinzas-para-tubos-155-255-mm\/#primaryimage"},"thumbnailUrl":"https:\/\/mantenimientosinformaticos.net\/canarytools\/wp-content\/uploads\/2020\/05\/320-REF.1815.-Juego-de-pinzas-para-tubos-155-255-mm.jpg","datePublished":"2020-05-10T17:33:14+00:00","dateModified":"2020-05-10T17:33:14+00:00","breadcrumb":{"@id":"https:\/\/mantenimientosinformaticos.net\/canarytools\/producto\/juego-de-pinzas-para-tubos-155-255-mm\/#breadcrumb"},"inLanguage":"es","potentialAction":[{"@type":"ReadAction","target":["https:\/\/mantenimientosinformaticos.net\/canarytools\/producto\/juego-de-pinzas-para-tubos-155-255-mm\/"]}]},{"@type":"ImageObject","inLanguage":"es","@id":"https:\/\/mantenimientosinformaticos.net\/canarytools\/producto\/juego-de-pinzas-para-tubos-155-255-mm\/#primaryimage","url":"https:\/\/mantenimientosinformaticos.net\/canarytools\/wp-content\/uploads\/2020\/05\/320-REF.1815.-Juego-de-pinzas-para-tubos-155-255-mm.jpg","contentUrl":"https:\/\/mantenimientosinformaticos.net\/canarytools\/wp-content\/uploads\/2020\/05\/320-REF.1815.-Juego-de-pinzas-para-tubos-155-255-mm.jpg","width":450,"height":400,"caption":"REF.:1815. Juego de pinzas para tubos 155-255 mm"},{"@type":"BreadcrumbList","@id":"https:\/\/mantenimientosinformaticos.net\/canarytools\/producto\/juego-de-pinzas-para-tubos-155-255-mm\/#breadcrumb","itemListElement":[{"@type":"ListItem","position":1,"name":"Portada","item":"https:\/\/mantenimientosinformaticos.net\/canarytools\/"},{"@type":"ListItem","position":2,"name":"Tienda","item":"https:\/\/mantenimientosinformaticos.net\/canarytools\/tienda\/"},{"@type":"ListItem","position":3,"name":"REF.:1815. Juego de pinzas para tubos 155-255 mm"}]},{"@type":"WebSite","@id":"https:\/\/mantenimientosinformaticos.net\/canarytools\/#website","url":"https:\/\/mantenimientosinformaticos.net\/canarytools\/","name":"Canarytools S.L.","description":"Herramientas y M\u00e1quinas","publisher":{"@id":"https:\/\/mantenimientosinformaticos.net\/canarytools\/#\/schema\/person\/355e32754b03bb24b681f1b6917e49bf"},"potentialAction":[{"@type":"SearchAction","target":{"@type":"EntryPoint","urlTemplate":"https:\/\/mantenimientosinformaticos.net\/canarytools\/?s={search_term_string}"},"query-input":"required name=search_term_string"}],"inLanguage":"es"},{"@type":["Person","Organization"],"@id":"https:\/\/mantenimientosinformaticos.net\/canarytools\/#\/schema\/person\/355e32754b03bb24b681f1b6917e49bf","name":"canarytools.xnetdigital","image":{"@type":"ImageObject","inLanguage":"es","@id":"https:\/\/mantenimientosinformaticos.net\/canarytools\/#\/schema\/person\/image\/","url":"https:\/\/mantenimientosinformaticos.net\/canarytools\/wp-content\/uploads\/2023\/12\/canary-tools-logo.png","contentUrl":"https:\/\/mantenimientosinformaticos.net\/canarytools\/wp-content\/uploads\/2023\/12\/canary-tools-logo.png","width":1302,"height":440,"caption":"canarytools.xnetdigital"},"logo":{"@id":"https:\/\/mantenimientosinformaticos.net\/canarytools\/#\/schema\/person\/image\/"},"sameAs":["https:\/\/mantenimientosinformaticos.net\/canarytools"]}]}},"_links":{"self":[{"href":"https:\/\/mantenimientosinformaticos.net\/canarytools\/wp-json\/wp\/v2\/product\/4427","targetHints":{"allow":["GET"]}}],"collection":[{"href":"https:\/\/mantenimientosinformaticos.net\/canarytools\/wp-json\/wp\/v2\/product"}],"about":[{"href":"https:\/\/mantenimientosinformaticos.net\/canarytools\/wp-json\/wp\/v2\/types\/product"}],"replies":[{"embeddable":true,"href":"https:\/\/mantenimientosinformaticos.net\/canarytools\/wp-json\/wp\/v2\/comments?post=4427"}],"wp:featuredmedia":[{"embeddable":true,"href":"https:\/\/mantenimientosinformaticos.net\/canarytools\/wp-json\/wp\/v2\/media\/4426"}],"wp:attachment":[{"href":"https:\/\/mantenimientosinformaticos.net\/canarytools\/wp-json\/wp\/v2\/media?parent=4427"}],"wp:term":[{"taxonomy":"product_cat","embeddable":true,"href":"https:\/\/mantenimientosinformaticos.net\/canarytools\/wp-json\/wp\/v2\/product_cat?post=4427"},{"taxonomy":"product_tag","embeddable":true,"href":"https:\/\/mantenimientosinformaticos.net\/canarytools\/wp-json\/wp\/v2\/product_tag?post=4427"}],"curies":[{"name":"wp","href":"https:\/\/api.w.org\/{rel}","templated":true}]}}