{"id":4421,"date":"2020-05-08T17:40:36","date_gmt":"2020-05-08T15:40:36","guid":{"rendered":"https:\/\/mantenimientosinformaticos.net\/canarytools\/producto\/alicate-para-liberar-tubos-y-filtros-de-combustibles-de-vw-fiat-opel-etc\/"},"modified":"2020-05-08T17:40:36","modified_gmt":"2020-05-08T15:40:36","slug":"alicate-para-liberar-tubos-y-filtros-de-combustibles-de-vw-fiat-opel-etc","status":"publish","type":"product","link":"https:\/\/mantenimientosinformaticos.net\/canarytools\/producto\/alicate-para-liberar-tubos-y-filtros-de-combustibles-de-vw-fiat-opel-etc\/","title":{"rendered":"REF.:8274.    Alicate para liberar tubos y filtros de combustibles de VW, Fiat, Opel, etc."},"content":{"rendered":"","protected":false},"excerpt":{"rendered":"<ul style=\"margin:0px 0px 20px;list-style:none;padding:0px;color:#58595b;font-family:'PT Sans', 'Helvetica Neue', Helvetica, Arial, sans-serif;font-size:14px;line-height:20px;background-color:#ffffff;\">\n<li>para extracci\u00f3n r\u00e1pida y f\u00e1cil de los cierres r\u00e1pidos de tubos de combustible<\/li>\n<li>adecuado para los filtros de combustible con cierre r\u00e1pido y otras conexiones<\/li>\n<li>para todos los cierres r\u00e1pidos similares separados por presi\u00f3n en el anillo exterior<\/li>\n<li>galvanizados<\/li>\n<li>mangos revestido por inmersi\u00f3n<\/li>\n<\/ul>\n","protected":false},"featured_media":4420,"comment_status":"open","ping_status":"closed","template":"","meta":[],"product_cat":[618,520],"product_tag":[],"class_list":{"0":"post-4421","1":"product","2":"type-product","3":"status-publish","4":"has-post-thumbnail","6":"product_cat-alicates-tenazas-y-pinzas-para-filtros-de-aceite","7":"product_cat-servicio-de-aceite","9":"first","10":"instock","11":"shipping-taxable","12":"purchasable","13":"product-type-simple"},"yoast_head":"<!-- This site is optimized with the Yoast SEO plugin v22.7 - https:\/\/yoast.com\/wordpress\/plugins\/seo\/ -->\n<title>REF.:8274.  Alicate para liberar tubos y filtros de combustibles de VW, Fiat, Opel, etc. - Canarytools S.L.<\/title>\n<meta name=\"robots\" content=\"index, follow, max-snippet:-1, max-image-preview:large, max-video-preview:-1\" \/>\n<link rel=\"canonical\" href=\"https:\/\/mantenimientosinformaticos.net\/canarytools\/producto\/alicate-para-liberar-tubos-y-filtros-de-combustibles-de-vw-fiat-opel-etc\/\" \/>\n<meta property=\"og:locale\" content=\"es_ES\" \/>\n<meta property=\"og:type\" content=\"article\" \/>\n<meta property=\"og:title\" content=\"REF.:8274.  Alicate para liberar tubos y filtros de combustibles de VW, Fiat, Opel, etc. - Canarytools S.L.\" \/>\n<meta property=\"og:description\" content=\"para extracci\u00f3n r\u00e1pida y f\u00e1cil de los cierres r\u00e1pidos de tubos de combustible adecuado para los filtros de combustible con cierre r\u00e1pido y otras conexiones para todos los cierres r\u00e1pidos similares separados por presi\u00f3n en el anillo exterior galvanizados mangos revestido por inmersi\u00f3n\" \/>\n<meta property=\"og:url\" content=\"https:\/\/mantenimientosinformaticos.net\/canarytools\/producto\/alicate-para-liberar-tubos-y-filtros-de-combustibles-de-vw-fiat-opel-etc\/\" \/>\n<meta property=\"og:site_name\" content=\"Canarytools S.L.\" \/>\n<meta property=\"og:image\" content=\"https:\/\/mantenimientosinformaticos.net\/canarytools\/wp-content\/uploads\/2020\/05\/317-REF.8274.-Alicate-para-liberar-tubos-y-filtros-de-combustibles-de-VW-Fiat-Opel-etc.jpg\" \/>\n\t<meta property=\"og:image:width\" content=\"406\" \/>\n\t<meta property=\"og:image:height\" content=\"205\" \/>\n\t<meta property=\"og:image:type\" content=\"image\/jpeg\" \/>\n<meta name=\"twitter:card\" content=\"summary_large_image\" \/>\n<script type=\"application\/ld+json\" class=\"yoast-schema-graph\">{\"@context\":\"https:\/\/schema.org\",\"@graph\":[{\"@type\":\"WebPage\",\"@id\":\"https:\/\/mantenimientosinformaticos.net\/canarytools\/producto\/alicate-para-liberar-tubos-y-filtros-de-combustibles-de-vw-fiat-opel-etc\/\",\"url\":\"https:\/\/mantenimientosinformaticos.net\/canarytools\/producto\/alicate-para-liberar-tubos-y-filtros-de-combustibles-de-vw-fiat-opel-etc\/\",\"name\":\"REF.:8274. Alicate para liberar tubos y filtros de combustibles de VW, Fiat, Opel, etc. - Canarytools S.L.\",\"isPartOf\":{\"@id\":\"https:\/\/mantenimientosinformaticos.net\/canarytools\/#website\"},\"primaryImageOfPage\":{\"@id\":\"https:\/\/mantenimientosinformaticos.net\/canarytools\/producto\/alicate-para-liberar-tubos-y-filtros-de-combustibles-de-vw-fiat-opel-etc\/#primaryimage\"},\"image\":{\"@id\":\"https:\/\/mantenimientosinformaticos.net\/canarytools\/producto\/alicate-para-liberar-tubos-y-filtros-de-combustibles-de-vw-fiat-opel-etc\/#primaryimage\"},\"thumbnailUrl\":\"https:\/\/mantenimientosinformaticos.net\/canarytools\/wp-content\/uploads\/2020\/05\/317-REF.8274.-Alicate-para-liberar-tubos-y-filtros-de-combustibles-de-VW-Fiat-Opel-etc.jpg\",\"datePublished\":\"2020-05-08T15:40:36+00:00\",\"dateModified\":\"2020-05-08T15:40:36+00:00\",\"breadcrumb\":{\"@id\":\"https:\/\/mantenimientosinformaticos.net\/canarytools\/producto\/alicate-para-liberar-tubos-y-filtros-de-combustibles-de-vw-fiat-opel-etc\/#breadcrumb\"},\"inLanguage\":\"es\",\"potentialAction\":[{\"@type\":\"ReadAction\",\"target\":[\"https:\/\/mantenimientosinformaticos.net\/canarytools\/producto\/alicate-para-liberar-tubos-y-filtros-de-combustibles-de-vw-fiat-opel-etc\/\"]}]},{\"@type\":\"ImageObject\",\"inLanguage\":\"es\",\"@id\":\"https:\/\/mantenimientosinformaticos.net\/canarytools\/producto\/alicate-para-liberar-tubos-y-filtros-de-combustibles-de-vw-fiat-opel-etc\/#primaryimage\",\"url\":\"https:\/\/mantenimientosinformaticos.net\/canarytools\/wp-content\/uploads\/2020\/05\/317-REF.8274.-Alicate-para-liberar-tubos-y-filtros-de-combustibles-de-VW-Fiat-Opel-etc.jpg\",\"contentUrl\":\"https:\/\/mantenimientosinformaticos.net\/canarytools\/wp-content\/uploads\/2020\/05\/317-REF.8274.-Alicate-para-liberar-tubos-y-filtros-de-combustibles-de-VW-Fiat-Opel-etc.jpg\",\"width\":406,\"height\":205,\"caption\":\"REF.:8274. Alicate para liberar tubos y filtros de combustibles de VW, Fiat, Opel, etc.\"},{\"@type\":\"BreadcrumbList\",\"@id\":\"https:\/\/mantenimientosinformaticos.net\/canarytools\/producto\/alicate-para-liberar-tubos-y-filtros-de-combustibles-de-vw-fiat-opel-etc\/#breadcrumb\",\"itemListElement\":[{\"@type\":\"ListItem\",\"position\":1,\"name\":\"Portada\",\"item\":\"https:\/\/mantenimientosinformaticos.net\/canarytools\/\"},{\"@type\":\"ListItem\",\"position\":2,\"name\":\"Tienda\",\"item\":\"https:\/\/mantenimientosinformaticos.net\/canarytools\/tienda\/\"},{\"@type\":\"ListItem\",\"position\":3,\"name\":\"REF.:8274. Alicate para liberar tubos y filtros de combustibles de VW, Fiat, Opel, etc.\"}]},{\"@type\":\"WebSite\",\"@id\":\"https:\/\/mantenimientosinformaticos.net\/canarytools\/#website\",\"url\":\"https:\/\/mantenimientosinformaticos.net\/canarytools\/\",\"name\":\"Canarytools S.L.\",\"description\":\"Herramientas y M\u00e1quinas\",\"publisher\":{\"@id\":\"https:\/\/mantenimientosinformaticos.net\/canarytools\/#\/schema\/person\/355e32754b03bb24b681f1b6917e49bf\"},\"potentialAction\":[{\"@type\":\"SearchAction\",\"target\":{\"@type\":\"EntryPoint\",\"urlTemplate\":\"https:\/\/mantenimientosinformaticos.net\/canarytools\/?s={search_term_string}\"},\"query-input\":\"required name=search_term_string\"}],\"inLanguage\":\"es\"},{\"@type\":[\"Person\",\"Organization\"],\"@id\":\"https:\/\/mantenimientosinformaticos.net\/canarytools\/#\/schema\/person\/355e32754b03bb24b681f1b6917e49bf\",\"name\":\"canarytools.xnetdigital\",\"image\":{\"@type\":\"ImageObject\",\"inLanguage\":\"es\",\"@id\":\"https:\/\/mantenimientosinformaticos.net\/canarytools\/#\/schema\/person\/image\/\",\"url\":\"https:\/\/mantenimientosinformaticos.net\/canarytools\/wp-content\/uploads\/2023\/12\/canary-tools-logo.png\",\"contentUrl\":\"https:\/\/mantenimientosinformaticos.net\/canarytools\/wp-content\/uploads\/2023\/12\/canary-tools-logo.png\",\"width\":1302,\"height\":440,\"caption\":\"canarytools.xnetdigital\"},\"logo\":{\"@id\":\"https:\/\/mantenimientosinformaticos.net\/canarytools\/#\/schema\/person\/image\/\"},\"sameAs\":[\"https:\/\/mantenimientosinformaticos.net\/canarytools\"]}]}<\/script>\n<!-- \/ Yoast SEO plugin. -->","yoast_head_json":{"title":"REF.:8274.  Alicate para liberar tubos y filtros de combustibles de VW, Fiat, Opel, etc. - Canarytools S.L.","robots":{"index":"index","follow":"follow","max-snippet":"max-snippet:-1","max-image-preview":"max-image-preview:large","max-video-preview":"max-video-preview:-1"},"canonical":"https:\/\/mantenimientosinformaticos.net\/canarytools\/producto\/alicate-para-liberar-tubos-y-filtros-de-combustibles-de-vw-fiat-opel-etc\/","og_locale":"es_ES","og_type":"article","og_title":"REF.:8274.  Alicate para liberar tubos y filtros de combustibles de VW, Fiat, Opel, etc. - Canarytools S.L.","og_description":"para extracci\u00f3n r\u00e1pida y f\u00e1cil de los cierres r\u00e1pidos de tubos de combustible adecuado para los filtros de combustible con cierre r\u00e1pido y otras conexiones para todos los cierres r\u00e1pidos similares separados por presi\u00f3n en el anillo exterior galvanizados mangos revestido por inmersi\u00f3n","og_url":"https:\/\/mantenimientosinformaticos.net\/canarytools\/producto\/alicate-para-liberar-tubos-y-filtros-de-combustibles-de-vw-fiat-opel-etc\/","og_site_name":"Canarytools S.L.","og_image":[{"width":406,"height":205,"url":"https:\/\/mantenimientosinformaticos.net\/canarytools\/wp-content\/uploads\/2020\/05\/317-REF.8274.-Alicate-para-liberar-tubos-y-filtros-de-combustibles-de-VW-Fiat-Opel-etc.jpg","type":"image\/jpeg"}],"twitter_card":"summary_large_image","schema":{"@context":"https:\/\/schema.org","@graph":[{"@type":"WebPage","@id":"https:\/\/mantenimientosinformaticos.net\/canarytools\/producto\/alicate-para-liberar-tubos-y-filtros-de-combustibles-de-vw-fiat-opel-etc\/","url":"https:\/\/mantenimientosinformaticos.net\/canarytools\/producto\/alicate-para-liberar-tubos-y-filtros-de-combustibles-de-vw-fiat-opel-etc\/","name":"REF.:8274. Alicate para liberar tubos y filtros de combustibles de VW, Fiat, Opel, etc. - Canarytools S.L.","isPartOf":{"@id":"https:\/\/mantenimientosinformaticos.net\/canarytools\/#website"},"primaryImageOfPage":{"@id":"https:\/\/mantenimientosinformaticos.net\/canarytools\/producto\/alicate-para-liberar-tubos-y-filtros-de-combustibles-de-vw-fiat-opel-etc\/#primaryimage"},"image":{"@id":"https:\/\/mantenimientosinformaticos.net\/canarytools\/producto\/alicate-para-liberar-tubos-y-filtros-de-combustibles-de-vw-fiat-opel-etc\/#primaryimage"},"thumbnailUrl":"https:\/\/mantenimientosinformaticos.net\/canarytools\/wp-content\/uploads\/2020\/05\/317-REF.8274.-Alicate-para-liberar-tubos-y-filtros-de-combustibles-de-VW-Fiat-Opel-etc.jpg","datePublished":"2020-05-08T15:40:36+00:00","dateModified":"2020-05-08T15:40:36+00:00","breadcrumb":{"@id":"https:\/\/mantenimientosinformaticos.net\/canarytools\/producto\/alicate-para-liberar-tubos-y-filtros-de-combustibles-de-vw-fiat-opel-etc\/#breadcrumb"},"inLanguage":"es","potentialAction":[{"@type":"ReadAction","target":["https:\/\/mantenimientosinformaticos.net\/canarytools\/producto\/alicate-para-liberar-tubos-y-filtros-de-combustibles-de-vw-fiat-opel-etc\/"]}]},{"@type":"ImageObject","inLanguage":"es","@id":"https:\/\/mantenimientosinformaticos.net\/canarytools\/producto\/alicate-para-liberar-tubos-y-filtros-de-combustibles-de-vw-fiat-opel-etc\/#primaryimage","url":"https:\/\/mantenimientosinformaticos.net\/canarytools\/wp-content\/uploads\/2020\/05\/317-REF.8274.-Alicate-para-liberar-tubos-y-filtros-de-combustibles-de-VW-Fiat-Opel-etc.jpg","contentUrl":"https:\/\/mantenimientosinformaticos.net\/canarytools\/wp-content\/uploads\/2020\/05\/317-REF.8274.-Alicate-para-liberar-tubos-y-filtros-de-combustibles-de-VW-Fiat-Opel-etc.jpg","width":406,"height":205,"caption":"REF.:8274. Alicate para liberar tubos y filtros de combustibles de VW, Fiat, Opel, etc."},{"@type":"BreadcrumbList","@id":"https:\/\/mantenimientosinformaticos.net\/canarytools\/producto\/alicate-para-liberar-tubos-y-filtros-de-combustibles-de-vw-fiat-opel-etc\/#breadcrumb","itemListElement":[{"@type":"ListItem","position":1,"name":"Portada","item":"https:\/\/mantenimientosinformaticos.net\/canarytools\/"},{"@type":"ListItem","position":2,"name":"Tienda","item":"https:\/\/mantenimientosinformaticos.net\/canarytools\/tienda\/"},{"@type":"ListItem","position":3,"name":"REF.:8274. Alicate para liberar tubos y filtros de combustibles de VW, Fiat, Opel, etc."}]},{"@type":"WebSite","@id":"https:\/\/mantenimientosinformaticos.net\/canarytools\/#website","url":"https:\/\/mantenimientosinformaticos.net\/canarytools\/","name":"Canarytools S.L.","description":"Herramientas y M\u00e1quinas","publisher":{"@id":"https:\/\/mantenimientosinformaticos.net\/canarytools\/#\/schema\/person\/355e32754b03bb24b681f1b6917e49bf"},"potentialAction":[{"@type":"SearchAction","target":{"@type":"EntryPoint","urlTemplate":"https:\/\/mantenimientosinformaticos.net\/canarytools\/?s={search_term_string}"},"query-input":"required name=search_term_string"}],"inLanguage":"es"},{"@type":["Person","Organization"],"@id":"https:\/\/mantenimientosinformaticos.net\/canarytools\/#\/schema\/person\/355e32754b03bb24b681f1b6917e49bf","name":"canarytools.xnetdigital","image":{"@type":"ImageObject","inLanguage":"es","@id":"https:\/\/mantenimientosinformaticos.net\/canarytools\/#\/schema\/person\/image\/","url":"https:\/\/mantenimientosinformaticos.net\/canarytools\/wp-content\/uploads\/2023\/12\/canary-tools-logo.png","contentUrl":"https:\/\/mantenimientosinformaticos.net\/canarytools\/wp-content\/uploads\/2023\/12\/canary-tools-logo.png","width":1302,"height":440,"caption":"canarytools.xnetdigital"},"logo":{"@id":"https:\/\/mantenimientosinformaticos.net\/canarytools\/#\/schema\/person\/image\/"},"sameAs":["https:\/\/mantenimientosinformaticos.net\/canarytools"]}]}},"_links":{"self":[{"href":"https:\/\/mantenimientosinformaticos.net\/canarytools\/wp-json\/wp\/v2\/product\/4421","targetHints":{"allow":["GET"]}}],"collection":[{"href":"https:\/\/mantenimientosinformaticos.net\/canarytools\/wp-json\/wp\/v2\/product"}],"about":[{"href":"https:\/\/mantenimientosinformaticos.net\/canarytools\/wp-json\/wp\/v2\/types\/product"}],"replies":[{"embeddable":true,"href":"https:\/\/mantenimientosinformaticos.net\/canarytools\/wp-json\/wp\/v2\/comments?post=4421"}],"wp:featuredmedia":[{"embeddable":true,"href":"https:\/\/mantenimientosinformaticos.net\/canarytools\/wp-json\/wp\/v2\/media\/4420"}],"wp:attachment":[{"href":"https:\/\/mantenimientosinformaticos.net\/canarytools\/wp-json\/wp\/v2\/media?parent=4421"}],"wp:term":[{"taxonomy":"product_cat","embeddable":true,"href":"https:\/\/mantenimientosinformaticos.net\/canarytools\/wp-json\/wp\/v2\/product_cat?post=4421"},{"taxonomy":"product_tag","embeddable":true,"href":"https:\/\/mantenimientosinformaticos.net\/canarytools\/wp-json\/wp\/v2\/product_tag?post=4421"}],"curies":[{"name":"wp","href":"https:\/\/api.w.org\/{rel}","templated":true}]}}