{"id":4389,"date":"2020-05-08T16:42:37","date_gmt":"2020-05-08T14:42:37","guid":{"rendered":"https:\/\/mantenimientosinformaticos.net\/canarytools\/producto\/varilla-de-nivel-con-indicador-de-nivel-de-aceite-para-audi-y-vw\/"},"modified":"2020-05-08T16:42:37","modified_gmt":"2020-05-08T14:42:37","slug":"varilla-de-nivel-con-indicador-de-nivel-de-aceite-para-audi-y-vw","status":"publish","type":"product","link":"https:\/\/mantenimientosinformaticos.net\/canarytools\/producto\/varilla-de-nivel-con-indicador-de-nivel-de-aceite-para-audi-y-vw\/","title":{"rendered":"REF.:1052.    Varilla de nivel con indicador de nivel de aceite para Audi y VW"},"content":{"rendered":"","protected":false},"excerpt":{"rendered":"<ul style=\"margin:0px 0px 20px;list-style:none;padding:0px;color:#58595b;font-family:'PT Sans', 'Helvetica Neue', Helvetica, Arial, sans-serif;font-size:14px;line-height:20px;background-color:#ffffff;\">\n<li>adecuado para los modelos Audi y VW que vienen con indicador de nivel de aceite en pantalla o se entregan sin varilla de nivel de aceite<\/li>\n<li>un error no advertido en la pantalla puede causar da\u00f1os en el motor si no se verifica manualmente el nivel de aceite<\/li>\n<li>\u00fatil despu\u00e9s del cambio del sensor de aceite para calibrar la indicaci\u00f3n en la pantalla del conductor<\/li>\n<li>adecuado para los siguientes motores: 3,0 y 2,7 l TDI &#8211; 2.0 TDI &#8211; 1,8 y 2,0 TFSI &#8211; 3,0 y 3,2 TFSI<\/li>\n<li>un ajuste preciso de la varilla de medici\u00f3n se muestra en la tabla adjunta<\/li>\n<li>para ser utilizado como OEM T40178<\/li>\n<\/ul>\n","protected":false},"featured_media":4388,"comment_status":"open","ping_status":"closed","template":"","meta":[],"product_cat":[589,520],"product_tag":[],"class_list":{"0":"post-4389","1":"product","2":"type-product","3":"status-publish","4":"has-post-thumbnail","6":"product_cat-varillas-de-niveles","7":"product_cat-servicio-de-aceite","9":"first","10":"instock","11":"shipping-taxable","12":"purchasable","13":"product-type-simple"},"yoast_head":"<!-- This site is optimized with the Yoast SEO plugin v22.7 - https:\/\/yoast.com\/wordpress\/plugins\/seo\/ -->\n<title>REF.:1052.  Varilla de nivel con indicador de nivel de aceite para Audi y VW - Canarytools S.L.<\/title>\n<meta name=\"robots\" content=\"index, follow, max-snippet:-1, max-image-preview:large, max-video-preview:-1\" \/>\n<link rel=\"canonical\" href=\"https:\/\/mantenimientosinformaticos.net\/canarytools\/producto\/varilla-de-nivel-con-indicador-de-nivel-de-aceite-para-audi-y-vw\/\" \/>\n<meta property=\"og:locale\" content=\"es_ES\" \/>\n<meta property=\"og:type\" content=\"article\" \/>\n<meta property=\"og:title\" content=\"REF.:1052.  Varilla de nivel con indicador de nivel de aceite para Audi y VW - Canarytools S.L.\" \/>\n<meta property=\"og:description\" content=\"adecuado para los modelos Audi y VW que vienen con indicador de nivel de aceite en pantalla o se entregan sin varilla de nivel de aceite un error no advertido en la pantalla puede causar da\u00f1os en el motor si no se verifica manualmente el nivel de aceite \u00fatil despu\u00e9s del cambio del sensor de aceite para calibrar la indicaci\u00f3n en la pantalla del conductor adecuado para los siguientes motores: 3,0 y 2,7 l TDI - 2.0 TDI - 1,8 y 2,0 TFSI - 3,0 y 3,2 TFSI un ajuste preciso de la varilla de medici\u00f3n se muestra en la tabla adjunta para ser utilizado como OEM T40178\" \/>\n<meta property=\"og:url\" content=\"https:\/\/mantenimientosinformaticos.net\/canarytools\/producto\/varilla-de-nivel-con-indicador-de-nivel-de-aceite-para-audi-y-vw\/\" \/>\n<meta property=\"og:site_name\" content=\"Canarytools S.L.\" \/>\n<meta property=\"og:image\" content=\"https:\/\/mantenimientosinformaticos.net\/canarytools\/wp-content\/uploads\/2020\/05\/301-REF.1052.-Varilla-de-nivel-con-indicador-de-nivel-de-aceite-para-Audi-y-VW.jpg\" \/>\n\t<meta property=\"og:image:width\" content=\"842\" \/>\n\t<meta property=\"og:image:height\" content=\"208\" \/>\n\t<meta property=\"og:image:type\" content=\"image\/jpeg\" \/>\n<meta name=\"twitter:card\" content=\"summary_large_image\" \/>\n<script type=\"application\/ld+json\" class=\"yoast-schema-graph\">{\"@context\":\"https:\/\/schema.org\",\"@graph\":[{\"@type\":\"WebPage\",\"@id\":\"https:\/\/mantenimientosinformaticos.net\/canarytools\/producto\/varilla-de-nivel-con-indicador-de-nivel-de-aceite-para-audi-y-vw\/\",\"url\":\"https:\/\/mantenimientosinformaticos.net\/canarytools\/producto\/varilla-de-nivel-con-indicador-de-nivel-de-aceite-para-audi-y-vw\/\",\"name\":\"REF.:1052. Varilla de nivel con indicador de nivel de aceite para Audi y VW - Canarytools S.L.\",\"isPartOf\":{\"@id\":\"https:\/\/mantenimientosinformaticos.net\/canarytools\/#website\"},\"primaryImageOfPage\":{\"@id\":\"https:\/\/mantenimientosinformaticos.net\/canarytools\/producto\/varilla-de-nivel-con-indicador-de-nivel-de-aceite-para-audi-y-vw\/#primaryimage\"},\"image\":{\"@id\":\"https:\/\/mantenimientosinformaticos.net\/canarytools\/producto\/varilla-de-nivel-con-indicador-de-nivel-de-aceite-para-audi-y-vw\/#primaryimage\"},\"thumbnailUrl\":\"https:\/\/mantenimientosinformaticos.net\/canarytools\/wp-content\/uploads\/2020\/05\/301-REF.1052.-Varilla-de-nivel-con-indicador-de-nivel-de-aceite-para-Audi-y-VW.jpg\",\"datePublished\":\"2020-05-08T14:42:37+00:00\",\"dateModified\":\"2020-05-08T14:42:37+00:00\",\"breadcrumb\":{\"@id\":\"https:\/\/mantenimientosinformaticos.net\/canarytools\/producto\/varilla-de-nivel-con-indicador-de-nivel-de-aceite-para-audi-y-vw\/#breadcrumb\"},\"inLanguage\":\"es\",\"potentialAction\":[{\"@type\":\"ReadAction\",\"target\":[\"https:\/\/mantenimientosinformaticos.net\/canarytools\/producto\/varilla-de-nivel-con-indicador-de-nivel-de-aceite-para-audi-y-vw\/\"]}]},{\"@type\":\"ImageObject\",\"inLanguage\":\"es\",\"@id\":\"https:\/\/mantenimientosinformaticos.net\/canarytools\/producto\/varilla-de-nivel-con-indicador-de-nivel-de-aceite-para-audi-y-vw\/#primaryimage\",\"url\":\"https:\/\/mantenimientosinformaticos.net\/canarytools\/wp-content\/uploads\/2020\/05\/301-REF.1052.-Varilla-de-nivel-con-indicador-de-nivel-de-aceite-para-Audi-y-VW.jpg\",\"contentUrl\":\"https:\/\/mantenimientosinformaticos.net\/canarytools\/wp-content\/uploads\/2020\/05\/301-REF.1052.-Varilla-de-nivel-con-indicador-de-nivel-de-aceite-para-Audi-y-VW.jpg\",\"width\":842,\"height\":208,\"caption\":\"REF.:1052. Varilla de nivel con indicador de nivel de aceite para Audi y VW\"},{\"@type\":\"BreadcrumbList\",\"@id\":\"https:\/\/mantenimientosinformaticos.net\/canarytools\/producto\/varilla-de-nivel-con-indicador-de-nivel-de-aceite-para-audi-y-vw\/#breadcrumb\",\"itemListElement\":[{\"@type\":\"ListItem\",\"position\":1,\"name\":\"Portada\",\"item\":\"https:\/\/mantenimientosinformaticos.net\/canarytools\/\"},{\"@type\":\"ListItem\",\"position\":2,\"name\":\"Tienda\",\"item\":\"https:\/\/mantenimientosinformaticos.net\/canarytools\/tienda\/\"},{\"@type\":\"ListItem\",\"position\":3,\"name\":\"REF.:1052. Varilla de nivel con indicador de nivel de aceite para Audi y VW\"}]},{\"@type\":\"WebSite\",\"@id\":\"https:\/\/mantenimientosinformaticos.net\/canarytools\/#website\",\"url\":\"https:\/\/mantenimientosinformaticos.net\/canarytools\/\",\"name\":\"Canarytools S.L.\",\"description\":\"Herramientas y M\u00e1quinas\",\"publisher\":{\"@id\":\"https:\/\/mantenimientosinformaticos.net\/canarytools\/#\/schema\/person\/355e32754b03bb24b681f1b6917e49bf\"},\"potentialAction\":[{\"@type\":\"SearchAction\",\"target\":{\"@type\":\"EntryPoint\",\"urlTemplate\":\"https:\/\/mantenimientosinformaticos.net\/canarytools\/?s={search_term_string}\"},\"query-input\":\"required name=search_term_string\"}],\"inLanguage\":\"es\"},{\"@type\":[\"Person\",\"Organization\"],\"@id\":\"https:\/\/mantenimientosinformaticos.net\/canarytools\/#\/schema\/person\/355e32754b03bb24b681f1b6917e49bf\",\"name\":\"canarytools.xnetdigital\",\"image\":{\"@type\":\"ImageObject\",\"inLanguage\":\"es\",\"@id\":\"https:\/\/mantenimientosinformaticos.net\/canarytools\/#\/schema\/person\/image\/\",\"url\":\"https:\/\/mantenimientosinformaticos.net\/canarytools\/wp-content\/uploads\/2023\/12\/canary-tools-logo.png\",\"contentUrl\":\"https:\/\/mantenimientosinformaticos.net\/canarytools\/wp-content\/uploads\/2023\/12\/canary-tools-logo.png\",\"width\":1302,\"height\":440,\"caption\":\"canarytools.xnetdigital\"},\"logo\":{\"@id\":\"https:\/\/mantenimientosinformaticos.net\/canarytools\/#\/schema\/person\/image\/\"},\"sameAs\":[\"https:\/\/mantenimientosinformaticos.net\/canarytools\"]}]}<\/script>\n<!-- \/ Yoast SEO plugin. -->","yoast_head_json":{"title":"REF.:1052.  Varilla de nivel con indicador de nivel de aceite para Audi y VW - Canarytools S.L.","robots":{"index":"index","follow":"follow","max-snippet":"max-snippet:-1","max-image-preview":"max-image-preview:large","max-video-preview":"max-video-preview:-1"},"canonical":"https:\/\/mantenimientosinformaticos.net\/canarytools\/producto\/varilla-de-nivel-con-indicador-de-nivel-de-aceite-para-audi-y-vw\/","og_locale":"es_ES","og_type":"article","og_title":"REF.:1052.  Varilla de nivel con indicador de nivel de aceite para Audi y VW - Canarytools S.L.","og_description":"adecuado para los modelos Audi y VW que vienen con indicador de nivel de aceite en pantalla o se entregan sin varilla de nivel de aceite un error no advertido en la pantalla puede causar da\u00f1os en el motor si no se verifica manualmente el nivel de aceite \u00fatil despu\u00e9s del cambio del sensor de aceite para calibrar la indicaci\u00f3n en la pantalla del conductor adecuado para los siguientes motores: 3,0 y 2,7 l TDI - 2.0 TDI - 1,8 y 2,0 TFSI - 3,0 y 3,2 TFSI un ajuste preciso de la varilla de medici\u00f3n se muestra en la tabla adjunta para ser utilizado como OEM T40178","og_url":"https:\/\/mantenimientosinformaticos.net\/canarytools\/producto\/varilla-de-nivel-con-indicador-de-nivel-de-aceite-para-audi-y-vw\/","og_site_name":"Canarytools S.L.","og_image":[{"width":842,"height":208,"url":"https:\/\/mantenimientosinformaticos.net\/canarytools\/wp-content\/uploads\/2020\/05\/301-REF.1052.-Varilla-de-nivel-con-indicador-de-nivel-de-aceite-para-Audi-y-VW.jpg","type":"image\/jpeg"}],"twitter_card":"summary_large_image","schema":{"@context":"https:\/\/schema.org","@graph":[{"@type":"WebPage","@id":"https:\/\/mantenimientosinformaticos.net\/canarytools\/producto\/varilla-de-nivel-con-indicador-de-nivel-de-aceite-para-audi-y-vw\/","url":"https:\/\/mantenimientosinformaticos.net\/canarytools\/producto\/varilla-de-nivel-con-indicador-de-nivel-de-aceite-para-audi-y-vw\/","name":"REF.:1052. Varilla de nivel con indicador de nivel de aceite para Audi y VW - Canarytools S.L.","isPartOf":{"@id":"https:\/\/mantenimientosinformaticos.net\/canarytools\/#website"},"primaryImageOfPage":{"@id":"https:\/\/mantenimientosinformaticos.net\/canarytools\/producto\/varilla-de-nivel-con-indicador-de-nivel-de-aceite-para-audi-y-vw\/#primaryimage"},"image":{"@id":"https:\/\/mantenimientosinformaticos.net\/canarytools\/producto\/varilla-de-nivel-con-indicador-de-nivel-de-aceite-para-audi-y-vw\/#primaryimage"},"thumbnailUrl":"https:\/\/mantenimientosinformaticos.net\/canarytools\/wp-content\/uploads\/2020\/05\/301-REF.1052.-Varilla-de-nivel-con-indicador-de-nivel-de-aceite-para-Audi-y-VW.jpg","datePublished":"2020-05-08T14:42:37+00:00","dateModified":"2020-05-08T14:42:37+00:00","breadcrumb":{"@id":"https:\/\/mantenimientosinformaticos.net\/canarytools\/producto\/varilla-de-nivel-con-indicador-de-nivel-de-aceite-para-audi-y-vw\/#breadcrumb"},"inLanguage":"es","potentialAction":[{"@type":"ReadAction","target":["https:\/\/mantenimientosinformaticos.net\/canarytools\/producto\/varilla-de-nivel-con-indicador-de-nivel-de-aceite-para-audi-y-vw\/"]}]},{"@type":"ImageObject","inLanguage":"es","@id":"https:\/\/mantenimientosinformaticos.net\/canarytools\/producto\/varilla-de-nivel-con-indicador-de-nivel-de-aceite-para-audi-y-vw\/#primaryimage","url":"https:\/\/mantenimientosinformaticos.net\/canarytools\/wp-content\/uploads\/2020\/05\/301-REF.1052.-Varilla-de-nivel-con-indicador-de-nivel-de-aceite-para-Audi-y-VW.jpg","contentUrl":"https:\/\/mantenimientosinformaticos.net\/canarytools\/wp-content\/uploads\/2020\/05\/301-REF.1052.-Varilla-de-nivel-con-indicador-de-nivel-de-aceite-para-Audi-y-VW.jpg","width":842,"height":208,"caption":"REF.:1052. Varilla de nivel con indicador de nivel de aceite para Audi y VW"},{"@type":"BreadcrumbList","@id":"https:\/\/mantenimientosinformaticos.net\/canarytools\/producto\/varilla-de-nivel-con-indicador-de-nivel-de-aceite-para-audi-y-vw\/#breadcrumb","itemListElement":[{"@type":"ListItem","position":1,"name":"Portada","item":"https:\/\/mantenimientosinformaticos.net\/canarytools\/"},{"@type":"ListItem","position":2,"name":"Tienda","item":"https:\/\/mantenimientosinformaticos.net\/canarytools\/tienda\/"},{"@type":"ListItem","position":3,"name":"REF.:1052. Varilla de nivel con indicador de nivel de aceite para Audi y VW"}]},{"@type":"WebSite","@id":"https:\/\/mantenimientosinformaticos.net\/canarytools\/#website","url":"https:\/\/mantenimientosinformaticos.net\/canarytools\/","name":"Canarytools S.L.","description":"Herramientas y M\u00e1quinas","publisher":{"@id":"https:\/\/mantenimientosinformaticos.net\/canarytools\/#\/schema\/person\/355e32754b03bb24b681f1b6917e49bf"},"potentialAction":[{"@type":"SearchAction","target":{"@type":"EntryPoint","urlTemplate":"https:\/\/mantenimientosinformaticos.net\/canarytools\/?s={search_term_string}"},"query-input":"required name=search_term_string"}],"inLanguage":"es"},{"@type":["Person","Organization"],"@id":"https:\/\/mantenimientosinformaticos.net\/canarytools\/#\/schema\/person\/355e32754b03bb24b681f1b6917e49bf","name":"canarytools.xnetdigital","image":{"@type":"ImageObject","inLanguage":"es","@id":"https:\/\/mantenimientosinformaticos.net\/canarytools\/#\/schema\/person\/image\/","url":"https:\/\/mantenimientosinformaticos.net\/canarytools\/wp-content\/uploads\/2023\/12\/canary-tools-logo.png","contentUrl":"https:\/\/mantenimientosinformaticos.net\/canarytools\/wp-content\/uploads\/2023\/12\/canary-tools-logo.png","width":1302,"height":440,"caption":"canarytools.xnetdigital"},"logo":{"@id":"https:\/\/mantenimientosinformaticos.net\/canarytools\/#\/schema\/person\/image\/"},"sameAs":["https:\/\/mantenimientosinformaticos.net\/canarytools"]}]}},"_links":{"self":[{"href":"https:\/\/mantenimientosinformaticos.net\/canarytools\/wp-json\/wp\/v2\/product\/4389","targetHints":{"allow":["GET"]}}],"collection":[{"href":"https:\/\/mantenimientosinformaticos.net\/canarytools\/wp-json\/wp\/v2\/product"}],"about":[{"href":"https:\/\/mantenimientosinformaticos.net\/canarytools\/wp-json\/wp\/v2\/types\/product"}],"replies":[{"embeddable":true,"href":"https:\/\/mantenimientosinformaticos.net\/canarytools\/wp-json\/wp\/v2\/comments?post=4389"}],"wp:featuredmedia":[{"embeddable":true,"href":"https:\/\/mantenimientosinformaticos.net\/canarytools\/wp-json\/wp\/v2\/media\/4388"}],"wp:attachment":[{"href":"https:\/\/mantenimientosinformaticos.net\/canarytools\/wp-json\/wp\/v2\/media?parent=4389"}],"wp:term":[{"taxonomy":"product_cat","embeddable":true,"href":"https:\/\/mantenimientosinformaticos.net\/canarytools\/wp-json\/wp\/v2\/product_cat?post=4389"},{"taxonomy":"product_tag","embeddable":true,"href":"https:\/\/mantenimientosinformaticos.net\/canarytools\/wp-json\/wp\/v2\/product_tag?post=4389"}],"curies":[{"name":"wp","href":"https:\/\/api.w.org\/{rel}","templated":true}]}}