{"id":4343,"date":"2020-05-08T15:29:49","date_gmt":"2020-05-08T13:29:49","guid":{"rendered":"https:\/\/mantenimientosinformaticos.net\/canarytools\/producto\/llave-para-tapones-de-drenaje-de-aceite-para-vag\/"},"modified":"2020-05-08T15:29:49","modified_gmt":"2020-05-08T13:29:49","slug":"llave-para-tapones-de-drenaje-de-aceite-para-vag","status":"publish","type":"product","link":"https:\/\/mantenimientosinformaticos.net\/canarytools\/producto\/llave-para-tapones-de-drenaje-de-aceite-para-vag\/","title":{"rendered":"REF.:9060.     Llave para tapones de drenaje de aceite para VAG"},"content":{"rendered":"","protected":false},"excerpt":{"rendered":"<ul style=\"margin:0px 0px 20px;list-style:none;padding:0px;color:#58595b;font-family:'PT Sans', 'Helvetica Neue', Helvetica, Arial, sans-serif;font-size:14px;line-height:20px;background-color:#ffffff;\">\n<li>para aflojar y apretar de manera profesional los tapones de drenaje de aceite de pl\u00e1stico<\/li>\n<li>apto para tapones de drenaje de aceite en c\u00e1rteres de pl\u00e1stico, instalados en:\n<ul style=\"margin:0px 0px 0px 20px;list-style:none;padding:0px;\">\n<li>Audi A1, A3, A4, A5, A6, A7, Q3, Q5, Q7, TT, TTS<\/li>\n<li>Seat Alhambra, Leon, Toledo<\/li>\n<li>Skoda Octavia, Rapid, Superb, Yeti<\/li>\n<li>VW Beetle, Caddy, CC, Golf, Jetta, Passat, Polo, Scirocco, Sharan, Tiguan, Touran<\/li>\n<\/ul>\n<\/li>\n<li>para ser utilizado como OEM T10549<\/li>\n<\/ul>\n","protected":false},"featured_media":4342,"comment_status":"open","ping_status":"closed","template":"","meta":[],"product_cat":[591,520],"product_tag":[],"class_list":{"0":"post-4343","1":"product","2":"type-product","3":"status-publish","4":"has-post-thumbnail","6":"product_cat-vaciado-llenado","7":"product_cat-servicio-de-aceite","9":"first","10":"instock","11":"shipping-taxable","12":"purchasable","13":"product-type-simple"},"yoast_head":"<!-- This site is optimized with the Yoast SEO plugin v22.7 - https:\/\/yoast.com\/wordpress\/plugins\/seo\/ -->\n<title>REF.:9060.   Llave para tapones de drenaje de aceite para VAG - Canarytools S.L.<\/title>\n<meta name=\"robots\" content=\"index, follow, max-snippet:-1, max-image-preview:large, max-video-preview:-1\" \/>\n<link rel=\"canonical\" href=\"https:\/\/mantenimientosinformaticos.net\/canarytools\/producto\/llave-para-tapones-de-drenaje-de-aceite-para-vag\/\" \/>\n<meta property=\"og:locale\" content=\"es_ES\" \/>\n<meta property=\"og:type\" content=\"article\" \/>\n<meta property=\"og:title\" content=\"REF.:9060.   Llave para tapones de drenaje de aceite para VAG - Canarytools S.L.\" \/>\n<meta property=\"og:description\" content=\"para aflojar y apretar de manera profesional los tapones de drenaje de aceite de pl\u00e1stico apto para tapones de drenaje de aceite en c\u00e1rteres de pl\u00e1stico, instalados en: Audi A1, A3, A4, A5, A6, A7, Q3, Q5, Q7, TT, TTS Seat Alhambra, Leon, Toledo Skoda Octavia, Rapid, Superb, Yeti VW Beetle, Caddy, CC, Golf, Jetta, Passat, Polo, Scirocco, Sharan, Tiguan, Touran para ser utilizado como OEM T10549\" \/>\n<meta property=\"og:url\" content=\"https:\/\/mantenimientosinformaticos.net\/canarytools\/producto\/llave-para-tapones-de-drenaje-de-aceite-para-vag\/\" \/>\n<meta property=\"og:site_name\" content=\"Canarytools S.L.\" \/>\n<meta property=\"og:image\" content=\"https:\/\/mantenimientosinformaticos.net\/canarytools\/wp-content\/uploads\/2020\/05\/278-REF.9060.-Llave-para-tapones-de-drenaje-de-aceite-para-VAG.jpg\" \/>\n\t<meta property=\"og:image:width\" content=\"156\" \/>\n\t<meta property=\"og:image:height\" content=\"138\" \/>\n\t<meta property=\"og:image:type\" content=\"image\/jpeg\" \/>\n<meta name=\"twitter:card\" content=\"summary_large_image\" \/>\n<script type=\"application\/ld+json\" class=\"yoast-schema-graph\">{\"@context\":\"https:\/\/schema.org\",\"@graph\":[{\"@type\":\"WebPage\",\"@id\":\"https:\/\/mantenimientosinformaticos.net\/canarytools\/producto\/llave-para-tapones-de-drenaje-de-aceite-para-vag\/\",\"url\":\"https:\/\/mantenimientosinformaticos.net\/canarytools\/producto\/llave-para-tapones-de-drenaje-de-aceite-para-vag\/\",\"name\":\"REF.:9060. Llave para tapones de drenaje de aceite para VAG - Canarytools S.L.\",\"isPartOf\":{\"@id\":\"https:\/\/mantenimientosinformaticos.net\/canarytools\/#website\"},\"primaryImageOfPage\":{\"@id\":\"https:\/\/mantenimientosinformaticos.net\/canarytools\/producto\/llave-para-tapones-de-drenaje-de-aceite-para-vag\/#primaryimage\"},\"image\":{\"@id\":\"https:\/\/mantenimientosinformaticos.net\/canarytools\/producto\/llave-para-tapones-de-drenaje-de-aceite-para-vag\/#primaryimage\"},\"thumbnailUrl\":\"https:\/\/mantenimientosinformaticos.net\/canarytools\/wp-content\/uploads\/2020\/05\/278-REF.9060.-Llave-para-tapones-de-drenaje-de-aceite-para-VAG.jpg\",\"datePublished\":\"2020-05-08T13:29:49+00:00\",\"dateModified\":\"2020-05-08T13:29:49+00:00\",\"breadcrumb\":{\"@id\":\"https:\/\/mantenimientosinformaticos.net\/canarytools\/producto\/llave-para-tapones-de-drenaje-de-aceite-para-vag\/#breadcrumb\"},\"inLanguage\":\"es\",\"potentialAction\":[{\"@type\":\"ReadAction\",\"target\":[\"https:\/\/mantenimientosinformaticos.net\/canarytools\/producto\/llave-para-tapones-de-drenaje-de-aceite-para-vag\/\"]}]},{\"@type\":\"ImageObject\",\"inLanguage\":\"es\",\"@id\":\"https:\/\/mantenimientosinformaticos.net\/canarytools\/producto\/llave-para-tapones-de-drenaje-de-aceite-para-vag\/#primaryimage\",\"url\":\"https:\/\/mantenimientosinformaticos.net\/canarytools\/wp-content\/uploads\/2020\/05\/278-REF.9060.-Llave-para-tapones-de-drenaje-de-aceite-para-VAG.jpg\",\"contentUrl\":\"https:\/\/mantenimientosinformaticos.net\/canarytools\/wp-content\/uploads\/2020\/05\/278-REF.9060.-Llave-para-tapones-de-drenaje-de-aceite-para-VAG.jpg\",\"width\":156,\"height\":138,\"caption\":\"REF.:9060. Llave para tapones de drenaje de aceite para VAG\"},{\"@type\":\"BreadcrumbList\",\"@id\":\"https:\/\/mantenimientosinformaticos.net\/canarytools\/producto\/llave-para-tapones-de-drenaje-de-aceite-para-vag\/#breadcrumb\",\"itemListElement\":[{\"@type\":\"ListItem\",\"position\":1,\"name\":\"Portada\",\"item\":\"https:\/\/mantenimientosinformaticos.net\/canarytools\/\"},{\"@type\":\"ListItem\",\"position\":2,\"name\":\"Tienda\",\"item\":\"https:\/\/mantenimientosinformaticos.net\/canarytools\/tienda\/\"},{\"@type\":\"ListItem\",\"position\":3,\"name\":\"REF.:9060. Llave para tapones de drenaje de aceite para VAG\"}]},{\"@type\":\"WebSite\",\"@id\":\"https:\/\/mantenimientosinformaticos.net\/canarytools\/#website\",\"url\":\"https:\/\/mantenimientosinformaticos.net\/canarytools\/\",\"name\":\"Canarytools S.L.\",\"description\":\"Herramientas y M\u00e1quinas\",\"publisher\":{\"@id\":\"https:\/\/mantenimientosinformaticos.net\/canarytools\/#\/schema\/person\/355e32754b03bb24b681f1b6917e49bf\"},\"potentialAction\":[{\"@type\":\"SearchAction\",\"target\":{\"@type\":\"EntryPoint\",\"urlTemplate\":\"https:\/\/mantenimientosinformaticos.net\/canarytools\/?s={search_term_string}\"},\"query-input\":\"required name=search_term_string\"}],\"inLanguage\":\"es\"},{\"@type\":[\"Person\",\"Organization\"],\"@id\":\"https:\/\/mantenimientosinformaticos.net\/canarytools\/#\/schema\/person\/355e32754b03bb24b681f1b6917e49bf\",\"name\":\"canarytools.xnetdigital\",\"image\":{\"@type\":\"ImageObject\",\"inLanguage\":\"es\",\"@id\":\"https:\/\/mantenimientosinformaticos.net\/canarytools\/#\/schema\/person\/image\/\",\"url\":\"https:\/\/mantenimientosinformaticos.net\/canarytools\/wp-content\/uploads\/2023\/12\/canary-tools-logo.png\",\"contentUrl\":\"https:\/\/mantenimientosinformaticos.net\/canarytools\/wp-content\/uploads\/2023\/12\/canary-tools-logo.png\",\"width\":1302,\"height\":440,\"caption\":\"canarytools.xnetdigital\"},\"logo\":{\"@id\":\"https:\/\/mantenimientosinformaticos.net\/canarytools\/#\/schema\/person\/image\/\"},\"sameAs\":[\"https:\/\/mantenimientosinformaticos.net\/canarytools\"]}]}<\/script>\n<!-- \/ Yoast SEO plugin. -->","yoast_head_json":{"title":"REF.:9060.   Llave para tapones de drenaje de aceite para VAG - Canarytools S.L.","robots":{"index":"index","follow":"follow","max-snippet":"max-snippet:-1","max-image-preview":"max-image-preview:large","max-video-preview":"max-video-preview:-1"},"canonical":"https:\/\/mantenimientosinformaticos.net\/canarytools\/producto\/llave-para-tapones-de-drenaje-de-aceite-para-vag\/","og_locale":"es_ES","og_type":"article","og_title":"REF.:9060.   Llave para tapones de drenaje de aceite para VAG - Canarytools S.L.","og_description":"para aflojar y apretar de manera profesional los tapones de drenaje de aceite de pl\u00e1stico apto para tapones de drenaje de aceite en c\u00e1rteres de pl\u00e1stico, instalados en: Audi A1, A3, A4, A5, A6, A7, Q3, Q5, Q7, TT, TTS Seat Alhambra, Leon, Toledo Skoda Octavia, Rapid, Superb, Yeti VW Beetle, Caddy, CC, Golf, Jetta, Passat, Polo, Scirocco, Sharan, Tiguan, Touran para ser utilizado como OEM T10549","og_url":"https:\/\/mantenimientosinformaticos.net\/canarytools\/producto\/llave-para-tapones-de-drenaje-de-aceite-para-vag\/","og_site_name":"Canarytools S.L.","og_image":[{"width":156,"height":138,"url":"https:\/\/mantenimientosinformaticos.net\/canarytools\/wp-content\/uploads\/2020\/05\/278-REF.9060.-Llave-para-tapones-de-drenaje-de-aceite-para-VAG.jpg","type":"image\/jpeg"}],"twitter_card":"summary_large_image","schema":{"@context":"https:\/\/schema.org","@graph":[{"@type":"WebPage","@id":"https:\/\/mantenimientosinformaticos.net\/canarytools\/producto\/llave-para-tapones-de-drenaje-de-aceite-para-vag\/","url":"https:\/\/mantenimientosinformaticos.net\/canarytools\/producto\/llave-para-tapones-de-drenaje-de-aceite-para-vag\/","name":"REF.:9060. Llave para tapones de drenaje de aceite para VAG - Canarytools S.L.","isPartOf":{"@id":"https:\/\/mantenimientosinformaticos.net\/canarytools\/#website"},"primaryImageOfPage":{"@id":"https:\/\/mantenimientosinformaticos.net\/canarytools\/producto\/llave-para-tapones-de-drenaje-de-aceite-para-vag\/#primaryimage"},"image":{"@id":"https:\/\/mantenimientosinformaticos.net\/canarytools\/producto\/llave-para-tapones-de-drenaje-de-aceite-para-vag\/#primaryimage"},"thumbnailUrl":"https:\/\/mantenimientosinformaticos.net\/canarytools\/wp-content\/uploads\/2020\/05\/278-REF.9060.-Llave-para-tapones-de-drenaje-de-aceite-para-VAG.jpg","datePublished":"2020-05-08T13:29:49+00:00","dateModified":"2020-05-08T13:29:49+00:00","breadcrumb":{"@id":"https:\/\/mantenimientosinformaticos.net\/canarytools\/producto\/llave-para-tapones-de-drenaje-de-aceite-para-vag\/#breadcrumb"},"inLanguage":"es","potentialAction":[{"@type":"ReadAction","target":["https:\/\/mantenimientosinformaticos.net\/canarytools\/producto\/llave-para-tapones-de-drenaje-de-aceite-para-vag\/"]}]},{"@type":"ImageObject","inLanguage":"es","@id":"https:\/\/mantenimientosinformaticos.net\/canarytools\/producto\/llave-para-tapones-de-drenaje-de-aceite-para-vag\/#primaryimage","url":"https:\/\/mantenimientosinformaticos.net\/canarytools\/wp-content\/uploads\/2020\/05\/278-REF.9060.-Llave-para-tapones-de-drenaje-de-aceite-para-VAG.jpg","contentUrl":"https:\/\/mantenimientosinformaticos.net\/canarytools\/wp-content\/uploads\/2020\/05\/278-REF.9060.-Llave-para-tapones-de-drenaje-de-aceite-para-VAG.jpg","width":156,"height":138,"caption":"REF.:9060. Llave para tapones de drenaje de aceite para VAG"},{"@type":"BreadcrumbList","@id":"https:\/\/mantenimientosinformaticos.net\/canarytools\/producto\/llave-para-tapones-de-drenaje-de-aceite-para-vag\/#breadcrumb","itemListElement":[{"@type":"ListItem","position":1,"name":"Portada","item":"https:\/\/mantenimientosinformaticos.net\/canarytools\/"},{"@type":"ListItem","position":2,"name":"Tienda","item":"https:\/\/mantenimientosinformaticos.net\/canarytools\/tienda\/"},{"@type":"ListItem","position":3,"name":"REF.:9060. Llave para tapones de drenaje de aceite para VAG"}]},{"@type":"WebSite","@id":"https:\/\/mantenimientosinformaticos.net\/canarytools\/#website","url":"https:\/\/mantenimientosinformaticos.net\/canarytools\/","name":"Canarytools S.L.","description":"Herramientas y M\u00e1quinas","publisher":{"@id":"https:\/\/mantenimientosinformaticos.net\/canarytools\/#\/schema\/person\/355e32754b03bb24b681f1b6917e49bf"},"potentialAction":[{"@type":"SearchAction","target":{"@type":"EntryPoint","urlTemplate":"https:\/\/mantenimientosinformaticos.net\/canarytools\/?s={search_term_string}"},"query-input":"required name=search_term_string"}],"inLanguage":"es"},{"@type":["Person","Organization"],"@id":"https:\/\/mantenimientosinformaticos.net\/canarytools\/#\/schema\/person\/355e32754b03bb24b681f1b6917e49bf","name":"canarytools.xnetdigital","image":{"@type":"ImageObject","inLanguage":"es","@id":"https:\/\/mantenimientosinformaticos.net\/canarytools\/#\/schema\/person\/image\/","url":"https:\/\/mantenimientosinformaticos.net\/canarytools\/wp-content\/uploads\/2023\/12\/canary-tools-logo.png","contentUrl":"https:\/\/mantenimientosinformaticos.net\/canarytools\/wp-content\/uploads\/2023\/12\/canary-tools-logo.png","width":1302,"height":440,"caption":"canarytools.xnetdigital"},"logo":{"@id":"https:\/\/mantenimientosinformaticos.net\/canarytools\/#\/schema\/person\/image\/"},"sameAs":["https:\/\/mantenimientosinformaticos.net\/canarytools"]}]}},"_links":{"self":[{"href":"https:\/\/mantenimientosinformaticos.net\/canarytools\/wp-json\/wp\/v2\/product\/4343","targetHints":{"allow":["GET"]}}],"collection":[{"href":"https:\/\/mantenimientosinformaticos.net\/canarytools\/wp-json\/wp\/v2\/product"}],"about":[{"href":"https:\/\/mantenimientosinformaticos.net\/canarytools\/wp-json\/wp\/v2\/types\/product"}],"replies":[{"embeddable":true,"href":"https:\/\/mantenimientosinformaticos.net\/canarytools\/wp-json\/wp\/v2\/comments?post=4343"}],"wp:featuredmedia":[{"embeddable":true,"href":"https:\/\/mantenimientosinformaticos.net\/canarytools\/wp-json\/wp\/v2\/media\/4342"}],"wp:attachment":[{"href":"https:\/\/mantenimientosinformaticos.net\/canarytools\/wp-json\/wp\/v2\/media?parent=4343"}],"wp:term":[{"taxonomy":"product_cat","embeddable":true,"href":"https:\/\/mantenimientosinformaticos.net\/canarytools\/wp-json\/wp\/v2\/product_cat?post=4343"},{"taxonomy":"product_tag","embeddable":true,"href":"https:\/\/mantenimientosinformaticos.net\/canarytools\/wp-json\/wp\/v2\/product_tag?post=4343"}],"curies":[{"name":"wp","href":"https:\/\/api.w.org\/{rel}","templated":true}]}}