{"id":4307,"date":"2020-05-08T14:44:59","date_gmt":"2020-05-08T12:44:59","guid":{"rendered":"https:\/\/mantenimientosinformaticos.net\/canarytools\/producto\/llave-de-cadena-para-filtrosdeaceite-o-60-160-mm\/"},"modified":"2020-05-08T14:44:59","modified_gmt":"2020-05-08T12:44:59","slug":"llave-de-cadena-para-filtrosdeaceite-o-60-160-mm","status":"publish","type":"product","link":"https:\/\/mantenimientosinformaticos.net\/canarytools\/producto\/llave-de-cadena-para-filtrosdeaceite-o-60-160-mm\/","title":{"rendered":"REF.:1011.   Llave de cadena para filtros de aceite \u00d8 60 &#8211; 160 mm"},"content":{"rendered":"","protected":false},"excerpt":{"rendered":"<ul style=\"margin:0px 0px 20px;list-style:none;padding:0px;color:#58595b;font-family:'PT Sans', 'Helvetica Neue', Helvetica, Arial, sans-serif;font-size:14px;line-height:20px;background-color:#ffffff;\">\n<li>herramienta muy robusta con cadena d\u00faplex<\/li>\n<li>ancho de cadena aprox. 22 mm<\/li>\n<li>garra para evitar el deslizamiento<\/li>\n<li>mango con articulaci\u00f3n, permite giro lateral 180\u00b0<\/li>\n<li>f\u00e1cil de usar debido al bloqueo especial de la cadena<\/li>\n<li>adecuado para filtros de aceite \u00d8 60 &#8211; 160 mm<\/li>\n<\/ul>\n","protected":false},"featured_media":4306,"comment_status":"open","ping_status":"closed","template":"","meta":[],"product_cat":[586,520],"product_tag":[],"class_list":{"0":"post-4307","1":"product","2":"type-product","3":"status-publish","4":"has-post-thumbnail","6":"product_cat-llaves-de-filtro","7":"product_cat-servicio-de-aceite","9":"first","10":"instock","11":"shipping-taxable","12":"purchasable","13":"product-type-simple"},"yoast_head":"<!-- This site is optimized with the Yoast SEO plugin v22.7 - https:\/\/yoast.com\/wordpress\/plugins\/seo\/ -->\n<title>REF.:1011.  Llave de cadena para filtros de aceite \u00d8 60 - 160 mm - Canarytools S.L.<\/title>\n<meta name=\"robots\" content=\"index, follow, max-snippet:-1, max-image-preview:large, max-video-preview:-1\" \/>\n<link rel=\"canonical\" href=\"https:\/\/mantenimientosinformaticos.net\/canarytools\/producto\/llave-de-cadena-para-filtrosdeaceite-o-60-160-mm\/\" \/>\n<meta property=\"og:locale\" content=\"es_ES\" \/>\n<meta property=\"og:type\" content=\"article\" \/>\n<meta property=\"og:title\" content=\"REF.:1011.  Llave de cadena para filtros de aceite \u00d8 60 - 160 mm - Canarytools S.L.\" \/>\n<meta property=\"og:description\" content=\"herramienta muy robusta con cadena d\u00faplex ancho de cadena aprox. 22 mm garra para evitar el deslizamiento mango con articulaci\u00f3n, permite giro lateral 180\u00b0 f\u00e1cil de usar debido al bloqueo especial de la cadena adecuado para filtros de aceite \u00d8 60 - 160 mm\" \/>\n<meta property=\"og:url\" content=\"https:\/\/mantenimientosinformaticos.net\/canarytools\/producto\/llave-de-cadena-para-filtrosdeaceite-o-60-160-mm\/\" \/>\n<meta property=\"og:site_name\" content=\"Canarytools S.L.\" \/>\n<meta property=\"og:image\" content=\"https:\/\/mantenimientosinformaticos.net\/canarytools\/wp-content\/uploads\/2020\/05\/260-REF.1011.-Llave-de-cadena-para-filtros-de-aceite-O-60-160-mm.jpg\" \/>\n\t<meta property=\"og:image:width\" content=\"843\" \/>\n\t<meta property=\"og:image:height\" content=\"446\" \/>\n\t<meta property=\"og:image:type\" content=\"image\/jpeg\" \/>\n<meta name=\"twitter:card\" content=\"summary_large_image\" \/>\n<script type=\"application\/ld+json\" class=\"yoast-schema-graph\">{\"@context\":\"https:\/\/schema.org\",\"@graph\":[{\"@type\":\"WebPage\",\"@id\":\"https:\/\/mantenimientosinformaticos.net\/canarytools\/producto\/llave-de-cadena-para-filtrosdeaceite-o-60-160-mm\/\",\"url\":\"https:\/\/mantenimientosinformaticos.net\/canarytools\/producto\/llave-de-cadena-para-filtrosdeaceite-o-60-160-mm\/\",\"name\":\"REF.:1011. Llave de cadena para filtros de aceite \u00d8 60 - 160 mm - Canarytools S.L.\",\"isPartOf\":{\"@id\":\"https:\/\/mantenimientosinformaticos.net\/canarytools\/#website\"},\"primaryImageOfPage\":{\"@id\":\"https:\/\/mantenimientosinformaticos.net\/canarytools\/producto\/llave-de-cadena-para-filtrosdeaceite-o-60-160-mm\/#primaryimage\"},\"image\":{\"@id\":\"https:\/\/mantenimientosinformaticos.net\/canarytools\/producto\/llave-de-cadena-para-filtrosdeaceite-o-60-160-mm\/#primaryimage\"},\"thumbnailUrl\":\"https:\/\/mantenimientosinformaticos.net\/canarytools\/wp-content\/uploads\/2020\/05\/260-REF.1011.-Llave-de-cadena-para-filtros-de-aceite-O-60-160-mm.jpg\",\"datePublished\":\"2020-05-08T12:44:59+00:00\",\"dateModified\":\"2020-05-08T12:44:59+00:00\",\"breadcrumb\":{\"@id\":\"https:\/\/mantenimientosinformaticos.net\/canarytools\/producto\/llave-de-cadena-para-filtrosdeaceite-o-60-160-mm\/#breadcrumb\"},\"inLanguage\":\"es\",\"potentialAction\":[{\"@type\":\"ReadAction\",\"target\":[\"https:\/\/mantenimientosinformaticos.net\/canarytools\/producto\/llave-de-cadena-para-filtrosdeaceite-o-60-160-mm\/\"]}]},{\"@type\":\"ImageObject\",\"inLanguage\":\"es\",\"@id\":\"https:\/\/mantenimientosinformaticos.net\/canarytools\/producto\/llave-de-cadena-para-filtrosdeaceite-o-60-160-mm\/#primaryimage\",\"url\":\"https:\/\/mantenimientosinformaticos.net\/canarytools\/wp-content\/uploads\/2020\/05\/260-REF.1011.-Llave-de-cadena-para-filtros-de-aceite-O-60-160-mm.jpg\",\"contentUrl\":\"https:\/\/mantenimientosinformaticos.net\/canarytools\/wp-content\/uploads\/2020\/05\/260-REF.1011.-Llave-de-cadena-para-filtros-de-aceite-O-60-160-mm.jpg\",\"width\":843,\"height\":446,\"caption\":\"REF.:1011. Llave de cadena para filtros de aceite \u00d8 60 - 160 mm\"},{\"@type\":\"BreadcrumbList\",\"@id\":\"https:\/\/mantenimientosinformaticos.net\/canarytools\/producto\/llave-de-cadena-para-filtrosdeaceite-o-60-160-mm\/#breadcrumb\",\"itemListElement\":[{\"@type\":\"ListItem\",\"position\":1,\"name\":\"Portada\",\"item\":\"https:\/\/mantenimientosinformaticos.net\/canarytools\/\"},{\"@type\":\"ListItem\",\"position\":2,\"name\":\"Tienda\",\"item\":\"https:\/\/mantenimientosinformaticos.net\/canarytools\/tienda\/\"},{\"@type\":\"ListItem\",\"position\":3,\"name\":\"REF.:1011. Llave de cadena para filtros de aceite \u00d8 60 &#8211; 160 mm\"}]},{\"@type\":\"WebSite\",\"@id\":\"https:\/\/mantenimientosinformaticos.net\/canarytools\/#website\",\"url\":\"https:\/\/mantenimientosinformaticos.net\/canarytools\/\",\"name\":\"Canarytools S.L.\",\"description\":\"Herramientas y M\u00e1quinas\",\"publisher\":{\"@id\":\"https:\/\/mantenimientosinformaticos.net\/canarytools\/#\/schema\/person\/355e32754b03bb24b681f1b6917e49bf\"},\"potentialAction\":[{\"@type\":\"SearchAction\",\"target\":{\"@type\":\"EntryPoint\",\"urlTemplate\":\"https:\/\/mantenimientosinformaticos.net\/canarytools\/?s={search_term_string}\"},\"query-input\":\"required name=search_term_string\"}],\"inLanguage\":\"es\"},{\"@type\":[\"Person\",\"Organization\"],\"@id\":\"https:\/\/mantenimientosinformaticos.net\/canarytools\/#\/schema\/person\/355e32754b03bb24b681f1b6917e49bf\",\"name\":\"canarytools.xnetdigital\",\"image\":{\"@type\":\"ImageObject\",\"inLanguage\":\"es\",\"@id\":\"https:\/\/mantenimientosinformaticos.net\/canarytools\/#\/schema\/person\/image\/\",\"url\":\"https:\/\/mantenimientosinformaticos.net\/canarytools\/wp-content\/uploads\/2023\/12\/canary-tools-logo.png\",\"contentUrl\":\"https:\/\/mantenimientosinformaticos.net\/canarytools\/wp-content\/uploads\/2023\/12\/canary-tools-logo.png\",\"width\":1302,\"height\":440,\"caption\":\"canarytools.xnetdigital\"},\"logo\":{\"@id\":\"https:\/\/mantenimientosinformaticos.net\/canarytools\/#\/schema\/person\/image\/\"},\"sameAs\":[\"https:\/\/mantenimientosinformaticos.net\/canarytools\"]}]}<\/script>\n<!-- \/ Yoast SEO plugin. -->","yoast_head_json":{"title":"REF.:1011.  Llave de cadena para filtros de aceite \u00d8 60 - 160 mm - Canarytools S.L.","robots":{"index":"index","follow":"follow","max-snippet":"max-snippet:-1","max-image-preview":"max-image-preview:large","max-video-preview":"max-video-preview:-1"},"canonical":"https:\/\/mantenimientosinformaticos.net\/canarytools\/producto\/llave-de-cadena-para-filtrosdeaceite-o-60-160-mm\/","og_locale":"es_ES","og_type":"article","og_title":"REF.:1011.  Llave de cadena para filtros de aceite \u00d8 60 - 160 mm - Canarytools S.L.","og_description":"herramienta muy robusta con cadena d\u00faplex ancho de cadena aprox. 22 mm garra para evitar el deslizamiento mango con articulaci\u00f3n, permite giro lateral 180\u00b0 f\u00e1cil de usar debido al bloqueo especial de la cadena adecuado para filtros de aceite \u00d8 60 - 160 mm","og_url":"https:\/\/mantenimientosinformaticos.net\/canarytools\/producto\/llave-de-cadena-para-filtrosdeaceite-o-60-160-mm\/","og_site_name":"Canarytools S.L.","og_image":[{"width":843,"height":446,"url":"https:\/\/mantenimientosinformaticos.net\/canarytools\/wp-content\/uploads\/2020\/05\/260-REF.1011.-Llave-de-cadena-para-filtros-de-aceite-O-60-160-mm.jpg","type":"image\/jpeg"}],"twitter_card":"summary_large_image","schema":{"@context":"https:\/\/schema.org","@graph":[{"@type":"WebPage","@id":"https:\/\/mantenimientosinformaticos.net\/canarytools\/producto\/llave-de-cadena-para-filtrosdeaceite-o-60-160-mm\/","url":"https:\/\/mantenimientosinformaticos.net\/canarytools\/producto\/llave-de-cadena-para-filtrosdeaceite-o-60-160-mm\/","name":"REF.:1011. Llave de cadena para filtros de aceite \u00d8 60 - 160 mm - Canarytools S.L.","isPartOf":{"@id":"https:\/\/mantenimientosinformaticos.net\/canarytools\/#website"},"primaryImageOfPage":{"@id":"https:\/\/mantenimientosinformaticos.net\/canarytools\/producto\/llave-de-cadena-para-filtrosdeaceite-o-60-160-mm\/#primaryimage"},"image":{"@id":"https:\/\/mantenimientosinformaticos.net\/canarytools\/producto\/llave-de-cadena-para-filtrosdeaceite-o-60-160-mm\/#primaryimage"},"thumbnailUrl":"https:\/\/mantenimientosinformaticos.net\/canarytools\/wp-content\/uploads\/2020\/05\/260-REF.1011.-Llave-de-cadena-para-filtros-de-aceite-O-60-160-mm.jpg","datePublished":"2020-05-08T12:44:59+00:00","dateModified":"2020-05-08T12:44:59+00:00","breadcrumb":{"@id":"https:\/\/mantenimientosinformaticos.net\/canarytools\/producto\/llave-de-cadena-para-filtrosdeaceite-o-60-160-mm\/#breadcrumb"},"inLanguage":"es","potentialAction":[{"@type":"ReadAction","target":["https:\/\/mantenimientosinformaticos.net\/canarytools\/producto\/llave-de-cadena-para-filtrosdeaceite-o-60-160-mm\/"]}]},{"@type":"ImageObject","inLanguage":"es","@id":"https:\/\/mantenimientosinformaticos.net\/canarytools\/producto\/llave-de-cadena-para-filtrosdeaceite-o-60-160-mm\/#primaryimage","url":"https:\/\/mantenimientosinformaticos.net\/canarytools\/wp-content\/uploads\/2020\/05\/260-REF.1011.-Llave-de-cadena-para-filtros-de-aceite-O-60-160-mm.jpg","contentUrl":"https:\/\/mantenimientosinformaticos.net\/canarytools\/wp-content\/uploads\/2020\/05\/260-REF.1011.-Llave-de-cadena-para-filtros-de-aceite-O-60-160-mm.jpg","width":843,"height":446,"caption":"REF.:1011. Llave de cadena para filtros de aceite \u00d8 60 - 160 mm"},{"@type":"BreadcrumbList","@id":"https:\/\/mantenimientosinformaticos.net\/canarytools\/producto\/llave-de-cadena-para-filtrosdeaceite-o-60-160-mm\/#breadcrumb","itemListElement":[{"@type":"ListItem","position":1,"name":"Portada","item":"https:\/\/mantenimientosinformaticos.net\/canarytools\/"},{"@type":"ListItem","position":2,"name":"Tienda","item":"https:\/\/mantenimientosinformaticos.net\/canarytools\/tienda\/"},{"@type":"ListItem","position":3,"name":"REF.:1011. Llave de cadena para filtros de aceite \u00d8 60 &#8211; 160 mm"}]},{"@type":"WebSite","@id":"https:\/\/mantenimientosinformaticos.net\/canarytools\/#website","url":"https:\/\/mantenimientosinformaticos.net\/canarytools\/","name":"Canarytools S.L.","description":"Herramientas y M\u00e1quinas","publisher":{"@id":"https:\/\/mantenimientosinformaticos.net\/canarytools\/#\/schema\/person\/355e32754b03bb24b681f1b6917e49bf"},"potentialAction":[{"@type":"SearchAction","target":{"@type":"EntryPoint","urlTemplate":"https:\/\/mantenimientosinformaticos.net\/canarytools\/?s={search_term_string}"},"query-input":"required name=search_term_string"}],"inLanguage":"es"},{"@type":["Person","Organization"],"@id":"https:\/\/mantenimientosinformaticos.net\/canarytools\/#\/schema\/person\/355e32754b03bb24b681f1b6917e49bf","name":"canarytools.xnetdigital","image":{"@type":"ImageObject","inLanguage":"es","@id":"https:\/\/mantenimientosinformaticos.net\/canarytools\/#\/schema\/person\/image\/","url":"https:\/\/mantenimientosinformaticos.net\/canarytools\/wp-content\/uploads\/2023\/12\/canary-tools-logo.png","contentUrl":"https:\/\/mantenimientosinformaticos.net\/canarytools\/wp-content\/uploads\/2023\/12\/canary-tools-logo.png","width":1302,"height":440,"caption":"canarytools.xnetdigital"},"logo":{"@id":"https:\/\/mantenimientosinformaticos.net\/canarytools\/#\/schema\/person\/image\/"},"sameAs":["https:\/\/mantenimientosinformaticos.net\/canarytools"]}]}},"_links":{"self":[{"href":"https:\/\/mantenimientosinformaticos.net\/canarytools\/wp-json\/wp\/v2\/product\/4307","targetHints":{"allow":["GET"]}}],"collection":[{"href":"https:\/\/mantenimientosinformaticos.net\/canarytools\/wp-json\/wp\/v2\/product"}],"about":[{"href":"https:\/\/mantenimientosinformaticos.net\/canarytools\/wp-json\/wp\/v2\/types\/product"}],"replies":[{"embeddable":true,"href":"https:\/\/mantenimientosinformaticos.net\/canarytools\/wp-json\/wp\/v2\/comments?post=4307"}],"wp:featuredmedia":[{"embeddable":true,"href":"https:\/\/mantenimientosinformaticos.net\/canarytools\/wp-json\/wp\/v2\/media\/4306"}],"wp:attachment":[{"href":"https:\/\/mantenimientosinformaticos.net\/canarytools\/wp-json\/wp\/v2\/media?parent=4307"}],"wp:term":[{"taxonomy":"product_cat","embeddable":true,"href":"https:\/\/mantenimientosinformaticos.net\/canarytools\/wp-json\/wp\/v2\/product_cat?post=4307"},{"taxonomy":"product_tag","embeddable":true,"href":"https:\/\/mantenimientosinformaticos.net\/canarytools\/wp-json\/wp\/v2\/product_tag?post=4307"}],"curies":[{"name":"wp","href":"https:\/\/api.w.org\/{rel}","templated":true}]}}