{"id":4293,"date":"2020-05-08T14:16:35","date_gmt":"2020-05-08T12:16:35","guid":{"rendered":"https:\/\/mantenimientosinformaticos.net\/canarytools\/producto\/accesorio-de-taladro-para-esmerilar-valvulas\/"},"modified":"2020-05-08T14:16:35","modified_gmt":"2020-05-08T12:16:35","slug":"accesorio-de-taladro-para-esmerilar-valvulas","status":"publish","type":"product","link":"https:\/\/mantenimientosinformaticos.net\/canarytools\/producto\/accesorio-de-taladro-para-esmerilar-valvulas\/","title":{"rendered":"REF.:1738.    Accesorio de taladro para esmerilar v\u00e1lvulas"},"content":{"rendered":"","protected":false},"excerpt":{"rendered":"<ul style=\"margin:0px 0px 20px;list-style:none;padding:0px;color:#58595b;font-family:'PT Sans', 'Helvetica Neue', Helvetica, Arial, sans-serif;font-size:14px;line-height:20px;background-color:#ffffff;\">\n<li>facilita el rectificado de v\u00e1lvulas<\/li>\n<li>cambio de sentido de giro autom\u00e1tico<\/li>\n<li>para el uso con pasta abrasiva fina<\/li>\n<li>con v\u00e1stago de 8 mm para sujeci\u00f3n en taladros<\/li>\n<li>revoluciones de trabajo de la m\u00e1quina perforadora utilizada m\u00edn. 1000 rpm hasta m\u00e1x. 1250 rpm<\/li>\n<li>4 ventosas diferentes en 20, 30, 35 y 40 mm<\/li>\n<li>v\u00e1stago de 13 mm para la fijaci\u00f3n de las ventosas<\/li>\n<\/ul>\n","protected":false},"featured_media":4292,"comment_status":"open","ping_status":"closed","template":"","meta":[],"product_cat":[516,491],"product_tag":[],"class_list":{"0":"post-4293","1":"product","2":"type-product","3":"status-publish","4":"has-post-thumbnail","6":"product_cat-cilindros-y-culatas","7":"product_cat-herramientas-especiales-para-automoviles","9":"first","10":"instock","11":"shipping-taxable","12":"purchasable","13":"product-type-simple"},"yoast_head":"<!-- This site is optimized with the Yoast SEO plugin v22.7 - https:\/\/yoast.com\/wordpress\/plugins\/seo\/ -->\n<title>REF.:1738.  Accesorio de taladro para esmerilar v\u00e1lvulas - Canarytools S.L.<\/title>\n<meta name=\"robots\" content=\"index, follow, max-snippet:-1, max-image-preview:large, max-video-preview:-1\" \/>\n<link rel=\"canonical\" href=\"https:\/\/mantenimientosinformaticos.net\/canarytools\/producto\/accesorio-de-taladro-para-esmerilar-valvulas\/\" \/>\n<meta property=\"og:locale\" content=\"es_ES\" \/>\n<meta property=\"og:type\" content=\"article\" \/>\n<meta property=\"og:title\" content=\"REF.:1738.  Accesorio de taladro para esmerilar v\u00e1lvulas - Canarytools S.L.\" \/>\n<meta property=\"og:description\" content=\"facilita el rectificado de v\u00e1lvulas cambio de sentido de giro autom\u00e1tico para el uso con pasta abrasiva fina con v\u00e1stago de 8 mm para sujeci\u00f3n en taladros revoluciones de trabajo de la m\u00e1quina perforadora utilizada m\u00edn. 1000 rpm hasta m\u00e1x. 1250 rpm 4 ventosas diferentes en 20, 30, 35 y 40 mm v\u00e1stago de 13 mm para la fijaci\u00f3n de las ventosas\" \/>\n<meta property=\"og:url\" content=\"https:\/\/mantenimientosinformaticos.net\/canarytools\/producto\/accesorio-de-taladro-para-esmerilar-valvulas\/\" \/>\n<meta property=\"og:site_name\" content=\"Canarytools S.L.\" \/>\n<meta property=\"og:image\" content=\"https:\/\/mantenimientosinformaticos.net\/canarytools\/wp-content\/uploads\/2020\/05\/252-REF.1738.-Accesorio-de-taladro-para-esmerilar-valvulas.jpg\" \/>\n\t<meta property=\"og:image:width\" content=\"843\" \/>\n\t<meta property=\"og:image:height\" content=\"432\" \/>\n\t<meta property=\"og:image:type\" content=\"image\/jpeg\" \/>\n<meta name=\"twitter:card\" content=\"summary_large_image\" \/>\n<script type=\"application\/ld+json\" class=\"yoast-schema-graph\">{\"@context\":\"https:\/\/schema.org\",\"@graph\":[{\"@type\":\"WebPage\",\"@id\":\"https:\/\/mantenimientosinformaticos.net\/canarytools\/producto\/accesorio-de-taladro-para-esmerilar-valvulas\/\",\"url\":\"https:\/\/mantenimientosinformaticos.net\/canarytools\/producto\/accesorio-de-taladro-para-esmerilar-valvulas\/\",\"name\":\"REF.:1738. Accesorio de taladro para esmerilar v\u00e1lvulas - Canarytools S.L.\",\"isPartOf\":{\"@id\":\"https:\/\/mantenimientosinformaticos.net\/canarytools\/#website\"},\"primaryImageOfPage\":{\"@id\":\"https:\/\/mantenimientosinformaticos.net\/canarytools\/producto\/accesorio-de-taladro-para-esmerilar-valvulas\/#primaryimage\"},\"image\":{\"@id\":\"https:\/\/mantenimientosinformaticos.net\/canarytools\/producto\/accesorio-de-taladro-para-esmerilar-valvulas\/#primaryimage\"},\"thumbnailUrl\":\"https:\/\/mantenimientosinformaticos.net\/canarytools\/wp-content\/uploads\/2020\/05\/252-REF.1738.-Accesorio-de-taladro-para-esmerilar-valvulas.jpg\",\"datePublished\":\"2020-05-08T12:16:35+00:00\",\"dateModified\":\"2020-05-08T12:16:35+00:00\",\"breadcrumb\":{\"@id\":\"https:\/\/mantenimientosinformaticos.net\/canarytools\/producto\/accesorio-de-taladro-para-esmerilar-valvulas\/#breadcrumb\"},\"inLanguage\":\"es\",\"potentialAction\":[{\"@type\":\"ReadAction\",\"target\":[\"https:\/\/mantenimientosinformaticos.net\/canarytools\/producto\/accesorio-de-taladro-para-esmerilar-valvulas\/\"]}]},{\"@type\":\"ImageObject\",\"inLanguage\":\"es\",\"@id\":\"https:\/\/mantenimientosinformaticos.net\/canarytools\/producto\/accesorio-de-taladro-para-esmerilar-valvulas\/#primaryimage\",\"url\":\"https:\/\/mantenimientosinformaticos.net\/canarytools\/wp-content\/uploads\/2020\/05\/252-REF.1738.-Accesorio-de-taladro-para-esmerilar-valvulas.jpg\",\"contentUrl\":\"https:\/\/mantenimientosinformaticos.net\/canarytools\/wp-content\/uploads\/2020\/05\/252-REF.1738.-Accesorio-de-taladro-para-esmerilar-valvulas.jpg\",\"width\":843,\"height\":432,\"caption\":\"REF.:1738. Accesorio de taladro para esmerilar v\u00e1lvulas\"},{\"@type\":\"BreadcrumbList\",\"@id\":\"https:\/\/mantenimientosinformaticos.net\/canarytools\/producto\/accesorio-de-taladro-para-esmerilar-valvulas\/#breadcrumb\",\"itemListElement\":[{\"@type\":\"ListItem\",\"position\":1,\"name\":\"Portada\",\"item\":\"https:\/\/mantenimientosinformaticos.net\/canarytools\/\"},{\"@type\":\"ListItem\",\"position\":2,\"name\":\"Tienda\",\"item\":\"https:\/\/mantenimientosinformaticos.net\/canarytools\/tienda\/\"},{\"@type\":\"ListItem\",\"position\":3,\"name\":\"REF.:1738. Accesorio de taladro para esmerilar v\u00e1lvulas\"}]},{\"@type\":\"WebSite\",\"@id\":\"https:\/\/mantenimientosinformaticos.net\/canarytools\/#website\",\"url\":\"https:\/\/mantenimientosinformaticos.net\/canarytools\/\",\"name\":\"Canarytools S.L.\",\"description\":\"Herramientas y M\u00e1quinas\",\"publisher\":{\"@id\":\"https:\/\/mantenimientosinformaticos.net\/canarytools\/#\/schema\/person\/355e32754b03bb24b681f1b6917e49bf\"},\"potentialAction\":[{\"@type\":\"SearchAction\",\"target\":{\"@type\":\"EntryPoint\",\"urlTemplate\":\"https:\/\/mantenimientosinformaticos.net\/canarytools\/?s={search_term_string}\"},\"query-input\":\"required name=search_term_string\"}],\"inLanguage\":\"es\"},{\"@type\":[\"Person\",\"Organization\"],\"@id\":\"https:\/\/mantenimientosinformaticos.net\/canarytools\/#\/schema\/person\/355e32754b03bb24b681f1b6917e49bf\",\"name\":\"canarytools.xnetdigital\",\"image\":{\"@type\":\"ImageObject\",\"inLanguage\":\"es\",\"@id\":\"https:\/\/mantenimientosinformaticos.net\/canarytools\/#\/schema\/person\/image\/\",\"url\":\"https:\/\/mantenimientosinformaticos.net\/canarytools\/wp-content\/uploads\/2023\/12\/canary-tools-logo.png\",\"contentUrl\":\"https:\/\/mantenimientosinformaticos.net\/canarytools\/wp-content\/uploads\/2023\/12\/canary-tools-logo.png\",\"width\":1302,\"height\":440,\"caption\":\"canarytools.xnetdigital\"},\"logo\":{\"@id\":\"https:\/\/mantenimientosinformaticos.net\/canarytools\/#\/schema\/person\/image\/\"},\"sameAs\":[\"https:\/\/mantenimientosinformaticos.net\/canarytools\"]}]}<\/script>\n<!-- \/ Yoast SEO plugin. -->","yoast_head_json":{"title":"REF.:1738.  Accesorio de taladro para esmerilar v\u00e1lvulas - Canarytools S.L.","robots":{"index":"index","follow":"follow","max-snippet":"max-snippet:-1","max-image-preview":"max-image-preview:large","max-video-preview":"max-video-preview:-1"},"canonical":"https:\/\/mantenimientosinformaticos.net\/canarytools\/producto\/accesorio-de-taladro-para-esmerilar-valvulas\/","og_locale":"es_ES","og_type":"article","og_title":"REF.:1738.  Accesorio de taladro para esmerilar v\u00e1lvulas - Canarytools S.L.","og_description":"facilita el rectificado de v\u00e1lvulas cambio de sentido de giro autom\u00e1tico para el uso con pasta abrasiva fina con v\u00e1stago de 8 mm para sujeci\u00f3n en taladros revoluciones de trabajo de la m\u00e1quina perforadora utilizada m\u00edn. 1000 rpm hasta m\u00e1x. 1250 rpm 4 ventosas diferentes en 20, 30, 35 y 40 mm v\u00e1stago de 13 mm para la fijaci\u00f3n de las ventosas","og_url":"https:\/\/mantenimientosinformaticos.net\/canarytools\/producto\/accesorio-de-taladro-para-esmerilar-valvulas\/","og_site_name":"Canarytools S.L.","og_image":[{"width":843,"height":432,"url":"https:\/\/mantenimientosinformaticos.net\/canarytools\/wp-content\/uploads\/2020\/05\/252-REF.1738.-Accesorio-de-taladro-para-esmerilar-valvulas.jpg","type":"image\/jpeg"}],"twitter_card":"summary_large_image","schema":{"@context":"https:\/\/schema.org","@graph":[{"@type":"WebPage","@id":"https:\/\/mantenimientosinformaticos.net\/canarytools\/producto\/accesorio-de-taladro-para-esmerilar-valvulas\/","url":"https:\/\/mantenimientosinformaticos.net\/canarytools\/producto\/accesorio-de-taladro-para-esmerilar-valvulas\/","name":"REF.:1738. Accesorio de taladro para esmerilar v\u00e1lvulas - Canarytools S.L.","isPartOf":{"@id":"https:\/\/mantenimientosinformaticos.net\/canarytools\/#website"},"primaryImageOfPage":{"@id":"https:\/\/mantenimientosinformaticos.net\/canarytools\/producto\/accesorio-de-taladro-para-esmerilar-valvulas\/#primaryimage"},"image":{"@id":"https:\/\/mantenimientosinformaticos.net\/canarytools\/producto\/accesorio-de-taladro-para-esmerilar-valvulas\/#primaryimage"},"thumbnailUrl":"https:\/\/mantenimientosinformaticos.net\/canarytools\/wp-content\/uploads\/2020\/05\/252-REF.1738.-Accesorio-de-taladro-para-esmerilar-valvulas.jpg","datePublished":"2020-05-08T12:16:35+00:00","dateModified":"2020-05-08T12:16:35+00:00","breadcrumb":{"@id":"https:\/\/mantenimientosinformaticos.net\/canarytools\/producto\/accesorio-de-taladro-para-esmerilar-valvulas\/#breadcrumb"},"inLanguage":"es","potentialAction":[{"@type":"ReadAction","target":["https:\/\/mantenimientosinformaticos.net\/canarytools\/producto\/accesorio-de-taladro-para-esmerilar-valvulas\/"]}]},{"@type":"ImageObject","inLanguage":"es","@id":"https:\/\/mantenimientosinformaticos.net\/canarytools\/producto\/accesorio-de-taladro-para-esmerilar-valvulas\/#primaryimage","url":"https:\/\/mantenimientosinformaticos.net\/canarytools\/wp-content\/uploads\/2020\/05\/252-REF.1738.-Accesorio-de-taladro-para-esmerilar-valvulas.jpg","contentUrl":"https:\/\/mantenimientosinformaticos.net\/canarytools\/wp-content\/uploads\/2020\/05\/252-REF.1738.-Accesorio-de-taladro-para-esmerilar-valvulas.jpg","width":843,"height":432,"caption":"REF.:1738. Accesorio de taladro para esmerilar v\u00e1lvulas"},{"@type":"BreadcrumbList","@id":"https:\/\/mantenimientosinformaticos.net\/canarytools\/producto\/accesorio-de-taladro-para-esmerilar-valvulas\/#breadcrumb","itemListElement":[{"@type":"ListItem","position":1,"name":"Portada","item":"https:\/\/mantenimientosinformaticos.net\/canarytools\/"},{"@type":"ListItem","position":2,"name":"Tienda","item":"https:\/\/mantenimientosinformaticos.net\/canarytools\/tienda\/"},{"@type":"ListItem","position":3,"name":"REF.:1738. Accesorio de taladro para esmerilar v\u00e1lvulas"}]},{"@type":"WebSite","@id":"https:\/\/mantenimientosinformaticos.net\/canarytools\/#website","url":"https:\/\/mantenimientosinformaticos.net\/canarytools\/","name":"Canarytools S.L.","description":"Herramientas y M\u00e1quinas","publisher":{"@id":"https:\/\/mantenimientosinformaticos.net\/canarytools\/#\/schema\/person\/355e32754b03bb24b681f1b6917e49bf"},"potentialAction":[{"@type":"SearchAction","target":{"@type":"EntryPoint","urlTemplate":"https:\/\/mantenimientosinformaticos.net\/canarytools\/?s={search_term_string}"},"query-input":"required name=search_term_string"}],"inLanguage":"es"},{"@type":["Person","Organization"],"@id":"https:\/\/mantenimientosinformaticos.net\/canarytools\/#\/schema\/person\/355e32754b03bb24b681f1b6917e49bf","name":"canarytools.xnetdigital","image":{"@type":"ImageObject","inLanguage":"es","@id":"https:\/\/mantenimientosinformaticos.net\/canarytools\/#\/schema\/person\/image\/","url":"https:\/\/mantenimientosinformaticos.net\/canarytools\/wp-content\/uploads\/2023\/12\/canary-tools-logo.png","contentUrl":"https:\/\/mantenimientosinformaticos.net\/canarytools\/wp-content\/uploads\/2023\/12\/canary-tools-logo.png","width":1302,"height":440,"caption":"canarytools.xnetdigital"},"logo":{"@id":"https:\/\/mantenimientosinformaticos.net\/canarytools\/#\/schema\/person\/image\/"},"sameAs":["https:\/\/mantenimientosinformaticos.net\/canarytools"]}]}},"_links":{"self":[{"href":"https:\/\/mantenimientosinformaticos.net\/canarytools\/wp-json\/wp\/v2\/product\/4293","targetHints":{"allow":["GET"]}}],"collection":[{"href":"https:\/\/mantenimientosinformaticos.net\/canarytools\/wp-json\/wp\/v2\/product"}],"about":[{"href":"https:\/\/mantenimientosinformaticos.net\/canarytools\/wp-json\/wp\/v2\/types\/product"}],"replies":[{"embeddable":true,"href":"https:\/\/mantenimientosinformaticos.net\/canarytools\/wp-json\/wp\/v2\/comments?post=4293"}],"wp:featuredmedia":[{"embeddable":true,"href":"https:\/\/mantenimientosinformaticos.net\/canarytools\/wp-json\/wp\/v2\/media\/4292"}],"wp:attachment":[{"href":"https:\/\/mantenimientosinformaticos.net\/canarytools\/wp-json\/wp\/v2\/media?parent=4293"}],"wp:term":[{"taxonomy":"product_cat","embeddable":true,"href":"https:\/\/mantenimientosinformaticos.net\/canarytools\/wp-json\/wp\/v2\/product_cat?post=4293"},{"taxonomy":"product_tag","embeddable":true,"href":"https:\/\/mantenimientosinformaticos.net\/canarytools\/wp-json\/wp\/v2\/product_tag?post=4293"}],"curies":[{"name":"wp","href":"https:\/\/api.w.org\/{rel}","templated":true}]}}