{"id":4245,"date":"2020-05-08T12:21:23","date_gmt":"2020-05-08T10:21:23","guid":{"rendered":"https:\/\/mantenimientosinformaticos.net\/canarytools\/producto\/juego-de-llaves-para-tubos-de-combustible-para-bmw-2-piezas\/"},"modified":"2020-05-08T12:21:23","modified_gmt":"2020-05-08T10:21:23","slug":"juego-de-llaves-para-tubos-de-combustible-para-bmw-2-piezas","status":"publish","type":"product","link":"https:\/\/mantenimientosinformaticos.net\/canarytools\/producto\/juego-de-llaves-para-tubos-de-combustible-para-bmw-2-piezas\/","title":{"rendered":"REF.:9461     Juego de llaves para tubos de combustible para BMW 2 piezas"},"content":{"rendered":"<p>contiene las siguientes medidas de llaves de vaso:<\/p>\n<p>llave de vaso, 12 caras, ranurada, 17 mm, transmisi\u00f3n 12,5 mm (1\/2&#8243;)<br \/>llave de vaso, 12 caras, ranurada, 14 mm, transmisi\u00f3n 10 mm (3\/8&#8243;)<\/p>\n","protected":false},"excerpt":{"rendered":"<ul style=\"margin:0px 0px 20px;list-style:none;padding:0px;color:rgb(88,89,91);font-family:'PT Sans', 'Helvetica Neue', Helvetica, Arial, sans-serif;font-size:14px;line-height:20px;background-color:rgb(255,255,255);\">\n<li>se requiere para el desmontaje \/ montaje de los inyectores<\/li>\n<li>dise\u00f1ado especialmente para motores BMW N54, N63 y S63,<br \/>tambi\u00e9n adecuado para muchos otros modelos de veh\u00edculos<\/li>\n<li>construcci\u00f3n compacta para el uso en espacios reducidos<\/li>\n<li>apertura lateral permite una rotaci\u00f3n de 180 grados<\/li>\n<\/ul>\n","protected":false},"featured_media":4244,"comment_status":"open","ping_status":"closed","template":"","meta":[],"product_cat":[512,491],"product_tag":[],"class_list":{"0":"post-4245","1":"product","2":"type-product","3":"status-publish","4":"has-post-thumbnail","6":"product_cat-herramientas-para-inyectores","7":"product_cat-herramientas-especiales-para-automoviles","9":"first","10":"instock","11":"shipping-taxable","12":"purchasable","13":"product-type-simple"},"yoast_head":"<!-- This site is optimized with the Yoast SEO plugin v22.7 - https:\/\/yoast.com\/wordpress\/plugins\/seo\/ -->\n<title>REF.:9461   Juego de llaves para tubos de combustible para BMW 2 piezas - Canarytools S.L.<\/title>\n<meta name=\"robots\" content=\"index, follow, max-snippet:-1, max-image-preview:large, max-video-preview:-1\" \/>\n<link rel=\"canonical\" href=\"https:\/\/mantenimientosinformaticos.net\/canarytools\/producto\/juego-de-llaves-para-tubos-de-combustible-para-bmw-2-piezas\/\" \/>\n<meta property=\"og:locale\" content=\"es_ES\" \/>\n<meta property=\"og:type\" content=\"article\" \/>\n<meta property=\"og:title\" content=\"REF.:9461   Juego de llaves para tubos de combustible para BMW 2 piezas - Canarytools S.L.\" \/>\n<meta property=\"og:description\" content=\"se requiere para el desmontaje \/ montaje de los inyectores dise\u00f1ado especialmente para motores BMW N54, N63 y S63,tambi\u00e9n adecuado para muchos otros modelos de veh\u00edculos construcci\u00f3n compacta para el uso en espacios reducidos apertura lateral permite una rotaci\u00f3n de 180 grados\" \/>\n<meta property=\"og:url\" content=\"https:\/\/mantenimientosinformaticos.net\/canarytools\/producto\/juego-de-llaves-para-tubos-de-combustible-para-bmw-2-piezas\/\" \/>\n<meta property=\"og:site_name\" content=\"Canarytools S.L.\" \/>\n<meta property=\"og:image\" content=\"https:\/\/mantenimientosinformaticos.net\/canarytools\/wp-content\/uploads\/2020\/05\/226-REF.9461-Juego-de-llaves-para-tubos-de-combustible-para-BMW-2-piezas.jpg\" \/>\n\t<meta property=\"og:image:width\" content=\"389\" \/>\n\t<meta property=\"og:image:height\" content=\"476\" \/>\n\t<meta property=\"og:image:type\" content=\"image\/jpeg\" \/>\n<meta name=\"twitter:card\" content=\"summary_large_image\" \/>\n<script type=\"application\/ld+json\" class=\"yoast-schema-graph\">{\"@context\":\"https:\/\/schema.org\",\"@graph\":[{\"@type\":\"WebPage\",\"@id\":\"https:\/\/mantenimientosinformaticos.net\/canarytools\/producto\/juego-de-llaves-para-tubos-de-combustible-para-bmw-2-piezas\/\",\"url\":\"https:\/\/mantenimientosinformaticos.net\/canarytools\/producto\/juego-de-llaves-para-tubos-de-combustible-para-bmw-2-piezas\/\",\"name\":\"REF.:9461 Juego de llaves para tubos de combustible para BMW 2 piezas - Canarytools S.L.\",\"isPartOf\":{\"@id\":\"https:\/\/mantenimientosinformaticos.net\/canarytools\/#website\"},\"primaryImageOfPage\":{\"@id\":\"https:\/\/mantenimientosinformaticos.net\/canarytools\/producto\/juego-de-llaves-para-tubos-de-combustible-para-bmw-2-piezas\/#primaryimage\"},\"image\":{\"@id\":\"https:\/\/mantenimientosinformaticos.net\/canarytools\/producto\/juego-de-llaves-para-tubos-de-combustible-para-bmw-2-piezas\/#primaryimage\"},\"thumbnailUrl\":\"https:\/\/mantenimientosinformaticos.net\/canarytools\/wp-content\/uploads\/2020\/05\/226-REF.9461-Juego-de-llaves-para-tubos-de-combustible-para-BMW-2-piezas.jpg\",\"datePublished\":\"2020-05-08T10:21:23+00:00\",\"dateModified\":\"2020-05-08T10:21:23+00:00\",\"breadcrumb\":{\"@id\":\"https:\/\/mantenimientosinformaticos.net\/canarytools\/producto\/juego-de-llaves-para-tubos-de-combustible-para-bmw-2-piezas\/#breadcrumb\"},\"inLanguage\":\"es\",\"potentialAction\":[{\"@type\":\"ReadAction\",\"target\":[\"https:\/\/mantenimientosinformaticos.net\/canarytools\/producto\/juego-de-llaves-para-tubos-de-combustible-para-bmw-2-piezas\/\"]}]},{\"@type\":\"ImageObject\",\"inLanguage\":\"es\",\"@id\":\"https:\/\/mantenimientosinformaticos.net\/canarytools\/producto\/juego-de-llaves-para-tubos-de-combustible-para-bmw-2-piezas\/#primaryimage\",\"url\":\"https:\/\/mantenimientosinformaticos.net\/canarytools\/wp-content\/uploads\/2020\/05\/226-REF.9461-Juego-de-llaves-para-tubos-de-combustible-para-BMW-2-piezas.jpg\",\"contentUrl\":\"https:\/\/mantenimientosinformaticos.net\/canarytools\/wp-content\/uploads\/2020\/05\/226-REF.9461-Juego-de-llaves-para-tubos-de-combustible-para-BMW-2-piezas.jpg\",\"width\":389,\"height\":476,\"caption\":\"REF.:9461 Juego de llaves para tubos de combustible para BMW 2 piezas\"},{\"@type\":\"BreadcrumbList\",\"@id\":\"https:\/\/mantenimientosinformaticos.net\/canarytools\/producto\/juego-de-llaves-para-tubos-de-combustible-para-bmw-2-piezas\/#breadcrumb\",\"itemListElement\":[{\"@type\":\"ListItem\",\"position\":1,\"name\":\"Portada\",\"item\":\"https:\/\/mantenimientosinformaticos.net\/canarytools\/\"},{\"@type\":\"ListItem\",\"position\":2,\"name\":\"Tienda\",\"item\":\"https:\/\/mantenimientosinformaticos.net\/canarytools\/tienda\/\"},{\"@type\":\"ListItem\",\"position\":3,\"name\":\"REF.:9461 Juego de llaves para tubos de combustible para BMW 2 piezas\"}]},{\"@type\":\"WebSite\",\"@id\":\"https:\/\/mantenimientosinformaticos.net\/canarytools\/#website\",\"url\":\"https:\/\/mantenimientosinformaticos.net\/canarytools\/\",\"name\":\"Canarytools S.L.\",\"description\":\"Herramientas y M\u00e1quinas\",\"publisher\":{\"@id\":\"https:\/\/mantenimientosinformaticos.net\/canarytools\/#\/schema\/person\/355e32754b03bb24b681f1b6917e49bf\"},\"potentialAction\":[{\"@type\":\"SearchAction\",\"target\":{\"@type\":\"EntryPoint\",\"urlTemplate\":\"https:\/\/mantenimientosinformaticos.net\/canarytools\/?s={search_term_string}\"},\"query-input\":\"required name=search_term_string\"}],\"inLanguage\":\"es\"},{\"@type\":[\"Person\",\"Organization\"],\"@id\":\"https:\/\/mantenimientosinformaticos.net\/canarytools\/#\/schema\/person\/355e32754b03bb24b681f1b6917e49bf\",\"name\":\"canarytools.xnetdigital\",\"image\":{\"@type\":\"ImageObject\",\"inLanguage\":\"es\",\"@id\":\"https:\/\/mantenimientosinformaticos.net\/canarytools\/#\/schema\/person\/image\/\",\"url\":\"https:\/\/mantenimientosinformaticos.net\/canarytools\/wp-content\/uploads\/2023\/12\/canary-tools-logo.png\",\"contentUrl\":\"https:\/\/mantenimientosinformaticos.net\/canarytools\/wp-content\/uploads\/2023\/12\/canary-tools-logo.png\",\"width\":1302,\"height\":440,\"caption\":\"canarytools.xnetdigital\"},\"logo\":{\"@id\":\"https:\/\/mantenimientosinformaticos.net\/canarytools\/#\/schema\/person\/image\/\"},\"sameAs\":[\"https:\/\/mantenimientosinformaticos.net\/canarytools\"]}]}<\/script>\n<!-- \/ Yoast SEO plugin. -->","yoast_head_json":{"title":"REF.:9461   Juego de llaves para tubos de combustible para BMW 2 piezas - Canarytools S.L.","robots":{"index":"index","follow":"follow","max-snippet":"max-snippet:-1","max-image-preview":"max-image-preview:large","max-video-preview":"max-video-preview:-1"},"canonical":"https:\/\/mantenimientosinformaticos.net\/canarytools\/producto\/juego-de-llaves-para-tubos-de-combustible-para-bmw-2-piezas\/","og_locale":"es_ES","og_type":"article","og_title":"REF.:9461   Juego de llaves para tubos de combustible para BMW 2 piezas - Canarytools S.L.","og_description":"se requiere para el desmontaje \/ montaje de los inyectores dise\u00f1ado especialmente para motores BMW N54, N63 y S63,tambi\u00e9n adecuado para muchos otros modelos de veh\u00edculos construcci\u00f3n compacta para el uso en espacios reducidos apertura lateral permite una rotaci\u00f3n de 180 grados","og_url":"https:\/\/mantenimientosinformaticos.net\/canarytools\/producto\/juego-de-llaves-para-tubos-de-combustible-para-bmw-2-piezas\/","og_site_name":"Canarytools S.L.","og_image":[{"width":389,"height":476,"url":"https:\/\/mantenimientosinformaticos.net\/canarytools\/wp-content\/uploads\/2020\/05\/226-REF.9461-Juego-de-llaves-para-tubos-de-combustible-para-BMW-2-piezas.jpg","type":"image\/jpeg"}],"twitter_card":"summary_large_image","schema":{"@context":"https:\/\/schema.org","@graph":[{"@type":"WebPage","@id":"https:\/\/mantenimientosinformaticos.net\/canarytools\/producto\/juego-de-llaves-para-tubos-de-combustible-para-bmw-2-piezas\/","url":"https:\/\/mantenimientosinformaticos.net\/canarytools\/producto\/juego-de-llaves-para-tubos-de-combustible-para-bmw-2-piezas\/","name":"REF.:9461 Juego de llaves para tubos de combustible para BMW 2 piezas - Canarytools S.L.","isPartOf":{"@id":"https:\/\/mantenimientosinformaticos.net\/canarytools\/#website"},"primaryImageOfPage":{"@id":"https:\/\/mantenimientosinformaticos.net\/canarytools\/producto\/juego-de-llaves-para-tubos-de-combustible-para-bmw-2-piezas\/#primaryimage"},"image":{"@id":"https:\/\/mantenimientosinformaticos.net\/canarytools\/producto\/juego-de-llaves-para-tubos-de-combustible-para-bmw-2-piezas\/#primaryimage"},"thumbnailUrl":"https:\/\/mantenimientosinformaticos.net\/canarytools\/wp-content\/uploads\/2020\/05\/226-REF.9461-Juego-de-llaves-para-tubos-de-combustible-para-BMW-2-piezas.jpg","datePublished":"2020-05-08T10:21:23+00:00","dateModified":"2020-05-08T10:21:23+00:00","breadcrumb":{"@id":"https:\/\/mantenimientosinformaticos.net\/canarytools\/producto\/juego-de-llaves-para-tubos-de-combustible-para-bmw-2-piezas\/#breadcrumb"},"inLanguage":"es","potentialAction":[{"@type":"ReadAction","target":["https:\/\/mantenimientosinformaticos.net\/canarytools\/producto\/juego-de-llaves-para-tubos-de-combustible-para-bmw-2-piezas\/"]}]},{"@type":"ImageObject","inLanguage":"es","@id":"https:\/\/mantenimientosinformaticos.net\/canarytools\/producto\/juego-de-llaves-para-tubos-de-combustible-para-bmw-2-piezas\/#primaryimage","url":"https:\/\/mantenimientosinformaticos.net\/canarytools\/wp-content\/uploads\/2020\/05\/226-REF.9461-Juego-de-llaves-para-tubos-de-combustible-para-BMW-2-piezas.jpg","contentUrl":"https:\/\/mantenimientosinformaticos.net\/canarytools\/wp-content\/uploads\/2020\/05\/226-REF.9461-Juego-de-llaves-para-tubos-de-combustible-para-BMW-2-piezas.jpg","width":389,"height":476,"caption":"REF.:9461 Juego de llaves para tubos de combustible para BMW 2 piezas"},{"@type":"BreadcrumbList","@id":"https:\/\/mantenimientosinformaticos.net\/canarytools\/producto\/juego-de-llaves-para-tubos-de-combustible-para-bmw-2-piezas\/#breadcrumb","itemListElement":[{"@type":"ListItem","position":1,"name":"Portada","item":"https:\/\/mantenimientosinformaticos.net\/canarytools\/"},{"@type":"ListItem","position":2,"name":"Tienda","item":"https:\/\/mantenimientosinformaticos.net\/canarytools\/tienda\/"},{"@type":"ListItem","position":3,"name":"REF.:9461 Juego de llaves para tubos de combustible para BMW 2 piezas"}]},{"@type":"WebSite","@id":"https:\/\/mantenimientosinformaticos.net\/canarytools\/#website","url":"https:\/\/mantenimientosinformaticos.net\/canarytools\/","name":"Canarytools S.L.","description":"Herramientas y M\u00e1quinas","publisher":{"@id":"https:\/\/mantenimientosinformaticos.net\/canarytools\/#\/schema\/person\/355e32754b03bb24b681f1b6917e49bf"},"potentialAction":[{"@type":"SearchAction","target":{"@type":"EntryPoint","urlTemplate":"https:\/\/mantenimientosinformaticos.net\/canarytools\/?s={search_term_string}"},"query-input":"required name=search_term_string"}],"inLanguage":"es"},{"@type":["Person","Organization"],"@id":"https:\/\/mantenimientosinformaticos.net\/canarytools\/#\/schema\/person\/355e32754b03bb24b681f1b6917e49bf","name":"canarytools.xnetdigital","image":{"@type":"ImageObject","inLanguage":"es","@id":"https:\/\/mantenimientosinformaticos.net\/canarytools\/#\/schema\/person\/image\/","url":"https:\/\/mantenimientosinformaticos.net\/canarytools\/wp-content\/uploads\/2023\/12\/canary-tools-logo.png","contentUrl":"https:\/\/mantenimientosinformaticos.net\/canarytools\/wp-content\/uploads\/2023\/12\/canary-tools-logo.png","width":1302,"height":440,"caption":"canarytools.xnetdigital"},"logo":{"@id":"https:\/\/mantenimientosinformaticos.net\/canarytools\/#\/schema\/person\/image\/"},"sameAs":["https:\/\/mantenimientosinformaticos.net\/canarytools"]}]}},"_links":{"self":[{"href":"https:\/\/mantenimientosinformaticos.net\/canarytools\/wp-json\/wp\/v2\/product\/4245","targetHints":{"allow":["GET"]}}],"collection":[{"href":"https:\/\/mantenimientosinformaticos.net\/canarytools\/wp-json\/wp\/v2\/product"}],"about":[{"href":"https:\/\/mantenimientosinformaticos.net\/canarytools\/wp-json\/wp\/v2\/types\/product"}],"replies":[{"embeddable":true,"href":"https:\/\/mantenimientosinformaticos.net\/canarytools\/wp-json\/wp\/v2\/comments?post=4245"}],"wp:featuredmedia":[{"embeddable":true,"href":"https:\/\/mantenimientosinformaticos.net\/canarytools\/wp-json\/wp\/v2\/media\/4244"}],"wp:attachment":[{"href":"https:\/\/mantenimientosinformaticos.net\/canarytools\/wp-json\/wp\/v2\/media?parent=4245"}],"wp:term":[{"taxonomy":"product_cat","embeddable":true,"href":"https:\/\/mantenimientosinformaticos.net\/canarytools\/wp-json\/wp\/v2\/product_cat?post=4245"},{"taxonomy":"product_tag","embeddable":true,"href":"https:\/\/mantenimientosinformaticos.net\/canarytools\/wp-json\/wp\/v2\/product_tag?post=4245"}],"curies":[{"name":"wp","href":"https:\/\/api.w.org\/{rel}","templated":true}]}}