{"id":4233,"date":"2020-05-08T12:03:49","date_gmt":"2020-05-08T10:03:49","guid":{"rendered":"https:\/\/mantenimientosinformaticos.net\/canarytools\/producto\/juego-de-llaves-para-racores-de-tubo-de-combustible-entrada-125-mm-12-14-17-19-mm\/"},"modified":"2020-05-08T12:03:49","modified_gmt":"2020-05-08T10:03:49","slug":"juego-de-llaves-para-racores-de-tubo-de-combustible-entrada-125-mm-12-14-17-19-mm","status":"publish","type":"product","link":"https:\/\/mantenimientosinformaticos.net\/canarytools\/producto\/juego-de-llaves-para-racores-de-tubo-de-combustible-entrada-125-mm-12-14-17-19-mm\/","title":{"rendered":"REF.:8450  Juego de llaves para racores de tubo de combustible entrada 12,5 mm (1\/2&#8243;) 14 &#8211; 17 &#8211; 19 mm"},"content":{"rendered":"","protected":false},"excerpt":{"rendered":"<ul style=\"margin:0px 0px 20px;list-style:none;padding:0px;color:#58595b;font-family:'PT Sans', 'Helvetica Neue', Helvetica, Arial, sans-serif;font-size:14px;line-height:20px;background-color:#ffffff;\">\n<li>facilita el montaje\/desmontaje de los tubos de inyecci\u00f3n de los inyectores di\u00e9sel y otras conexiones de tubo<\/li>\n<li>llave especial para, por ej. los siguientes tubos de inyecci\u00f3n diesel:\n<ul style=\"margin:0px 0px 0px 20px;list-style:none;padding:0px;\">\n<li>14 mm para BMW<\/li>\n<li>17 mm para BMW, Opel 2.5TD, Mercedes-Benz<\/li>\n<li>19 mm para Mercedes-Benz<\/li>\n<\/ul>\n<\/li>\n<li>entrada 12,5 mm (1\/2&#8243;)<\/li>\n<li>longitud 120 mm<\/li>\n<li>en rail met\u00e1lico<\/li>\n<\/ul>\n","protected":false},"featured_media":4232,"comment_status":"open","ping_status":"closed","template":"","meta":[],"product_cat":[512,491],"product_tag":[],"class_list":{"0":"post-4233","1":"product","2":"type-product","3":"status-publish","4":"has-post-thumbnail","6":"product_cat-herramientas-para-inyectores","7":"product_cat-herramientas-especiales-para-automoviles","9":"first","10":"instock","11":"shipping-taxable","12":"purchasable","13":"product-type-simple"},"yoast_head":"<!-- This site is optimized with the Yoast SEO plugin v22.7 - https:\/\/yoast.com\/wordpress\/plugins\/seo\/ -->\n<title>REF.:8450 Juego de llaves para racores de tubo de combustible entrada 12,5 mm (1\/2&quot;) 14 - 17 - 19 mm - Canarytools S.L.<\/title>\n<meta name=\"robots\" content=\"index, follow, max-snippet:-1, max-image-preview:large, max-video-preview:-1\" \/>\n<link rel=\"canonical\" href=\"https:\/\/mantenimientosinformaticos.net\/canarytools\/producto\/juego-de-llaves-para-racores-de-tubo-de-combustible-entrada-125-mm-12-14-17-19-mm\/\" \/>\n<meta property=\"og:locale\" content=\"es_ES\" \/>\n<meta property=\"og:type\" content=\"article\" \/>\n<meta property=\"og:title\" content=\"REF.:8450 Juego de llaves para racores de tubo de combustible entrada 12,5 mm (1\/2&quot;) 14 - 17 - 19 mm - Canarytools S.L.\" \/>\n<meta property=\"og:description\" content=\"facilita el montaje\/desmontaje de los tubos de inyecci\u00f3n de los inyectores di\u00e9sel y otras conexiones de tubo llave especial para, por ej. los siguientes tubos de inyecci\u00f3n diesel: 14 mm para BMW 17 mm para BMW, Opel 2.5TD, Mercedes-Benz 19 mm para Mercedes-Benz entrada 12,5 mm (1\/2&quot;) longitud 120 mm en rail met\u00e1lico\" \/>\n<meta property=\"og:url\" content=\"https:\/\/mantenimientosinformaticos.net\/canarytools\/producto\/juego-de-llaves-para-racores-de-tubo-de-combustible-entrada-125-mm-12-14-17-19-mm\/\" \/>\n<meta property=\"og:site_name\" content=\"Canarytools S.L.\" \/>\n<meta property=\"og:image\" content=\"https:\/\/mantenimientosinformaticos.net\/canarytools\/wp-content\/uploads\/2020\/05\/219-REF.8450-Juego-de-llaves-para-racores-de-tubo-de-combustible-entrada-125-mm-12-14-17-19-mm.jpg\" \/>\n\t<meta property=\"og:image:width\" content=\"737\" \/>\n\t<meta property=\"og:image:height\" content=\"475\" \/>\n\t<meta property=\"og:image:type\" content=\"image\/jpeg\" \/>\n<meta name=\"twitter:card\" content=\"summary_large_image\" \/>\n<script type=\"application\/ld+json\" class=\"yoast-schema-graph\">{\"@context\":\"https:\/\/schema.org\",\"@graph\":[{\"@type\":\"WebPage\",\"@id\":\"https:\/\/mantenimientosinformaticos.net\/canarytools\/producto\/juego-de-llaves-para-racores-de-tubo-de-combustible-entrada-125-mm-12-14-17-19-mm\/\",\"url\":\"https:\/\/mantenimientosinformaticos.net\/canarytools\/producto\/juego-de-llaves-para-racores-de-tubo-de-combustible-entrada-125-mm-12-14-17-19-mm\/\",\"name\":\"REF.:8450 Juego de llaves para racores de tubo de combustible entrada 12,5 mm (1\/2\\\") 14 - 17 - 19 mm - Canarytools S.L.\",\"isPartOf\":{\"@id\":\"https:\/\/mantenimientosinformaticos.net\/canarytools\/#website\"},\"primaryImageOfPage\":{\"@id\":\"https:\/\/mantenimientosinformaticos.net\/canarytools\/producto\/juego-de-llaves-para-racores-de-tubo-de-combustible-entrada-125-mm-12-14-17-19-mm\/#primaryimage\"},\"image\":{\"@id\":\"https:\/\/mantenimientosinformaticos.net\/canarytools\/producto\/juego-de-llaves-para-racores-de-tubo-de-combustible-entrada-125-mm-12-14-17-19-mm\/#primaryimage\"},\"thumbnailUrl\":\"https:\/\/mantenimientosinformaticos.net\/canarytools\/wp-content\/uploads\/2020\/05\/219-REF.8450-Juego-de-llaves-para-racores-de-tubo-de-combustible-entrada-125-mm-12-14-17-19-mm.jpg\",\"datePublished\":\"2020-05-08T10:03:49+00:00\",\"dateModified\":\"2020-05-08T10:03:49+00:00\",\"breadcrumb\":{\"@id\":\"https:\/\/mantenimientosinformaticos.net\/canarytools\/producto\/juego-de-llaves-para-racores-de-tubo-de-combustible-entrada-125-mm-12-14-17-19-mm\/#breadcrumb\"},\"inLanguage\":\"es\",\"potentialAction\":[{\"@type\":\"ReadAction\",\"target\":[\"https:\/\/mantenimientosinformaticos.net\/canarytools\/producto\/juego-de-llaves-para-racores-de-tubo-de-combustible-entrada-125-mm-12-14-17-19-mm\/\"]}]},{\"@type\":\"ImageObject\",\"inLanguage\":\"es\",\"@id\":\"https:\/\/mantenimientosinformaticos.net\/canarytools\/producto\/juego-de-llaves-para-racores-de-tubo-de-combustible-entrada-125-mm-12-14-17-19-mm\/#primaryimage\",\"url\":\"https:\/\/mantenimientosinformaticos.net\/canarytools\/wp-content\/uploads\/2020\/05\/219-REF.8450-Juego-de-llaves-para-racores-de-tubo-de-combustible-entrada-125-mm-12-14-17-19-mm.jpg\",\"contentUrl\":\"https:\/\/mantenimientosinformaticos.net\/canarytools\/wp-content\/uploads\/2020\/05\/219-REF.8450-Juego-de-llaves-para-racores-de-tubo-de-combustible-entrada-125-mm-12-14-17-19-mm.jpg\",\"width\":737,\"height\":475,\"caption\":\"REF.:8450 Juego de llaves para racores de tubo de combustible entrada 12,5 mm (1\/2\\\") 14 - 17 - 19 mm\"},{\"@type\":\"BreadcrumbList\",\"@id\":\"https:\/\/mantenimientosinformaticos.net\/canarytools\/producto\/juego-de-llaves-para-racores-de-tubo-de-combustible-entrada-125-mm-12-14-17-19-mm\/#breadcrumb\",\"itemListElement\":[{\"@type\":\"ListItem\",\"position\":1,\"name\":\"Portada\",\"item\":\"https:\/\/mantenimientosinformaticos.net\/canarytools\/\"},{\"@type\":\"ListItem\",\"position\":2,\"name\":\"Tienda\",\"item\":\"https:\/\/mantenimientosinformaticos.net\/canarytools\/tienda\/\"},{\"@type\":\"ListItem\",\"position\":3,\"name\":\"REF.:8450 Juego de llaves para racores de tubo de combustible entrada 12,5 mm (1\/2&#8243;) 14 &#8211; 17 &#8211; 19 mm\"}]},{\"@type\":\"WebSite\",\"@id\":\"https:\/\/mantenimientosinformaticos.net\/canarytools\/#website\",\"url\":\"https:\/\/mantenimientosinformaticos.net\/canarytools\/\",\"name\":\"Canarytools S.L.\",\"description\":\"Herramientas y M\u00e1quinas\",\"publisher\":{\"@id\":\"https:\/\/mantenimientosinformaticos.net\/canarytools\/#\/schema\/person\/355e32754b03bb24b681f1b6917e49bf\"},\"potentialAction\":[{\"@type\":\"SearchAction\",\"target\":{\"@type\":\"EntryPoint\",\"urlTemplate\":\"https:\/\/mantenimientosinformaticos.net\/canarytools\/?s={search_term_string}\"},\"query-input\":\"required name=search_term_string\"}],\"inLanguage\":\"es\"},{\"@type\":[\"Person\",\"Organization\"],\"@id\":\"https:\/\/mantenimientosinformaticos.net\/canarytools\/#\/schema\/person\/355e32754b03bb24b681f1b6917e49bf\",\"name\":\"canarytools.xnetdigital\",\"image\":{\"@type\":\"ImageObject\",\"inLanguage\":\"es\",\"@id\":\"https:\/\/mantenimientosinformaticos.net\/canarytools\/#\/schema\/person\/image\/\",\"url\":\"https:\/\/mantenimientosinformaticos.net\/canarytools\/wp-content\/uploads\/2023\/12\/canary-tools-logo.png\",\"contentUrl\":\"https:\/\/mantenimientosinformaticos.net\/canarytools\/wp-content\/uploads\/2023\/12\/canary-tools-logo.png\",\"width\":1302,\"height\":440,\"caption\":\"canarytools.xnetdigital\"},\"logo\":{\"@id\":\"https:\/\/mantenimientosinformaticos.net\/canarytools\/#\/schema\/person\/image\/\"},\"sameAs\":[\"https:\/\/mantenimientosinformaticos.net\/canarytools\"]}]}<\/script>\n<!-- \/ Yoast SEO plugin. -->","yoast_head_json":{"title":"REF.:8450 Juego de llaves para racores de tubo de combustible entrada 12,5 mm (1\/2\") 14 - 17 - 19 mm - Canarytools S.L.","robots":{"index":"index","follow":"follow","max-snippet":"max-snippet:-1","max-image-preview":"max-image-preview:large","max-video-preview":"max-video-preview:-1"},"canonical":"https:\/\/mantenimientosinformaticos.net\/canarytools\/producto\/juego-de-llaves-para-racores-de-tubo-de-combustible-entrada-125-mm-12-14-17-19-mm\/","og_locale":"es_ES","og_type":"article","og_title":"REF.:8450 Juego de llaves para racores de tubo de combustible entrada 12,5 mm (1\/2\") 14 - 17 - 19 mm - Canarytools S.L.","og_description":"facilita el montaje\/desmontaje de los tubos de inyecci\u00f3n de los inyectores di\u00e9sel y otras conexiones de tubo llave especial para, por ej. los siguientes tubos de inyecci\u00f3n diesel: 14 mm para BMW 17 mm para BMW, Opel 2.5TD, Mercedes-Benz 19 mm para Mercedes-Benz entrada 12,5 mm (1\/2\") longitud 120 mm en rail met\u00e1lico","og_url":"https:\/\/mantenimientosinformaticos.net\/canarytools\/producto\/juego-de-llaves-para-racores-de-tubo-de-combustible-entrada-125-mm-12-14-17-19-mm\/","og_site_name":"Canarytools S.L.","og_image":[{"width":737,"height":475,"url":"https:\/\/mantenimientosinformaticos.net\/canarytools\/wp-content\/uploads\/2020\/05\/219-REF.8450-Juego-de-llaves-para-racores-de-tubo-de-combustible-entrada-125-mm-12-14-17-19-mm.jpg","type":"image\/jpeg"}],"twitter_card":"summary_large_image","schema":{"@context":"https:\/\/schema.org","@graph":[{"@type":"WebPage","@id":"https:\/\/mantenimientosinformaticos.net\/canarytools\/producto\/juego-de-llaves-para-racores-de-tubo-de-combustible-entrada-125-mm-12-14-17-19-mm\/","url":"https:\/\/mantenimientosinformaticos.net\/canarytools\/producto\/juego-de-llaves-para-racores-de-tubo-de-combustible-entrada-125-mm-12-14-17-19-mm\/","name":"REF.:8450 Juego de llaves para racores de tubo de combustible entrada 12,5 mm (1\/2\") 14 - 17 - 19 mm - Canarytools S.L.","isPartOf":{"@id":"https:\/\/mantenimientosinformaticos.net\/canarytools\/#website"},"primaryImageOfPage":{"@id":"https:\/\/mantenimientosinformaticos.net\/canarytools\/producto\/juego-de-llaves-para-racores-de-tubo-de-combustible-entrada-125-mm-12-14-17-19-mm\/#primaryimage"},"image":{"@id":"https:\/\/mantenimientosinformaticos.net\/canarytools\/producto\/juego-de-llaves-para-racores-de-tubo-de-combustible-entrada-125-mm-12-14-17-19-mm\/#primaryimage"},"thumbnailUrl":"https:\/\/mantenimientosinformaticos.net\/canarytools\/wp-content\/uploads\/2020\/05\/219-REF.8450-Juego-de-llaves-para-racores-de-tubo-de-combustible-entrada-125-mm-12-14-17-19-mm.jpg","datePublished":"2020-05-08T10:03:49+00:00","dateModified":"2020-05-08T10:03:49+00:00","breadcrumb":{"@id":"https:\/\/mantenimientosinformaticos.net\/canarytools\/producto\/juego-de-llaves-para-racores-de-tubo-de-combustible-entrada-125-mm-12-14-17-19-mm\/#breadcrumb"},"inLanguage":"es","potentialAction":[{"@type":"ReadAction","target":["https:\/\/mantenimientosinformaticos.net\/canarytools\/producto\/juego-de-llaves-para-racores-de-tubo-de-combustible-entrada-125-mm-12-14-17-19-mm\/"]}]},{"@type":"ImageObject","inLanguage":"es","@id":"https:\/\/mantenimientosinformaticos.net\/canarytools\/producto\/juego-de-llaves-para-racores-de-tubo-de-combustible-entrada-125-mm-12-14-17-19-mm\/#primaryimage","url":"https:\/\/mantenimientosinformaticos.net\/canarytools\/wp-content\/uploads\/2020\/05\/219-REF.8450-Juego-de-llaves-para-racores-de-tubo-de-combustible-entrada-125-mm-12-14-17-19-mm.jpg","contentUrl":"https:\/\/mantenimientosinformaticos.net\/canarytools\/wp-content\/uploads\/2020\/05\/219-REF.8450-Juego-de-llaves-para-racores-de-tubo-de-combustible-entrada-125-mm-12-14-17-19-mm.jpg","width":737,"height":475,"caption":"REF.:8450 Juego de llaves para racores de tubo de combustible entrada 12,5 mm (1\/2\") 14 - 17 - 19 mm"},{"@type":"BreadcrumbList","@id":"https:\/\/mantenimientosinformaticos.net\/canarytools\/producto\/juego-de-llaves-para-racores-de-tubo-de-combustible-entrada-125-mm-12-14-17-19-mm\/#breadcrumb","itemListElement":[{"@type":"ListItem","position":1,"name":"Portada","item":"https:\/\/mantenimientosinformaticos.net\/canarytools\/"},{"@type":"ListItem","position":2,"name":"Tienda","item":"https:\/\/mantenimientosinformaticos.net\/canarytools\/tienda\/"},{"@type":"ListItem","position":3,"name":"REF.:8450 Juego de llaves para racores de tubo de combustible entrada 12,5 mm (1\/2&#8243;) 14 &#8211; 17 &#8211; 19 mm"}]},{"@type":"WebSite","@id":"https:\/\/mantenimientosinformaticos.net\/canarytools\/#website","url":"https:\/\/mantenimientosinformaticos.net\/canarytools\/","name":"Canarytools S.L.","description":"Herramientas y M\u00e1quinas","publisher":{"@id":"https:\/\/mantenimientosinformaticos.net\/canarytools\/#\/schema\/person\/355e32754b03bb24b681f1b6917e49bf"},"potentialAction":[{"@type":"SearchAction","target":{"@type":"EntryPoint","urlTemplate":"https:\/\/mantenimientosinformaticos.net\/canarytools\/?s={search_term_string}"},"query-input":"required name=search_term_string"}],"inLanguage":"es"},{"@type":["Person","Organization"],"@id":"https:\/\/mantenimientosinformaticos.net\/canarytools\/#\/schema\/person\/355e32754b03bb24b681f1b6917e49bf","name":"canarytools.xnetdigital","image":{"@type":"ImageObject","inLanguage":"es","@id":"https:\/\/mantenimientosinformaticos.net\/canarytools\/#\/schema\/person\/image\/","url":"https:\/\/mantenimientosinformaticos.net\/canarytools\/wp-content\/uploads\/2023\/12\/canary-tools-logo.png","contentUrl":"https:\/\/mantenimientosinformaticos.net\/canarytools\/wp-content\/uploads\/2023\/12\/canary-tools-logo.png","width":1302,"height":440,"caption":"canarytools.xnetdigital"},"logo":{"@id":"https:\/\/mantenimientosinformaticos.net\/canarytools\/#\/schema\/person\/image\/"},"sameAs":["https:\/\/mantenimientosinformaticos.net\/canarytools"]}]}},"_links":{"self":[{"href":"https:\/\/mantenimientosinformaticos.net\/canarytools\/wp-json\/wp\/v2\/product\/4233","targetHints":{"allow":["GET"]}}],"collection":[{"href":"https:\/\/mantenimientosinformaticos.net\/canarytools\/wp-json\/wp\/v2\/product"}],"about":[{"href":"https:\/\/mantenimientosinformaticos.net\/canarytools\/wp-json\/wp\/v2\/types\/product"}],"replies":[{"embeddable":true,"href":"https:\/\/mantenimientosinformaticos.net\/canarytools\/wp-json\/wp\/v2\/comments?post=4233"}],"wp:featuredmedia":[{"embeddable":true,"href":"https:\/\/mantenimientosinformaticos.net\/canarytools\/wp-json\/wp\/v2\/media\/4232"}],"wp:attachment":[{"href":"https:\/\/mantenimientosinformaticos.net\/canarytools\/wp-json\/wp\/v2\/media?parent=4233"}],"wp:term":[{"taxonomy":"product_cat","embeddable":true,"href":"https:\/\/mantenimientosinformaticos.net\/canarytools\/wp-json\/wp\/v2\/product_cat?post=4233"},{"taxonomy":"product_tag","embeddable":true,"href":"https:\/\/mantenimientosinformaticos.net\/canarytools\/wp-json\/wp\/v2\/product_tag?post=4233"}],"curies":[{"name":"wp","href":"https:\/\/api.w.org\/{rel}","templated":true}]}}