{"id":4221,"date":"2020-05-08T11:49:48","date_gmt":"2020-05-08T09:49:48","guid":{"rendered":"https:\/\/mantenimientosinformaticos.net\/canarytools\/producto\/vaso-para-la-precamara-de-mercedes-benz-cdi\/"},"modified":"2020-05-08T11:49:48","modified_gmt":"2020-05-08T09:49:48","slug":"vaso-para-la-precamara-de-mercedes-benz-cdi","status":"publish","type":"product","link":"https:\/\/mantenimientosinformaticos.net\/canarytools\/producto\/vaso-para-la-precamara-de-mercedes-benz-cdi\/","title":{"rendered":"REF.:5430    Vaso para la prec\u00e1mara de Mercedes-Benz CDI"},"content":{"rendered":"","protected":false},"excerpt":{"rendered":"<ul style=\"margin:0px 0px 20px;list-style:none;padding:0px;color:#58595b;font-family:'PT Sans', 'Helvetica Neue', Helvetica, Arial, sans-serif;font-size:14px;line-height:20px;background-color:#ffffff;\">\n<li>llave de vaso con dentado exterior 1,5 x 58 mm, entrada 12,5 mm (1\/2&#8243;)<\/li>\n<li>permite cambiar la c\u00e1mara de precombusti\u00f3n di\u00e9sel<\/li>\n<li>para los motores MB desde 1989<\/li>\n<li>adecuado para motores de la serie 601, 602, 602.91, 603, 604, 605, 606, 661, 662<\/li>\n<li>para ser utilizado como OEM 603589000900\/603589010900<\/li>\n<\/ul>\n","protected":false},"featured_media":4220,"comment_status":"open","ping_status":"closed","template":"","meta":[],"product_cat":[512,491],"product_tag":[],"class_list":{"0":"post-4221","1":"product","2":"type-product","3":"status-publish","4":"has-post-thumbnail","6":"product_cat-herramientas-para-inyectores","7":"product_cat-herramientas-especiales-para-automoviles","9":"first","10":"instock","11":"shipping-taxable","12":"purchasable","13":"product-type-simple"},"yoast_head":"<!-- This site is optimized with the Yoast SEO plugin v22.7 - https:\/\/yoast.com\/wordpress\/plugins\/seo\/ -->\n<title>REF.:5430  Vaso para la prec\u00e1mara de Mercedes-Benz CDI - Canarytools S.L.<\/title>\n<meta name=\"robots\" content=\"index, follow, max-snippet:-1, max-image-preview:large, max-video-preview:-1\" \/>\n<link rel=\"canonical\" href=\"https:\/\/mantenimientosinformaticos.net\/canarytools\/producto\/vaso-para-la-precamara-de-mercedes-benz-cdi\/\" \/>\n<meta property=\"og:locale\" content=\"es_ES\" \/>\n<meta property=\"og:type\" content=\"article\" \/>\n<meta property=\"og:title\" content=\"REF.:5430  Vaso para la prec\u00e1mara de Mercedes-Benz CDI - Canarytools S.L.\" \/>\n<meta property=\"og:description\" content=\"llave de vaso con dentado exterior 1,5 x 58 mm, entrada 12,5 mm (1\/2&quot;) permite cambiar la c\u00e1mara de precombusti\u00f3n di\u00e9sel para los motores MB desde 1989 adecuado para motores de la serie 601, 602, 602.91, 603, 604, 605, 606, 661, 662 para ser utilizado como OEM 603589000900\/603589010900\" \/>\n<meta property=\"og:url\" content=\"https:\/\/mantenimientosinformaticos.net\/canarytools\/producto\/vaso-para-la-precamara-de-mercedes-benz-cdi\/\" \/>\n<meta property=\"og:site_name\" content=\"Canarytools S.L.\" \/>\n<meta property=\"og:image\" content=\"https:\/\/mantenimientosinformaticos.net\/canarytools\/wp-content\/uploads\/2020\/05\/213-REF.5430-Vaso-para-la-precamara-de-Mercedes-Benz-CDI.jpg\" \/>\n\t<meta property=\"og:image:width\" content=\"450\" \/>\n\t<meta property=\"og:image:height\" content=\"400\" \/>\n\t<meta property=\"og:image:type\" content=\"image\/jpeg\" \/>\n<meta name=\"twitter:card\" content=\"summary_large_image\" \/>\n<script type=\"application\/ld+json\" class=\"yoast-schema-graph\">{\"@context\":\"https:\/\/schema.org\",\"@graph\":[{\"@type\":\"WebPage\",\"@id\":\"https:\/\/mantenimientosinformaticos.net\/canarytools\/producto\/vaso-para-la-precamara-de-mercedes-benz-cdi\/\",\"url\":\"https:\/\/mantenimientosinformaticos.net\/canarytools\/producto\/vaso-para-la-precamara-de-mercedes-benz-cdi\/\",\"name\":\"REF.:5430 Vaso para la prec\u00e1mara de Mercedes-Benz CDI - Canarytools S.L.\",\"isPartOf\":{\"@id\":\"https:\/\/mantenimientosinformaticos.net\/canarytools\/#website\"},\"primaryImageOfPage\":{\"@id\":\"https:\/\/mantenimientosinformaticos.net\/canarytools\/producto\/vaso-para-la-precamara-de-mercedes-benz-cdi\/#primaryimage\"},\"image\":{\"@id\":\"https:\/\/mantenimientosinformaticos.net\/canarytools\/producto\/vaso-para-la-precamara-de-mercedes-benz-cdi\/#primaryimage\"},\"thumbnailUrl\":\"https:\/\/mantenimientosinformaticos.net\/canarytools\/wp-content\/uploads\/2020\/05\/213-REF.5430-Vaso-para-la-precamara-de-Mercedes-Benz-CDI.jpg\",\"datePublished\":\"2020-05-08T09:49:48+00:00\",\"dateModified\":\"2020-05-08T09:49:48+00:00\",\"breadcrumb\":{\"@id\":\"https:\/\/mantenimientosinformaticos.net\/canarytools\/producto\/vaso-para-la-precamara-de-mercedes-benz-cdi\/#breadcrumb\"},\"inLanguage\":\"es\",\"potentialAction\":[{\"@type\":\"ReadAction\",\"target\":[\"https:\/\/mantenimientosinformaticos.net\/canarytools\/producto\/vaso-para-la-precamara-de-mercedes-benz-cdi\/\"]}]},{\"@type\":\"ImageObject\",\"inLanguage\":\"es\",\"@id\":\"https:\/\/mantenimientosinformaticos.net\/canarytools\/producto\/vaso-para-la-precamara-de-mercedes-benz-cdi\/#primaryimage\",\"url\":\"https:\/\/mantenimientosinformaticos.net\/canarytools\/wp-content\/uploads\/2020\/05\/213-REF.5430-Vaso-para-la-precamara-de-Mercedes-Benz-CDI.jpg\",\"contentUrl\":\"https:\/\/mantenimientosinformaticos.net\/canarytools\/wp-content\/uploads\/2020\/05\/213-REF.5430-Vaso-para-la-precamara-de-Mercedes-Benz-CDI.jpg\",\"width\":450,\"height\":400,\"caption\":\"REF.:5430 Vaso para la prec\u00e1mara de Mercedes-Benz CDI\"},{\"@type\":\"BreadcrumbList\",\"@id\":\"https:\/\/mantenimientosinformaticos.net\/canarytools\/producto\/vaso-para-la-precamara-de-mercedes-benz-cdi\/#breadcrumb\",\"itemListElement\":[{\"@type\":\"ListItem\",\"position\":1,\"name\":\"Portada\",\"item\":\"https:\/\/mantenimientosinformaticos.net\/canarytools\/\"},{\"@type\":\"ListItem\",\"position\":2,\"name\":\"Tienda\",\"item\":\"https:\/\/mantenimientosinformaticos.net\/canarytools\/tienda\/\"},{\"@type\":\"ListItem\",\"position\":3,\"name\":\"REF.:5430 Vaso para la prec\u00e1mara de Mercedes-Benz CDI\"}]},{\"@type\":\"WebSite\",\"@id\":\"https:\/\/mantenimientosinformaticos.net\/canarytools\/#website\",\"url\":\"https:\/\/mantenimientosinformaticos.net\/canarytools\/\",\"name\":\"Canarytools S.L.\",\"description\":\"Herramientas y M\u00e1quinas\",\"publisher\":{\"@id\":\"https:\/\/mantenimientosinformaticos.net\/canarytools\/#\/schema\/person\/355e32754b03bb24b681f1b6917e49bf\"},\"potentialAction\":[{\"@type\":\"SearchAction\",\"target\":{\"@type\":\"EntryPoint\",\"urlTemplate\":\"https:\/\/mantenimientosinformaticos.net\/canarytools\/?s={search_term_string}\"},\"query-input\":\"required name=search_term_string\"}],\"inLanguage\":\"es\"},{\"@type\":[\"Person\",\"Organization\"],\"@id\":\"https:\/\/mantenimientosinformaticos.net\/canarytools\/#\/schema\/person\/355e32754b03bb24b681f1b6917e49bf\",\"name\":\"canarytools.xnetdigital\",\"image\":{\"@type\":\"ImageObject\",\"inLanguage\":\"es\",\"@id\":\"https:\/\/mantenimientosinformaticos.net\/canarytools\/#\/schema\/person\/image\/\",\"url\":\"https:\/\/mantenimientosinformaticos.net\/canarytools\/wp-content\/uploads\/2023\/12\/canary-tools-logo.png\",\"contentUrl\":\"https:\/\/mantenimientosinformaticos.net\/canarytools\/wp-content\/uploads\/2023\/12\/canary-tools-logo.png\",\"width\":1302,\"height\":440,\"caption\":\"canarytools.xnetdigital\"},\"logo\":{\"@id\":\"https:\/\/mantenimientosinformaticos.net\/canarytools\/#\/schema\/person\/image\/\"},\"sameAs\":[\"https:\/\/mantenimientosinformaticos.net\/canarytools\"]}]}<\/script>\n<!-- \/ Yoast SEO plugin. -->","yoast_head_json":{"title":"REF.:5430  Vaso para la prec\u00e1mara de Mercedes-Benz CDI - Canarytools S.L.","robots":{"index":"index","follow":"follow","max-snippet":"max-snippet:-1","max-image-preview":"max-image-preview:large","max-video-preview":"max-video-preview:-1"},"canonical":"https:\/\/mantenimientosinformaticos.net\/canarytools\/producto\/vaso-para-la-precamara-de-mercedes-benz-cdi\/","og_locale":"es_ES","og_type":"article","og_title":"REF.:5430  Vaso para la prec\u00e1mara de Mercedes-Benz CDI - Canarytools S.L.","og_description":"llave de vaso con dentado exterior 1,5 x 58 mm, entrada 12,5 mm (1\/2\") permite cambiar la c\u00e1mara de precombusti\u00f3n di\u00e9sel para los motores MB desde 1989 adecuado para motores de la serie 601, 602, 602.91, 603, 604, 605, 606, 661, 662 para ser utilizado como OEM 603589000900\/603589010900","og_url":"https:\/\/mantenimientosinformaticos.net\/canarytools\/producto\/vaso-para-la-precamara-de-mercedes-benz-cdi\/","og_site_name":"Canarytools S.L.","og_image":[{"width":450,"height":400,"url":"https:\/\/mantenimientosinformaticos.net\/canarytools\/wp-content\/uploads\/2020\/05\/213-REF.5430-Vaso-para-la-precamara-de-Mercedes-Benz-CDI.jpg","type":"image\/jpeg"}],"twitter_card":"summary_large_image","schema":{"@context":"https:\/\/schema.org","@graph":[{"@type":"WebPage","@id":"https:\/\/mantenimientosinformaticos.net\/canarytools\/producto\/vaso-para-la-precamara-de-mercedes-benz-cdi\/","url":"https:\/\/mantenimientosinformaticos.net\/canarytools\/producto\/vaso-para-la-precamara-de-mercedes-benz-cdi\/","name":"REF.:5430 Vaso para la prec\u00e1mara de Mercedes-Benz CDI - Canarytools S.L.","isPartOf":{"@id":"https:\/\/mantenimientosinformaticos.net\/canarytools\/#website"},"primaryImageOfPage":{"@id":"https:\/\/mantenimientosinformaticos.net\/canarytools\/producto\/vaso-para-la-precamara-de-mercedes-benz-cdi\/#primaryimage"},"image":{"@id":"https:\/\/mantenimientosinformaticos.net\/canarytools\/producto\/vaso-para-la-precamara-de-mercedes-benz-cdi\/#primaryimage"},"thumbnailUrl":"https:\/\/mantenimientosinformaticos.net\/canarytools\/wp-content\/uploads\/2020\/05\/213-REF.5430-Vaso-para-la-precamara-de-Mercedes-Benz-CDI.jpg","datePublished":"2020-05-08T09:49:48+00:00","dateModified":"2020-05-08T09:49:48+00:00","breadcrumb":{"@id":"https:\/\/mantenimientosinformaticos.net\/canarytools\/producto\/vaso-para-la-precamara-de-mercedes-benz-cdi\/#breadcrumb"},"inLanguage":"es","potentialAction":[{"@type":"ReadAction","target":["https:\/\/mantenimientosinformaticos.net\/canarytools\/producto\/vaso-para-la-precamara-de-mercedes-benz-cdi\/"]}]},{"@type":"ImageObject","inLanguage":"es","@id":"https:\/\/mantenimientosinformaticos.net\/canarytools\/producto\/vaso-para-la-precamara-de-mercedes-benz-cdi\/#primaryimage","url":"https:\/\/mantenimientosinformaticos.net\/canarytools\/wp-content\/uploads\/2020\/05\/213-REF.5430-Vaso-para-la-precamara-de-Mercedes-Benz-CDI.jpg","contentUrl":"https:\/\/mantenimientosinformaticos.net\/canarytools\/wp-content\/uploads\/2020\/05\/213-REF.5430-Vaso-para-la-precamara-de-Mercedes-Benz-CDI.jpg","width":450,"height":400,"caption":"REF.:5430 Vaso para la prec\u00e1mara de Mercedes-Benz CDI"},{"@type":"BreadcrumbList","@id":"https:\/\/mantenimientosinformaticos.net\/canarytools\/producto\/vaso-para-la-precamara-de-mercedes-benz-cdi\/#breadcrumb","itemListElement":[{"@type":"ListItem","position":1,"name":"Portada","item":"https:\/\/mantenimientosinformaticos.net\/canarytools\/"},{"@type":"ListItem","position":2,"name":"Tienda","item":"https:\/\/mantenimientosinformaticos.net\/canarytools\/tienda\/"},{"@type":"ListItem","position":3,"name":"REF.:5430 Vaso para la prec\u00e1mara de Mercedes-Benz CDI"}]},{"@type":"WebSite","@id":"https:\/\/mantenimientosinformaticos.net\/canarytools\/#website","url":"https:\/\/mantenimientosinformaticos.net\/canarytools\/","name":"Canarytools S.L.","description":"Herramientas y M\u00e1quinas","publisher":{"@id":"https:\/\/mantenimientosinformaticos.net\/canarytools\/#\/schema\/person\/355e32754b03bb24b681f1b6917e49bf"},"potentialAction":[{"@type":"SearchAction","target":{"@type":"EntryPoint","urlTemplate":"https:\/\/mantenimientosinformaticos.net\/canarytools\/?s={search_term_string}"},"query-input":"required name=search_term_string"}],"inLanguage":"es"},{"@type":["Person","Organization"],"@id":"https:\/\/mantenimientosinformaticos.net\/canarytools\/#\/schema\/person\/355e32754b03bb24b681f1b6917e49bf","name":"canarytools.xnetdigital","image":{"@type":"ImageObject","inLanguage":"es","@id":"https:\/\/mantenimientosinformaticos.net\/canarytools\/#\/schema\/person\/image\/","url":"https:\/\/mantenimientosinformaticos.net\/canarytools\/wp-content\/uploads\/2023\/12\/canary-tools-logo.png","contentUrl":"https:\/\/mantenimientosinformaticos.net\/canarytools\/wp-content\/uploads\/2023\/12\/canary-tools-logo.png","width":1302,"height":440,"caption":"canarytools.xnetdigital"},"logo":{"@id":"https:\/\/mantenimientosinformaticos.net\/canarytools\/#\/schema\/person\/image\/"},"sameAs":["https:\/\/mantenimientosinformaticos.net\/canarytools"]}]}},"_links":{"self":[{"href":"https:\/\/mantenimientosinformaticos.net\/canarytools\/wp-json\/wp\/v2\/product\/4221","targetHints":{"allow":["GET"]}}],"collection":[{"href":"https:\/\/mantenimientosinformaticos.net\/canarytools\/wp-json\/wp\/v2\/product"}],"about":[{"href":"https:\/\/mantenimientosinformaticos.net\/canarytools\/wp-json\/wp\/v2\/types\/product"}],"replies":[{"embeddable":true,"href":"https:\/\/mantenimientosinformaticos.net\/canarytools\/wp-json\/wp\/v2\/comments?post=4221"}],"wp:featuredmedia":[{"embeddable":true,"href":"https:\/\/mantenimientosinformaticos.net\/canarytools\/wp-json\/wp\/v2\/media\/4220"}],"wp:attachment":[{"href":"https:\/\/mantenimientosinformaticos.net\/canarytools\/wp-json\/wp\/v2\/media?parent=4221"}],"wp:term":[{"taxonomy":"product_cat","embeddable":true,"href":"https:\/\/mantenimientosinformaticos.net\/canarytools\/wp-json\/wp\/v2\/product_cat?post=4221"},{"taxonomy":"product_tag","embeddable":true,"href":"https:\/\/mantenimientosinformaticos.net\/canarytools\/wp-json\/wp\/v2\/product_tag?post=4221"}],"curies":[{"name":"wp","href":"https:\/\/api.w.org\/{rel}","templated":true}]}}