{"id":4173,"date":"2020-05-08T10:51:56","date_gmt":"2020-05-08T08:51:56","guid":{"rendered":"https:\/\/mantenimientosinformaticos.net\/canarytools\/producto\/juego-de-llave-de-impacto-para-calentadores\/"},"modified":"2020-05-08T10:51:56","modified_gmt":"2020-05-08T08:51:56","slug":"juego-de-llave-de-impacto-para-calentadores","status":"publish","type":"product","link":"https:\/\/mantenimientosinformaticos.net\/canarytools\/producto\/juego-de-llave-de-impacto-para-calentadores\/","title":{"rendered":"REF.:3320    Juego de llave de impacto para calentadores"},"content":{"rendered":"","protected":false},"excerpt":{"rendered":"<ul style=\"margin:0px 0px 20px;list-style:none;padding:0px;color:#58595b;font-family:'PT Sans', 'Helvetica Neue', Helvetica, Arial, sans-serif;font-size:14px;line-height:20px;background-color:#ffffff;\">\n<li>permite aflojar\u00a0calentadores atascadas mediante un ligero efecto de golpe-giro<\/li>\n<li>tambi\u00e9n se puede utilizar en uniones atornilladas donde se necesita un bajo par de apriete<\/li>\n<li>4 fases de par de apriete ajustables a aprox. 20 &#8211; 30 &#8211; 40 &#8211; 50 Nm para reducir al m\u00ednimo el riesgo de rotura de las calentadores<\/li>\n<li>ajuste del par de apriete posible en giro a la derecha y a la izquierda<\/li>\n<li>pr\u00e1ctico debido a su peso reducido y peque\u00f1as dimensiones<\/li>\n<li>incl. 5 vasos de impacto largos de 8, 9, 10, 11 y 12 mm, 1 extensi\u00f3n y 1 articulaci\u00f3n<\/li>\n<li>entrada 6,3 mm (1\/4&#8243;)<\/li>\n<li>presi\u00f3n de trabajo 6,2 bar<\/li>\n<\/ul>\n","protected":false},"featured_media":4172,"comment_status":"open","ping_status":"closed","template":"","meta":[],"product_cat":[512,491],"product_tag":[],"class_list":{"0":"post-4173","1":"product","2":"type-product","3":"status-publish","4":"has-post-thumbnail","6":"product_cat-herramientas-para-inyectores","7":"product_cat-herramientas-especiales-para-automoviles","9":"first","10":"instock","11":"shipping-taxable","12":"purchasable","13":"product-type-simple"},"yoast_head":"<!-- This site is optimized with the Yoast SEO plugin v22.7 - https:\/\/yoast.com\/wordpress\/plugins\/seo\/ -->\n<title>REF.:3320  Juego de llave de impacto para calentadores - Canarytools S.L.<\/title>\n<meta name=\"robots\" content=\"index, follow, max-snippet:-1, max-image-preview:large, max-video-preview:-1\" \/>\n<link rel=\"canonical\" href=\"https:\/\/mantenimientosinformaticos.net\/canarytools\/producto\/juego-de-llave-de-impacto-para-calentadores\/\" \/>\n<meta property=\"og:locale\" content=\"es_ES\" \/>\n<meta property=\"og:type\" content=\"article\" \/>\n<meta property=\"og:title\" content=\"REF.:3320  Juego de llave de impacto para calentadores - Canarytools S.L.\" \/>\n<meta property=\"og:description\" content=\"permite aflojar\u00a0calentadores atascadas mediante un ligero efecto de golpe-giro tambi\u00e9n se puede utilizar en uniones atornilladas donde se necesita un bajo par de apriete 4 fases de par de apriete ajustables a aprox. 20 - 30 - 40 - 50 Nm para reducir al m\u00ednimo el riesgo de rotura de las calentadores ajuste del par de apriete posible en giro a la derecha y a la izquierda pr\u00e1ctico debido a su peso reducido y peque\u00f1as dimensiones incl. 5 vasos de impacto largos de 8, 9, 10, 11 y 12 mm, 1 extensi\u00f3n y 1 articulaci\u00f3n entrada 6,3 mm (1\/4&quot;) presi\u00f3n de trabajo 6,2 bar\" \/>\n<meta property=\"og:url\" content=\"https:\/\/mantenimientosinformaticos.net\/canarytools\/producto\/juego-de-llave-de-impacto-para-calentadores\/\" \/>\n<meta property=\"og:site_name\" content=\"Canarytools S.L.\" \/>\n<meta property=\"og:image\" content=\"https:\/\/mantenimientosinformaticos.net\/canarytools\/wp-content\/uploads\/2020\/05\/189-REF.3320-Juego-de-llave-de-impacto-para-calentadores.jpg\" \/>\n\t<meta property=\"og:image:width\" content=\"591\" \/>\n\t<meta property=\"og:image:height\" content=\"256\" \/>\n\t<meta property=\"og:image:type\" content=\"image\/jpeg\" \/>\n<meta name=\"twitter:card\" content=\"summary_large_image\" \/>\n<script type=\"application\/ld+json\" class=\"yoast-schema-graph\">{\"@context\":\"https:\/\/schema.org\",\"@graph\":[{\"@type\":\"WebPage\",\"@id\":\"https:\/\/mantenimientosinformaticos.net\/canarytools\/producto\/juego-de-llave-de-impacto-para-calentadores\/\",\"url\":\"https:\/\/mantenimientosinformaticos.net\/canarytools\/producto\/juego-de-llave-de-impacto-para-calentadores\/\",\"name\":\"REF.:3320 Juego de llave de impacto para calentadores - Canarytools S.L.\",\"isPartOf\":{\"@id\":\"https:\/\/mantenimientosinformaticos.net\/canarytools\/#website\"},\"primaryImageOfPage\":{\"@id\":\"https:\/\/mantenimientosinformaticos.net\/canarytools\/producto\/juego-de-llave-de-impacto-para-calentadores\/#primaryimage\"},\"image\":{\"@id\":\"https:\/\/mantenimientosinformaticos.net\/canarytools\/producto\/juego-de-llave-de-impacto-para-calentadores\/#primaryimage\"},\"thumbnailUrl\":\"https:\/\/mantenimientosinformaticos.net\/canarytools\/wp-content\/uploads\/2020\/05\/189-REF.3320-Juego-de-llave-de-impacto-para-calentadores.jpg\",\"datePublished\":\"2020-05-08T08:51:56+00:00\",\"dateModified\":\"2020-05-08T08:51:56+00:00\",\"breadcrumb\":{\"@id\":\"https:\/\/mantenimientosinformaticos.net\/canarytools\/producto\/juego-de-llave-de-impacto-para-calentadores\/#breadcrumb\"},\"inLanguage\":\"es\",\"potentialAction\":[{\"@type\":\"ReadAction\",\"target\":[\"https:\/\/mantenimientosinformaticos.net\/canarytools\/producto\/juego-de-llave-de-impacto-para-calentadores\/\"]}]},{\"@type\":\"ImageObject\",\"inLanguage\":\"es\",\"@id\":\"https:\/\/mantenimientosinformaticos.net\/canarytools\/producto\/juego-de-llave-de-impacto-para-calentadores\/#primaryimage\",\"url\":\"https:\/\/mantenimientosinformaticos.net\/canarytools\/wp-content\/uploads\/2020\/05\/189-REF.3320-Juego-de-llave-de-impacto-para-calentadores.jpg\",\"contentUrl\":\"https:\/\/mantenimientosinformaticos.net\/canarytools\/wp-content\/uploads\/2020\/05\/189-REF.3320-Juego-de-llave-de-impacto-para-calentadores.jpg\",\"width\":591,\"height\":256,\"caption\":\"REF.:3320 Juego de llave de impacto para calentadores\"},{\"@type\":\"BreadcrumbList\",\"@id\":\"https:\/\/mantenimientosinformaticos.net\/canarytools\/producto\/juego-de-llave-de-impacto-para-calentadores\/#breadcrumb\",\"itemListElement\":[{\"@type\":\"ListItem\",\"position\":1,\"name\":\"Portada\",\"item\":\"https:\/\/mantenimientosinformaticos.net\/canarytools\/\"},{\"@type\":\"ListItem\",\"position\":2,\"name\":\"Tienda\",\"item\":\"https:\/\/mantenimientosinformaticos.net\/canarytools\/tienda\/\"},{\"@type\":\"ListItem\",\"position\":3,\"name\":\"REF.:3320 Juego de llave de impacto para calentadores\"}]},{\"@type\":\"WebSite\",\"@id\":\"https:\/\/mantenimientosinformaticos.net\/canarytools\/#website\",\"url\":\"https:\/\/mantenimientosinformaticos.net\/canarytools\/\",\"name\":\"Canarytools S.L.\",\"description\":\"Herramientas y M\u00e1quinas\",\"publisher\":{\"@id\":\"https:\/\/mantenimientosinformaticos.net\/canarytools\/#\/schema\/person\/355e32754b03bb24b681f1b6917e49bf\"},\"potentialAction\":[{\"@type\":\"SearchAction\",\"target\":{\"@type\":\"EntryPoint\",\"urlTemplate\":\"https:\/\/mantenimientosinformaticos.net\/canarytools\/?s={search_term_string}\"},\"query-input\":\"required name=search_term_string\"}],\"inLanguage\":\"es\"},{\"@type\":[\"Person\",\"Organization\"],\"@id\":\"https:\/\/mantenimientosinformaticos.net\/canarytools\/#\/schema\/person\/355e32754b03bb24b681f1b6917e49bf\",\"name\":\"canarytools.xnetdigital\",\"image\":{\"@type\":\"ImageObject\",\"inLanguage\":\"es\",\"@id\":\"https:\/\/mantenimientosinformaticos.net\/canarytools\/#\/schema\/person\/image\/\",\"url\":\"https:\/\/mantenimientosinformaticos.net\/canarytools\/wp-content\/uploads\/2023\/12\/canary-tools-logo.png\",\"contentUrl\":\"https:\/\/mantenimientosinformaticos.net\/canarytools\/wp-content\/uploads\/2023\/12\/canary-tools-logo.png\",\"width\":1302,\"height\":440,\"caption\":\"canarytools.xnetdigital\"},\"logo\":{\"@id\":\"https:\/\/mantenimientosinformaticos.net\/canarytools\/#\/schema\/person\/image\/\"},\"sameAs\":[\"https:\/\/mantenimientosinformaticos.net\/canarytools\"]}]}<\/script>\n<!-- \/ Yoast SEO plugin. -->","yoast_head_json":{"title":"REF.:3320  Juego de llave de impacto para calentadores - Canarytools S.L.","robots":{"index":"index","follow":"follow","max-snippet":"max-snippet:-1","max-image-preview":"max-image-preview:large","max-video-preview":"max-video-preview:-1"},"canonical":"https:\/\/mantenimientosinformaticos.net\/canarytools\/producto\/juego-de-llave-de-impacto-para-calentadores\/","og_locale":"es_ES","og_type":"article","og_title":"REF.:3320  Juego de llave de impacto para calentadores - Canarytools S.L.","og_description":"permite aflojar\u00a0calentadores atascadas mediante un ligero efecto de golpe-giro tambi\u00e9n se puede utilizar en uniones atornilladas donde se necesita un bajo par de apriete 4 fases de par de apriete ajustables a aprox. 20 - 30 - 40 - 50 Nm para reducir al m\u00ednimo el riesgo de rotura de las calentadores ajuste del par de apriete posible en giro a la derecha y a la izquierda pr\u00e1ctico debido a su peso reducido y peque\u00f1as dimensiones incl. 5 vasos de impacto largos de 8, 9, 10, 11 y 12 mm, 1 extensi\u00f3n y 1 articulaci\u00f3n entrada 6,3 mm (1\/4\") presi\u00f3n de trabajo 6,2 bar","og_url":"https:\/\/mantenimientosinformaticos.net\/canarytools\/producto\/juego-de-llave-de-impacto-para-calentadores\/","og_site_name":"Canarytools S.L.","og_image":[{"width":591,"height":256,"url":"https:\/\/mantenimientosinformaticos.net\/canarytools\/wp-content\/uploads\/2020\/05\/189-REF.3320-Juego-de-llave-de-impacto-para-calentadores.jpg","type":"image\/jpeg"}],"twitter_card":"summary_large_image","schema":{"@context":"https:\/\/schema.org","@graph":[{"@type":"WebPage","@id":"https:\/\/mantenimientosinformaticos.net\/canarytools\/producto\/juego-de-llave-de-impacto-para-calentadores\/","url":"https:\/\/mantenimientosinformaticos.net\/canarytools\/producto\/juego-de-llave-de-impacto-para-calentadores\/","name":"REF.:3320 Juego de llave de impacto para calentadores - Canarytools S.L.","isPartOf":{"@id":"https:\/\/mantenimientosinformaticos.net\/canarytools\/#website"},"primaryImageOfPage":{"@id":"https:\/\/mantenimientosinformaticos.net\/canarytools\/producto\/juego-de-llave-de-impacto-para-calentadores\/#primaryimage"},"image":{"@id":"https:\/\/mantenimientosinformaticos.net\/canarytools\/producto\/juego-de-llave-de-impacto-para-calentadores\/#primaryimage"},"thumbnailUrl":"https:\/\/mantenimientosinformaticos.net\/canarytools\/wp-content\/uploads\/2020\/05\/189-REF.3320-Juego-de-llave-de-impacto-para-calentadores.jpg","datePublished":"2020-05-08T08:51:56+00:00","dateModified":"2020-05-08T08:51:56+00:00","breadcrumb":{"@id":"https:\/\/mantenimientosinformaticos.net\/canarytools\/producto\/juego-de-llave-de-impacto-para-calentadores\/#breadcrumb"},"inLanguage":"es","potentialAction":[{"@type":"ReadAction","target":["https:\/\/mantenimientosinformaticos.net\/canarytools\/producto\/juego-de-llave-de-impacto-para-calentadores\/"]}]},{"@type":"ImageObject","inLanguage":"es","@id":"https:\/\/mantenimientosinformaticos.net\/canarytools\/producto\/juego-de-llave-de-impacto-para-calentadores\/#primaryimage","url":"https:\/\/mantenimientosinformaticos.net\/canarytools\/wp-content\/uploads\/2020\/05\/189-REF.3320-Juego-de-llave-de-impacto-para-calentadores.jpg","contentUrl":"https:\/\/mantenimientosinformaticos.net\/canarytools\/wp-content\/uploads\/2020\/05\/189-REF.3320-Juego-de-llave-de-impacto-para-calentadores.jpg","width":591,"height":256,"caption":"REF.:3320 Juego de llave de impacto para calentadores"},{"@type":"BreadcrumbList","@id":"https:\/\/mantenimientosinformaticos.net\/canarytools\/producto\/juego-de-llave-de-impacto-para-calentadores\/#breadcrumb","itemListElement":[{"@type":"ListItem","position":1,"name":"Portada","item":"https:\/\/mantenimientosinformaticos.net\/canarytools\/"},{"@type":"ListItem","position":2,"name":"Tienda","item":"https:\/\/mantenimientosinformaticos.net\/canarytools\/tienda\/"},{"@type":"ListItem","position":3,"name":"REF.:3320 Juego de llave de impacto para calentadores"}]},{"@type":"WebSite","@id":"https:\/\/mantenimientosinformaticos.net\/canarytools\/#website","url":"https:\/\/mantenimientosinformaticos.net\/canarytools\/","name":"Canarytools S.L.","description":"Herramientas y M\u00e1quinas","publisher":{"@id":"https:\/\/mantenimientosinformaticos.net\/canarytools\/#\/schema\/person\/355e32754b03bb24b681f1b6917e49bf"},"potentialAction":[{"@type":"SearchAction","target":{"@type":"EntryPoint","urlTemplate":"https:\/\/mantenimientosinformaticos.net\/canarytools\/?s={search_term_string}"},"query-input":"required name=search_term_string"}],"inLanguage":"es"},{"@type":["Person","Organization"],"@id":"https:\/\/mantenimientosinformaticos.net\/canarytools\/#\/schema\/person\/355e32754b03bb24b681f1b6917e49bf","name":"canarytools.xnetdigital","image":{"@type":"ImageObject","inLanguage":"es","@id":"https:\/\/mantenimientosinformaticos.net\/canarytools\/#\/schema\/person\/image\/","url":"https:\/\/mantenimientosinformaticos.net\/canarytools\/wp-content\/uploads\/2023\/12\/canary-tools-logo.png","contentUrl":"https:\/\/mantenimientosinformaticos.net\/canarytools\/wp-content\/uploads\/2023\/12\/canary-tools-logo.png","width":1302,"height":440,"caption":"canarytools.xnetdigital"},"logo":{"@id":"https:\/\/mantenimientosinformaticos.net\/canarytools\/#\/schema\/person\/image\/"},"sameAs":["https:\/\/mantenimientosinformaticos.net\/canarytools"]}]}},"_links":{"self":[{"href":"https:\/\/mantenimientosinformaticos.net\/canarytools\/wp-json\/wp\/v2\/product\/4173","targetHints":{"allow":["GET"]}}],"collection":[{"href":"https:\/\/mantenimientosinformaticos.net\/canarytools\/wp-json\/wp\/v2\/product"}],"about":[{"href":"https:\/\/mantenimientosinformaticos.net\/canarytools\/wp-json\/wp\/v2\/types\/product"}],"replies":[{"embeddable":true,"href":"https:\/\/mantenimientosinformaticos.net\/canarytools\/wp-json\/wp\/v2\/comments?post=4173"}],"wp:featuredmedia":[{"embeddable":true,"href":"https:\/\/mantenimientosinformaticos.net\/canarytools\/wp-json\/wp\/v2\/media\/4172"}],"wp:attachment":[{"href":"https:\/\/mantenimientosinformaticos.net\/canarytools\/wp-json\/wp\/v2\/media?parent=4173"}],"wp:term":[{"taxonomy":"product_cat","embeddable":true,"href":"https:\/\/mantenimientosinformaticos.net\/canarytools\/wp-json\/wp\/v2\/product_cat?post=4173"},{"taxonomy":"product_tag","embeddable":true,"href":"https:\/\/mantenimientosinformaticos.net\/canarytools\/wp-json\/wp\/v2\/product_tag?post=4173"}],"curies":[{"name":"wp","href":"https:\/\/api.w.org\/{rel}","templated":true}]}}