{"id":4131,"date":"2020-05-07T18:07:29","date_gmt":"2020-05-07T16:07:29","guid":{"rendered":"https:\/\/mantenimientosinformaticos.net\/canarytools\/producto\/juego-de-amarre-de-poleas-con-bocas-intercambiables\/"},"modified":"2020-05-07T18:07:29","modified_gmt":"2020-05-07T16:07:29","slug":"juego-de-amarre-de-poleas-con-bocas-intercambiables","status":"publish","type":"product","link":"https:\/\/mantenimientosinformaticos.net\/canarytools\/producto\/juego-de-amarre-de-poleas-con-bocas-intercambiables\/","title":{"rendered":"REF.:FB2834.   Juego de amarre de poleas con bocas intercambiables"},"content":{"rendered":"<ul style=\"margin-top:0px;margin-bottom:10px;color:rgb(51,51,51);font-family:'Helvetica Neue', Helvetica, Arial, sans-serif;font-size:14px;line-height:20px;background-color:rgb(255,255,255);\">\n<li><span style=\"vertical-align:inherit;\">Las aplicaciones incluyen: 1.0 \/ 1.2 \/ 1.4 \/ 1.6 TFSi y motores de gasolina TSi<\/span><\/li>\n<li><span style=\"vertical-align:inherit;\"><span style=\"vertical-align:inherit;\">Utilizado en los modelos Audi, Seat, Skoda y Volkswagen.\u00a0<\/span><span style=\"vertical-align:inherit;\">Se adapta a motores desde 2012 en adelante<\/span><\/span><\/li>\n<li><span style=\"vertical-align:inherit;\">Equivalente a OEM T10475<\/span><\/li>\n<li><span style=\"vertical-align:inherit;\">Mango fijo largo (750 mm) para brindar alta resistencia y f\u00e1cil control en la operaci\u00f3n<\/span><\/li>\n<li><span style=\"vertical-align:inherit;\">Eje angulado para acceso<\/span><\/li>\n<\/ul>\n","protected":false},"excerpt":{"rendered":"<p><span style=\"color:#333333;font-family:'Helvetica Neue', Helvetica, Arial, sans-serif;font-size:14px;line-height:20px;vertical-align:inherit;background-color:#ffffff;\">Dise\u00f1ado para usarse para sostener la polea del cig\u00fce\u00f1al estacionaria mientras afloja o aprieta los pernos de fijaci\u00f3n de la polea del cig\u00fce\u00f1al.\u00a0<\/span><span style=\"color:#333333;font-family:'Helvetica Neue', Helvetica, Arial, sans-serif;font-size:14px;line-height:20px;vertical-align:inherit;background-color:#ffffff;\">Dise\u00f1ado con un eje en \u00e1ngulo para facilitar el acceso en motores montados transversalmente<\/span><\/p>\n","protected":false},"featured_media":4130,"comment_status":"open","ping_status":"closed","template":"","meta":[],"product_cat":[508,491],"product_tag":[],"class_list":{"0":"post-4131","1":"product","2":"type-product","3":"status-publish","4":"has-post-thumbnail","6":"product_cat-correas-y-poleas","7":"product_cat-herramientas-especiales-para-automoviles","9":"first","10":"onbackorder","11":"shipping-taxable","12":"purchasable","13":"product-type-simple"},"yoast_head":"<!-- This site is optimized with the Yoast SEO plugin v22.7 - https:\/\/yoast.com\/wordpress\/plugins\/seo\/ -->\n<title>REF.:FB2834.  Juego de amarre de poleas con bocas intercambiables - Canarytools S.L.<\/title>\n<meta name=\"robots\" content=\"index, follow, max-snippet:-1, max-image-preview:large, max-video-preview:-1\" \/>\n<link rel=\"canonical\" href=\"https:\/\/mantenimientosinformaticos.net\/canarytools\/producto\/juego-de-amarre-de-poleas-con-bocas-intercambiables\/\" \/>\n<meta property=\"og:locale\" content=\"es_ES\" \/>\n<meta property=\"og:type\" content=\"article\" \/>\n<meta property=\"og:title\" content=\"REF.:FB2834.  Juego de amarre de poleas con bocas intercambiables - Canarytools S.L.\" \/>\n<meta property=\"og:description\" content=\"Dise\u00f1ado para usarse para sostener la polea del cig\u00fce\u00f1al estacionaria mientras afloja o aprieta los pernos de fijaci\u00f3n de la polea del cig\u00fce\u00f1al.\u00a0Dise\u00f1ado con un eje en \u00e1ngulo para facilitar el acceso en motores montados transversalmente\" \/>\n<meta property=\"og:url\" content=\"https:\/\/mantenimientosinformaticos.net\/canarytools\/producto\/juego-de-amarre-de-poleas-con-bocas-intercambiables\/\" \/>\n<meta property=\"og:site_name\" content=\"Canarytools S.L.\" \/>\n<meta property=\"og:image\" content=\"https:\/\/mantenimientosinformaticos.net\/canarytools\/wp-content\/uploads\/2020\/05\/167-REF.FB2834.-Juego-de-amarre-de-poleas-con-bocas-intercambiables.jpg\" \/>\n\t<meta property=\"og:image:width\" content=\"600\" \/>\n\t<meta property=\"og:image:height\" content=\"276\" \/>\n\t<meta property=\"og:image:type\" content=\"image\/jpeg\" \/>\n<meta name=\"twitter:card\" content=\"summary_large_image\" \/>\n<script type=\"application\/ld+json\" class=\"yoast-schema-graph\">{\"@context\":\"https:\/\/schema.org\",\"@graph\":[{\"@type\":\"WebPage\",\"@id\":\"https:\/\/mantenimientosinformaticos.net\/canarytools\/producto\/juego-de-amarre-de-poleas-con-bocas-intercambiables\/\",\"url\":\"https:\/\/mantenimientosinformaticos.net\/canarytools\/producto\/juego-de-amarre-de-poleas-con-bocas-intercambiables\/\",\"name\":\"REF.:FB2834. Juego de amarre de poleas con bocas intercambiables - Canarytools S.L.\",\"isPartOf\":{\"@id\":\"https:\/\/mantenimientosinformaticos.net\/canarytools\/#website\"},\"primaryImageOfPage\":{\"@id\":\"https:\/\/mantenimientosinformaticos.net\/canarytools\/producto\/juego-de-amarre-de-poleas-con-bocas-intercambiables\/#primaryimage\"},\"image\":{\"@id\":\"https:\/\/mantenimientosinformaticos.net\/canarytools\/producto\/juego-de-amarre-de-poleas-con-bocas-intercambiables\/#primaryimage\"},\"thumbnailUrl\":\"https:\/\/mantenimientosinformaticos.net\/canarytools\/wp-content\/uploads\/2020\/05\/167-REF.FB2834.-Juego-de-amarre-de-poleas-con-bocas-intercambiables.jpg\",\"datePublished\":\"2020-05-07T16:07:29+00:00\",\"dateModified\":\"2020-05-07T16:07:29+00:00\",\"breadcrumb\":{\"@id\":\"https:\/\/mantenimientosinformaticos.net\/canarytools\/producto\/juego-de-amarre-de-poleas-con-bocas-intercambiables\/#breadcrumb\"},\"inLanguage\":\"es\",\"potentialAction\":[{\"@type\":\"ReadAction\",\"target\":[\"https:\/\/mantenimientosinformaticos.net\/canarytools\/producto\/juego-de-amarre-de-poleas-con-bocas-intercambiables\/\"]}]},{\"@type\":\"ImageObject\",\"inLanguage\":\"es\",\"@id\":\"https:\/\/mantenimientosinformaticos.net\/canarytools\/producto\/juego-de-amarre-de-poleas-con-bocas-intercambiables\/#primaryimage\",\"url\":\"https:\/\/mantenimientosinformaticos.net\/canarytools\/wp-content\/uploads\/2020\/05\/167-REF.FB2834.-Juego-de-amarre-de-poleas-con-bocas-intercambiables.jpg\",\"contentUrl\":\"https:\/\/mantenimientosinformaticos.net\/canarytools\/wp-content\/uploads\/2020\/05\/167-REF.FB2834.-Juego-de-amarre-de-poleas-con-bocas-intercambiables.jpg\",\"width\":600,\"height\":276,\"caption\":\"REF.:FB2834. Juego de amarre de poleas con bocas intercambiables\"},{\"@type\":\"BreadcrumbList\",\"@id\":\"https:\/\/mantenimientosinformaticos.net\/canarytools\/producto\/juego-de-amarre-de-poleas-con-bocas-intercambiables\/#breadcrumb\",\"itemListElement\":[{\"@type\":\"ListItem\",\"position\":1,\"name\":\"Portada\",\"item\":\"https:\/\/mantenimientosinformaticos.net\/canarytools\/\"},{\"@type\":\"ListItem\",\"position\":2,\"name\":\"Tienda\",\"item\":\"https:\/\/mantenimientosinformaticos.net\/canarytools\/tienda\/\"},{\"@type\":\"ListItem\",\"position\":3,\"name\":\"REF.:FB2834. Juego de amarre de poleas con bocas intercambiables\"}]},{\"@type\":\"WebSite\",\"@id\":\"https:\/\/mantenimientosinformaticos.net\/canarytools\/#website\",\"url\":\"https:\/\/mantenimientosinformaticos.net\/canarytools\/\",\"name\":\"Canarytools S.L.\",\"description\":\"Herramientas y M\u00e1quinas\",\"publisher\":{\"@id\":\"https:\/\/mantenimientosinformaticos.net\/canarytools\/#\/schema\/person\/355e32754b03bb24b681f1b6917e49bf\"},\"potentialAction\":[{\"@type\":\"SearchAction\",\"target\":{\"@type\":\"EntryPoint\",\"urlTemplate\":\"https:\/\/mantenimientosinformaticos.net\/canarytools\/?s={search_term_string}\"},\"query-input\":\"required name=search_term_string\"}],\"inLanguage\":\"es\"},{\"@type\":[\"Person\",\"Organization\"],\"@id\":\"https:\/\/mantenimientosinformaticos.net\/canarytools\/#\/schema\/person\/355e32754b03bb24b681f1b6917e49bf\",\"name\":\"canarytools.xnetdigital\",\"image\":{\"@type\":\"ImageObject\",\"inLanguage\":\"es\",\"@id\":\"https:\/\/mantenimientosinformaticos.net\/canarytools\/#\/schema\/person\/image\/\",\"url\":\"https:\/\/mantenimientosinformaticos.net\/canarytools\/wp-content\/uploads\/2023\/12\/canary-tools-logo.png\",\"contentUrl\":\"https:\/\/mantenimientosinformaticos.net\/canarytools\/wp-content\/uploads\/2023\/12\/canary-tools-logo.png\",\"width\":1302,\"height\":440,\"caption\":\"canarytools.xnetdigital\"},\"logo\":{\"@id\":\"https:\/\/mantenimientosinformaticos.net\/canarytools\/#\/schema\/person\/image\/\"},\"sameAs\":[\"https:\/\/mantenimientosinformaticos.net\/canarytools\"]}]}<\/script>\n<!-- \/ Yoast SEO plugin. -->","yoast_head_json":{"title":"REF.:FB2834.  Juego de amarre de poleas con bocas intercambiables - Canarytools S.L.","robots":{"index":"index","follow":"follow","max-snippet":"max-snippet:-1","max-image-preview":"max-image-preview:large","max-video-preview":"max-video-preview:-1"},"canonical":"https:\/\/mantenimientosinformaticos.net\/canarytools\/producto\/juego-de-amarre-de-poleas-con-bocas-intercambiables\/","og_locale":"es_ES","og_type":"article","og_title":"REF.:FB2834.  Juego de amarre de poleas con bocas intercambiables - Canarytools S.L.","og_description":"Dise\u00f1ado para usarse para sostener la polea del cig\u00fce\u00f1al estacionaria mientras afloja o aprieta los pernos de fijaci\u00f3n de la polea del cig\u00fce\u00f1al.\u00a0Dise\u00f1ado con un eje en \u00e1ngulo para facilitar el acceso en motores montados transversalmente","og_url":"https:\/\/mantenimientosinformaticos.net\/canarytools\/producto\/juego-de-amarre-de-poleas-con-bocas-intercambiables\/","og_site_name":"Canarytools S.L.","og_image":[{"width":600,"height":276,"url":"https:\/\/mantenimientosinformaticos.net\/canarytools\/wp-content\/uploads\/2020\/05\/167-REF.FB2834.-Juego-de-amarre-de-poleas-con-bocas-intercambiables.jpg","type":"image\/jpeg"}],"twitter_card":"summary_large_image","schema":{"@context":"https:\/\/schema.org","@graph":[{"@type":"WebPage","@id":"https:\/\/mantenimientosinformaticos.net\/canarytools\/producto\/juego-de-amarre-de-poleas-con-bocas-intercambiables\/","url":"https:\/\/mantenimientosinformaticos.net\/canarytools\/producto\/juego-de-amarre-de-poleas-con-bocas-intercambiables\/","name":"REF.:FB2834. Juego de amarre de poleas con bocas intercambiables - Canarytools S.L.","isPartOf":{"@id":"https:\/\/mantenimientosinformaticos.net\/canarytools\/#website"},"primaryImageOfPage":{"@id":"https:\/\/mantenimientosinformaticos.net\/canarytools\/producto\/juego-de-amarre-de-poleas-con-bocas-intercambiables\/#primaryimage"},"image":{"@id":"https:\/\/mantenimientosinformaticos.net\/canarytools\/producto\/juego-de-amarre-de-poleas-con-bocas-intercambiables\/#primaryimage"},"thumbnailUrl":"https:\/\/mantenimientosinformaticos.net\/canarytools\/wp-content\/uploads\/2020\/05\/167-REF.FB2834.-Juego-de-amarre-de-poleas-con-bocas-intercambiables.jpg","datePublished":"2020-05-07T16:07:29+00:00","dateModified":"2020-05-07T16:07:29+00:00","breadcrumb":{"@id":"https:\/\/mantenimientosinformaticos.net\/canarytools\/producto\/juego-de-amarre-de-poleas-con-bocas-intercambiables\/#breadcrumb"},"inLanguage":"es","potentialAction":[{"@type":"ReadAction","target":["https:\/\/mantenimientosinformaticos.net\/canarytools\/producto\/juego-de-amarre-de-poleas-con-bocas-intercambiables\/"]}]},{"@type":"ImageObject","inLanguage":"es","@id":"https:\/\/mantenimientosinformaticos.net\/canarytools\/producto\/juego-de-amarre-de-poleas-con-bocas-intercambiables\/#primaryimage","url":"https:\/\/mantenimientosinformaticos.net\/canarytools\/wp-content\/uploads\/2020\/05\/167-REF.FB2834.-Juego-de-amarre-de-poleas-con-bocas-intercambiables.jpg","contentUrl":"https:\/\/mantenimientosinformaticos.net\/canarytools\/wp-content\/uploads\/2020\/05\/167-REF.FB2834.-Juego-de-amarre-de-poleas-con-bocas-intercambiables.jpg","width":600,"height":276,"caption":"REF.:FB2834. Juego de amarre de poleas con bocas intercambiables"},{"@type":"BreadcrumbList","@id":"https:\/\/mantenimientosinformaticos.net\/canarytools\/producto\/juego-de-amarre-de-poleas-con-bocas-intercambiables\/#breadcrumb","itemListElement":[{"@type":"ListItem","position":1,"name":"Portada","item":"https:\/\/mantenimientosinformaticos.net\/canarytools\/"},{"@type":"ListItem","position":2,"name":"Tienda","item":"https:\/\/mantenimientosinformaticos.net\/canarytools\/tienda\/"},{"@type":"ListItem","position":3,"name":"REF.:FB2834. Juego de amarre de poleas con bocas intercambiables"}]},{"@type":"WebSite","@id":"https:\/\/mantenimientosinformaticos.net\/canarytools\/#website","url":"https:\/\/mantenimientosinformaticos.net\/canarytools\/","name":"Canarytools S.L.","description":"Herramientas y M\u00e1quinas","publisher":{"@id":"https:\/\/mantenimientosinformaticos.net\/canarytools\/#\/schema\/person\/355e32754b03bb24b681f1b6917e49bf"},"potentialAction":[{"@type":"SearchAction","target":{"@type":"EntryPoint","urlTemplate":"https:\/\/mantenimientosinformaticos.net\/canarytools\/?s={search_term_string}"},"query-input":"required name=search_term_string"}],"inLanguage":"es"},{"@type":["Person","Organization"],"@id":"https:\/\/mantenimientosinformaticos.net\/canarytools\/#\/schema\/person\/355e32754b03bb24b681f1b6917e49bf","name":"canarytools.xnetdigital","image":{"@type":"ImageObject","inLanguage":"es","@id":"https:\/\/mantenimientosinformaticos.net\/canarytools\/#\/schema\/person\/image\/","url":"https:\/\/mantenimientosinformaticos.net\/canarytools\/wp-content\/uploads\/2023\/12\/canary-tools-logo.png","contentUrl":"https:\/\/mantenimientosinformaticos.net\/canarytools\/wp-content\/uploads\/2023\/12\/canary-tools-logo.png","width":1302,"height":440,"caption":"canarytools.xnetdigital"},"logo":{"@id":"https:\/\/mantenimientosinformaticos.net\/canarytools\/#\/schema\/person\/image\/"},"sameAs":["https:\/\/mantenimientosinformaticos.net\/canarytools"]}]}},"_links":{"self":[{"href":"https:\/\/mantenimientosinformaticos.net\/canarytools\/wp-json\/wp\/v2\/product\/4131","targetHints":{"allow":["GET"]}}],"collection":[{"href":"https:\/\/mantenimientosinformaticos.net\/canarytools\/wp-json\/wp\/v2\/product"}],"about":[{"href":"https:\/\/mantenimientosinformaticos.net\/canarytools\/wp-json\/wp\/v2\/types\/product"}],"replies":[{"embeddable":true,"href":"https:\/\/mantenimientosinformaticos.net\/canarytools\/wp-json\/wp\/v2\/comments?post=4131"}],"wp:featuredmedia":[{"embeddable":true,"href":"https:\/\/mantenimientosinformaticos.net\/canarytools\/wp-json\/wp\/v2\/media\/4130"}],"wp:attachment":[{"href":"https:\/\/mantenimientosinformaticos.net\/canarytools\/wp-json\/wp\/v2\/media?parent=4131"}],"wp:term":[{"taxonomy":"product_cat","embeddable":true,"href":"https:\/\/mantenimientosinformaticos.net\/canarytools\/wp-json\/wp\/v2\/product_cat?post=4131"},{"taxonomy":"product_tag","embeddable":true,"href":"https:\/\/mantenimientosinformaticos.net\/canarytools\/wp-json\/wp\/v2\/product_tag?post=4131"}],"curies":[{"name":"wp","href":"https:\/\/api.w.org\/{rel}","templated":true}]}}