{"id":4091,"date":"2020-05-07T16:35:26","date_gmt":"2020-05-07T14:35:26","guid":{"rendered":"https:\/\/mantenimientosinformaticos.net\/canarytools\/producto\/conjunto-de-calado-de-distribucion-para-opel-vauxhall-16-sidi\/"},"modified":"2020-05-07T16:35:26","modified_gmt":"2020-05-07T14:35:26","slug":"conjunto-de-calado-de-distribucion-para-opel-vauxhall-16-sidi","status":"publish","type":"product","link":"https:\/\/mantenimientosinformaticos.net\/canarytools\/producto\/conjunto-de-calado-de-distribucion-para-opel-vauxhall-16-sidi\/","title":{"rendered":"REF.:9688.   Conjunto de calado de distribuci\u00f3n para Opel Vauxhall 1.6 SIDI"},"content":{"rendered":"<p style=\"margin:0px 0px 10px;color:#58595b;font-family:'PT Sans', 'Helvetica Neue', Helvetica, Arial, sans-serif;font-size:14px;line-height:20px;background-color:#ffffff;\"><strong>adecuado para los siguientes modelos de Opel:<\/strong><\/p>\n<ul style=\"margin:0px 0px 20px;list-style:none;padding:0px;color:#58595b;font-family:'PT Sans', 'Helvetica Neue', Helvetica, Arial, sans-serif;font-size:14px;line-height:20px;background-color:#ffffff;\">\n<li>Cascada, Astra J, Zafira C, Insignia (2013-2016)<\/li>\n<\/ul>\n<p style=\"margin:0px 0px 10px;color:#58595b;font-family:'PT Sans', 'Helvetica Neue', Helvetica, Arial, sans-serif;font-size:14px;line-height:20px;background-color:#ffffff;\"><strong>motores:<\/strong><\/p>\n<ul style=\"margin:0px 0px 20px;list-style:none;padding:0px;color:#58595b;font-family:'PT Sans', 'Helvetica Neue', Helvetica, Arial, sans-serif;font-size:14px;line-height:20px;background-color:#ffffff;\">\n<li>SIDI, SIDI Turbo, SIDI Turbo EcoFLEX<\/li>\n<\/ul>\n<p style=\"margin:0px 0px 10px;color:#58595b;font-family:'PT Sans', 'Helvetica Neue', Helvetica, Arial, sans-serif;font-size:14px;line-height:20px;background-color:#ffffff;\"><strong>c\u00f3digos de motor:<\/strong><\/p>\n<ul style=\"margin:0px 0px 20px;list-style:none;padding:0px;color:#58595b;font-family:'PT Sans', 'Helvetica Neue', Helvetica, Arial, sans-serif;font-size:14px;line-height:20px;background-color:#ffffff;\">\n<li>LVP\/A16XHT, LWC\/A16SHT, LVP\/B16XHT, LWC\/B16SHT, LWC\/A16SHL<\/li>\n<\/ul>\n<p style=\"margin:0px 0px 10px;color:#58595b;font-family:'PT Sans', 'Helvetica Neue', Helvetica, Arial, sans-serif;font-size:14px;line-height:20px;background-color:#ffffff;\"><strong>Volumen de suministro:<\/strong><\/p>\n<ul style=\"margin:0px 0px 20px;list-style:none;padding:0px;color:#58595b;font-family:'PT Sans', 'Helvetica Neue', Helvetica, Arial, sans-serif;font-size:14px;line-height:20px;background-color:#ffffff;\">\n<li>herramienta de alineaci\u00f3n del \u00e1rbol de levas, para ser utilizada como OEM EN-51148<\/li>\n<li>herramienta de sujeci\u00f3n de la polea del cig\u00fce\u00f1al, para ser utilizada como OEM EN-51147<\/li>\n<li>herramienta de sujeci\u00f3n del eje equilibrador, para ser utilizada como OEM EN-51153<\/li>\n<li>pasador de bloqueo para tensor de cadena, para ser utilizado como OEM EN-50513<\/li>\n<\/ul>\n","protected":false},"excerpt":{"rendered":"<ul style=\"margin:0px 0px 20px;list-style:none;padding:0px;color:#58595b;font-family:'PT Sans', 'Helvetica Neue', Helvetica, Arial, sans-serif;font-size:14px;line-height:20px;background-color:#ffffff;\">\n<li>para ajustar y comprobar la sincronizaci\u00f3n del motor al reemplazar la cadena de distribuci\u00f3n<\/li>\n<\/ul>\n","protected":false},"featured_media":4090,"comment_status":"open","ping_status":"closed","template":"","meta":[],"product_cat":[501,576,491],"product_tag":[],"class_list":{"0":"post-4091","1":"product","2":"type-product","3":"status-publish","4":"has-post-thumbnail","6":"product_cat-calado-de-distribucion","7":"product_cat-opel","8":"product_cat-herramientas-especiales-para-automoviles","10":"first","11":"instock","12":"shipping-taxable","13":"purchasable","14":"product-type-simple"},"yoast_head":"<!-- This site is optimized with the Yoast SEO plugin v22.7 - https:\/\/yoast.com\/wordpress\/plugins\/seo\/ -->\n<title>REF.:9688.  Conjunto de calado de distribuci\u00f3n para Opel Vauxhall 1.6 SIDI - Canarytools S.L.<\/title>\n<meta name=\"robots\" content=\"index, follow, max-snippet:-1, max-image-preview:large, max-video-preview:-1\" \/>\n<link rel=\"canonical\" href=\"https:\/\/mantenimientosinformaticos.net\/canarytools\/producto\/conjunto-de-calado-de-distribucion-para-opel-vauxhall-16-sidi\/\" \/>\n<meta property=\"og:locale\" content=\"es_ES\" \/>\n<meta property=\"og:type\" content=\"article\" \/>\n<meta property=\"og:title\" content=\"REF.:9688.  Conjunto de calado de distribuci\u00f3n para Opel Vauxhall 1.6 SIDI - Canarytools S.L.\" \/>\n<meta property=\"og:description\" content=\"para ajustar y comprobar la sincronizaci\u00f3n del motor al reemplazar la cadena de distribuci\u00f3n\" \/>\n<meta property=\"og:url\" content=\"https:\/\/mantenimientosinformaticos.net\/canarytools\/producto\/conjunto-de-calado-de-distribucion-para-opel-vauxhall-16-sidi\/\" \/>\n<meta property=\"og:site_name\" content=\"Canarytools S.L.\" \/>\n<meta property=\"og:image\" content=\"https:\/\/mantenimientosinformaticos.net\/canarytools\/wp-content\/uploads\/2020\/05\/146-REF.9688.-Conjunto-de-calado-de-distribucion-para-Opel-Vauxhall-1.6-SIDI.jpg\" \/>\n\t<meta property=\"og:image:width\" content=\"225\" \/>\n\t<meta property=\"og:image:height\" content=\"475\" \/>\n\t<meta property=\"og:image:type\" content=\"image\/jpeg\" \/>\n<meta name=\"twitter:card\" content=\"summary_large_image\" \/>\n<meta name=\"twitter:label1\" content=\"Tiempo de lectura\" \/>\n\t<meta name=\"twitter:data1\" content=\"1 minuto\" \/>\n<script type=\"application\/ld+json\" class=\"yoast-schema-graph\">{\"@context\":\"https:\/\/schema.org\",\"@graph\":[{\"@type\":\"WebPage\",\"@id\":\"https:\/\/mantenimientosinformaticos.net\/canarytools\/producto\/conjunto-de-calado-de-distribucion-para-opel-vauxhall-16-sidi\/\",\"url\":\"https:\/\/mantenimientosinformaticos.net\/canarytools\/producto\/conjunto-de-calado-de-distribucion-para-opel-vauxhall-16-sidi\/\",\"name\":\"REF.:9688. Conjunto de calado de distribuci\u00f3n para Opel Vauxhall 1.6 SIDI - Canarytools S.L.\",\"isPartOf\":{\"@id\":\"https:\/\/mantenimientosinformaticos.net\/canarytools\/#website\"},\"primaryImageOfPage\":{\"@id\":\"https:\/\/mantenimientosinformaticos.net\/canarytools\/producto\/conjunto-de-calado-de-distribucion-para-opel-vauxhall-16-sidi\/#primaryimage\"},\"image\":{\"@id\":\"https:\/\/mantenimientosinformaticos.net\/canarytools\/producto\/conjunto-de-calado-de-distribucion-para-opel-vauxhall-16-sidi\/#primaryimage\"},\"thumbnailUrl\":\"https:\/\/mantenimientosinformaticos.net\/canarytools\/wp-content\/uploads\/2020\/05\/146-REF.9688.-Conjunto-de-calado-de-distribucion-para-Opel-Vauxhall-1.6-SIDI.jpg\",\"datePublished\":\"2020-05-07T14:35:26+00:00\",\"dateModified\":\"2020-05-07T14:35:26+00:00\",\"breadcrumb\":{\"@id\":\"https:\/\/mantenimientosinformaticos.net\/canarytools\/producto\/conjunto-de-calado-de-distribucion-para-opel-vauxhall-16-sidi\/#breadcrumb\"},\"inLanguage\":\"es\",\"potentialAction\":[{\"@type\":\"ReadAction\",\"target\":[\"https:\/\/mantenimientosinformaticos.net\/canarytools\/producto\/conjunto-de-calado-de-distribucion-para-opel-vauxhall-16-sidi\/\"]}]},{\"@type\":\"ImageObject\",\"inLanguage\":\"es\",\"@id\":\"https:\/\/mantenimientosinformaticos.net\/canarytools\/producto\/conjunto-de-calado-de-distribucion-para-opel-vauxhall-16-sidi\/#primaryimage\",\"url\":\"https:\/\/mantenimientosinformaticos.net\/canarytools\/wp-content\/uploads\/2020\/05\/146-REF.9688.-Conjunto-de-calado-de-distribucion-para-Opel-Vauxhall-1.6-SIDI.jpg\",\"contentUrl\":\"https:\/\/mantenimientosinformaticos.net\/canarytools\/wp-content\/uploads\/2020\/05\/146-REF.9688.-Conjunto-de-calado-de-distribucion-para-Opel-Vauxhall-1.6-SIDI.jpg\",\"width\":225,\"height\":475,\"caption\":\"REF.:9688. Conjunto de calado de distribuci\u00f3n para Opel Vauxhall 1.6 SIDI\"},{\"@type\":\"BreadcrumbList\",\"@id\":\"https:\/\/mantenimientosinformaticos.net\/canarytools\/producto\/conjunto-de-calado-de-distribucion-para-opel-vauxhall-16-sidi\/#breadcrumb\",\"itemListElement\":[{\"@type\":\"ListItem\",\"position\":1,\"name\":\"Portada\",\"item\":\"https:\/\/mantenimientosinformaticos.net\/canarytools\/\"},{\"@type\":\"ListItem\",\"position\":2,\"name\":\"Tienda\",\"item\":\"https:\/\/mantenimientosinformaticos.net\/canarytools\/tienda\/\"},{\"@type\":\"ListItem\",\"position\":3,\"name\":\"REF.:9688. Conjunto de calado de distribuci\u00f3n para Opel Vauxhall 1.6 SIDI\"}]},{\"@type\":\"WebSite\",\"@id\":\"https:\/\/mantenimientosinformaticos.net\/canarytools\/#website\",\"url\":\"https:\/\/mantenimientosinformaticos.net\/canarytools\/\",\"name\":\"Canarytools S.L.\",\"description\":\"Herramientas y M\u00e1quinas\",\"publisher\":{\"@id\":\"https:\/\/mantenimientosinformaticos.net\/canarytools\/#\/schema\/person\/355e32754b03bb24b681f1b6917e49bf\"},\"potentialAction\":[{\"@type\":\"SearchAction\",\"target\":{\"@type\":\"EntryPoint\",\"urlTemplate\":\"https:\/\/mantenimientosinformaticos.net\/canarytools\/?s={search_term_string}\"},\"query-input\":\"required name=search_term_string\"}],\"inLanguage\":\"es\"},{\"@type\":[\"Person\",\"Organization\"],\"@id\":\"https:\/\/mantenimientosinformaticos.net\/canarytools\/#\/schema\/person\/355e32754b03bb24b681f1b6917e49bf\",\"name\":\"canarytools.xnetdigital\",\"image\":{\"@type\":\"ImageObject\",\"inLanguage\":\"es\",\"@id\":\"https:\/\/mantenimientosinformaticos.net\/canarytools\/#\/schema\/person\/image\/\",\"url\":\"https:\/\/mantenimientosinformaticos.net\/canarytools\/wp-content\/uploads\/2023\/12\/canary-tools-logo.png\",\"contentUrl\":\"https:\/\/mantenimientosinformaticos.net\/canarytools\/wp-content\/uploads\/2023\/12\/canary-tools-logo.png\",\"width\":1302,\"height\":440,\"caption\":\"canarytools.xnetdigital\"},\"logo\":{\"@id\":\"https:\/\/mantenimientosinformaticos.net\/canarytools\/#\/schema\/person\/image\/\"},\"sameAs\":[\"https:\/\/mantenimientosinformaticos.net\/canarytools\"]}]}<\/script>\n<!-- \/ Yoast SEO plugin. -->","yoast_head_json":{"title":"REF.:9688.  Conjunto de calado de distribuci\u00f3n para Opel Vauxhall 1.6 SIDI - Canarytools S.L.","robots":{"index":"index","follow":"follow","max-snippet":"max-snippet:-1","max-image-preview":"max-image-preview:large","max-video-preview":"max-video-preview:-1"},"canonical":"https:\/\/mantenimientosinformaticos.net\/canarytools\/producto\/conjunto-de-calado-de-distribucion-para-opel-vauxhall-16-sidi\/","og_locale":"es_ES","og_type":"article","og_title":"REF.:9688.  Conjunto de calado de distribuci\u00f3n para Opel Vauxhall 1.6 SIDI - Canarytools S.L.","og_description":"para ajustar y comprobar la sincronizaci\u00f3n del motor al reemplazar la cadena de distribuci\u00f3n","og_url":"https:\/\/mantenimientosinformaticos.net\/canarytools\/producto\/conjunto-de-calado-de-distribucion-para-opel-vauxhall-16-sidi\/","og_site_name":"Canarytools S.L.","og_image":[{"width":225,"height":475,"url":"https:\/\/mantenimientosinformaticos.net\/canarytools\/wp-content\/uploads\/2020\/05\/146-REF.9688.-Conjunto-de-calado-de-distribucion-para-Opel-Vauxhall-1.6-SIDI.jpg","type":"image\/jpeg"}],"twitter_card":"summary_large_image","twitter_misc":{"Tiempo de lectura":"1 minuto"},"schema":{"@context":"https:\/\/schema.org","@graph":[{"@type":"WebPage","@id":"https:\/\/mantenimientosinformaticos.net\/canarytools\/producto\/conjunto-de-calado-de-distribucion-para-opel-vauxhall-16-sidi\/","url":"https:\/\/mantenimientosinformaticos.net\/canarytools\/producto\/conjunto-de-calado-de-distribucion-para-opel-vauxhall-16-sidi\/","name":"REF.:9688. Conjunto de calado de distribuci\u00f3n para Opel Vauxhall 1.6 SIDI - Canarytools S.L.","isPartOf":{"@id":"https:\/\/mantenimientosinformaticos.net\/canarytools\/#website"},"primaryImageOfPage":{"@id":"https:\/\/mantenimientosinformaticos.net\/canarytools\/producto\/conjunto-de-calado-de-distribucion-para-opel-vauxhall-16-sidi\/#primaryimage"},"image":{"@id":"https:\/\/mantenimientosinformaticos.net\/canarytools\/producto\/conjunto-de-calado-de-distribucion-para-opel-vauxhall-16-sidi\/#primaryimage"},"thumbnailUrl":"https:\/\/mantenimientosinformaticos.net\/canarytools\/wp-content\/uploads\/2020\/05\/146-REF.9688.-Conjunto-de-calado-de-distribucion-para-Opel-Vauxhall-1.6-SIDI.jpg","datePublished":"2020-05-07T14:35:26+00:00","dateModified":"2020-05-07T14:35:26+00:00","breadcrumb":{"@id":"https:\/\/mantenimientosinformaticos.net\/canarytools\/producto\/conjunto-de-calado-de-distribucion-para-opel-vauxhall-16-sidi\/#breadcrumb"},"inLanguage":"es","potentialAction":[{"@type":"ReadAction","target":["https:\/\/mantenimientosinformaticos.net\/canarytools\/producto\/conjunto-de-calado-de-distribucion-para-opel-vauxhall-16-sidi\/"]}]},{"@type":"ImageObject","inLanguage":"es","@id":"https:\/\/mantenimientosinformaticos.net\/canarytools\/producto\/conjunto-de-calado-de-distribucion-para-opel-vauxhall-16-sidi\/#primaryimage","url":"https:\/\/mantenimientosinformaticos.net\/canarytools\/wp-content\/uploads\/2020\/05\/146-REF.9688.-Conjunto-de-calado-de-distribucion-para-Opel-Vauxhall-1.6-SIDI.jpg","contentUrl":"https:\/\/mantenimientosinformaticos.net\/canarytools\/wp-content\/uploads\/2020\/05\/146-REF.9688.-Conjunto-de-calado-de-distribucion-para-Opel-Vauxhall-1.6-SIDI.jpg","width":225,"height":475,"caption":"REF.:9688. Conjunto de calado de distribuci\u00f3n para Opel Vauxhall 1.6 SIDI"},{"@type":"BreadcrumbList","@id":"https:\/\/mantenimientosinformaticos.net\/canarytools\/producto\/conjunto-de-calado-de-distribucion-para-opel-vauxhall-16-sidi\/#breadcrumb","itemListElement":[{"@type":"ListItem","position":1,"name":"Portada","item":"https:\/\/mantenimientosinformaticos.net\/canarytools\/"},{"@type":"ListItem","position":2,"name":"Tienda","item":"https:\/\/mantenimientosinformaticos.net\/canarytools\/tienda\/"},{"@type":"ListItem","position":3,"name":"REF.:9688. Conjunto de calado de distribuci\u00f3n para Opel Vauxhall 1.6 SIDI"}]},{"@type":"WebSite","@id":"https:\/\/mantenimientosinformaticos.net\/canarytools\/#website","url":"https:\/\/mantenimientosinformaticos.net\/canarytools\/","name":"Canarytools S.L.","description":"Herramientas y M\u00e1quinas","publisher":{"@id":"https:\/\/mantenimientosinformaticos.net\/canarytools\/#\/schema\/person\/355e32754b03bb24b681f1b6917e49bf"},"potentialAction":[{"@type":"SearchAction","target":{"@type":"EntryPoint","urlTemplate":"https:\/\/mantenimientosinformaticos.net\/canarytools\/?s={search_term_string}"},"query-input":"required name=search_term_string"}],"inLanguage":"es"},{"@type":["Person","Organization"],"@id":"https:\/\/mantenimientosinformaticos.net\/canarytools\/#\/schema\/person\/355e32754b03bb24b681f1b6917e49bf","name":"canarytools.xnetdigital","image":{"@type":"ImageObject","inLanguage":"es","@id":"https:\/\/mantenimientosinformaticos.net\/canarytools\/#\/schema\/person\/image\/","url":"https:\/\/mantenimientosinformaticos.net\/canarytools\/wp-content\/uploads\/2023\/12\/canary-tools-logo.png","contentUrl":"https:\/\/mantenimientosinformaticos.net\/canarytools\/wp-content\/uploads\/2023\/12\/canary-tools-logo.png","width":1302,"height":440,"caption":"canarytools.xnetdigital"},"logo":{"@id":"https:\/\/mantenimientosinformaticos.net\/canarytools\/#\/schema\/person\/image\/"},"sameAs":["https:\/\/mantenimientosinformaticos.net\/canarytools"]}]}},"_links":{"self":[{"href":"https:\/\/mantenimientosinformaticos.net\/canarytools\/wp-json\/wp\/v2\/product\/4091","targetHints":{"allow":["GET"]}}],"collection":[{"href":"https:\/\/mantenimientosinformaticos.net\/canarytools\/wp-json\/wp\/v2\/product"}],"about":[{"href":"https:\/\/mantenimientosinformaticos.net\/canarytools\/wp-json\/wp\/v2\/types\/product"}],"replies":[{"embeddable":true,"href":"https:\/\/mantenimientosinformaticos.net\/canarytools\/wp-json\/wp\/v2\/comments?post=4091"}],"wp:featuredmedia":[{"embeddable":true,"href":"https:\/\/mantenimientosinformaticos.net\/canarytools\/wp-json\/wp\/v2\/media\/4090"}],"wp:attachment":[{"href":"https:\/\/mantenimientosinformaticos.net\/canarytools\/wp-json\/wp\/v2\/media?parent=4091"}],"wp:term":[{"taxonomy":"product_cat","embeddable":true,"href":"https:\/\/mantenimientosinformaticos.net\/canarytools\/wp-json\/wp\/v2\/product_cat?post=4091"},{"taxonomy":"product_tag","embeddable":true,"href":"https:\/\/mantenimientosinformaticos.net\/canarytools\/wp-json\/wp\/v2\/product_tag?post=4091"}],"curies":[{"name":"wp","href":"https:\/\/api.w.org\/{rel}","templated":true}]}}