{"id":4089,"date":"2020-05-07T16:28:21","date_gmt":"2020-05-07T14:28:21","guid":{"rendered":"https:\/\/mantenimientosinformaticos.net\/canarytools\/producto\/juego-de-calado-de-distribucion-para-alfa-romeo-fiat-14-multiair\/"},"modified":"2020-05-07T16:28:21","modified_gmt":"2020-05-07T14:28:21","slug":"juego-de-calado-de-distribucion-para-alfa-romeo-fiat-14-multiair","status":"publish","type":"product","link":"https:\/\/mantenimientosinformaticos.net\/canarytools\/producto\/juego-de-calado-de-distribucion-para-alfa-romeo-fiat-14-multiair\/","title":{"rendered":"REF.:9876.    Juego de calado de distribuci\u00f3n para Alfa Romeo &#038; Fiat 1.4 MultiAir"},"content":{"rendered":"<p style=\"margin:0px 0px 10px;color:#58595b;font-family:'PT Sans', 'Helvetica Neue', Helvetica, Arial, sans-serif;font-size:14px;line-height:20px;background-color:#ffffff;\"><strong>adecuado para los siguientes modelos:<\/strong><\/p>\n<ul style=\"margin:0px 0px 20px;list-style:none;padding:0px;color:#58595b;font-family:'PT Sans', 'Helvetica Neue', Helvetica, Arial, sans-serif;font-size:14px;line-height:20px;background-color:#ffffff;\">\n<li>Alfa Romeo Giulietta, Mito \/ Fiat Punto, Punto Evo 1.4 (Turbo) MultiAir (105\/135\/163\/170PS)<\/li>\n<li>C\u00f3digos de motor: 940A2.000 \/ 940A2.000 \/ 955A8.000 \/ 955A8.000 \/ 940A2.000 \/ 955A8.000 \/ 955A2.000 \/ 955A7.000 \/ 955A6.000 \/ 955A8.000<\/li>\n<\/ul>\n<p style=\"margin:0px 0px 10px;color:#58595b;font-family:'PT Sans', 'Helvetica Neue', Helvetica, Arial, sans-serif;font-size:14px;line-height:20px;background-color:#ffffff;\"><strong>Contenido de suministro:<\/strong><\/p>\n<ul style=\"margin:0px 0px 20px;list-style:none;padding:0px;color:#58595b;font-family:'PT Sans', 'Helvetica Neue', Helvetica, Arial, sans-serif;font-size:14px;line-height:20px;background-color:#ffffff;\">\n<li>herramienta de ajuste del \u00e1rbol de levas con 3 tornillos de fijaci\u00f3n, para ser utilizado como OEM 2000034400<\/li>\n<li>herramienta de bloqueo del cig\u00fce\u00f1al con 4 tornillos de fijaci\u00f3n, para ser utilizado como OEM 2000004500<\/li>\n<li>llave de polea tensora, para ser utilizada como OEM 1860987000<\/li>\n<\/ul>\n","protected":false},"excerpt":{"rendered":"<ul style=\"margin:0px 0px 20px;list-style:none;padding:0px;color:#58595b;font-family:'PT Sans', 'Helvetica Neue', Helvetica, Arial, sans-serif;font-size:14px;line-height:20px;background-color:#ffffff;\">\n<li>para ajustar la sincronizaci\u00f3n del motor al cambiar la correa de distribuci\u00f3n<\/li>\n<\/ul>\n","protected":false},"featured_media":4088,"comment_status":"open","ping_status":"closed","template":"","meta":[],"product_cat":[572,501,646,491],"product_tag":[],"class_list":{"0":"post-4089","1":"product","2":"type-product","3":"status-publish","4":"has-post-thumbnail","6":"product_cat-alfa-romero","7":"product_cat-calado-de-distribucion","8":"product_cat-fiat","9":"product_cat-herramientas-especiales-para-automoviles","11":"first","12":"instock","13":"shipping-taxable","14":"purchasable","15":"product-type-simple"},"yoast_head":"<!-- This site is optimized with the Yoast SEO plugin v22.7 - https:\/\/yoast.com\/wordpress\/plugins\/seo\/ -->\n<title>REF.:9876.  Juego de calado de distribuci\u00f3n para Alfa Romeo &amp; Fiat 1.4 MultiAir - Canarytools S.L.<\/title>\n<meta name=\"robots\" content=\"index, follow, max-snippet:-1, max-image-preview:large, max-video-preview:-1\" \/>\n<link rel=\"canonical\" href=\"https:\/\/mantenimientosinformaticos.net\/canarytools\/producto\/juego-de-calado-de-distribucion-para-alfa-romeo-fiat-14-multiair\/\" \/>\n<meta property=\"og:locale\" content=\"es_ES\" \/>\n<meta property=\"og:type\" content=\"article\" \/>\n<meta property=\"og:title\" content=\"REF.:9876.  Juego de calado de distribuci\u00f3n para Alfa Romeo &amp; Fiat 1.4 MultiAir - Canarytools S.L.\" \/>\n<meta property=\"og:description\" content=\"para ajustar la sincronizaci\u00f3n del motor al cambiar la correa de distribuci\u00f3n\" \/>\n<meta property=\"og:url\" content=\"https:\/\/mantenimientosinformaticos.net\/canarytools\/producto\/juego-de-calado-de-distribucion-para-alfa-romeo-fiat-14-multiair\/\" \/>\n<meta property=\"og:site_name\" content=\"Canarytools S.L.\" \/>\n<meta property=\"og:image\" content=\"https:\/\/mantenimientosinformaticos.net\/canarytools\/wp-content\/uploads\/2020\/05\/144-REF.9876.-Juego-de-calado-de-distribucion-para-Alfa-Romeo-Fiat-1.4-MultiAir.jpg\" \/>\n\t<meta property=\"og:image:width\" content=\"219\" \/>\n\t<meta property=\"og:image:height\" content=\"475\" \/>\n\t<meta property=\"og:image:type\" content=\"image\/jpeg\" \/>\n<meta name=\"twitter:card\" content=\"summary_large_image\" \/>\n<script type=\"application\/ld+json\" class=\"yoast-schema-graph\">{\"@context\":\"https:\/\/schema.org\",\"@graph\":[{\"@type\":\"WebPage\",\"@id\":\"https:\/\/mantenimientosinformaticos.net\/canarytools\/producto\/juego-de-calado-de-distribucion-para-alfa-romeo-fiat-14-multiair\/\",\"url\":\"https:\/\/mantenimientosinformaticos.net\/canarytools\/producto\/juego-de-calado-de-distribucion-para-alfa-romeo-fiat-14-multiair\/\",\"name\":\"REF.:9876. Juego de calado de distribuci\u00f3n para Alfa Romeo & Fiat 1.4 MultiAir - Canarytools S.L.\",\"isPartOf\":{\"@id\":\"https:\/\/mantenimientosinformaticos.net\/canarytools\/#website\"},\"primaryImageOfPage\":{\"@id\":\"https:\/\/mantenimientosinformaticos.net\/canarytools\/producto\/juego-de-calado-de-distribucion-para-alfa-romeo-fiat-14-multiair\/#primaryimage\"},\"image\":{\"@id\":\"https:\/\/mantenimientosinformaticos.net\/canarytools\/producto\/juego-de-calado-de-distribucion-para-alfa-romeo-fiat-14-multiair\/#primaryimage\"},\"thumbnailUrl\":\"https:\/\/mantenimientosinformaticos.net\/canarytools\/wp-content\/uploads\/2020\/05\/144-REF.9876.-Juego-de-calado-de-distribucion-para-Alfa-Romeo-Fiat-1.4-MultiAir.jpg\",\"datePublished\":\"2020-05-07T14:28:21+00:00\",\"dateModified\":\"2020-05-07T14:28:21+00:00\",\"breadcrumb\":{\"@id\":\"https:\/\/mantenimientosinformaticos.net\/canarytools\/producto\/juego-de-calado-de-distribucion-para-alfa-romeo-fiat-14-multiair\/#breadcrumb\"},\"inLanguage\":\"es\",\"potentialAction\":[{\"@type\":\"ReadAction\",\"target\":[\"https:\/\/mantenimientosinformaticos.net\/canarytools\/producto\/juego-de-calado-de-distribucion-para-alfa-romeo-fiat-14-multiair\/\"]}]},{\"@type\":\"ImageObject\",\"inLanguage\":\"es\",\"@id\":\"https:\/\/mantenimientosinformaticos.net\/canarytools\/producto\/juego-de-calado-de-distribucion-para-alfa-romeo-fiat-14-multiair\/#primaryimage\",\"url\":\"https:\/\/mantenimientosinformaticos.net\/canarytools\/wp-content\/uploads\/2020\/05\/144-REF.9876.-Juego-de-calado-de-distribucion-para-Alfa-Romeo-Fiat-1.4-MultiAir.jpg\",\"contentUrl\":\"https:\/\/mantenimientosinformaticos.net\/canarytools\/wp-content\/uploads\/2020\/05\/144-REF.9876.-Juego-de-calado-de-distribucion-para-Alfa-Romeo-Fiat-1.4-MultiAir.jpg\",\"width\":219,\"height\":475,\"caption\":\"REF.:9876. Juego de calado de distribuci\u00f3n para Alfa Romeo & Fiat 1.4 MultiAir\"},{\"@type\":\"BreadcrumbList\",\"@id\":\"https:\/\/mantenimientosinformaticos.net\/canarytools\/producto\/juego-de-calado-de-distribucion-para-alfa-romeo-fiat-14-multiair\/#breadcrumb\",\"itemListElement\":[{\"@type\":\"ListItem\",\"position\":1,\"name\":\"Portada\",\"item\":\"https:\/\/mantenimientosinformaticos.net\/canarytools\/\"},{\"@type\":\"ListItem\",\"position\":2,\"name\":\"Tienda\",\"item\":\"https:\/\/mantenimientosinformaticos.net\/canarytools\/tienda\/\"},{\"@type\":\"ListItem\",\"position\":3,\"name\":\"REF.:9876. Juego de calado de distribuci\u00f3n para Alfa Romeo &#038; Fiat 1.4 MultiAir\"}]},{\"@type\":\"WebSite\",\"@id\":\"https:\/\/mantenimientosinformaticos.net\/canarytools\/#website\",\"url\":\"https:\/\/mantenimientosinformaticos.net\/canarytools\/\",\"name\":\"Canarytools S.L.\",\"description\":\"Herramientas y M\u00e1quinas\",\"publisher\":{\"@id\":\"https:\/\/mantenimientosinformaticos.net\/canarytools\/#\/schema\/person\/355e32754b03bb24b681f1b6917e49bf\"},\"potentialAction\":[{\"@type\":\"SearchAction\",\"target\":{\"@type\":\"EntryPoint\",\"urlTemplate\":\"https:\/\/mantenimientosinformaticos.net\/canarytools\/?s={search_term_string}\"},\"query-input\":\"required name=search_term_string\"}],\"inLanguage\":\"es\"},{\"@type\":[\"Person\",\"Organization\"],\"@id\":\"https:\/\/mantenimientosinformaticos.net\/canarytools\/#\/schema\/person\/355e32754b03bb24b681f1b6917e49bf\",\"name\":\"canarytools.xnetdigital\",\"image\":{\"@type\":\"ImageObject\",\"inLanguage\":\"es\",\"@id\":\"https:\/\/mantenimientosinformaticos.net\/canarytools\/#\/schema\/person\/image\/\",\"url\":\"https:\/\/mantenimientosinformaticos.net\/canarytools\/wp-content\/uploads\/2023\/12\/canary-tools-logo.png\",\"contentUrl\":\"https:\/\/mantenimientosinformaticos.net\/canarytools\/wp-content\/uploads\/2023\/12\/canary-tools-logo.png\",\"width\":1302,\"height\":440,\"caption\":\"canarytools.xnetdigital\"},\"logo\":{\"@id\":\"https:\/\/mantenimientosinformaticos.net\/canarytools\/#\/schema\/person\/image\/\"},\"sameAs\":[\"https:\/\/mantenimientosinformaticos.net\/canarytools\"]}]}<\/script>\n<!-- \/ Yoast SEO plugin. -->","yoast_head_json":{"title":"REF.:9876.  Juego de calado de distribuci\u00f3n para Alfa Romeo & Fiat 1.4 MultiAir - Canarytools S.L.","robots":{"index":"index","follow":"follow","max-snippet":"max-snippet:-1","max-image-preview":"max-image-preview:large","max-video-preview":"max-video-preview:-1"},"canonical":"https:\/\/mantenimientosinformaticos.net\/canarytools\/producto\/juego-de-calado-de-distribucion-para-alfa-romeo-fiat-14-multiair\/","og_locale":"es_ES","og_type":"article","og_title":"REF.:9876.  Juego de calado de distribuci\u00f3n para Alfa Romeo & Fiat 1.4 MultiAir - Canarytools S.L.","og_description":"para ajustar la sincronizaci\u00f3n del motor al cambiar la correa de distribuci\u00f3n","og_url":"https:\/\/mantenimientosinformaticos.net\/canarytools\/producto\/juego-de-calado-de-distribucion-para-alfa-romeo-fiat-14-multiair\/","og_site_name":"Canarytools S.L.","og_image":[{"width":219,"height":475,"url":"https:\/\/mantenimientosinformaticos.net\/canarytools\/wp-content\/uploads\/2020\/05\/144-REF.9876.-Juego-de-calado-de-distribucion-para-Alfa-Romeo-Fiat-1.4-MultiAir.jpg","type":"image\/jpeg"}],"twitter_card":"summary_large_image","schema":{"@context":"https:\/\/schema.org","@graph":[{"@type":"WebPage","@id":"https:\/\/mantenimientosinformaticos.net\/canarytools\/producto\/juego-de-calado-de-distribucion-para-alfa-romeo-fiat-14-multiair\/","url":"https:\/\/mantenimientosinformaticos.net\/canarytools\/producto\/juego-de-calado-de-distribucion-para-alfa-romeo-fiat-14-multiair\/","name":"REF.:9876. Juego de calado de distribuci\u00f3n para Alfa Romeo & Fiat 1.4 MultiAir - Canarytools S.L.","isPartOf":{"@id":"https:\/\/mantenimientosinformaticos.net\/canarytools\/#website"},"primaryImageOfPage":{"@id":"https:\/\/mantenimientosinformaticos.net\/canarytools\/producto\/juego-de-calado-de-distribucion-para-alfa-romeo-fiat-14-multiair\/#primaryimage"},"image":{"@id":"https:\/\/mantenimientosinformaticos.net\/canarytools\/producto\/juego-de-calado-de-distribucion-para-alfa-romeo-fiat-14-multiair\/#primaryimage"},"thumbnailUrl":"https:\/\/mantenimientosinformaticos.net\/canarytools\/wp-content\/uploads\/2020\/05\/144-REF.9876.-Juego-de-calado-de-distribucion-para-Alfa-Romeo-Fiat-1.4-MultiAir.jpg","datePublished":"2020-05-07T14:28:21+00:00","dateModified":"2020-05-07T14:28:21+00:00","breadcrumb":{"@id":"https:\/\/mantenimientosinformaticos.net\/canarytools\/producto\/juego-de-calado-de-distribucion-para-alfa-romeo-fiat-14-multiair\/#breadcrumb"},"inLanguage":"es","potentialAction":[{"@type":"ReadAction","target":["https:\/\/mantenimientosinformaticos.net\/canarytools\/producto\/juego-de-calado-de-distribucion-para-alfa-romeo-fiat-14-multiair\/"]}]},{"@type":"ImageObject","inLanguage":"es","@id":"https:\/\/mantenimientosinformaticos.net\/canarytools\/producto\/juego-de-calado-de-distribucion-para-alfa-romeo-fiat-14-multiair\/#primaryimage","url":"https:\/\/mantenimientosinformaticos.net\/canarytools\/wp-content\/uploads\/2020\/05\/144-REF.9876.-Juego-de-calado-de-distribucion-para-Alfa-Romeo-Fiat-1.4-MultiAir.jpg","contentUrl":"https:\/\/mantenimientosinformaticos.net\/canarytools\/wp-content\/uploads\/2020\/05\/144-REF.9876.-Juego-de-calado-de-distribucion-para-Alfa-Romeo-Fiat-1.4-MultiAir.jpg","width":219,"height":475,"caption":"REF.:9876. Juego de calado de distribuci\u00f3n para Alfa Romeo & Fiat 1.4 MultiAir"},{"@type":"BreadcrumbList","@id":"https:\/\/mantenimientosinformaticos.net\/canarytools\/producto\/juego-de-calado-de-distribucion-para-alfa-romeo-fiat-14-multiair\/#breadcrumb","itemListElement":[{"@type":"ListItem","position":1,"name":"Portada","item":"https:\/\/mantenimientosinformaticos.net\/canarytools\/"},{"@type":"ListItem","position":2,"name":"Tienda","item":"https:\/\/mantenimientosinformaticos.net\/canarytools\/tienda\/"},{"@type":"ListItem","position":3,"name":"REF.:9876. Juego de calado de distribuci\u00f3n para Alfa Romeo &#038; Fiat 1.4 MultiAir"}]},{"@type":"WebSite","@id":"https:\/\/mantenimientosinformaticos.net\/canarytools\/#website","url":"https:\/\/mantenimientosinformaticos.net\/canarytools\/","name":"Canarytools S.L.","description":"Herramientas y M\u00e1quinas","publisher":{"@id":"https:\/\/mantenimientosinformaticos.net\/canarytools\/#\/schema\/person\/355e32754b03bb24b681f1b6917e49bf"},"potentialAction":[{"@type":"SearchAction","target":{"@type":"EntryPoint","urlTemplate":"https:\/\/mantenimientosinformaticos.net\/canarytools\/?s={search_term_string}"},"query-input":"required name=search_term_string"}],"inLanguage":"es"},{"@type":["Person","Organization"],"@id":"https:\/\/mantenimientosinformaticos.net\/canarytools\/#\/schema\/person\/355e32754b03bb24b681f1b6917e49bf","name":"canarytools.xnetdigital","image":{"@type":"ImageObject","inLanguage":"es","@id":"https:\/\/mantenimientosinformaticos.net\/canarytools\/#\/schema\/person\/image\/","url":"https:\/\/mantenimientosinformaticos.net\/canarytools\/wp-content\/uploads\/2023\/12\/canary-tools-logo.png","contentUrl":"https:\/\/mantenimientosinformaticos.net\/canarytools\/wp-content\/uploads\/2023\/12\/canary-tools-logo.png","width":1302,"height":440,"caption":"canarytools.xnetdigital"},"logo":{"@id":"https:\/\/mantenimientosinformaticos.net\/canarytools\/#\/schema\/person\/image\/"},"sameAs":["https:\/\/mantenimientosinformaticos.net\/canarytools"]}]}},"_links":{"self":[{"href":"https:\/\/mantenimientosinformaticos.net\/canarytools\/wp-json\/wp\/v2\/product\/4089","targetHints":{"allow":["GET"]}}],"collection":[{"href":"https:\/\/mantenimientosinformaticos.net\/canarytools\/wp-json\/wp\/v2\/product"}],"about":[{"href":"https:\/\/mantenimientosinformaticos.net\/canarytools\/wp-json\/wp\/v2\/types\/product"}],"replies":[{"embeddable":true,"href":"https:\/\/mantenimientosinformaticos.net\/canarytools\/wp-json\/wp\/v2\/comments?post=4089"}],"wp:featuredmedia":[{"embeddable":true,"href":"https:\/\/mantenimientosinformaticos.net\/canarytools\/wp-json\/wp\/v2\/media\/4088"}],"wp:attachment":[{"href":"https:\/\/mantenimientosinformaticos.net\/canarytools\/wp-json\/wp\/v2\/media?parent=4089"}],"wp:term":[{"taxonomy":"product_cat","embeddable":true,"href":"https:\/\/mantenimientosinformaticos.net\/canarytools\/wp-json\/wp\/v2\/product_cat?post=4089"},{"taxonomy":"product_tag","embeddable":true,"href":"https:\/\/mantenimientosinformaticos.net\/canarytools\/wp-json\/wp\/v2\/product_tag?post=4089"}],"curies":[{"name":"wp","href":"https:\/\/api.w.org\/{rel}","templated":true}]}}