{"id":4085,"date":"2020-05-07T16:23:14","date_gmt":"2020-05-07T14:23:14","guid":{"rendered":"https:\/\/mantenimientosinformaticos.net\/canarytools\/producto\/conjuntode-calado-de-distribucion-para-mercedes-benz-m112-m113\/"},"modified":"2020-05-07T16:23:14","modified_gmt":"2020-05-07T14:23:14","slug":"conjuntode-calado-de-distribucion-para-mercedes-benz-m112-m113","status":"publish","type":"product","link":"https:\/\/mantenimientosinformaticos.net\/canarytools\/producto\/conjuntode-calado-de-distribucion-para-mercedes-benz-m112-m113\/","title":{"rendered":"REF.:9215.   Conjunto de calado de distribucio\u0301n para Mercedes-Benz M112 + M113"},"content":{"rendered":"<p style=\"margin:0px 0px 10px;color:#58595b;font-family:'PT Sans', 'Helvetica Neue', Helvetica, Arial, sans-serif;font-size:14px;line-height:20px;background-color:#ffffff;\"><strong>Contenido de suministro:<\/strong><\/p>\n<ul style=\"margin:0px 0px 20px;list-style:none;padding:0px;color:#58595b;font-family:'PT Sans', 'Helvetica Neue', Helvetica, Arial, sans-serif;font-size:14px;line-height:20px;background-color:#ffffff;\">\n<li>bloqueo del \u00e1rbol de levas (lado derecho), para ser utilizado como OEM 112589003200<\/li>\n<li>bloqueo del \u00e1rbol de levas (lado izquierdo), para ser utilizado como OEM 112589013200<\/li>\n<li>llave para \u00e1rbol de levas, para ser utilizado como OEM 112589000100<\/li>\n<\/ul>\n","protected":false},"excerpt":{"rendered":"<ul style=\"margin:0px 0px 20px;list-style:none;padding:0px;color:#58595b;font-family:'PT Sans', 'Helvetica Neue', Helvetica, Arial, sans-serif;font-size:14px;line-height:20px;background-color:#ffffff;\">\n<li>es necesario para trabajos en la cadena de distribuci\u00f3n o al ajustar la sincronizaci\u00f3n del motor<\/li>\n<li>mantiene el \u00e1rbol de levas izquierdo y derecho en posici\u00f3n de ajuste<\/li>\n<\/ul>\n","protected":false},"featured_media":4084,"comment_status":"open","ping_status":"closed","template":"","meta":[],"product_cat":[501,580,491],"product_tag":[],"class_list":{"0":"post-4085","1":"product","2":"type-product","3":"status-publish","4":"has-post-thumbnail","6":"product_cat-calado-de-distribucion","7":"product_cat-mercedes","8":"product_cat-herramientas-especiales-para-automoviles","10":"first","11":"instock","12":"shipping-taxable","13":"purchasable","14":"product-type-simple"},"yoast_head":"<!-- This site is optimized with the Yoast SEO plugin v22.7 - https:\/\/yoast.com\/wordpress\/plugins\/seo\/ -->\n<title>REF.:9215.  Conjunto de calado de distribucio\u0301n para Mercedes-Benz M112 + M113 - Canarytools S.L.<\/title>\n<meta name=\"robots\" content=\"index, follow, max-snippet:-1, max-image-preview:large, max-video-preview:-1\" \/>\n<link rel=\"canonical\" href=\"https:\/\/mantenimientosinformaticos.net\/canarytools\/producto\/conjuntode-calado-de-distribucion-para-mercedes-benz-m112-m113\/\" \/>\n<meta property=\"og:locale\" content=\"es_ES\" \/>\n<meta property=\"og:type\" content=\"article\" \/>\n<meta property=\"og:title\" content=\"REF.:9215.  Conjunto de calado de distribucio\u0301n para Mercedes-Benz M112 + M113 - Canarytools S.L.\" \/>\n<meta property=\"og:description\" content=\"es necesario para trabajos en la cadena de distribuci\u00f3n o al ajustar la sincronizaci\u00f3n del motor mantiene el \u00e1rbol de levas izquierdo y derecho en posici\u00f3n de ajuste\" \/>\n<meta property=\"og:url\" content=\"https:\/\/mantenimientosinformaticos.net\/canarytools\/producto\/conjuntode-calado-de-distribucion-para-mercedes-benz-m112-m113\/\" \/>\n<meta property=\"og:site_name\" content=\"Canarytools S.L.\" \/>\n<meta property=\"og:image\" content=\"https:\/\/mantenimientosinformaticos.net\/canarytools\/wp-content\/uploads\/2020\/05\/142-REF.9215.-Conjunto-de-calado-de-distribucion-para-Mercedes-Benz-M112-M113.jpg\" \/>\n\t<meta property=\"og:image:width\" content=\"217\" \/>\n\t<meta property=\"og:image:height\" content=\"475\" \/>\n\t<meta property=\"og:image:type\" content=\"image\/jpeg\" \/>\n<meta name=\"twitter:card\" content=\"summary_large_image\" \/>\n<script type=\"application\/ld+json\" class=\"yoast-schema-graph\">{\"@context\":\"https:\/\/schema.org\",\"@graph\":[{\"@type\":\"WebPage\",\"@id\":\"https:\/\/mantenimientosinformaticos.net\/canarytools\/producto\/conjuntode-calado-de-distribucion-para-mercedes-benz-m112-m113\/\",\"url\":\"https:\/\/mantenimientosinformaticos.net\/canarytools\/producto\/conjuntode-calado-de-distribucion-para-mercedes-benz-m112-m113\/\",\"name\":\"REF.:9215. Conjunto de calado de distribucio\u0301n para Mercedes-Benz M112 + M113 - Canarytools S.L.\",\"isPartOf\":{\"@id\":\"https:\/\/mantenimientosinformaticos.net\/canarytools\/#website\"},\"primaryImageOfPage\":{\"@id\":\"https:\/\/mantenimientosinformaticos.net\/canarytools\/producto\/conjuntode-calado-de-distribucion-para-mercedes-benz-m112-m113\/#primaryimage\"},\"image\":{\"@id\":\"https:\/\/mantenimientosinformaticos.net\/canarytools\/producto\/conjuntode-calado-de-distribucion-para-mercedes-benz-m112-m113\/#primaryimage\"},\"thumbnailUrl\":\"https:\/\/mantenimientosinformaticos.net\/canarytools\/wp-content\/uploads\/2020\/05\/142-REF.9215.-Conjunto-de-calado-de-distribucion-para-Mercedes-Benz-M112-M113.jpg\",\"datePublished\":\"2020-05-07T14:23:14+00:00\",\"dateModified\":\"2020-05-07T14:23:14+00:00\",\"breadcrumb\":{\"@id\":\"https:\/\/mantenimientosinformaticos.net\/canarytools\/producto\/conjuntode-calado-de-distribucion-para-mercedes-benz-m112-m113\/#breadcrumb\"},\"inLanguage\":\"es\",\"potentialAction\":[{\"@type\":\"ReadAction\",\"target\":[\"https:\/\/mantenimientosinformaticos.net\/canarytools\/producto\/conjuntode-calado-de-distribucion-para-mercedes-benz-m112-m113\/\"]}]},{\"@type\":\"ImageObject\",\"inLanguage\":\"es\",\"@id\":\"https:\/\/mantenimientosinformaticos.net\/canarytools\/producto\/conjuntode-calado-de-distribucion-para-mercedes-benz-m112-m113\/#primaryimage\",\"url\":\"https:\/\/mantenimientosinformaticos.net\/canarytools\/wp-content\/uploads\/2020\/05\/142-REF.9215.-Conjunto-de-calado-de-distribucion-para-Mercedes-Benz-M112-M113.jpg\",\"contentUrl\":\"https:\/\/mantenimientosinformaticos.net\/canarytools\/wp-content\/uploads\/2020\/05\/142-REF.9215.-Conjunto-de-calado-de-distribucion-para-Mercedes-Benz-M112-M113.jpg\",\"width\":217,\"height\":475,\"caption\":\"REF.:9215. Conjunto de calado de distribucio\u0301n para Mercedes-Benz M112 + M113\"},{\"@type\":\"BreadcrumbList\",\"@id\":\"https:\/\/mantenimientosinformaticos.net\/canarytools\/producto\/conjuntode-calado-de-distribucion-para-mercedes-benz-m112-m113\/#breadcrumb\",\"itemListElement\":[{\"@type\":\"ListItem\",\"position\":1,\"name\":\"Portada\",\"item\":\"https:\/\/mantenimientosinformaticos.net\/canarytools\/\"},{\"@type\":\"ListItem\",\"position\":2,\"name\":\"Tienda\",\"item\":\"https:\/\/mantenimientosinformaticos.net\/canarytools\/tienda\/\"},{\"@type\":\"ListItem\",\"position\":3,\"name\":\"REF.:9215. Conjunto de calado de distribucio\u0301n para Mercedes-Benz M112 + M113\"}]},{\"@type\":\"WebSite\",\"@id\":\"https:\/\/mantenimientosinformaticos.net\/canarytools\/#website\",\"url\":\"https:\/\/mantenimientosinformaticos.net\/canarytools\/\",\"name\":\"Canarytools S.L.\",\"description\":\"Herramientas y M\u00e1quinas\",\"publisher\":{\"@id\":\"https:\/\/mantenimientosinformaticos.net\/canarytools\/#\/schema\/person\/355e32754b03bb24b681f1b6917e49bf\"},\"potentialAction\":[{\"@type\":\"SearchAction\",\"target\":{\"@type\":\"EntryPoint\",\"urlTemplate\":\"https:\/\/mantenimientosinformaticos.net\/canarytools\/?s={search_term_string}\"},\"query-input\":\"required name=search_term_string\"}],\"inLanguage\":\"es\"},{\"@type\":[\"Person\",\"Organization\"],\"@id\":\"https:\/\/mantenimientosinformaticos.net\/canarytools\/#\/schema\/person\/355e32754b03bb24b681f1b6917e49bf\",\"name\":\"canarytools.xnetdigital\",\"image\":{\"@type\":\"ImageObject\",\"inLanguage\":\"es\",\"@id\":\"https:\/\/mantenimientosinformaticos.net\/canarytools\/#\/schema\/person\/image\/\",\"url\":\"https:\/\/mantenimientosinformaticos.net\/canarytools\/wp-content\/uploads\/2023\/12\/canary-tools-logo.png\",\"contentUrl\":\"https:\/\/mantenimientosinformaticos.net\/canarytools\/wp-content\/uploads\/2023\/12\/canary-tools-logo.png\",\"width\":1302,\"height\":440,\"caption\":\"canarytools.xnetdigital\"},\"logo\":{\"@id\":\"https:\/\/mantenimientosinformaticos.net\/canarytools\/#\/schema\/person\/image\/\"},\"sameAs\":[\"https:\/\/mantenimientosinformaticos.net\/canarytools\"]}]}<\/script>\n<!-- \/ Yoast SEO plugin. -->","yoast_head_json":{"title":"REF.:9215.  Conjunto de calado de distribucio\u0301n para Mercedes-Benz M112 + M113 - Canarytools S.L.","robots":{"index":"index","follow":"follow","max-snippet":"max-snippet:-1","max-image-preview":"max-image-preview:large","max-video-preview":"max-video-preview:-1"},"canonical":"https:\/\/mantenimientosinformaticos.net\/canarytools\/producto\/conjuntode-calado-de-distribucion-para-mercedes-benz-m112-m113\/","og_locale":"es_ES","og_type":"article","og_title":"REF.:9215.  Conjunto de calado de distribucio\u0301n para Mercedes-Benz M112 + M113 - Canarytools S.L.","og_description":"es necesario para trabajos en la cadena de distribuci\u00f3n o al ajustar la sincronizaci\u00f3n del motor mantiene el \u00e1rbol de levas izquierdo y derecho en posici\u00f3n de ajuste","og_url":"https:\/\/mantenimientosinformaticos.net\/canarytools\/producto\/conjuntode-calado-de-distribucion-para-mercedes-benz-m112-m113\/","og_site_name":"Canarytools S.L.","og_image":[{"width":217,"height":475,"url":"https:\/\/mantenimientosinformaticos.net\/canarytools\/wp-content\/uploads\/2020\/05\/142-REF.9215.-Conjunto-de-calado-de-distribucion-para-Mercedes-Benz-M112-M113.jpg","type":"image\/jpeg"}],"twitter_card":"summary_large_image","schema":{"@context":"https:\/\/schema.org","@graph":[{"@type":"WebPage","@id":"https:\/\/mantenimientosinformaticos.net\/canarytools\/producto\/conjuntode-calado-de-distribucion-para-mercedes-benz-m112-m113\/","url":"https:\/\/mantenimientosinformaticos.net\/canarytools\/producto\/conjuntode-calado-de-distribucion-para-mercedes-benz-m112-m113\/","name":"REF.:9215. Conjunto de calado de distribucio\u0301n para Mercedes-Benz M112 + M113 - Canarytools S.L.","isPartOf":{"@id":"https:\/\/mantenimientosinformaticos.net\/canarytools\/#website"},"primaryImageOfPage":{"@id":"https:\/\/mantenimientosinformaticos.net\/canarytools\/producto\/conjuntode-calado-de-distribucion-para-mercedes-benz-m112-m113\/#primaryimage"},"image":{"@id":"https:\/\/mantenimientosinformaticos.net\/canarytools\/producto\/conjuntode-calado-de-distribucion-para-mercedes-benz-m112-m113\/#primaryimage"},"thumbnailUrl":"https:\/\/mantenimientosinformaticos.net\/canarytools\/wp-content\/uploads\/2020\/05\/142-REF.9215.-Conjunto-de-calado-de-distribucion-para-Mercedes-Benz-M112-M113.jpg","datePublished":"2020-05-07T14:23:14+00:00","dateModified":"2020-05-07T14:23:14+00:00","breadcrumb":{"@id":"https:\/\/mantenimientosinformaticos.net\/canarytools\/producto\/conjuntode-calado-de-distribucion-para-mercedes-benz-m112-m113\/#breadcrumb"},"inLanguage":"es","potentialAction":[{"@type":"ReadAction","target":["https:\/\/mantenimientosinformaticos.net\/canarytools\/producto\/conjuntode-calado-de-distribucion-para-mercedes-benz-m112-m113\/"]}]},{"@type":"ImageObject","inLanguage":"es","@id":"https:\/\/mantenimientosinformaticos.net\/canarytools\/producto\/conjuntode-calado-de-distribucion-para-mercedes-benz-m112-m113\/#primaryimage","url":"https:\/\/mantenimientosinformaticos.net\/canarytools\/wp-content\/uploads\/2020\/05\/142-REF.9215.-Conjunto-de-calado-de-distribucion-para-Mercedes-Benz-M112-M113.jpg","contentUrl":"https:\/\/mantenimientosinformaticos.net\/canarytools\/wp-content\/uploads\/2020\/05\/142-REF.9215.-Conjunto-de-calado-de-distribucion-para-Mercedes-Benz-M112-M113.jpg","width":217,"height":475,"caption":"REF.:9215. Conjunto de calado de distribucio\u0301n para Mercedes-Benz M112 + M113"},{"@type":"BreadcrumbList","@id":"https:\/\/mantenimientosinformaticos.net\/canarytools\/producto\/conjuntode-calado-de-distribucion-para-mercedes-benz-m112-m113\/#breadcrumb","itemListElement":[{"@type":"ListItem","position":1,"name":"Portada","item":"https:\/\/mantenimientosinformaticos.net\/canarytools\/"},{"@type":"ListItem","position":2,"name":"Tienda","item":"https:\/\/mantenimientosinformaticos.net\/canarytools\/tienda\/"},{"@type":"ListItem","position":3,"name":"REF.:9215. Conjunto de calado de distribucio\u0301n para Mercedes-Benz M112 + M113"}]},{"@type":"WebSite","@id":"https:\/\/mantenimientosinformaticos.net\/canarytools\/#website","url":"https:\/\/mantenimientosinformaticos.net\/canarytools\/","name":"Canarytools S.L.","description":"Herramientas y M\u00e1quinas","publisher":{"@id":"https:\/\/mantenimientosinformaticos.net\/canarytools\/#\/schema\/person\/355e32754b03bb24b681f1b6917e49bf"},"potentialAction":[{"@type":"SearchAction","target":{"@type":"EntryPoint","urlTemplate":"https:\/\/mantenimientosinformaticos.net\/canarytools\/?s={search_term_string}"},"query-input":"required name=search_term_string"}],"inLanguage":"es"},{"@type":["Person","Organization"],"@id":"https:\/\/mantenimientosinformaticos.net\/canarytools\/#\/schema\/person\/355e32754b03bb24b681f1b6917e49bf","name":"canarytools.xnetdigital","image":{"@type":"ImageObject","inLanguage":"es","@id":"https:\/\/mantenimientosinformaticos.net\/canarytools\/#\/schema\/person\/image\/","url":"https:\/\/mantenimientosinformaticos.net\/canarytools\/wp-content\/uploads\/2023\/12\/canary-tools-logo.png","contentUrl":"https:\/\/mantenimientosinformaticos.net\/canarytools\/wp-content\/uploads\/2023\/12\/canary-tools-logo.png","width":1302,"height":440,"caption":"canarytools.xnetdigital"},"logo":{"@id":"https:\/\/mantenimientosinformaticos.net\/canarytools\/#\/schema\/person\/image\/"},"sameAs":["https:\/\/mantenimientosinformaticos.net\/canarytools"]}]}},"_links":{"self":[{"href":"https:\/\/mantenimientosinformaticos.net\/canarytools\/wp-json\/wp\/v2\/product\/4085","targetHints":{"allow":["GET"]}}],"collection":[{"href":"https:\/\/mantenimientosinformaticos.net\/canarytools\/wp-json\/wp\/v2\/product"}],"about":[{"href":"https:\/\/mantenimientosinformaticos.net\/canarytools\/wp-json\/wp\/v2\/types\/product"}],"replies":[{"embeddable":true,"href":"https:\/\/mantenimientosinformaticos.net\/canarytools\/wp-json\/wp\/v2\/comments?post=4085"}],"wp:featuredmedia":[{"embeddable":true,"href":"https:\/\/mantenimientosinformaticos.net\/canarytools\/wp-json\/wp\/v2\/media\/4084"}],"wp:attachment":[{"href":"https:\/\/mantenimientosinformaticos.net\/canarytools\/wp-json\/wp\/v2\/media?parent=4085"}],"wp:term":[{"taxonomy":"product_cat","embeddable":true,"href":"https:\/\/mantenimientosinformaticos.net\/canarytools\/wp-json\/wp\/v2\/product_cat?post=4085"},{"taxonomy":"product_tag","embeddable":true,"href":"https:\/\/mantenimientosinformaticos.net\/canarytools\/wp-json\/wp\/v2\/product_tag?post=4085"}],"curies":[{"name":"wp","href":"https:\/\/api.w.org\/{rel}","templated":true}]}}