{"id":4081,"date":"2020-05-07T16:14:17","date_gmt":"2020-05-07T14:14:17","guid":{"rendered":"https:\/\/mantenimientosinformaticos.net\/canarytools\/producto\/llave-para-sujetar-ciguenal-vag-16-20-common-rail\/"},"modified":"2020-05-07T16:14:17","modified_gmt":"2020-05-07T14:14:17","slug":"llave-para-sujetar-ciguenal-vag-16-20-common-rail","status":"publish","type":"product","link":"https:\/\/mantenimientosinformaticos.net\/canarytools\/producto\/llave-para-sujetar-ciguenal-vag-16-20-common-rail\/","title":{"rendered":"REF.:9625.  Llave para sujetar ciguen\u0303al VAG 1.6, 2.0 Common Rail"},"content":{"rendered":"<ul style=\"margin:0px 0px 20px;list-style:none;padding:0px;color:#58595b;font-family:'PT Sans', 'Helvetica Neue', Helvetica, Arial, sans-serif;font-size:14px;line-height:20px;background-color:#ffffff;\">\n<li>adecuado para:\n<ul style=\"margin:0px 0px 0px 20px;list-style:none;padding:0px;\">\n<li>motores TDI Common Rail de la serie EA288<\/li>\n<li><\/li>\n<\/ul>\n<\/li>\n<li>para los siguientes veh\u00edculos:\n<ul style=\"margin:0px 0px 0px 20px;list-style:none;padding:0px;\">\n<li>1.4 TDI Audi A1<\/li>\n<li>1.4 TDI Seat Ibiza, Toledo IV<\/li>\n<li>1.4 TDI Skoda Fabia III, Rapid (2012)<\/li>\n<li>1.4 TDI VW Polo V<\/li>\n<li>1.6 TDI Audi A1, A3 8V, A4 B9, Q2<\/li>\n<li>1.6 TDI Seat Leon III, Toledo IV, Ateca<\/li>\n<li>1.6 TDI Skoda, Octavia III, Rapid (2012), Superb III, Karoq<\/li>\n<li>1.6 TDI VW Beetle, Golf VII, Jetta VI, Tiguan, Touran II, T-Roc, Passat B8, CC, Scirocco III<\/li>\n<li>2.0 TDI Audi A3 8V, A4 B9, Q2<\/li>\n<li>2.0 TDI Seat Leon III, Ateca, Alhambra II<\/li>\n<li>2.0 TDI Skoda Octavia III, Superb III, Kodiaq, Karoq<\/li>\n<li>2.0 TDI VW Beetle, Golf VII, Jetta VI, Tiguan, Tiguan II, Touran II, T-Roc, Sharan II, Passat B8, CC, Scirocco III, Arteon, T6, Caddy, Crafter, Amarok<\/li>\n<\/ul>\n<\/li>\n<li>para usar como OEM T10490<\/li>\n<\/ul>\n","protected":false},"excerpt":{"rendered":"<ul style=\"margin:0px 0px 20px;list-style:none;padding:0px;color:#58595b;font-family:'PT Sans', 'Helvetica Neue', Helvetica, Arial, sans-serif;font-size:14px;line-height:20px;background-color:#ffffff;\">\n<li>para el ajuste \/ bloqueo del cig\u00fce\u00f1al durante, por ejemplo, trabajos en el accionamiento del \u00e1rbol de levas o al renovar la junta de culata<\/li>\n<\/ul>\n","protected":false},"featured_media":4080,"comment_status":"open","ping_status":"closed","template":"","meta":[],"product_cat":[501,585,578,491],"product_tag":[],"class_list":{"0":"post-4081","1":"product","2":"type-product","3":"status-publish","4":"has-post-thumbnail","6":"product_cat-calado-de-distribucion","7":"product_cat-seat","8":"product_cat-volkswagen","9":"product_cat-herramientas-especiales-para-automoviles","11":"first","12":"onbackorder","13":"shipping-taxable","14":"purchasable","15":"product-type-simple"},"yoast_head":"<!-- This site is optimized with the Yoast SEO plugin v22.7 - https:\/\/yoast.com\/wordpress\/plugins\/seo\/ -->\n<title>REF.:9625. Llave para sujetar ciguen\u0303al VAG 1.6, 2.0 Common Rail - Canarytools S.L.<\/title>\n<meta name=\"robots\" content=\"index, follow, max-snippet:-1, max-image-preview:large, max-video-preview:-1\" \/>\n<link rel=\"canonical\" href=\"https:\/\/mantenimientosinformaticos.net\/canarytools\/producto\/llave-para-sujetar-ciguenal-vag-16-20-common-rail\/\" \/>\n<meta property=\"og:locale\" content=\"es_ES\" \/>\n<meta property=\"og:type\" content=\"article\" \/>\n<meta property=\"og:title\" content=\"REF.:9625. Llave para sujetar ciguen\u0303al VAG 1.6, 2.0 Common Rail - Canarytools S.L.\" \/>\n<meta property=\"og:description\" content=\"para el ajuste \/ bloqueo del cig\u00fce\u00f1al durante, por ejemplo, trabajos en el accionamiento del \u00e1rbol de levas o al renovar la junta de culata\" \/>\n<meta property=\"og:url\" content=\"https:\/\/mantenimientosinformaticos.net\/canarytools\/producto\/llave-para-sujetar-ciguenal-vag-16-20-common-rail\/\" \/>\n<meta property=\"og:site_name\" content=\"Canarytools S.L.\" \/>\n<meta property=\"og:image\" content=\"https:\/\/mantenimientosinformaticos.net\/canarytools\/wp-content\/uploads\/2020\/05\/140-REF.9625.-Llave-para-sujetar-ciguenal-VAG-1.6-2.0-Common-Rail.jpg\" \/>\n\t<meta property=\"og:image:width\" content=\"433\" \/>\n\t<meta property=\"og:image:height\" content=\"476\" \/>\n\t<meta property=\"og:image:type\" content=\"image\/jpeg\" \/>\n<meta name=\"twitter:card\" content=\"summary_large_image\" \/>\n<meta name=\"twitter:label1\" content=\"Tiempo de lectura\" \/>\n\t<meta name=\"twitter:data1\" content=\"1 minuto\" \/>\n<script type=\"application\/ld+json\" class=\"yoast-schema-graph\">{\"@context\":\"https:\/\/schema.org\",\"@graph\":[{\"@type\":\"WebPage\",\"@id\":\"https:\/\/mantenimientosinformaticos.net\/canarytools\/producto\/llave-para-sujetar-ciguenal-vag-16-20-common-rail\/\",\"url\":\"https:\/\/mantenimientosinformaticos.net\/canarytools\/producto\/llave-para-sujetar-ciguenal-vag-16-20-common-rail\/\",\"name\":\"REF.:9625. Llave para sujetar ciguen\u0303al VAG 1.6, 2.0 Common Rail - Canarytools S.L.\",\"isPartOf\":{\"@id\":\"https:\/\/mantenimientosinformaticos.net\/canarytools\/#website\"},\"primaryImageOfPage\":{\"@id\":\"https:\/\/mantenimientosinformaticos.net\/canarytools\/producto\/llave-para-sujetar-ciguenal-vag-16-20-common-rail\/#primaryimage\"},\"image\":{\"@id\":\"https:\/\/mantenimientosinformaticos.net\/canarytools\/producto\/llave-para-sujetar-ciguenal-vag-16-20-common-rail\/#primaryimage\"},\"thumbnailUrl\":\"https:\/\/mantenimientosinformaticos.net\/canarytools\/wp-content\/uploads\/2020\/05\/140-REF.9625.-Llave-para-sujetar-ciguenal-VAG-1.6-2.0-Common-Rail.jpg\",\"datePublished\":\"2020-05-07T14:14:17+00:00\",\"dateModified\":\"2020-05-07T14:14:17+00:00\",\"breadcrumb\":{\"@id\":\"https:\/\/mantenimientosinformaticos.net\/canarytools\/producto\/llave-para-sujetar-ciguenal-vag-16-20-common-rail\/#breadcrumb\"},\"inLanguage\":\"es\",\"potentialAction\":[{\"@type\":\"ReadAction\",\"target\":[\"https:\/\/mantenimientosinformaticos.net\/canarytools\/producto\/llave-para-sujetar-ciguenal-vag-16-20-common-rail\/\"]}]},{\"@type\":\"ImageObject\",\"inLanguage\":\"es\",\"@id\":\"https:\/\/mantenimientosinformaticos.net\/canarytools\/producto\/llave-para-sujetar-ciguenal-vag-16-20-common-rail\/#primaryimage\",\"url\":\"https:\/\/mantenimientosinformaticos.net\/canarytools\/wp-content\/uploads\/2020\/05\/140-REF.9625.-Llave-para-sujetar-ciguenal-VAG-1.6-2.0-Common-Rail.jpg\",\"contentUrl\":\"https:\/\/mantenimientosinformaticos.net\/canarytools\/wp-content\/uploads\/2020\/05\/140-REF.9625.-Llave-para-sujetar-ciguenal-VAG-1.6-2.0-Common-Rail.jpg\",\"width\":433,\"height\":476,\"caption\":\"REF.:9625. Llave para sujetar ciguen\u0303al VAG 1.6, 2.0 Common Rail\"},{\"@type\":\"BreadcrumbList\",\"@id\":\"https:\/\/mantenimientosinformaticos.net\/canarytools\/producto\/llave-para-sujetar-ciguenal-vag-16-20-common-rail\/#breadcrumb\",\"itemListElement\":[{\"@type\":\"ListItem\",\"position\":1,\"name\":\"Portada\",\"item\":\"https:\/\/mantenimientosinformaticos.net\/canarytools\/\"},{\"@type\":\"ListItem\",\"position\":2,\"name\":\"Tienda\",\"item\":\"https:\/\/mantenimientosinformaticos.net\/canarytools\/tienda\/\"},{\"@type\":\"ListItem\",\"position\":3,\"name\":\"REF.:9625. Llave para sujetar ciguen\u0303al VAG 1.6, 2.0 Common Rail\"}]},{\"@type\":\"WebSite\",\"@id\":\"https:\/\/mantenimientosinformaticos.net\/canarytools\/#website\",\"url\":\"https:\/\/mantenimientosinformaticos.net\/canarytools\/\",\"name\":\"Canarytools S.L.\",\"description\":\"Herramientas y M\u00e1quinas\",\"publisher\":{\"@id\":\"https:\/\/mantenimientosinformaticos.net\/canarytools\/#\/schema\/person\/355e32754b03bb24b681f1b6917e49bf\"},\"potentialAction\":[{\"@type\":\"SearchAction\",\"target\":{\"@type\":\"EntryPoint\",\"urlTemplate\":\"https:\/\/mantenimientosinformaticos.net\/canarytools\/?s={search_term_string}\"},\"query-input\":\"required name=search_term_string\"}],\"inLanguage\":\"es\"},{\"@type\":[\"Person\",\"Organization\"],\"@id\":\"https:\/\/mantenimientosinformaticos.net\/canarytools\/#\/schema\/person\/355e32754b03bb24b681f1b6917e49bf\",\"name\":\"canarytools.xnetdigital\",\"image\":{\"@type\":\"ImageObject\",\"inLanguage\":\"es\",\"@id\":\"https:\/\/mantenimientosinformaticos.net\/canarytools\/#\/schema\/person\/image\/\",\"url\":\"https:\/\/mantenimientosinformaticos.net\/canarytools\/wp-content\/uploads\/2023\/12\/canary-tools-logo.png\",\"contentUrl\":\"https:\/\/mantenimientosinformaticos.net\/canarytools\/wp-content\/uploads\/2023\/12\/canary-tools-logo.png\",\"width\":1302,\"height\":440,\"caption\":\"canarytools.xnetdigital\"},\"logo\":{\"@id\":\"https:\/\/mantenimientosinformaticos.net\/canarytools\/#\/schema\/person\/image\/\"},\"sameAs\":[\"https:\/\/mantenimientosinformaticos.net\/canarytools\"]}]}<\/script>\n<!-- \/ Yoast SEO plugin. -->","yoast_head_json":{"title":"REF.:9625. Llave para sujetar ciguen\u0303al VAG 1.6, 2.0 Common Rail - Canarytools S.L.","robots":{"index":"index","follow":"follow","max-snippet":"max-snippet:-1","max-image-preview":"max-image-preview:large","max-video-preview":"max-video-preview:-1"},"canonical":"https:\/\/mantenimientosinformaticos.net\/canarytools\/producto\/llave-para-sujetar-ciguenal-vag-16-20-common-rail\/","og_locale":"es_ES","og_type":"article","og_title":"REF.:9625. Llave para sujetar ciguen\u0303al VAG 1.6, 2.0 Common Rail - Canarytools S.L.","og_description":"para el ajuste \/ bloqueo del cig\u00fce\u00f1al durante, por ejemplo, trabajos en el accionamiento del \u00e1rbol de levas o al renovar la junta de culata","og_url":"https:\/\/mantenimientosinformaticos.net\/canarytools\/producto\/llave-para-sujetar-ciguenal-vag-16-20-common-rail\/","og_site_name":"Canarytools S.L.","og_image":[{"width":433,"height":476,"url":"https:\/\/mantenimientosinformaticos.net\/canarytools\/wp-content\/uploads\/2020\/05\/140-REF.9625.-Llave-para-sujetar-ciguenal-VAG-1.6-2.0-Common-Rail.jpg","type":"image\/jpeg"}],"twitter_card":"summary_large_image","twitter_misc":{"Tiempo de lectura":"1 minuto"},"schema":{"@context":"https:\/\/schema.org","@graph":[{"@type":"WebPage","@id":"https:\/\/mantenimientosinformaticos.net\/canarytools\/producto\/llave-para-sujetar-ciguenal-vag-16-20-common-rail\/","url":"https:\/\/mantenimientosinformaticos.net\/canarytools\/producto\/llave-para-sujetar-ciguenal-vag-16-20-common-rail\/","name":"REF.:9625. Llave para sujetar ciguen\u0303al VAG 1.6, 2.0 Common Rail - Canarytools S.L.","isPartOf":{"@id":"https:\/\/mantenimientosinformaticos.net\/canarytools\/#website"},"primaryImageOfPage":{"@id":"https:\/\/mantenimientosinformaticos.net\/canarytools\/producto\/llave-para-sujetar-ciguenal-vag-16-20-common-rail\/#primaryimage"},"image":{"@id":"https:\/\/mantenimientosinformaticos.net\/canarytools\/producto\/llave-para-sujetar-ciguenal-vag-16-20-common-rail\/#primaryimage"},"thumbnailUrl":"https:\/\/mantenimientosinformaticos.net\/canarytools\/wp-content\/uploads\/2020\/05\/140-REF.9625.-Llave-para-sujetar-ciguenal-VAG-1.6-2.0-Common-Rail.jpg","datePublished":"2020-05-07T14:14:17+00:00","dateModified":"2020-05-07T14:14:17+00:00","breadcrumb":{"@id":"https:\/\/mantenimientosinformaticos.net\/canarytools\/producto\/llave-para-sujetar-ciguenal-vag-16-20-common-rail\/#breadcrumb"},"inLanguage":"es","potentialAction":[{"@type":"ReadAction","target":["https:\/\/mantenimientosinformaticos.net\/canarytools\/producto\/llave-para-sujetar-ciguenal-vag-16-20-common-rail\/"]}]},{"@type":"ImageObject","inLanguage":"es","@id":"https:\/\/mantenimientosinformaticos.net\/canarytools\/producto\/llave-para-sujetar-ciguenal-vag-16-20-common-rail\/#primaryimage","url":"https:\/\/mantenimientosinformaticos.net\/canarytools\/wp-content\/uploads\/2020\/05\/140-REF.9625.-Llave-para-sujetar-ciguenal-VAG-1.6-2.0-Common-Rail.jpg","contentUrl":"https:\/\/mantenimientosinformaticos.net\/canarytools\/wp-content\/uploads\/2020\/05\/140-REF.9625.-Llave-para-sujetar-ciguenal-VAG-1.6-2.0-Common-Rail.jpg","width":433,"height":476,"caption":"REF.:9625. Llave para sujetar ciguen\u0303al VAG 1.6, 2.0 Common Rail"},{"@type":"BreadcrumbList","@id":"https:\/\/mantenimientosinformaticos.net\/canarytools\/producto\/llave-para-sujetar-ciguenal-vag-16-20-common-rail\/#breadcrumb","itemListElement":[{"@type":"ListItem","position":1,"name":"Portada","item":"https:\/\/mantenimientosinformaticos.net\/canarytools\/"},{"@type":"ListItem","position":2,"name":"Tienda","item":"https:\/\/mantenimientosinformaticos.net\/canarytools\/tienda\/"},{"@type":"ListItem","position":3,"name":"REF.:9625. Llave para sujetar ciguen\u0303al VAG 1.6, 2.0 Common Rail"}]},{"@type":"WebSite","@id":"https:\/\/mantenimientosinformaticos.net\/canarytools\/#website","url":"https:\/\/mantenimientosinformaticos.net\/canarytools\/","name":"Canarytools S.L.","description":"Herramientas y M\u00e1quinas","publisher":{"@id":"https:\/\/mantenimientosinformaticos.net\/canarytools\/#\/schema\/person\/355e32754b03bb24b681f1b6917e49bf"},"potentialAction":[{"@type":"SearchAction","target":{"@type":"EntryPoint","urlTemplate":"https:\/\/mantenimientosinformaticos.net\/canarytools\/?s={search_term_string}"},"query-input":"required name=search_term_string"}],"inLanguage":"es"},{"@type":["Person","Organization"],"@id":"https:\/\/mantenimientosinformaticos.net\/canarytools\/#\/schema\/person\/355e32754b03bb24b681f1b6917e49bf","name":"canarytools.xnetdigital","image":{"@type":"ImageObject","inLanguage":"es","@id":"https:\/\/mantenimientosinformaticos.net\/canarytools\/#\/schema\/person\/image\/","url":"https:\/\/mantenimientosinformaticos.net\/canarytools\/wp-content\/uploads\/2023\/12\/canary-tools-logo.png","contentUrl":"https:\/\/mantenimientosinformaticos.net\/canarytools\/wp-content\/uploads\/2023\/12\/canary-tools-logo.png","width":1302,"height":440,"caption":"canarytools.xnetdigital"},"logo":{"@id":"https:\/\/mantenimientosinformaticos.net\/canarytools\/#\/schema\/person\/image\/"},"sameAs":["https:\/\/mantenimientosinformaticos.net\/canarytools"]}]}},"_links":{"self":[{"href":"https:\/\/mantenimientosinformaticos.net\/canarytools\/wp-json\/wp\/v2\/product\/4081","targetHints":{"allow":["GET"]}}],"collection":[{"href":"https:\/\/mantenimientosinformaticos.net\/canarytools\/wp-json\/wp\/v2\/product"}],"about":[{"href":"https:\/\/mantenimientosinformaticos.net\/canarytools\/wp-json\/wp\/v2\/types\/product"}],"replies":[{"embeddable":true,"href":"https:\/\/mantenimientosinformaticos.net\/canarytools\/wp-json\/wp\/v2\/comments?post=4081"}],"wp:featuredmedia":[{"embeddable":true,"href":"https:\/\/mantenimientosinformaticos.net\/canarytools\/wp-json\/wp\/v2\/media\/4080"}],"wp:attachment":[{"href":"https:\/\/mantenimientosinformaticos.net\/canarytools\/wp-json\/wp\/v2\/media?parent=4081"}],"wp:term":[{"taxonomy":"product_cat","embeddable":true,"href":"https:\/\/mantenimientosinformaticos.net\/canarytools\/wp-json\/wp\/v2\/product_cat?post=4081"},{"taxonomy":"product_tag","embeddable":true,"href":"https:\/\/mantenimientosinformaticos.net\/canarytools\/wp-json\/wp\/v2\/product_tag?post=4081"}],"curies":[{"name":"wp","href":"https:\/\/api.w.org\/{rel}","templated":true}]}}