{"id":4075,"date":"2020-05-07T16:00:26","date_gmt":"2020-05-07T14:00:26","guid":{"rendered":"https:\/\/mantenimientosinformaticos.net\/canarytools\/producto\/conjunto-de-calado-de-distribucion-vag-2425dsditditdier-aab-aja-bjj-bjk-bjl-bjm\/"},"modified":"2020-05-07T16:00:26","modified_gmt":"2020-05-07T14:00:26","slug":"conjunto-de-calado-de-distribucion-vag-2425dsditditdier-aab-aja-bjj-bjk-bjl-bjm","status":"publish","type":"product","link":"https:\/\/mantenimientosinformaticos.net\/canarytools\/producto\/conjunto-de-calado-de-distribucion-vag-2425dsditditdier-aab-aja-bjj-bjk-bjl-bjm\/","title":{"rendered":"REF.:8413.   Conjunto de calado de distribucio\u0301n VAG 2.4\/2.5D\/SDI\/TDI\/TDIER AAB, AjA, BJJ, BJK, Bjl, BJm"},"content":{"rendered":"<p style=\"margin:0px 0px 10px;color:#58595b;font-family:'PT Sans', 'Helvetica Neue', Helvetica, Arial, sans-serif;font-size:14px;line-height:20px;background-color:#ffffff;\"><b>Contenido de suministro:<\/b><\/p>\n<ul style=\"margin:0px 0px 20px;list-style:none;padding:0px;color:#58595b;font-family:'PT Sans', 'Helvetica Neue', Helvetica, Arial, sans-serif;font-size:14px;line-height:20px;background-color:#ffffff;\">\n<li>herramienta de montaje y desmontaje del anillo de sellado del cig\u00fce\u00f1al, para ser utilizado como OEM 2000016900, 303-679 \/ 303-679A, 0198D<\/li>\n<li>herramienta de fijaci\u00f3n del pi\u00f1\u00f3n de cig\u00fce\u00f1al, para ser utilizado como OEM 2000018700 303-1587<\/li>\n<li>herramienta de bloqueo y giro del cig\u00fce\u00f1al, para ser utilizado como OEM 2000018400 \/\u00a0<br \/>2000010000, 303-1177<\/li>\n<li>herramienta de fijaci\u00f3n del volante, para ser utilizado como OEM 2000019200<\/li>\n<li>centrado carcasa de mando, para ser utilizado como OEM 2000017000, 303-682, 0198G<\/li>\n<li>pasador de fijaci\u00f3n del cig\u00fce\u00f1al, para ser utilizado como OEM 2000017100, 303-698 \/ 21-251, 0198A<\/li>\n<li>pin de bloqueo del pi\u00f1\u00f3n del \u00e1rbol de levas, para ser utilizado como OEM 2000016500, 0198.B2<\/li>\n<li>herramienta de bloqueo y giro del cig\u00fce\u00f1al, para ser utilizado como OEM 1860815000, 0191-2K<\/li>\n<li>galga de bombas de aceite, para ser utilizado como OEM 2000016700, 303-705 \/ 303-1093, 0198H<\/li>\n<li>herramienta para sensor de agua, para ser utilizado como OEM 2000017300<\/li>\n<li>herramienta de fijaci\u00f3n del volante, para ser utilizado como OEM 1860846000<\/li>\n<li>pasador de bloqueo del cig\u00fce\u00f1al, para ser utilizado como OEM 99360615,\u00a0<br \/>2000018200, 0191-2A<\/li>\n<li>herramienta de bloqueo del \u00e1rbol de levas, para ser utilizado como OEM 99360614, 0191-2B<\/li>\n<li>herramienta de bloqueo del \u00e1rbol de levas, para ser utilizado como OEM 1860617000, 2000018200<\/li>\n<\/ul>\n","protected":false},"excerpt":{"rendered":"<ul style=\"margin:0px 0px 20px;list-style:none;padding:0px;color:#58595b;font-family:'PT Sans', 'Helvetica Neue', Helvetica, Arial, sans-serif;font-size:14px;line-height:20px;background-color:#ffffff;\">\n<li>para ajustar la sincronizaci\u00f3n del motor<\/li>\n<li>adecuado para motores Fiat: 2.2 JTD 4HV &#8211; 2.3 JTD F1AE0481D 120PS &#8211; 2.3 JTD F1AE0481D 127PS &#8211; 3.0 JTD<\/li>\n<li>adecuado para motores de PSA: Puma 22DT 4HV 100PS &#8211; Puma 22DT 4HV 120PS &#8211; F30DT<\/li>\n<\/ul>\n","protected":false},"featured_media":4074,"comment_status":"open","ping_status":"closed","template":"","meta":[],"product_cat":[501,585,578,491],"product_tag":[],"class_list":{"0":"post-4075","1":"product","2":"type-product","3":"status-publish","4":"has-post-thumbnail","6":"product_cat-calado-de-distribucion","7":"product_cat-seat","8":"product_cat-volkswagen","9":"product_cat-herramientas-especiales-para-automoviles","11":"first","12":"instock","13":"shipping-taxable","14":"purchasable","15":"product-type-simple"},"yoast_head":"<!-- This site is optimized with the Yoast SEO plugin v22.7 - https:\/\/yoast.com\/wordpress\/plugins\/seo\/ -->\n<title>REF.:8413.  Conjunto de calado de distribucio\u0301n VAG 2.4\/2.5D\/SDI\/TDI\/TDIER AAB, AjA, BJJ, BJK, Bjl, BJm - Canarytools S.L.<\/title>\n<meta name=\"robots\" content=\"index, follow, max-snippet:-1, max-image-preview:large, max-video-preview:-1\" \/>\n<link rel=\"canonical\" href=\"https:\/\/mantenimientosinformaticos.net\/canarytools\/producto\/conjunto-de-calado-de-distribucion-vag-2425dsditditdier-aab-aja-bjj-bjk-bjl-bjm\/\" \/>\n<meta property=\"og:locale\" content=\"es_ES\" \/>\n<meta property=\"og:type\" content=\"article\" \/>\n<meta property=\"og:title\" content=\"REF.:8413.  Conjunto de calado de distribucio\u0301n VAG 2.4\/2.5D\/SDI\/TDI\/TDIER AAB, AjA, BJJ, BJK, Bjl, BJm - Canarytools S.L.\" \/>\n<meta property=\"og:description\" content=\"para ajustar la sincronizaci\u00f3n del motor adecuado para motores Fiat: 2.2 JTD 4HV - 2.3 JTD F1AE0481D 120PS - 2.3 JTD F1AE0481D 127PS - 3.0 JTD adecuado para motores de PSA: Puma 22DT 4HV 100PS - Puma 22DT 4HV 120PS - F30DT\" \/>\n<meta property=\"og:url\" content=\"https:\/\/mantenimientosinformaticos.net\/canarytools\/producto\/conjunto-de-calado-de-distribucion-vag-2425dsditditdier-aab-aja-bjj-bjk-bjl-bjm\/\" \/>\n<meta property=\"og:site_name\" content=\"Canarytools S.L.\" \/>\n<meta property=\"og:image\" content=\"https:\/\/mantenimientosinformaticos.net\/canarytools\/wp-content\/uploads\/2020\/05\/137-REF.8413.-Conjunto-de-calado-de-distribucion-VAG-2.42.5DSDITDITDIER-AAB-AjA-BJJ-BJK-Bjl-BJm.jpg\" \/>\n\t<meta property=\"og:image:width\" content=\"733\" \/>\n\t<meta property=\"og:image:height\" content=\"475\" \/>\n\t<meta property=\"og:image:type\" content=\"image\/jpeg\" \/>\n<meta name=\"twitter:card\" content=\"summary_large_image\" \/>\n<meta name=\"twitter:label1\" content=\"Tiempo de lectura\" \/>\n\t<meta name=\"twitter:data1\" content=\"1 minuto\" \/>\n<script type=\"application\/ld+json\" class=\"yoast-schema-graph\">{\"@context\":\"https:\/\/schema.org\",\"@graph\":[{\"@type\":\"WebPage\",\"@id\":\"https:\/\/mantenimientosinformaticos.net\/canarytools\/producto\/conjunto-de-calado-de-distribucion-vag-2425dsditditdier-aab-aja-bjj-bjk-bjl-bjm\/\",\"url\":\"https:\/\/mantenimientosinformaticos.net\/canarytools\/producto\/conjunto-de-calado-de-distribucion-vag-2425dsditditdier-aab-aja-bjj-bjk-bjl-bjm\/\",\"name\":\"REF.:8413. Conjunto de calado de distribucio\u0301n VAG 2.4\/2.5D\/SDI\/TDI\/TDIER AAB, AjA, BJJ, BJK, Bjl, BJm - Canarytools S.L.\",\"isPartOf\":{\"@id\":\"https:\/\/mantenimientosinformaticos.net\/canarytools\/#website\"},\"primaryImageOfPage\":{\"@id\":\"https:\/\/mantenimientosinformaticos.net\/canarytools\/producto\/conjunto-de-calado-de-distribucion-vag-2425dsditditdier-aab-aja-bjj-bjk-bjl-bjm\/#primaryimage\"},\"image\":{\"@id\":\"https:\/\/mantenimientosinformaticos.net\/canarytools\/producto\/conjunto-de-calado-de-distribucion-vag-2425dsditditdier-aab-aja-bjj-bjk-bjl-bjm\/#primaryimage\"},\"thumbnailUrl\":\"https:\/\/mantenimientosinformaticos.net\/canarytools\/wp-content\/uploads\/2020\/05\/137-REF.8413.-Conjunto-de-calado-de-distribucion-VAG-2.42.5DSDITDITDIER-AAB-AjA-BJJ-BJK-Bjl-BJm.jpg\",\"datePublished\":\"2020-05-07T14:00:26+00:00\",\"dateModified\":\"2020-05-07T14:00:26+00:00\",\"breadcrumb\":{\"@id\":\"https:\/\/mantenimientosinformaticos.net\/canarytools\/producto\/conjunto-de-calado-de-distribucion-vag-2425dsditditdier-aab-aja-bjj-bjk-bjl-bjm\/#breadcrumb\"},\"inLanguage\":\"es\",\"potentialAction\":[{\"@type\":\"ReadAction\",\"target\":[\"https:\/\/mantenimientosinformaticos.net\/canarytools\/producto\/conjunto-de-calado-de-distribucion-vag-2425dsditditdier-aab-aja-bjj-bjk-bjl-bjm\/\"]}]},{\"@type\":\"ImageObject\",\"inLanguage\":\"es\",\"@id\":\"https:\/\/mantenimientosinformaticos.net\/canarytools\/producto\/conjunto-de-calado-de-distribucion-vag-2425dsditditdier-aab-aja-bjj-bjk-bjl-bjm\/#primaryimage\",\"url\":\"https:\/\/mantenimientosinformaticos.net\/canarytools\/wp-content\/uploads\/2020\/05\/137-REF.8413.-Conjunto-de-calado-de-distribucion-VAG-2.42.5DSDITDITDIER-AAB-AjA-BJJ-BJK-Bjl-BJm.jpg\",\"contentUrl\":\"https:\/\/mantenimientosinformaticos.net\/canarytools\/wp-content\/uploads\/2020\/05\/137-REF.8413.-Conjunto-de-calado-de-distribucion-VAG-2.42.5DSDITDITDIER-AAB-AjA-BJJ-BJK-Bjl-BJm.jpg\",\"width\":733,\"height\":475,\"caption\":\"REF.:8413. Conjunto de calado de distribucio\u0301n VAG 2.4\/2.5D\/SDI\/TDI\/TDIER AAB, AjA, BJJ, BJK, Bjl, BJm\"},{\"@type\":\"BreadcrumbList\",\"@id\":\"https:\/\/mantenimientosinformaticos.net\/canarytools\/producto\/conjunto-de-calado-de-distribucion-vag-2425dsditditdier-aab-aja-bjj-bjk-bjl-bjm\/#breadcrumb\",\"itemListElement\":[{\"@type\":\"ListItem\",\"position\":1,\"name\":\"Portada\",\"item\":\"https:\/\/mantenimientosinformaticos.net\/canarytools\/\"},{\"@type\":\"ListItem\",\"position\":2,\"name\":\"Tienda\",\"item\":\"https:\/\/mantenimientosinformaticos.net\/canarytools\/tienda\/\"},{\"@type\":\"ListItem\",\"position\":3,\"name\":\"REF.:8413. Conjunto de calado de distribucio\u0301n VAG 2.4\/2.5D\/SDI\/TDI\/TDIER AAB, AjA, BJJ, BJK, Bjl, BJm\"}]},{\"@type\":\"WebSite\",\"@id\":\"https:\/\/mantenimientosinformaticos.net\/canarytools\/#website\",\"url\":\"https:\/\/mantenimientosinformaticos.net\/canarytools\/\",\"name\":\"Canarytools S.L.\",\"description\":\"Herramientas y M\u00e1quinas\",\"publisher\":{\"@id\":\"https:\/\/mantenimientosinformaticos.net\/canarytools\/#\/schema\/person\/355e32754b03bb24b681f1b6917e49bf\"},\"potentialAction\":[{\"@type\":\"SearchAction\",\"target\":{\"@type\":\"EntryPoint\",\"urlTemplate\":\"https:\/\/mantenimientosinformaticos.net\/canarytools\/?s={search_term_string}\"},\"query-input\":\"required name=search_term_string\"}],\"inLanguage\":\"es\"},{\"@type\":[\"Person\",\"Organization\"],\"@id\":\"https:\/\/mantenimientosinformaticos.net\/canarytools\/#\/schema\/person\/355e32754b03bb24b681f1b6917e49bf\",\"name\":\"canarytools.xnetdigital\",\"image\":{\"@type\":\"ImageObject\",\"inLanguage\":\"es\",\"@id\":\"https:\/\/mantenimientosinformaticos.net\/canarytools\/#\/schema\/person\/image\/\",\"url\":\"https:\/\/mantenimientosinformaticos.net\/canarytools\/wp-content\/uploads\/2023\/12\/canary-tools-logo.png\",\"contentUrl\":\"https:\/\/mantenimientosinformaticos.net\/canarytools\/wp-content\/uploads\/2023\/12\/canary-tools-logo.png\",\"width\":1302,\"height\":440,\"caption\":\"canarytools.xnetdigital\"},\"logo\":{\"@id\":\"https:\/\/mantenimientosinformaticos.net\/canarytools\/#\/schema\/person\/image\/\"},\"sameAs\":[\"https:\/\/mantenimientosinformaticos.net\/canarytools\"]}]}<\/script>\n<!-- \/ Yoast SEO plugin. -->","yoast_head_json":{"title":"REF.:8413.  Conjunto de calado de distribucio\u0301n VAG 2.4\/2.5D\/SDI\/TDI\/TDIER AAB, AjA, BJJ, BJK, Bjl, BJm - Canarytools S.L.","robots":{"index":"index","follow":"follow","max-snippet":"max-snippet:-1","max-image-preview":"max-image-preview:large","max-video-preview":"max-video-preview:-1"},"canonical":"https:\/\/mantenimientosinformaticos.net\/canarytools\/producto\/conjunto-de-calado-de-distribucion-vag-2425dsditditdier-aab-aja-bjj-bjk-bjl-bjm\/","og_locale":"es_ES","og_type":"article","og_title":"REF.:8413.  Conjunto de calado de distribucio\u0301n VAG 2.4\/2.5D\/SDI\/TDI\/TDIER AAB, AjA, BJJ, BJK, Bjl, BJm - Canarytools S.L.","og_description":"para ajustar la sincronizaci\u00f3n del motor adecuado para motores Fiat: 2.2 JTD 4HV - 2.3 JTD F1AE0481D 120PS - 2.3 JTD F1AE0481D 127PS - 3.0 JTD adecuado para motores de PSA: Puma 22DT 4HV 100PS - Puma 22DT 4HV 120PS - F30DT","og_url":"https:\/\/mantenimientosinformaticos.net\/canarytools\/producto\/conjunto-de-calado-de-distribucion-vag-2425dsditditdier-aab-aja-bjj-bjk-bjl-bjm\/","og_site_name":"Canarytools S.L.","og_image":[{"width":733,"height":475,"url":"https:\/\/mantenimientosinformaticos.net\/canarytools\/wp-content\/uploads\/2020\/05\/137-REF.8413.-Conjunto-de-calado-de-distribucion-VAG-2.42.5DSDITDITDIER-AAB-AjA-BJJ-BJK-Bjl-BJm.jpg","type":"image\/jpeg"}],"twitter_card":"summary_large_image","twitter_misc":{"Tiempo de lectura":"1 minuto"},"schema":{"@context":"https:\/\/schema.org","@graph":[{"@type":"WebPage","@id":"https:\/\/mantenimientosinformaticos.net\/canarytools\/producto\/conjunto-de-calado-de-distribucion-vag-2425dsditditdier-aab-aja-bjj-bjk-bjl-bjm\/","url":"https:\/\/mantenimientosinformaticos.net\/canarytools\/producto\/conjunto-de-calado-de-distribucion-vag-2425dsditditdier-aab-aja-bjj-bjk-bjl-bjm\/","name":"REF.:8413. Conjunto de calado de distribucio\u0301n VAG 2.4\/2.5D\/SDI\/TDI\/TDIER AAB, AjA, BJJ, BJK, Bjl, BJm - Canarytools S.L.","isPartOf":{"@id":"https:\/\/mantenimientosinformaticos.net\/canarytools\/#website"},"primaryImageOfPage":{"@id":"https:\/\/mantenimientosinformaticos.net\/canarytools\/producto\/conjunto-de-calado-de-distribucion-vag-2425dsditditdier-aab-aja-bjj-bjk-bjl-bjm\/#primaryimage"},"image":{"@id":"https:\/\/mantenimientosinformaticos.net\/canarytools\/producto\/conjunto-de-calado-de-distribucion-vag-2425dsditditdier-aab-aja-bjj-bjk-bjl-bjm\/#primaryimage"},"thumbnailUrl":"https:\/\/mantenimientosinformaticos.net\/canarytools\/wp-content\/uploads\/2020\/05\/137-REF.8413.-Conjunto-de-calado-de-distribucion-VAG-2.42.5DSDITDITDIER-AAB-AjA-BJJ-BJK-Bjl-BJm.jpg","datePublished":"2020-05-07T14:00:26+00:00","dateModified":"2020-05-07T14:00:26+00:00","breadcrumb":{"@id":"https:\/\/mantenimientosinformaticos.net\/canarytools\/producto\/conjunto-de-calado-de-distribucion-vag-2425dsditditdier-aab-aja-bjj-bjk-bjl-bjm\/#breadcrumb"},"inLanguage":"es","potentialAction":[{"@type":"ReadAction","target":["https:\/\/mantenimientosinformaticos.net\/canarytools\/producto\/conjunto-de-calado-de-distribucion-vag-2425dsditditdier-aab-aja-bjj-bjk-bjl-bjm\/"]}]},{"@type":"ImageObject","inLanguage":"es","@id":"https:\/\/mantenimientosinformaticos.net\/canarytools\/producto\/conjunto-de-calado-de-distribucion-vag-2425dsditditdier-aab-aja-bjj-bjk-bjl-bjm\/#primaryimage","url":"https:\/\/mantenimientosinformaticos.net\/canarytools\/wp-content\/uploads\/2020\/05\/137-REF.8413.-Conjunto-de-calado-de-distribucion-VAG-2.42.5DSDITDITDIER-AAB-AjA-BJJ-BJK-Bjl-BJm.jpg","contentUrl":"https:\/\/mantenimientosinformaticos.net\/canarytools\/wp-content\/uploads\/2020\/05\/137-REF.8413.-Conjunto-de-calado-de-distribucion-VAG-2.42.5DSDITDITDIER-AAB-AjA-BJJ-BJK-Bjl-BJm.jpg","width":733,"height":475,"caption":"REF.:8413. Conjunto de calado de distribucio\u0301n VAG 2.4\/2.5D\/SDI\/TDI\/TDIER AAB, AjA, BJJ, BJK, Bjl, BJm"},{"@type":"BreadcrumbList","@id":"https:\/\/mantenimientosinformaticos.net\/canarytools\/producto\/conjunto-de-calado-de-distribucion-vag-2425dsditditdier-aab-aja-bjj-bjk-bjl-bjm\/#breadcrumb","itemListElement":[{"@type":"ListItem","position":1,"name":"Portada","item":"https:\/\/mantenimientosinformaticos.net\/canarytools\/"},{"@type":"ListItem","position":2,"name":"Tienda","item":"https:\/\/mantenimientosinformaticos.net\/canarytools\/tienda\/"},{"@type":"ListItem","position":3,"name":"REF.:8413. Conjunto de calado de distribucio\u0301n VAG 2.4\/2.5D\/SDI\/TDI\/TDIER AAB, AjA, BJJ, BJK, Bjl, BJm"}]},{"@type":"WebSite","@id":"https:\/\/mantenimientosinformaticos.net\/canarytools\/#website","url":"https:\/\/mantenimientosinformaticos.net\/canarytools\/","name":"Canarytools S.L.","description":"Herramientas y M\u00e1quinas","publisher":{"@id":"https:\/\/mantenimientosinformaticos.net\/canarytools\/#\/schema\/person\/355e32754b03bb24b681f1b6917e49bf"},"potentialAction":[{"@type":"SearchAction","target":{"@type":"EntryPoint","urlTemplate":"https:\/\/mantenimientosinformaticos.net\/canarytools\/?s={search_term_string}"},"query-input":"required name=search_term_string"}],"inLanguage":"es"},{"@type":["Person","Organization"],"@id":"https:\/\/mantenimientosinformaticos.net\/canarytools\/#\/schema\/person\/355e32754b03bb24b681f1b6917e49bf","name":"canarytools.xnetdigital","image":{"@type":"ImageObject","inLanguage":"es","@id":"https:\/\/mantenimientosinformaticos.net\/canarytools\/#\/schema\/person\/image\/","url":"https:\/\/mantenimientosinformaticos.net\/canarytools\/wp-content\/uploads\/2023\/12\/canary-tools-logo.png","contentUrl":"https:\/\/mantenimientosinformaticos.net\/canarytools\/wp-content\/uploads\/2023\/12\/canary-tools-logo.png","width":1302,"height":440,"caption":"canarytools.xnetdigital"},"logo":{"@id":"https:\/\/mantenimientosinformaticos.net\/canarytools\/#\/schema\/person\/image\/"},"sameAs":["https:\/\/mantenimientosinformaticos.net\/canarytools"]}]}},"_links":{"self":[{"href":"https:\/\/mantenimientosinformaticos.net\/canarytools\/wp-json\/wp\/v2\/product\/4075","targetHints":{"allow":["GET"]}}],"collection":[{"href":"https:\/\/mantenimientosinformaticos.net\/canarytools\/wp-json\/wp\/v2\/product"}],"about":[{"href":"https:\/\/mantenimientosinformaticos.net\/canarytools\/wp-json\/wp\/v2\/types\/product"}],"replies":[{"embeddable":true,"href":"https:\/\/mantenimientosinformaticos.net\/canarytools\/wp-json\/wp\/v2\/comments?post=4075"}],"wp:featuredmedia":[{"embeddable":true,"href":"https:\/\/mantenimientosinformaticos.net\/canarytools\/wp-json\/wp\/v2\/media\/4074"}],"wp:attachment":[{"href":"https:\/\/mantenimientosinformaticos.net\/canarytools\/wp-json\/wp\/v2\/media?parent=4075"}],"wp:term":[{"taxonomy":"product_cat","embeddable":true,"href":"https:\/\/mantenimientosinformaticos.net\/canarytools\/wp-json\/wp\/v2\/product_cat?post=4075"},{"taxonomy":"product_tag","embeddable":true,"href":"https:\/\/mantenimientosinformaticos.net\/canarytools\/wp-json\/wp\/v2\/product_tag?post=4075"}],"curies":[{"name":"wp","href":"https:\/\/api.w.org\/{rel}","templated":true}]}}