{"id":4063,"date":"2020-05-07T15:43:23","date_gmt":"2020-05-07T13:43:23","guid":{"rendered":"https:\/\/mantenimientosinformaticos.net\/canarytools\/producto\/juego-de-calado-para-motores-vag-18-20-tf-si-de-cadena\/"},"modified":"2020-05-07T15:43:23","modified_gmt":"2020-05-07T13:43:23","slug":"juego-de-calado-para-motores-vag-18-20-tf-si-de-cadena","status":"publish","type":"product","link":"https:\/\/mantenimientosinformaticos.net\/canarytools\/producto\/juego-de-calado-para-motores-vag-18-20-tf-si-de-cadena\/","title":{"rendered":"REF.:TD0703.   Juego de calado para motores VAG 1.8 \/ 2.0 tF SI de cadena"},"content":{"rendered":"<p style=\"margin:0px 0px 10px;color:#58595b;font-family:'PT Sans', 'Helvetica Neue', Helvetica, Arial, sans-serif;font-size:14px;line-height:20px;background-color:#ffffff;\"><strong>Contenido de suministro:<\/strong><\/p>\n<ul style=\"margin:0px 0px 20px;list-style:none;padding:0px;color:#58595b;font-family:'PT Sans', 'Helvetica Neue', Helvetica, Arial, sans-serif;font-size:14px;line-height:20px;background-color:#ffffff;\">\n<li>herramienta de bloqueo del cig\u00fce\u00f1al, para ser utilizado como OEM T10355<\/li>\n<li>pieza de presi\u00f3n del cig\u00fce\u00f1al, para ser utilizado como OEM T10368<\/li>\n<li>pieza de presi\u00f3n del cig\u00fce\u00f1al, para ser utilizado como OEM T10354<\/li>\n<li>pasador de bloqueo del \u00e1rbol de levas (4x), para ser utilizado como OEM T40196<\/li>\n<li>clips de cierre del tensor de cadena (2x), para ser utilizado como OEM T40267<\/li>\n<li>herramientas de bloqueo del pi\u00f1\u00f3n de cadena (2x), para ser utilizado como OEM T40271, T20208<\/li>\n<li>herramienta para v\u00e1lvula del \u00e1rbol de levas, para ser utilizado como OEM T10352<\/li>\n<li>herramienta para v\u00e1lvula del \u00e1rbol de levas, para ser utilizado como OEM T10352\/ 1<\/li>\n<li>herramienta para v\u00e1lvula del \u00e1rbol de levas, para ser utilizado como OEM T10352\/ 2<\/li>\n<li>pasador de bloqueo para tensor, para ser utilizado como OEM T10060A<\/li>\n<li>pasador de bloqueo para tensor (2x), para ser utilizado como OEM T40011<\/li>\n<li>pasador de bloqueo para bomba de aceite, para ser utilizado como OEM T40265<\/li>\n<\/ul>\n","protected":false},"excerpt":{"rendered":"<ul style=\"margin:0px 0px 20px;list-style:none;padding:0px;color:#58595b;font-family:'PT Sans', 'Helvetica Neue', Helvetica, Arial, sans-serif;font-size:14px;line-height:20px;background-color:#ffffff;\">\n<li>para comprobar y ajustar la sincronizaci\u00f3n del motor<\/li>\n<li>adecuado para motores VAG 1.8 \/ 2.0L con c\u00f3digo de motor BYT, BZB, CABA, CABB, CABD, CADA, CAEA, CAEB, CAWA, CAWB, CBFA, CCTA, CCZA, CCZB, CCZC, CCZD, CDAA, CDAB, CDHA, CDHB, CDNB, CDNC, CDND, CESA, CETA, CFKA, CFPA, CGYA, CHHA, CHHB,<br \/>CJBA, CJEB, CJKA, CJKB, CJSA, CJSB, CNCD, CPLA, CPSA<\/li>\n<li>instalado por ej. en Audi A4 \/ A5 (desde 2008) \/ A6 (desde 2012)<\/li>\n<\/ul>\n","protected":false},"featured_media":4062,"comment_status":"open","ping_status":"closed","template":"","meta":[],"product_cat":[501,585,491],"product_tag":[],"class_list":{"0":"post-4063","1":"product","2":"type-product","3":"status-publish","4":"has-post-thumbnail","6":"product_cat-calado-de-distribucion","7":"product_cat-seat","8":"product_cat-herramientas-especiales-para-automoviles","10":"first","11":"instock","12":"shipping-taxable","13":"purchasable","14":"product-type-simple"},"yoast_head":"<!-- This site is optimized with the Yoast SEO plugin v22.7 - https:\/\/yoast.com\/wordpress\/plugins\/seo\/ -->\n<title>REF.:TD0703.  Juego de calado para motores VAG 1.8 \/ 2.0 tF SI de cadena - Canarytools S.L.<\/title>\n<meta name=\"robots\" content=\"index, follow, max-snippet:-1, max-image-preview:large, max-video-preview:-1\" \/>\n<link rel=\"canonical\" href=\"https:\/\/mantenimientosinformaticos.net\/canarytools\/producto\/juego-de-calado-para-motores-vag-18-20-tf-si-de-cadena\/\" \/>\n<meta property=\"og:locale\" content=\"es_ES\" \/>\n<meta property=\"og:type\" content=\"article\" \/>\n<meta property=\"og:title\" content=\"REF.:TD0703.  Juego de calado para motores VAG 1.8 \/ 2.0 tF SI de cadena - Canarytools S.L.\" \/>\n<meta property=\"og:description\" content=\"para comprobar y ajustar la sincronizaci\u00f3n del motor adecuado para motores VAG 1.8 \/ 2.0L con c\u00f3digo de motor BYT, BZB, CABA, CABB, CABD, CADA, CAEA, CAEB, CAWA, CAWB, CBFA, CCTA, CCZA, CCZB, CCZC, CCZD, CDAA, CDAB, CDHA, CDHB, CDNB, CDNC, CDND, CESA, CETA, CFKA, CFPA, CGYA, CHHA, CHHB,CJBA, CJEB, CJKA, CJKB, CJSA, CJSB, CNCD, CPLA, CPSA instalado por ej. en Audi A4 \/ A5 (desde 2008) \/ A6 (desde 2012)\" \/>\n<meta property=\"og:url\" content=\"https:\/\/mantenimientosinformaticos.net\/canarytools\/producto\/juego-de-calado-para-motores-vag-18-20-tf-si-de-cadena\/\" \/>\n<meta property=\"og:site_name\" content=\"Canarytools S.L.\" \/>\n<meta property=\"og:image\" content=\"https:\/\/mantenimientosinformaticos.net\/canarytools\/wp-content\/uploads\/2020\/05\/132-REF.TD0703.-Juego-de-calado-para-motores-VAG-1.8-2.0-tF-SI-de-cadena.jpg\" \/>\n\t<meta property=\"og:image:width\" content=\"528\" \/>\n\t<meta property=\"og:image:height\" content=\"600\" \/>\n\t<meta property=\"og:image:type\" content=\"image\/jpeg\" \/>\n<meta name=\"twitter:card\" content=\"summary_large_image\" \/>\n<meta name=\"twitter:label1\" content=\"Tiempo de lectura\" \/>\n\t<meta name=\"twitter:data1\" content=\"1 minuto\" \/>\n<script type=\"application\/ld+json\" class=\"yoast-schema-graph\">{\"@context\":\"https:\/\/schema.org\",\"@graph\":[{\"@type\":\"WebPage\",\"@id\":\"https:\/\/mantenimientosinformaticos.net\/canarytools\/producto\/juego-de-calado-para-motores-vag-18-20-tf-si-de-cadena\/\",\"url\":\"https:\/\/mantenimientosinformaticos.net\/canarytools\/producto\/juego-de-calado-para-motores-vag-18-20-tf-si-de-cadena\/\",\"name\":\"REF.:TD0703. Juego de calado para motores VAG 1.8 \/ 2.0 tF SI de cadena - Canarytools S.L.\",\"isPartOf\":{\"@id\":\"https:\/\/mantenimientosinformaticos.net\/canarytools\/#website\"},\"primaryImageOfPage\":{\"@id\":\"https:\/\/mantenimientosinformaticos.net\/canarytools\/producto\/juego-de-calado-para-motores-vag-18-20-tf-si-de-cadena\/#primaryimage\"},\"image\":{\"@id\":\"https:\/\/mantenimientosinformaticos.net\/canarytools\/producto\/juego-de-calado-para-motores-vag-18-20-tf-si-de-cadena\/#primaryimage\"},\"thumbnailUrl\":\"https:\/\/mantenimientosinformaticos.net\/canarytools\/wp-content\/uploads\/2020\/05\/132-REF.TD0703.-Juego-de-calado-para-motores-VAG-1.8-2.0-tF-SI-de-cadena.jpg\",\"datePublished\":\"2020-05-07T13:43:23+00:00\",\"dateModified\":\"2020-05-07T13:43:23+00:00\",\"breadcrumb\":{\"@id\":\"https:\/\/mantenimientosinformaticos.net\/canarytools\/producto\/juego-de-calado-para-motores-vag-18-20-tf-si-de-cadena\/#breadcrumb\"},\"inLanguage\":\"es\",\"potentialAction\":[{\"@type\":\"ReadAction\",\"target\":[\"https:\/\/mantenimientosinformaticos.net\/canarytools\/producto\/juego-de-calado-para-motores-vag-18-20-tf-si-de-cadena\/\"]}]},{\"@type\":\"ImageObject\",\"inLanguage\":\"es\",\"@id\":\"https:\/\/mantenimientosinformaticos.net\/canarytools\/producto\/juego-de-calado-para-motores-vag-18-20-tf-si-de-cadena\/#primaryimage\",\"url\":\"https:\/\/mantenimientosinformaticos.net\/canarytools\/wp-content\/uploads\/2020\/05\/132-REF.TD0703.-Juego-de-calado-para-motores-VAG-1.8-2.0-tF-SI-de-cadena.jpg\",\"contentUrl\":\"https:\/\/mantenimientosinformaticos.net\/canarytools\/wp-content\/uploads\/2020\/05\/132-REF.TD0703.-Juego-de-calado-para-motores-VAG-1.8-2.0-tF-SI-de-cadena.jpg\",\"width\":528,\"height\":600,\"caption\":\"REF.:TD0703. Juego de calado para motores VAG 1.8 \/ 2.0 tF SI de cadena\"},{\"@type\":\"BreadcrumbList\",\"@id\":\"https:\/\/mantenimientosinformaticos.net\/canarytools\/producto\/juego-de-calado-para-motores-vag-18-20-tf-si-de-cadena\/#breadcrumb\",\"itemListElement\":[{\"@type\":\"ListItem\",\"position\":1,\"name\":\"Portada\",\"item\":\"https:\/\/mantenimientosinformaticos.net\/canarytools\/\"},{\"@type\":\"ListItem\",\"position\":2,\"name\":\"Tienda\",\"item\":\"https:\/\/mantenimientosinformaticos.net\/canarytools\/tienda\/\"},{\"@type\":\"ListItem\",\"position\":3,\"name\":\"REF.:TD0703. Juego de calado para motores VAG 1.8 \/ 2.0 tF SI de cadena\"}]},{\"@type\":\"WebSite\",\"@id\":\"https:\/\/mantenimientosinformaticos.net\/canarytools\/#website\",\"url\":\"https:\/\/mantenimientosinformaticos.net\/canarytools\/\",\"name\":\"Canarytools S.L.\",\"description\":\"Herramientas y M\u00e1quinas\",\"publisher\":{\"@id\":\"https:\/\/mantenimientosinformaticos.net\/canarytools\/#\/schema\/person\/355e32754b03bb24b681f1b6917e49bf\"},\"potentialAction\":[{\"@type\":\"SearchAction\",\"target\":{\"@type\":\"EntryPoint\",\"urlTemplate\":\"https:\/\/mantenimientosinformaticos.net\/canarytools\/?s={search_term_string}\"},\"query-input\":\"required name=search_term_string\"}],\"inLanguage\":\"es\"},{\"@type\":[\"Person\",\"Organization\"],\"@id\":\"https:\/\/mantenimientosinformaticos.net\/canarytools\/#\/schema\/person\/355e32754b03bb24b681f1b6917e49bf\",\"name\":\"canarytools.xnetdigital\",\"image\":{\"@type\":\"ImageObject\",\"inLanguage\":\"es\",\"@id\":\"https:\/\/mantenimientosinformaticos.net\/canarytools\/#\/schema\/person\/image\/\",\"url\":\"https:\/\/mantenimientosinformaticos.net\/canarytools\/wp-content\/uploads\/2023\/12\/canary-tools-logo.png\",\"contentUrl\":\"https:\/\/mantenimientosinformaticos.net\/canarytools\/wp-content\/uploads\/2023\/12\/canary-tools-logo.png\",\"width\":1302,\"height\":440,\"caption\":\"canarytools.xnetdigital\"},\"logo\":{\"@id\":\"https:\/\/mantenimientosinformaticos.net\/canarytools\/#\/schema\/person\/image\/\"},\"sameAs\":[\"https:\/\/mantenimientosinformaticos.net\/canarytools\"]}]}<\/script>\n<!-- \/ Yoast SEO plugin. -->","yoast_head_json":{"title":"REF.:TD0703.  Juego de calado para motores VAG 1.8 \/ 2.0 tF SI de cadena - Canarytools S.L.","robots":{"index":"index","follow":"follow","max-snippet":"max-snippet:-1","max-image-preview":"max-image-preview:large","max-video-preview":"max-video-preview:-1"},"canonical":"https:\/\/mantenimientosinformaticos.net\/canarytools\/producto\/juego-de-calado-para-motores-vag-18-20-tf-si-de-cadena\/","og_locale":"es_ES","og_type":"article","og_title":"REF.:TD0703.  Juego de calado para motores VAG 1.8 \/ 2.0 tF SI de cadena - Canarytools S.L.","og_description":"para comprobar y ajustar la sincronizaci\u00f3n del motor adecuado para motores VAG 1.8 \/ 2.0L con c\u00f3digo de motor BYT, BZB, CABA, CABB, CABD, CADA, CAEA, CAEB, CAWA, CAWB, CBFA, CCTA, CCZA, CCZB, CCZC, CCZD, CDAA, CDAB, CDHA, CDHB, CDNB, CDNC, CDND, CESA, CETA, CFKA, CFPA, CGYA, CHHA, CHHB,CJBA, CJEB, CJKA, CJKB, CJSA, CJSB, CNCD, CPLA, CPSA instalado por ej. en Audi A4 \/ A5 (desde 2008) \/ A6 (desde 2012)","og_url":"https:\/\/mantenimientosinformaticos.net\/canarytools\/producto\/juego-de-calado-para-motores-vag-18-20-tf-si-de-cadena\/","og_site_name":"Canarytools S.L.","og_image":[{"width":528,"height":600,"url":"https:\/\/mantenimientosinformaticos.net\/canarytools\/wp-content\/uploads\/2020\/05\/132-REF.TD0703.-Juego-de-calado-para-motores-VAG-1.8-2.0-tF-SI-de-cadena.jpg","type":"image\/jpeg"}],"twitter_card":"summary_large_image","twitter_misc":{"Tiempo de lectura":"1 minuto"},"schema":{"@context":"https:\/\/schema.org","@graph":[{"@type":"WebPage","@id":"https:\/\/mantenimientosinformaticos.net\/canarytools\/producto\/juego-de-calado-para-motores-vag-18-20-tf-si-de-cadena\/","url":"https:\/\/mantenimientosinformaticos.net\/canarytools\/producto\/juego-de-calado-para-motores-vag-18-20-tf-si-de-cadena\/","name":"REF.:TD0703. Juego de calado para motores VAG 1.8 \/ 2.0 tF SI de cadena - Canarytools S.L.","isPartOf":{"@id":"https:\/\/mantenimientosinformaticos.net\/canarytools\/#website"},"primaryImageOfPage":{"@id":"https:\/\/mantenimientosinformaticos.net\/canarytools\/producto\/juego-de-calado-para-motores-vag-18-20-tf-si-de-cadena\/#primaryimage"},"image":{"@id":"https:\/\/mantenimientosinformaticos.net\/canarytools\/producto\/juego-de-calado-para-motores-vag-18-20-tf-si-de-cadena\/#primaryimage"},"thumbnailUrl":"https:\/\/mantenimientosinformaticos.net\/canarytools\/wp-content\/uploads\/2020\/05\/132-REF.TD0703.-Juego-de-calado-para-motores-VAG-1.8-2.0-tF-SI-de-cadena.jpg","datePublished":"2020-05-07T13:43:23+00:00","dateModified":"2020-05-07T13:43:23+00:00","breadcrumb":{"@id":"https:\/\/mantenimientosinformaticos.net\/canarytools\/producto\/juego-de-calado-para-motores-vag-18-20-tf-si-de-cadena\/#breadcrumb"},"inLanguage":"es","potentialAction":[{"@type":"ReadAction","target":["https:\/\/mantenimientosinformaticos.net\/canarytools\/producto\/juego-de-calado-para-motores-vag-18-20-tf-si-de-cadena\/"]}]},{"@type":"ImageObject","inLanguage":"es","@id":"https:\/\/mantenimientosinformaticos.net\/canarytools\/producto\/juego-de-calado-para-motores-vag-18-20-tf-si-de-cadena\/#primaryimage","url":"https:\/\/mantenimientosinformaticos.net\/canarytools\/wp-content\/uploads\/2020\/05\/132-REF.TD0703.-Juego-de-calado-para-motores-VAG-1.8-2.0-tF-SI-de-cadena.jpg","contentUrl":"https:\/\/mantenimientosinformaticos.net\/canarytools\/wp-content\/uploads\/2020\/05\/132-REF.TD0703.-Juego-de-calado-para-motores-VAG-1.8-2.0-tF-SI-de-cadena.jpg","width":528,"height":600,"caption":"REF.:TD0703. Juego de calado para motores VAG 1.8 \/ 2.0 tF SI de cadena"},{"@type":"BreadcrumbList","@id":"https:\/\/mantenimientosinformaticos.net\/canarytools\/producto\/juego-de-calado-para-motores-vag-18-20-tf-si-de-cadena\/#breadcrumb","itemListElement":[{"@type":"ListItem","position":1,"name":"Portada","item":"https:\/\/mantenimientosinformaticos.net\/canarytools\/"},{"@type":"ListItem","position":2,"name":"Tienda","item":"https:\/\/mantenimientosinformaticos.net\/canarytools\/tienda\/"},{"@type":"ListItem","position":3,"name":"REF.:TD0703. Juego de calado para motores VAG 1.8 \/ 2.0 tF SI de cadena"}]},{"@type":"WebSite","@id":"https:\/\/mantenimientosinformaticos.net\/canarytools\/#website","url":"https:\/\/mantenimientosinformaticos.net\/canarytools\/","name":"Canarytools S.L.","description":"Herramientas y M\u00e1quinas","publisher":{"@id":"https:\/\/mantenimientosinformaticos.net\/canarytools\/#\/schema\/person\/355e32754b03bb24b681f1b6917e49bf"},"potentialAction":[{"@type":"SearchAction","target":{"@type":"EntryPoint","urlTemplate":"https:\/\/mantenimientosinformaticos.net\/canarytools\/?s={search_term_string}"},"query-input":"required name=search_term_string"}],"inLanguage":"es"},{"@type":["Person","Organization"],"@id":"https:\/\/mantenimientosinformaticos.net\/canarytools\/#\/schema\/person\/355e32754b03bb24b681f1b6917e49bf","name":"canarytools.xnetdigital","image":{"@type":"ImageObject","inLanguage":"es","@id":"https:\/\/mantenimientosinformaticos.net\/canarytools\/#\/schema\/person\/image\/","url":"https:\/\/mantenimientosinformaticos.net\/canarytools\/wp-content\/uploads\/2023\/12\/canary-tools-logo.png","contentUrl":"https:\/\/mantenimientosinformaticos.net\/canarytools\/wp-content\/uploads\/2023\/12\/canary-tools-logo.png","width":1302,"height":440,"caption":"canarytools.xnetdigital"},"logo":{"@id":"https:\/\/mantenimientosinformaticos.net\/canarytools\/#\/schema\/person\/image\/"},"sameAs":["https:\/\/mantenimientosinformaticos.net\/canarytools"]}]}},"_links":{"self":[{"href":"https:\/\/mantenimientosinformaticos.net\/canarytools\/wp-json\/wp\/v2\/product\/4063","targetHints":{"allow":["GET"]}}],"collection":[{"href":"https:\/\/mantenimientosinformaticos.net\/canarytools\/wp-json\/wp\/v2\/product"}],"about":[{"href":"https:\/\/mantenimientosinformaticos.net\/canarytools\/wp-json\/wp\/v2\/types\/product"}],"replies":[{"embeddable":true,"href":"https:\/\/mantenimientosinformaticos.net\/canarytools\/wp-json\/wp\/v2\/comments?post=4063"}],"wp:featuredmedia":[{"embeddable":true,"href":"https:\/\/mantenimientosinformaticos.net\/canarytools\/wp-json\/wp\/v2\/media\/4062"}],"wp:attachment":[{"href":"https:\/\/mantenimientosinformaticos.net\/canarytools\/wp-json\/wp\/v2\/media?parent=4063"}],"wp:term":[{"taxonomy":"product_cat","embeddable":true,"href":"https:\/\/mantenimientosinformaticos.net\/canarytools\/wp-json\/wp\/v2\/product_cat?post=4063"},{"taxonomy":"product_tag","embeddable":true,"href":"https:\/\/mantenimientosinformaticos.net\/canarytools\/wp-json\/wp\/v2\/product_tag?post=4063"}],"curies":[{"name":"wp","href":"https:\/\/api.w.org\/{rel}","templated":true}]}}