{"id":4055,"date":"2020-05-07T15:26:54","date_gmt":"2020-05-07T13:26:54","guid":{"rendered":"https:\/\/mantenimientosinformaticos.net\/canarytools\/producto\/conjunto-de-calado-de-distribucion-para-vag-16-20l-tdi\/"},"modified":"2020-05-07T15:26:54","modified_gmt":"2020-05-07T13:26:54","slug":"conjunto-de-calado-de-distribucion-para-vag-16-20l-tdi","status":"publish","type":"product","link":"https:\/\/mantenimientosinformaticos.net\/canarytools\/producto\/conjunto-de-calado-de-distribucion-para-vag-16-20l-tdi\/","title":{"rendered":"REF.:PD1105.   Conjunto de calado de distribucio\u0301n para VAG 1.6 2.0L TDI"},"content":{"rendered":"<p style=\"margin:0px 0px 10px;color:#58595b;font-family:'PT Sans', 'Helvetica Neue', Helvetica, Arial, sans-serif;font-size:14px;line-height:20px;background-color:#ffffff;\"><strong>Contenido de suministro:<\/strong><\/p>\n<ul style=\"margin:0px 0px 20px;list-style:none;padding:0px;color:#58595b;font-family:'PT Sans', 'Helvetica Neue', Helvetica, Arial, sans-serif;font-size:14px;line-height:20px;background-color:#ffffff;\">\n<li>bloqueo de la bomba de inyecci\u00f3n, para ser utilizado como OEM T20102, U40074, 3359<\/li>\n<li>herramienta de bloqueo del cig\u00fce\u00f1al, para ser utilizado como OEM T10050, T10100<\/li>\n<li>hex\u00e1gono interior con cabeza de bola 6 mm, para ser utilizado como OEM T10264<\/li>\n<li>pasador de bloqueo de la polea tensora 2,5 mm, para ser utilizado como OEM T10265<\/li>\n<li>pasador de bloqueo de la polea tensora 3,9 mm, para ser utilizado como OEM T40098<\/li>\n<li>herramienta de bloqueo de la polea, para ser utilizado como OEM T10051<\/li>\n<li>extractor de polea, para ser utilizado como OEM T10052<\/li>\n<li>herramienta de ajuste de bombas de aceite\/ ejes de equilibrado, para ser utilizado como OEM T10255<\/li>\n<\/ul>\n","protected":false},"excerpt":{"rendered":"<p style=\"margin:0px 0px 10px;color:#58595b;font-family:'PT Sans', 'Helvetica Neue', Helvetica, Arial, sans-serif;font-size:14px;line-height:20px;background-color:#ffffff;\"><strong>adecuado para los siguientes modelos:<\/strong><\/p>\n<ul style=\"margin:0px 0px 20px;list-style:none;padding:0px;color:#58595b;font-family:'PT Sans', 'Helvetica Neue', Helvetica, Arial, sans-serif;font-size:14px;line-height:20px;background-color:#ffffff;\">\n<li>Audi A1, A3 (8P), A4 (B8), A5, A6 (C6, C7), TT (8J), Q3, Q5<\/li>\n<li>Skoda Fabia II, Roomster, Praktik, Oktavia II, Suberb II, Yeti<\/li>\n<li>Seat Ibiza (6J), Leon III, Exeo, Altea, Alhambra II<\/li>\n<li>VW Golf V, VI y Plus, Eos, Polo VJetta V y VI, Scirocco III, Beetle II, Caddy II, Passat B6, B7 y CC, Touran, Sharan II, T5, Amarok<\/li>\n<li>c\u00f3digos de motor CAYB, CAYC, CBAB, CBBB, CBAA, CFFB, CAGA, CAHA, CAGB, CAHB, CAGC, FCA, CAAA, CAAB, CAAC, CCHA, CAVA, CBAB, CBDA, CBDD, CBAC, CBDA, CBDC, etc.<\/li>\n<li>tambi\u00e9n adecuado para motores anteriores con bomba inyectora<\/li>\n<li>incluye herramientas importantes para la comprobaci\u00f3n y ajuste de la sincronizaci\u00f3n del motor despu\u00e9s del cambio de la correa<\/li>\n<\/ul>\n","protected":false},"featured_media":4054,"comment_status":"open","ping_status":"closed","template":"","meta":[],"product_cat":[584,501,585,578,491],"product_tag":[],"class_list":{"0":"post-4055","1":"product","2":"type-product","3":"status-publish","4":"has-post-thumbnail","6":"product_cat-audi","7":"product_cat-calado-de-distribucion","8":"product_cat-seat","9":"product_cat-volkswagen","10":"product_cat-herramientas-especiales-para-automoviles","12":"first","13":"instock","14":"shipping-taxable","15":"purchasable","16":"product-type-simple"},"yoast_head":"<!-- This site is optimized with the Yoast SEO plugin v22.7 - https:\/\/yoast.com\/wordpress\/plugins\/seo\/ -->\n<title>REF.:PD1105.  Conjunto de calado de distribucio\u0301n para VAG 1.6 2.0L TDI - Canarytools S.L.<\/title>\n<meta name=\"robots\" content=\"index, follow, max-snippet:-1, max-image-preview:large, max-video-preview:-1\" \/>\n<link rel=\"canonical\" href=\"https:\/\/mantenimientosinformaticos.net\/canarytools\/producto\/conjunto-de-calado-de-distribucion-para-vag-16-20l-tdi\/\" \/>\n<meta property=\"og:locale\" content=\"es_ES\" \/>\n<meta property=\"og:type\" content=\"article\" \/>\n<meta property=\"og:title\" content=\"REF.:PD1105.  Conjunto de calado de distribucio\u0301n para VAG 1.6 2.0L TDI - Canarytools S.L.\" \/>\n<meta property=\"og:description\" content=\"adecuado para los siguientes modelos: Audi A1, A3 (8P), A4 (B8), A5, A6 (C6, C7), TT (8J), Q3, Q5 Skoda Fabia II, Roomster, Praktik, Oktavia II, Suberb II, Yeti Seat Ibiza (6J), Leon III, Exeo, Altea, Alhambra II VW Golf V, VI y Plus, Eos, Polo VJetta V y VI, Scirocco III, Beetle II, Caddy II, Passat B6, B7 y CC, Touran, Sharan II, T5, Amarok c\u00f3digos de motor CAYB, CAYC, CBAB, CBBB, CBAA, CFFB, CAGA, CAHA, CAGB, CAHB, CAGC, FCA, CAAA, CAAB, CAAC, CCHA, CAVA, CBAB, CBDA, CBDD, CBAC, CBDA, CBDC, etc. tambi\u00e9n adecuado para motores anteriores con bomba inyectora incluye herramientas importantes para la comprobaci\u00f3n y ajuste de la sincronizaci\u00f3n del motor despu\u00e9s del cambio de la correa\" \/>\n<meta property=\"og:url\" content=\"https:\/\/mantenimientosinformaticos.net\/canarytools\/producto\/conjunto-de-calado-de-distribucion-para-vag-16-20l-tdi\/\" \/>\n<meta property=\"og:site_name\" content=\"Canarytools S.L.\" \/>\n<meta property=\"og:image\" content=\"https:\/\/mantenimientosinformaticos.net\/canarytools\/wp-content\/uploads\/2020\/05\/128-REF.PD1105.-Conjunto-de-calado-de-distribucion-para-VAG-1.6-2.0L-TDI.jpg\" \/>\n\t<meta property=\"og:image:width\" content=\"530\" \/>\n\t<meta property=\"og:image:height\" content=\"350\" \/>\n\t<meta property=\"og:image:type\" content=\"image\/jpeg\" \/>\n<meta name=\"twitter:card\" content=\"summary_large_image\" \/>\n<meta name=\"twitter:label1\" content=\"Tiempo de lectura\" \/>\n\t<meta name=\"twitter:data1\" content=\"1 minuto\" \/>\n<script type=\"application\/ld+json\" class=\"yoast-schema-graph\">{\"@context\":\"https:\/\/schema.org\",\"@graph\":[{\"@type\":\"WebPage\",\"@id\":\"https:\/\/mantenimientosinformaticos.net\/canarytools\/producto\/conjunto-de-calado-de-distribucion-para-vag-16-20l-tdi\/\",\"url\":\"https:\/\/mantenimientosinformaticos.net\/canarytools\/producto\/conjunto-de-calado-de-distribucion-para-vag-16-20l-tdi\/\",\"name\":\"REF.:PD1105. Conjunto de calado de distribucio\u0301n para VAG 1.6 2.0L TDI - Canarytools S.L.\",\"isPartOf\":{\"@id\":\"https:\/\/mantenimientosinformaticos.net\/canarytools\/#website\"},\"primaryImageOfPage\":{\"@id\":\"https:\/\/mantenimientosinformaticos.net\/canarytools\/producto\/conjunto-de-calado-de-distribucion-para-vag-16-20l-tdi\/#primaryimage\"},\"image\":{\"@id\":\"https:\/\/mantenimientosinformaticos.net\/canarytools\/producto\/conjunto-de-calado-de-distribucion-para-vag-16-20l-tdi\/#primaryimage\"},\"thumbnailUrl\":\"https:\/\/mantenimientosinformaticos.net\/canarytools\/wp-content\/uploads\/2020\/05\/128-REF.PD1105.-Conjunto-de-calado-de-distribucion-para-VAG-1.6-2.0L-TDI.jpg\",\"datePublished\":\"2020-05-07T13:26:54+00:00\",\"dateModified\":\"2020-05-07T13:26:54+00:00\",\"breadcrumb\":{\"@id\":\"https:\/\/mantenimientosinformaticos.net\/canarytools\/producto\/conjunto-de-calado-de-distribucion-para-vag-16-20l-tdi\/#breadcrumb\"},\"inLanguage\":\"es\",\"potentialAction\":[{\"@type\":\"ReadAction\",\"target\":[\"https:\/\/mantenimientosinformaticos.net\/canarytools\/producto\/conjunto-de-calado-de-distribucion-para-vag-16-20l-tdi\/\"]}]},{\"@type\":\"ImageObject\",\"inLanguage\":\"es\",\"@id\":\"https:\/\/mantenimientosinformaticos.net\/canarytools\/producto\/conjunto-de-calado-de-distribucion-para-vag-16-20l-tdi\/#primaryimage\",\"url\":\"https:\/\/mantenimientosinformaticos.net\/canarytools\/wp-content\/uploads\/2020\/05\/128-REF.PD1105.-Conjunto-de-calado-de-distribucion-para-VAG-1.6-2.0L-TDI.jpg\",\"contentUrl\":\"https:\/\/mantenimientosinformaticos.net\/canarytools\/wp-content\/uploads\/2020\/05\/128-REF.PD1105.-Conjunto-de-calado-de-distribucion-para-VAG-1.6-2.0L-TDI.jpg\",\"width\":530,\"height\":350,\"caption\":\"REF.:PD1105. Conjunto de calado de distribucio\u0301n para VAG 1.6 2.0L TDI\"},{\"@type\":\"BreadcrumbList\",\"@id\":\"https:\/\/mantenimientosinformaticos.net\/canarytools\/producto\/conjunto-de-calado-de-distribucion-para-vag-16-20l-tdi\/#breadcrumb\",\"itemListElement\":[{\"@type\":\"ListItem\",\"position\":1,\"name\":\"Portada\",\"item\":\"https:\/\/mantenimientosinformaticos.net\/canarytools\/\"},{\"@type\":\"ListItem\",\"position\":2,\"name\":\"Tienda\",\"item\":\"https:\/\/mantenimientosinformaticos.net\/canarytools\/tienda\/\"},{\"@type\":\"ListItem\",\"position\":3,\"name\":\"REF.:PD1105. Conjunto de calado de distribucio\u0301n para VAG 1.6 2.0L TDI\"}]},{\"@type\":\"WebSite\",\"@id\":\"https:\/\/mantenimientosinformaticos.net\/canarytools\/#website\",\"url\":\"https:\/\/mantenimientosinformaticos.net\/canarytools\/\",\"name\":\"Canarytools S.L.\",\"description\":\"Herramientas y M\u00e1quinas\",\"publisher\":{\"@id\":\"https:\/\/mantenimientosinformaticos.net\/canarytools\/#\/schema\/person\/355e32754b03bb24b681f1b6917e49bf\"},\"potentialAction\":[{\"@type\":\"SearchAction\",\"target\":{\"@type\":\"EntryPoint\",\"urlTemplate\":\"https:\/\/mantenimientosinformaticos.net\/canarytools\/?s={search_term_string}\"},\"query-input\":\"required name=search_term_string\"}],\"inLanguage\":\"es\"},{\"@type\":[\"Person\",\"Organization\"],\"@id\":\"https:\/\/mantenimientosinformaticos.net\/canarytools\/#\/schema\/person\/355e32754b03bb24b681f1b6917e49bf\",\"name\":\"canarytools.xnetdigital\",\"image\":{\"@type\":\"ImageObject\",\"inLanguage\":\"es\",\"@id\":\"https:\/\/mantenimientosinformaticos.net\/canarytools\/#\/schema\/person\/image\/\",\"url\":\"https:\/\/mantenimientosinformaticos.net\/canarytools\/wp-content\/uploads\/2023\/12\/canary-tools-logo.png\",\"contentUrl\":\"https:\/\/mantenimientosinformaticos.net\/canarytools\/wp-content\/uploads\/2023\/12\/canary-tools-logo.png\",\"width\":1302,\"height\":440,\"caption\":\"canarytools.xnetdigital\"},\"logo\":{\"@id\":\"https:\/\/mantenimientosinformaticos.net\/canarytools\/#\/schema\/person\/image\/\"},\"sameAs\":[\"https:\/\/mantenimientosinformaticos.net\/canarytools\"]}]}<\/script>\n<!-- \/ Yoast SEO plugin. -->","yoast_head_json":{"title":"REF.:PD1105.  Conjunto de calado de distribucio\u0301n para VAG 1.6 2.0L TDI - Canarytools S.L.","robots":{"index":"index","follow":"follow","max-snippet":"max-snippet:-1","max-image-preview":"max-image-preview:large","max-video-preview":"max-video-preview:-1"},"canonical":"https:\/\/mantenimientosinformaticos.net\/canarytools\/producto\/conjunto-de-calado-de-distribucion-para-vag-16-20l-tdi\/","og_locale":"es_ES","og_type":"article","og_title":"REF.:PD1105.  Conjunto de calado de distribucio\u0301n para VAG 1.6 2.0L TDI - Canarytools S.L.","og_description":"adecuado para los siguientes modelos: Audi A1, A3 (8P), A4 (B8), A5, A6 (C6, C7), TT (8J), Q3, Q5 Skoda Fabia II, Roomster, Praktik, Oktavia II, Suberb II, Yeti Seat Ibiza (6J), Leon III, Exeo, Altea, Alhambra II VW Golf V, VI y Plus, Eos, Polo VJetta V y VI, Scirocco III, Beetle II, Caddy II, Passat B6, B7 y CC, Touran, Sharan II, T5, Amarok c\u00f3digos de motor CAYB, CAYC, CBAB, CBBB, CBAA, CFFB, CAGA, CAHA, CAGB, CAHB, CAGC, FCA, CAAA, CAAB, CAAC, CCHA, CAVA, CBAB, CBDA, CBDD, CBAC, CBDA, CBDC, etc. tambi\u00e9n adecuado para motores anteriores con bomba inyectora incluye herramientas importantes para la comprobaci\u00f3n y ajuste de la sincronizaci\u00f3n del motor despu\u00e9s del cambio de la correa","og_url":"https:\/\/mantenimientosinformaticos.net\/canarytools\/producto\/conjunto-de-calado-de-distribucion-para-vag-16-20l-tdi\/","og_site_name":"Canarytools S.L.","og_image":[{"width":530,"height":350,"url":"https:\/\/mantenimientosinformaticos.net\/canarytools\/wp-content\/uploads\/2020\/05\/128-REF.PD1105.-Conjunto-de-calado-de-distribucion-para-VAG-1.6-2.0L-TDI.jpg","type":"image\/jpeg"}],"twitter_card":"summary_large_image","twitter_misc":{"Tiempo de lectura":"1 minuto"},"schema":{"@context":"https:\/\/schema.org","@graph":[{"@type":"WebPage","@id":"https:\/\/mantenimientosinformaticos.net\/canarytools\/producto\/conjunto-de-calado-de-distribucion-para-vag-16-20l-tdi\/","url":"https:\/\/mantenimientosinformaticos.net\/canarytools\/producto\/conjunto-de-calado-de-distribucion-para-vag-16-20l-tdi\/","name":"REF.:PD1105. Conjunto de calado de distribucio\u0301n para VAG 1.6 2.0L TDI - Canarytools S.L.","isPartOf":{"@id":"https:\/\/mantenimientosinformaticos.net\/canarytools\/#website"},"primaryImageOfPage":{"@id":"https:\/\/mantenimientosinformaticos.net\/canarytools\/producto\/conjunto-de-calado-de-distribucion-para-vag-16-20l-tdi\/#primaryimage"},"image":{"@id":"https:\/\/mantenimientosinformaticos.net\/canarytools\/producto\/conjunto-de-calado-de-distribucion-para-vag-16-20l-tdi\/#primaryimage"},"thumbnailUrl":"https:\/\/mantenimientosinformaticos.net\/canarytools\/wp-content\/uploads\/2020\/05\/128-REF.PD1105.-Conjunto-de-calado-de-distribucion-para-VAG-1.6-2.0L-TDI.jpg","datePublished":"2020-05-07T13:26:54+00:00","dateModified":"2020-05-07T13:26:54+00:00","breadcrumb":{"@id":"https:\/\/mantenimientosinformaticos.net\/canarytools\/producto\/conjunto-de-calado-de-distribucion-para-vag-16-20l-tdi\/#breadcrumb"},"inLanguage":"es","potentialAction":[{"@type":"ReadAction","target":["https:\/\/mantenimientosinformaticos.net\/canarytools\/producto\/conjunto-de-calado-de-distribucion-para-vag-16-20l-tdi\/"]}]},{"@type":"ImageObject","inLanguage":"es","@id":"https:\/\/mantenimientosinformaticos.net\/canarytools\/producto\/conjunto-de-calado-de-distribucion-para-vag-16-20l-tdi\/#primaryimage","url":"https:\/\/mantenimientosinformaticos.net\/canarytools\/wp-content\/uploads\/2020\/05\/128-REF.PD1105.-Conjunto-de-calado-de-distribucion-para-VAG-1.6-2.0L-TDI.jpg","contentUrl":"https:\/\/mantenimientosinformaticos.net\/canarytools\/wp-content\/uploads\/2020\/05\/128-REF.PD1105.-Conjunto-de-calado-de-distribucion-para-VAG-1.6-2.0L-TDI.jpg","width":530,"height":350,"caption":"REF.:PD1105. Conjunto de calado de distribucio\u0301n para VAG 1.6 2.0L TDI"},{"@type":"BreadcrumbList","@id":"https:\/\/mantenimientosinformaticos.net\/canarytools\/producto\/conjunto-de-calado-de-distribucion-para-vag-16-20l-tdi\/#breadcrumb","itemListElement":[{"@type":"ListItem","position":1,"name":"Portada","item":"https:\/\/mantenimientosinformaticos.net\/canarytools\/"},{"@type":"ListItem","position":2,"name":"Tienda","item":"https:\/\/mantenimientosinformaticos.net\/canarytools\/tienda\/"},{"@type":"ListItem","position":3,"name":"REF.:PD1105. Conjunto de calado de distribucio\u0301n para VAG 1.6 2.0L TDI"}]},{"@type":"WebSite","@id":"https:\/\/mantenimientosinformaticos.net\/canarytools\/#website","url":"https:\/\/mantenimientosinformaticos.net\/canarytools\/","name":"Canarytools S.L.","description":"Herramientas y M\u00e1quinas","publisher":{"@id":"https:\/\/mantenimientosinformaticos.net\/canarytools\/#\/schema\/person\/355e32754b03bb24b681f1b6917e49bf"},"potentialAction":[{"@type":"SearchAction","target":{"@type":"EntryPoint","urlTemplate":"https:\/\/mantenimientosinformaticos.net\/canarytools\/?s={search_term_string}"},"query-input":"required name=search_term_string"}],"inLanguage":"es"},{"@type":["Person","Organization"],"@id":"https:\/\/mantenimientosinformaticos.net\/canarytools\/#\/schema\/person\/355e32754b03bb24b681f1b6917e49bf","name":"canarytools.xnetdigital","image":{"@type":"ImageObject","inLanguage":"es","@id":"https:\/\/mantenimientosinformaticos.net\/canarytools\/#\/schema\/person\/image\/","url":"https:\/\/mantenimientosinformaticos.net\/canarytools\/wp-content\/uploads\/2023\/12\/canary-tools-logo.png","contentUrl":"https:\/\/mantenimientosinformaticos.net\/canarytools\/wp-content\/uploads\/2023\/12\/canary-tools-logo.png","width":1302,"height":440,"caption":"canarytools.xnetdigital"},"logo":{"@id":"https:\/\/mantenimientosinformaticos.net\/canarytools\/#\/schema\/person\/image\/"},"sameAs":["https:\/\/mantenimientosinformaticos.net\/canarytools"]}]}},"_links":{"self":[{"href":"https:\/\/mantenimientosinformaticos.net\/canarytools\/wp-json\/wp\/v2\/product\/4055","targetHints":{"allow":["GET"]}}],"collection":[{"href":"https:\/\/mantenimientosinformaticos.net\/canarytools\/wp-json\/wp\/v2\/product"}],"about":[{"href":"https:\/\/mantenimientosinformaticos.net\/canarytools\/wp-json\/wp\/v2\/types\/product"}],"replies":[{"embeddable":true,"href":"https:\/\/mantenimientosinformaticos.net\/canarytools\/wp-json\/wp\/v2\/comments?post=4055"}],"wp:featuredmedia":[{"embeddable":true,"href":"https:\/\/mantenimientosinformaticos.net\/canarytools\/wp-json\/wp\/v2\/media\/4054"}],"wp:attachment":[{"href":"https:\/\/mantenimientosinformaticos.net\/canarytools\/wp-json\/wp\/v2\/media?parent=4055"}],"wp:term":[{"taxonomy":"product_cat","embeddable":true,"href":"https:\/\/mantenimientosinformaticos.net\/canarytools\/wp-json\/wp\/v2\/product_cat?post=4055"},{"taxonomy":"product_tag","embeddable":true,"href":"https:\/\/mantenimientosinformaticos.net\/canarytools\/wp-json\/wp\/v2\/product_tag?post=4055"}],"curies":[{"name":"wp","href":"https:\/\/api.w.org\/{rel}","templated":true}]}}