{"id":4037,"date":"2020-05-07T14:50:29","date_gmt":"2020-05-07T12:50:29","guid":{"rendered":"https:\/\/mantenimientosinformaticos.net\/canarytools\/producto\/conjunto-de-calado-de-distribucion-para-vag-27-30-tdi\/"},"modified":"2020-05-07T14:50:29","modified_gmt":"2020-05-07T12:50:29","slug":"conjunto-de-calado-de-distribucion-para-vag-27-30-tdi","status":"publish","type":"product","link":"https:\/\/mantenimientosinformaticos.net\/canarytools\/producto\/conjunto-de-calado-de-distribucion-para-vag-27-30-tdi\/","title":{"rendered":"REF.:PD1110.  Conjunto de calado de distribucio\u0301n para VAG 2.7 &#038; 3.0 TDI"},"content":{"rendered":"<p style=\"margin:0px 0px 10px;color:#58595b;font-family:'PT Sans', 'Helvetica Neue', Helvetica, Arial, sans-serif;font-size:14px;line-height:20px;background-color:#ffffff;\"><strong>Contenido de suministro:<\/strong><\/p>\n<ul style=\"margin:0px 0px 20px;list-style:none;padding:0px;color:#58595b;font-family:'PT Sans', 'Helvetica Neue', Helvetica, Arial, sans-serif;font-size:14px;line-height:20px;background-color:#ffffff;\">\n<li>pasador de bloqueo del \u00e1rbol de levas, para ser utilizado como OEM T40062<\/li>\n<li>herramienta para el \u00e1rbol de levas, para ser utilizado como OEM T40061<\/li>\n<li>adaptador para rotaci\u00f3n del cig\u00fce\u00f1al, para ser utilizado como OEM T40049<\/li>\n<li>pasador de cierre de la bomba de inyecci\u00f3n, para ser utilizado como OEM 3359<\/li>\n<li>adaptador para rotaci\u00f3n del cig\u00fce\u00f1al, para ser utilizado como OEM T40058<\/li>\n<li>2 herramientas de bloqueo del \u00e1rbol de levas, para ser utilizado como OEM T40060<\/li>\n<li>pasador de bloqueo del cig\u00fce\u00f1al, para ser utilizado como OEM 3242<\/li>\n<li>2 pasadores de cierre para el tensor de cadena<\/li>\n<\/ul>\n","protected":false},"excerpt":{"rendered":"<ul style=\"margin:0px 0px 20px;list-style:none;padding:0px;color:#58595b;font-family:'PT Sans', 'Helvetica Neue', Helvetica, Arial, sans-serif;font-size:14px;line-height:20px;background-color:#ffffff;\">\n<li>adecuado para Audi A4, A5, A6, AB, Q5, Q7 y VW Touareg, Phaeton con c\u00f3digos de motor ASB, BKN, BKS, BMK, BMZ, BNG, BPP, BSG, BUG, BUN, CAMA, CAMB, CANA, CANB, CANC, CAND, CAPA, CARA, CARB, CASA, CASB, CASC, CATA, CCMA, CCWA, CCWB, CDYA, CDYB, CDYC, CEXA, CGKA, CGKB<\/li>\n<li>para el bloqueo del \u00e1rbol de levas, el cig\u00fce\u00f1al y la fijaci\u00f3n del tensor de la cadena<\/li>\n<li>necesario para reemplazar la cadena de distribuci\u00f3n u otros trabajos de sincronizaci\u00f3n del motor<\/li>\n<li><\/li>\n<\/ul>\n","protected":false},"featured_media":4036,"comment_status":"open","ping_status":"closed","template":"","meta":[],"product_cat":[584,501,585,578,491],"product_tag":[],"class_list":{"0":"post-4037","1":"product","2":"type-product","3":"status-publish","4":"has-post-thumbnail","6":"product_cat-audi","7":"product_cat-calado-de-distribucion","8":"product_cat-seat","9":"product_cat-volkswagen","10":"product_cat-herramientas-especiales-para-automoviles","12":"first","13":"instock","14":"shipping-taxable","15":"purchasable","16":"product-type-simple"},"yoast_head":"<!-- This site is optimized with the Yoast SEO plugin v22.7 - https:\/\/yoast.com\/wordpress\/plugins\/seo\/ -->\n<title>REF.:PD1110. Conjunto de calado de distribucio\u0301n para VAG 2.7 &amp; 3.0 TDI - Canarytools S.L.<\/title>\n<meta name=\"robots\" content=\"index, follow, max-snippet:-1, max-image-preview:large, max-video-preview:-1\" \/>\n<link rel=\"canonical\" href=\"https:\/\/mantenimientosinformaticos.net\/canarytools\/producto\/conjunto-de-calado-de-distribucion-para-vag-27-30-tdi\/\" \/>\n<meta property=\"og:locale\" content=\"es_ES\" \/>\n<meta property=\"og:type\" content=\"article\" \/>\n<meta property=\"og:title\" content=\"REF.:PD1110. Conjunto de calado de distribucio\u0301n para VAG 2.7 &amp; 3.0 TDI - Canarytools S.L.\" \/>\n<meta property=\"og:description\" content=\"adecuado para Audi A4, A5, A6, AB, Q5, Q7 y VW Touareg, Phaeton con c\u00f3digos de motor ASB, BKN, BKS, BMK, BMZ, BNG, BPP, BSG, BUG, BUN, CAMA, CAMB, CANA, CANB, CANC, CAND, CAPA, CARA, CARB, CASA, CASB, CASC, CATA, CCMA, CCWA, CCWB, CDYA, CDYB, CDYC, CEXA, CGKA, CGKB para el bloqueo del \u00e1rbol de levas, el cig\u00fce\u00f1al y la fijaci\u00f3n del tensor de la cadena necesario para reemplazar la cadena de distribuci\u00f3n u otros trabajos de sincronizaci\u00f3n del motor\" \/>\n<meta property=\"og:url\" content=\"https:\/\/mantenimientosinformaticos.net\/canarytools\/producto\/conjunto-de-calado-de-distribucion-para-vag-27-30-tdi\/\" \/>\n<meta property=\"og:site_name\" content=\"Canarytools S.L.\" \/>\n<meta property=\"og:image\" content=\"https:\/\/mantenimientosinformaticos.net\/canarytools\/wp-content\/uploads\/2020\/05\/119-REF.PD1110.-Conjunto-de-calado-de-distribucion-para-VAG-2.7-3.0-TDI.jpg\" \/>\n\t<meta property=\"og:image:width\" content=\"600\" \/>\n\t<meta property=\"og:image:height\" content=\"432\" \/>\n\t<meta property=\"og:image:type\" content=\"image\/jpeg\" \/>\n<meta name=\"twitter:card\" content=\"summary_large_image\" \/>\n<meta name=\"twitter:label1\" content=\"Tiempo de lectura\" \/>\n\t<meta name=\"twitter:data1\" content=\"1 minuto\" \/>\n<script type=\"application\/ld+json\" class=\"yoast-schema-graph\">{\"@context\":\"https:\/\/schema.org\",\"@graph\":[{\"@type\":\"WebPage\",\"@id\":\"https:\/\/mantenimientosinformaticos.net\/canarytools\/producto\/conjunto-de-calado-de-distribucion-para-vag-27-30-tdi\/\",\"url\":\"https:\/\/mantenimientosinformaticos.net\/canarytools\/producto\/conjunto-de-calado-de-distribucion-para-vag-27-30-tdi\/\",\"name\":\"REF.:PD1110. Conjunto de calado de distribucio\u0301n para VAG 2.7 & 3.0 TDI - Canarytools S.L.\",\"isPartOf\":{\"@id\":\"https:\/\/mantenimientosinformaticos.net\/canarytools\/#website\"},\"primaryImageOfPage\":{\"@id\":\"https:\/\/mantenimientosinformaticos.net\/canarytools\/producto\/conjunto-de-calado-de-distribucion-para-vag-27-30-tdi\/#primaryimage\"},\"image\":{\"@id\":\"https:\/\/mantenimientosinformaticos.net\/canarytools\/producto\/conjunto-de-calado-de-distribucion-para-vag-27-30-tdi\/#primaryimage\"},\"thumbnailUrl\":\"https:\/\/mantenimientosinformaticos.net\/canarytools\/wp-content\/uploads\/2020\/05\/119-REF.PD1110.-Conjunto-de-calado-de-distribucion-para-VAG-2.7-3.0-TDI.jpg\",\"datePublished\":\"2020-05-07T12:50:29+00:00\",\"dateModified\":\"2020-05-07T12:50:29+00:00\",\"breadcrumb\":{\"@id\":\"https:\/\/mantenimientosinformaticos.net\/canarytools\/producto\/conjunto-de-calado-de-distribucion-para-vag-27-30-tdi\/#breadcrumb\"},\"inLanguage\":\"es\",\"potentialAction\":[{\"@type\":\"ReadAction\",\"target\":[\"https:\/\/mantenimientosinformaticos.net\/canarytools\/producto\/conjunto-de-calado-de-distribucion-para-vag-27-30-tdi\/\"]}]},{\"@type\":\"ImageObject\",\"inLanguage\":\"es\",\"@id\":\"https:\/\/mantenimientosinformaticos.net\/canarytools\/producto\/conjunto-de-calado-de-distribucion-para-vag-27-30-tdi\/#primaryimage\",\"url\":\"https:\/\/mantenimientosinformaticos.net\/canarytools\/wp-content\/uploads\/2020\/05\/119-REF.PD1110.-Conjunto-de-calado-de-distribucion-para-VAG-2.7-3.0-TDI.jpg\",\"contentUrl\":\"https:\/\/mantenimientosinformaticos.net\/canarytools\/wp-content\/uploads\/2020\/05\/119-REF.PD1110.-Conjunto-de-calado-de-distribucion-para-VAG-2.7-3.0-TDI.jpg\",\"width\":600,\"height\":432,\"caption\":\"REF.:PD1110. Conjunto de calado de distribucio\u0301n para VAG 2.7 & 3.0 TDI\"},{\"@type\":\"BreadcrumbList\",\"@id\":\"https:\/\/mantenimientosinformaticos.net\/canarytools\/producto\/conjunto-de-calado-de-distribucion-para-vag-27-30-tdi\/#breadcrumb\",\"itemListElement\":[{\"@type\":\"ListItem\",\"position\":1,\"name\":\"Portada\",\"item\":\"https:\/\/mantenimientosinformaticos.net\/canarytools\/\"},{\"@type\":\"ListItem\",\"position\":2,\"name\":\"Tienda\",\"item\":\"https:\/\/mantenimientosinformaticos.net\/canarytools\/tienda\/\"},{\"@type\":\"ListItem\",\"position\":3,\"name\":\"REF.:PD1110. Conjunto de calado de distribucio\u0301n para VAG 2.7 &#038; 3.0 TDI\"}]},{\"@type\":\"WebSite\",\"@id\":\"https:\/\/mantenimientosinformaticos.net\/canarytools\/#website\",\"url\":\"https:\/\/mantenimientosinformaticos.net\/canarytools\/\",\"name\":\"Canarytools S.L.\",\"description\":\"Herramientas y M\u00e1quinas\",\"publisher\":{\"@id\":\"https:\/\/mantenimientosinformaticos.net\/canarytools\/#\/schema\/person\/355e32754b03bb24b681f1b6917e49bf\"},\"potentialAction\":[{\"@type\":\"SearchAction\",\"target\":{\"@type\":\"EntryPoint\",\"urlTemplate\":\"https:\/\/mantenimientosinformaticos.net\/canarytools\/?s={search_term_string}\"},\"query-input\":\"required name=search_term_string\"}],\"inLanguage\":\"es\"},{\"@type\":[\"Person\",\"Organization\"],\"@id\":\"https:\/\/mantenimientosinformaticos.net\/canarytools\/#\/schema\/person\/355e32754b03bb24b681f1b6917e49bf\",\"name\":\"canarytools.xnetdigital\",\"image\":{\"@type\":\"ImageObject\",\"inLanguage\":\"es\",\"@id\":\"https:\/\/mantenimientosinformaticos.net\/canarytools\/#\/schema\/person\/image\/\",\"url\":\"https:\/\/mantenimientosinformaticos.net\/canarytools\/wp-content\/uploads\/2023\/12\/canary-tools-logo.png\",\"contentUrl\":\"https:\/\/mantenimientosinformaticos.net\/canarytools\/wp-content\/uploads\/2023\/12\/canary-tools-logo.png\",\"width\":1302,\"height\":440,\"caption\":\"canarytools.xnetdigital\"},\"logo\":{\"@id\":\"https:\/\/mantenimientosinformaticos.net\/canarytools\/#\/schema\/person\/image\/\"},\"sameAs\":[\"https:\/\/mantenimientosinformaticos.net\/canarytools\"]}]}<\/script>\n<!-- \/ Yoast SEO plugin. -->","yoast_head_json":{"title":"REF.:PD1110. Conjunto de calado de distribucio\u0301n para VAG 2.7 & 3.0 TDI - Canarytools S.L.","robots":{"index":"index","follow":"follow","max-snippet":"max-snippet:-1","max-image-preview":"max-image-preview:large","max-video-preview":"max-video-preview:-1"},"canonical":"https:\/\/mantenimientosinformaticos.net\/canarytools\/producto\/conjunto-de-calado-de-distribucion-para-vag-27-30-tdi\/","og_locale":"es_ES","og_type":"article","og_title":"REF.:PD1110. Conjunto de calado de distribucio\u0301n para VAG 2.7 & 3.0 TDI - Canarytools S.L.","og_description":"adecuado para Audi A4, A5, A6, AB, Q5, Q7 y VW Touareg, Phaeton con c\u00f3digos de motor ASB, BKN, BKS, BMK, BMZ, BNG, BPP, BSG, BUG, BUN, CAMA, CAMB, CANA, CANB, CANC, CAND, CAPA, CARA, CARB, CASA, CASB, CASC, CATA, CCMA, CCWA, CCWB, CDYA, CDYB, CDYC, CEXA, CGKA, CGKB para el bloqueo del \u00e1rbol de levas, el cig\u00fce\u00f1al y la fijaci\u00f3n del tensor de la cadena necesario para reemplazar la cadena de distribuci\u00f3n u otros trabajos de sincronizaci\u00f3n del motor","og_url":"https:\/\/mantenimientosinformaticos.net\/canarytools\/producto\/conjunto-de-calado-de-distribucion-para-vag-27-30-tdi\/","og_site_name":"Canarytools S.L.","og_image":[{"width":600,"height":432,"url":"https:\/\/mantenimientosinformaticos.net\/canarytools\/wp-content\/uploads\/2020\/05\/119-REF.PD1110.-Conjunto-de-calado-de-distribucion-para-VAG-2.7-3.0-TDI.jpg","type":"image\/jpeg"}],"twitter_card":"summary_large_image","twitter_misc":{"Tiempo de lectura":"1 minuto"},"schema":{"@context":"https:\/\/schema.org","@graph":[{"@type":"WebPage","@id":"https:\/\/mantenimientosinformaticos.net\/canarytools\/producto\/conjunto-de-calado-de-distribucion-para-vag-27-30-tdi\/","url":"https:\/\/mantenimientosinformaticos.net\/canarytools\/producto\/conjunto-de-calado-de-distribucion-para-vag-27-30-tdi\/","name":"REF.:PD1110. Conjunto de calado de distribucio\u0301n para VAG 2.7 & 3.0 TDI - Canarytools S.L.","isPartOf":{"@id":"https:\/\/mantenimientosinformaticos.net\/canarytools\/#website"},"primaryImageOfPage":{"@id":"https:\/\/mantenimientosinformaticos.net\/canarytools\/producto\/conjunto-de-calado-de-distribucion-para-vag-27-30-tdi\/#primaryimage"},"image":{"@id":"https:\/\/mantenimientosinformaticos.net\/canarytools\/producto\/conjunto-de-calado-de-distribucion-para-vag-27-30-tdi\/#primaryimage"},"thumbnailUrl":"https:\/\/mantenimientosinformaticos.net\/canarytools\/wp-content\/uploads\/2020\/05\/119-REF.PD1110.-Conjunto-de-calado-de-distribucion-para-VAG-2.7-3.0-TDI.jpg","datePublished":"2020-05-07T12:50:29+00:00","dateModified":"2020-05-07T12:50:29+00:00","breadcrumb":{"@id":"https:\/\/mantenimientosinformaticos.net\/canarytools\/producto\/conjunto-de-calado-de-distribucion-para-vag-27-30-tdi\/#breadcrumb"},"inLanguage":"es","potentialAction":[{"@type":"ReadAction","target":["https:\/\/mantenimientosinformaticos.net\/canarytools\/producto\/conjunto-de-calado-de-distribucion-para-vag-27-30-tdi\/"]}]},{"@type":"ImageObject","inLanguage":"es","@id":"https:\/\/mantenimientosinformaticos.net\/canarytools\/producto\/conjunto-de-calado-de-distribucion-para-vag-27-30-tdi\/#primaryimage","url":"https:\/\/mantenimientosinformaticos.net\/canarytools\/wp-content\/uploads\/2020\/05\/119-REF.PD1110.-Conjunto-de-calado-de-distribucion-para-VAG-2.7-3.0-TDI.jpg","contentUrl":"https:\/\/mantenimientosinformaticos.net\/canarytools\/wp-content\/uploads\/2020\/05\/119-REF.PD1110.-Conjunto-de-calado-de-distribucion-para-VAG-2.7-3.0-TDI.jpg","width":600,"height":432,"caption":"REF.:PD1110. Conjunto de calado de distribucio\u0301n para VAG 2.7 & 3.0 TDI"},{"@type":"BreadcrumbList","@id":"https:\/\/mantenimientosinformaticos.net\/canarytools\/producto\/conjunto-de-calado-de-distribucion-para-vag-27-30-tdi\/#breadcrumb","itemListElement":[{"@type":"ListItem","position":1,"name":"Portada","item":"https:\/\/mantenimientosinformaticos.net\/canarytools\/"},{"@type":"ListItem","position":2,"name":"Tienda","item":"https:\/\/mantenimientosinformaticos.net\/canarytools\/tienda\/"},{"@type":"ListItem","position":3,"name":"REF.:PD1110. Conjunto de calado de distribucio\u0301n para VAG 2.7 &#038; 3.0 TDI"}]},{"@type":"WebSite","@id":"https:\/\/mantenimientosinformaticos.net\/canarytools\/#website","url":"https:\/\/mantenimientosinformaticos.net\/canarytools\/","name":"Canarytools S.L.","description":"Herramientas y M\u00e1quinas","publisher":{"@id":"https:\/\/mantenimientosinformaticos.net\/canarytools\/#\/schema\/person\/355e32754b03bb24b681f1b6917e49bf"},"potentialAction":[{"@type":"SearchAction","target":{"@type":"EntryPoint","urlTemplate":"https:\/\/mantenimientosinformaticos.net\/canarytools\/?s={search_term_string}"},"query-input":"required name=search_term_string"}],"inLanguage":"es"},{"@type":["Person","Organization"],"@id":"https:\/\/mantenimientosinformaticos.net\/canarytools\/#\/schema\/person\/355e32754b03bb24b681f1b6917e49bf","name":"canarytools.xnetdigital","image":{"@type":"ImageObject","inLanguage":"es","@id":"https:\/\/mantenimientosinformaticos.net\/canarytools\/#\/schema\/person\/image\/","url":"https:\/\/mantenimientosinformaticos.net\/canarytools\/wp-content\/uploads\/2023\/12\/canary-tools-logo.png","contentUrl":"https:\/\/mantenimientosinformaticos.net\/canarytools\/wp-content\/uploads\/2023\/12\/canary-tools-logo.png","width":1302,"height":440,"caption":"canarytools.xnetdigital"},"logo":{"@id":"https:\/\/mantenimientosinformaticos.net\/canarytools\/#\/schema\/person\/image\/"},"sameAs":["https:\/\/mantenimientosinformaticos.net\/canarytools"]}]}},"_links":{"self":[{"href":"https:\/\/mantenimientosinformaticos.net\/canarytools\/wp-json\/wp\/v2\/product\/4037","targetHints":{"allow":["GET"]}}],"collection":[{"href":"https:\/\/mantenimientosinformaticos.net\/canarytools\/wp-json\/wp\/v2\/product"}],"about":[{"href":"https:\/\/mantenimientosinformaticos.net\/canarytools\/wp-json\/wp\/v2\/types\/product"}],"replies":[{"embeddable":true,"href":"https:\/\/mantenimientosinformaticos.net\/canarytools\/wp-json\/wp\/v2\/comments?post=4037"}],"wp:featuredmedia":[{"embeddable":true,"href":"https:\/\/mantenimientosinformaticos.net\/canarytools\/wp-json\/wp\/v2\/media\/4036"}],"wp:attachment":[{"href":"https:\/\/mantenimientosinformaticos.net\/canarytools\/wp-json\/wp\/v2\/media?parent=4037"}],"wp:term":[{"taxonomy":"product_cat","embeddable":true,"href":"https:\/\/mantenimientosinformaticos.net\/canarytools\/wp-json\/wp\/v2\/product_cat?post=4037"},{"taxonomy":"product_tag","embeddable":true,"href":"https:\/\/mantenimientosinformaticos.net\/canarytools\/wp-json\/wp\/v2\/product_tag?post=4037"}],"curies":[{"name":"wp","href":"https:\/\/api.w.org\/{rel}","templated":true}]}}