{"id":4033,"date":"2020-05-07T14:36:30","date_gmt":"2020-05-07T12:36:30","guid":{"rendered":"https:\/\/mantenimientosinformaticos.net\/canarytools\/producto\/vasos-para-arbol-de-levas-vag-18-28-tfsi\/"},"modified":"2020-05-07T14:36:30","modified_gmt":"2020-05-07T12:36:30","slug":"vasos-para-arbol-de-levas-vag-18-28-tfsi","status":"publish","type":"product","link":"https:\/\/mantenimientosinformaticos.net\/canarytools\/producto\/vasos-para-arbol-de-levas-vag-18-28-tfsi\/","title":{"rendered":"REF.:8565    Vasos para a\u0301rbol de levas, VAG 1.8 \/ 2.8 TFSI"},"content":{"rendered":"<p>Peso bruto \u00a0 \u00a0 \u00a0 \u00a0 \u00a0 \u00a0 \u00a0 \u00a0 \u00a0 \u00a0 \u00a0 \u00a0 \u00a0 \u00a0 \u00a0 \u00a0 \u00a0 \u00a0 \u00a0 \u00a0 \u00a0 \u00a0 \u00a0 \u00a0 \u00a0 \u00a0 \u00a0 \u00a0 \u00a0 170 g<\/p>\n<p>aprobaci\u00f3n\/recomendaci\u00f3n \u00a0 \u00a0 \u00a0 \u00a0 \u00a0 \u00a0 \u00a0 \u00a0 \u00a0 \u00a0 \u00a0 \u00a0 \u00a0 \u00a0 \u00a0 \u00a0 \u00a0 \u00a0Audi|Seat|Skoda|VW<\/p>\n<p>Para usar como equipo original (OEM)1T10352 \u00a0 \u00a0 \u00a0 T10352\/1 Audi<\/p>\n<p>Para usar como equipo original (OEM)2T10352 \u00a0 \u00a0 \u00a0 T10352\/1 Seat<\/p>\n<p>Para usar como equipo original (OEM)3T10352 \u00a0 \u00a0 \u00a0 T10352\/1 Skoda<\/p>\n<p>Para usar como equipo original (OEM)4T10352 \u00a0 \u00a0 \u00a0 T10352\/1 Volkswagen<\/p>\n","protected":false},"excerpt":{"rendered":"<ul style=\"margin:0px 0px 20px;list-style:none;padding:0px;color:#58595b;font-family:'PT Sans', 'Helvetica Neue', Helvetica, Arial, sans-serif;font-size:14px;line-height:20px;background-color:#ffffff;\">\n<li>se usa para la extracci\u00f3n e instalaci\u00f3n de la v\u00e1lvula de 4\/3 v\u00edas del ajuste central del \u00e1rbol de levas<\/li>\n<li>adecuado para VW Passat, Audi A3, A4, A5, Q5 1,8 y motor de 2,0 litros con cadena de distribuci\u00f3n<\/li>\n<li>para ser utilizado como OEM T10352 y T10352\/1<\/li>\n<\/ul>\n","protected":false},"featured_media":4032,"comment_status":"open","ping_status":"closed","template":"","meta":[],"product_cat":[584,574,501,585,491],"product_tag":[],"class_list":{"0":"post-4033","1":"product","2":"type-product","3":"status-publish","4":"has-post-thumbnail","6":"product_cat-audi","7":"product_cat-bmw","8":"product_cat-calado-de-distribucion","9":"product_cat-seat","10":"product_cat-herramientas-especiales-para-automoviles","12":"first","13":"instock","14":"shipping-taxable","15":"purchasable","16":"product-type-simple"},"yoast_head":"<!-- This site is optimized with the Yoast SEO plugin v22.7 - https:\/\/yoast.com\/wordpress\/plugins\/seo\/ -->\n<title>REF.:8565  Vasos para a\u0301rbol de levas, VAG 1.8 \/ 2.8 TFSI - Canarytools S.L.<\/title>\n<meta name=\"robots\" content=\"index, follow, max-snippet:-1, max-image-preview:large, max-video-preview:-1\" \/>\n<link rel=\"canonical\" href=\"https:\/\/mantenimientosinformaticos.net\/canarytools\/producto\/vasos-para-arbol-de-levas-vag-18-28-tfsi\/\" \/>\n<meta property=\"og:locale\" content=\"es_ES\" \/>\n<meta property=\"og:type\" content=\"article\" \/>\n<meta property=\"og:title\" content=\"REF.:8565  Vasos para a\u0301rbol de levas, VAG 1.8 \/ 2.8 TFSI - Canarytools S.L.\" \/>\n<meta property=\"og:description\" content=\"se usa para la extracci\u00f3n e instalaci\u00f3n de la v\u00e1lvula de 4\/3 v\u00edas del ajuste central del \u00e1rbol de levas adecuado para VW Passat, Audi A3, A4, A5, Q5 1,8 y motor de 2,0 litros con cadena de distribuci\u00f3n para ser utilizado como OEM T10352 y T10352\/1\" \/>\n<meta property=\"og:url\" content=\"https:\/\/mantenimientosinformaticos.net\/canarytools\/producto\/vasos-para-arbol-de-levas-vag-18-28-tfsi\/\" \/>\n<meta property=\"og:site_name\" content=\"Canarytools S.L.\" \/>\n<meta property=\"og:image\" content=\"https:\/\/mantenimientosinformaticos.net\/canarytools\/wp-content\/uploads\/2020\/05\/116-REF.8565-Vasos-para-arbol-de-levas-VAG-1.8-2.8-TFSI.jpg\" \/>\n\t<meta property=\"og:image:width\" content=\"666\" \/>\n\t<meta property=\"og:image:height\" content=\"475\" \/>\n\t<meta property=\"og:image:type\" content=\"image\/jpeg\" \/>\n<meta name=\"twitter:card\" content=\"summary_large_image\" \/>\n<script type=\"application\/ld+json\" class=\"yoast-schema-graph\">{\"@context\":\"https:\/\/schema.org\",\"@graph\":[{\"@type\":\"WebPage\",\"@id\":\"https:\/\/mantenimientosinformaticos.net\/canarytools\/producto\/vasos-para-arbol-de-levas-vag-18-28-tfsi\/\",\"url\":\"https:\/\/mantenimientosinformaticos.net\/canarytools\/producto\/vasos-para-arbol-de-levas-vag-18-28-tfsi\/\",\"name\":\"REF.:8565 Vasos para a\u0301rbol de levas, VAG 1.8 \/ 2.8 TFSI - Canarytools S.L.\",\"isPartOf\":{\"@id\":\"https:\/\/mantenimientosinformaticos.net\/canarytools\/#website\"},\"primaryImageOfPage\":{\"@id\":\"https:\/\/mantenimientosinformaticos.net\/canarytools\/producto\/vasos-para-arbol-de-levas-vag-18-28-tfsi\/#primaryimage\"},\"image\":{\"@id\":\"https:\/\/mantenimientosinformaticos.net\/canarytools\/producto\/vasos-para-arbol-de-levas-vag-18-28-tfsi\/#primaryimage\"},\"thumbnailUrl\":\"https:\/\/mantenimientosinformaticos.net\/canarytools\/wp-content\/uploads\/2020\/05\/116-REF.8565-Vasos-para-arbol-de-levas-VAG-1.8-2.8-TFSI.jpg\",\"datePublished\":\"2020-05-07T12:36:30+00:00\",\"dateModified\":\"2020-05-07T12:36:30+00:00\",\"breadcrumb\":{\"@id\":\"https:\/\/mantenimientosinformaticos.net\/canarytools\/producto\/vasos-para-arbol-de-levas-vag-18-28-tfsi\/#breadcrumb\"},\"inLanguage\":\"es\",\"potentialAction\":[{\"@type\":\"ReadAction\",\"target\":[\"https:\/\/mantenimientosinformaticos.net\/canarytools\/producto\/vasos-para-arbol-de-levas-vag-18-28-tfsi\/\"]}]},{\"@type\":\"ImageObject\",\"inLanguage\":\"es\",\"@id\":\"https:\/\/mantenimientosinformaticos.net\/canarytools\/producto\/vasos-para-arbol-de-levas-vag-18-28-tfsi\/#primaryimage\",\"url\":\"https:\/\/mantenimientosinformaticos.net\/canarytools\/wp-content\/uploads\/2020\/05\/116-REF.8565-Vasos-para-arbol-de-levas-VAG-1.8-2.8-TFSI.jpg\",\"contentUrl\":\"https:\/\/mantenimientosinformaticos.net\/canarytools\/wp-content\/uploads\/2020\/05\/116-REF.8565-Vasos-para-arbol-de-levas-VAG-1.8-2.8-TFSI.jpg\",\"width\":666,\"height\":475,\"caption\":\"REF.:8565 Vasos para a\u0301rbol de levas, VAG 1.8 \/ 2.8 TFSI\"},{\"@type\":\"BreadcrumbList\",\"@id\":\"https:\/\/mantenimientosinformaticos.net\/canarytools\/producto\/vasos-para-arbol-de-levas-vag-18-28-tfsi\/#breadcrumb\",\"itemListElement\":[{\"@type\":\"ListItem\",\"position\":1,\"name\":\"Portada\",\"item\":\"https:\/\/mantenimientosinformaticos.net\/canarytools\/\"},{\"@type\":\"ListItem\",\"position\":2,\"name\":\"Tienda\",\"item\":\"https:\/\/mantenimientosinformaticos.net\/canarytools\/tienda\/\"},{\"@type\":\"ListItem\",\"position\":3,\"name\":\"REF.:8565 Vasos para a\u0301rbol de levas, VAG 1.8 \/ 2.8 TFSI\"}]},{\"@type\":\"WebSite\",\"@id\":\"https:\/\/mantenimientosinformaticos.net\/canarytools\/#website\",\"url\":\"https:\/\/mantenimientosinformaticos.net\/canarytools\/\",\"name\":\"Canarytools S.L.\",\"description\":\"Herramientas y M\u00e1quinas\",\"publisher\":{\"@id\":\"https:\/\/mantenimientosinformaticos.net\/canarytools\/#\/schema\/person\/355e32754b03bb24b681f1b6917e49bf\"},\"potentialAction\":[{\"@type\":\"SearchAction\",\"target\":{\"@type\":\"EntryPoint\",\"urlTemplate\":\"https:\/\/mantenimientosinformaticos.net\/canarytools\/?s={search_term_string}\"},\"query-input\":\"required name=search_term_string\"}],\"inLanguage\":\"es\"},{\"@type\":[\"Person\",\"Organization\"],\"@id\":\"https:\/\/mantenimientosinformaticos.net\/canarytools\/#\/schema\/person\/355e32754b03bb24b681f1b6917e49bf\",\"name\":\"canarytools.xnetdigital\",\"image\":{\"@type\":\"ImageObject\",\"inLanguage\":\"es\",\"@id\":\"https:\/\/mantenimientosinformaticos.net\/canarytools\/#\/schema\/person\/image\/\",\"url\":\"https:\/\/mantenimientosinformaticos.net\/canarytools\/wp-content\/uploads\/2023\/12\/canary-tools-logo.png\",\"contentUrl\":\"https:\/\/mantenimientosinformaticos.net\/canarytools\/wp-content\/uploads\/2023\/12\/canary-tools-logo.png\",\"width\":1302,\"height\":440,\"caption\":\"canarytools.xnetdigital\"},\"logo\":{\"@id\":\"https:\/\/mantenimientosinformaticos.net\/canarytools\/#\/schema\/person\/image\/\"},\"sameAs\":[\"https:\/\/mantenimientosinformaticos.net\/canarytools\"]}]}<\/script>\n<!-- \/ Yoast SEO plugin. -->","yoast_head_json":{"title":"REF.:8565  Vasos para a\u0301rbol de levas, VAG 1.8 \/ 2.8 TFSI - Canarytools S.L.","robots":{"index":"index","follow":"follow","max-snippet":"max-snippet:-1","max-image-preview":"max-image-preview:large","max-video-preview":"max-video-preview:-1"},"canonical":"https:\/\/mantenimientosinformaticos.net\/canarytools\/producto\/vasos-para-arbol-de-levas-vag-18-28-tfsi\/","og_locale":"es_ES","og_type":"article","og_title":"REF.:8565  Vasos para a\u0301rbol de levas, VAG 1.8 \/ 2.8 TFSI - Canarytools S.L.","og_description":"se usa para la extracci\u00f3n e instalaci\u00f3n de la v\u00e1lvula de 4\/3 v\u00edas del ajuste central del \u00e1rbol de levas adecuado para VW Passat, Audi A3, A4, A5, Q5 1,8 y motor de 2,0 litros con cadena de distribuci\u00f3n para ser utilizado como OEM T10352 y T10352\/1","og_url":"https:\/\/mantenimientosinformaticos.net\/canarytools\/producto\/vasos-para-arbol-de-levas-vag-18-28-tfsi\/","og_site_name":"Canarytools S.L.","og_image":[{"width":666,"height":475,"url":"https:\/\/mantenimientosinformaticos.net\/canarytools\/wp-content\/uploads\/2020\/05\/116-REF.8565-Vasos-para-arbol-de-levas-VAG-1.8-2.8-TFSI.jpg","type":"image\/jpeg"}],"twitter_card":"summary_large_image","schema":{"@context":"https:\/\/schema.org","@graph":[{"@type":"WebPage","@id":"https:\/\/mantenimientosinformaticos.net\/canarytools\/producto\/vasos-para-arbol-de-levas-vag-18-28-tfsi\/","url":"https:\/\/mantenimientosinformaticos.net\/canarytools\/producto\/vasos-para-arbol-de-levas-vag-18-28-tfsi\/","name":"REF.:8565 Vasos para a\u0301rbol de levas, VAG 1.8 \/ 2.8 TFSI - Canarytools S.L.","isPartOf":{"@id":"https:\/\/mantenimientosinformaticos.net\/canarytools\/#website"},"primaryImageOfPage":{"@id":"https:\/\/mantenimientosinformaticos.net\/canarytools\/producto\/vasos-para-arbol-de-levas-vag-18-28-tfsi\/#primaryimage"},"image":{"@id":"https:\/\/mantenimientosinformaticos.net\/canarytools\/producto\/vasos-para-arbol-de-levas-vag-18-28-tfsi\/#primaryimage"},"thumbnailUrl":"https:\/\/mantenimientosinformaticos.net\/canarytools\/wp-content\/uploads\/2020\/05\/116-REF.8565-Vasos-para-arbol-de-levas-VAG-1.8-2.8-TFSI.jpg","datePublished":"2020-05-07T12:36:30+00:00","dateModified":"2020-05-07T12:36:30+00:00","breadcrumb":{"@id":"https:\/\/mantenimientosinformaticos.net\/canarytools\/producto\/vasos-para-arbol-de-levas-vag-18-28-tfsi\/#breadcrumb"},"inLanguage":"es","potentialAction":[{"@type":"ReadAction","target":["https:\/\/mantenimientosinformaticos.net\/canarytools\/producto\/vasos-para-arbol-de-levas-vag-18-28-tfsi\/"]}]},{"@type":"ImageObject","inLanguage":"es","@id":"https:\/\/mantenimientosinformaticos.net\/canarytools\/producto\/vasos-para-arbol-de-levas-vag-18-28-tfsi\/#primaryimage","url":"https:\/\/mantenimientosinformaticos.net\/canarytools\/wp-content\/uploads\/2020\/05\/116-REF.8565-Vasos-para-arbol-de-levas-VAG-1.8-2.8-TFSI.jpg","contentUrl":"https:\/\/mantenimientosinformaticos.net\/canarytools\/wp-content\/uploads\/2020\/05\/116-REF.8565-Vasos-para-arbol-de-levas-VAG-1.8-2.8-TFSI.jpg","width":666,"height":475,"caption":"REF.:8565 Vasos para a\u0301rbol de levas, VAG 1.8 \/ 2.8 TFSI"},{"@type":"BreadcrumbList","@id":"https:\/\/mantenimientosinformaticos.net\/canarytools\/producto\/vasos-para-arbol-de-levas-vag-18-28-tfsi\/#breadcrumb","itemListElement":[{"@type":"ListItem","position":1,"name":"Portada","item":"https:\/\/mantenimientosinformaticos.net\/canarytools\/"},{"@type":"ListItem","position":2,"name":"Tienda","item":"https:\/\/mantenimientosinformaticos.net\/canarytools\/tienda\/"},{"@type":"ListItem","position":3,"name":"REF.:8565 Vasos para a\u0301rbol de levas, VAG 1.8 \/ 2.8 TFSI"}]},{"@type":"WebSite","@id":"https:\/\/mantenimientosinformaticos.net\/canarytools\/#website","url":"https:\/\/mantenimientosinformaticos.net\/canarytools\/","name":"Canarytools S.L.","description":"Herramientas y M\u00e1quinas","publisher":{"@id":"https:\/\/mantenimientosinformaticos.net\/canarytools\/#\/schema\/person\/355e32754b03bb24b681f1b6917e49bf"},"potentialAction":[{"@type":"SearchAction","target":{"@type":"EntryPoint","urlTemplate":"https:\/\/mantenimientosinformaticos.net\/canarytools\/?s={search_term_string}"},"query-input":"required name=search_term_string"}],"inLanguage":"es"},{"@type":["Person","Organization"],"@id":"https:\/\/mantenimientosinformaticos.net\/canarytools\/#\/schema\/person\/355e32754b03bb24b681f1b6917e49bf","name":"canarytools.xnetdigital","image":{"@type":"ImageObject","inLanguage":"es","@id":"https:\/\/mantenimientosinformaticos.net\/canarytools\/#\/schema\/person\/image\/","url":"https:\/\/mantenimientosinformaticos.net\/canarytools\/wp-content\/uploads\/2023\/12\/canary-tools-logo.png","contentUrl":"https:\/\/mantenimientosinformaticos.net\/canarytools\/wp-content\/uploads\/2023\/12\/canary-tools-logo.png","width":1302,"height":440,"caption":"canarytools.xnetdigital"},"logo":{"@id":"https:\/\/mantenimientosinformaticos.net\/canarytools\/#\/schema\/person\/image\/"},"sameAs":["https:\/\/mantenimientosinformaticos.net\/canarytools"]}]}},"_links":{"self":[{"href":"https:\/\/mantenimientosinformaticos.net\/canarytools\/wp-json\/wp\/v2\/product\/4033","targetHints":{"allow":["GET"]}}],"collection":[{"href":"https:\/\/mantenimientosinformaticos.net\/canarytools\/wp-json\/wp\/v2\/product"}],"about":[{"href":"https:\/\/mantenimientosinformaticos.net\/canarytools\/wp-json\/wp\/v2\/types\/product"}],"replies":[{"embeddable":true,"href":"https:\/\/mantenimientosinformaticos.net\/canarytools\/wp-json\/wp\/v2\/comments?post=4033"}],"wp:featuredmedia":[{"embeddable":true,"href":"https:\/\/mantenimientosinformaticos.net\/canarytools\/wp-json\/wp\/v2\/media\/4032"}],"wp:attachment":[{"href":"https:\/\/mantenimientosinformaticos.net\/canarytools\/wp-json\/wp\/v2\/media?parent=4033"}],"wp:term":[{"taxonomy":"product_cat","embeddable":true,"href":"https:\/\/mantenimientosinformaticos.net\/canarytools\/wp-json\/wp\/v2\/product_cat?post=4033"},{"taxonomy":"product_tag","embeddable":true,"href":"https:\/\/mantenimientosinformaticos.net\/canarytools\/wp-json\/wp\/v2\/product_tag?post=4033"}],"curies":[{"name":"wp","href":"https:\/\/api.w.org\/{rel}","templated":true}]}}