{"id":4007,"date":"2020-05-07T13:35:32","date_gmt":"2020-05-07T11:35:32","guid":{"rendered":"https:\/\/mantenimientosinformaticos.net\/canarytools\/producto\/extractor-del-pinon-del-arbol-de-levas-del-pinon-de-la-bomba-para-ford\/"},"modified":"2020-05-07T13:35:32","modified_gmt":"2020-05-07T11:35:32","slug":"extractor-del-pinon-del-arbol-de-levas-del-pinon-de-la-bomba-para-ford","status":"publish","type":"product","link":"https:\/\/mantenimientosinformaticos.net\/canarytools\/producto\/extractor-del-pinon-del-arbol-de-levas-del-pinon-de-la-bomba-para-ford\/","title":{"rendered":"REF.:FB2753.   Extractor del pin\u0303o\u0301n del a\u0301rbol de levas, del pin\u0303o\u0301n de la bomba para Ford"},"content":{"rendered":"<p>Peso bruto \u00a0 \u00a0 \u00a0 \u00a0 \u00a0 \u00a0 \u00a0 \u00a0 \u00a0 \u00a0 \u00a0 \u00a0 \u00a0 \u00a0 \u00a0 \u00a0 \u00a0 \u00a0 \u00a0 \u00a0 \u00a0 \u00a0 \u00a0 \u00a0 \u00a0 \u00a0 \u00a0 \u00a0 \u00a0 \u00a0 420 g<\/p>\n<p>Grososr de la pata del gancho en la punta \u00a0 \u00a0 \u00a0 \u00a0 \u00a0 \u00a0 \u00a0 \u00a08 mm<\/p>\n<p>Profundidad de la pata del gancho \u00a0 \u00a0 \u00a0 \u00a0 \u00a0 \u00a0 \u00a0 \u00a0 \u00a0 \u00a0 \u00a0 \u00a0 \u00a0 7,5 mm<\/p>\n<p>Longitud del gancho \u00a0 \u00a0 \u00a0 \u00a0 \u00a0 \u00a0 \u00a0 \u00a0 \u00a0 \u00a0 \u00a0 \u00a0 \u00a0 \u00a0 \u00a0 \u00a0 \u00a0 \u00a0 \u00a0 \u00a0 \u00a0 \u00a0 \u00a0 15,5 mm<\/p>\n<p>Anchura de llave hexagonal de accionamiento \u00a0 \u00a0 \u00a0 \u00a0 \u00a019 mm<\/p>\n<p>Longitud del husillo \u00a0 \u00a0 \u00a0 \u00a0 \u00a0 \u00a0 \u00a0 \u00a0 \u00a0 \u00a0 \u00a0 \u00a0 \u00a0 \u00a0 \u00a0 \u00a0 \u00a0 \u00a0 \u00a0 \u00a0 \u00a0 \u00a0 \u00a0 \u00a080 mm<\/p>\n<p>Profundidad \u00a0 \u00a0 \u00a0 \u00a0 \u00a0 \u00a0 \u00a0 \u00a0 \u00a0 \u00a0 \u00a0 \u00a0 \u00a0 \u00a0 \u00a0 \u00a0 \u00a0 \u00a0 \u00a0 \u00a0 \u00a0 \u00a0 \u00a0 \u00a0 \u00a0 \u00a0 \u00a0 \u00a0 \u00a0 30 mm<\/p><\/p>\n","protected":false},"excerpt":{"rendered":"<ul style=\"margin:0px 0px 20px;list-style:none;padding:0px;color:#58595b;font-family:'PT Sans', 'Helvetica Neue', Helvetica, Arial, sans-serif;font-size:14px;line-height:20px;background-color:#ffffff;\">\n<li>tambi\u00e9n es adecuado para la extracci\u00f3n de la turbina<\/li>\n<li>adecuado para c\u00f3digos de motor F8M, F8Q, J8S, S8U, S9U<\/li>\n<li>90 x 65 mm<\/li>\n<\/ul>\n","protected":false},"featured_media":4006,"comment_status":"open","ping_status":"closed","template":"","meta":[],"product_cat":[501,582,491],"product_tag":[],"class_list":{"0":"post-4007","1":"product","2":"type-product","3":"status-publish","4":"has-post-thumbnail","6":"product_cat-calado-de-distribucion","7":"product_cat-ford","8":"product_cat-herramientas-especiales-para-automoviles","10":"first","11":"instock","12":"shipping-taxable","13":"purchasable","14":"product-type-simple"},"yoast_head":"<!-- This site is optimized with the Yoast SEO plugin v22.7 - https:\/\/yoast.com\/wordpress\/plugins\/seo\/ -->\n<title>REF.:FB2753.  Extractor del pin\u0303o\u0301n del a\u0301rbol de levas, del pin\u0303o\u0301n de la bomba para Ford - Canarytools S.L.<\/title>\n<meta name=\"robots\" content=\"index, follow, max-snippet:-1, max-image-preview:large, max-video-preview:-1\" \/>\n<link rel=\"canonical\" href=\"https:\/\/mantenimientosinformaticos.net\/canarytools\/producto\/extractor-del-pinon-del-arbol-de-levas-del-pinon-de-la-bomba-para-ford\/\" \/>\n<meta property=\"og:locale\" content=\"es_ES\" \/>\n<meta property=\"og:type\" content=\"article\" \/>\n<meta property=\"og:title\" content=\"REF.:FB2753.  Extractor del pin\u0303o\u0301n del a\u0301rbol de levas, del pin\u0303o\u0301n de la bomba para Ford - Canarytools S.L.\" \/>\n<meta property=\"og:description\" content=\"tambi\u00e9n es adecuado para la extracci\u00f3n de la turbina adecuado para c\u00f3digos de motor F8M, F8Q, J8S, S8U, S9U 90 x 65 mm\" \/>\n<meta property=\"og:url\" content=\"https:\/\/mantenimientosinformaticos.net\/canarytools\/producto\/extractor-del-pinon-del-arbol-de-levas-del-pinon-de-la-bomba-para-ford\/\" \/>\n<meta property=\"og:site_name\" content=\"Canarytools S.L.\" \/>\n<meta property=\"og:image\" content=\"https:\/\/mantenimientosinformaticos.net\/canarytools\/wp-content\/uploads\/2020\/05\/103-REF.FB2753.-Extractor-del-pinon-del-arbol-de-levas-del-pinon-de-la-bomba-para-Ford.jpg\" \/>\n\t<meta property=\"og:image:width\" content=\"600\" \/>\n\t<meta property=\"og:image:height\" content=\"600\" \/>\n\t<meta property=\"og:image:type\" content=\"image\/jpeg\" \/>\n<meta name=\"twitter:card\" content=\"summary_large_image\" \/>\n<script type=\"application\/ld+json\" class=\"yoast-schema-graph\">{\"@context\":\"https:\/\/schema.org\",\"@graph\":[{\"@type\":\"WebPage\",\"@id\":\"https:\/\/mantenimientosinformaticos.net\/canarytools\/producto\/extractor-del-pinon-del-arbol-de-levas-del-pinon-de-la-bomba-para-ford\/\",\"url\":\"https:\/\/mantenimientosinformaticos.net\/canarytools\/producto\/extractor-del-pinon-del-arbol-de-levas-del-pinon-de-la-bomba-para-ford\/\",\"name\":\"REF.:FB2753. Extractor del pin\u0303o\u0301n del a\u0301rbol de levas, del pin\u0303o\u0301n de la bomba para Ford - Canarytools S.L.\",\"isPartOf\":{\"@id\":\"https:\/\/mantenimientosinformaticos.net\/canarytools\/#website\"},\"primaryImageOfPage\":{\"@id\":\"https:\/\/mantenimientosinformaticos.net\/canarytools\/producto\/extractor-del-pinon-del-arbol-de-levas-del-pinon-de-la-bomba-para-ford\/#primaryimage\"},\"image\":{\"@id\":\"https:\/\/mantenimientosinformaticos.net\/canarytools\/producto\/extractor-del-pinon-del-arbol-de-levas-del-pinon-de-la-bomba-para-ford\/#primaryimage\"},\"thumbnailUrl\":\"https:\/\/mantenimientosinformaticos.net\/canarytools\/wp-content\/uploads\/2020\/05\/103-REF.FB2753.-Extractor-del-pinon-del-arbol-de-levas-del-pinon-de-la-bomba-para-Ford.jpg\",\"datePublished\":\"2020-05-07T11:35:32+00:00\",\"dateModified\":\"2020-05-07T11:35:32+00:00\",\"breadcrumb\":{\"@id\":\"https:\/\/mantenimientosinformaticos.net\/canarytools\/producto\/extractor-del-pinon-del-arbol-de-levas-del-pinon-de-la-bomba-para-ford\/#breadcrumb\"},\"inLanguage\":\"es\",\"potentialAction\":[{\"@type\":\"ReadAction\",\"target\":[\"https:\/\/mantenimientosinformaticos.net\/canarytools\/producto\/extractor-del-pinon-del-arbol-de-levas-del-pinon-de-la-bomba-para-ford\/\"]}]},{\"@type\":\"ImageObject\",\"inLanguage\":\"es\",\"@id\":\"https:\/\/mantenimientosinformaticos.net\/canarytools\/producto\/extractor-del-pinon-del-arbol-de-levas-del-pinon-de-la-bomba-para-ford\/#primaryimage\",\"url\":\"https:\/\/mantenimientosinformaticos.net\/canarytools\/wp-content\/uploads\/2020\/05\/103-REF.FB2753.-Extractor-del-pinon-del-arbol-de-levas-del-pinon-de-la-bomba-para-Ford.jpg\",\"contentUrl\":\"https:\/\/mantenimientosinformaticos.net\/canarytools\/wp-content\/uploads\/2020\/05\/103-REF.FB2753.-Extractor-del-pinon-del-arbol-de-levas-del-pinon-de-la-bomba-para-Ford.jpg\",\"width\":600,\"height\":600,\"caption\":\"REF.:FB2753. Extractor del pin\u0303o\u0301n del a\u0301rbol de levas, del pin\u0303o\u0301n de la bomba para Ford\"},{\"@type\":\"BreadcrumbList\",\"@id\":\"https:\/\/mantenimientosinformaticos.net\/canarytools\/producto\/extractor-del-pinon-del-arbol-de-levas-del-pinon-de-la-bomba-para-ford\/#breadcrumb\",\"itemListElement\":[{\"@type\":\"ListItem\",\"position\":1,\"name\":\"Portada\",\"item\":\"https:\/\/mantenimientosinformaticos.net\/canarytools\/\"},{\"@type\":\"ListItem\",\"position\":2,\"name\":\"Tienda\",\"item\":\"https:\/\/mantenimientosinformaticos.net\/canarytools\/tienda\/\"},{\"@type\":\"ListItem\",\"position\":3,\"name\":\"REF.:FB2753. Extractor del pin\u0303o\u0301n del a\u0301rbol de levas, del pin\u0303o\u0301n de la bomba para Ford\"}]},{\"@type\":\"WebSite\",\"@id\":\"https:\/\/mantenimientosinformaticos.net\/canarytools\/#website\",\"url\":\"https:\/\/mantenimientosinformaticos.net\/canarytools\/\",\"name\":\"Canarytools S.L.\",\"description\":\"Herramientas y M\u00e1quinas\",\"publisher\":{\"@id\":\"https:\/\/mantenimientosinformaticos.net\/canarytools\/#\/schema\/person\/355e32754b03bb24b681f1b6917e49bf\"},\"potentialAction\":[{\"@type\":\"SearchAction\",\"target\":{\"@type\":\"EntryPoint\",\"urlTemplate\":\"https:\/\/mantenimientosinformaticos.net\/canarytools\/?s={search_term_string}\"},\"query-input\":\"required name=search_term_string\"}],\"inLanguage\":\"es\"},{\"@type\":[\"Person\",\"Organization\"],\"@id\":\"https:\/\/mantenimientosinformaticos.net\/canarytools\/#\/schema\/person\/355e32754b03bb24b681f1b6917e49bf\",\"name\":\"canarytools.xnetdigital\",\"image\":{\"@type\":\"ImageObject\",\"inLanguage\":\"es\",\"@id\":\"https:\/\/mantenimientosinformaticos.net\/canarytools\/#\/schema\/person\/image\/\",\"url\":\"https:\/\/mantenimientosinformaticos.net\/canarytools\/wp-content\/uploads\/2023\/12\/canary-tools-logo.png\",\"contentUrl\":\"https:\/\/mantenimientosinformaticos.net\/canarytools\/wp-content\/uploads\/2023\/12\/canary-tools-logo.png\",\"width\":1302,\"height\":440,\"caption\":\"canarytools.xnetdigital\"},\"logo\":{\"@id\":\"https:\/\/mantenimientosinformaticos.net\/canarytools\/#\/schema\/person\/image\/\"},\"sameAs\":[\"https:\/\/mantenimientosinformaticos.net\/canarytools\"]}]}<\/script>\n<!-- \/ Yoast SEO plugin. -->","yoast_head_json":{"title":"REF.:FB2753.  Extractor del pin\u0303o\u0301n del a\u0301rbol de levas, del pin\u0303o\u0301n de la bomba para Ford - Canarytools S.L.","robots":{"index":"index","follow":"follow","max-snippet":"max-snippet:-1","max-image-preview":"max-image-preview:large","max-video-preview":"max-video-preview:-1"},"canonical":"https:\/\/mantenimientosinformaticos.net\/canarytools\/producto\/extractor-del-pinon-del-arbol-de-levas-del-pinon-de-la-bomba-para-ford\/","og_locale":"es_ES","og_type":"article","og_title":"REF.:FB2753.  Extractor del pin\u0303o\u0301n del a\u0301rbol de levas, del pin\u0303o\u0301n de la bomba para Ford - Canarytools S.L.","og_description":"tambi\u00e9n es adecuado para la extracci\u00f3n de la turbina adecuado para c\u00f3digos de motor F8M, F8Q, J8S, S8U, S9U 90 x 65 mm","og_url":"https:\/\/mantenimientosinformaticos.net\/canarytools\/producto\/extractor-del-pinon-del-arbol-de-levas-del-pinon-de-la-bomba-para-ford\/","og_site_name":"Canarytools S.L.","og_image":[{"width":600,"height":600,"url":"https:\/\/mantenimientosinformaticos.net\/canarytools\/wp-content\/uploads\/2020\/05\/103-REF.FB2753.-Extractor-del-pinon-del-arbol-de-levas-del-pinon-de-la-bomba-para-Ford.jpg","type":"image\/jpeg"}],"twitter_card":"summary_large_image","schema":{"@context":"https:\/\/schema.org","@graph":[{"@type":"WebPage","@id":"https:\/\/mantenimientosinformaticos.net\/canarytools\/producto\/extractor-del-pinon-del-arbol-de-levas-del-pinon-de-la-bomba-para-ford\/","url":"https:\/\/mantenimientosinformaticos.net\/canarytools\/producto\/extractor-del-pinon-del-arbol-de-levas-del-pinon-de-la-bomba-para-ford\/","name":"REF.:FB2753. Extractor del pin\u0303o\u0301n del a\u0301rbol de levas, del pin\u0303o\u0301n de la bomba para Ford - Canarytools S.L.","isPartOf":{"@id":"https:\/\/mantenimientosinformaticos.net\/canarytools\/#website"},"primaryImageOfPage":{"@id":"https:\/\/mantenimientosinformaticos.net\/canarytools\/producto\/extractor-del-pinon-del-arbol-de-levas-del-pinon-de-la-bomba-para-ford\/#primaryimage"},"image":{"@id":"https:\/\/mantenimientosinformaticos.net\/canarytools\/producto\/extractor-del-pinon-del-arbol-de-levas-del-pinon-de-la-bomba-para-ford\/#primaryimage"},"thumbnailUrl":"https:\/\/mantenimientosinformaticos.net\/canarytools\/wp-content\/uploads\/2020\/05\/103-REF.FB2753.-Extractor-del-pinon-del-arbol-de-levas-del-pinon-de-la-bomba-para-Ford.jpg","datePublished":"2020-05-07T11:35:32+00:00","dateModified":"2020-05-07T11:35:32+00:00","breadcrumb":{"@id":"https:\/\/mantenimientosinformaticos.net\/canarytools\/producto\/extractor-del-pinon-del-arbol-de-levas-del-pinon-de-la-bomba-para-ford\/#breadcrumb"},"inLanguage":"es","potentialAction":[{"@type":"ReadAction","target":["https:\/\/mantenimientosinformaticos.net\/canarytools\/producto\/extractor-del-pinon-del-arbol-de-levas-del-pinon-de-la-bomba-para-ford\/"]}]},{"@type":"ImageObject","inLanguage":"es","@id":"https:\/\/mantenimientosinformaticos.net\/canarytools\/producto\/extractor-del-pinon-del-arbol-de-levas-del-pinon-de-la-bomba-para-ford\/#primaryimage","url":"https:\/\/mantenimientosinformaticos.net\/canarytools\/wp-content\/uploads\/2020\/05\/103-REF.FB2753.-Extractor-del-pinon-del-arbol-de-levas-del-pinon-de-la-bomba-para-Ford.jpg","contentUrl":"https:\/\/mantenimientosinformaticos.net\/canarytools\/wp-content\/uploads\/2020\/05\/103-REF.FB2753.-Extractor-del-pinon-del-arbol-de-levas-del-pinon-de-la-bomba-para-Ford.jpg","width":600,"height":600,"caption":"REF.:FB2753. Extractor del pin\u0303o\u0301n del a\u0301rbol de levas, del pin\u0303o\u0301n de la bomba para Ford"},{"@type":"BreadcrumbList","@id":"https:\/\/mantenimientosinformaticos.net\/canarytools\/producto\/extractor-del-pinon-del-arbol-de-levas-del-pinon-de-la-bomba-para-ford\/#breadcrumb","itemListElement":[{"@type":"ListItem","position":1,"name":"Portada","item":"https:\/\/mantenimientosinformaticos.net\/canarytools\/"},{"@type":"ListItem","position":2,"name":"Tienda","item":"https:\/\/mantenimientosinformaticos.net\/canarytools\/tienda\/"},{"@type":"ListItem","position":3,"name":"REF.:FB2753. Extractor del pin\u0303o\u0301n del a\u0301rbol de levas, del pin\u0303o\u0301n de la bomba para Ford"}]},{"@type":"WebSite","@id":"https:\/\/mantenimientosinformaticos.net\/canarytools\/#website","url":"https:\/\/mantenimientosinformaticos.net\/canarytools\/","name":"Canarytools S.L.","description":"Herramientas y M\u00e1quinas","publisher":{"@id":"https:\/\/mantenimientosinformaticos.net\/canarytools\/#\/schema\/person\/355e32754b03bb24b681f1b6917e49bf"},"potentialAction":[{"@type":"SearchAction","target":{"@type":"EntryPoint","urlTemplate":"https:\/\/mantenimientosinformaticos.net\/canarytools\/?s={search_term_string}"},"query-input":"required name=search_term_string"}],"inLanguage":"es"},{"@type":["Person","Organization"],"@id":"https:\/\/mantenimientosinformaticos.net\/canarytools\/#\/schema\/person\/355e32754b03bb24b681f1b6917e49bf","name":"canarytools.xnetdigital","image":{"@type":"ImageObject","inLanguage":"es","@id":"https:\/\/mantenimientosinformaticos.net\/canarytools\/#\/schema\/person\/image\/","url":"https:\/\/mantenimientosinformaticos.net\/canarytools\/wp-content\/uploads\/2023\/12\/canary-tools-logo.png","contentUrl":"https:\/\/mantenimientosinformaticos.net\/canarytools\/wp-content\/uploads\/2023\/12\/canary-tools-logo.png","width":1302,"height":440,"caption":"canarytools.xnetdigital"},"logo":{"@id":"https:\/\/mantenimientosinformaticos.net\/canarytools\/#\/schema\/person\/image\/"},"sameAs":["https:\/\/mantenimientosinformaticos.net\/canarytools"]}]}},"_links":{"self":[{"href":"https:\/\/mantenimientosinformaticos.net\/canarytools\/wp-json\/wp\/v2\/product\/4007","targetHints":{"allow":["GET"]}}],"collection":[{"href":"https:\/\/mantenimientosinformaticos.net\/canarytools\/wp-json\/wp\/v2\/product"}],"about":[{"href":"https:\/\/mantenimientosinformaticos.net\/canarytools\/wp-json\/wp\/v2\/types\/product"}],"replies":[{"embeddable":true,"href":"https:\/\/mantenimientosinformaticos.net\/canarytools\/wp-json\/wp\/v2\/comments?post=4007"}],"wp:featuredmedia":[{"embeddable":true,"href":"https:\/\/mantenimientosinformaticos.net\/canarytools\/wp-json\/wp\/v2\/media\/4006"}],"wp:attachment":[{"href":"https:\/\/mantenimientosinformaticos.net\/canarytools\/wp-json\/wp\/v2\/media?parent=4007"}],"wp:term":[{"taxonomy":"product_cat","embeddable":true,"href":"https:\/\/mantenimientosinformaticos.net\/canarytools\/wp-json\/wp\/v2\/product_cat?post=4007"},{"taxonomy":"product_tag","embeddable":true,"href":"https:\/\/mantenimientosinformaticos.net\/canarytools\/wp-json\/wp\/v2\/product_tag?post=4007"}],"curies":[{"name":"wp","href":"https:\/\/api.w.org\/{rel}","templated":true}]}}