{"id":3991,"date":"2020-05-07T13:04:09","date_gmt":"2020-05-07T11:04:09","guid":{"rendered":"https:\/\/mantenimientosinformaticos.net\/canarytools\/producto\/conjunto-de-calado-de-distribucion-citroen-peugeot-ford-volvo-14-d16-hdi-tdci\/"},"modified":"2020-05-07T13:04:09","modified_gmt":"2020-05-07T11:04:09","slug":"conjunto-de-calado-de-distribucion-citroen-peugeot-ford-volvo-14-d16-hdi-tdci","status":"publish","type":"product","link":"https:\/\/mantenimientosinformaticos.net\/canarytools\/producto\/conjunto-de-calado-de-distribucion-citroen-peugeot-ford-volvo-14-d16-hdi-tdci\/","title":{"rendered":"REF.:8673.  Conjunto de calado de distribucio\u0301n Citroen, Peugeot, Ford, Volvo 14 D,1.6 HDi, TDCI"},"content":{"rendered":"<p style=\"margin:0px 0px 10px;color:#58595b;font-family:'PT Sans', 'Helvetica Neue', Helvetica, Arial, sans-serif;font-size:14px;line-height:20px;background-color:#ffffff;\"><strong>Contenido de suministro:<\/strong><\/p>\n<ul style=\"margin:0px 0px 20px;list-style:none;padding:0px;color:#58595b;font-family:'PT Sans', 'Helvetica Neue', Helvetica, Arial, sans-serif;font-size:14px;line-height:20px;background-color:#ffffff;\">\n<li>pasador de bloqueo del volante, para ser utilizado como OEM PSA 0194-C, Ford 303-734 (21-262), Volvo 999-7169, Mazda 49 JE02 020<\/li>\n<li>pasador de bloqueo del cig\u00fce\u00f1al y del pi\u00f1\u00f3n de la bomba de alta presi\u00f3n, 2 unidades, para ser utilizado como OEM PSA 0194-A, Ford 303-732 (21-260), Volvo 999-7233, Mazda 49 JE02 018<\/li>\n<li>pasador de bloqueo del \u00e1rbol de levas, para ser utilizado como OEM PSA 0194-B, Ford 303-735 (21-263), Volvo 999-7122, Mazda 49 JE02 021<\/li>\n<\/ul>\n","protected":false},"excerpt":{"rendered":"<ul style=\"margin:0px 0px 20px;list-style:none;padding:0px;color:#58595b;font-family:'PT Sans', 'Helvetica Neue', Helvetica, Arial, sans-serif;font-size:14px;line-height:20px;background-color:#ffffff;\">\n<li>para ajustar la sincronizaci\u00f3n del motor cuando se reemplaza el \u00e1rbol de levas, la junta de culata, etc.<\/li>\n<\/ul>\n<p style=\"margin:0px 0px 10px;color:#58595b;font-family:'PT Sans', 'Helvetica Neue', Helvetica, Arial, sans-serif;font-size:14px;line-height:20px;background-color:#ffffff;\"><strong>adecuado para los siguientes motores:<\/strong><\/p>\n<ul style=\"margin:0px 0px 20px;list-style:none;padding:0px;color:#58595b;font-family:'PT Sans', 'Helvetica Neue', Helvetica, Arial, sans-serif;font-size:14px;line-height:20px;background-color:#ffffff;\">\n<li>Citroen 1.4HDi DV4TD (8HT\/8HW\/8HX\/8HZ), 1.4HDi DV4TED4 (8HV\/8HY), 1.6HDi DV6TED4 (9HY\/9HZ), 1.6HDi DV6ATED4 (9HW\/9HX), 1.6HDi DV6UTED4(9HU)<\/li>\n<li>Mazda 1.4CiTD F6JA, F6JB 1.6CiTD Y6<\/li>\n<li>Peugeot 1.4HDi DV4TD (8HT\/8HW\/8HX\/8HZ), 1.4HDi DV4TED4 (8HV\/8HY), 1.6HDi DV6TED4 (9HY\/9HZ), 1.6HDi DV6ATED4 (9HW\/9HX), 1.6HDi DV6UTED4(9HU)<\/li>\n<li>Ford 1.4TDCi F6JA, F6JB, F6JC, F6JD 1.6TDCi G8DA, G8DB, HHDA 1.6TDCi HHDB, HHJA, HHJB, HHJD<\/li>\n<li>Volvo 1.6D D4164T<\/li>\n<\/ul>\n","protected":false},"featured_media":3990,"comment_status":"open","ping_status":"closed","template":"","meta":[],"product_cat":[501,577,581,491],"product_tag":[],"class_list":{"0":"post-3991","1":"product","2":"type-product","3":"status-publish","4":"has-post-thumbnail","6":"product_cat-calado-de-distribucion","7":"product_cat-citroen","8":"product_cat-peugeot","9":"product_cat-herramientas-especiales-para-automoviles","11":"first","12":"instock","13":"shipping-taxable","14":"purchasable","15":"product-type-simple"},"yoast_head":"<!-- This site is optimized with the Yoast SEO plugin v22.7 - https:\/\/yoast.com\/wordpress\/plugins\/seo\/ -->\n<title>REF.:8673. Conjunto de calado de distribucio\u0301n Citroen, Peugeot, Ford, Volvo 14 D,1.6 HDi, TDCI - Canarytools S.L.<\/title>\n<meta name=\"robots\" content=\"index, follow, max-snippet:-1, max-image-preview:large, max-video-preview:-1\" \/>\n<link rel=\"canonical\" href=\"https:\/\/mantenimientosinformaticos.net\/canarytools\/producto\/conjunto-de-calado-de-distribucion-citroen-peugeot-ford-volvo-14-d16-hdi-tdci\/\" \/>\n<meta property=\"og:locale\" content=\"es_ES\" \/>\n<meta property=\"og:type\" content=\"article\" \/>\n<meta property=\"og:title\" content=\"REF.:8673. Conjunto de calado de distribucio\u0301n Citroen, Peugeot, Ford, Volvo 14 D,1.6 HDi, TDCI - Canarytools S.L.\" \/>\n<meta property=\"og:description\" content=\"para ajustar la sincronizaci\u00f3n del motor cuando se reemplaza el \u00e1rbol de levas, la junta de culata, etc. adecuado para los siguientes motores: Citroen 1.4HDi DV4TD (8HT\/8HW\/8HX\/8HZ), 1.4HDi DV4TED4 (8HV\/8HY), 1.6HDi DV6TED4 (9HY\/9HZ), 1.6HDi DV6ATED4 (9HW\/9HX), 1.6HDi DV6UTED4(9HU) Mazda 1.4CiTD F6JA, F6JB 1.6CiTD Y6 Peugeot 1.4HDi DV4TD (8HT\/8HW\/8HX\/8HZ), 1.4HDi DV4TED4 (8HV\/8HY), 1.6HDi DV6TED4 (9HY\/9HZ), 1.6HDi DV6ATED4 (9HW\/9HX), 1.6HDi DV6UTED4(9HU) Ford 1.4TDCi F6JA, F6JB, F6JC, F6JD 1.6TDCi G8DA, G8DB, HHDA 1.6TDCi HHDB, HHJA, HHJB, HHJD Volvo 1.6D D4164T\" \/>\n<meta property=\"og:url\" content=\"https:\/\/mantenimientosinformaticos.net\/canarytools\/producto\/conjunto-de-calado-de-distribucion-citroen-peugeot-ford-volvo-14-d16-hdi-tdci\/\" \/>\n<meta property=\"og:site_name\" content=\"Canarytools S.L.\" \/>\n<meta property=\"og:image\" content=\"https:\/\/mantenimientosinformaticos.net\/canarytools\/wp-content\/uploads\/2020\/05\/94-REF.8673.-Conjunto-de-calado-de-distribucion-Citroen-Peugeot-Ford-Volvo-14-D1.6-HDi-TDCI.jpg\" \/>\n\t<meta property=\"og:image:width\" content=\"539\" \/>\n\t<meta property=\"og:image:height\" content=\"475\" \/>\n\t<meta property=\"og:image:type\" content=\"image\/jpeg\" \/>\n<meta name=\"twitter:card\" content=\"summary_large_image\" \/>\n<script type=\"application\/ld+json\" class=\"yoast-schema-graph\">{\"@context\":\"https:\/\/schema.org\",\"@graph\":[{\"@type\":\"WebPage\",\"@id\":\"https:\/\/mantenimientosinformaticos.net\/canarytools\/producto\/conjunto-de-calado-de-distribucion-citroen-peugeot-ford-volvo-14-d16-hdi-tdci\/\",\"url\":\"https:\/\/mantenimientosinformaticos.net\/canarytools\/producto\/conjunto-de-calado-de-distribucion-citroen-peugeot-ford-volvo-14-d16-hdi-tdci\/\",\"name\":\"REF.:8673. Conjunto de calado de distribucio\u0301n Citroen, Peugeot, Ford, Volvo 14 D,1.6 HDi, TDCI - Canarytools S.L.\",\"isPartOf\":{\"@id\":\"https:\/\/mantenimientosinformaticos.net\/canarytools\/#website\"},\"primaryImageOfPage\":{\"@id\":\"https:\/\/mantenimientosinformaticos.net\/canarytools\/producto\/conjunto-de-calado-de-distribucion-citroen-peugeot-ford-volvo-14-d16-hdi-tdci\/#primaryimage\"},\"image\":{\"@id\":\"https:\/\/mantenimientosinformaticos.net\/canarytools\/producto\/conjunto-de-calado-de-distribucion-citroen-peugeot-ford-volvo-14-d16-hdi-tdci\/#primaryimage\"},\"thumbnailUrl\":\"https:\/\/mantenimientosinformaticos.net\/canarytools\/wp-content\/uploads\/2020\/05\/94-REF.8673.-Conjunto-de-calado-de-distribucion-Citroen-Peugeot-Ford-Volvo-14-D1.6-HDi-TDCI.jpg\",\"datePublished\":\"2020-05-07T11:04:09+00:00\",\"dateModified\":\"2020-05-07T11:04:09+00:00\",\"breadcrumb\":{\"@id\":\"https:\/\/mantenimientosinformaticos.net\/canarytools\/producto\/conjunto-de-calado-de-distribucion-citroen-peugeot-ford-volvo-14-d16-hdi-tdci\/#breadcrumb\"},\"inLanguage\":\"es\",\"potentialAction\":[{\"@type\":\"ReadAction\",\"target\":[\"https:\/\/mantenimientosinformaticos.net\/canarytools\/producto\/conjunto-de-calado-de-distribucion-citroen-peugeot-ford-volvo-14-d16-hdi-tdci\/\"]}]},{\"@type\":\"ImageObject\",\"inLanguage\":\"es\",\"@id\":\"https:\/\/mantenimientosinformaticos.net\/canarytools\/producto\/conjunto-de-calado-de-distribucion-citroen-peugeot-ford-volvo-14-d16-hdi-tdci\/#primaryimage\",\"url\":\"https:\/\/mantenimientosinformaticos.net\/canarytools\/wp-content\/uploads\/2020\/05\/94-REF.8673.-Conjunto-de-calado-de-distribucion-Citroen-Peugeot-Ford-Volvo-14-D1.6-HDi-TDCI.jpg\",\"contentUrl\":\"https:\/\/mantenimientosinformaticos.net\/canarytools\/wp-content\/uploads\/2020\/05\/94-REF.8673.-Conjunto-de-calado-de-distribucion-Citroen-Peugeot-Ford-Volvo-14-D1.6-HDi-TDCI.jpg\",\"width\":539,\"height\":475,\"caption\":\"REF.:8673. Conjunto de calado de distribucio\u0301n Citroen, Peugeot, Ford, Volvo 14 D,1.6 HDi, TDCI\"},{\"@type\":\"BreadcrumbList\",\"@id\":\"https:\/\/mantenimientosinformaticos.net\/canarytools\/producto\/conjunto-de-calado-de-distribucion-citroen-peugeot-ford-volvo-14-d16-hdi-tdci\/#breadcrumb\",\"itemListElement\":[{\"@type\":\"ListItem\",\"position\":1,\"name\":\"Portada\",\"item\":\"https:\/\/mantenimientosinformaticos.net\/canarytools\/\"},{\"@type\":\"ListItem\",\"position\":2,\"name\":\"Tienda\",\"item\":\"https:\/\/mantenimientosinformaticos.net\/canarytools\/tienda\/\"},{\"@type\":\"ListItem\",\"position\":3,\"name\":\"REF.:8673. Conjunto de calado de distribucio\u0301n Citroen, Peugeot, Ford, Volvo 14 D,1.6 HDi, TDCI\"}]},{\"@type\":\"WebSite\",\"@id\":\"https:\/\/mantenimientosinformaticos.net\/canarytools\/#website\",\"url\":\"https:\/\/mantenimientosinformaticos.net\/canarytools\/\",\"name\":\"Canarytools S.L.\",\"description\":\"Herramientas y M\u00e1quinas\",\"publisher\":{\"@id\":\"https:\/\/mantenimientosinformaticos.net\/canarytools\/#\/schema\/person\/355e32754b03bb24b681f1b6917e49bf\"},\"potentialAction\":[{\"@type\":\"SearchAction\",\"target\":{\"@type\":\"EntryPoint\",\"urlTemplate\":\"https:\/\/mantenimientosinformaticos.net\/canarytools\/?s={search_term_string}\"},\"query-input\":\"required name=search_term_string\"}],\"inLanguage\":\"es\"},{\"@type\":[\"Person\",\"Organization\"],\"@id\":\"https:\/\/mantenimientosinformaticos.net\/canarytools\/#\/schema\/person\/355e32754b03bb24b681f1b6917e49bf\",\"name\":\"canarytools.xnetdigital\",\"image\":{\"@type\":\"ImageObject\",\"inLanguage\":\"es\",\"@id\":\"https:\/\/mantenimientosinformaticos.net\/canarytools\/#\/schema\/person\/image\/\",\"url\":\"https:\/\/mantenimientosinformaticos.net\/canarytools\/wp-content\/uploads\/2023\/12\/canary-tools-logo.png\",\"contentUrl\":\"https:\/\/mantenimientosinformaticos.net\/canarytools\/wp-content\/uploads\/2023\/12\/canary-tools-logo.png\",\"width\":1302,\"height\":440,\"caption\":\"canarytools.xnetdigital\"},\"logo\":{\"@id\":\"https:\/\/mantenimientosinformaticos.net\/canarytools\/#\/schema\/person\/image\/\"},\"sameAs\":[\"https:\/\/mantenimientosinformaticos.net\/canarytools\"]}]}<\/script>\n<!-- \/ Yoast SEO plugin. -->","yoast_head_json":{"title":"REF.:8673. Conjunto de calado de distribucio\u0301n Citroen, Peugeot, Ford, Volvo 14 D,1.6 HDi, TDCI - Canarytools S.L.","robots":{"index":"index","follow":"follow","max-snippet":"max-snippet:-1","max-image-preview":"max-image-preview:large","max-video-preview":"max-video-preview:-1"},"canonical":"https:\/\/mantenimientosinformaticos.net\/canarytools\/producto\/conjunto-de-calado-de-distribucion-citroen-peugeot-ford-volvo-14-d16-hdi-tdci\/","og_locale":"es_ES","og_type":"article","og_title":"REF.:8673. Conjunto de calado de distribucio\u0301n Citroen, Peugeot, Ford, Volvo 14 D,1.6 HDi, TDCI - Canarytools S.L.","og_description":"para ajustar la sincronizaci\u00f3n del motor cuando se reemplaza el \u00e1rbol de levas, la junta de culata, etc. adecuado para los siguientes motores: Citroen 1.4HDi DV4TD (8HT\/8HW\/8HX\/8HZ), 1.4HDi DV4TED4 (8HV\/8HY), 1.6HDi DV6TED4 (9HY\/9HZ), 1.6HDi DV6ATED4 (9HW\/9HX), 1.6HDi DV6UTED4(9HU) Mazda 1.4CiTD F6JA, F6JB 1.6CiTD Y6 Peugeot 1.4HDi DV4TD (8HT\/8HW\/8HX\/8HZ), 1.4HDi DV4TED4 (8HV\/8HY), 1.6HDi DV6TED4 (9HY\/9HZ), 1.6HDi DV6ATED4 (9HW\/9HX), 1.6HDi DV6UTED4(9HU) Ford 1.4TDCi F6JA, F6JB, F6JC, F6JD 1.6TDCi G8DA, G8DB, HHDA 1.6TDCi HHDB, HHJA, HHJB, HHJD Volvo 1.6D D4164T","og_url":"https:\/\/mantenimientosinformaticos.net\/canarytools\/producto\/conjunto-de-calado-de-distribucion-citroen-peugeot-ford-volvo-14-d16-hdi-tdci\/","og_site_name":"Canarytools S.L.","og_image":[{"width":539,"height":475,"url":"https:\/\/mantenimientosinformaticos.net\/canarytools\/wp-content\/uploads\/2020\/05\/94-REF.8673.-Conjunto-de-calado-de-distribucion-Citroen-Peugeot-Ford-Volvo-14-D1.6-HDi-TDCI.jpg","type":"image\/jpeg"}],"twitter_card":"summary_large_image","schema":{"@context":"https:\/\/schema.org","@graph":[{"@type":"WebPage","@id":"https:\/\/mantenimientosinformaticos.net\/canarytools\/producto\/conjunto-de-calado-de-distribucion-citroen-peugeot-ford-volvo-14-d16-hdi-tdci\/","url":"https:\/\/mantenimientosinformaticos.net\/canarytools\/producto\/conjunto-de-calado-de-distribucion-citroen-peugeot-ford-volvo-14-d16-hdi-tdci\/","name":"REF.:8673. Conjunto de calado de distribucio\u0301n Citroen, Peugeot, Ford, Volvo 14 D,1.6 HDi, TDCI - Canarytools S.L.","isPartOf":{"@id":"https:\/\/mantenimientosinformaticos.net\/canarytools\/#website"},"primaryImageOfPage":{"@id":"https:\/\/mantenimientosinformaticos.net\/canarytools\/producto\/conjunto-de-calado-de-distribucion-citroen-peugeot-ford-volvo-14-d16-hdi-tdci\/#primaryimage"},"image":{"@id":"https:\/\/mantenimientosinformaticos.net\/canarytools\/producto\/conjunto-de-calado-de-distribucion-citroen-peugeot-ford-volvo-14-d16-hdi-tdci\/#primaryimage"},"thumbnailUrl":"https:\/\/mantenimientosinformaticos.net\/canarytools\/wp-content\/uploads\/2020\/05\/94-REF.8673.-Conjunto-de-calado-de-distribucion-Citroen-Peugeot-Ford-Volvo-14-D1.6-HDi-TDCI.jpg","datePublished":"2020-05-07T11:04:09+00:00","dateModified":"2020-05-07T11:04:09+00:00","breadcrumb":{"@id":"https:\/\/mantenimientosinformaticos.net\/canarytools\/producto\/conjunto-de-calado-de-distribucion-citroen-peugeot-ford-volvo-14-d16-hdi-tdci\/#breadcrumb"},"inLanguage":"es","potentialAction":[{"@type":"ReadAction","target":["https:\/\/mantenimientosinformaticos.net\/canarytools\/producto\/conjunto-de-calado-de-distribucion-citroen-peugeot-ford-volvo-14-d16-hdi-tdci\/"]}]},{"@type":"ImageObject","inLanguage":"es","@id":"https:\/\/mantenimientosinformaticos.net\/canarytools\/producto\/conjunto-de-calado-de-distribucion-citroen-peugeot-ford-volvo-14-d16-hdi-tdci\/#primaryimage","url":"https:\/\/mantenimientosinformaticos.net\/canarytools\/wp-content\/uploads\/2020\/05\/94-REF.8673.-Conjunto-de-calado-de-distribucion-Citroen-Peugeot-Ford-Volvo-14-D1.6-HDi-TDCI.jpg","contentUrl":"https:\/\/mantenimientosinformaticos.net\/canarytools\/wp-content\/uploads\/2020\/05\/94-REF.8673.-Conjunto-de-calado-de-distribucion-Citroen-Peugeot-Ford-Volvo-14-D1.6-HDi-TDCI.jpg","width":539,"height":475,"caption":"REF.:8673. Conjunto de calado de distribucio\u0301n Citroen, Peugeot, Ford, Volvo 14 D,1.6 HDi, TDCI"},{"@type":"BreadcrumbList","@id":"https:\/\/mantenimientosinformaticos.net\/canarytools\/producto\/conjunto-de-calado-de-distribucion-citroen-peugeot-ford-volvo-14-d16-hdi-tdci\/#breadcrumb","itemListElement":[{"@type":"ListItem","position":1,"name":"Portada","item":"https:\/\/mantenimientosinformaticos.net\/canarytools\/"},{"@type":"ListItem","position":2,"name":"Tienda","item":"https:\/\/mantenimientosinformaticos.net\/canarytools\/tienda\/"},{"@type":"ListItem","position":3,"name":"REF.:8673. Conjunto de calado de distribucio\u0301n Citroen, Peugeot, Ford, Volvo 14 D,1.6 HDi, TDCI"}]},{"@type":"WebSite","@id":"https:\/\/mantenimientosinformaticos.net\/canarytools\/#website","url":"https:\/\/mantenimientosinformaticos.net\/canarytools\/","name":"Canarytools S.L.","description":"Herramientas y M\u00e1quinas","publisher":{"@id":"https:\/\/mantenimientosinformaticos.net\/canarytools\/#\/schema\/person\/355e32754b03bb24b681f1b6917e49bf"},"potentialAction":[{"@type":"SearchAction","target":{"@type":"EntryPoint","urlTemplate":"https:\/\/mantenimientosinformaticos.net\/canarytools\/?s={search_term_string}"},"query-input":"required name=search_term_string"}],"inLanguage":"es"},{"@type":["Person","Organization"],"@id":"https:\/\/mantenimientosinformaticos.net\/canarytools\/#\/schema\/person\/355e32754b03bb24b681f1b6917e49bf","name":"canarytools.xnetdigital","image":{"@type":"ImageObject","inLanguage":"es","@id":"https:\/\/mantenimientosinformaticos.net\/canarytools\/#\/schema\/person\/image\/","url":"https:\/\/mantenimientosinformaticos.net\/canarytools\/wp-content\/uploads\/2023\/12\/canary-tools-logo.png","contentUrl":"https:\/\/mantenimientosinformaticos.net\/canarytools\/wp-content\/uploads\/2023\/12\/canary-tools-logo.png","width":1302,"height":440,"caption":"canarytools.xnetdigital"},"logo":{"@id":"https:\/\/mantenimientosinformaticos.net\/canarytools\/#\/schema\/person\/image\/"},"sameAs":["https:\/\/mantenimientosinformaticos.net\/canarytools"]}]}},"_links":{"self":[{"href":"https:\/\/mantenimientosinformaticos.net\/canarytools\/wp-json\/wp\/v2\/product\/3991","targetHints":{"allow":["GET"]}}],"collection":[{"href":"https:\/\/mantenimientosinformaticos.net\/canarytools\/wp-json\/wp\/v2\/product"}],"about":[{"href":"https:\/\/mantenimientosinformaticos.net\/canarytools\/wp-json\/wp\/v2\/types\/product"}],"replies":[{"embeddable":true,"href":"https:\/\/mantenimientosinformaticos.net\/canarytools\/wp-json\/wp\/v2\/comments?post=3991"}],"wp:featuredmedia":[{"embeddable":true,"href":"https:\/\/mantenimientosinformaticos.net\/canarytools\/wp-json\/wp\/v2\/media\/3990"}],"wp:attachment":[{"href":"https:\/\/mantenimientosinformaticos.net\/canarytools\/wp-json\/wp\/v2\/media?parent=3991"}],"wp:term":[{"taxonomy":"product_cat","embeddable":true,"href":"https:\/\/mantenimientosinformaticos.net\/canarytools\/wp-json\/wp\/v2\/product_cat?post=3991"},{"taxonomy":"product_tag","embeddable":true,"href":"https:\/\/mantenimientosinformaticos.net\/canarytools\/wp-json\/wp\/v2\/product_tag?post=3991"}],"curies":[{"name":"wp","href":"https:\/\/api.w.org\/{rel}","templated":true}]}}