{"id":3985,"date":"2020-05-07T11:53:20","date_gmt":"2020-05-07T09:53:20","guid":{"rendered":"https:\/\/mantenimientosinformaticos.net\/canarytools\/producto\/juego-de-herramientas-para-montaje-de-cadenas-de-distribucion-para-motor-mercedes-benz-651-10-piezas\/"},"modified":"2024-03-25T19:26:05","modified_gmt":"2024-03-25T18:26:05","slug":"juego-de-herramientas-para-montaje-de-cadenas-de-distribucion-para-motor-mercedes-benz-651-10-piezas","status":"publish","type":"product","link":"https:\/\/mantenimientosinformaticos.net\/canarytools\/producto\/juego-de-herramientas-para-montaje-de-cadenas-de-distribucion-para-motor-mercedes-benz-651-10-piezas\/","title":{"rendered":"REF.:FB2967.   Juego de herramientas para montaje de cadenas de distribuci\u00f3n para motor Mercedes-Benz 651, 10 piezas"},"content":{"rendered":"","protected":false},"excerpt":{"rendered":"<ul style=\"margin:0px 0px 20px;list-style:none;padding:0px;color:#58595b;font-family:'PT Sans', 'Helvetica Neue', Helvetica, Arial, sans-serif;font-size:14px;line-height:20px;background-color:#ffffff;\">\n<li>evita el desprendimiento de la cadena de distribuci\u00f3n y el giro de los pi\u00f1ones del \u00e1rbol de levas al cambiar la cadena de distribuci\u00f3n<\/li>\n<li>no es necesario desmontar los pi\u00f1ones del \u00e1rbol de levas<\/li>\n<li>permite un posicionamiento exacto<\/li>\n<\/ul>\n<p style=\"margin:0px 0px 10px;color:#58595b;font-family:'PT Sans', 'Helvetica Neue', Helvetica, Arial, sans-serif;font-size:14px;line-height:20px;background-color:#ffffff;\"><strong>adecuado para los siguientes modelos:<br \/><\/strong><\/p>\n<ul style=\"margin:0px 0px 20px;list-style:none;padding:0px;color:#58595b;font-family:'PT Sans', 'Helvetica Neue', Helvetica, Arial, sans-serif;font-size:14px;line-height:20px;background-color:#ffffff;\">\n<li>motor Mercedes-Benz de la serie OM 651<\/li>\n<\/ul>\n","protected":false},"featured_media":3984,"comment_status":"open","ping_status":"closed","template":"","meta":[],"product_cat":[501,580,491],"product_tag":[],"class_list":{"0":"post-3985","1":"product","2":"type-product","3":"status-publish","4":"has-post-thumbnail","6":"product_cat-calado-de-distribucion","7":"product_cat-mercedes","8":"product_cat-herramientas-especiales-para-automoviles","9":"yith_product_brand-hinode","11":"first","12":"instock","13":"shipping-taxable","14":"purchasable","15":"product-type-simple"},"yoast_head":"<!-- This site is optimized with the Yoast SEO plugin v22.7 - https:\/\/yoast.com\/wordpress\/plugins\/seo\/ -->\n<title>REF.:FB2967.  Juego de herramientas para montaje de cadenas de distribuci\u00f3n para motor Mercedes-Benz 651, 10 piezas - Canarytools S.L.<\/title>\n<meta name=\"robots\" content=\"index, follow, max-snippet:-1, max-image-preview:large, max-video-preview:-1\" \/>\n<link rel=\"canonical\" href=\"https:\/\/mantenimientosinformaticos.net\/canarytools\/producto\/juego-de-herramientas-para-montaje-de-cadenas-de-distribucion-para-motor-mercedes-benz-651-10-piezas\/\" \/>\n<meta property=\"og:locale\" content=\"es_ES\" \/>\n<meta property=\"og:type\" content=\"article\" \/>\n<meta property=\"og:title\" content=\"REF.:FB2967.  Juego de herramientas para montaje de cadenas de distribuci\u00f3n para motor Mercedes-Benz 651, 10 piezas - Canarytools S.L.\" \/>\n<meta property=\"og:description\" content=\"evita el desprendimiento de la cadena de distribuci\u00f3n y el giro de los pi\u00f1ones del \u00e1rbol de levas al cambiar la cadena de distribuci\u00f3n no es necesario desmontar los pi\u00f1ones del \u00e1rbol de levas permite un posicionamiento exacto adecuado para los siguientes modelos: motor Mercedes-Benz de la serie OM 651\" \/>\n<meta property=\"og:url\" content=\"https:\/\/mantenimientosinformaticos.net\/canarytools\/producto\/juego-de-herramientas-para-montaje-de-cadenas-de-distribucion-para-motor-mercedes-benz-651-10-piezas\/\" \/>\n<meta property=\"og:site_name\" content=\"Canarytools S.L.\" \/>\n<meta property=\"article:modified_time\" content=\"2024-03-25T18:26:05+00:00\" \/>\n<meta property=\"og:image\" content=\"https:\/\/mantenimientosinformaticos.net\/canarytools\/wp-content\/uploads\/2020\/05\/91-REF.FB2967.-Juego-de-herramientas-para-montaje-de-cadenas-de-distribucion-para-motor-Mercedes-Benz-651-10-piezas.jpg\" \/>\n\t<meta property=\"og:image:width\" content=\"458\" \/>\n\t<meta property=\"og:image:height\" content=\"378\" \/>\n\t<meta property=\"og:image:type\" content=\"image\/jpeg\" \/>\n<meta name=\"twitter:card\" content=\"summary_large_image\" \/>\n<script type=\"application\/ld+json\" class=\"yoast-schema-graph\">{\"@context\":\"https:\/\/schema.org\",\"@graph\":[{\"@type\":\"WebPage\",\"@id\":\"https:\/\/mantenimientosinformaticos.net\/canarytools\/producto\/juego-de-herramientas-para-montaje-de-cadenas-de-distribucion-para-motor-mercedes-benz-651-10-piezas\/\",\"url\":\"https:\/\/mantenimientosinformaticos.net\/canarytools\/producto\/juego-de-herramientas-para-montaje-de-cadenas-de-distribucion-para-motor-mercedes-benz-651-10-piezas\/\",\"name\":\"REF.:FB2967. Juego de herramientas para montaje de cadenas de distribuci\u00f3n para motor Mercedes-Benz 651, 10 piezas - Canarytools S.L.\",\"isPartOf\":{\"@id\":\"https:\/\/mantenimientosinformaticos.net\/canarytools\/#website\"},\"primaryImageOfPage\":{\"@id\":\"https:\/\/mantenimientosinformaticos.net\/canarytools\/producto\/juego-de-herramientas-para-montaje-de-cadenas-de-distribucion-para-motor-mercedes-benz-651-10-piezas\/#primaryimage\"},\"image\":{\"@id\":\"https:\/\/mantenimientosinformaticos.net\/canarytools\/producto\/juego-de-herramientas-para-montaje-de-cadenas-de-distribucion-para-motor-mercedes-benz-651-10-piezas\/#primaryimage\"},\"thumbnailUrl\":\"https:\/\/mantenimientosinformaticos.net\/canarytools\/wp-content\/uploads\/2020\/05\/91-REF.FB2967.-Juego-de-herramientas-para-montaje-de-cadenas-de-distribucion-para-motor-Mercedes-Benz-651-10-piezas.jpg\",\"datePublished\":\"2020-05-07T09:53:20+00:00\",\"dateModified\":\"2024-03-25T18:26:05+00:00\",\"breadcrumb\":{\"@id\":\"https:\/\/mantenimientosinformaticos.net\/canarytools\/producto\/juego-de-herramientas-para-montaje-de-cadenas-de-distribucion-para-motor-mercedes-benz-651-10-piezas\/#breadcrumb\"},\"inLanguage\":\"es\",\"potentialAction\":[{\"@type\":\"ReadAction\",\"target\":[\"https:\/\/mantenimientosinformaticos.net\/canarytools\/producto\/juego-de-herramientas-para-montaje-de-cadenas-de-distribucion-para-motor-mercedes-benz-651-10-piezas\/\"]}]},{\"@type\":\"ImageObject\",\"inLanguage\":\"es\",\"@id\":\"https:\/\/mantenimientosinformaticos.net\/canarytools\/producto\/juego-de-herramientas-para-montaje-de-cadenas-de-distribucion-para-motor-mercedes-benz-651-10-piezas\/#primaryimage\",\"url\":\"https:\/\/mantenimientosinformaticos.net\/canarytools\/wp-content\/uploads\/2020\/05\/91-REF.FB2967.-Juego-de-herramientas-para-montaje-de-cadenas-de-distribucion-para-motor-Mercedes-Benz-651-10-piezas.jpg\",\"contentUrl\":\"https:\/\/mantenimientosinformaticos.net\/canarytools\/wp-content\/uploads\/2020\/05\/91-REF.FB2967.-Juego-de-herramientas-para-montaje-de-cadenas-de-distribucion-para-motor-Mercedes-Benz-651-10-piezas.jpg\",\"width\":458,\"height\":378,\"caption\":\"REF.:FB2967. Juego de herramientas para montaje de cadenas de distribuci\u00f3n para motor Mercedes-Benz 651, 10 piezas\"},{\"@type\":\"BreadcrumbList\",\"@id\":\"https:\/\/mantenimientosinformaticos.net\/canarytools\/producto\/juego-de-herramientas-para-montaje-de-cadenas-de-distribucion-para-motor-mercedes-benz-651-10-piezas\/#breadcrumb\",\"itemListElement\":[{\"@type\":\"ListItem\",\"position\":1,\"name\":\"Portada\",\"item\":\"https:\/\/mantenimientosinformaticos.net\/canarytools\/\"},{\"@type\":\"ListItem\",\"position\":2,\"name\":\"Tienda\",\"item\":\"https:\/\/mantenimientosinformaticos.net\/canarytools\/tienda\/\"},{\"@type\":\"ListItem\",\"position\":3,\"name\":\"REF.:FB2967. Juego de herramientas para montaje de cadenas de distribuci\u00f3n para motor Mercedes-Benz 651, 10 piezas\"}]},{\"@type\":\"WebSite\",\"@id\":\"https:\/\/mantenimientosinformaticos.net\/canarytools\/#website\",\"url\":\"https:\/\/mantenimientosinformaticos.net\/canarytools\/\",\"name\":\"Canarytools S.L.\",\"description\":\"Herramientas y M\u00e1quinas\",\"publisher\":{\"@id\":\"https:\/\/mantenimientosinformaticos.net\/canarytools\/#\/schema\/person\/355e32754b03bb24b681f1b6917e49bf\"},\"potentialAction\":[{\"@type\":\"SearchAction\",\"target\":{\"@type\":\"EntryPoint\",\"urlTemplate\":\"https:\/\/mantenimientosinformaticos.net\/canarytools\/?s={search_term_string}\"},\"query-input\":\"required name=search_term_string\"}],\"inLanguage\":\"es\"},{\"@type\":[\"Person\",\"Organization\"],\"@id\":\"https:\/\/mantenimientosinformaticos.net\/canarytools\/#\/schema\/person\/355e32754b03bb24b681f1b6917e49bf\",\"name\":\"canarytools.xnetdigital\",\"image\":{\"@type\":\"ImageObject\",\"inLanguage\":\"es\",\"@id\":\"https:\/\/mantenimientosinformaticos.net\/canarytools\/#\/schema\/person\/image\/\",\"url\":\"https:\/\/mantenimientosinformaticos.net\/canarytools\/wp-content\/uploads\/2023\/12\/canary-tools-logo.png\",\"contentUrl\":\"https:\/\/mantenimientosinformaticos.net\/canarytools\/wp-content\/uploads\/2023\/12\/canary-tools-logo.png\",\"width\":1302,\"height\":440,\"caption\":\"canarytools.xnetdigital\"},\"logo\":{\"@id\":\"https:\/\/mantenimientosinformaticos.net\/canarytools\/#\/schema\/person\/image\/\"},\"sameAs\":[\"https:\/\/mantenimientosinformaticos.net\/canarytools\"]}]}<\/script>\n<!-- \/ Yoast SEO plugin. -->","yoast_head_json":{"title":"REF.:FB2967.  Juego de herramientas para montaje de cadenas de distribuci\u00f3n para motor Mercedes-Benz 651, 10 piezas - Canarytools S.L.","robots":{"index":"index","follow":"follow","max-snippet":"max-snippet:-1","max-image-preview":"max-image-preview:large","max-video-preview":"max-video-preview:-1"},"canonical":"https:\/\/mantenimientosinformaticos.net\/canarytools\/producto\/juego-de-herramientas-para-montaje-de-cadenas-de-distribucion-para-motor-mercedes-benz-651-10-piezas\/","og_locale":"es_ES","og_type":"article","og_title":"REF.:FB2967.  Juego de herramientas para montaje de cadenas de distribuci\u00f3n para motor Mercedes-Benz 651, 10 piezas - Canarytools S.L.","og_description":"evita el desprendimiento de la cadena de distribuci\u00f3n y el giro de los pi\u00f1ones del \u00e1rbol de levas al cambiar la cadena de distribuci\u00f3n no es necesario desmontar los pi\u00f1ones del \u00e1rbol de levas permite un posicionamiento exacto adecuado para los siguientes modelos: motor Mercedes-Benz de la serie OM 651","og_url":"https:\/\/mantenimientosinformaticos.net\/canarytools\/producto\/juego-de-herramientas-para-montaje-de-cadenas-de-distribucion-para-motor-mercedes-benz-651-10-piezas\/","og_site_name":"Canarytools S.L.","article_modified_time":"2024-03-25T18:26:05+00:00","og_image":[{"width":458,"height":378,"url":"https:\/\/mantenimientosinformaticos.net\/canarytools\/wp-content\/uploads\/2020\/05\/91-REF.FB2967.-Juego-de-herramientas-para-montaje-de-cadenas-de-distribucion-para-motor-Mercedes-Benz-651-10-piezas.jpg","type":"image\/jpeg"}],"twitter_card":"summary_large_image","schema":{"@context":"https:\/\/schema.org","@graph":[{"@type":"WebPage","@id":"https:\/\/mantenimientosinformaticos.net\/canarytools\/producto\/juego-de-herramientas-para-montaje-de-cadenas-de-distribucion-para-motor-mercedes-benz-651-10-piezas\/","url":"https:\/\/mantenimientosinformaticos.net\/canarytools\/producto\/juego-de-herramientas-para-montaje-de-cadenas-de-distribucion-para-motor-mercedes-benz-651-10-piezas\/","name":"REF.:FB2967. Juego de herramientas para montaje de cadenas de distribuci\u00f3n para motor Mercedes-Benz 651, 10 piezas - Canarytools S.L.","isPartOf":{"@id":"https:\/\/mantenimientosinformaticos.net\/canarytools\/#website"},"primaryImageOfPage":{"@id":"https:\/\/mantenimientosinformaticos.net\/canarytools\/producto\/juego-de-herramientas-para-montaje-de-cadenas-de-distribucion-para-motor-mercedes-benz-651-10-piezas\/#primaryimage"},"image":{"@id":"https:\/\/mantenimientosinformaticos.net\/canarytools\/producto\/juego-de-herramientas-para-montaje-de-cadenas-de-distribucion-para-motor-mercedes-benz-651-10-piezas\/#primaryimage"},"thumbnailUrl":"https:\/\/mantenimientosinformaticos.net\/canarytools\/wp-content\/uploads\/2020\/05\/91-REF.FB2967.-Juego-de-herramientas-para-montaje-de-cadenas-de-distribucion-para-motor-Mercedes-Benz-651-10-piezas.jpg","datePublished":"2020-05-07T09:53:20+00:00","dateModified":"2024-03-25T18:26:05+00:00","breadcrumb":{"@id":"https:\/\/mantenimientosinformaticos.net\/canarytools\/producto\/juego-de-herramientas-para-montaje-de-cadenas-de-distribucion-para-motor-mercedes-benz-651-10-piezas\/#breadcrumb"},"inLanguage":"es","potentialAction":[{"@type":"ReadAction","target":["https:\/\/mantenimientosinformaticos.net\/canarytools\/producto\/juego-de-herramientas-para-montaje-de-cadenas-de-distribucion-para-motor-mercedes-benz-651-10-piezas\/"]}]},{"@type":"ImageObject","inLanguage":"es","@id":"https:\/\/mantenimientosinformaticos.net\/canarytools\/producto\/juego-de-herramientas-para-montaje-de-cadenas-de-distribucion-para-motor-mercedes-benz-651-10-piezas\/#primaryimage","url":"https:\/\/mantenimientosinformaticos.net\/canarytools\/wp-content\/uploads\/2020\/05\/91-REF.FB2967.-Juego-de-herramientas-para-montaje-de-cadenas-de-distribucion-para-motor-Mercedes-Benz-651-10-piezas.jpg","contentUrl":"https:\/\/mantenimientosinformaticos.net\/canarytools\/wp-content\/uploads\/2020\/05\/91-REF.FB2967.-Juego-de-herramientas-para-montaje-de-cadenas-de-distribucion-para-motor-Mercedes-Benz-651-10-piezas.jpg","width":458,"height":378,"caption":"REF.:FB2967. Juego de herramientas para montaje de cadenas de distribuci\u00f3n para motor Mercedes-Benz 651, 10 piezas"},{"@type":"BreadcrumbList","@id":"https:\/\/mantenimientosinformaticos.net\/canarytools\/producto\/juego-de-herramientas-para-montaje-de-cadenas-de-distribucion-para-motor-mercedes-benz-651-10-piezas\/#breadcrumb","itemListElement":[{"@type":"ListItem","position":1,"name":"Portada","item":"https:\/\/mantenimientosinformaticos.net\/canarytools\/"},{"@type":"ListItem","position":2,"name":"Tienda","item":"https:\/\/mantenimientosinformaticos.net\/canarytools\/tienda\/"},{"@type":"ListItem","position":3,"name":"REF.:FB2967. Juego de herramientas para montaje de cadenas de distribuci\u00f3n para motor Mercedes-Benz 651, 10 piezas"}]},{"@type":"WebSite","@id":"https:\/\/mantenimientosinformaticos.net\/canarytools\/#website","url":"https:\/\/mantenimientosinformaticos.net\/canarytools\/","name":"Canarytools S.L.","description":"Herramientas y M\u00e1quinas","publisher":{"@id":"https:\/\/mantenimientosinformaticos.net\/canarytools\/#\/schema\/person\/355e32754b03bb24b681f1b6917e49bf"},"potentialAction":[{"@type":"SearchAction","target":{"@type":"EntryPoint","urlTemplate":"https:\/\/mantenimientosinformaticos.net\/canarytools\/?s={search_term_string}"},"query-input":"required name=search_term_string"}],"inLanguage":"es"},{"@type":["Person","Organization"],"@id":"https:\/\/mantenimientosinformaticos.net\/canarytools\/#\/schema\/person\/355e32754b03bb24b681f1b6917e49bf","name":"canarytools.xnetdigital","image":{"@type":"ImageObject","inLanguage":"es","@id":"https:\/\/mantenimientosinformaticos.net\/canarytools\/#\/schema\/person\/image\/","url":"https:\/\/mantenimientosinformaticos.net\/canarytools\/wp-content\/uploads\/2023\/12\/canary-tools-logo.png","contentUrl":"https:\/\/mantenimientosinformaticos.net\/canarytools\/wp-content\/uploads\/2023\/12\/canary-tools-logo.png","width":1302,"height":440,"caption":"canarytools.xnetdigital"},"logo":{"@id":"https:\/\/mantenimientosinformaticos.net\/canarytools\/#\/schema\/person\/image\/"},"sameAs":["https:\/\/mantenimientosinformaticos.net\/canarytools"]}]}},"_links":{"self":[{"href":"https:\/\/mantenimientosinformaticos.net\/canarytools\/wp-json\/wp\/v2\/product\/3985","targetHints":{"allow":["GET"]}}],"collection":[{"href":"https:\/\/mantenimientosinformaticos.net\/canarytools\/wp-json\/wp\/v2\/product"}],"about":[{"href":"https:\/\/mantenimientosinformaticos.net\/canarytools\/wp-json\/wp\/v2\/types\/product"}],"replies":[{"embeddable":true,"href":"https:\/\/mantenimientosinformaticos.net\/canarytools\/wp-json\/wp\/v2\/comments?post=3985"}],"wp:featuredmedia":[{"embeddable":true,"href":"https:\/\/mantenimientosinformaticos.net\/canarytools\/wp-json\/wp\/v2\/media\/3984"}],"wp:attachment":[{"href":"https:\/\/mantenimientosinformaticos.net\/canarytools\/wp-json\/wp\/v2\/media?parent=3985"}],"wp:term":[{"taxonomy":"product_cat","embeddable":true,"href":"https:\/\/mantenimientosinformaticos.net\/canarytools\/wp-json\/wp\/v2\/product_cat?post=3985"},{"taxonomy":"product_tag","embeddable":true,"href":"https:\/\/mantenimientosinformaticos.net\/canarytools\/wp-json\/wp\/v2\/product_tag?post=3985"}],"curies":[{"name":"wp","href":"https:\/\/api.w.org\/{rel}","templated":true}]}}