{"id":3963,"date":"2020-05-07T11:07:10","date_gmt":"2020-05-07T09:07:10","guid":{"rendered":"https:\/\/mantenimientosinformaticos.net\/canarytools\/producto\/conjunto-de-calado-de-distribucion-renault-nissan-vauxhallopel-15d-19d-22d-25d-dcididticdti\/"},"modified":"2024-03-25T19:09:18","modified_gmt":"2024-03-25T18:09:18","slug":"conjunto-de-calado-de-distribucion-renault-nissan-vauxhallopel-15d-19d-22d-25d-dcididticdti","status":"publish","type":"product","link":"https:\/\/mantenimientosinformaticos.net\/canarytools\/producto\/conjunto-de-calado-de-distribucion-renault-nissan-vauxhallopel-15d-19d-22d-25d-dcididticdti\/","title":{"rendered":"REF.:62505.   Conjunto de calado de distribucio\u0301n Renault, Nissan, Vauxhall\/Opel 1.5D, 1.9D, 2.2D, 2.5D dCi\/Di\/DtiCDTi"},"content":{"rendered":"<p style=\"margin:0px 0px 10px;color:#58595b;font-family:'PT Sans', 'Helvetica Neue', Helvetica, Arial, sans-serif;font-size:14px;line-height:20px;background-color:#ffffff;\"><strong>Contenido de suministro:<\/strong><\/p>\n<ul style=\"margin:0px 0px 20px;list-style:none;padding:0px;color:#58595b;font-family:'PT Sans', 'Helvetica Neue', Helvetica, Arial, sans-serif;font-size:14px;line-height:20px;background-color:#ffffff;\">\n<li>bloqueo del \u00e1rbol de levas de admisi\u00f3n, para ser utilizado como OEM KM6205 (MOT1534)<\/li>\n<li>bloqueo del \u00e1rbol de levas de escape, para ser utilizado como OEM KM6204 (MOT1537)<\/li>\n<li>bloqueo de la bomba de inyecci\u00f3n, para ser utilizado como OEM MOT1538<\/li>\n<li>juego de herramientas de sujeci\u00f3n (5 piezas), para ser utilizado como OEM MOT1543<\/li>\n<li>pasador de bloqueo, para ser utilizado como OEM MOT1430<\/li>\n<li>pasador de bloqueo del cig\u00fce\u00f1al, para ser utilizado como OEM MOT1536<\/li>\n<\/ul>\n","protected":false},"excerpt":{"rendered":"<ul style=\"margin:0px 0px 20px;list-style:none;padding:0px;color:#58595b;font-family:'PT Sans', 'Helvetica Neue', Helvetica, Arial, sans-serif;font-size:14px;line-height:20px;background-color:#ffffff;\">\n<li>Para el posicionamiento y bloqueo de cig\u00fce\u00f1al y \u00e1rbol de levas durante la reparaci\u00f3n de la correa de distribuci\u00f3n y el motor<\/li>\n<\/ul>\n<p style=\"margin:0px 0px 10px;color:#58595b;font-family:'PT Sans', 'Helvetica Neue', Helvetica, Arial, sans-serif;font-size:14px;line-height:20px;background-color:#ffffff;\"><strong>adecuado para los siguientes modelos:<\/strong><\/p>\n<ul style=\"margin:0px 0px 20px;list-style:none;padding:0px;color:#58595b;font-family:'PT Sans', 'Helvetica Neue', Helvetica, Arial, sans-serif;font-size:14px;line-height:20px;background-color:#ffffff;\">\n<li>Renault Avantime ( 2005 &#8211; 2007) &#8211; Clio (2001 &#8211; 2008) &#8211; Espace (2000 &#8211; 2008) &#8211; Kangoo (2000 &#8211; 2008) &#8211; Laguna (1999 &#8211; 2001) &#8211; Laguna II (2004 &#8211; 2007) &#8211; Master (2000 &#8211; 2006) &#8211; Megane (1999 &#8211; 2008) &#8211; Modus (2004 &#8211; 2008) &#8211; Scenic (1999 &#8211; 2008) &#8211; Traffic (2001 &#8211; 2008) &#8211; Twingo (2007 &#8211; 2008)<\/li>\n<li>Nissan Almera N16 (2002 &#8211; 2006) &#8211; Interstar (2002 &#8211; 2006) &#8211; Kubistar (2003 &#8211; 2008) &#8211; Micra K12 (2003 &#8211; 2008) &#8211; Note (2006 &#8211; 2008) &#8211; Primastar (2002 &#8211; 2007) &#8211; Primera P12 (2003 &#8211; 2007) &#8211; Qashqai (2008 &#8211; 2009)<\/li>\n<li>Opel Movano (2000 &#8211; 2008) &#8211; Vivaro (2001 &#8211; 2008)<\/li>\n<li>c\u00f3digos de motor 1.5 (K9K), 1.9 (F9Q), 2.2 (G9T), 2.5 (G9U)<\/li>\n<\/ul>\n","protected":false},"featured_media":3962,"comment_status":"open","ping_status":"closed","template":"","meta":[],"product_cat":[501,576,579,491],"product_tag":[],"class_list":{"0":"post-3963","1":"product","2":"type-product","3":"status-publish","4":"has-post-thumbnail","6":"product_cat-calado-de-distribucion","7":"product_cat-opel","8":"product_cat-renault","9":"product_cat-herramientas-especiales-para-automoviles","10":"yith_product_brand-bgs","12":"first","13":"instock","14":"shipping-taxable","15":"purchasable","16":"product-type-simple"},"yoast_head":"<!-- This site is optimized with the Yoast SEO plugin v22.7 - https:\/\/yoast.com\/wordpress\/plugins\/seo\/ -->\n<title>REF.:62505.  Conjunto de calado de distribucio\u0301n Renault, Nissan, Vauxhall\/Opel 1.5D, 1.9D, 2.2D, 2.5D dCi\/Di\/DtiCDTi - Canarytools S.L.<\/title>\n<meta name=\"robots\" content=\"index, follow, max-snippet:-1, max-image-preview:large, max-video-preview:-1\" \/>\n<link rel=\"canonical\" href=\"https:\/\/mantenimientosinformaticos.net\/canarytools\/producto\/conjunto-de-calado-de-distribucion-renault-nissan-vauxhallopel-15d-19d-22d-25d-dcididticdti\/\" \/>\n<meta property=\"og:locale\" content=\"es_ES\" \/>\n<meta property=\"og:type\" content=\"article\" \/>\n<meta property=\"og:title\" content=\"REF.:62505.  Conjunto de calado de distribucio\u0301n Renault, Nissan, Vauxhall\/Opel 1.5D, 1.9D, 2.2D, 2.5D dCi\/Di\/DtiCDTi - Canarytools S.L.\" \/>\n<meta property=\"og:description\" content=\"Para el posicionamiento y bloqueo de cig\u00fce\u00f1al y \u00e1rbol de levas durante la reparaci\u00f3n de la correa de distribuci\u00f3n y el motor adecuado para los siguientes modelos: Renault Avantime ( 2005 - 2007) - Clio (2001 - 2008) - Espace (2000 - 2008) - Kangoo (2000 - 2008) - Laguna (1999 - 2001) - Laguna II (2004 - 2007) - Master (2000 - 2006) - Megane (1999 - 2008) - Modus (2004 - 2008) - Scenic (1999 - 2008) - Traffic (2001 - 2008) - Twingo (2007 - 2008) Nissan Almera N16 (2002 - 2006) - Interstar (2002 - 2006) - Kubistar (2003 - 2008) - Micra K12 (2003 - 2008) - Note (2006 - 2008) - Primastar (2002 - 2007) - Primera P12 (2003 - 2007) - Qashqai (2008 - 2009) Opel Movano (2000 - 2008) - Vivaro (2001 - 2008) c\u00f3digos de motor 1.5 (K9K), 1.9 (F9Q), 2.2 (G9T), 2.5 (G9U)\" \/>\n<meta property=\"og:url\" content=\"https:\/\/mantenimientosinformaticos.net\/canarytools\/producto\/conjunto-de-calado-de-distribucion-renault-nissan-vauxhallopel-15d-19d-22d-25d-dcididticdti\/\" \/>\n<meta property=\"og:site_name\" content=\"Canarytools S.L.\" \/>\n<meta property=\"article:modified_time\" content=\"2024-03-25T18:09:18+00:00\" \/>\n<meta property=\"og:image\" content=\"https:\/\/mantenimientosinformaticos.net\/canarytools\/wp-content\/uploads\/2020\/05\/78-REF.62505.-Conjunto-de-calado-de-distribucion-Renault-Nissan-VauxhallOpel-1.5D-1.9D-2.2D-2.5D-dCiDiDtiCDTi.jpg\" \/>\n\t<meta property=\"og:image:width\" content=\"614\" \/>\n\t<meta property=\"og:image:height\" content=\"475\" \/>\n\t<meta property=\"og:image:type\" content=\"image\/jpeg\" \/>\n<meta name=\"twitter:card\" content=\"summary_large_image\" \/>\n<script type=\"application\/ld+json\" class=\"yoast-schema-graph\">{\"@context\":\"https:\/\/schema.org\",\"@graph\":[{\"@type\":\"WebPage\",\"@id\":\"https:\/\/mantenimientosinformaticos.net\/canarytools\/producto\/conjunto-de-calado-de-distribucion-renault-nissan-vauxhallopel-15d-19d-22d-25d-dcididticdti\/\",\"url\":\"https:\/\/mantenimientosinformaticos.net\/canarytools\/producto\/conjunto-de-calado-de-distribucion-renault-nissan-vauxhallopel-15d-19d-22d-25d-dcididticdti\/\",\"name\":\"REF.:62505. Conjunto de calado de distribucio\u0301n Renault, Nissan, Vauxhall\/Opel 1.5D, 1.9D, 2.2D, 2.5D dCi\/Di\/DtiCDTi - Canarytools S.L.\",\"isPartOf\":{\"@id\":\"https:\/\/mantenimientosinformaticos.net\/canarytools\/#website\"},\"primaryImageOfPage\":{\"@id\":\"https:\/\/mantenimientosinformaticos.net\/canarytools\/producto\/conjunto-de-calado-de-distribucion-renault-nissan-vauxhallopel-15d-19d-22d-25d-dcididticdti\/#primaryimage\"},\"image\":{\"@id\":\"https:\/\/mantenimientosinformaticos.net\/canarytools\/producto\/conjunto-de-calado-de-distribucion-renault-nissan-vauxhallopel-15d-19d-22d-25d-dcididticdti\/#primaryimage\"},\"thumbnailUrl\":\"https:\/\/mantenimientosinformaticos.net\/canarytools\/wp-content\/uploads\/2020\/05\/78-REF.62505.-Conjunto-de-calado-de-distribucion-Renault-Nissan-VauxhallOpel-1.5D-1.9D-2.2D-2.5D-dCiDiDtiCDTi.jpg\",\"datePublished\":\"2020-05-07T09:07:10+00:00\",\"dateModified\":\"2024-03-25T18:09:18+00:00\",\"breadcrumb\":{\"@id\":\"https:\/\/mantenimientosinformaticos.net\/canarytools\/producto\/conjunto-de-calado-de-distribucion-renault-nissan-vauxhallopel-15d-19d-22d-25d-dcididticdti\/#breadcrumb\"},\"inLanguage\":\"es\",\"potentialAction\":[{\"@type\":\"ReadAction\",\"target\":[\"https:\/\/mantenimientosinformaticos.net\/canarytools\/producto\/conjunto-de-calado-de-distribucion-renault-nissan-vauxhallopel-15d-19d-22d-25d-dcididticdti\/\"]}]},{\"@type\":\"ImageObject\",\"inLanguage\":\"es\",\"@id\":\"https:\/\/mantenimientosinformaticos.net\/canarytools\/producto\/conjunto-de-calado-de-distribucion-renault-nissan-vauxhallopel-15d-19d-22d-25d-dcididticdti\/#primaryimage\",\"url\":\"https:\/\/mantenimientosinformaticos.net\/canarytools\/wp-content\/uploads\/2020\/05\/78-REF.62505.-Conjunto-de-calado-de-distribucion-Renault-Nissan-VauxhallOpel-1.5D-1.9D-2.2D-2.5D-dCiDiDtiCDTi.jpg\",\"contentUrl\":\"https:\/\/mantenimientosinformaticos.net\/canarytools\/wp-content\/uploads\/2020\/05\/78-REF.62505.-Conjunto-de-calado-de-distribucion-Renault-Nissan-VauxhallOpel-1.5D-1.9D-2.2D-2.5D-dCiDiDtiCDTi.jpg\",\"width\":614,\"height\":475,\"caption\":\"REF.:62505. Conjunto de calado de distribucio\u0301n Renault, Nissan, Vauxhall\/Opel 1.5D, 1.9D, 2.2D, 2.5D dCi\/Di\/DtiCDTi\"},{\"@type\":\"BreadcrumbList\",\"@id\":\"https:\/\/mantenimientosinformaticos.net\/canarytools\/producto\/conjunto-de-calado-de-distribucion-renault-nissan-vauxhallopel-15d-19d-22d-25d-dcididticdti\/#breadcrumb\",\"itemListElement\":[{\"@type\":\"ListItem\",\"position\":1,\"name\":\"Portada\",\"item\":\"https:\/\/mantenimientosinformaticos.net\/canarytools\/\"},{\"@type\":\"ListItem\",\"position\":2,\"name\":\"Tienda\",\"item\":\"https:\/\/mantenimientosinformaticos.net\/canarytools\/tienda\/\"},{\"@type\":\"ListItem\",\"position\":3,\"name\":\"REF.:62505. Conjunto de calado de distribucio\u0301n Renault, Nissan, Vauxhall\/Opel 1.5D, 1.9D, 2.2D, 2.5D dCi\/Di\/DtiCDTi\"}]},{\"@type\":\"WebSite\",\"@id\":\"https:\/\/mantenimientosinformaticos.net\/canarytools\/#website\",\"url\":\"https:\/\/mantenimientosinformaticos.net\/canarytools\/\",\"name\":\"Canarytools S.L.\",\"description\":\"Herramientas y M\u00e1quinas\",\"publisher\":{\"@id\":\"https:\/\/mantenimientosinformaticos.net\/canarytools\/#\/schema\/person\/355e32754b03bb24b681f1b6917e49bf\"},\"potentialAction\":[{\"@type\":\"SearchAction\",\"target\":{\"@type\":\"EntryPoint\",\"urlTemplate\":\"https:\/\/mantenimientosinformaticos.net\/canarytools\/?s={search_term_string}\"},\"query-input\":\"required name=search_term_string\"}],\"inLanguage\":\"es\"},{\"@type\":[\"Person\",\"Organization\"],\"@id\":\"https:\/\/mantenimientosinformaticos.net\/canarytools\/#\/schema\/person\/355e32754b03bb24b681f1b6917e49bf\",\"name\":\"canarytools.xnetdigital\",\"image\":{\"@type\":\"ImageObject\",\"inLanguage\":\"es\",\"@id\":\"https:\/\/mantenimientosinformaticos.net\/canarytools\/#\/schema\/person\/image\/\",\"url\":\"https:\/\/mantenimientosinformaticos.net\/canarytools\/wp-content\/uploads\/2023\/12\/canary-tools-logo.png\",\"contentUrl\":\"https:\/\/mantenimientosinformaticos.net\/canarytools\/wp-content\/uploads\/2023\/12\/canary-tools-logo.png\",\"width\":1302,\"height\":440,\"caption\":\"canarytools.xnetdigital\"},\"logo\":{\"@id\":\"https:\/\/mantenimientosinformaticos.net\/canarytools\/#\/schema\/person\/image\/\"},\"sameAs\":[\"https:\/\/mantenimientosinformaticos.net\/canarytools\"]}]}<\/script>\n<!-- \/ Yoast SEO plugin. -->","yoast_head_json":{"title":"REF.:62505.  Conjunto de calado de distribucio\u0301n Renault, Nissan, Vauxhall\/Opel 1.5D, 1.9D, 2.2D, 2.5D dCi\/Di\/DtiCDTi - Canarytools S.L.","robots":{"index":"index","follow":"follow","max-snippet":"max-snippet:-1","max-image-preview":"max-image-preview:large","max-video-preview":"max-video-preview:-1"},"canonical":"https:\/\/mantenimientosinformaticos.net\/canarytools\/producto\/conjunto-de-calado-de-distribucion-renault-nissan-vauxhallopel-15d-19d-22d-25d-dcididticdti\/","og_locale":"es_ES","og_type":"article","og_title":"REF.:62505.  Conjunto de calado de distribucio\u0301n Renault, Nissan, Vauxhall\/Opel 1.5D, 1.9D, 2.2D, 2.5D dCi\/Di\/DtiCDTi - Canarytools S.L.","og_description":"Para el posicionamiento y bloqueo de cig\u00fce\u00f1al y \u00e1rbol de levas durante la reparaci\u00f3n de la correa de distribuci\u00f3n y el motor adecuado para los siguientes modelos: Renault Avantime ( 2005 - 2007) - Clio (2001 - 2008) - Espace (2000 - 2008) - Kangoo (2000 - 2008) - Laguna (1999 - 2001) - Laguna II (2004 - 2007) - Master (2000 - 2006) - Megane (1999 - 2008) - Modus (2004 - 2008) - Scenic (1999 - 2008) - Traffic (2001 - 2008) - Twingo (2007 - 2008) Nissan Almera N16 (2002 - 2006) - Interstar (2002 - 2006) - Kubistar (2003 - 2008) - Micra K12 (2003 - 2008) - Note (2006 - 2008) - Primastar (2002 - 2007) - Primera P12 (2003 - 2007) - Qashqai (2008 - 2009) Opel Movano (2000 - 2008) - Vivaro (2001 - 2008) c\u00f3digos de motor 1.5 (K9K), 1.9 (F9Q), 2.2 (G9T), 2.5 (G9U)","og_url":"https:\/\/mantenimientosinformaticos.net\/canarytools\/producto\/conjunto-de-calado-de-distribucion-renault-nissan-vauxhallopel-15d-19d-22d-25d-dcididticdti\/","og_site_name":"Canarytools S.L.","article_modified_time":"2024-03-25T18:09:18+00:00","og_image":[{"width":614,"height":475,"url":"https:\/\/mantenimientosinformaticos.net\/canarytools\/wp-content\/uploads\/2020\/05\/78-REF.62505.-Conjunto-de-calado-de-distribucion-Renault-Nissan-VauxhallOpel-1.5D-1.9D-2.2D-2.5D-dCiDiDtiCDTi.jpg","type":"image\/jpeg"}],"twitter_card":"summary_large_image","schema":{"@context":"https:\/\/schema.org","@graph":[{"@type":"WebPage","@id":"https:\/\/mantenimientosinformaticos.net\/canarytools\/producto\/conjunto-de-calado-de-distribucion-renault-nissan-vauxhallopel-15d-19d-22d-25d-dcididticdti\/","url":"https:\/\/mantenimientosinformaticos.net\/canarytools\/producto\/conjunto-de-calado-de-distribucion-renault-nissan-vauxhallopel-15d-19d-22d-25d-dcididticdti\/","name":"REF.:62505. Conjunto de calado de distribucio\u0301n Renault, Nissan, Vauxhall\/Opel 1.5D, 1.9D, 2.2D, 2.5D dCi\/Di\/DtiCDTi - Canarytools S.L.","isPartOf":{"@id":"https:\/\/mantenimientosinformaticos.net\/canarytools\/#website"},"primaryImageOfPage":{"@id":"https:\/\/mantenimientosinformaticos.net\/canarytools\/producto\/conjunto-de-calado-de-distribucion-renault-nissan-vauxhallopel-15d-19d-22d-25d-dcididticdti\/#primaryimage"},"image":{"@id":"https:\/\/mantenimientosinformaticos.net\/canarytools\/producto\/conjunto-de-calado-de-distribucion-renault-nissan-vauxhallopel-15d-19d-22d-25d-dcididticdti\/#primaryimage"},"thumbnailUrl":"https:\/\/mantenimientosinformaticos.net\/canarytools\/wp-content\/uploads\/2020\/05\/78-REF.62505.-Conjunto-de-calado-de-distribucion-Renault-Nissan-VauxhallOpel-1.5D-1.9D-2.2D-2.5D-dCiDiDtiCDTi.jpg","datePublished":"2020-05-07T09:07:10+00:00","dateModified":"2024-03-25T18:09:18+00:00","breadcrumb":{"@id":"https:\/\/mantenimientosinformaticos.net\/canarytools\/producto\/conjunto-de-calado-de-distribucion-renault-nissan-vauxhallopel-15d-19d-22d-25d-dcididticdti\/#breadcrumb"},"inLanguage":"es","potentialAction":[{"@type":"ReadAction","target":["https:\/\/mantenimientosinformaticos.net\/canarytools\/producto\/conjunto-de-calado-de-distribucion-renault-nissan-vauxhallopel-15d-19d-22d-25d-dcididticdti\/"]}]},{"@type":"ImageObject","inLanguage":"es","@id":"https:\/\/mantenimientosinformaticos.net\/canarytools\/producto\/conjunto-de-calado-de-distribucion-renault-nissan-vauxhallopel-15d-19d-22d-25d-dcididticdti\/#primaryimage","url":"https:\/\/mantenimientosinformaticos.net\/canarytools\/wp-content\/uploads\/2020\/05\/78-REF.62505.-Conjunto-de-calado-de-distribucion-Renault-Nissan-VauxhallOpel-1.5D-1.9D-2.2D-2.5D-dCiDiDtiCDTi.jpg","contentUrl":"https:\/\/mantenimientosinformaticos.net\/canarytools\/wp-content\/uploads\/2020\/05\/78-REF.62505.-Conjunto-de-calado-de-distribucion-Renault-Nissan-VauxhallOpel-1.5D-1.9D-2.2D-2.5D-dCiDiDtiCDTi.jpg","width":614,"height":475,"caption":"REF.:62505. Conjunto de calado de distribucio\u0301n Renault, Nissan, Vauxhall\/Opel 1.5D, 1.9D, 2.2D, 2.5D dCi\/Di\/DtiCDTi"},{"@type":"BreadcrumbList","@id":"https:\/\/mantenimientosinformaticos.net\/canarytools\/producto\/conjunto-de-calado-de-distribucion-renault-nissan-vauxhallopel-15d-19d-22d-25d-dcididticdti\/#breadcrumb","itemListElement":[{"@type":"ListItem","position":1,"name":"Portada","item":"https:\/\/mantenimientosinformaticos.net\/canarytools\/"},{"@type":"ListItem","position":2,"name":"Tienda","item":"https:\/\/mantenimientosinformaticos.net\/canarytools\/tienda\/"},{"@type":"ListItem","position":3,"name":"REF.:62505. Conjunto de calado de distribucio\u0301n Renault, Nissan, Vauxhall\/Opel 1.5D, 1.9D, 2.2D, 2.5D dCi\/Di\/DtiCDTi"}]},{"@type":"WebSite","@id":"https:\/\/mantenimientosinformaticos.net\/canarytools\/#website","url":"https:\/\/mantenimientosinformaticos.net\/canarytools\/","name":"Canarytools S.L.","description":"Herramientas y M\u00e1quinas","publisher":{"@id":"https:\/\/mantenimientosinformaticos.net\/canarytools\/#\/schema\/person\/355e32754b03bb24b681f1b6917e49bf"},"potentialAction":[{"@type":"SearchAction","target":{"@type":"EntryPoint","urlTemplate":"https:\/\/mantenimientosinformaticos.net\/canarytools\/?s={search_term_string}"},"query-input":"required name=search_term_string"}],"inLanguage":"es"},{"@type":["Person","Organization"],"@id":"https:\/\/mantenimientosinformaticos.net\/canarytools\/#\/schema\/person\/355e32754b03bb24b681f1b6917e49bf","name":"canarytools.xnetdigital","image":{"@type":"ImageObject","inLanguage":"es","@id":"https:\/\/mantenimientosinformaticos.net\/canarytools\/#\/schema\/person\/image\/","url":"https:\/\/mantenimientosinformaticos.net\/canarytools\/wp-content\/uploads\/2023\/12\/canary-tools-logo.png","contentUrl":"https:\/\/mantenimientosinformaticos.net\/canarytools\/wp-content\/uploads\/2023\/12\/canary-tools-logo.png","width":1302,"height":440,"caption":"canarytools.xnetdigital"},"logo":{"@id":"https:\/\/mantenimientosinformaticos.net\/canarytools\/#\/schema\/person\/image\/"},"sameAs":["https:\/\/mantenimientosinformaticos.net\/canarytools"]}]}},"_links":{"self":[{"href":"https:\/\/mantenimientosinformaticos.net\/canarytools\/wp-json\/wp\/v2\/product\/3963","targetHints":{"allow":["GET"]}}],"collection":[{"href":"https:\/\/mantenimientosinformaticos.net\/canarytools\/wp-json\/wp\/v2\/product"}],"about":[{"href":"https:\/\/mantenimientosinformaticos.net\/canarytools\/wp-json\/wp\/v2\/types\/product"}],"replies":[{"embeddable":true,"href":"https:\/\/mantenimientosinformaticos.net\/canarytools\/wp-json\/wp\/v2\/comments?post=3963"}],"wp:featuredmedia":[{"embeddable":true,"href":"https:\/\/mantenimientosinformaticos.net\/canarytools\/wp-json\/wp\/v2\/media\/3962"}],"wp:attachment":[{"href":"https:\/\/mantenimientosinformaticos.net\/canarytools\/wp-json\/wp\/v2\/media?parent=3963"}],"wp:term":[{"taxonomy":"product_cat","embeddable":true,"href":"https:\/\/mantenimientosinformaticos.net\/canarytools\/wp-json\/wp\/v2\/product_cat?post=3963"},{"taxonomy":"product_tag","embeddable":true,"href":"https:\/\/mantenimientosinformaticos.net\/canarytools\/wp-json\/wp\/v2\/product_tag?post=3963"}],"curies":[{"name":"wp","href":"https:\/\/api.w.org\/{rel}","templated":true}]}}