{"id":3951,"date":"2020-05-07T10:11:27","date_gmt":"2020-05-07T08:11:27","guid":{"rendered":"https:\/\/mantenimientosinformaticos.net\/canarytools\/producto\/conjunto-de-calado-de-distribucion-opel-saab-25-26-30-32-v6\/"},"modified":"2024-03-25T19:23:20","modified_gmt":"2024-03-25T18:23:20","slug":"conjunto-de-calado-de-distribucion-opel-saab-25-26-30-32-v6","status":"publish","type":"product","link":"https:\/\/mantenimientosinformaticos.net\/canarytools\/producto\/conjunto-de-calado-de-distribucion-opel-saab-25-26-30-32-v6\/","title":{"rendered":"REF.:FB2788    Conjunto de calado de distribucio\u0301n Opel, Saab 2.5, 2.6, 3.0 ,3.2 V6"},"content":{"rendered":"<p style=\"margin:0px 0px 10px;color:#58595b;font-family:'PT Sans', 'Helvetica Neue', Helvetica, Arial, sans-serif;font-size:14px;line-height:20px;background-color:#ffffff;\"><strong>Contenido de suministro:<\/strong><\/p>\n<ul style=\"margin:0px 0px 20px;list-style:none;padding:0px;color:#58595b;font-family:'PT Sans', 'Helvetica Neue', Helvetica, Arial, sans-serif;font-size:14px;line-height:20px;background-color:#ffffff;\">\n<li>herramienta de bloqueo del cig\u00fce\u00f1al, para ser utilizado como OEM KM-800-10<\/li>\n<li>alineaci\u00f3n del \u00e1rbol de levas, para ser utilizado como OEM KM-800-20<\/li>\n<li>sujeci\u00f3n, para ser utilizado como OEM OEM 800-30<\/li>\n<li>bloqueo del \u00e1rbol de levas derecho, para ser utilizado como OEM KM-800-1<\/li>\n<li>del \u00e1rbol de levas izquierdo, para ser utilizado como OEM KM-800-2<\/li>\n<li>llave de vaso E-Torx, entrada 12,5 mm (1\/2&#8243;), E20, para polea de inversi\u00f3n<\/li>\n<li>llave de estrella, en \u00e1ngulo, 30 mm<\/li>\n<\/ul>\n","protected":false},"excerpt":{"rendered":"<ul style=\"margin:0px 0px 20px;list-style:none;padding:0px;color:#58595b;font-family:'PT Sans', 'Helvetica Neue', Helvetica, Arial, sans-serif;font-size:14px;line-height:20px;background-color:#ffffff;\">\n<li>Juego de calado de distribuci\u00f3n para motores V6 con tecnolog\u00eda multiv\u00e1lvula en Opel Ecotec<\/li>\n<li>incluye todas las herramientas necesarias para la sujeci\u00f3n y bloqueo del cig\u00fce\u00f1al y el \u00e1rbol de levas<\/li>\n<\/ul>\n<p style=\"margin:0px 0px 10px;color:#58595b;font-family:'PT Sans', 'Helvetica Neue', Helvetica, Arial, sans-serif;font-size:14px;line-height:20px;background-color:#ffffff;\"><strong>adecuado para los siguientes modelos de Opel:<\/strong><\/p>\n<ul style=\"margin:0px 0px 20px;list-style:none;padding:0px;color:#58595b;font-family:'PT Sans', 'Helvetica Neue', Helvetica, Arial, sans-serif;font-size:14px;line-height:20px;background-color:#ffffff;\">\n<li>Calibra 2.5 V6 (1993 &#8211; 1998)<\/li>\n<li>Cavalier 2.5\/2.6 V6 (1993 &#8211; 1995)<\/li>\n<li>Omega B 2.5\/2.6 V6 (1994 &#8211; 2003)<\/li>\n<li>Omega B 3.0\/3.2 V6 (1994 &#8211; 2003)<\/li>\n<li>Signum 3.2 V6 (2003 &#8211; 2005)<\/li>\n<li>Sinatra 3.0 V6 (1996 &#8211; 1999)<\/li>\n<li>Vectra A\/B\/C 2.5\/2.6\/3.2 V6 (1993 &#8211; 2005)<\/li>\n<\/ul>\n","protected":false},"featured_media":3950,"comment_status":"open","ping_status":"closed","template":"","meta":[],"product_cat":[501,576,491],"product_tag":[],"class_list":{"0":"post-3951","1":"product","2":"type-product","3":"status-publish","4":"has-post-thumbnail","6":"product_cat-calado-de-distribucion","7":"product_cat-opel","8":"product_cat-herramientas-especiales-para-automoviles","9":"yith_product_brand-hinode","11":"first","12":"instock","13":"shipping-taxable","14":"purchasable","15":"product-type-simple"},"yoast_head":"<!-- This site is optimized with the Yoast SEO plugin v22.7 - https:\/\/yoast.com\/wordpress\/plugins\/seo\/ -->\n<title>REF.:FB2788  Conjunto de calado de distribucio\u0301n Opel, Saab 2.5, 2.6, 3.0 ,3.2 V6 - Canarytools S.L.<\/title>\n<meta name=\"robots\" content=\"index, follow, max-snippet:-1, max-image-preview:large, max-video-preview:-1\" \/>\n<link rel=\"canonical\" href=\"https:\/\/mantenimientosinformaticos.net\/canarytools\/producto\/conjunto-de-calado-de-distribucion-opel-saab-25-26-30-32-v6\/\" \/>\n<meta property=\"og:locale\" content=\"es_ES\" \/>\n<meta property=\"og:type\" content=\"article\" \/>\n<meta property=\"og:title\" content=\"REF.:FB2788  Conjunto de calado de distribucio\u0301n Opel, Saab 2.5, 2.6, 3.0 ,3.2 V6 - Canarytools S.L.\" \/>\n<meta property=\"og:description\" content=\"Juego de calado de distribuci\u00f3n para motores V6 con tecnolog\u00eda multiv\u00e1lvula en Opel Ecotec incluye todas las herramientas necesarias para la sujeci\u00f3n y bloqueo del cig\u00fce\u00f1al y el \u00e1rbol de levas adecuado para los siguientes modelos de Opel: Calibra 2.5 V6 (1993 - 1998) Cavalier 2.5\/2.6 V6 (1993 - 1995) Omega B 2.5\/2.6 V6 (1994 - 2003) Omega B 3.0\/3.2 V6 (1994 - 2003) Signum 3.2 V6 (2003 - 2005) Sinatra 3.0 V6 (1996 - 1999) Vectra A\/B\/C 2.5\/2.6\/3.2 V6 (1993 - 2005)\" \/>\n<meta property=\"og:url\" content=\"https:\/\/mantenimientosinformaticos.net\/canarytools\/producto\/conjunto-de-calado-de-distribucion-opel-saab-25-26-30-32-v6\/\" \/>\n<meta property=\"og:site_name\" content=\"Canarytools S.L.\" \/>\n<meta property=\"article:modified_time\" content=\"2024-03-25T18:23:20+00:00\" \/>\n<meta property=\"og:image\" content=\"https:\/\/mantenimientosinformaticos.net\/canarytools\/wp-content\/uploads\/2020\/05\/71-REF.FB2788-Conjunto-de-calado-de-distribucion-Opel-Saab-2.5-2.6-3.0-3.2-V6.jpg\" \/>\n\t<meta property=\"og:image:width\" content=\"402\" \/>\n\t<meta property=\"og:image:height\" content=\"354\" \/>\n\t<meta property=\"og:image:type\" content=\"image\/jpeg\" \/>\n<meta name=\"twitter:card\" content=\"summary_large_image\" \/>\n<script type=\"application\/ld+json\" class=\"yoast-schema-graph\">{\"@context\":\"https:\/\/schema.org\",\"@graph\":[{\"@type\":\"WebPage\",\"@id\":\"https:\/\/mantenimientosinformaticos.net\/canarytools\/producto\/conjunto-de-calado-de-distribucion-opel-saab-25-26-30-32-v6\/\",\"url\":\"https:\/\/mantenimientosinformaticos.net\/canarytools\/producto\/conjunto-de-calado-de-distribucion-opel-saab-25-26-30-32-v6\/\",\"name\":\"REF.:FB2788 Conjunto de calado de distribucio\u0301n Opel, Saab 2.5, 2.6, 3.0 ,3.2 V6 - Canarytools S.L.\",\"isPartOf\":{\"@id\":\"https:\/\/mantenimientosinformaticos.net\/canarytools\/#website\"},\"primaryImageOfPage\":{\"@id\":\"https:\/\/mantenimientosinformaticos.net\/canarytools\/producto\/conjunto-de-calado-de-distribucion-opel-saab-25-26-30-32-v6\/#primaryimage\"},\"image\":{\"@id\":\"https:\/\/mantenimientosinformaticos.net\/canarytools\/producto\/conjunto-de-calado-de-distribucion-opel-saab-25-26-30-32-v6\/#primaryimage\"},\"thumbnailUrl\":\"https:\/\/mantenimientosinformaticos.net\/canarytools\/wp-content\/uploads\/2020\/05\/71-REF.FB2788-Conjunto-de-calado-de-distribucion-Opel-Saab-2.5-2.6-3.0-3.2-V6.jpg\",\"datePublished\":\"2020-05-07T08:11:27+00:00\",\"dateModified\":\"2024-03-25T18:23:20+00:00\",\"breadcrumb\":{\"@id\":\"https:\/\/mantenimientosinformaticos.net\/canarytools\/producto\/conjunto-de-calado-de-distribucion-opel-saab-25-26-30-32-v6\/#breadcrumb\"},\"inLanguage\":\"es\",\"potentialAction\":[{\"@type\":\"ReadAction\",\"target\":[\"https:\/\/mantenimientosinformaticos.net\/canarytools\/producto\/conjunto-de-calado-de-distribucion-opel-saab-25-26-30-32-v6\/\"]}]},{\"@type\":\"ImageObject\",\"inLanguage\":\"es\",\"@id\":\"https:\/\/mantenimientosinformaticos.net\/canarytools\/producto\/conjunto-de-calado-de-distribucion-opel-saab-25-26-30-32-v6\/#primaryimage\",\"url\":\"https:\/\/mantenimientosinformaticos.net\/canarytools\/wp-content\/uploads\/2020\/05\/71-REF.FB2788-Conjunto-de-calado-de-distribucion-Opel-Saab-2.5-2.6-3.0-3.2-V6.jpg\",\"contentUrl\":\"https:\/\/mantenimientosinformaticos.net\/canarytools\/wp-content\/uploads\/2020\/05\/71-REF.FB2788-Conjunto-de-calado-de-distribucion-Opel-Saab-2.5-2.6-3.0-3.2-V6.jpg\",\"width\":402,\"height\":354,\"caption\":\"REF.:FB2788 Conjunto de calado de distribucio\u0301n Opel, Saab 2.5, 2.6, 3.0 ,3.2 V6\"},{\"@type\":\"BreadcrumbList\",\"@id\":\"https:\/\/mantenimientosinformaticos.net\/canarytools\/producto\/conjunto-de-calado-de-distribucion-opel-saab-25-26-30-32-v6\/#breadcrumb\",\"itemListElement\":[{\"@type\":\"ListItem\",\"position\":1,\"name\":\"Portada\",\"item\":\"https:\/\/mantenimientosinformaticos.net\/canarytools\/\"},{\"@type\":\"ListItem\",\"position\":2,\"name\":\"Tienda\",\"item\":\"https:\/\/mantenimientosinformaticos.net\/canarytools\/tienda\/\"},{\"@type\":\"ListItem\",\"position\":3,\"name\":\"REF.:FB2788 Conjunto de calado de distribucio\u0301n Opel, Saab 2.5, 2.6, 3.0 ,3.2 V6\"}]},{\"@type\":\"WebSite\",\"@id\":\"https:\/\/mantenimientosinformaticos.net\/canarytools\/#website\",\"url\":\"https:\/\/mantenimientosinformaticos.net\/canarytools\/\",\"name\":\"Canarytools S.L.\",\"description\":\"Herramientas y M\u00e1quinas\",\"publisher\":{\"@id\":\"https:\/\/mantenimientosinformaticos.net\/canarytools\/#\/schema\/person\/355e32754b03bb24b681f1b6917e49bf\"},\"potentialAction\":[{\"@type\":\"SearchAction\",\"target\":{\"@type\":\"EntryPoint\",\"urlTemplate\":\"https:\/\/mantenimientosinformaticos.net\/canarytools\/?s={search_term_string}\"},\"query-input\":\"required name=search_term_string\"}],\"inLanguage\":\"es\"},{\"@type\":[\"Person\",\"Organization\"],\"@id\":\"https:\/\/mantenimientosinformaticos.net\/canarytools\/#\/schema\/person\/355e32754b03bb24b681f1b6917e49bf\",\"name\":\"canarytools.xnetdigital\",\"image\":{\"@type\":\"ImageObject\",\"inLanguage\":\"es\",\"@id\":\"https:\/\/mantenimientosinformaticos.net\/canarytools\/#\/schema\/person\/image\/\",\"url\":\"https:\/\/mantenimientosinformaticos.net\/canarytools\/wp-content\/uploads\/2023\/12\/canary-tools-logo.png\",\"contentUrl\":\"https:\/\/mantenimientosinformaticos.net\/canarytools\/wp-content\/uploads\/2023\/12\/canary-tools-logo.png\",\"width\":1302,\"height\":440,\"caption\":\"canarytools.xnetdigital\"},\"logo\":{\"@id\":\"https:\/\/mantenimientosinformaticos.net\/canarytools\/#\/schema\/person\/image\/\"},\"sameAs\":[\"https:\/\/mantenimientosinformaticos.net\/canarytools\"]}]}<\/script>\n<!-- \/ Yoast SEO plugin. -->","yoast_head_json":{"title":"REF.:FB2788  Conjunto de calado de distribucio\u0301n Opel, Saab 2.5, 2.6, 3.0 ,3.2 V6 - Canarytools S.L.","robots":{"index":"index","follow":"follow","max-snippet":"max-snippet:-1","max-image-preview":"max-image-preview:large","max-video-preview":"max-video-preview:-1"},"canonical":"https:\/\/mantenimientosinformaticos.net\/canarytools\/producto\/conjunto-de-calado-de-distribucion-opel-saab-25-26-30-32-v6\/","og_locale":"es_ES","og_type":"article","og_title":"REF.:FB2788  Conjunto de calado de distribucio\u0301n Opel, Saab 2.5, 2.6, 3.0 ,3.2 V6 - Canarytools S.L.","og_description":"Juego de calado de distribuci\u00f3n para motores V6 con tecnolog\u00eda multiv\u00e1lvula en Opel Ecotec incluye todas las herramientas necesarias para la sujeci\u00f3n y bloqueo del cig\u00fce\u00f1al y el \u00e1rbol de levas adecuado para los siguientes modelos de Opel: Calibra 2.5 V6 (1993 - 1998) Cavalier 2.5\/2.6 V6 (1993 - 1995) Omega B 2.5\/2.6 V6 (1994 - 2003) Omega B 3.0\/3.2 V6 (1994 - 2003) Signum 3.2 V6 (2003 - 2005) Sinatra 3.0 V6 (1996 - 1999) Vectra A\/B\/C 2.5\/2.6\/3.2 V6 (1993 - 2005)","og_url":"https:\/\/mantenimientosinformaticos.net\/canarytools\/producto\/conjunto-de-calado-de-distribucion-opel-saab-25-26-30-32-v6\/","og_site_name":"Canarytools S.L.","article_modified_time":"2024-03-25T18:23:20+00:00","og_image":[{"width":402,"height":354,"url":"https:\/\/mantenimientosinformaticos.net\/canarytools\/wp-content\/uploads\/2020\/05\/71-REF.FB2788-Conjunto-de-calado-de-distribucion-Opel-Saab-2.5-2.6-3.0-3.2-V6.jpg","type":"image\/jpeg"}],"twitter_card":"summary_large_image","schema":{"@context":"https:\/\/schema.org","@graph":[{"@type":"WebPage","@id":"https:\/\/mantenimientosinformaticos.net\/canarytools\/producto\/conjunto-de-calado-de-distribucion-opel-saab-25-26-30-32-v6\/","url":"https:\/\/mantenimientosinformaticos.net\/canarytools\/producto\/conjunto-de-calado-de-distribucion-opel-saab-25-26-30-32-v6\/","name":"REF.:FB2788 Conjunto de calado de distribucio\u0301n Opel, Saab 2.5, 2.6, 3.0 ,3.2 V6 - Canarytools S.L.","isPartOf":{"@id":"https:\/\/mantenimientosinformaticos.net\/canarytools\/#website"},"primaryImageOfPage":{"@id":"https:\/\/mantenimientosinformaticos.net\/canarytools\/producto\/conjunto-de-calado-de-distribucion-opel-saab-25-26-30-32-v6\/#primaryimage"},"image":{"@id":"https:\/\/mantenimientosinformaticos.net\/canarytools\/producto\/conjunto-de-calado-de-distribucion-opel-saab-25-26-30-32-v6\/#primaryimage"},"thumbnailUrl":"https:\/\/mantenimientosinformaticos.net\/canarytools\/wp-content\/uploads\/2020\/05\/71-REF.FB2788-Conjunto-de-calado-de-distribucion-Opel-Saab-2.5-2.6-3.0-3.2-V6.jpg","datePublished":"2020-05-07T08:11:27+00:00","dateModified":"2024-03-25T18:23:20+00:00","breadcrumb":{"@id":"https:\/\/mantenimientosinformaticos.net\/canarytools\/producto\/conjunto-de-calado-de-distribucion-opel-saab-25-26-30-32-v6\/#breadcrumb"},"inLanguage":"es","potentialAction":[{"@type":"ReadAction","target":["https:\/\/mantenimientosinformaticos.net\/canarytools\/producto\/conjunto-de-calado-de-distribucion-opel-saab-25-26-30-32-v6\/"]}]},{"@type":"ImageObject","inLanguage":"es","@id":"https:\/\/mantenimientosinformaticos.net\/canarytools\/producto\/conjunto-de-calado-de-distribucion-opel-saab-25-26-30-32-v6\/#primaryimage","url":"https:\/\/mantenimientosinformaticos.net\/canarytools\/wp-content\/uploads\/2020\/05\/71-REF.FB2788-Conjunto-de-calado-de-distribucion-Opel-Saab-2.5-2.6-3.0-3.2-V6.jpg","contentUrl":"https:\/\/mantenimientosinformaticos.net\/canarytools\/wp-content\/uploads\/2020\/05\/71-REF.FB2788-Conjunto-de-calado-de-distribucion-Opel-Saab-2.5-2.6-3.0-3.2-V6.jpg","width":402,"height":354,"caption":"REF.:FB2788 Conjunto de calado de distribucio\u0301n Opel, Saab 2.5, 2.6, 3.0 ,3.2 V6"},{"@type":"BreadcrumbList","@id":"https:\/\/mantenimientosinformaticos.net\/canarytools\/producto\/conjunto-de-calado-de-distribucion-opel-saab-25-26-30-32-v6\/#breadcrumb","itemListElement":[{"@type":"ListItem","position":1,"name":"Portada","item":"https:\/\/mantenimientosinformaticos.net\/canarytools\/"},{"@type":"ListItem","position":2,"name":"Tienda","item":"https:\/\/mantenimientosinformaticos.net\/canarytools\/tienda\/"},{"@type":"ListItem","position":3,"name":"REF.:FB2788 Conjunto de calado de distribucio\u0301n Opel, Saab 2.5, 2.6, 3.0 ,3.2 V6"}]},{"@type":"WebSite","@id":"https:\/\/mantenimientosinformaticos.net\/canarytools\/#website","url":"https:\/\/mantenimientosinformaticos.net\/canarytools\/","name":"Canarytools S.L.","description":"Herramientas y M\u00e1quinas","publisher":{"@id":"https:\/\/mantenimientosinformaticos.net\/canarytools\/#\/schema\/person\/355e32754b03bb24b681f1b6917e49bf"},"potentialAction":[{"@type":"SearchAction","target":{"@type":"EntryPoint","urlTemplate":"https:\/\/mantenimientosinformaticos.net\/canarytools\/?s={search_term_string}"},"query-input":"required name=search_term_string"}],"inLanguage":"es"},{"@type":["Person","Organization"],"@id":"https:\/\/mantenimientosinformaticos.net\/canarytools\/#\/schema\/person\/355e32754b03bb24b681f1b6917e49bf","name":"canarytools.xnetdigital","image":{"@type":"ImageObject","inLanguage":"es","@id":"https:\/\/mantenimientosinformaticos.net\/canarytools\/#\/schema\/person\/image\/","url":"https:\/\/mantenimientosinformaticos.net\/canarytools\/wp-content\/uploads\/2023\/12\/canary-tools-logo.png","contentUrl":"https:\/\/mantenimientosinformaticos.net\/canarytools\/wp-content\/uploads\/2023\/12\/canary-tools-logo.png","width":1302,"height":440,"caption":"canarytools.xnetdigital"},"logo":{"@id":"https:\/\/mantenimientosinformaticos.net\/canarytools\/#\/schema\/person\/image\/"},"sameAs":["https:\/\/mantenimientosinformaticos.net\/canarytools"]}]}},"_links":{"self":[{"href":"https:\/\/mantenimientosinformaticos.net\/canarytools\/wp-json\/wp\/v2\/product\/3951","targetHints":{"allow":["GET"]}}],"collection":[{"href":"https:\/\/mantenimientosinformaticos.net\/canarytools\/wp-json\/wp\/v2\/product"}],"about":[{"href":"https:\/\/mantenimientosinformaticos.net\/canarytools\/wp-json\/wp\/v2\/types\/product"}],"replies":[{"embeddable":true,"href":"https:\/\/mantenimientosinformaticos.net\/canarytools\/wp-json\/wp\/v2\/comments?post=3951"}],"wp:featuredmedia":[{"embeddable":true,"href":"https:\/\/mantenimientosinformaticos.net\/canarytools\/wp-json\/wp\/v2\/media\/3950"}],"wp:attachment":[{"href":"https:\/\/mantenimientosinformaticos.net\/canarytools\/wp-json\/wp\/v2\/media?parent=3951"}],"wp:term":[{"taxonomy":"product_cat","embeddable":true,"href":"https:\/\/mantenimientosinformaticos.net\/canarytools\/wp-json\/wp\/v2\/product_cat?post=3951"},{"taxonomy":"product_tag","embeddable":true,"href":"https:\/\/mantenimientosinformaticos.net\/canarytools\/wp-json\/wp\/v2\/product_tag?post=3951"}],"curies":[{"name":"wp","href":"https:\/\/api.w.org\/{rel}","templated":true}]}}