{"id":3941,"date":"2020-05-07T09:51:03","date_gmt":"2020-05-07T07:51:03","guid":{"rendered":"https:\/\/mantenimientosinformaticos.net\/canarytools\/producto\/juego-de-calado-de-distribucion-para-opel-chevrolet-20-cdi\/"},"modified":"2024-03-25T19:08:14","modified_gmt":"2024-03-25T18:08:14","slug":"juego-de-calado-de-distribucion-para-opel-chevrolet-20-cdi","status":"publish","type":"product","link":"https:\/\/mantenimientosinformaticos.net\/canarytools\/producto\/juego-de-calado-de-distribucion-para-opel-chevrolet-20-cdi\/","title":{"rendered":"REF.:66202    Juego de calado de distribuci\u00f3n para Opel, Chevrolet 2.0 CDI"},"content":{"rendered":"","protected":false},"excerpt":{"rendered":"<ul style=\"margin:0px 0px 20px;list-style:none;padding:0px;color:#58595b;font-family:'PT Sans', 'Helvetica Neue', Helvetica, Arial, sans-serif;font-size:14px;line-height:20px;background-color:#ffffff;\">\n<li>Adecuado para motores di\u00e9sel 2.0L Common Rail con c\u00f3digos de motor Z20DM, Z20DMH, LLWZ20DMH, RA420, Z20SI, Z20S3, Z20S4. Z20S5<\/li>\n<li>para cambio de la polea y comprobaci\u00f3n de la sincronizaci\u00f3n del motor<\/li>\n<li>mantiene \u00e1rbol de levas y cig\u00fce\u00f1al en la posici\u00f3n correcta<\/li>\n<\/ul>\n","protected":false},"featured_media":3940,"comment_status":"open","ping_status":"closed","template":"","meta":[],"product_cat":[501,576,491],"product_tag":[],"class_list":{"0":"post-3941","1":"product","2":"type-product","3":"status-publish","4":"has-post-thumbnail","6":"product_cat-calado-de-distribucion","7":"product_cat-opel","8":"product_cat-herramientas-especiales-para-automoviles","9":"yith_product_brand-bgs","11":"first","12":"instock","13":"shipping-taxable","14":"purchasable","15":"product-type-simple"},"yoast_head":"<!-- This site is optimized with the Yoast SEO plugin v22.7 - https:\/\/yoast.com\/wordpress\/plugins\/seo\/ -->\n<title>REF.:66202  Juego de calado de distribuci\u00f3n para Opel, Chevrolet 2.0 CDI - Canarytools S.L.<\/title>\n<meta name=\"robots\" content=\"index, follow, max-snippet:-1, max-image-preview:large, max-video-preview:-1\" \/>\n<link rel=\"canonical\" href=\"https:\/\/mantenimientosinformaticos.net\/canarytools\/producto\/juego-de-calado-de-distribucion-para-opel-chevrolet-20-cdi\/\" \/>\n<meta property=\"og:locale\" content=\"es_ES\" \/>\n<meta property=\"og:type\" content=\"article\" \/>\n<meta property=\"og:title\" content=\"REF.:66202  Juego de calado de distribuci\u00f3n para Opel, Chevrolet 2.0 CDI - Canarytools S.L.\" \/>\n<meta property=\"og:description\" content=\"Adecuado para motores di\u00e9sel 2.0L Common Rail con c\u00f3digos de motor Z20DM, Z20DMH, LLWZ20DMH, RA420, Z20SI, Z20S3, Z20S4. Z20S5 para cambio de la polea y comprobaci\u00f3n de la sincronizaci\u00f3n del motor mantiene \u00e1rbol de levas y cig\u00fce\u00f1al en la posici\u00f3n correcta\" \/>\n<meta property=\"og:url\" content=\"https:\/\/mantenimientosinformaticos.net\/canarytools\/producto\/juego-de-calado-de-distribucion-para-opel-chevrolet-20-cdi\/\" \/>\n<meta property=\"og:site_name\" content=\"Canarytools S.L.\" \/>\n<meta property=\"article:modified_time\" content=\"2024-03-25T18:08:14+00:00\" \/>\n<meta property=\"og:image\" content=\"https:\/\/mantenimientosinformaticos.net\/canarytools\/wp-content\/uploads\/2020\/05\/67-REF.66202-Juego-de-calado-de-distribucion-para-Opel-Chevrolet-2.0-CDI.jpg\" \/>\n\t<meta property=\"og:image:width\" content=\"500\" \/>\n\t<meta property=\"og:image:height\" content=\"269\" \/>\n\t<meta property=\"og:image:type\" content=\"image\/jpeg\" \/>\n<meta name=\"twitter:card\" content=\"summary_large_image\" \/>\n<script type=\"application\/ld+json\" class=\"yoast-schema-graph\">{\"@context\":\"https:\/\/schema.org\",\"@graph\":[{\"@type\":\"WebPage\",\"@id\":\"https:\/\/mantenimientosinformaticos.net\/canarytools\/producto\/juego-de-calado-de-distribucion-para-opel-chevrolet-20-cdi\/\",\"url\":\"https:\/\/mantenimientosinformaticos.net\/canarytools\/producto\/juego-de-calado-de-distribucion-para-opel-chevrolet-20-cdi\/\",\"name\":\"REF.:66202 Juego de calado de distribuci\u00f3n para Opel, Chevrolet 2.0 CDI - Canarytools S.L.\",\"isPartOf\":{\"@id\":\"https:\/\/mantenimientosinformaticos.net\/canarytools\/#website\"},\"primaryImageOfPage\":{\"@id\":\"https:\/\/mantenimientosinformaticos.net\/canarytools\/producto\/juego-de-calado-de-distribucion-para-opel-chevrolet-20-cdi\/#primaryimage\"},\"image\":{\"@id\":\"https:\/\/mantenimientosinformaticos.net\/canarytools\/producto\/juego-de-calado-de-distribucion-para-opel-chevrolet-20-cdi\/#primaryimage\"},\"thumbnailUrl\":\"https:\/\/mantenimientosinformaticos.net\/canarytools\/wp-content\/uploads\/2020\/05\/67-REF.66202-Juego-de-calado-de-distribucion-para-Opel-Chevrolet-2.0-CDI.jpg\",\"datePublished\":\"2020-05-07T07:51:03+00:00\",\"dateModified\":\"2024-03-25T18:08:14+00:00\",\"breadcrumb\":{\"@id\":\"https:\/\/mantenimientosinformaticos.net\/canarytools\/producto\/juego-de-calado-de-distribucion-para-opel-chevrolet-20-cdi\/#breadcrumb\"},\"inLanguage\":\"es\",\"potentialAction\":[{\"@type\":\"ReadAction\",\"target\":[\"https:\/\/mantenimientosinformaticos.net\/canarytools\/producto\/juego-de-calado-de-distribucion-para-opel-chevrolet-20-cdi\/\"]}]},{\"@type\":\"ImageObject\",\"inLanguage\":\"es\",\"@id\":\"https:\/\/mantenimientosinformaticos.net\/canarytools\/producto\/juego-de-calado-de-distribucion-para-opel-chevrolet-20-cdi\/#primaryimage\",\"url\":\"https:\/\/mantenimientosinformaticos.net\/canarytools\/wp-content\/uploads\/2020\/05\/67-REF.66202-Juego-de-calado-de-distribucion-para-Opel-Chevrolet-2.0-CDI.jpg\",\"contentUrl\":\"https:\/\/mantenimientosinformaticos.net\/canarytools\/wp-content\/uploads\/2020\/05\/67-REF.66202-Juego-de-calado-de-distribucion-para-Opel-Chevrolet-2.0-CDI.jpg\",\"width\":500,\"height\":269,\"caption\":\"REF.:66202 Juego de calado de distribuci\u00f3n para Opel, Chevrolet 2.0 CDI\"},{\"@type\":\"BreadcrumbList\",\"@id\":\"https:\/\/mantenimientosinformaticos.net\/canarytools\/producto\/juego-de-calado-de-distribucion-para-opel-chevrolet-20-cdi\/#breadcrumb\",\"itemListElement\":[{\"@type\":\"ListItem\",\"position\":1,\"name\":\"Portada\",\"item\":\"https:\/\/mantenimientosinformaticos.net\/canarytools\/\"},{\"@type\":\"ListItem\",\"position\":2,\"name\":\"Tienda\",\"item\":\"https:\/\/mantenimientosinformaticos.net\/canarytools\/tienda\/\"},{\"@type\":\"ListItem\",\"position\":3,\"name\":\"REF.:66202 Juego de calado de distribuci\u00f3n para Opel, Chevrolet 2.0 CDI\"}]},{\"@type\":\"WebSite\",\"@id\":\"https:\/\/mantenimientosinformaticos.net\/canarytools\/#website\",\"url\":\"https:\/\/mantenimientosinformaticos.net\/canarytools\/\",\"name\":\"Canarytools S.L.\",\"description\":\"Herramientas y M\u00e1quinas\",\"publisher\":{\"@id\":\"https:\/\/mantenimientosinformaticos.net\/canarytools\/#\/schema\/person\/355e32754b03bb24b681f1b6917e49bf\"},\"potentialAction\":[{\"@type\":\"SearchAction\",\"target\":{\"@type\":\"EntryPoint\",\"urlTemplate\":\"https:\/\/mantenimientosinformaticos.net\/canarytools\/?s={search_term_string}\"},\"query-input\":\"required name=search_term_string\"}],\"inLanguage\":\"es\"},{\"@type\":[\"Person\",\"Organization\"],\"@id\":\"https:\/\/mantenimientosinformaticos.net\/canarytools\/#\/schema\/person\/355e32754b03bb24b681f1b6917e49bf\",\"name\":\"canarytools.xnetdigital\",\"image\":{\"@type\":\"ImageObject\",\"inLanguage\":\"es\",\"@id\":\"https:\/\/mantenimientosinformaticos.net\/canarytools\/#\/schema\/person\/image\/\",\"url\":\"https:\/\/mantenimientosinformaticos.net\/canarytools\/wp-content\/uploads\/2023\/12\/canary-tools-logo.png\",\"contentUrl\":\"https:\/\/mantenimientosinformaticos.net\/canarytools\/wp-content\/uploads\/2023\/12\/canary-tools-logo.png\",\"width\":1302,\"height\":440,\"caption\":\"canarytools.xnetdigital\"},\"logo\":{\"@id\":\"https:\/\/mantenimientosinformaticos.net\/canarytools\/#\/schema\/person\/image\/\"},\"sameAs\":[\"https:\/\/mantenimientosinformaticos.net\/canarytools\"]}]}<\/script>\n<!-- \/ Yoast SEO plugin. -->","yoast_head_json":{"title":"REF.:66202  Juego de calado de distribuci\u00f3n para Opel, Chevrolet 2.0 CDI - Canarytools S.L.","robots":{"index":"index","follow":"follow","max-snippet":"max-snippet:-1","max-image-preview":"max-image-preview:large","max-video-preview":"max-video-preview:-1"},"canonical":"https:\/\/mantenimientosinformaticos.net\/canarytools\/producto\/juego-de-calado-de-distribucion-para-opel-chevrolet-20-cdi\/","og_locale":"es_ES","og_type":"article","og_title":"REF.:66202  Juego de calado de distribuci\u00f3n para Opel, Chevrolet 2.0 CDI - Canarytools S.L.","og_description":"Adecuado para motores di\u00e9sel 2.0L Common Rail con c\u00f3digos de motor Z20DM, Z20DMH, LLWZ20DMH, RA420, Z20SI, Z20S3, Z20S4. Z20S5 para cambio de la polea y comprobaci\u00f3n de la sincronizaci\u00f3n del motor mantiene \u00e1rbol de levas y cig\u00fce\u00f1al en la posici\u00f3n correcta","og_url":"https:\/\/mantenimientosinformaticos.net\/canarytools\/producto\/juego-de-calado-de-distribucion-para-opel-chevrolet-20-cdi\/","og_site_name":"Canarytools S.L.","article_modified_time":"2024-03-25T18:08:14+00:00","og_image":[{"width":500,"height":269,"url":"https:\/\/mantenimientosinformaticos.net\/canarytools\/wp-content\/uploads\/2020\/05\/67-REF.66202-Juego-de-calado-de-distribucion-para-Opel-Chevrolet-2.0-CDI.jpg","type":"image\/jpeg"}],"twitter_card":"summary_large_image","schema":{"@context":"https:\/\/schema.org","@graph":[{"@type":"WebPage","@id":"https:\/\/mantenimientosinformaticos.net\/canarytools\/producto\/juego-de-calado-de-distribucion-para-opel-chevrolet-20-cdi\/","url":"https:\/\/mantenimientosinformaticos.net\/canarytools\/producto\/juego-de-calado-de-distribucion-para-opel-chevrolet-20-cdi\/","name":"REF.:66202 Juego de calado de distribuci\u00f3n para Opel, Chevrolet 2.0 CDI - Canarytools S.L.","isPartOf":{"@id":"https:\/\/mantenimientosinformaticos.net\/canarytools\/#website"},"primaryImageOfPage":{"@id":"https:\/\/mantenimientosinformaticos.net\/canarytools\/producto\/juego-de-calado-de-distribucion-para-opel-chevrolet-20-cdi\/#primaryimage"},"image":{"@id":"https:\/\/mantenimientosinformaticos.net\/canarytools\/producto\/juego-de-calado-de-distribucion-para-opel-chevrolet-20-cdi\/#primaryimage"},"thumbnailUrl":"https:\/\/mantenimientosinformaticos.net\/canarytools\/wp-content\/uploads\/2020\/05\/67-REF.66202-Juego-de-calado-de-distribucion-para-Opel-Chevrolet-2.0-CDI.jpg","datePublished":"2020-05-07T07:51:03+00:00","dateModified":"2024-03-25T18:08:14+00:00","breadcrumb":{"@id":"https:\/\/mantenimientosinformaticos.net\/canarytools\/producto\/juego-de-calado-de-distribucion-para-opel-chevrolet-20-cdi\/#breadcrumb"},"inLanguage":"es","potentialAction":[{"@type":"ReadAction","target":["https:\/\/mantenimientosinformaticos.net\/canarytools\/producto\/juego-de-calado-de-distribucion-para-opel-chevrolet-20-cdi\/"]}]},{"@type":"ImageObject","inLanguage":"es","@id":"https:\/\/mantenimientosinformaticos.net\/canarytools\/producto\/juego-de-calado-de-distribucion-para-opel-chevrolet-20-cdi\/#primaryimage","url":"https:\/\/mantenimientosinformaticos.net\/canarytools\/wp-content\/uploads\/2020\/05\/67-REF.66202-Juego-de-calado-de-distribucion-para-Opel-Chevrolet-2.0-CDI.jpg","contentUrl":"https:\/\/mantenimientosinformaticos.net\/canarytools\/wp-content\/uploads\/2020\/05\/67-REF.66202-Juego-de-calado-de-distribucion-para-Opel-Chevrolet-2.0-CDI.jpg","width":500,"height":269,"caption":"REF.:66202 Juego de calado de distribuci\u00f3n para Opel, Chevrolet 2.0 CDI"},{"@type":"BreadcrumbList","@id":"https:\/\/mantenimientosinformaticos.net\/canarytools\/producto\/juego-de-calado-de-distribucion-para-opel-chevrolet-20-cdi\/#breadcrumb","itemListElement":[{"@type":"ListItem","position":1,"name":"Portada","item":"https:\/\/mantenimientosinformaticos.net\/canarytools\/"},{"@type":"ListItem","position":2,"name":"Tienda","item":"https:\/\/mantenimientosinformaticos.net\/canarytools\/tienda\/"},{"@type":"ListItem","position":3,"name":"REF.:66202 Juego de calado de distribuci\u00f3n para Opel, Chevrolet 2.0 CDI"}]},{"@type":"WebSite","@id":"https:\/\/mantenimientosinformaticos.net\/canarytools\/#website","url":"https:\/\/mantenimientosinformaticos.net\/canarytools\/","name":"Canarytools S.L.","description":"Herramientas y M\u00e1quinas","publisher":{"@id":"https:\/\/mantenimientosinformaticos.net\/canarytools\/#\/schema\/person\/355e32754b03bb24b681f1b6917e49bf"},"potentialAction":[{"@type":"SearchAction","target":{"@type":"EntryPoint","urlTemplate":"https:\/\/mantenimientosinformaticos.net\/canarytools\/?s={search_term_string}"},"query-input":"required name=search_term_string"}],"inLanguage":"es"},{"@type":["Person","Organization"],"@id":"https:\/\/mantenimientosinformaticos.net\/canarytools\/#\/schema\/person\/355e32754b03bb24b681f1b6917e49bf","name":"canarytools.xnetdigital","image":{"@type":"ImageObject","inLanguage":"es","@id":"https:\/\/mantenimientosinformaticos.net\/canarytools\/#\/schema\/person\/image\/","url":"https:\/\/mantenimientosinformaticos.net\/canarytools\/wp-content\/uploads\/2023\/12\/canary-tools-logo.png","contentUrl":"https:\/\/mantenimientosinformaticos.net\/canarytools\/wp-content\/uploads\/2023\/12\/canary-tools-logo.png","width":1302,"height":440,"caption":"canarytools.xnetdigital"},"logo":{"@id":"https:\/\/mantenimientosinformaticos.net\/canarytools\/#\/schema\/person\/image\/"},"sameAs":["https:\/\/mantenimientosinformaticos.net\/canarytools"]}]}},"_links":{"self":[{"href":"https:\/\/mantenimientosinformaticos.net\/canarytools\/wp-json\/wp\/v2\/product\/3941","targetHints":{"allow":["GET"]}}],"collection":[{"href":"https:\/\/mantenimientosinformaticos.net\/canarytools\/wp-json\/wp\/v2\/product"}],"about":[{"href":"https:\/\/mantenimientosinformaticos.net\/canarytools\/wp-json\/wp\/v2\/types\/product"}],"replies":[{"embeddable":true,"href":"https:\/\/mantenimientosinformaticos.net\/canarytools\/wp-json\/wp\/v2\/comments?post=3941"}],"wp:featuredmedia":[{"embeddable":true,"href":"https:\/\/mantenimientosinformaticos.net\/canarytools\/wp-json\/wp\/v2\/media\/3940"}],"wp:attachment":[{"href":"https:\/\/mantenimientosinformaticos.net\/canarytools\/wp-json\/wp\/v2\/media?parent=3941"}],"wp:term":[{"taxonomy":"product_cat","embeddable":true,"href":"https:\/\/mantenimientosinformaticos.net\/canarytools\/wp-json\/wp\/v2\/product_cat?post=3941"},{"taxonomy":"product_tag","embeddable":true,"href":"https:\/\/mantenimientosinformaticos.net\/canarytools\/wp-json\/wp\/v2\/product_tag?post=3941"}],"curies":[{"name":"wp","href":"https:\/\/api.w.org\/{rel}","templated":true}]}}