{"id":3913,"date":"2020-05-06T17:18:31","date_gmt":"2020-05-06T15:18:31","guid":{"rendered":"https:\/\/mantenimientosinformaticos.net\/canarytools\/producto\/herramienta-para-tapas-de-cojinete-del-arbol-de-levas-para-bmw-n51-n52\/"},"modified":"2024-03-25T19:07:57","modified_gmt":"2024-03-25T18:07:57","slug":"herramienta-para-tapas-de-cojinete-del-arbol-de-levas-para-bmw-n51-n52","status":"publish","type":"product","link":"https:\/\/mantenimientosinformaticos.net\/canarytools\/producto\/herramienta-para-tapas-de-cojinete-del-arbol-de-levas-para-bmw-n51-n52\/","title":{"rendered":"REF.:8794    Herramienta para tapas de cojinete del \u00e1rbol de levas para BMW N51 \/ N52"},"content":{"rendered":"<p style=\"margin:0px 0px 10px;color:#58595b;font-family:'PT Sans', 'Helvetica Neue', Helvetica, Arial, sans-serif;font-size:14px;line-height:20px;background-color:#ffffff;\"><b>Contenido de suministro:<\/b><\/p>\n<ul style=\"margin:0px 0px 20px;list-style:none;padding:0px;color:#58595b;font-family:'PT Sans', 'Helvetica Neue', Helvetica, Arial, sans-serif;font-size:14px;line-height:20px;background-color:#ffffff;\">\n<li>herramienta para presionar hacia abajo el 2\u00ba cilindro, para ser utilizado como OEM 114 461<\/li>\n<li>2 tornillos M7, para ser utilizado como OEM 114 462<\/li>\n<li>6 piezas de presi\u00f3n, para ser utilizado como OEM 114 463<\/li>\n<\/ul>\n","protected":false},"excerpt":{"rendered":"<ul style=\"margin:0px 0px 20px;list-style:none;padding:0px;color:#58595b;font-family:'PT Sans', 'Helvetica Neue', Helvetica, Arial, sans-serif;font-size:14px;line-height:20px;background-color:#ffffff;\">\n<li>Para el montaje de la banda del cojinete del \u00e1rbol de levas de escape<\/li>\n<li>se necesita cuando se sustituye el \u00e1rbol de levas<\/li>\n<li>para ser utilizado en combinaci\u00f3n con la herramienta BGS 62619<\/li>\n<\/ul>\n","protected":false},"featured_media":3912,"comment_status":"open","ping_status":"closed","template":"","meta":[],"product_cat":[574,501,491],"product_tag":[],"class_list":{"0":"post-3913","1":"product","2":"type-product","3":"status-publish","4":"has-post-thumbnail","6":"product_cat-bmw","7":"product_cat-calado-de-distribucion","8":"product_cat-herramientas-especiales-para-automoviles","9":"yith_product_brand-bgs","11":"first","12":"onbackorder","13":"shipping-taxable","14":"purchasable","15":"product-type-simple"},"yoast_head":"<!-- This site is optimized with the Yoast SEO plugin v22.7 - https:\/\/yoast.com\/wordpress\/plugins\/seo\/ -->\n<title>REF.:8794  Herramienta para tapas de cojinete del \u00e1rbol de levas para BMW N51 \/ N52 - Canarytools S.L.<\/title>\n<meta name=\"robots\" content=\"index, follow, max-snippet:-1, max-image-preview:large, max-video-preview:-1\" \/>\n<link rel=\"canonical\" href=\"https:\/\/mantenimientosinformaticos.net\/canarytools\/producto\/herramienta-para-tapas-de-cojinete-del-arbol-de-levas-para-bmw-n51-n52\/\" \/>\n<meta property=\"og:locale\" content=\"es_ES\" \/>\n<meta property=\"og:type\" content=\"article\" \/>\n<meta property=\"og:title\" content=\"REF.:8794  Herramienta para tapas de cojinete del \u00e1rbol de levas para BMW N51 \/ N52 - Canarytools S.L.\" \/>\n<meta property=\"og:description\" content=\"Para el montaje de la banda del cojinete del \u00e1rbol de levas de escape se necesita cuando se sustituye el \u00e1rbol de levas para ser utilizado en combinaci\u00f3n con la herramienta BGS 62619\" \/>\n<meta property=\"og:url\" content=\"https:\/\/mantenimientosinformaticos.net\/canarytools\/producto\/herramienta-para-tapas-de-cojinete-del-arbol-de-levas-para-bmw-n51-n52\/\" \/>\n<meta property=\"og:site_name\" content=\"Canarytools S.L.\" \/>\n<meta property=\"article:modified_time\" content=\"2024-03-25T18:07:57+00:00\" \/>\n<meta property=\"og:image\" content=\"https:\/\/mantenimientosinformaticos.net\/canarytools\/wp-content\/uploads\/2020\/05\/51-REF.8794-Herramienta-para-tapas-de-cojinete-del-arbol-de-levas-para-BMW-N51-N52.jpg\" \/>\n\t<meta property=\"og:image:width\" content=\"220\" \/>\n\t<meta property=\"og:image:height\" content=\"476\" \/>\n\t<meta property=\"og:image:type\" content=\"image\/jpeg\" \/>\n<meta name=\"twitter:card\" content=\"summary_large_image\" \/>\n<script type=\"application\/ld+json\" class=\"yoast-schema-graph\">{\"@context\":\"https:\/\/schema.org\",\"@graph\":[{\"@type\":\"WebPage\",\"@id\":\"https:\/\/mantenimientosinformaticos.net\/canarytools\/producto\/herramienta-para-tapas-de-cojinete-del-arbol-de-levas-para-bmw-n51-n52\/\",\"url\":\"https:\/\/mantenimientosinformaticos.net\/canarytools\/producto\/herramienta-para-tapas-de-cojinete-del-arbol-de-levas-para-bmw-n51-n52\/\",\"name\":\"REF.:8794 Herramienta para tapas de cojinete del \u00e1rbol de levas para BMW N51 \/ N52 - Canarytools S.L.\",\"isPartOf\":{\"@id\":\"https:\/\/mantenimientosinformaticos.net\/canarytools\/#website\"},\"primaryImageOfPage\":{\"@id\":\"https:\/\/mantenimientosinformaticos.net\/canarytools\/producto\/herramienta-para-tapas-de-cojinete-del-arbol-de-levas-para-bmw-n51-n52\/#primaryimage\"},\"image\":{\"@id\":\"https:\/\/mantenimientosinformaticos.net\/canarytools\/producto\/herramienta-para-tapas-de-cojinete-del-arbol-de-levas-para-bmw-n51-n52\/#primaryimage\"},\"thumbnailUrl\":\"https:\/\/mantenimientosinformaticos.net\/canarytools\/wp-content\/uploads\/2020\/05\/51-REF.8794-Herramienta-para-tapas-de-cojinete-del-arbol-de-levas-para-BMW-N51-N52.jpg\",\"datePublished\":\"2020-05-06T15:18:31+00:00\",\"dateModified\":\"2024-03-25T18:07:57+00:00\",\"breadcrumb\":{\"@id\":\"https:\/\/mantenimientosinformaticos.net\/canarytools\/producto\/herramienta-para-tapas-de-cojinete-del-arbol-de-levas-para-bmw-n51-n52\/#breadcrumb\"},\"inLanguage\":\"es\",\"potentialAction\":[{\"@type\":\"ReadAction\",\"target\":[\"https:\/\/mantenimientosinformaticos.net\/canarytools\/producto\/herramienta-para-tapas-de-cojinete-del-arbol-de-levas-para-bmw-n51-n52\/\"]}]},{\"@type\":\"ImageObject\",\"inLanguage\":\"es\",\"@id\":\"https:\/\/mantenimientosinformaticos.net\/canarytools\/producto\/herramienta-para-tapas-de-cojinete-del-arbol-de-levas-para-bmw-n51-n52\/#primaryimage\",\"url\":\"https:\/\/mantenimientosinformaticos.net\/canarytools\/wp-content\/uploads\/2020\/05\/51-REF.8794-Herramienta-para-tapas-de-cojinete-del-arbol-de-levas-para-BMW-N51-N52.jpg\",\"contentUrl\":\"https:\/\/mantenimientosinformaticos.net\/canarytools\/wp-content\/uploads\/2020\/05\/51-REF.8794-Herramienta-para-tapas-de-cojinete-del-arbol-de-levas-para-BMW-N51-N52.jpg\",\"width\":220,\"height\":476,\"caption\":\"REF.:8794 Herramienta para tapas de cojinete del \u00e1rbol de levas para BMW N51 \/ N52\"},{\"@type\":\"BreadcrumbList\",\"@id\":\"https:\/\/mantenimientosinformaticos.net\/canarytools\/producto\/herramienta-para-tapas-de-cojinete-del-arbol-de-levas-para-bmw-n51-n52\/#breadcrumb\",\"itemListElement\":[{\"@type\":\"ListItem\",\"position\":1,\"name\":\"Portada\",\"item\":\"https:\/\/mantenimientosinformaticos.net\/canarytools\/\"},{\"@type\":\"ListItem\",\"position\":2,\"name\":\"Tienda\",\"item\":\"https:\/\/mantenimientosinformaticos.net\/canarytools\/tienda\/\"},{\"@type\":\"ListItem\",\"position\":3,\"name\":\"REF.:8794 Herramienta para tapas de cojinete del \u00e1rbol de levas para BMW N51 \/ N52\"}]},{\"@type\":\"WebSite\",\"@id\":\"https:\/\/mantenimientosinformaticos.net\/canarytools\/#website\",\"url\":\"https:\/\/mantenimientosinformaticos.net\/canarytools\/\",\"name\":\"Canarytools S.L.\",\"description\":\"Herramientas y M\u00e1quinas\",\"publisher\":{\"@id\":\"https:\/\/mantenimientosinformaticos.net\/canarytools\/#\/schema\/person\/355e32754b03bb24b681f1b6917e49bf\"},\"potentialAction\":[{\"@type\":\"SearchAction\",\"target\":{\"@type\":\"EntryPoint\",\"urlTemplate\":\"https:\/\/mantenimientosinformaticos.net\/canarytools\/?s={search_term_string}\"},\"query-input\":\"required name=search_term_string\"}],\"inLanguage\":\"es\"},{\"@type\":[\"Person\",\"Organization\"],\"@id\":\"https:\/\/mantenimientosinformaticos.net\/canarytools\/#\/schema\/person\/355e32754b03bb24b681f1b6917e49bf\",\"name\":\"canarytools.xnetdigital\",\"image\":{\"@type\":\"ImageObject\",\"inLanguage\":\"es\",\"@id\":\"https:\/\/mantenimientosinformaticos.net\/canarytools\/#\/schema\/person\/image\/\",\"url\":\"https:\/\/mantenimientosinformaticos.net\/canarytools\/wp-content\/uploads\/2023\/12\/canary-tools-logo.png\",\"contentUrl\":\"https:\/\/mantenimientosinformaticos.net\/canarytools\/wp-content\/uploads\/2023\/12\/canary-tools-logo.png\",\"width\":1302,\"height\":440,\"caption\":\"canarytools.xnetdigital\"},\"logo\":{\"@id\":\"https:\/\/mantenimientosinformaticos.net\/canarytools\/#\/schema\/person\/image\/\"},\"sameAs\":[\"https:\/\/mantenimientosinformaticos.net\/canarytools\"]}]}<\/script>\n<!-- \/ Yoast SEO plugin. -->","yoast_head_json":{"title":"REF.:8794  Herramienta para tapas de cojinete del \u00e1rbol de levas para BMW N51 \/ N52 - Canarytools S.L.","robots":{"index":"index","follow":"follow","max-snippet":"max-snippet:-1","max-image-preview":"max-image-preview:large","max-video-preview":"max-video-preview:-1"},"canonical":"https:\/\/mantenimientosinformaticos.net\/canarytools\/producto\/herramienta-para-tapas-de-cojinete-del-arbol-de-levas-para-bmw-n51-n52\/","og_locale":"es_ES","og_type":"article","og_title":"REF.:8794  Herramienta para tapas de cojinete del \u00e1rbol de levas para BMW N51 \/ N52 - Canarytools S.L.","og_description":"Para el montaje de la banda del cojinete del \u00e1rbol de levas de escape se necesita cuando se sustituye el \u00e1rbol de levas para ser utilizado en combinaci\u00f3n con la herramienta BGS 62619","og_url":"https:\/\/mantenimientosinformaticos.net\/canarytools\/producto\/herramienta-para-tapas-de-cojinete-del-arbol-de-levas-para-bmw-n51-n52\/","og_site_name":"Canarytools S.L.","article_modified_time":"2024-03-25T18:07:57+00:00","og_image":[{"width":220,"height":476,"url":"https:\/\/mantenimientosinformaticos.net\/canarytools\/wp-content\/uploads\/2020\/05\/51-REF.8794-Herramienta-para-tapas-de-cojinete-del-arbol-de-levas-para-BMW-N51-N52.jpg","type":"image\/jpeg"}],"twitter_card":"summary_large_image","schema":{"@context":"https:\/\/schema.org","@graph":[{"@type":"WebPage","@id":"https:\/\/mantenimientosinformaticos.net\/canarytools\/producto\/herramienta-para-tapas-de-cojinete-del-arbol-de-levas-para-bmw-n51-n52\/","url":"https:\/\/mantenimientosinformaticos.net\/canarytools\/producto\/herramienta-para-tapas-de-cojinete-del-arbol-de-levas-para-bmw-n51-n52\/","name":"REF.:8794 Herramienta para tapas de cojinete del \u00e1rbol de levas para BMW N51 \/ N52 - Canarytools S.L.","isPartOf":{"@id":"https:\/\/mantenimientosinformaticos.net\/canarytools\/#website"},"primaryImageOfPage":{"@id":"https:\/\/mantenimientosinformaticos.net\/canarytools\/producto\/herramienta-para-tapas-de-cojinete-del-arbol-de-levas-para-bmw-n51-n52\/#primaryimage"},"image":{"@id":"https:\/\/mantenimientosinformaticos.net\/canarytools\/producto\/herramienta-para-tapas-de-cojinete-del-arbol-de-levas-para-bmw-n51-n52\/#primaryimage"},"thumbnailUrl":"https:\/\/mantenimientosinformaticos.net\/canarytools\/wp-content\/uploads\/2020\/05\/51-REF.8794-Herramienta-para-tapas-de-cojinete-del-arbol-de-levas-para-BMW-N51-N52.jpg","datePublished":"2020-05-06T15:18:31+00:00","dateModified":"2024-03-25T18:07:57+00:00","breadcrumb":{"@id":"https:\/\/mantenimientosinformaticos.net\/canarytools\/producto\/herramienta-para-tapas-de-cojinete-del-arbol-de-levas-para-bmw-n51-n52\/#breadcrumb"},"inLanguage":"es","potentialAction":[{"@type":"ReadAction","target":["https:\/\/mantenimientosinformaticos.net\/canarytools\/producto\/herramienta-para-tapas-de-cojinete-del-arbol-de-levas-para-bmw-n51-n52\/"]}]},{"@type":"ImageObject","inLanguage":"es","@id":"https:\/\/mantenimientosinformaticos.net\/canarytools\/producto\/herramienta-para-tapas-de-cojinete-del-arbol-de-levas-para-bmw-n51-n52\/#primaryimage","url":"https:\/\/mantenimientosinformaticos.net\/canarytools\/wp-content\/uploads\/2020\/05\/51-REF.8794-Herramienta-para-tapas-de-cojinete-del-arbol-de-levas-para-BMW-N51-N52.jpg","contentUrl":"https:\/\/mantenimientosinformaticos.net\/canarytools\/wp-content\/uploads\/2020\/05\/51-REF.8794-Herramienta-para-tapas-de-cojinete-del-arbol-de-levas-para-BMW-N51-N52.jpg","width":220,"height":476,"caption":"REF.:8794 Herramienta para tapas de cojinete del \u00e1rbol de levas para BMW N51 \/ N52"},{"@type":"BreadcrumbList","@id":"https:\/\/mantenimientosinformaticos.net\/canarytools\/producto\/herramienta-para-tapas-de-cojinete-del-arbol-de-levas-para-bmw-n51-n52\/#breadcrumb","itemListElement":[{"@type":"ListItem","position":1,"name":"Portada","item":"https:\/\/mantenimientosinformaticos.net\/canarytools\/"},{"@type":"ListItem","position":2,"name":"Tienda","item":"https:\/\/mantenimientosinformaticos.net\/canarytools\/tienda\/"},{"@type":"ListItem","position":3,"name":"REF.:8794 Herramienta para tapas de cojinete del \u00e1rbol de levas para BMW N51 \/ N52"}]},{"@type":"WebSite","@id":"https:\/\/mantenimientosinformaticos.net\/canarytools\/#website","url":"https:\/\/mantenimientosinformaticos.net\/canarytools\/","name":"Canarytools S.L.","description":"Herramientas y M\u00e1quinas","publisher":{"@id":"https:\/\/mantenimientosinformaticos.net\/canarytools\/#\/schema\/person\/355e32754b03bb24b681f1b6917e49bf"},"potentialAction":[{"@type":"SearchAction","target":{"@type":"EntryPoint","urlTemplate":"https:\/\/mantenimientosinformaticos.net\/canarytools\/?s={search_term_string}"},"query-input":"required name=search_term_string"}],"inLanguage":"es"},{"@type":["Person","Organization"],"@id":"https:\/\/mantenimientosinformaticos.net\/canarytools\/#\/schema\/person\/355e32754b03bb24b681f1b6917e49bf","name":"canarytools.xnetdigital","image":{"@type":"ImageObject","inLanguage":"es","@id":"https:\/\/mantenimientosinformaticos.net\/canarytools\/#\/schema\/person\/image\/","url":"https:\/\/mantenimientosinformaticos.net\/canarytools\/wp-content\/uploads\/2023\/12\/canary-tools-logo.png","contentUrl":"https:\/\/mantenimientosinformaticos.net\/canarytools\/wp-content\/uploads\/2023\/12\/canary-tools-logo.png","width":1302,"height":440,"caption":"canarytools.xnetdigital"},"logo":{"@id":"https:\/\/mantenimientosinformaticos.net\/canarytools\/#\/schema\/person\/image\/"},"sameAs":["https:\/\/mantenimientosinformaticos.net\/canarytools"]}]}},"_links":{"self":[{"href":"https:\/\/mantenimientosinformaticos.net\/canarytools\/wp-json\/wp\/v2\/product\/3913","targetHints":{"allow":["GET"]}}],"collection":[{"href":"https:\/\/mantenimientosinformaticos.net\/canarytools\/wp-json\/wp\/v2\/product"}],"about":[{"href":"https:\/\/mantenimientosinformaticos.net\/canarytools\/wp-json\/wp\/v2\/types\/product"}],"replies":[{"embeddable":true,"href":"https:\/\/mantenimientosinformaticos.net\/canarytools\/wp-json\/wp\/v2\/comments?post=3913"}],"wp:featuredmedia":[{"embeddable":true,"href":"https:\/\/mantenimientosinformaticos.net\/canarytools\/wp-json\/wp\/v2\/media\/3912"}],"wp:attachment":[{"href":"https:\/\/mantenimientosinformaticos.net\/canarytools\/wp-json\/wp\/v2\/media?parent=3913"}],"wp:term":[{"taxonomy":"product_cat","embeddable":true,"href":"https:\/\/mantenimientosinformaticos.net\/canarytools\/wp-json\/wp\/v2\/product_cat?post=3913"},{"taxonomy":"product_tag","embeddable":true,"href":"https:\/\/mantenimientosinformaticos.net\/canarytools\/wp-json\/wp\/v2\/product_tag?post=3913"}],"curies":[{"name":"wp","href":"https:\/\/api.w.org\/{rel}","templated":true}]}}