{"id":3909,"date":"2020-05-06T17:11:06","date_gmt":"2020-05-06T15:11:06","guid":{"rendered":"https:\/\/mantenimientosinformaticos.net\/canarytools\/producto\/juego-de-calado-de-distribucion-para-bmw-n20-n26-10-piezas\/"},"modified":"2024-03-25T19:18:58","modified_gmt":"2024-03-25T18:18:58","slug":"juego-de-calado-de-distribucion-para-bmw-n20-n26-10-piezas","status":"publish","type":"product","link":"https:\/\/mantenimientosinformaticos.net\/canarytools\/producto\/juego-de-calado-de-distribucion-para-bmw-n20-n26-10-piezas\/","title":{"rendered":"REF.:SE2002A    Juego de calado de distribuci\u00f3n para BMW N20, N26, 10 piezas"},"content":{"rendered":"<p style=\"margin:0px 0px 10px;color:#58595b;font-family:'PT Sans', 'Helvetica Neue', Helvetica, Arial, sans-serif;font-size:14px;line-height:20px;background-color:#ffffff;\"><strong>adecuado para los siguientes modelos BMW:<\/strong><\/p>\n<ul style=\"margin:0px 0px 20px;list-style:none;padding:0px;color:#58595b;font-family:'PT Sans', 'Helvetica Neue', Helvetica, Arial, sans-serif;font-size:14px;line-height:20px;background-color:#ffffff;\">\n<li>1 (F20\/21)<\/li>\n<li>2 (F23)<\/li>\n<li>2 Coupe (F22)<\/li>\n<li>3 (F30\/31)<\/li>\n<li>3 Gran Turismo (F34)<\/li>\n<li>4 Cabriolet (F33)<\/li>\n<li>4 Coupe (F32)<\/li>\n<li>4 Gran Coupe (F36)<\/li>\n<li>5 (F10\/11)<\/li>\n<li>5 Gran Turismo (F07)<\/li>\n<li>X1 (E84)<\/li>\n<li>X3 (F25)<\/li>\n<li>X4 (F26)<\/li>\n<li>X5 (F15)<\/li>\n<li>Z4 (E89)<\/li>\n<\/ul>\n<p style=\"margin:0px 0px 10px;color:#58595b;font-family:'PT Sans', 'Helvetica Neue', Helvetica, Arial, sans-serif;font-size:14px;line-height:20px;background-color:#ffffff;\"><strong>c\u00f3digo del motor:<\/strong><\/p>\n<ul style=\"margin:0px 0px 20px;list-style:none;padding:0px;color:#58595b;font-family:'PT Sans', 'Helvetica Neue', Helvetica, Arial, sans-serif;font-size:14px;line-height:20px;background-color:#ffffff;\">\n<li>N20 B16A<\/li>\n<li>N20 B20<\/li>\n<li>N20 B20A<\/li>\n<li>N20 B20B<\/li>\n<li>N20 B20B\/U0<\/li>\n<li>N20 B20O0<\/li>\n<li>N26 B20<\/li>\n<li>N26 B20A<\/li>\n<\/ul>\n<ul style=\"margin:0px 0px 20px;list-style:none;padding:0px;color:#58595b;font-family:'PT Sans', 'Helvetica Neue', Helvetica, Arial, sans-serif;font-size:14px;line-height:20px;background-color:#ffffff;\">\n<li>para ser utilizado como OEM 119340, 2212830, 2212831, 2219548<\/li>\n<\/ul>\n","protected":false},"excerpt":{"rendered":"<ul style=\"margin:0px 0px 20px;list-style:none;padding:0px;color:#58595b;font-family:'PT Sans', 'Helvetica Neue', Helvetica, Arial, sans-serif;font-size:14px;line-height:20px;background-color:#ffffff;\">\n<li>Para el control y ajuste de la sincronizaci\u00f3n del \u00e1rbol de levas por ej. al trabajar en la unidad de v\u00e1lvula, cambiar la junta de culata, etc.<\/li>\n<\/ul>\n","protected":false},"featured_media":3908,"comment_status":"open","ping_status":"closed","template":"","meta":[],"product_cat":[574,501,575,491],"product_tag":[],"class_list":{"0":"post-3909","1":"product","2":"type-product","3":"status-publish","4":"has-post-thumbnail","6":"product_cat-bmw","7":"product_cat-calado-de-distribucion","8":"product_cat-mini","9":"product_cat-herramientas-especiales-para-automoviles","10":"yith_product_brand-hinode","12":"first","13":"instock","14":"shipping-taxable","15":"purchasable","16":"product-type-simple"},"yoast_head":"<!-- This site is optimized with the Yoast SEO plugin v22.7 - https:\/\/yoast.com\/wordpress\/plugins\/seo\/ -->\n<title>REF.:SE2002A  Juego de calado de distribuci\u00f3n para BMW N20, N26, 10 piezas - Canarytools S.L.<\/title>\n<meta name=\"robots\" content=\"index, follow, max-snippet:-1, max-image-preview:large, max-video-preview:-1\" \/>\n<link rel=\"canonical\" href=\"https:\/\/mantenimientosinformaticos.net\/canarytools\/producto\/juego-de-calado-de-distribucion-para-bmw-n20-n26-10-piezas\/\" \/>\n<meta property=\"og:locale\" content=\"es_ES\" \/>\n<meta property=\"og:type\" content=\"article\" \/>\n<meta property=\"og:title\" content=\"REF.:SE2002A  Juego de calado de distribuci\u00f3n para BMW N20, N26, 10 piezas - Canarytools S.L.\" \/>\n<meta property=\"og:description\" content=\"Para el control y ajuste de la sincronizaci\u00f3n del \u00e1rbol de levas por ej. al trabajar en la unidad de v\u00e1lvula, cambiar la junta de culata, etc.\" \/>\n<meta property=\"og:url\" content=\"https:\/\/mantenimientosinformaticos.net\/canarytools\/producto\/juego-de-calado-de-distribucion-para-bmw-n20-n26-10-piezas\/\" \/>\n<meta property=\"og:site_name\" content=\"Canarytools S.L.\" \/>\n<meta property=\"article:modified_time\" content=\"2024-03-25T18:18:58+00:00\" \/>\n<meta property=\"og:image\" content=\"https:\/\/mantenimientosinformaticos.net\/canarytools\/wp-content\/uploads\/2020\/05\/49-REF.SE2002A-Juego-de-calado-de-distribucion-para-BMW-N20-N26-10-piezas.jpg\" \/>\n\t<meta property=\"og:image:width\" content=\"600\" \/>\n\t<meta property=\"og:image:height\" content=\"512\" \/>\n\t<meta property=\"og:image:type\" content=\"image\/jpeg\" \/>\n<meta name=\"twitter:card\" content=\"summary_large_image\" \/>\n<script type=\"application\/ld+json\" class=\"yoast-schema-graph\">{\"@context\":\"https:\/\/schema.org\",\"@graph\":[{\"@type\":\"WebPage\",\"@id\":\"https:\/\/mantenimientosinformaticos.net\/canarytools\/producto\/juego-de-calado-de-distribucion-para-bmw-n20-n26-10-piezas\/\",\"url\":\"https:\/\/mantenimientosinformaticos.net\/canarytools\/producto\/juego-de-calado-de-distribucion-para-bmw-n20-n26-10-piezas\/\",\"name\":\"REF.:SE2002A Juego de calado de distribuci\u00f3n para BMW N20, N26, 10 piezas - Canarytools S.L.\",\"isPartOf\":{\"@id\":\"https:\/\/mantenimientosinformaticos.net\/canarytools\/#website\"},\"primaryImageOfPage\":{\"@id\":\"https:\/\/mantenimientosinformaticos.net\/canarytools\/producto\/juego-de-calado-de-distribucion-para-bmw-n20-n26-10-piezas\/#primaryimage\"},\"image\":{\"@id\":\"https:\/\/mantenimientosinformaticos.net\/canarytools\/producto\/juego-de-calado-de-distribucion-para-bmw-n20-n26-10-piezas\/#primaryimage\"},\"thumbnailUrl\":\"https:\/\/mantenimientosinformaticos.net\/canarytools\/wp-content\/uploads\/2020\/05\/49-REF.SE2002A-Juego-de-calado-de-distribucion-para-BMW-N20-N26-10-piezas.jpg\",\"datePublished\":\"2020-05-06T15:11:06+00:00\",\"dateModified\":\"2024-03-25T18:18:58+00:00\",\"breadcrumb\":{\"@id\":\"https:\/\/mantenimientosinformaticos.net\/canarytools\/producto\/juego-de-calado-de-distribucion-para-bmw-n20-n26-10-piezas\/#breadcrumb\"},\"inLanguage\":\"es\",\"potentialAction\":[{\"@type\":\"ReadAction\",\"target\":[\"https:\/\/mantenimientosinformaticos.net\/canarytools\/producto\/juego-de-calado-de-distribucion-para-bmw-n20-n26-10-piezas\/\"]}]},{\"@type\":\"ImageObject\",\"inLanguage\":\"es\",\"@id\":\"https:\/\/mantenimientosinformaticos.net\/canarytools\/producto\/juego-de-calado-de-distribucion-para-bmw-n20-n26-10-piezas\/#primaryimage\",\"url\":\"https:\/\/mantenimientosinformaticos.net\/canarytools\/wp-content\/uploads\/2020\/05\/49-REF.SE2002A-Juego-de-calado-de-distribucion-para-BMW-N20-N26-10-piezas.jpg\",\"contentUrl\":\"https:\/\/mantenimientosinformaticos.net\/canarytools\/wp-content\/uploads\/2020\/05\/49-REF.SE2002A-Juego-de-calado-de-distribucion-para-BMW-N20-N26-10-piezas.jpg\",\"width\":600,\"height\":512,\"caption\":\"REF.:SE2002A Juego de calado de distribuci\u00f3n para BMW N20, N26, 10 piezas\"},{\"@type\":\"BreadcrumbList\",\"@id\":\"https:\/\/mantenimientosinformaticos.net\/canarytools\/producto\/juego-de-calado-de-distribucion-para-bmw-n20-n26-10-piezas\/#breadcrumb\",\"itemListElement\":[{\"@type\":\"ListItem\",\"position\":1,\"name\":\"Portada\",\"item\":\"https:\/\/mantenimientosinformaticos.net\/canarytools\/\"},{\"@type\":\"ListItem\",\"position\":2,\"name\":\"Tienda\",\"item\":\"https:\/\/mantenimientosinformaticos.net\/canarytools\/tienda\/\"},{\"@type\":\"ListItem\",\"position\":3,\"name\":\"REF.:SE2002A Juego de calado de distribuci\u00f3n para BMW N20, N26, 10 piezas\"}]},{\"@type\":\"WebSite\",\"@id\":\"https:\/\/mantenimientosinformaticos.net\/canarytools\/#website\",\"url\":\"https:\/\/mantenimientosinformaticos.net\/canarytools\/\",\"name\":\"Canarytools S.L.\",\"description\":\"Herramientas y M\u00e1quinas\",\"publisher\":{\"@id\":\"https:\/\/mantenimientosinformaticos.net\/canarytools\/#\/schema\/person\/355e32754b03bb24b681f1b6917e49bf\"},\"potentialAction\":[{\"@type\":\"SearchAction\",\"target\":{\"@type\":\"EntryPoint\",\"urlTemplate\":\"https:\/\/mantenimientosinformaticos.net\/canarytools\/?s={search_term_string}\"},\"query-input\":\"required name=search_term_string\"}],\"inLanguage\":\"es\"},{\"@type\":[\"Person\",\"Organization\"],\"@id\":\"https:\/\/mantenimientosinformaticos.net\/canarytools\/#\/schema\/person\/355e32754b03bb24b681f1b6917e49bf\",\"name\":\"canarytools.xnetdigital\",\"image\":{\"@type\":\"ImageObject\",\"inLanguage\":\"es\",\"@id\":\"https:\/\/mantenimientosinformaticos.net\/canarytools\/#\/schema\/person\/image\/\",\"url\":\"https:\/\/mantenimientosinformaticos.net\/canarytools\/wp-content\/uploads\/2023\/12\/canary-tools-logo.png\",\"contentUrl\":\"https:\/\/mantenimientosinformaticos.net\/canarytools\/wp-content\/uploads\/2023\/12\/canary-tools-logo.png\",\"width\":1302,\"height\":440,\"caption\":\"canarytools.xnetdigital\"},\"logo\":{\"@id\":\"https:\/\/mantenimientosinformaticos.net\/canarytools\/#\/schema\/person\/image\/\"},\"sameAs\":[\"https:\/\/mantenimientosinformaticos.net\/canarytools\"]}]}<\/script>\n<!-- \/ Yoast SEO plugin. -->","yoast_head_json":{"title":"REF.:SE2002A  Juego de calado de distribuci\u00f3n para BMW N20, N26, 10 piezas - Canarytools S.L.","robots":{"index":"index","follow":"follow","max-snippet":"max-snippet:-1","max-image-preview":"max-image-preview:large","max-video-preview":"max-video-preview:-1"},"canonical":"https:\/\/mantenimientosinformaticos.net\/canarytools\/producto\/juego-de-calado-de-distribucion-para-bmw-n20-n26-10-piezas\/","og_locale":"es_ES","og_type":"article","og_title":"REF.:SE2002A  Juego de calado de distribuci\u00f3n para BMW N20, N26, 10 piezas - Canarytools S.L.","og_description":"Para el control y ajuste de la sincronizaci\u00f3n del \u00e1rbol de levas por ej. al trabajar en la unidad de v\u00e1lvula, cambiar la junta de culata, etc.","og_url":"https:\/\/mantenimientosinformaticos.net\/canarytools\/producto\/juego-de-calado-de-distribucion-para-bmw-n20-n26-10-piezas\/","og_site_name":"Canarytools S.L.","article_modified_time":"2024-03-25T18:18:58+00:00","og_image":[{"width":600,"height":512,"url":"https:\/\/mantenimientosinformaticos.net\/canarytools\/wp-content\/uploads\/2020\/05\/49-REF.SE2002A-Juego-de-calado-de-distribucion-para-BMW-N20-N26-10-piezas.jpg","type":"image\/jpeg"}],"twitter_card":"summary_large_image","schema":{"@context":"https:\/\/schema.org","@graph":[{"@type":"WebPage","@id":"https:\/\/mantenimientosinformaticos.net\/canarytools\/producto\/juego-de-calado-de-distribucion-para-bmw-n20-n26-10-piezas\/","url":"https:\/\/mantenimientosinformaticos.net\/canarytools\/producto\/juego-de-calado-de-distribucion-para-bmw-n20-n26-10-piezas\/","name":"REF.:SE2002A Juego de calado de distribuci\u00f3n para BMW N20, N26, 10 piezas - Canarytools S.L.","isPartOf":{"@id":"https:\/\/mantenimientosinformaticos.net\/canarytools\/#website"},"primaryImageOfPage":{"@id":"https:\/\/mantenimientosinformaticos.net\/canarytools\/producto\/juego-de-calado-de-distribucion-para-bmw-n20-n26-10-piezas\/#primaryimage"},"image":{"@id":"https:\/\/mantenimientosinformaticos.net\/canarytools\/producto\/juego-de-calado-de-distribucion-para-bmw-n20-n26-10-piezas\/#primaryimage"},"thumbnailUrl":"https:\/\/mantenimientosinformaticos.net\/canarytools\/wp-content\/uploads\/2020\/05\/49-REF.SE2002A-Juego-de-calado-de-distribucion-para-BMW-N20-N26-10-piezas.jpg","datePublished":"2020-05-06T15:11:06+00:00","dateModified":"2024-03-25T18:18:58+00:00","breadcrumb":{"@id":"https:\/\/mantenimientosinformaticos.net\/canarytools\/producto\/juego-de-calado-de-distribucion-para-bmw-n20-n26-10-piezas\/#breadcrumb"},"inLanguage":"es","potentialAction":[{"@type":"ReadAction","target":["https:\/\/mantenimientosinformaticos.net\/canarytools\/producto\/juego-de-calado-de-distribucion-para-bmw-n20-n26-10-piezas\/"]}]},{"@type":"ImageObject","inLanguage":"es","@id":"https:\/\/mantenimientosinformaticos.net\/canarytools\/producto\/juego-de-calado-de-distribucion-para-bmw-n20-n26-10-piezas\/#primaryimage","url":"https:\/\/mantenimientosinformaticos.net\/canarytools\/wp-content\/uploads\/2020\/05\/49-REF.SE2002A-Juego-de-calado-de-distribucion-para-BMW-N20-N26-10-piezas.jpg","contentUrl":"https:\/\/mantenimientosinformaticos.net\/canarytools\/wp-content\/uploads\/2020\/05\/49-REF.SE2002A-Juego-de-calado-de-distribucion-para-BMW-N20-N26-10-piezas.jpg","width":600,"height":512,"caption":"REF.:SE2002A Juego de calado de distribuci\u00f3n para BMW N20, N26, 10 piezas"},{"@type":"BreadcrumbList","@id":"https:\/\/mantenimientosinformaticos.net\/canarytools\/producto\/juego-de-calado-de-distribucion-para-bmw-n20-n26-10-piezas\/#breadcrumb","itemListElement":[{"@type":"ListItem","position":1,"name":"Portada","item":"https:\/\/mantenimientosinformaticos.net\/canarytools\/"},{"@type":"ListItem","position":2,"name":"Tienda","item":"https:\/\/mantenimientosinformaticos.net\/canarytools\/tienda\/"},{"@type":"ListItem","position":3,"name":"REF.:SE2002A Juego de calado de distribuci\u00f3n para BMW N20, N26, 10 piezas"}]},{"@type":"WebSite","@id":"https:\/\/mantenimientosinformaticos.net\/canarytools\/#website","url":"https:\/\/mantenimientosinformaticos.net\/canarytools\/","name":"Canarytools S.L.","description":"Herramientas y M\u00e1quinas","publisher":{"@id":"https:\/\/mantenimientosinformaticos.net\/canarytools\/#\/schema\/person\/355e32754b03bb24b681f1b6917e49bf"},"potentialAction":[{"@type":"SearchAction","target":{"@type":"EntryPoint","urlTemplate":"https:\/\/mantenimientosinformaticos.net\/canarytools\/?s={search_term_string}"},"query-input":"required name=search_term_string"}],"inLanguage":"es"},{"@type":["Person","Organization"],"@id":"https:\/\/mantenimientosinformaticos.net\/canarytools\/#\/schema\/person\/355e32754b03bb24b681f1b6917e49bf","name":"canarytools.xnetdigital","image":{"@type":"ImageObject","inLanguage":"es","@id":"https:\/\/mantenimientosinformaticos.net\/canarytools\/#\/schema\/person\/image\/","url":"https:\/\/mantenimientosinformaticos.net\/canarytools\/wp-content\/uploads\/2023\/12\/canary-tools-logo.png","contentUrl":"https:\/\/mantenimientosinformaticos.net\/canarytools\/wp-content\/uploads\/2023\/12\/canary-tools-logo.png","width":1302,"height":440,"caption":"canarytools.xnetdigital"},"logo":{"@id":"https:\/\/mantenimientosinformaticos.net\/canarytools\/#\/schema\/person\/image\/"},"sameAs":["https:\/\/mantenimientosinformaticos.net\/canarytools"]}]}},"_links":{"self":[{"href":"https:\/\/mantenimientosinformaticos.net\/canarytools\/wp-json\/wp\/v2\/product\/3909","targetHints":{"allow":["GET"]}}],"collection":[{"href":"https:\/\/mantenimientosinformaticos.net\/canarytools\/wp-json\/wp\/v2\/product"}],"about":[{"href":"https:\/\/mantenimientosinformaticos.net\/canarytools\/wp-json\/wp\/v2\/types\/product"}],"replies":[{"embeddable":true,"href":"https:\/\/mantenimientosinformaticos.net\/canarytools\/wp-json\/wp\/v2\/comments?post=3909"}],"wp:featuredmedia":[{"embeddable":true,"href":"https:\/\/mantenimientosinformaticos.net\/canarytools\/wp-json\/wp\/v2\/media\/3908"}],"wp:attachment":[{"href":"https:\/\/mantenimientosinformaticos.net\/canarytools\/wp-json\/wp\/v2\/media?parent=3909"}],"wp:term":[{"taxonomy":"product_cat","embeddable":true,"href":"https:\/\/mantenimientosinformaticos.net\/canarytools\/wp-json\/wp\/v2\/product_cat?post=3909"},{"taxonomy":"product_tag","embeddable":true,"href":"https:\/\/mantenimientosinformaticos.net\/canarytools\/wp-json\/wp\/v2\/product_tag?post=3909"}],"curies":[{"name":"wp","href":"https:\/\/api.w.org\/{rel}","templated":true}]}}